{"id":253956,"date":"2026-03-15T00:57:29","date_gmt":"2026-03-14T23:57:29","guid":{"rendered":"https:\/\/schweizversand.ch\/produkt\/mattel-mini-barbieland-puppenhaus-sets\/"},"modified":"2026-04-20T02:04:37","modified_gmt":"2026-04-20T00:04:37","slug":"mattel-mini-barbieland-puppenhaus-sets","status":"publish","type":"product","link":"https:\/\/schweizversand.ch\/fr\/produkt\/mattel-mini-barbieland-puppenhaus-sets\/","title":{"rendered":"Ensembles de maisons de poup\u00e9es Mattel Mini BarbieLand"},"content":{"rendered":"<h1><strong>Mini BarbieLand Maison de Poup\u00e9es \u2013 Le Manoir des R\u00eaves en Miniature<\/strong><\/h1>\n<div>Bienvenue \u00e0 <strong>Mini BarbieLand<\/strong>, o\u00f9 l&rsquo;imagination n&rsquo;a pas de limites et o\u00f9 le l\u00e9gendaire Manoir des R\u00eaves prend vie dans un format miniature enchanteur. Ce coffret <strong>mini maison de poup\u00e9es<\/strong> unique offre des heures de jeu et est un incontournable pour tous les fans et collectionneurs de Barbie.<\/p>\n<\/div>\n<div><strong>Le Concept\u00a0: Un maximum de plaisir en miniature<\/strong><br \/>Plongez dans l&rsquo;univers du <strong>Mini Barbie Manoir des R\u00eaves<\/strong>. Chaque coffret est une r\u00e9plique d\u00e9taill\u00e9e de l&#8217;embl\u00e9matique Manoir des R\u00eaves de Barbie, parfaitement \u00e0 l&rsquo;\u00e9chelle pour la mini-poup\u00e9e Barbie d&rsquo;environ 4\u00a0cm. D\u00e9couvrez les nombreux d\u00e9tails cach\u00e9s et vivez des aventures encore plus palpitantes en miniature.<\/p>\n<\/div>\n<div><strong>Contenu et Surprises<\/strong><br \/>Chaque coffret contient une bo\u00eete pleine de surprises pour commencer \u00e0 jouer imm\u00e9diatement. Vous recevrez non seulement la mini Maison de R\u00eave, mais aussi des figurines Barbie exclusives \u00e0 collectionner, disponibles uniquement dans ces coffrets. Contenu du coffret Mini BarbieLand\u00a0: &#8211; Une mini Maison de R\u00eave (r\u00e9plique de l&#8217;embl\u00e9matique villa Barbie) &#8211; Une mini-poup\u00e9e Barbie d&rsquo;environ 4\u00a0cm &#8211; Un animal de compagnie assorti \u00e0 la poup\u00e9e &#8211; Un accessoire pour animal de compagnie sp\u00e9cifique \u00e0 la villa &#8211; Mobilier et accessoires suppl\u00e9mentaires. Caract\u00e9ristiques luxueuses de la mini-villa\u00a0: Malgr\u00e9 sa petite taille, la Maison de R\u00eave Barbie miniature est \u00e9quip\u00e9e de tous les \u00e9quipements de la version grandeur nature. Ces d\u00e9tails rendent l&rsquo;exp\u00e9rience de jeu particuli\u00e8rement r\u00e9aliste et captivante.<\/p>\n<\/div>\n<div><strong>Caract\u00e9ristiques sp\u00e9ciales<\/strong><br \/>&#8211; Un ascenseur fonctionnel pour changer d&rsquo;\u00e9tage<br \/>&#8211; Un toboggan amusant pour votre animal de compagnie ou votre poup\u00e9e<br \/>&#8211; Un espace piscine int\u00e9gr\u00e9 pour s&rsquo;amuser en \u00e9t\u00e9<br \/>&#8211; La poup\u00e9e peut \u00eatre pli\u00e9e \u00e0 la taille pour s&rsquo;asseoir<\/p>\n<\/div>\n<div><strong>Jeu interactif et exposition<\/strong><br \/>La poup\u00e9e <strong>Mini BarbieLand<\/strong> est fix\u00e9e sur un socle en forme de c\u0153ur. Ce socle permet de placer facilement la poup\u00e9e dans diff\u00e9rentes zones de la villa, pour un jeu et une exposition simplifi\u00e9s. Collectionnez tous les ensembles pour cr\u00e9er votre propre univers miniature et multiplier les aventures.<\/p>\n<\/div>\n<div><strong>Pour les collectionneurs et les petits architectes<\/strong><br \/>Cette mini-maison de poup\u00e9e est id\u00e9ale pour les enfants de 4 ans et plus qui souhaitent laisser libre cours \u00e0 leur cr\u00e9ativit\u00e9, ainsi que pour les adultes d\u00e9sirant enrichir leur collection de figurines Barbie uniques. D\u00e9couvrez comment Mini BarbieLand donne vie \u00e0 vos r\u00eaves en miniature.<\/p>\n<\/div>\n<div>Procurez-vous d\u00e8s maintenant votre maison de poup\u00e9e Mini BarbieLand et embarquez pour une grande aventure avec votre mini-poup\u00e9e Barbie.<\/p>\n","protected":false},"excerpt":{"rendered":"<p>Mini BarbieLand Maison de Poup\u00e9es \u2013 Le Manoir des R\u00eaves en Miniature Bienvenue \u00e0 Mini BarbieLand, o\u00f9 l&rsquo;imagination n&rsquo;a pas de limites et o\u00f9 le l\u00e9gendaire Manoir des R\u00eaves prend vie dans un format miniature enchanteur. Ce coffret mini maison de poup\u00e9es unique offre des heures de jeu et est un incontournable pour tous les fans et collectionneurs de Barbie. Le Concept\u00a0: Un maximum de plaisir en miniaturePlongez dans l&rsquo;univers du Mini Barbie Manoir des&hellip;<\/p>\n","protected":false},"featured_media":166079,"comment_status":"open","ping_status":"closed","template":"","meta":[],"product_brand":[],"product_cat":[38879],"product_tag":[],"class_list":{"0":"post-253956","1":"product","2":"type-product","3":"status-publish","4":"has-post-thumbnail","6":"product_cat-puppenzubehoer","7":"product_shipping_class-global_methods","9":"first","10":"instock","11":"taxable","12":"shipping-taxable","13":"purchasable","14":"product-type-simple"},"yoast_head":"<!-- This site is optimized with the Yoast SEO plugin v27.4 - https:\/\/yoast.com\/product\/yoast-seo-wordpress\/ -->\n<title>Mattel Mini BarbieLand Puppenhaus-Sets | Jetzt kaufen | Schweizversand.ch<\/title>\n<meta name=\"description\" content=\"Mattel Mini BarbieLand Puppenhaus-Sets g\u00fcnstig kaufen bei Schweizversand.ch. Schnelle Lieferung in der Schweiz. Gratisversand ab CHF 50.\" \/>\n<meta name=\"robots\" content=\"index, follow, max-snippet:-1, max-image-preview:large, max-video-preview:-1\" \/>\n<link rel=\"canonical\" href=\"https:\/\/schweizversand.ch\/fr\/produkt\/mattel-mini-barbieland-puppenhaus-sets\/\" \/>\n<meta property=\"og:locale\" content=\"fr_FR\" \/>\n<meta property=\"og:type\" content=\"article\" \/>\n<meta property=\"og:title\" content=\"Mattel Mini BarbieLand Puppenhaus-Sets | Jetzt kaufen | Schweizversand.ch\" \/>\n<meta property=\"og:description\" content=\"Mattel Mini BarbieLand Puppenhaus-Sets g\u00fcnstig kaufen bei Schweizversand.ch. Schnelle Lieferung in der Schweiz. Gratisversand ab CHF 50.\" \/>\n<meta property=\"og:url\" content=\"https:\/\/schweizversand.ch\/fr\/produkt\/mattel-mini-barbieland-puppenhaus-sets\/\" \/>\n<meta property=\"og:site_name\" content=\"Schweizer Shop f\u00fcr Sport, Spiel und Freizeit\" \/>\n<meta property=\"article:publisher\" content=\"https:\/\/www.facebook.com\/Schweizversand\" \/>\n<meta property=\"article:modified_time\" content=\"2026-04-20T00:04:37+00:00\" \/>\n<meta property=\"og:image\" content=\"https:\/\/schweizversand.ch\/wp-content\/uploads\/2026\/02\/5472098403.jpg\" \/>\n\t<meta property=\"og:image:width\" content=\"1024\" \/>\n\t<meta property=\"og:image:height\" content=\"675\" \/>\n\t<meta property=\"og:image:type\" content=\"image\/jpeg\" \/>\n<meta name=\"twitter:card\" content=\"summary_large_image\" \/>\n<meta name=\"twitter:label1\" content=\"Dur\u00e9e de lecture estim\u00e9e\" \/>\n\t<meta name=\"twitter:data1\" content=\"2 minutes\" \/>\n<script type=\"application\/ld+json\" class=\"yoast-schema-graph\">{\"@context\":\"https:\\\/\\\/schema.org\",\"@graph\":[{\"@type\":\"WebPage\",\"@id\":\"https:\\\/\\\/schweizversand.ch\\\/fr\\\/produkt\\\/mattel-mini-barbieland-puppenhaus-sets\\\/\",\"url\":\"https:\\\/\\\/schweizversand.ch\\\/fr\\\/produkt\\\/mattel-mini-barbieland-puppenhaus-sets\\\/\",\"name\":\"Mattel Mini BarbieLand Puppenhaus-Sets | Jetzt kaufen | Schweizversand.ch\",\"isPartOf\":{\"@id\":\"https:\\\/\\\/schweizversand.ch\\\/fr\\\/#website\"},\"primaryImageOfPage\":{\"@id\":\"https:\\\/\\\/schweizversand.ch\\\/fr\\\/produkt\\\/mattel-mini-barbieland-puppenhaus-sets\\\/#primaryimage\"},\"image\":{\"@id\":\"https:\\\/\\\/schweizversand.ch\\\/fr\\\/produkt\\\/mattel-mini-barbieland-puppenhaus-sets\\\/#primaryimage\"},\"thumbnailUrl\":\"https:\\\/\\\/schweizversand.ch\\\/wp-content\\\/uploads\\\/2026\\\/02\\\/5472098403.jpg\",\"datePublished\":\"2026-03-14T23:57:29+00:00\",\"dateModified\":\"2026-04-20T00:04:37+00:00\",\"description\":\"Mattel Mini BarbieLand Puppenhaus-Sets g\u00fcnstig kaufen bei Schweizversand.ch. Schnelle Lieferung in der Schweiz. Gratisversand ab CHF 50.\",\"breadcrumb\":{\"@id\":\"https:\\\/\\\/schweizversand.ch\\\/fr\\\/produkt\\\/mattel-mini-barbieland-puppenhaus-sets\\\/#breadcrumb\"},\"inLanguage\":\"fr-FR\",\"potentialAction\":[{\"@type\":\"ReadAction\",\"target\":[\"https:\\\/\\\/schweizversand.ch\\\/fr\\\/produkt\\\/mattel-mini-barbieland-puppenhaus-sets\\\/\"]}]},{\"@type\":\"ImageObject\",\"inLanguage\":\"fr-FR\",\"@id\":\"https:\\\/\\\/schweizversand.ch\\\/fr\\\/produkt\\\/mattel-mini-barbieland-puppenhaus-sets\\\/#primaryimage\",\"url\":\"https:\\\/\\\/schweizversand.ch\\\/wp-content\\\/uploads\\\/2026\\\/02\\\/5472098403.jpg\",\"contentUrl\":\"https:\\\/\\\/schweizversand.ch\\\/wp-content\\\/uploads\\\/2026\\\/02\\\/5472098403.jpg\",\"width\":1024,\"height\":675},{\"@type\":\"BreadcrumbList\",\"@id\":\"https:\\\/\\\/schweizversand.ch\\\/fr\\\/produkt\\\/mattel-mini-barbieland-puppenhaus-sets\\\/#breadcrumb\",\"itemListElement\":[{\"@type\":\"ListItem\",\"position\":1,\"name\":\"Startseite\",\"item\":\"https:\\\/\\\/schweizversand.ch\\\/fr\\\/home\\\/\"},{\"@type\":\"ListItem\",\"position\":2,\"name\":\"Boutique\",\"item\":\"https:\\\/\\\/schweizversand.ch\\\/fr\\\/boutique\\\/\"},{\"@type\":\"ListItem\",\"position\":3,\"name\":\"Jouets et jeux\",\"item\":\"https:\\\/\\\/schweizversand.ch\\\/fr\\\/produkt-kategorie\\\/jouets-et-jeux\\\/\"},{\"@type\":\"ListItem\",\"position\":4,\"name\":\"Figurines et poup\u00e9es\",\"item\":\"https:\\\/\\\/schweizversand.ch\\\/fr\\\/produkt-kategorie\\\/jouets-et-jeux\\\/figurines-et-poupees\\\/\"},{\"@type\":\"ListItem\",\"position\":5,\"name\":\"Accessoires pour poup\u00e9es\",\"item\":\"https:\\\/\\\/schweizversand.ch\\\/fr\\\/produkt-kategorie\\\/puppenzubehoer\\\/\"},{\"@type\":\"ListItem\",\"position\":6,\"name\":\"Ensembles de maisons de poup\u00e9es Mattel Mini BarbieLand\"}]},{\"@type\":\"WebSite\",\"@id\":\"https:\\\/\\\/schweizversand.ch\\\/fr\\\/#website\",\"url\":\"https:\\\/\\\/schweizversand.ch\\\/fr\\\/\",\"name\":\"Schweizer Shop f\u00fcr Sport, Spiel und Freizeit\",\"description\":\"Gratisversand ab 50.- (netto), ab eigenem schweizer Lager, Lieferung innert 48h\",\"publisher\":{\"@id\":\"https:\\\/\\\/schweizversand.ch\\\/fr\\\/#organization\"},\"alternateName\":\"Schweizversand.ch\",\"potentialAction\":[{\"@type\":\"SearchAction\",\"target\":{\"@type\":\"EntryPoint\",\"urlTemplate\":\"https:\\\/\\\/schweizversand.ch\\\/fr\\\/?s={search_term_string}\"},\"query-input\":{\"@type\":\"PropertyValueSpecification\",\"valueRequired\":true,\"valueName\":\"search_term_string\"}}],\"inLanguage\":\"fr-FR\"},{\"@type\":\"Organization\",\"@id\":\"https:\\\/\\\/schweizversand.ch\\\/fr\\\/#organization\",\"name\":\"Schweizversand.ch\",\"url\":\"https:\\\/\\\/schweizversand.ch\\\/fr\\\/\",\"logo\":{\"@type\":\"ImageObject\",\"inLanguage\":\"fr-FR\",\"@id\":\"https:\\\/\\\/schweizversand.ch\\\/fr\\\/#\\\/schema\\\/logo\\\/image\\\/\",\"url\":\"https:\\\/\\\/schweizversand.ch\\\/wp-content\\\/uploads\\\/2026\\\/03\\\/Logo_Rund_Final-1.png\",\"contentUrl\":\"https:\\\/\\\/schweizversand.ch\\\/wp-content\\\/uploads\\\/2026\\\/03\\\/Logo_Rund_Final-1.png\",\"width\":404,\"height\":404,\"caption\":\"Schweizversand.ch\"},\"image\":{\"@id\":\"https:\\\/\\\/schweizversand.ch\\\/fr\\\/#\\\/schema\\\/logo\\\/image\\\/\"},\"sameAs\":[\"https:\\\/\\\/www.facebook.com\\\/Schweizversand\",\"https:\\\/\\\/www.instagram.com\\\/schweizversand.ch\\\/\"]}]}<\/script>\n<!-- \/ Yoast SEO plugin. -->","yoast_head_json":{"title":"Mattel Mini BarbieLand Puppenhaus-Sets | Jetzt kaufen | Schweizversand.ch","description":"Mattel Mini BarbieLand Puppenhaus-Sets g\u00fcnstig kaufen bei Schweizversand.ch. Schnelle Lieferung in der Schweiz. Gratisversand ab CHF 50.","robots":{"index":"index","follow":"follow","max-snippet":"max-snippet:-1","max-image-preview":"max-image-preview:large","max-video-preview":"max-video-preview:-1"},"canonical":"https:\/\/schweizversand.ch\/fr\/produkt\/mattel-mini-barbieland-puppenhaus-sets\/","og_locale":"fr_FR","og_type":"article","og_title":"Mattel Mini BarbieLand Puppenhaus-Sets | Jetzt kaufen | Schweizversand.ch","og_description":"Mattel Mini BarbieLand Puppenhaus-Sets g\u00fcnstig kaufen bei Schweizversand.ch. Schnelle Lieferung in der Schweiz. Gratisversand ab CHF 50.","og_url":"https:\/\/schweizversand.ch\/fr\/produkt\/mattel-mini-barbieland-puppenhaus-sets\/","og_site_name":"Schweizer Shop f\u00fcr Sport, Spiel und Freizeit","article_publisher":"https:\/\/www.facebook.com\/Schweizversand","article_modified_time":"2026-04-20T00:04:37+00:00","og_image":[{"width":1024,"height":675,"url":"https:\/\/schweizversand.ch\/wp-content\/uploads\/2026\/02\/5472098403.jpg","type":"image\/jpeg"}],"twitter_card":"summary_large_image","twitter_misc":{"Dur\u00e9e de lecture estim\u00e9e":"2 minutes"},"schema":{"@context":"https:\/\/schema.org","@graph":[{"@type":"WebPage","@id":"https:\/\/schweizversand.ch\/fr\/produkt\/mattel-mini-barbieland-puppenhaus-sets\/","url":"https:\/\/schweizversand.ch\/fr\/produkt\/mattel-mini-barbieland-puppenhaus-sets\/","name":"Mattel Mini BarbieLand Puppenhaus-Sets | Jetzt kaufen | Schweizversand.ch","isPartOf":{"@id":"https:\/\/schweizversand.ch\/fr\/#website"},"primaryImageOfPage":{"@id":"https:\/\/schweizversand.ch\/fr\/produkt\/mattel-mini-barbieland-puppenhaus-sets\/#primaryimage"},"image":{"@id":"https:\/\/schweizversand.ch\/fr\/produkt\/mattel-mini-barbieland-puppenhaus-sets\/#primaryimage"},"thumbnailUrl":"https:\/\/schweizversand.ch\/wp-content\/uploads\/2026\/02\/5472098403.jpg","datePublished":"2026-03-14T23:57:29+00:00","dateModified":"2026-04-20T00:04:37+00:00","description":"Mattel Mini BarbieLand Puppenhaus-Sets g\u00fcnstig kaufen bei Schweizversand.ch. Schnelle Lieferung in der Schweiz. Gratisversand ab CHF 50.","breadcrumb":{"@id":"https:\/\/schweizversand.ch\/fr\/produkt\/mattel-mini-barbieland-puppenhaus-sets\/#breadcrumb"},"inLanguage":"fr-FR","potentialAction":[{"@type":"ReadAction","target":["https:\/\/schweizversand.ch\/fr\/produkt\/mattel-mini-barbieland-puppenhaus-sets\/"]}]},{"@type":"ImageObject","inLanguage":"fr-FR","@id":"https:\/\/schweizversand.ch\/fr\/produkt\/mattel-mini-barbieland-puppenhaus-sets\/#primaryimage","url":"https:\/\/schweizversand.ch\/wp-content\/uploads\/2026\/02\/5472098403.jpg","contentUrl":"https:\/\/schweizversand.ch\/wp-content\/uploads\/2026\/02\/5472098403.jpg","width":1024,"height":675},{"@type":"BreadcrumbList","@id":"https:\/\/schweizversand.ch\/fr\/produkt\/mattel-mini-barbieland-puppenhaus-sets\/#breadcrumb","itemListElement":[{"@type":"ListItem","position":1,"name":"Startseite","item":"https:\/\/schweizversand.ch\/fr\/home\/"},{"@type":"ListItem","position":2,"name":"Boutique","item":"https:\/\/schweizversand.ch\/fr\/boutique\/"},{"@type":"ListItem","position":3,"name":"Jouets et jeux","item":"https:\/\/schweizversand.ch\/fr\/produkt-kategorie\/jouets-et-jeux\/"},{"@type":"ListItem","position":4,"name":"Figurines et poup\u00e9es","item":"https:\/\/schweizversand.ch\/fr\/produkt-kategorie\/jouets-et-jeux\/figurines-et-poupees\/"},{"@type":"ListItem","position":5,"name":"Accessoires pour poup\u00e9es","item":"https:\/\/schweizversand.ch\/fr\/produkt-kategorie\/puppenzubehoer\/"},{"@type":"ListItem","position":6,"name":"Ensembles de maisons de poup\u00e9es Mattel Mini BarbieLand"}]},{"@type":"WebSite","@id":"https:\/\/schweizversand.ch\/fr\/#website","url":"https:\/\/schweizversand.ch\/fr\/","name":"Schweizer Shop f\u00fcr Sport, Spiel und Freizeit","description":"Gratisversand ab 50.- (netto), ab eigenem schweizer Lager, Lieferung innert 48h","publisher":{"@id":"https:\/\/schweizversand.ch\/fr\/#organization"},"alternateName":"Schweizversand.ch","potentialAction":[{"@type":"SearchAction","target":{"@type":"EntryPoint","urlTemplate":"https:\/\/schweizversand.ch\/fr\/?s={search_term_string}"},"query-input":{"@type":"PropertyValueSpecification","valueRequired":true,"valueName":"search_term_string"}}],"inLanguage":"fr-FR"},{"@type":"Organization","@id":"https:\/\/schweizversand.ch\/fr\/#organization","name":"Schweizversand.ch","url":"https:\/\/schweizversand.ch\/fr\/","logo":{"@type":"ImageObject","inLanguage":"fr-FR","@id":"https:\/\/schweizversand.ch\/fr\/#\/schema\/logo\/image\/","url":"https:\/\/schweizversand.ch\/wp-content\/uploads\/2026\/03\/Logo_Rund_Final-1.png","contentUrl":"https:\/\/schweizversand.ch\/wp-content\/uploads\/2026\/03\/Logo_Rund_Final-1.png","width":404,"height":404,"caption":"Schweizversand.ch"},"image":{"@id":"https:\/\/schweizversand.ch\/fr\/#\/schema\/logo\/image\/"},"sameAs":["https:\/\/www.facebook.com\/Schweizversand","https:\/\/www.instagram.com\/schweizversand.ch\/"]}]}},"jetpack_sharing_enabled":true,"_links":{"self":[{"href":"https:\/\/schweizversand.ch\/fr\/wp-json\/wp\/v2\/product\/253956","targetHints":{"allow":["GET"]}}],"collection":[{"href":"https:\/\/schweizversand.ch\/fr\/wp-json\/wp\/v2\/product"}],"about":[{"href":"https:\/\/schweizversand.ch\/fr\/wp-json\/wp\/v2\/types\/product"}],"replies":[{"embeddable":true,"href":"https:\/\/schweizversand.ch\/fr\/wp-json\/wp\/v2\/comments?post=253956"}],"wp:featuredmedia":[{"embeddable":true,"href":"https:\/\/schweizversand.ch\/fr\/wp-json\/wp\/v2\/media\/166079"}],"wp:attachment":[{"href":"https:\/\/schweizversand.ch\/fr\/wp-json\/wp\/v2\/media?parent=253956"}],"wp:term":[{"taxonomy":"product_brand","embeddable":true,"href":"https:\/\/schweizversand.ch\/fr\/wp-json\/wp\/v2\/product_brand?post=253956"},{"taxonomy":"product_cat","embeddable":true,"href":"https:\/\/schweizversand.ch\/fr\/wp-json\/wp\/v2\/product_cat?post=253956"},{"taxonomy":"product_tag","embeddable":true,"href":"https:\/\/schweizversand.ch\/fr\/wp-json\/wp\/v2\/product_tag?post=253956"}],"curies":[{"name":"wp","href":"https:\/\/api.w.org\/{rel}","templated":true}]}}