{"id":253958,"date":"2026-03-15T00:57:29","date_gmt":"2026-03-14T23:57:29","guid":{"rendered":"https:\/\/schweizversand.ch\/produkt\/mattel-mini-barbieland-traumvilla-2\/"},"modified":"2026-04-19T02:05:33","modified_gmt":"2026-04-19T00:05:33","slug":"mattel-mini-barbieland-traumvilla-2","status":"publish","type":"product","link":"https:\/\/schweizversand.ch\/fr\/produkt\/mattel-mini-barbieland-traumvilla-2\/","title":{"rendered":"Mattel Mini BarbieLand Dream Villa 2"},"content":{"rendered":"<h1><strong>Coffret Mini Maison de Poup\u00e9e Barbie \u2013 Maison de R\u00eave Miniature<\/strong><\/h1>\n<div>Plongez dans l&rsquo;univers magique de Barbie avec ce coffret Mini Maison de Poup\u00e9e Barbie d\u00e9taill\u00e9. Ces maisons de poup\u00e9e \u00e0 collectionner offrent de grandes surprises en format r\u00e9duit et sont parfaites pour jouer ou comme objet de collection attrayant.<\/p>\n<\/div>\n<div><strong>Maison de R\u00eave Miniature Unique<\/strong><br \/>D\u00e9couvrez l&#8217;embl\u00e9matique Maison de R\u00eave Barbie en miniature fascinante. Chaque coffret est une r\u00e9plique exacte et comprend une bo\u00eete avec une Mini Poup\u00e9e Barbie, son animal de compagnie et des accessoires assortis. Ces Coffrets Mini Maison de Poup\u00e9e sont un incontournable pour tous les fans.<\/p>\n<\/div>\n<div><strong>Fonctionnalit\u00e9s Interactives et Design<\/strong><br \/>Malgr\u00e9 leur petite taille, ces villas regorgent d&rsquo;\u00e9l\u00e9ments interactifs. Chaque villa poss\u00e8de un ascenseur fonctionnel, un toboggan amusant et sa propre piscine ! Les mini-poup\u00e9es avec accessoires sont articul\u00e9es\u00a0: gr\u00e2ce \u00e0 leurs socles en forme de c\u0153ur, elles peuvent plier la taille et tenir debout en toute s\u00e9curit\u00e9 dans diff\u00e9rentes parties de la villa.<\/p>\n<\/div>\n<div><strong>D\u00e9tails du produit et valeur pour les collectionneurs<\/strong><br \/>&#8211; Comprend une villa de r\u00eave miniature (mod\u00e8le al\u00e9atoire)<br \/>&#8211; Comprend une mini-poup\u00e9e Barbie articul\u00e9e<br \/>&#8211; Comprend un animal de compagnie et ses accessoires<br \/>&#8211; \u00c9l\u00e9ments interactifs\u00a0: ascenseur, toboggan et piscine<br \/>&#8211; Id\u00e9al pour les fans de 4\u00a0ans et plus<br \/>&#8211; Parfait pour construire votre propre univers de maison de poup\u00e9e \u00e0 collectionner<\/p>\n<\/div>\n<div>Commencez votre collection d\u00e8s aujourd\u2019hui et agrandissez votre Mini BarbieLand avec d\u2019autres mini-poup\u00e9es, v\u00e9hicules et ensembles de jeu pour cr\u00e9er votre propre mini-monde complet.<\/p>\n","protected":false},"excerpt":{"rendered":"<p>Coffret Mini Maison de Poup\u00e9e Barbie \u2013 Maison de R\u00eave Miniature Plongez dans l&rsquo;univers magique de Barbie avec ce coffret Mini Maison de Poup\u00e9e Barbie d\u00e9taill\u00e9. Ces maisons de poup\u00e9e \u00e0 collectionner offrent de grandes surprises en format r\u00e9duit et sont parfaites pour jouer ou comme objet de collection attrayant. Maison de R\u00eave Miniature UniqueD\u00e9couvrez l&#8217;embl\u00e9matique Maison de R\u00eave Barbie en miniature fascinante. Chaque coffret est une r\u00e9plique exacte et comprend une bo\u00eete avec une&hellip;<\/p>\n","protected":false},"featured_media":166090,"comment_status":"open","ping_status":"closed","template":"","meta":[],"product_brand":[],"product_cat":[38879],"product_tag":[],"class_list":{"0":"post-253958","1":"product","2":"type-product","3":"status-publish","4":"has-post-thumbnail","6":"product_cat-puppenzubehoer","7":"product_shipping_class-global_methods","9":"first","10":"instock","11":"taxable","12":"shipping-taxable","13":"purchasable","14":"product-type-simple"},"yoast_head":"<!-- This site is optimized with the Yoast SEO plugin v27.4 - https:\/\/yoast.com\/product\/yoast-seo-wordpress\/ -->\n<title>Mattel Mini BarbieLand Traumvilla 2 | Jetzt kaufen | Schweizversand.ch<\/title>\n<meta name=\"description\" content=\"Mattel Mini BarbieLand Traumvilla 2 g\u00fcnstig kaufen bei Schweizversand.ch. Schnelle Lieferung in der Schweiz. Gratisversand ab CHF 50.\" \/>\n<meta name=\"robots\" content=\"index, follow, max-snippet:-1, max-image-preview:large, max-video-preview:-1\" \/>\n<link rel=\"canonical\" href=\"https:\/\/schweizversand.ch\/fr\/produkt\/mattel-mini-barbieland-traumvilla-2\/\" \/>\n<meta property=\"og:locale\" content=\"fr_FR\" \/>\n<meta property=\"og:type\" content=\"article\" \/>\n<meta property=\"og:title\" content=\"Mattel Mini BarbieLand Traumvilla 2 | Jetzt kaufen | Schweizversand.ch\" \/>\n<meta property=\"og:description\" content=\"Mattel Mini BarbieLand Traumvilla 2 g\u00fcnstig kaufen bei Schweizversand.ch. Schnelle Lieferung in der Schweiz. Gratisversand ab CHF 50.\" \/>\n<meta property=\"og:url\" content=\"https:\/\/schweizversand.ch\/fr\/produkt\/mattel-mini-barbieland-traumvilla-2\/\" \/>\n<meta property=\"og:site_name\" content=\"Schweizer Shop f\u00fcr Sport, Spiel und Freizeit\" \/>\n<meta property=\"article:publisher\" content=\"https:\/\/www.facebook.com\/Schweizversand\" \/>\n<meta property=\"article:modified_time\" content=\"2026-04-19T00:05:33+00:00\" \/>\n<meta property=\"og:image\" content=\"https:\/\/schweizversand.ch\/wp-content\/uploads\/2026\/02\/5471823814.png\" \/>\n\t<meta property=\"og:image:width\" content=\"1024\" \/>\n\t<meta property=\"og:image:height\" content=\"777\" \/>\n\t<meta property=\"og:image:type\" content=\"image\/png\" \/>\n<meta name=\"twitter:card\" content=\"summary_large_image\" \/>\n<meta name=\"twitter:label1\" content=\"Dur\u00e9e de lecture estim\u00e9e\" \/>\n\t<meta name=\"twitter:data1\" content=\"1 minute\" \/>\n<script type=\"application\/ld+json\" class=\"yoast-schema-graph\">{\"@context\":\"https:\\\/\\\/schema.org\",\"@graph\":[{\"@type\":\"WebPage\",\"@id\":\"https:\\\/\\\/schweizversand.ch\\\/fr\\\/produkt\\\/mattel-mini-barbieland-traumvilla-2\\\/\",\"url\":\"https:\\\/\\\/schweizversand.ch\\\/fr\\\/produkt\\\/mattel-mini-barbieland-traumvilla-2\\\/\",\"name\":\"Mattel Mini BarbieLand Traumvilla 2 | Jetzt kaufen | Schweizversand.ch\",\"isPartOf\":{\"@id\":\"https:\\\/\\\/schweizversand.ch\\\/fr\\\/#website\"},\"primaryImageOfPage\":{\"@id\":\"https:\\\/\\\/schweizversand.ch\\\/fr\\\/produkt\\\/mattel-mini-barbieland-traumvilla-2\\\/#primaryimage\"},\"image\":{\"@id\":\"https:\\\/\\\/schweizversand.ch\\\/fr\\\/produkt\\\/mattel-mini-barbieland-traumvilla-2\\\/#primaryimage\"},\"thumbnailUrl\":\"https:\\\/\\\/schweizversand.ch\\\/wp-content\\\/uploads\\\/2026\\\/02\\\/5471823814.png\",\"datePublished\":\"2026-03-14T23:57:29+00:00\",\"dateModified\":\"2026-04-19T00:05:33+00:00\",\"description\":\"Mattel Mini BarbieLand Traumvilla 2 g\u00fcnstig kaufen bei Schweizversand.ch. Schnelle Lieferung in der Schweiz. Gratisversand ab CHF 50.\",\"breadcrumb\":{\"@id\":\"https:\\\/\\\/schweizversand.ch\\\/fr\\\/produkt\\\/mattel-mini-barbieland-traumvilla-2\\\/#breadcrumb\"},\"inLanguage\":\"fr-FR\",\"potentialAction\":[{\"@type\":\"ReadAction\",\"target\":[\"https:\\\/\\\/schweizversand.ch\\\/fr\\\/produkt\\\/mattel-mini-barbieland-traumvilla-2\\\/\"]}]},{\"@type\":\"ImageObject\",\"inLanguage\":\"fr-FR\",\"@id\":\"https:\\\/\\\/schweizversand.ch\\\/fr\\\/produkt\\\/mattel-mini-barbieland-traumvilla-2\\\/#primaryimage\",\"url\":\"https:\\\/\\\/schweizversand.ch\\\/wp-content\\\/uploads\\\/2026\\\/02\\\/5471823814.png\",\"contentUrl\":\"https:\\\/\\\/schweizversand.ch\\\/wp-content\\\/uploads\\\/2026\\\/02\\\/5471823814.png\",\"width\":1024,\"height\":777},{\"@type\":\"BreadcrumbList\",\"@id\":\"https:\\\/\\\/schweizversand.ch\\\/fr\\\/produkt\\\/mattel-mini-barbieland-traumvilla-2\\\/#breadcrumb\",\"itemListElement\":[{\"@type\":\"ListItem\",\"position\":1,\"name\":\"Startseite\",\"item\":\"https:\\\/\\\/schweizversand.ch\\\/fr\\\/home\\\/\"},{\"@type\":\"ListItem\",\"position\":2,\"name\":\"Boutique\",\"item\":\"https:\\\/\\\/schweizversand.ch\\\/fr\\\/boutique\\\/\"},{\"@type\":\"ListItem\",\"position\":3,\"name\":\"Jouets et jeux\",\"item\":\"https:\\\/\\\/schweizversand.ch\\\/fr\\\/produkt-kategorie\\\/jouets-et-jeux\\\/\"},{\"@type\":\"ListItem\",\"position\":4,\"name\":\"Figurines et poup\u00e9es\",\"item\":\"https:\\\/\\\/schweizversand.ch\\\/fr\\\/produkt-kategorie\\\/jouets-et-jeux\\\/figurines-et-poupees\\\/\"},{\"@type\":\"ListItem\",\"position\":5,\"name\":\"Accessoires pour poup\u00e9es\",\"item\":\"https:\\\/\\\/schweizversand.ch\\\/fr\\\/produkt-kategorie\\\/puppenzubehoer\\\/\"},{\"@type\":\"ListItem\",\"position\":6,\"name\":\"Mattel Mini BarbieLand Dream Villa 2\"}]},{\"@type\":\"WebSite\",\"@id\":\"https:\\\/\\\/schweizversand.ch\\\/fr\\\/#website\",\"url\":\"https:\\\/\\\/schweizversand.ch\\\/fr\\\/\",\"name\":\"Schweizer Shop f\u00fcr Sport, Spiel und Freizeit\",\"description\":\"Gratisversand ab 50.- (netto), ab eigenem schweizer Lager, Lieferung innert 48h\",\"publisher\":{\"@id\":\"https:\\\/\\\/schweizversand.ch\\\/fr\\\/#organization\"},\"alternateName\":\"Schweizversand.ch\",\"potentialAction\":[{\"@type\":\"SearchAction\",\"target\":{\"@type\":\"EntryPoint\",\"urlTemplate\":\"https:\\\/\\\/schweizversand.ch\\\/fr\\\/?s={search_term_string}\"},\"query-input\":{\"@type\":\"PropertyValueSpecification\",\"valueRequired\":true,\"valueName\":\"search_term_string\"}}],\"inLanguage\":\"fr-FR\"},{\"@type\":\"Organization\",\"@id\":\"https:\\\/\\\/schweizversand.ch\\\/fr\\\/#organization\",\"name\":\"Schweizversand.ch\",\"url\":\"https:\\\/\\\/schweizversand.ch\\\/fr\\\/\",\"logo\":{\"@type\":\"ImageObject\",\"inLanguage\":\"fr-FR\",\"@id\":\"https:\\\/\\\/schweizversand.ch\\\/fr\\\/#\\\/schema\\\/logo\\\/image\\\/\",\"url\":\"https:\\\/\\\/schweizversand.ch\\\/wp-content\\\/uploads\\\/2026\\\/03\\\/Logo_Rund_Final-1.png\",\"contentUrl\":\"https:\\\/\\\/schweizversand.ch\\\/wp-content\\\/uploads\\\/2026\\\/03\\\/Logo_Rund_Final-1.png\",\"width\":404,\"height\":404,\"caption\":\"Schweizversand.ch\"},\"image\":{\"@id\":\"https:\\\/\\\/schweizversand.ch\\\/fr\\\/#\\\/schema\\\/logo\\\/image\\\/\"},\"sameAs\":[\"https:\\\/\\\/www.facebook.com\\\/Schweizversand\",\"https:\\\/\\\/www.instagram.com\\\/schweizversand.ch\\\/\"]}]}<\/script>\n<!-- \/ Yoast SEO plugin. -->","yoast_head_json":{"title":"Mattel Mini BarbieLand Traumvilla 2 | Jetzt kaufen | Schweizversand.ch","description":"Mattel Mini BarbieLand Traumvilla 2 g\u00fcnstig kaufen bei Schweizversand.ch. Schnelle Lieferung in der Schweiz. Gratisversand ab CHF 50.","robots":{"index":"index","follow":"follow","max-snippet":"max-snippet:-1","max-image-preview":"max-image-preview:large","max-video-preview":"max-video-preview:-1"},"canonical":"https:\/\/schweizversand.ch\/fr\/produkt\/mattel-mini-barbieland-traumvilla-2\/","og_locale":"fr_FR","og_type":"article","og_title":"Mattel Mini BarbieLand Traumvilla 2 | Jetzt kaufen | Schweizversand.ch","og_description":"Mattel Mini BarbieLand Traumvilla 2 g\u00fcnstig kaufen bei Schweizversand.ch. Schnelle Lieferung in der Schweiz. Gratisversand ab CHF 50.","og_url":"https:\/\/schweizversand.ch\/fr\/produkt\/mattel-mini-barbieland-traumvilla-2\/","og_site_name":"Schweizer Shop f\u00fcr Sport, Spiel und Freizeit","article_publisher":"https:\/\/www.facebook.com\/Schweizversand","article_modified_time":"2026-04-19T00:05:33+00:00","og_image":[{"width":1024,"height":777,"url":"https:\/\/schweizversand.ch\/wp-content\/uploads\/2026\/02\/5471823814.png","type":"image\/png"}],"twitter_card":"summary_large_image","twitter_misc":{"Dur\u00e9e de lecture estim\u00e9e":"1 minute"},"schema":{"@context":"https:\/\/schema.org","@graph":[{"@type":"WebPage","@id":"https:\/\/schweizversand.ch\/fr\/produkt\/mattel-mini-barbieland-traumvilla-2\/","url":"https:\/\/schweizversand.ch\/fr\/produkt\/mattel-mini-barbieland-traumvilla-2\/","name":"Mattel Mini BarbieLand Traumvilla 2 | Jetzt kaufen | Schweizversand.ch","isPartOf":{"@id":"https:\/\/schweizversand.ch\/fr\/#website"},"primaryImageOfPage":{"@id":"https:\/\/schweizversand.ch\/fr\/produkt\/mattel-mini-barbieland-traumvilla-2\/#primaryimage"},"image":{"@id":"https:\/\/schweizversand.ch\/fr\/produkt\/mattel-mini-barbieland-traumvilla-2\/#primaryimage"},"thumbnailUrl":"https:\/\/schweizversand.ch\/wp-content\/uploads\/2026\/02\/5471823814.png","datePublished":"2026-03-14T23:57:29+00:00","dateModified":"2026-04-19T00:05:33+00:00","description":"Mattel Mini BarbieLand Traumvilla 2 g\u00fcnstig kaufen bei Schweizversand.ch. Schnelle Lieferung in der Schweiz. Gratisversand ab CHF 50.","breadcrumb":{"@id":"https:\/\/schweizversand.ch\/fr\/produkt\/mattel-mini-barbieland-traumvilla-2\/#breadcrumb"},"inLanguage":"fr-FR","potentialAction":[{"@type":"ReadAction","target":["https:\/\/schweizversand.ch\/fr\/produkt\/mattel-mini-barbieland-traumvilla-2\/"]}]},{"@type":"ImageObject","inLanguage":"fr-FR","@id":"https:\/\/schweizversand.ch\/fr\/produkt\/mattel-mini-barbieland-traumvilla-2\/#primaryimage","url":"https:\/\/schweizversand.ch\/wp-content\/uploads\/2026\/02\/5471823814.png","contentUrl":"https:\/\/schweizversand.ch\/wp-content\/uploads\/2026\/02\/5471823814.png","width":1024,"height":777},{"@type":"BreadcrumbList","@id":"https:\/\/schweizversand.ch\/fr\/produkt\/mattel-mini-barbieland-traumvilla-2\/#breadcrumb","itemListElement":[{"@type":"ListItem","position":1,"name":"Startseite","item":"https:\/\/schweizversand.ch\/fr\/home\/"},{"@type":"ListItem","position":2,"name":"Boutique","item":"https:\/\/schweizversand.ch\/fr\/boutique\/"},{"@type":"ListItem","position":3,"name":"Jouets et jeux","item":"https:\/\/schweizversand.ch\/fr\/produkt-kategorie\/jouets-et-jeux\/"},{"@type":"ListItem","position":4,"name":"Figurines et poup\u00e9es","item":"https:\/\/schweizversand.ch\/fr\/produkt-kategorie\/jouets-et-jeux\/figurines-et-poupees\/"},{"@type":"ListItem","position":5,"name":"Accessoires pour poup\u00e9es","item":"https:\/\/schweizversand.ch\/fr\/produkt-kategorie\/puppenzubehoer\/"},{"@type":"ListItem","position":6,"name":"Mattel Mini BarbieLand Dream Villa 2"}]},{"@type":"WebSite","@id":"https:\/\/schweizversand.ch\/fr\/#website","url":"https:\/\/schweizversand.ch\/fr\/","name":"Schweizer Shop f\u00fcr Sport, Spiel und Freizeit","description":"Gratisversand ab 50.- (netto), ab eigenem schweizer Lager, Lieferung innert 48h","publisher":{"@id":"https:\/\/schweizversand.ch\/fr\/#organization"},"alternateName":"Schweizversand.ch","potentialAction":[{"@type":"SearchAction","target":{"@type":"EntryPoint","urlTemplate":"https:\/\/schweizversand.ch\/fr\/?s={search_term_string}"},"query-input":{"@type":"PropertyValueSpecification","valueRequired":true,"valueName":"search_term_string"}}],"inLanguage":"fr-FR"},{"@type":"Organization","@id":"https:\/\/schweizversand.ch\/fr\/#organization","name":"Schweizversand.ch","url":"https:\/\/schweizversand.ch\/fr\/","logo":{"@type":"ImageObject","inLanguage":"fr-FR","@id":"https:\/\/schweizversand.ch\/fr\/#\/schema\/logo\/image\/","url":"https:\/\/schweizversand.ch\/wp-content\/uploads\/2026\/03\/Logo_Rund_Final-1.png","contentUrl":"https:\/\/schweizversand.ch\/wp-content\/uploads\/2026\/03\/Logo_Rund_Final-1.png","width":404,"height":404,"caption":"Schweizversand.ch"},"image":{"@id":"https:\/\/schweizversand.ch\/fr\/#\/schema\/logo\/image\/"},"sameAs":["https:\/\/www.facebook.com\/Schweizversand","https:\/\/www.instagram.com\/schweizversand.ch\/"]}]}},"jetpack_sharing_enabled":true,"_links":{"self":[{"href":"https:\/\/schweizversand.ch\/fr\/wp-json\/wp\/v2\/product\/253958","targetHints":{"allow":["GET"]}}],"collection":[{"href":"https:\/\/schweizversand.ch\/fr\/wp-json\/wp\/v2\/product"}],"about":[{"href":"https:\/\/schweizversand.ch\/fr\/wp-json\/wp\/v2\/types\/product"}],"replies":[{"embeddable":true,"href":"https:\/\/schweizversand.ch\/fr\/wp-json\/wp\/v2\/comments?post=253958"}],"wp:featuredmedia":[{"embeddable":true,"href":"https:\/\/schweizversand.ch\/fr\/wp-json\/wp\/v2\/media\/166090"}],"wp:attachment":[{"href":"https:\/\/schweizversand.ch\/fr\/wp-json\/wp\/v2\/media?parent=253958"}],"wp:term":[{"taxonomy":"product_brand","embeddable":true,"href":"https:\/\/schweizversand.ch\/fr\/wp-json\/wp\/v2\/product_brand?post=253958"},{"taxonomy":"product_cat","embeddable":true,"href":"https:\/\/schweizversand.ch\/fr\/wp-json\/wp\/v2\/product_cat?post=253958"},{"taxonomy":"product_tag","embeddable":true,"href":"https:\/\/schweizversand.ch\/fr\/wp-json\/wp\/v2\/product_tag?post=253958"}],"curies":[{"name":"wp","href":"https:\/\/api.w.org\/{rel}","templated":true}]}}