{"id":253980,"date":"2026-03-15T00:57:32","date_gmt":"2026-03-14T23:57:32","guid":{"rendered":"https:\/\/schweizversand.ch\/produkt\/frozen-frozen-2-anna-schuhe\/"},"modified":"2026-04-20T02:04:38","modified_gmt":"2026-04-20T00:04:38","slug":"frozen-frozen-2-anna-schuhe","status":"publish","type":"product","link":"https:\/\/schweizversand.ch\/fr\/produkt\/frozen-frozen-2-anna-schuhe\/","title":{"rendered":"Chaussures Anna de La Reine des Neiges 2"},"content":{"rendered":"<h1><strong>Chaussures Anna de La Reine des Neiges 2 \u2013 D\u00e9guisement pour filles<\/strong><\/h1>\n<div>Plongez dans le monde magique et vivez l&rsquo;aventure \u00e9pique de La Reine des Neiges 2 de Disney\u00a0! Avec ce <strong>d\u00e9guisement Anna de La Reine des Neiges 2<\/strong> authentique, les jeunes fans peuvent revivre le voyage passionnant d&rsquo;Anna et cr\u00e9er leurs propres histoires. Cet ensemble de haute qualit\u00e9 est id\u00e9al pour les jeux de r\u00f4le, le carnaval ou toute autre occasion o\u00f9 la magie est de mise.<\/p>\n<\/div>\n<div><strong>Vivez la magie de La Reine des Neiges 2<\/strong><br \/>La suite du film \u00e0 succ\u00e8s La Reine des Neiges emm\u00e8ne Anna, Elsa, Kristoff, Olaf et Sven dans un voyage au-del\u00e0 d&rsquo;Arendelle. Avec le <strong>d\u00e9guisement de voyage Anna de Disney<\/strong>, les filles de 3\u00a0ans et plus peuvent se glisser dans la peau de la courageuse princesse. Ce d\u00e9guisement stimule l&rsquo;imagination et encourage le jeu de r\u00f4le. Design et d\u00e9tails authentiques\u00a0: Ces chaussures Disney La Reine des Neiges 2 impressionnent par leur fid\u00e9lit\u00e9 au film. Chaque d\u00e9tail a \u00e9t\u00e9 soigneusement recr\u00e9\u00e9 pour reproduire le look embl\u00e9matique d&rsquo;Anna tout au long de son aventure. Ce coffret permet une transformation compl\u00e8te qui fera chavirer le c\u0153ur des enfants.<\/p>\n<\/div>\n<div><strong>Contenu et caract\u00e9ristiques<\/strong><br \/>Le coffret comprend les \u00e9l\u00e9ments essentiels pour un d\u00e9guisement parfait de <strong>La Reine des Neiges 2<\/strong> pour votre fille\u00a0:<br \/>Accessoires fid\u00e8les au film pour le costume d&rsquo;<strong>Anna<\/strong>\u00a0<br \/>&#8211; Chaussures sp\u00e9cialement con\u00e7ues qui reproduisent les bottes d&rsquo;Anna (pointures\u00a0: 9-11)<\/strong><\/p>\n<\/div>\n<div><strong>Confort et s\u00e9curit\u00e9<\/strong><br \/>Nous accordons une grande importance au confort et \u00e0 la beaut\u00e9 de ce <strong>d\u00e9guisement de carnaval pour enfants<\/strong>. Les mat\u00e9riaux sont doux pour la peau et r\u00e9sistants, pour supporter m\u00eame les jeux les plus intenses. Ces chaussures offrent un bon maintien aux petits pieds pour que votre fille puisse explorer le monde avec la gr\u00e2ce d&rsquo;Anna. Parfait pour toutes les occasions\u00a0! Que ce soit pour offrir, pour une f\u00eate \u00e0 th\u00e8me ou pour marquer la rentr\u00e9e en maternelle, ces chaussures feront assur\u00e9ment briller les yeux de tous les enfants. Laissez votre fille se glisser dans la peau de la courageuse Anna et regardez-la rejouer ses sc\u00e8nes pr\u00e9f\u00e9r\u00e9es du film. Offrez \u00e0 votre enfant ce magnifique costume de voyage Disney Anna d\u00e8s maintenant et faites-lui vivre des moments magiques et inoubliables, remplis d&rsquo;aventure et d&rsquo;imagination.<\/p>\n","protected":false},"excerpt":{"rendered":"<p>Chaussures Anna de La Reine des Neiges 2 \u2013 D\u00e9guisement pour filles Plongez dans le monde magique et vivez l&rsquo;aventure \u00e9pique de La Reine des Neiges 2 de Disney\u00a0! Avec ce d\u00e9guisement Anna de La Reine des Neiges 2 authentique, les jeunes fans peuvent revivre le voyage passionnant d&rsquo;Anna et cr\u00e9er leurs propres histoires. Cet ensemble de haute qualit\u00e9 est id\u00e9al pour les jeux de r\u00f4le, le carnaval ou toute autre occasion o\u00f9 la magie&hellip;<\/p>\n","protected":false},"featured_media":166203,"comment_status":"open","ping_status":"closed","template":"","meta":[],"product_brand":[],"product_cat":[38880,38881],"product_tag":[],"class_list":{"0":"post-253980","1":"product","2":"type-product","3":"status-publish","4":"has-post-thumbnail","6":"product_cat-kinderschuhe","7":"product_cat-chaussures-pour-enfants","8":"product_shipping_class-global_methods","10":"first","11":"instock","12":"taxable","13":"shipping-taxable","14":"purchasable","15":"product-type-simple"},"yoast_head":"<!-- This site is optimized with the Yoast SEO plugin v27.4 - https:\/\/yoast.com\/product\/yoast-seo-wordpress\/ -->\n<title>Frozen Frozen 2 Anna Schuhe | Jetzt kaufen | Schweizversand.ch<\/title>\n<meta name=\"description\" content=\"Frozen Frozen 2 Anna Schuhe g\u00fcnstig kaufen bei Schweizversand.ch. Schnelle Lieferung in der Schweiz. Gratisversand ab CHF 50.\" \/>\n<meta name=\"robots\" content=\"index, follow, max-snippet:-1, max-image-preview:large, max-video-preview:-1\" \/>\n<link rel=\"canonical\" href=\"https:\/\/schweizversand.ch\/fr\/produkt\/frozen-frozen-2-anna-schuhe\/\" \/>\n<meta property=\"og:locale\" content=\"fr_FR\" \/>\n<meta property=\"og:type\" content=\"article\" \/>\n<meta property=\"og:title\" content=\"Frozen Frozen 2 Anna Schuhe | Jetzt kaufen | Schweizversand.ch\" \/>\n<meta property=\"og:description\" content=\"Frozen Frozen 2 Anna Schuhe g\u00fcnstig kaufen bei Schweizversand.ch. Schnelle Lieferung in der Schweiz. Gratisversand ab CHF 50.\" \/>\n<meta property=\"og:url\" content=\"https:\/\/schweizversand.ch\/fr\/produkt\/frozen-frozen-2-anna-schuhe\/\" \/>\n<meta property=\"og:site_name\" content=\"Schweizer Shop f\u00fcr Sport, Spiel und Freizeit\" \/>\n<meta property=\"article:publisher\" content=\"https:\/\/www.facebook.com\/Schweizversand\" \/>\n<meta property=\"article:modified_time\" content=\"2026-04-20T00:04:38+00:00\" \/>\n<meta property=\"og:image\" content=\"https:\/\/schweizversand.ch\/wp-content\/uploads\/2026\/02\/5472116632.jpg\" \/>\n\t<meta property=\"og:image:width\" content=\"1024\" \/>\n\t<meta property=\"og:image:height\" content=\"647\" \/>\n\t<meta property=\"og:image:type\" content=\"image\/jpeg\" \/>\n<meta name=\"twitter:card\" content=\"summary_large_image\" \/>\n<meta name=\"twitter:label1\" content=\"Dur\u00e9e de lecture estim\u00e9e\" \/>\n\t<meta name=\"twitter:data1\" content=\"2 minutes\" \/>\n<script type=\"application\/ld+json\" class=\"yoast-schema-graph\">{\"@context\":\"https:\\\/\\\/schema.org\",\"@graph\":[{\"@type\":\"WebPage\",\"@id\":\"https:\\\/\\\/schweizversand.ch\\\/fr\\\/produkt\\\/frozen-frozen-2-anna-schuhe\\\/\",\"url\":\"https:\\\/\\\/schweizversand.ch\\\/fr\\\/produkt\\\/frozen-frozen-2-anna-schuhe\\\/\",\"name\":\"Frozen Frozen 2 Anna Schuhe | Jetzt kaufen | Schweizversand.ch\",\"isPartOf\":{\"@id\":\"https:\\\/\\\/schweizversand.ch\\\/fr\\\/#website\"},\"primaryImageOfPage\":{\"@id\":\"https:\\\/\\\/schweizversand.ch\\\/fr\\\/produkt\\\/frozen-frozen-2-anna-schuhe\\\/#primaryimage\"},\"image\":{\"@id\":\"https:\\\/\\\/schweizversand.ch\\\/fr\\\/produkt\\\/frozen-frozen-2-anna-schuhe\\\/#primaryimage\"},\"thumbnailUrl\":\"https:\\\/\\\/schweizversand.ch\\\/wp-content\\\/uploads\\\/2026\\\/02\\\/5472116632.jpg\",\"datePublished\":\"2026-03-14T23:57:32+00:00\",\"dateModified\":\"2026-04-20T00:04:38+00:00\",\"description\":\"Frozen Frozen 2 Anna Schuhe g\u00fcnstig kaufen bei Schweizversand.ch. Schnelle Lieferung in der Schweiz. Gratisversand ab CHF 50.\",\"breadcrumb\":{\"@id\":\"https:\\\/\\\/schweizversand.ch\\\/fr\\\/produkt\\\/frozen-frozen-2-anna-schuhe\\\/#breadcrumb\"},\"inLanguage\":\"fr-FR\",\"potentialAction\":[{\"@type\":\"ReadAction\",\"target\":[\"https:\\\/\\\/schweizversand.ch\\\/fr\\\/produkt\\\/frozen-frozen-2-anna-schuhe\\\/\"]}]},{\"@type\":\"ImageObject\",\"inLanguage\":\"fr-FR\",\"@id\":\"https:\\\/\\\/schweizversand.ch\\\/fr\\\/produkt\\\/frozen-frozen-2-anna-schuhe\\\/#primaryimage\",\"url\":\"https:\\\/\\\/schweizversand.ch\\\/wp-content\\\/uploads\\\/2026\\\/02\\\/5472116632.jpg\",\"contentUrl\":\"https:\\\/\\\/schweizversand.ch\\\/wp-content\\\/uploads\\\/2026\\\/02\\\/5472116632.jpg\",\"width\":1024,\"height\":647},{\"@type\":\"BreadcrumbList\",\"@id\":\"https:\\\/\\\/schweizversand.ch\\\/fr\\\/produkt\\\/frozen-frozen-2-anna-schuhe\\\/#breadcrumb\",\"itemListElement\":[{\"@type\":\"ListItem\",\"position\":1,\"name\":\"Startseite\",\"item\":\"https:\\\/\\\/schweizversand.ch\\\/fr\\\/home\\\/\"},{\"@type\":\"ListItem\",\"position\":2,\"name\":\"Boutique\",\"item\":\"https:\\\/\\\/schweizversand.ch\\\/fr\\\/boutique\\\/\"},{\"@type\":\"ListItem\",\"position\":3,\"name\":\"Mode\",\"item\":\"https:\\\/\\\/schweizversand.ch\\\/fr\\\/produkt-kategorie\\\/mode-fr\\\/\"},{\"@type\":\"ListItem\",\"position\":4,\"name\":\"Mode enfantine\",\"item\":\"https:\\\/\\\/schweizversand.ch\\\/fr\\\/produkt-kategorie\\\/mode-fr\\\/mode-enfantine\\\/\"},{\"@type\":\"ListItem\",\"position\":5,\"name\":\"Chaussures pour enfants\",\"item\":\"https:\\\/\\\/schweizversand.ch\\\/fr\\\/produkt-kategorie\\\/mode-fr\\\/mode-enfantine\\\/kinderschuhe\\\/\"},{\"@type\":\"ListItem\",\"position\":6,\"name\":\"Chaussures Anna de La Reine des Neiges 2\"}]},{\"@type\":\"WebSite\",\"@id\":\"https:\\\/\\\/schweizversand.ch\\\/fr\\\/#website\",\"url\":\"https:\\\/\\\/schweizversand.ch\\\/fr\\\/\",\"name\":\"Schweizer Shop f\u00fcr Sport, Spiel und Freizeit\",\"description\":\"Gratisversand ab 50.- (netto), ab eigenem schweizer Lager, Lieferung innert 48h\",\"publisher\":{\"@id\":\"https:\\\/\\\/schweizversand.ch\\\/fr\\\/#organization\"},\"alternateName\":\"Schweizversand.ch\",\"potentialAction\":[{\"@type\":\"SearchAction\",\"target\":{\"@type\":\"EntryPoint\",\"urlTemplate\":\"https:\\\/\\\/schweizversand.ch\\\/fr\\\/?s={search_term_string}\"},\"query-input\":{\"@type\":\"PropertyValueSpecification\",\"valueRequired\":true,\"valueName\":\"search_term_string\"}}],\"inLanguage\":\"fr-FR\"},{\"@type\":\"Organization\",\"@id\":\"https:\\\/\\\/schweizversand.ch\\\/fr\\\/#organization\",\"name\":\"Schweizversand.ch\",\"url\":\"https:\\\/\\\/schweizversand.ch\\\/fr\\\/\",\"logo\":{\"@type\":\"ImageObject\",\"inLanguage\":\"fr-FR\",\"@id\":\"https:\\\/\\\/schweizversand.ch\\\/fr\\\/#\\\/schema\\\/logo\\\/image\\\/\",\"url\":\"https:\\\/\\\/schweizversand.ch\\\/wp-content\\\/uploads\\\/2026\\\/03\\\/Logo_Rund_Final-1.png\",\"contentUrl\":\"https:\\\/\\\/schweizversand.ch\\\/wp-content\\\/uploads\\\/2026\\\/03\\\/Logo_Rund_Final-1.png\",\"width\":404,\"height\":404,\"caption\":\"Schweizversand.ch\"},\"image\":{\"@id\":\"https:\\\/\\\/schweizversand.ch\\\/fr\\\/#\\\/schema\\\/logo\\\/image\\\/\"},\"sameAs\":[\"https:\\\/\\\/www.facebook.com\\\/Schweizversand\",\"https:\\\/\\\/www.instagram.com\\\/schweizversand.ch\\\/\"]}]}<\/script>\n<!-- \/ Yoast SEO plugin. -->","yoast_head_json":{"title":"Frozen Frozen 2 Anna Schuhe | Jetzt kaufen | Schweizversand.ch","description":"Frozen Frozen 2 Anna Schuhe g\u00fcnstig kaufen bei Schweizversand.ch. Schnelle Lieferung in der Schweiz. Gratisversand ab CHF 50.","robots":{"index":"index","follow":"follow","max-snippet":"max-snippet:-1","max-image-preview":"max-image-preview:large","max-video-preview":"max-video-preview:-1"},"canonical":"https:\/\/schweizversand.ch\/fr\/produkt\/frozen-frozen-2-anna-schuhe\/","og_locale":"fr_FR","og_type":"article","og_title":"Frozen Frozen 2 Anna Schuhe | Jetzt kaufen | Schweizversand.ch","og_description":"Frozen Frozen 2 Anna Schuhe g\u00fcnstig kaufen bei Schweizversand.ch. Schnelle Lieferung in der Schweiz. Gratisversand ab CHF 50.","og_url":"https:\/\/schweizversand.ch\/fr\/produkt\/frozen-frozen-2-anna-schuhe\/","og_site_name":"Schweizer Shop f\u00fcr Sport, Spiel und Freizeit","article_publisher":"https:\/\/www.facebook.com\/Schweizversand","article_modified_time":"2026-04-20T00:04:38+00:00","og_image":[{"width":1024,"height":647,"url":"https:\/\/schweizversand.ch\/wp-content\/uploads\/2026\/02\/5472116632.jpg","type":"image\/jpeg"}],"twitter_card":"summary_large_image","twitter_misc":{"Dur\u00e9e de lecture estim\u00e9e":"2 minutes"},"schema":{"@context":"https:\/\/schema.org","@graph":[{"@type":"WebPage","@id":"https:\/\/schweizversand.ch\/fr\/produkt\/frozen-frozen-2-anna-schuhe\/","url":"https:\/\/schweizversand.ch\/fr\/produkt\/frozen-frozen-2-anna-schuhe\/","name":"Frozen Frozen 2 Anna Schuhe | Jetzt kaufen | Schweizversand.ch","isPartOf":{"@id":"https:\/\/schweizversand.ch\/fr\/#website"},"primaryImageOfPage":{"@id":"https:\/\/schweizversand.ch\/fr\/produkt\/frozen-frozen-2-anna-schuhe\/#primaryimage"},"image":{"@id":"https:\/\/schweizversand.ch\/fr\/produkt\/frozen-frozen-2-anna-schuhe\/#primaryimage"},"thumbnailUrl":"https:\/\/schweizversand.ch\/wp-content\/uploads\/2026\/02\/5472116632.jpg","datePublished":"2026-03-14T23:57:32+00:00","dateModified":"2026-04-20T00:04:38+00:00","description":"Frozen Frozen 2 Anna Schuhe g\u00fcnstig kaufen bei Schweizversand.ch. Schnelle Lieferung in der Schweiz. Gratisversand ab CHF 50.","breadcrumb":{"@id":"https:\/\/schweizversand.ch\/fr\/produkt\/frozen-frozen-2-anna-schuhe\/#breadcrumb"},"inLanguage":"fr-FR","potentialAction":[{"@type":"ReadAction","target":["https:\/\/schweizversand.ch\/fr\/produkt\/frozen-frozen-2-anna-schuhe\/"]}]},{"@type":"ImageObject","inLanguage":"fr-FR","@id":"https:\/\/schweizversand.ch\/fr\/produkt\/frozen-frozen-2-anna-schuhe\/#primaryimage","url":"https:\/\/schweizversand.ch\/wp-content\/uploads\/2026\/02\/5472116632.jpg","contentUrl":"https:\/\/schweizversand.ch\/wp-content\/uploads\/2026\/02\/5472116632.jpg","width":1024,"height":647},{"@type":"BreadcrumbList","@id":"https:\/\/schweizversand.ch\/fr\/produkt\/frozen-frozen-2-anna-schuhe\/#breadcrumb","itemListElement":[{"@type":"ListItem","position":1,"name":"Startseite","item":"https:\/\/schweizversand.ch\/fr\/home\/"},{"@type":"ListItem","position":2,"name":"Boutique","item":"https:\/\/schweizversand.ch\/fr\/boutique\/"},{"@type":"ListItem","position":3,"name":"Mode","item":"https:\/\/schweizversand.ch\/fr\/produkt-kategorie\/mode-fr\/"},{"@type":"ListItem","position":4,"name":"Mode enfantine","item":"https:\/\/schweizversand.ch\/fr\/produkt-kategorie\/mode-fr\/mode-enfantine\/"},{"@type":"ListItem","position":5,"name":"Chaussures pour enfants","item":"https:\/\/schweizversand.ch\/fr\/produkt-kategorie\/mode-fr\/mode-enfantine\/kinderschuhe\/"},{"@type":"ListItem","position":6,"name":"Chaussures Anna de La Reine des Neiges 2"}]},{"@type":"WebSite","@id":"https:\/\/schweizversand.ch\/fr\/#website","url":"https:\/\/schweizversand.ch\/fr\/","name":"Schweizer Shop f\u00fcr Sport, Spiel und Freizeit","description":"Gratisversand ab 50.- (netto), ab eigenem schweizer Lager, Lieferung innert 48h","publisher":{"@id":"https:\/\/schweizversand.ch\/fr\/#organization"},"alternateName":"Schweizversand.ch","potentialAction":[{"@type":"SearchAction","target":{"@type":"EntryPoint","urlTemplate":"https:\/\/schweizversand.ch\/fr\/?s={search_term_string}"},"query-input":{"@type":"PropertyValueSpecification","valueRequired":true,"valueName":"search_term_string"}}],"inLanguage":"fr-FR"},{"@type":"Organization","@id":"https:\/\/schweizversand.ch\/fr\/#organization","name":"Schweizversand.ch","url":"https:\/\/schweizversand.ch\/fr\/","logo":{"@type":"ImageObject","inLanguage":"fr-FR","@id":"https:\/\/schweizversand.ch\/fr\/#\/schema\/logo\/image\/","url":"https:\/\/schweizversand.ch\/wp-content\/uploads\/2026\/03\/Logo_Rund_Final-1.png","contentUrl":"https:\/\/schweizversand.ch\/wp-content\/uploads\/2026\/03\/Logo_Rund_Final-1.png","width":404,"height":404,"caption":"Schweizversand.ch"},"image":{"@id":"https:\/\/schweizversand.ch\/fr\/#\/schema\/logo\/image\/"},"sameAs":["https:\/\/www.facebook.com\/Schweizversand","https:\/\/www.instagram.com\/schweizversand.ch\/"]}]}},"jetpack_sharing_enabled":true,"_links":{"self":[{"href":"https:\/\/schweizversand.ch\/fr\/wp-json\/wp\/v2\/product\/253980","targetHints":{"allow":["GET"]}}],"collection":[{"href":"https:\/\/schweizversand.ch\/fr\/wp-json\/wp\/v2\/product"}],"about":[{"href":"https:\/\/schweizversand.ch\/fr\/wp-json\/wp\/v2\/types\/product"}],"replies":[{"embeddable":true,"href":"https:\/\/schweizversand.ch\/fr\/wp-json\/wp\/v2\/comments?post=253980"}],"wp:featuredmedia":[{"embeddable":true,"href":"https:\/\/schweizversand.ch\/fr\/wp-json\/wp\/v2\/media\/166203"}],"wp:attachment":[{"href":"https:\/\/schweizversand.ch\/fr\/wp-json\/wp\/v2\/media?parent=253980"}],"wp:term":[{"taxonomy":"product_brand","embeddable":true,"href":"https:\/\/schweizversand.ch\/fr\/wp-json\/wp\/v2\/product_brand?post=253980"},{"taxonomy":"product_cat","embeddable":true,"href":"https:\/\/schweizversand.ch\/fr\/wp-json\/wp\/v2\/product_cat?post=253980"},{"taxonomy":"product_tag","embeddable":true,"href":"https:\/\/schweizversand.ch\/fr\/wp-json\/wp\/v2\/product_tag?post=253980"}],"curies":[{"name":"wp","href":"https:\/\/api.w.org\/{rel}","templated":true}]}}