{"id":253981,"date":"2026-03-15T00:57:32","date_gmt":"2026-03-14T23:57:32","guid":{"rendered":"https:\/\/schweizversand.ch\/produkt\/jazwares-devseries-ueberraschungsfiguren\/"},"modified":"2026-04-22T15:35:38","modified_gmt":"2026-04-22T13:35:38","slug":"jazwares-devseries-ueberraschungsfiguren","status":"publish","type":"product","link":"https:\/\/schweizversand.ch\/fr\/produkt\/jazwares-devseries-ueberraschungsfiguren\/","title":{"rendered":"Figurines surprises DevSeries de Jazware"},"content":{"rendered":"<p>Figurines Surprise DevSeries \u2013 Vivez une exp\u00e9rience de jeu ultime\u00a0!<\/p>\n<p>Plongez dans l&rsquo;univers des figurines surprises DevSeries et d\u00e9couvrez des personnages passionnants issus de vos jeux pr\u00e9f\u00e9r\u00e9s\u00a0! Chaque sachet surprise contient l&rsquo;une des 12 figurines exclusives (environ 7\u00a0cm de haut) repr\u00e9sentant des personnages uniques de diff\u00e9rents univers de jeux populaires. Qui sera votre nouveau compagnon de jeu\u00a0?<\/p>\n<p>D\u00e9tails magiques\u00a0:<\/p>\n<p>\u2022 12 figurines diff\u00e9rentes\u00a0: D\u00e9couvrez laquelle des 12 figurines passionnantes se cache dans votre sachet surprise\u00a0! Que ce soit le Cowboy, l&rsquo;Officier et le Docteur de Brookhaven, le Pirate et le Gangster d&rsquo;Arsenal Reloaded, ou Emma et Jake de Hide and Seek Extreme, chaque figurine poss\u00e8de son propre charme.<\/p>\n<p>\u2022 Figurines combinables\u00a0: Toutes les figurines sont con\u00e7ues pour que vous puissiez les m\u00e9langer et les associer afin de cr\u00e9er votre propre personnage et vivre de nouvelles aventures palpitantes.<\/p>\n<p>\u2022 Code exclusif pour objets virtuels\u00a0: Chaque sachet surprise contient un code virtuel qui d\u00e9bloque du contenu exclusif en jeu pour le personnage correspondant. Ainsi, vous obtenez non seulement une figurine styl\u00e9e, mais aussi des bonus exclusifs pour votre jeu.<\/p>\n<p>\u2022 Produit sous licence officielle\u00a0: Ces figurines sont sous licence officielle Jazwares et garantissent une qualit\u00e9 optimale.<\/p>\n<p>\u2022 Pour les collectionneurs et les joueurs passionn\u00e9s\u00a0:<\/p>\n<p>\u2022 Objet de collection id\u00e9al\u00a0: Collectionnez les 12 figurines et affichez votre passion pour les d\u00e9veloppeurs et leurs personnages embl\u00e9matiques.<\/p>\n<p>\u2022 Pour tous d\u00e8s 6\u00a0ans\u00a0: Ces figurines sont parfaites pour les joueurs qui souhaitent enrichir leur collection et rendre le jeu encore plus captivant gr\u00e2ce \u00e0 des objets virtuels.<\/p>\n<p>Contenu\u00a0:<\/p>\n<p>\u2022 1 figurine surprise DevSeries (choisie au hasard)<\/p>\n<p>Rejoignez l\u2019univers DevSeries et obtenez les figurines surprises pour une exp\u00e9rience de jeu ultime\u00a0!<\/p>\n","protected":false},"excerpt":{"rendered":"<p>Figurines Surprise DevSeries \u2013 Vivez une exp\u00e9rience de jeu ultime\u00a0! Plongez dans l&rsquo;univers des figurines surprises DevSeries et d\u00e9couvrez des personnages passionnants issus de vos jeux pr\u00e9f\u00e9r\u00e9s\u00a0! Chaque sachet surprise contient l&rsquo;une des 12 figurines exclusives (environ 7\u00a0cm de haut) repr\u00e9sentant des personnages uniques de diff\u00e9rents univers de jeux populaires. Qui sera votre nouveau compagnon de jeu\u00a0? D\u00e9tails magiques\u00a0: \u2022 12 figurines diff\u00e9rentes\u00a0: D\u00e9couvrez laquelle des 12 figurines passionnantes se cache dans votre sachet surprise\u00a0!&hellip;<\/p>\n","protected":false},"featured_media":166209,"comment_status":"open","ping_status":"closed","template":"","meta":[],"product_brand":[],"product_cat":[38097],"product_tag":[],"class_list":{"0":"post-253981","1":"product","2":"type-product","3":"status-publish","4":"has-post-thumbnail","6":"product_cat-spielzeugfigur-roboter","7":"product_shipping_class-global_methods","9":"first","10":"instock","11":"taxable","12":"shipping-taxable","13":"purchasable","14":"product-type-simple"},"yoast_head":"<!-- This site is optimized with the Yoast SEO plugin v27.4 - https:\/\/yoast.com\/product\/yoast-seo-wordpress\/ -->\n<title>Jazwares DevSeries \u00dcberraschungsfiguren | Jetzt kaufen | Schweizversand.ch<\/title>\n<meta name=\"description\" content=\"Jazwares DevSeries \u00dcberraschungsfiguren g\u00fcnstig kaufen bei Schweizversand.ch. Schnelle Lieferung in der Schweiz. Gratisversand ab CHF 50.\" \/>\n<meta name=\"robots\" content=\"index, follow, max-snippet:-1, max-image-preview:large, max-video-preview:-1\" \/>\n<link rel=\"canonical\" href=\"https:\/\/schweizversand.ch\/fr\/produkt\/jazwares-devseries-ueberraschungsfiguren\/\" \/>\n<meta property=\"og:locale\" content=\"fr_FR\" \/>\n<meta property=\"og:type\" content=\"article\" \/>\n<meta property=\"og:title\" content=\"Jazwares DevSeries \u00dcberraschungsfiguren | Jetzt kaufen | Schweizversand.ch\" \/>\n<meta property=\"og:description\" content=\"Jazwares DevSeries \u00dcberraschungsfiguren g\u00fcnstig kaufen bei Schweizversand.ch. Schnelle Lieferung in der Schweiz. Gratisversand ab CHF 50.\" \/>\n<meta property=\"og:url\" content=\"https:\/\/schweizversand.ch\/fr\/produkt\/jazwares-devseries-ueberraschungsfiguren\/\" \/>\n<meta property=\"og:site_name\" content=\"Schweizer Shop f\u00fcr Sport, Spiel und Freizeit\" \/>\n<meta property=\"article:publisher\" content=\"https:\/\/www.facebook.com\/Schweizversand\" \/>\n<meta property=\"article:modified_time\" content=\"2026-04-22T13:35:38+00:00\" \/>\n<meta property=\"og:image\" content=\"https:\/\/schweizversand.ch\/wp-content\/uploads\/2026\/02\/5471789282.jpg\" \/>\n\t<meta property=\"og:image:width\" content=\"1024\" \/>\n\t<meta property=\"og:image:height\" content=\"1024\" \/>\n\t<meta property=\"og:image:type\" content=\"image\/jpeg\" \/>\n<meta name=\"twitter:card\" content=\"summary_large_image\" \/>\n<meta name=\"twitter:label1\" content=\"Dur\u00e9e de lecture estim\u00e9e\" \/>\n\t<meta name=\"twitter:data1\" content=\"1 minute\" \/>\n<script type=\"application\/ld+json\" class=\"yoast-schema-graph\">{\"@context\":\"https:\\\/\\\/schema.org\",\"@graph\":[{\"@type\":\"WebPage\",\"@id\":\"https:\\\/\\\/schweizversand.ch\\\/fr\\\/produkt\\\/jazwares-devseries-ueberraschungsfiguren\\\/\",\"url\":\"https:\\\/\\\/schweizversand.ch\\\/fr\\\/produkt\\\/jazwares-devseries-ueberraschungsfiguren\\\/\",\"name\":\"Jazwares DevSeries \u00dcberraschungsfiguren | Jetzt kaufen | Schweizversand.ch\",\"isPartOf\":{\"@id\":\"https:\\\/\\\/schweizversand.ch\\\/fr\\\/#website\"},\"primaryImageOfPage\":{\"@id\":\"https:\\\/\\\/schweizversand.ch\\\/fr\\\/produkt\\\/jazwares-devseries-ueberraschungsfiguren\\\/#primaryimage\"},\"image\":{\"@id\":\"https:\\\/\\\/schweizversand.ch\\\/fr\\\/produkt\\\/jazwares-devseries-ueberraschungsfiguren\\\/#primaryimage\"},\"thumbnailUrl\":\"https:\\\/\\\/schweizversand.ch\\\/wp-content\\\/uploads\\\/2026\\\/02\\\/5471789282.jpg\",\"datePublished\":\"2026-03-14T23:57:32+00:00\",\"dateModified\":\"2026-04-22T13:35:38+00:00\",\"description\":\"Jazwares DevSeries \u00dcberraschungsfiguren g\u00fcnstig kaufen bei Schweizversand.ch. Schnelle Lieferung in der Schweiz. Gratisversand ab CHF 50.\",\"breadcrumb\":{\"@id\":\"https:\\\/\\\/schweizversand.ch\\\/fr\\\/produkt\\\/jazwares-devseries-ueberraschungsfiguren\\\/#breadcrumb\"},\"inLanguage\":\"fr-FR\",\"potentialAction\":[{\"@type\":\"ReadAction\",\"target\":[\"https:\\\/\\\/schweizversand.ch\\\/fr\\\/produkt\\\/jazwares-devseries-ueberraschungsfiguren\\\/\"]}]},{\"@type\":\"ImageObject\",\"inLanguage\":\"fr-FR\",\"@id\":\"https:\\\/\\\/schweizversand.ch\\\/fr\\\/produkt\\\/jazwares-devseries-ueberraschungsfiguren\\\/#primaryimage\",\"url\":\"https:\\\/\\\/schweizversand.ch\\\/wp-content\\\/uploads\\\/2026\\\/02\\\/5471789282.jpg\",\"contentUrl\":\"https:\\\/\\\/schweizversand.ch\\\/wp-content\\\/uploads\\\/2026\\\/02\\\/5471789282.jpg\",\"width\":1024,\"height\":1024},{\"@type\":\"BreadcrumbList\",\"@id\":\"https:\\\/\\\/schweizversand.ch\\\/fr\\\/produkt\\\/jazwares-devseries-ueberraschungsfiguren\\\/#breadcrumb\",\"itemListElement\":[{\"@type\":\"ListItem\",\"position\":1,\"name\":\"Startseite\",\"item\":\"https:\\\/\\\/schweizversand.ch\\\/fr\\\/home\\\/\"},{\"@type\":\"ListItem\",\"position\":2,\"name\":\"Boutique\",\"item\":\"https:\\\/\\\/schweizversand.ch\\\/fr\\\/boutique\\\/\"},{\"@type\":\"ListItem\",\"position\":3,\"name\":\"Jouets et jeux\",\"item\":\"https:\\\/\\\/schweizversand.ch\\\/fr\\\/produkt-kategorie\\\/jouets-et-jeux\\\/\"},{\"@type\":\"ListItem\",\"position\":4,\"name\":\"Figurines et poup\u00e9es\",\"item\":\"https:\\\/\\\/schweizversand.ch\\\/fr\\\/produkt-kategorie\\\/jouets-et-jeux\\\/figurines-et-poupees\\\/\"},{\"@type\":\"ListItem\",\"position\":5,\"name\":\"Figurines et robots\",\"item\":\"https:\\\/\\\/schweizversand.ch\\\/fr\\\/produkt-kategorie\\\/jouets-et-jeux\\\/figurines-et-poupees\\\/spielzeugfigur-roboter\\\/\"},{\"@type\":\"ListItem\",\"position\":6,\"name\":\"Figurines surprises DevSeries de Jazware\"}]},{\"@type\":\"WebSite\",\"@id\":\"https:\\\/\\\/schweizversand.ch\\\/fr\\\/#website\",\"url\":\"https:\\\/\\\/schweizversand.ch\\\/fr\\\/\",\"name\":\"Schweizer Shop f\u00fcr Sport, Spiel und Freizeit\",\"description\":\"Gratisversand ab 50.- (netto), ab eigenem schweizer Lager, Lieferung innert 48h\",\"publisher\":{\"@id\":\"https:\\\/\\\/schweizversand.ch\\\/fr\\\/#organization\"},\"alternateName\":\"Schweizversand.ch\",\"potentialAction\":[{\"@type\":\"SearchAction\",\"target\":{\"@type\":\"EntryPoint\",\"urlTemplate\":\"https:\\\/\\\/schweizversand.ch\\\/fr\\\/?s={search_term_string}\"},\"query-input\":{\"@type\":\"PropertyValueSpecification\",\"valueRequired\":true,\"valueName\":\"search_term_string\"}}],\"inLanguage\":\"fr-FR\"},{\"@type\":\"Organization\",\"@id\":\"https:\\\/\\\/schweizversand.ch\\\/fr\\\/#organization\",\"name\":\"Schweizversand.ch\",\"url\":\"https:\\\/\\\/schweizversand.ch\\\/fr\\\/\",\"logo\":{\"@type\":\"ImageObject\",\"inLanguage\":\"fr-FR\",\"@id\":\"https:\\\/\\\/schweizversand.ch\\\/fr\\\/#\\\/schema\\\/logo\\\/image\\\/\",\"url\":\"https:\\\/\\\/schweizversand.ch\\\/wp-content\\\/uploads\\\/2026\\\/03\\\/Logo_Rund_Final-1.png\",\"contentUrl\":\"https:\\\/\\\/schweizversand.ch\\\/wp-content\\\/uploads\\\/2026\\\/03\\\/Logo_Rund_Final-1.png\",\"width\":404,\"height\":404,\"caption\":\"Schweizversand.ch\"},\"image\":{\"@id\":\"https:\\\/\\\/schweizversand.ch\\\/fr\\\/#\\\/schema\\\/logo\\\/image\\\/\"},\"sameAs\":[\"https:\\\/\\\/www.facebook.com\\\/Schweizversand\",\"https:\\\/\\\/www.instagram.com\\\/schweizversand.ch\\\/\"]}]}<\/script>\n<!-- \/ Yoast SEO plugin. -->","yoast_head_json":{"title":"Jazwares DevSeries \u00dcberraschungsfiguren | Jetzt kaufen | Schweizversand.ch","description":"Jazwares DevSeries \u00dcberraschungsfiguren g\u00fcnstig kaufen bei Schweizversand.ch. Schnelle Lieferung in der Schweiz. Gratisversand ab CHF 50.","robots":{"index":"index","follow":"follow","max-snippet":"max-snippet:-1","max-image-preview":"max-image-preview:large","max-video-preview":"max-video-preview:-1"},"canonical":"https:\/\/schweizversand.ch\/fr\/produkt\/jazwares-devseries-ueberraschungsfiguren\/","og_locale":"fr_FR","og_type":"article","og_title":"Jazwares DevSeries \u00dcberraschungsfiguren | Jetzt kaufen | Schweizversand.ch","og_description":"Jazwares DevSeries \u00dcberraschungsfiguren g\u00fcnstig kaufen bei Schweizversand.ch. Schnelle Lieferung in der Schweiz. Gratisversand ab CHF 50.","og_url":"https:\/\/schweizversand.ch\/fr\/produkt\/jazwares-devseries-ueberraschungsfiguren\/","og_site_name":"Schweizer Shop f\u00fcr Sport, Spiel und Freizeit","article_publisher":"https:\/\/www.facebook.com\/Schweizversand","article_modified_time":"2026-04-22T13:35:38+00:00","og_image":[{"width":1024,"height":1024,"url":"https:\/\/schweizversand.ch\/wp-content\/uploads\/2026\/02\/5471789282.jpg","type":"image\/jpeg"}],"twitter_card":"summary_large_image","twitter_misc":{"Dur\u00e9e de lecture estim\u00e9e":"1 minute"},"schema":{"@context":"https:\/\/schema.org","@graph":[{"@type":"WebPage","@id":"https:\/\/schweizversand.ch\/fr\/produkt\/jazwares-devseries-ueberraschungsfiguren\/","url":"https:\/\/schweizversand.ch\/fr\/produkt\/jazwares-devseries-ueberraschungsfiguren\/","name":"Jazwares DevSeries \u00dcberraschungsfiguren | Jetzt kaufen | Schweizversand.ch","isPartOf":{"@id":"https:\/\/schweizversand.ch\/fr\/#website"},"primaryImageOfPage":{"@id":"https:\/\/schweizversand.ch\/fr\/produkt\/jazwares-devseries-ueberraschungsfiguren\/#primaryimage"},"image":{"@id":"https:\/\/schweizversand.ch\/fr\/produkt\/jazwares-devseries-ueberraschungsfiguren\/#primaryimage"},"thumbnailUrl":"https:\/\/schweizversand.ch\/wp-content\/uploads\/2026\/02\/5471789282.jpg","datePublished":"2026-03-14T23:57:32+00:00","dateModified":"2026-04-22T13:35:38+00:00","description":"Jazwares DevSeries \u00dcberraschungsfiguren g\u00fcnstig kaufen bei Schweizversand.ch. Schnelle Lieferung in der Schweiz. Gratisversand ab CHF 50.","breadcrumb":{"@id":"https:\/\/schweizversand.ch\/fr\/produkt\/jazwares-devseries-ueberraschungsfiguren\/#breadcrumb"},"inLanguage":"fr-FR","potentialAction":[{"@type":"ReadAction","target":["https:\/\/schweizversand.ch\/fr\/produkt\/jazwares-devseries-ueberraschungsfiguren\/"]}]},{"@type":"ImageObject","inLanguage":"fr-FR","@id":"https:\/\/schweizversand.ch\/fr\/produkt\/jazwares-devseries-ueberraschungsfiguren\/#primaryimage","url":"https:\/\/schweizversand.ch\/wp-content\/uploads\/2026\/02\/5471789282.jpg","contentUrl":"https:\/\/schweizversand.ch\/wp-content\/uploads\/2026\/02\/5471789282.jpg","width":1024,"height":1024},{"@type":"BreadcrumbList","@id":"https:\/\/schweizversand.ch\/fr\/produkt\/jazwares-devseries-ueberraschungsfiguren\/#breadcrumb","itemListElement":[{"@type":"ListItem","position":1,"name":"Startseite","item":"https:\/\/schweizversand.ch\/fr\/home\/"},{"@type":"ListItem","position":2,"name":"Boutique","item":"https:\/\/schweizversand.ch\/fr\/boutique\/"},{"@type":"ListItem","position":3,"name":"Jouets et jeux","item":"https:\/\/schweizversand.ch\/fr\/produkt-kategorie\/jouets-et-jeux\/"},{"@type":"ListItem","position":4,"name":"Figurines et poup\u00e9es","item":"https:\/\/schweizversand.ch\/fr\/produkt-kategorie\/jouets-et-jeux\/figurines-et-poupees\/"},{"@type":"ListItem","position":5,"name":"Figurines et robots","item":"https:\/\/schweizversand.ch\/fr\/produkt-kategorie\/jouets-et-jeux\/figurines-et-poupees\/spielzeugfigur-roboter\/"},{"@type":"ListItem","position":6,"name":"Figurines surprises DevSeries de Jazware"}]},{"@type":"WebSite","@id":"https:\/\/schweizversand.ch\/fr\/#website","url":"https:\/\/schweizversand.ch\/fr\/","name":"Schweizer Shop f\u00fcr Sport, Spiel und Freizeit","description":"Gratisversand ab 50.- (netto), ab eigenem schweizer Lager, Lieferung innert 48h","publisher":{"@id":"https:\/\/schweizversand.ch\/fr\/#organization"},"alternateName":"Schweizversand.ch","potentialAction":[{"@type":"SearchAction","target":{"@type":"EntryPoint","urlTemplate":"https:\/\/schweizversand.ch\/fr\/?s={search_term_string}"},"query-input":{"@type":"PropertyValueSpecification","valueRequired":true,"valueName":"search_term_string"}}],"inLanguage":"fr-FR"},{"@type":"Organization","@id":"https:\/\/schweizversand.ch\/fr\/#organization","name":"Schweizversand.ch","url":"https:\/\/schweizversand.ch\/fr\/","logo":{"@type":"ImageObject","inLanguage":"fr-FR","@id":"https:\/\/schweizversand.ch\/fr\/#\/schema\/logo\/image\/","url":"https:\/\/schweizversand.ch\/wp-content\/uploads\/2026\/03\/Logo_Rund_Final-1.png","contentUrl":"https:\/\/schweizversand.ch\/wp-content\/uploads\/2026\/03\/Logo_Rund_Final-1.png","width":404,"height":404,"caption":"Schweizversand.ch"},"image":{"@id":"https:\/\/schweizversand.ch\/fr\/#\/schema\/logo\/image\/"},"sameAs":["https:\/\/www.facebook.com\/Schweizversand","https:\/\/www.instagram.com\/schweizversand.ch\/"]}]}},"jetpack_sharing_enabled":true,"_links":{"self":[{"href":"https:\/\/schweizversand.ch\/fr\/wp-json\/wp\/v2\/product\/253981","targetHints":{"allow":["GET"]}}],"collection":[{"href":"https:\/\/schweizversand.ch\/fr\/wp-json\/wp\/v2\/product"}],"about":[{"href":"https:\/\/schweizversand.ch\/fr\/wp-json\/wp\/v2\/types\/product"}],"replies":[{"embeddable":true,"href":"https:\/\/schweizversand.ch\/fr\/wp-json\/wp\/v2\/comments?post=253981"}],"wp:featuredmedia":[{"embeddable":true,"href":"https:\/\/schweizversand.ch\/fr\/wp-json\/wp\/v2\/media\/166209"}],"wp:attachment":[{"href":"https:\/\/schweizversand.ch\/fr\/wp-json\/wp\/v2\/media?parent=253981"}],"wp:term":[{"taxonomy":"product_brand","embeddable":true,"href":"https:\/\/schweizversand.ch\/fr\/wp-json\/wp\/v2\/product_brand?post=253981"},{"taxonomy":"product_cat","embeddable":true,"href":"https:\/\/schweizversand.ch\/fr\/wp-json\/wp\/v2\/product_cat?post=253981"},{"taxonomy":"product_tag","embeddable":true,"href":"https:\/\/schweizversand.ch\/fr\/wp-json\/wp\/v2\/product_tag?post=253981"}],"curies":[{"name":"wp","href":"https:\/\/api.w.org\/{rel}","templated":true}]}}