{"id":253985,"date":"2026-03-15T00:57:32","date_gmt":"2026-03-14T23:57:32","guid":{"rendered":"https:\/\/schweizversand.ch\/produkt\/cocomelon-adventskalender-jj-seine-familie-und-freunde\/"},"modified":"2026-04-19T02:05:34","modified_gmt":"2026-04-19T00:05:34","slug":"cocomelon-adventskalender-jj-seine-familie-und-freunde","status":"publish","type":"product","link":"https:\/\/schweizversand.ch\/fr\/produkt\/cocomelon-adventskalender-jj-seine-familie-und-freunde\/","title":{"rendered":"Calendrier de l&rsquo;Avent Cocomelon JJ, sa famille et ses amis"},"content":{"rendered":"<p>Calendrier de l&rsquo;Avent CoComelon \u2013 La magie de No\u00ebl avec JJ et ses amis<\/p>\n<p>Vivez la magie de No\u00ebl avec CoComelon\u00a0! Le calendrier de l&rsquo;Avent CoComelon vous r\u00e9serve chaque jour de nouvelles surprises et vous accompagne comme par magie jusqu&rsquo;\u00e0 No\u00ebl. Derri\u00e8re chacune des 24 portes se cache une figurine CoComelon con\u00e7ue avec amour, mettant en sc\u00e8ne JJ, sa famille et ses amis\u00a0!<\/p>\n<p>Des surprises quotidiennes pour les petits fans de CoComelon<\/p>\n<p>Chaque jour, une nouvelle minifigurine ou un adorable accessoire attend les enfants. Le temps passera vite jusqu&rsquo;\u00e0 No\u00ebl\u00a0! Les figurines sont parfaitement adapt\u00e9es aux petites mains et stimulent l&rsquo;imagination, la collection et l&rsquo;invention d&rsquo;histoires.<\/p>\n<p>Figurines et accessoires aux d\u00e9tails soign\u00e9s<\/p>\n<p>Les figurines articul\u00e9es sont de haute qualit\u00e9 et id\u00e9ales pour recr\u00e9er les sc\u00e8nes de la c\u00e9l\u00e8bre s\u00e9rie CoComelon. Que ce soit une joyeuse balade en tra\u00eeneau, la pr\u00e9paration de biscuits ensemble ou un moment chaleureux au coin du feu, ce calendrier de l&rsquo;Avent promet des heures de plaisir avant No\u00ebl.<\/p>\n<p>Encore plus de CoComelon\u00a0: le cadeau de No\u00ebl id\u00e9al<\/p>\n<p>Le calendrier de l&rsquo;Avent CoComelon est le cadeau id\u00e9al pour les enfants \u00e0 partir de 3\u00a0ans. Associez-le \u00e0 d&rsquo;autres jouets, peluches ou v\u00e9hicules CoComelon pour donner vie \u00e0 l&rsquo;univers color\u00e9 de JJ. Rendez No\u00ebl encore plus magique !<\/p>\n<p>Points forts du produit :<\/p>\n<p>24 cases avec des surprises quotidiennes<\/p>\n<p>Figurines de JJ, sa famille et ses amis incluses<\/p>\n<p>Accessoires con\u00e7us avec soin pour stimuler l&rsquo;imagination<\/p>\n<p>Parfait pour patienter jusqu&rsquo;\u00e0 No\u00ebl<\/p>\n<p>Le cadeau id\u00e9al pour les petits fans de CoComelon<\/p>\n<p>Convient aux enfants de 3 ans et plus<\/p>\n<p>Contenu :<\/p>\n<p>24 figurines et accessoires de l&rsquo;univers CoComelon<br \/>\nFigurines articul\u00e9es de JJ, sa famille et ses amis<\/p>\n<p>Avertissement :<\/p>\n<p>Ne convient pas aux enfants de moins de 3 ans. Petites pi\u00e8ces pouvant \u00eatre aval\u00e9es \u2013 risque d&rsquo;\u00e9touffement !<\/p>\n<p>Conclusion :<\/p>\n<p>Avec le calendrier de l&rsquo;Avent CoComelon \u2013 La magie de No\u00ebl avec JJ et ses amis, l&rsquo;attente de No\u00ebl devient un moment inoubliable ! Chaque jour apporte une nouvelle surprise qui ravit les enfants, stimule leur imagination et adoucit l&rsquo;attente de No\u00ebl.<\/p>\n","protected":false},"excerpt":{"rendered":"<p>Calendrier de l&rsquo;Avent CoComelon \u2013 La magie de No\u00ebl avec JJ et ses amis Vivez la magie de No\u00ebl avec CoComelon\u00a0! Le calendrier de l&rsquo;Avent CoComelon vous r\u00e9serve chaque jour de nouvelles surprises et vous accompagne comme par magie jusqu&rsquo;\u00e0 No\u00ebl. Derri\u00e8re chacune des 24 portes se cache une figurine CoComelon con\u00e7ue avec amour, mettant en sc\u00e8ne JJ, sa famille et ses amis\u00a0! Des surprises quotidiennes pour les petits fans de CoComelon Chaque jour, une&hellip;<\/p>\n","protected":false},"featured_media":166241,"comment_status":"open","ping_status":"closed","template":"","meta":[],"product_brand":[],"product_cat":[38116],"product_tag":[],"class_list":{"0":"post-253985","1":"product","2":"type-product","3":"status-publish","4":"has-post-thumbnail","6":"product_cat-diverses","7":"product_shipping_class-global_methods","9":"first","10":"instock","11":"taxable","12":"shipping-taxable","13":"purchasable","14":"product-type-simple"},"yoast_head":"<!-- This site is optimized with the Yoast SEO plugin v27.4 - https:\/\/yoast.com\/product\/yoast-seo-wordpress\/ -->\n<title>Cocomelon Adventskalender JJ, seine Familie und Freunde | Jetzt kaufen | Schweizversand.ch<\/title>\n<meta name=\"description\" content=\"Cocomelon Adventskalender JJ, seine Familie und Freunde g\u00fcnstig kaufen bei Schweizversand.ch. Schnelle Lieferung in der Schweiz. Gratisversand ab CHF 50.\" \/>\n<meta name=\"robots\" content=\"index, follow, max-snippet:-1, max-image-preview:large, max-video-preview:-1\" \/>\n<link rel=\"canonical\" href=\"https:\/\/schweizversand.ch\/fr\/produkt\/cocomelon-adventskalender-jj-seine-familie-und-freunde\/\" \/>\n<meta property=\"og:locale\" content=\"fr_FR\" \/>\n<meta property=\"og:type\" content=\"article\" \/>\n<meta property=\"og:title\" content=\"Cocomelon Adventskalender JJ, seine Familie und Freunde | Jetzt kaufen | Schweizversand.ch\" \/>\n<meta property=\"og:description\" content=\"Cocomelon Adventskalender JJ, seine Familie und Freunde g\u00fcnstig kaufen bei Schweizversand.ch. Schnelle Lieferung in der Schweiz. Gratisversand ab CHF 50.\" \/>\n<meta property=\"og:url\" content=\"https:\/\/schweizversand.ch\/fr\/produkt\/cocomelon-adventskalender-jj-seine-familie-und-freunde\/\" \/>\n<meta property=\"og:site_name\" content=\"Schweizer Shop f\u00fcr Sport, Spiel und Freizeit\" \/>\n<meta property=\"article:publisher\" content=\"https:\/\/www.facebook.com\/Schweizversand\" \/>\n<meta property=\"article:modified_time\" content=\"2026-04-19T00:05:34+00:00\" \/>\n<meta property=\"og:image\" content=\"https:\/\/schweizversand.ch\/wp-content\/uploads\/2026\/02\/5471760961.jpg\" \/>\n\t<meta property=\"og:image:width\" content=\"1024\" \/>\n\t<meta property=\"og:image:height\" content=\"772\" \/>\n\t<meta property=\"og:image:type\" content=\"image\/jpeg\" \/>\n<meta name=\"twitter:card\" content=\"summary_large_image\" \/>\n<meta name=\"twitter:label1\" content=\"Dur\u00e9e de lecture estim\u00e9e\" \/>\n\t<meta name=\"twitter:data1\" content=\"2 minutes\" \/>\n<script type=\"application\/ld+json\" class=\"yoast-schema-graph\">{\"@context\":\"https:\\\/\\\/schema.org\",\"@graph\":[{\"@type\":\"WebPage\",\"@id\":\"https:\\\/\\\/schweizversand.ch\\\/fr\\\/produkt\\\/cocomelon-adventskalender-jj-seine-familie-und-freunde\\\/\",\"url\":\"https:\\\/\\\/schweizversand.ch\\\/fr\\\/produkt\\\/cocomelon-adventskalender-jj-seine-familie-und-freunde\\\/\",\"name\":\"Cocomelon Adventskalender JJ, seine Familie und Freunde | Jetzt kaufen | Schweizversand.ch\",\"isPartOf\":{\"@id\":\"https:\\\/\\\/schweizversand.ch\\\/fr\\\/#website\"},\"primaryImageOfPage\":{\"@id\":\"https:\\\/\\\/schweizversand.ch\\\/fr\\\/produkt\\\/cocomelon-adventskalender-jj-seine-familie-und-freunde\\\/#primaryimage\"},\"image\":{\"@id\":\"https:\\\/\\\/schweizversand.ch\\\/fr\\\/produkt\\\/cocomelon-adventskalender-jj-seine-familie-und-freunde\\\/#primaryimage\"},\"thumbnailUrl\":\"https:\\\/\\\/schweizversand.ch\\\/wp-content\\\/uploads\\\/2026\\\/02\\\/5471760961.jpg\",\"datePublished\":\"2026-03-14T23:57:32+00:00\",\"dateModified\":\"2026-04-19T00:05:34+00:00\",\"description\":\"Cocomelon Adventskalender JJ, seine Familie und Freunde g\u00fcnstig kaufen bei Schweizversand.ch. Schnelle Lieferung in der Schweiz. Gratisversand ab CHF 50.\",\"breadcrumb\":{\"@id\":\"https:\\\/\\\/schweizversand.ch\\\/fr\\\/produkt\\\/cocomelon-adventskalender-jj-seine-familie-und-freunde\\\/#breadcrumb\"},\"inLanguage\":\"fr-FR\",\"potentialAction\":[{\"@type\":\"ReadAction\",\"target\":[\"https:\\\/\\\/schweizversand.ch\\\/fr\\\/produkt\\\/cocomelon-adventskalender-jj-seine-familie-und-freunde\\\/\"]}]},{\"@type\":\"ImageObject\",\"inLanguage\":\"fr-FR\",\"@id\":\"https:\\\/\\\/schweizversand.ch\\\/fr\\\/produkt\\\/cocomelon-adventskalender-jj-seine-familie-und-freunde\\\/#primaryimage\",\"url\":\"https:\\\/\\\/schweizversand.ch\\\/wp-content\\\/uploads\\\/2026\\\/02\\\/5471760961.jpg\",\"contentUrl\":\"https:\\\/\\\/schweizversand.ch\\\/wp-content\\\/uploads\\\/2026\\\/02\\\/5471760961.jpg\",\"width\":1024,\"height\":772},{\"@type\":\"BreadcrumbList\",\"@id\":\"https:\\\/\\\/schweizversand.ch\\\/fr\\\/produkt\\\/cocomelon-adventskalender-jj-seine-familie-und-freunde\\\/#breadcrumb\",\"itemListElement\":[{\"@type\":\"ListItem\",\"position\":1,\"name\":\"Startseite\",\"item\":\"https:\\\/\\\/schweizversand.ch\\\/fr\\\/home\\\/\"},{\"@type\":\"ListItem\",\"position\":2,\"name\":\"Boutique\",\"item\":\"https:\\\/\\\/schweizversand.ch\\\/fr\\\/boutique\\\/\"},{\"@type\":\"ListItem\",\"position\":3,\"name\":\"Jouets et jeux\",\"item\":\"https:\\\/\\\/schweizversand.ch\\\/fr\\\/produkt-kategorie\\\/jouets-et-jeux\\\/\"},{\"@type\":\"ListItem\",\"position\":4,\"name\":\"F\u00eates et divertissements\",\"item\":\"https:\\\/\\\/schweizversand.ch\\\/fr\\\/produkt-kategorie\\\/jouets-et-jeux\\\/fetes-et-divertissements\\\/\"},{\"@type\":\"ListItem\",\"position\":5,\"name\":\"Divers\",\"item\":\"https:\\\/\\\/schweizversand.ch\\\/fr\\\/produkt-kategorie\\\/jouets-et-jeux\\\/fetes-et-divertissements\\\/diverses\\\/\"},{\"@type\":\"ListItem\",\"position\":6,\"name\":\"Calendrier de l&rsquo;Avent Cocomelon JJ, sa famille et ses amis\"}]},{\"@type\":\"WebSite\",\"@id\":\"https:\\\/\\\/schweizversand.ch\\\/fr\\\/#website\",\"url\":\"https:\\\/\\\/schweizversand.ch\\\/fr\\\/\",\"name\":\"Schweizer Shop f\u00fcr Sport, Spiel und Freizeit\",\"description\":\"Gratisversand ab 50.- (netto), ab eigenem schweizer Lager, Lieferung innert 48h\",\"publisher\":{\"@id\":\"https:\\\/\\\/schweizversand.ch\\\/fr\\\/#organization\"},\"alternateName\":\"Schweizversand.ch\",\"potentialAction\":[{\"@type\":\"SearchAction\",\"target\":{\"@type\":\"EntryPoint\",\"urlTemplate\":\"https:\\\/\\\/schweizversand.ch\\\/fr\\\/?s={search_term_string}\"},\"query-input\":{\"@type\":\"PropertyValueSpecification\",\"valueRequired\":true,\"valueName\":\"search_term_string\"}}],\"inLanguage\":\"fr-FR\"},{\"@type\":\"Organization\",\"@id\":\"https:\\\/\\\/schweizversand.ch\\\/fr\\\/#organization\",\"name\":\"Schweizversand.ch\",\"url\":\"https:\\\/\\\/schweizversand.ch\\\/fr\\\/\",\"logo\":{\"@type\":\"ImageObject\",\"inLanguage\":\"fr-FR\",\"@id\":\"https:\\\/\\\/schweizversand.ch\\\/fr\\\/#\\\/schema\\\/logo\\\/image\\\/\",\"url\":\"https:\\\/\\\/schweizversand.ch\\\/wp-content\\\/uploads\\\/2026\\\/03\\\/Logo_Rund_Final-1.png\",\"contentUrl\":\"https:\\\/\\\/schweizversand.ch\\\/wp-content\\\/uploads\\\/2026\\\/03\\\/Logo_Rund_Final-1.png\",\"width\":404,\"height\":404,\"caption\":\"Schweizversand.ch\"},\"image\":{\"@id\":\"https:\\\/\\\/schweizversand.ch\\\/fr\\\/#\\\/schema\\\/logo\\\/image\\\/\"},\"sameAs\":[\"https:\\\/\\\/www.facebook.com\\\/Schweizversand\",\"https:\\\/\\\/www.instagram.com\\\/schweizversand.ch\\\/\"]}]}<\/script>\n<!-- \/ Yoast SEO plugin. -->","yoast_head_json":{"title":"Cocomelon Adventskalender JJ, seine Familie und Freunde | Jetzt kaufen | Schweizversand.ch","description":"Cocomelon Adventskalender JJ, seine Familie und Freunde g\u00fcnstig kaufen bei Schweizversand.ch. Schnelle Lieferung in der Schweiz. Gratisversand ab CHF 50.","robots":{"index":"index","follow":"follow","max-snippet":"max-snippet:-1","max-image-preview":"max-image-preview:large","max-video-preview":"max-video-preview:-1"},"canonical":"https:\/\/schweizversand.ch\/fr\/produkt\/cocomelon-adventskalender-jj-seine-familie-und-freunde\/","og_locale":"fr_FR","og_type":"article","og_title":"Cocomelon Adventskalender JJ, seine Familie und Freunde | Jetzt kaufen | Schweizversand.ch","og_description":"Cocomelon Adventskalender JJ, seine Familie und Freunde g\u00fcnstig kaufen bei Schweizversand.ch. Schnelle Lieferung in der Schweiz. Gratisversand ab CHF 50.","og_url":"https:\/\/schweizversand.ch\/fr\/produkt\/cocomelon-adventskalender-jj-seine-familie-und-freunde\/","og_site_name":"Schweizer Shop f\u00fcr Sport, Spiel und Freizeit","article_publisher":"https:\/\/www.facebook.com\/Schweizversand","article_modified_time":"2026-04-19T00:05:34+00:00","og_image":[{"width":1024,"height":772,"url":"https:\/\/schweizversand.ch\/wp-content\/uploads\/2026\/02\/5471760961.jpg","type":"image\/jpeg"}],"twitter_card":"summary_large_image","twitter_misc":{"Dur\u00e9e de lecture estim\u00e9e":"2 minutes"},"schema":{"@context":"https:\/\/schema.org","@graph":[{"@type":"WebPage","@id":"https:\/\/schweizversand.ch\/fr\/produkt\/cocomelon-adventskalender-jj-seine-familie-und-freunde\/","url":"https:\/\/schweizversand.ch\/fr\/produkt\/cocomelon-adventskalender-jj-seine-familie-und-freunde\/","name":"Cocomelon Adventskalender JJ, seine Familie und Freunde | Jetzt kaufen | Schweizversand.ch","isPartOf":{"@id":"https:\/\/schweizversand.ch\/fr\/#website"},"primaryImageOfPage":{"@id":"https:\/\/schweizversand.ch\/fr\/produkt\/cocomelon-adventskalender-jj-seine-familie-und-freunde\/#primaryimage"},"image":{"@id":"https:\/\/schweizversand.ch\/fr\/produkt\/cocomelon-adventskalender-jj-seine-familie-und-freunde\/#primaryimage"},"thumbnailUrl":"https:\/\/schweizversand.ch\/wp-content\/uploads\/2026\/02\/5471760961.jpg","datePublished":"2026-03-14T23:57:32+00:00","dateModified":"2026-04-19T00:05:34+00:00","description":"Cocomelon Adventskalender JJ, seine Familie und Freunde g\u00fcnstig kaufen bei Schweizversand.ch. Schnelle Lieferung in der Schweiz. Gratisversand ab CHF 50.","breadcrumb":{"@id":"https:\/\/schweizversand.ch\/fr\/produkt\/cocomelon-adventskalender-jj-seine-familie-und-freunde\/#breadcrumb"},"inLanguage":"fr-FR","potentialAction":[{"@type":"ReadAction","target":["https:\/\/schweizversand.ch\/fr\/produkt\/cocomelon-adventskalender-jj-seine-familie-und-freunde\/"]}]},{"@type":"ImageObject","inLanguage":"fr-FR","@id":"https:\/\/schweizversand.ch\/fr\/produkt\/cocomelon-adventskalender-jj-seine-familie-und-freunde\/#primaryimage","url":"https:\/\/schweizversand.ch\/wp-content\/uploads\/2026\/02\/5471760961.jpg","contentUrl":"https:\/\/schweizversand.ch\/wp-content\/uploads\/2026\/02\/5471760961.jpg","width":1024,"height":772},{"@type":"BreadcrumbList","@id":"https:\/\/schweizversand.ch\/fr\/produkt\/cocomelon-adventskalender-jj-seine-familie-und-freunde\/#breadcrumb","itemListElement":[{"@type":"ListItem","position":1,"name":"Startseite","item":"https:\/\/schweizversand.ch\/fr\/home\/"},{"@type":"ListItem","position":2,"name":"Boutique","item":"https:\/\/schweizversand.ch\/fr\/boutique\/"},{"@type":"ListItem","position":3,"name":"Jouets et jeux","item":"https:\/\/schweizversand.ch\/fr\/produkt-kategorie\/jouets-et-jeux\/"},{"@type":"ListItem","position":4,"name":"F\u00eates et divertissements","item":"https:\/\/schweizversand.ch\/fr\/produkt-kategorie\/jouets-et-jeux\/fetes-et-divertissements\/"},{"@type":"ListItem","position":5,"name":"Divers","item":"https:\/\/schweizversand.ch\/fr\/produkt-kategorie\/jouets-et-jeux\/fetes-et-divertissements\/diverses\/"},{"@type":"ListItem","position":6,"name":"Calendrier de l&rsquo;Avent Cocomelon JJ, sa famille et ses amis"}]},{"@type":"WebSite","@id":"https:\/\/schweizversand.ch\/fr\/#website","url":"https:\/\/schweizversand.ch\/fr\/","name":"Schweizer Shop f\u00fcr Sport, Spiel und Freizeit","description":"Gratisversand ab 50.- (netto), ab eigenem schweizer Lager, Lieferung innert 48h","publisher":{"@id":"https:\/\/schweizversand.ch\/fr\/#organization"},"alternateName":"Schweizversand.ch","potentialAction":[{"@type":"SearchAction","target":{"@type":"EntryPoint","urlTemplate":"https:\/\/schweizversand.ch\/fr\/?s={search_term_string}"},"query-input":{"@type":"PropertyValueSpecification","valueRequired":true,"valueName":"search_term_string"}}],"inLanguage":"fr-FR"},{"@type":"Organization","@id":"https:\/\/schweizversand.ch\/fr\/#organization","name":"Schweizversand.ch","url":"https:\/\/schweizversand.ch\/fr\/","logo":{"@type":"ImageObject","inLanguage":"fr-FR","@id":"https:\/\/schweizversand.ch\/fr\/#\/schema\/logo\/image\/","url":"https:\/\/schweizversand.ch\/wp-content\/uploads\/2026\/03\/Logo_Rund_Final-1.png","contentUrl":"https:\/\/schweizversand.ch\/wp-content\/uploads\/2026\/03\/Logo_Rund_Final-1.png","width":404,"height":404,"caption":"Schweizversand.ch"},"image":{"@id":"https:\/\/schweizversand.ch\/fr\/#\/schema\/logo\/image\/"},"sameAs":["https:\/\/www.facebook.com\/Schweizversand","https:\/\/www.instagram.com\/schweizversand.ch\/"]}]}},"jetpack_sharing_enabled":true,"_links":{"self":[{"href":"https:\/\/schweizversand.ch\/fr\/wp-json\/wp\/v2\/product\/253985","targetHints":{"allow":["GET"]}}],"collection":[{"href":"https:\/\/schweizversand.ch\/fr\/wp-json\/wp\/v2\/product"}],"about":[{"href":"https:\/\/schweizversand.ch\/fr\/wp-json\/wp\/v2\/types\/product"}],"replies":[{"embeddable":true,"href":"https:\/\/schweizversand.ch\/fr\/wp-json\/wp\/v2\/comments?post=253985"}],"wp:featuredmedia":[{"embeddable":true,"href":"https:\/\/schweizversand.ch\/fr\/wp-json\/wp\/v2\/media\/166241"}],"wp:attachment":[{"href":"https:\/\/schweizversand.ch\/fr\/wp-json\/wp\/v2\/media?parent=253985"}],"wp:term":[{"taxonomy":"product_brand","embeddable":true,"href":"https:\/\/schweizversand.ch\/fr\/wp-json\/wp\/v2\/product_brand?post=253985"},{"taxonomy":"product_cat","embeddable":true,"href":"https:\/\/schweizversand.ch\/fr\/wp-json\/wp\/v2\/product_cat?post=253985"},{"taxonomy":"product_tag","embeddable":true,"href":"https:\/\/schweizversand.ch\/fr\/wp-json\/wp\/v2\/product_tag?post=253985"}],"curies":[{"name":"wp","href":"https:\/\/api.w.org\/{rel}","templated":true}]}}