{"id":253986,"date":"2026-03-15T00:57:32","date_gmt":"2026-03-14T23:57:32","guid":{"rendered":"https:\/\/schweizversand.ch\/produkt\/jazwares-taxi-cab-mit-cabbie-actionfigur\/"},"modified":"2026-04-19T02:05:34","modified_gmt":"2026-04-19T00:05:34","slug":"jazwares-taxi-cab-mit-cabbie-actionfigur","status":"publish","type":"product","link":"https:\/\/schweizversand.ch\/fr\/produkt\/jazwares-taxi-cab-mit-cabbie-actionfigur\/","title":{"rendered":"Figurine de taxi Jazwares avec chauffeur"},"content":{"rendered":"<h1><strong>Taxi Fortnite Joy Ride avec figurine de chauffeur<\/strong><\/h1>\n<div>Plongez dans l&rsquo;univers tr\u00e9pidant de Fortnite avec le <strong>Taxi Fortnite<\/strong> officiel. Ce set ajoute l&rsquo;un des v\u00e9hicules les plus embl\u00e9matiques du jeu \u00e0 votre collection, pour des heures de divertissement d\u00e8s 8 ans.<\/p>\n<\/div>\n<div><strong>L&rsquo;exp\u00e9rience ultime des v\u00e9hicules Fortnite<\/strong><br \/>Ce <strong>Taxi Fortnite<\/strong> d\u00e9taill\u00e9 est une r\u00e9plique fid\u00e8le du c\u00e9l\u00e8bre taxi du jeu, apparu avec la mise \u00e0 jour Joy Ride. Que vous souhaitiez organiser des escapades \u00e9piques ou agrandir votre collection, ce set est un incontournable pour tout fan de Fortnite. Son design est fid\u00e8le au jeu et tr\u00e8s d\u00e9taill\u00e9, pour une immersion totale. Inclut une figurine de chauffeur exclusive. La figurine de 10 cm du chauffeur Fortnite est parfaitement int\u00e9gr\u00e9e au taxi. Cette figurine offre une articulation maximale gr\u00e2ce \u00e0 ses 25 points d&rsquo;articulation, vous permettant de positionner Cabbie de presque toutes les mani\u00e8res possibles pour recr\u00e9er vos moments pr\u00e9f\u00e9r\u00e9s du jeu ou inventer de nouvelles aventures. Elle regorge de d\u00e9tails authentiques que les collectionneurs appr\u00e9cieront particuli\u00e8rement. Qualit\u00e9 et licence : Ce jouet Fortnite est un produit sous licence officielle Epic Games. Vous avez ainsi la garantie d&rsquo;une qualit\u00e9 optimale et d&rsquo;un niveau de d\u00e9tail conforme aux standards de la marque. Faites confiance \u00e0 un produit robuste, capable de r\u00e9sister \u00e0 des sessions de jeu intenses.<\/p>\n<\/div>\n<div><strong>Caract\u00e9ristiques et contenu du produit<\/strong><br \/>&#8211; Nom du produit\u00a0: Fortnite FNT0817 <strong>V\u00e9hicule\u00a0: Taxi Joy Ride<\/strong><br \/>&#8211; Contenu\u00a0: 1 taxi d\u00e9taill\u00e9<br \/>&#8211; Contenu\u00a0: 1 figurine de chauffeur de taxi (10\u00a0cm)<br \/>&#8211; Figurine avec 25\u00a0points d\u2019articulation pour une <strong>grande vari\u00e9t\u00e9 de poses<\/strong><br \/>&#8211; \u00c2ge recommand\u00e9\u00a0: \u00c0 partir de 8\u00a0ans<br \/>&#8211; Licence\u00a0: <strong>Sous licence Epic Games<\/strong><br \/>&#8211; Id\u00e9al pour jouer et collectionner<\/p>\n<\/div>\n<div><strong>Commencez votre collection<\/strong><br \/>Agrandissez votre univers avec ce fantastique ensemble de figurines <strong>Fortnite<\/strong>. Le <strong>Taxi Fortnite<\/strong> est le point de d\u00e9part id\u00e9al pour de nouvelles aventures ou un ajout pr\u00e9cieux \u00e0 votre collection. Collectionnez tous les v\u00e9hicules et personnages pour construire l&rsquo;int\u00e9gralit\u00e9 du monde de Fortnite\u00a0!<\/p>\n<\/div>\n<div><\/div>\n","protected":false},"excerpt":{"rendered":"<p>Taxi Fortnite Joy Ride avec figurine de chauffeur Plongez dans l&rsquo;univers tr\u00e9pidant de Fortnite avec le Taxi Fortnite officiel. Ce set ajoute l&rsquo;un des v\u00e9hicules les plus embl\u00e9matiques du jeu \u00e0 votre collection, pour des heures de divertissement d\u00e8s 8 ans. L&rsquo;exp\u00e9rience ultime des v\u00e9hicules FortniteCe Taxi Fortnite d\u00e9taill\u00e9 est une r\u00e9plique fid\u00e8le du c\u00e9l\u00e8bre taxi du jeu, apparu avec la mise \u00e0 jour Joy Ride. Que vous souhaitiez organiser des escapades \u00e9piques ou agrandir&hellip;<\/p>\n","protected":false},"featured_media":166245,"comment_status":"open","ping_status":"closed","template":"","meta":[],"product_brand":[],"product_cat":[38096],"product_tag":[],"class_list":{"0":"post-253986","1":"product","2":"type-product","3":"status-publish","4":"has-post-thumbnail","6":"product_cat-spielzeugauto","7":"product_shipping_class-global_methods","9":"first","10":"instock","11":"taxable","12":"shipping-taxable","13":"purchasable","14":"product-type-simple"},"yoast_head":"<!-- This site is optimized with the Yoast SEO plugin v27.4 - https:\/\/yoast.com\/product\/yoast-seo-wordpress\/ -->\n<title>Jazwares Taxi Cab mit Cabbie Actionfigur | Jetzt kaufen | Schweizversand.ch<\/title>\n<meta name=\"description\" content=\"Jazwares Taxi Cab mit Cabbie Actionfigur g\u00fcnstig kaufen bei Schweizversand.ch. Schnelle Lieferung in der Schweiz. Gratisversand ab CHF 50.\" \/>\n<meta name=\"robots\" content=\"index, follow, max-snippet:-1, max-image-preview:large, max-video-preview:-1\" \/>\n<link rel=\"canonical\" href=\"https:\/\/schweizversand.ch\/fr\/produkt\/jazwares-taxi-cab-mit-cabbie-actionfigur\/\" \/>\n<meta property=\"og:locale\" content=\"fr_FR\" \/>\n<meta property=\"og:type\" content=\"article\" \/>\n<meta property=\"og:title\" content=\"Jazwares Taxi Cab mit Cabbie Actionfigur | Jetzt kaufen | Schweizversand.ch\" \/>\n<meta property=\"og:description\" content=\"Jazwares Taxi Cab mit Cabbie Actionfigur g\u00fcnstig kaufen bei Schweizversand.ch. Schnelle Lieferung in der Schweiz. Gratisversand ab CHF 50.\" \/>\n<meta property=\"og:url\" content=\"https:\/\/schweizversand.ch\/fr\/produkt\/jazwares-taxi-cab-mit-cabbie-actionfigur\/\" \/>\n<meta property=\"og:site_name\" content=\"Schweizer Shop f\u00fcr Sport, Spiel und Freizeit\" \/>\n<meta property=\"article:publisher\" content=\"https:\/\/www.facebook.com\/Schweizversand\" \/>\n<meta property=\"article:modified_time\" content=\"2026-04-19T00:05:34+00:00\" \/>\n<meta property=\"og:image\" content=\"https:\/\/schweizversand.ch\/wp-content\/uploads\/2026\/02\/5476927681.jpg\" \/>\n\t<meta property=\"og:image:width\" content=\"1024\" \/>\n\t<meta property=\"og:image:height\" content=\"629\" \/>\n\t<meta property=\"og:image:type\" content=\"image\/jpeg\" \/>\n<meta name=\"twitter:card\" content=\"summary_large_image\" \/>\n<meta name=\"twitter:label1\" content=\"Dur\u00e9e de lecture estim\u00e9e\" \/>\n\t<meta name=\"twitter:data1\" content=\"2 minutes\" \/>\n<script type=\"application\/ld+json\" class=\"yoast-schema-graph\">{\"@context\":\"https:\\\/\\\/schema.org\",\"@graph\":[{\"@type\":\"WebPage\",\"@id\":\"https:\\\/\\\/schweizversand.ch\\\/fr\\\/produkt\\\/jazwares-taxi-cab-mit-cabbie-actionfigur\\\/\",\"url\":\"https:\\\/\\\/schweizversand.ch\\\/fr\\\/produkt\\\/jazwares-taxi-cab-mit-cabbie-actionfigur\\\/\",\"name\":\"Jazwares Taxi Cab mit Cabbie Actionfigur | Jetzt kaufen | Schweizversand.ch\",\"isPartOf\":{\"@id\":\"https:\\\/\\\/schweizversand.ch\\\/fr\\\/#website\"},\"primaryImageOfPage\":{\"@id\":\"https:\\\/\\\/schweizversand.ch\\\/fr\\\/produkt\\\/jazwares-taxi-cab-mit-cabbie-actionfigur\\\/#primaryimage\"},\"image\":{\"@id\":\"https:\\\/\\\/schweizversand.ch\\\/fr\\\/produkt\\\/jazwares-taxi-cab-mit-cabbie-actionfigur\\\/#primaryimage\"},\"thumbnailUrl\":\"https:\\\/\\\/schweizversand.ch\\\/wp-content\\\/uploads\\\/2026\\\/02\\\/5476927681.jpg\",\"datePublished\":\"2026-03-14T23:57:32+00:00\",\"dateModified\":\"2026-04-19T00:05:34+00:00\",\"description\":\"Jazwares Taxi Cab mit Cabbie Actionfigur g\u00fcnstig kaufen bei Schweizversand.ch. Schnelle Lieferung in der Schweiz. Gratisversand ab CHF 50.\",\"breadcrumb\":{\"@id\":\"https:\\\/\\\/schweizversand.ch\\\/fr\\\/produkt\\\/jazwares-taxi-cab-mit-cabbie-actionfigur\\\/#breadcrumb\"},\"inLanguage\":\"fr-FR\",\"potentialAction\":[{\"@type\":\"ReadAction\",\"target\":[\"https:\\\/\\\/schweizversand.ch\\\/fr\\\/produkt\\\/jazwares-taxi-cab-mit-cabbie-actionfigur\\\/\"]}]},{\"@type\":\"ImageObject\",\"inLanguage\":\"fr-FR\",\"@id\":\"https:\\\/\\\/schweizversand.ch\\\/fr\\\/produkt\\\/jazwares-taxi-cab-mit-cabbie-actionfigur\\\/#primaryimage\",\"url\":\"https:\\\/\\\/schweizversand.ch\\\/wp-content\\\/uploads\\\/2026\\\/02\\\/5476927681.jpg\",\"contentUrl\":\"https:\\\/\\\/schweizversand.ch\\\/wp-content\\\/uploads\\\/2026\\\/02\\\/5476927681.jpg\",\"width\":1024,\"height\":629},{\"@type\":\"BreadcrumbList\",\"@id\":\"https:\\\/\\\/schweizversand.ch\\\/fr\\\/produkt\\\/jazwares-taxi-cab-mit-cabbie-actionfigur\\\/#breadcrumb\",\"itemListElement\":[{\"@type\":\"ListItem\",\"position\":1,\"name\":\"Startseite\",\"item\":\"https:\\\/\\\/schweizversand.ch\\\/fr\\\/home\\\/\"},{\"@type\":\"ListItem\",\"position\":2,\"name\":\"Boutique\",\"item\":\"https:\\\/\\\/schweizversand.ch\\\/fr\\\/boutique\\\/\"},{\"@type\":\"ListItem\",\"position\":3,\"name\":\"Jouets et jeux\",\"item\":\"https:\\\/\\\/schweizversand.ch\\\/fr\\\/produkt-kategorie\\\/jouets-et-jeux\\\/\"},{\"@type\":\"ListItem\",\"position\":4,\"name\":\"V\u00e9hicules miniatures\",\"item\":\"https:\\\/\\\/schweizversand.ch\\\/fr\\\/produkt-kategorie\\\/jouets-et-jeux\\\/vehicules-miniatures\\\/\"},{\"@type\":\"ListItem\",\"position\":5,\"name\":\"Voitures miniatures\",\"item\":\"https:\\\/\\\/schweizversand.ch\\\/fr\\\/produkt-kategorie\\\/jouets-et-jeux\\\/vehicules-miniatures\\\/spielzeugauto\\\/\"},{\"@type\":\"ListItem\",\"position\":6,\"name\":\"Figurine de taxi Jazwares avec chauffeur\"}]},{\"@type\":\"WebSite\",\"@id\":\"https:\\\/\\\/schweizversand.ch\\\/fr\\\/#website\",\"url\":\"https:\\\/\\\/schweizversand.ch\\\/fr\\\/\",\"name\":\"Schweizer Shop f\u00fcr Sport, Spiel und Freizeit\",\"description\":\"Gratisversand ab 50.- (netto), ab eigenem schweizer Lager, Lieferung innert 48h\",\"publisher\":{\"@id\":\"https:\\\/\\\/schweizversand.ch\\\/fr\\\/#organization\"},\"alternateName\":\"Schweizversand.ch\",\"potentialAction\":[{\"@type\":\"SearchAction\",\"target\":{\"@type\":\"EntryPoint\",\"urlTemplate\":\"https:\\\/\\\/schweizversand.ch\\\/fr\\\/?s={search_term_string}\"},\"query-input\":{\"@type\":\"PropertyValueSpecification\",\"valueRequired\":true,\"valueName\":\"search_term_string\"}}],\"inLanguage\":\"fr-FR\"},{\"@type\":\"Organization\",\"@id\":\"https:\\\/\\\/schweizversand.ch\\\/fr\\\/#organization\",\"name\":\"Schweizversand.ch\",\"url\":\"https:\\\/\\\/schweizversand.ch\\\/fr\\\/\",\"logo\":{\"@type\":\"ImageObject\",\"inLanguage\":\"fr-FR\",\"@id\":\"https:\\\/\\\/schweizversand.ch\\\/fr\\\/#\\\/schema\\\/logo\\\/image\\\/\",\"url\":\"https:\\\/\\\/schweizversand.ch\\\/wp-content\\\/uploads\\\/2026\\\/03\\\/Logo_Rund_Final-1.png\",\"contentUrl\":\"https:\\\/\\\/schweizversand.ch\\\/wp-content\\\/uploads\\\/2026\\\/03\\\/Logo_Rund_Final-1.png\",\"width\":404,\"height\":404,\"caption\":\"Schweizversand.ch\"},\"image\":{\"@id\":\"https:\\\/\\\/schweizversand.ch\\\/fr\\\/#\\\/schema\\\/logo\\\/image\\\/\"},\"sameAs\":[\"https:\\\/\\\/www.facebook.com\\\/Schweizversand\",\"https:\\\/\\\/www.instagram.com\\\/schweizversand.ch\\\/\"]}]}<\/script>\n<!-- \/ Yoast SEO plugin. -->","yoast_head_json":{"title":"Jazwares Taxi Cab mit Cabbie Actionfigur | Jetzt kaufen | Schweizversand.ch","description":"Jazwares Taxi Cab mit Cabbie Actionfigur g\u00fcnstig kaufen bei Schweizversand.ch. Schnelle Lieferung in der Schweiz. Gratisversand ab CHF 50.","robots":{"index":"index","follow":"follow","max-snippet":"max-snippet:-1","max-image-preview":"max-image-preview:large","max-video-preview":"max-video-preview:-1"},"canonical":"https:\/\/schweizversand.ch\/fr\/produkt\/jazwares-taxi-cab-mit-cabbie-actionfigur\/","og_locale":"fr_FR","og_type":"article","og_title":"Jazwares Taxi Cab mit Cabbie Actionfigur | Jetzt kaufen | Schweizversand.ch","og_description":"Jazwares Taxi Cab mit Cabbie Actionfigur g\u00fcnstig kaufen bei Schweizversand.ch. Schnelle Lieferung in der Schweiz. Gratisversand ab CHF 50.","og_url":"https:\/\/schweizversand.ch\/fr\/produkt\/jazwares-taxi-cab-mit-cabbie-actionfigur\/","og_site_name":"Schweizer Shop f\u00fcr Sport, Spiel und Freizeit","article_publisher":"https:\/\/www.facebook.com\/Schweizversand","article_modified_time":"2026-04-19T00:05:34+00:00","og_image":[{"width":1024,"height":629,"url":"https:\/\/schweizversand.ch\/wp-content\/uploads\/2026\/02\/5476927681.jpg","type":"image\/jpeg"}],"twitter_card":"summary_large_image","twitter_misc":{"Dur\u00e9e de lecture estim\u00e9e":"2 minutes"},"schema":{"@context":"https:\/\/schema.org","@graph":[{"@type":"WebPage","@id":"https:\/\/schweizversand.ch\/fr\/produkt\/jazwares-taxi-cab-mit-cabbie-actionfigur\/","url":"https:\/\/schweizversand.ch\/fr\/produkt\/jazwares-taxi-cab-mit-cabbie-actionfigur\/","name":"Jazwares Taxi Cab mit Cabbie Actionfigur | Jetzt kaufen | Schweizversand.ch","isPartOf":{"@id":"https:\/\/schweizversand.ch\/fr\/#website"},"primaryImageOfPage":{"@id":"https:\/\/schweizversand.ch\/fr\/produkt\/jazwares-taxi-cab-mit-cabbie-actionfigur\/#primaryimage"},"image":{"@id":"https:\/\/schweizversand.ch\/fr\/produkt\/jazwares-taxi-cab-mit-cabbie-actionfigur\/#primaryimage"},"thumbnailUrl":"https:\/\/schweizversand.ch\/wp-content\/uploads\/2026\/02\/5476927681.jpg","datePublished":"2026-03-14T23:57:32+00:00","dateModified":"2026-04-19T00:05:34+00:00","description":"Jazwares Taxi Cab mit Cabbie Actionfigur g\u00fcnstig kaufen bei Schweizversand.ch. Schnelle Lieferung in der Schweiz. Gratisversand ab CHF 50.","breadcrumb":{"@id":"https:\/\/schweizversand.ch\/fr\/produkt\/jazwares-taxi-cab-mit-cabbie-actionfigur\/#breadcrumb"},"inLanguage":"fr-FR","potentialAction":[{"@type":"ReadAction","target":["https:\/\/schweizversand.ch\/fr\/produkt\/jazwares-taxi-cab-mit-cabbie-actionfigur\/"]}]},{"@type":"ImageObject","inLanguage":"fr-FR","@id":"https:\/\/schweizversand.ch\/fr\/produkt\/jazwares-taxi-cab-mit-cabbie-actionfigur\/#primaryimage","url":"https:\/\/schweizversand.ch\/wp-content\/uploads\/2026\/02\/5476927681.jpg","contentUrl":"https:\/\/schweizversand.ch\/wp-content\/uploads\/2026\/02\/5476927681.jpg","width":1024,"height":629},{"@type":"BreadcrumbList","@id":"https:\/\/schweizversand.ch\/fr\/produkt\/jazwares-taxi-cab-mit-cabbie-actionfigur\/#breadcrumb","itemListElement":[{"@type":"ListItem","position":1,"name":"Startseite","item":"https:\/\/schweizversand.ch\/fr\/home\/"},{"@type":"ListItem","position":2,"name":"Boutique","item":"https:\/\/schweizversand.ch\/fr\/boutique\/"},{"@type":"ListItem","position":3,"name":"Jouets et jeux","item":"https:\/\/schweizversand.ch\/fr\/produkt-kategorie\/jouets-et-jeux\/"},{"@type":"ListItem","position":4,"name":"V\u00e9hicules miniatures","item":"https:\/\/schweizversand.ch\/fr\/produkt-kategorie\/jouets-et-jeux\/vehicules-miniatures\/"},{"@type":"ListItem","position":5,"name":"Voitures miniatures","item":"https:\/\/schweizversand.ch\/fr\/produkt-kategorie\/jouets-et-jeux\/vehicules-miniatures\/spielzeugauto\/"},{"@type":"ListItem","position":6,"name":"Figurine de taxi Jazwares avec chauffeur"}]},{"@type":"WebSite","@id":"https:\/\/schweizversand.ch\/fr\/#website","url":"https:\/\/schweizversand.ch\/fr\/","name":"Schweizer Shop f\u00fcr Sport, Spiel und Freizeit","description":"Gratisversand ab 50.- (netto), ab eigenem schweizer Lager, Lieferung innert 48h","publisher":{"@id":"https:\/\/schweizversand.ch\/fr\/#organization"},"alternateName":"Schweizversand.ch","potentialAction":[{"@type":"SearchAction","target":{"@type":"EntryPoint","urlTemplate":"https:\/\/schweizversand.ch\/fr\/?s={search_term_string}"},"query-input":{"@type":"PropertyValueSpecification","valueRequired":true,"valueName":"search_term_string"}}],"inLanguage":"fr-FR"},{"@type":"Organization","@id":"https:\/\/schweizversand.ch\/fr\/#organization","name":"Schweizversand.ch","url":"https:\/\/schweizversand.ch\/fr\/","logo":{"@type":"ImageObject","inLanguage":"fr-FR","@id":"https:\/\/schweizversand.ch\/fr\/#\/schema\/logo\/image\/","url":"https:\/\/schweizversand.ch\/wp-content\/uploads\/2026\/03\/Logo_Rund_Final-1.png","contentUrl":"https:\/\/schweizversand.ch\/wp-content\/uploads\/2026\/03\/Logo_Rund_Final-1.png","width":404,"height":404,"caption":"Schweizversand.ch"},"image":{"@id":"https:\/\/schweizversand.ch\/fr\/#\/schema\/logo\/image\/"},"sameAs":["https:\/\/www.facebook.com\/Schweizversand","https:\/\/www.instagram.com\/schweizversand.ch\/"]}]}},"jetpack_sharing_enabled":true,"_links":{"self":[{"href":"https:\/\/schweizversand.ch\/fr\/wp-json\/wp\/v2\/product\/253986","targetHints":{"allow":["GET"]}}],"collection":[{"href":"https:\/\/schweizversand.ch\/fr\/wp-json\/wp\/v2\/product"}],"about":[{"href":"https:\/\/schweizversand.ch\/fr\/wp-json\/wp\/v2\/types\/product"}],"replies":[{"embeddable":true,"href":"https:\/\/schweizversand.ch\/fr\/wp-json\/wp\/v2\/comments?post=253986"}],"wp:featuredmedia":[{"embeddable":true,"href":"https:\/\/schweizversand.ch\/fr\/wp-json\/wp\/v2\/media\/166245"}],"wp:attachment":[{"href":"https:\/\/schweizversand.ch\/fr\/wp-json\/wp\/v2\/media?parent=253986"}],"wp:term":[{"taxonomy":"product_brand","embeddable":true,"href":"https:\/\/schweizversand.ch\/fr\/wp-json\/wp\/v2\/product_brand?post=253986"},{"taxonomy":"product_cat","embeddable":true,"href":"https:\/\/schweizversand.ch\/fr\/wp-json\/wp\/v2\/product_cat?post=253986"},{"taxonomy":"product_tag","embeddable":true,"href":"https:\/\/schweizversand.ch\/fr\/wp-json\/wp\/v2\/product_tag?post=253986"}],"curies":[{"name":"wp","href":"https:\/\/api.w.org\/{rel}","templated":true}]}}