{"id":253987,"date":"2026-03-15T00:57:32","date_gmt":"2026-03-14T23:57:32","guid":{"rendered":"https:\/\/schweizversand.ch\/produkt\/jazwares-pokemon-gelenkiges-glurak-select-figur\/"},"modified":"2026-04-19T02:05:34","modified_gmt":"2026-04-19T00:05:34","slug":"jazwares-pokemon-gelenkiges-glurak-select-figur","status":"publish","type":"product","link":"https:\/\/schweizversand.ch\/fr\/produkt\/jazwares-pokemon-gelenkiges-glurak-select-figur\/","title":{"rendered":"Figurine articul\u00e9e Charizard Select Pok\u00e9mon de Jazwares"},"content":{"rendered":"<h1><strong>Figurine Pok\u00e9mon Select \u2013 Figurine articul\u00e9e de collection<\/strong><\/h1>\n<div>Plongez dans le monde fascinant des Pok\u00e9mon\u00a0! Cette <strong>Figurine Pok\u00e9mon Select<\/strong> est un incontournable pour tous les fans et vous permet d&rsquo;accueillir votre Pok\u00e9mon pr\u00e9f\u00e9r\u00e9 chez vous gr\u00e2ce \u00e0 un souci du d\u00e9tail impressionnant. Que ce soit pour jouer ou collectionner, cette <strong>figurine<\/strong> ne manquera pas de vous s\u00e9duire.<\/p>\n<\/div>\n<div><strong>Qualit\u00e9 et souci du d\u00e9tail exceptionnels<\/strong><br \/>Chaque d\u00e9tail de cette <strong>Figurine Pok\u00e9mon<\/strong> a \u00e9t\u00e9 con\u00e7u avec le plus grand soin afin de reproduire au plus pr\u00e8s le design original de la s\u00e9rie et des jeux. Des couleurs \u00e9clatantes aux contours finement sculpt\u00e9s, ici, <strong>la qualit\u00e9 rencontre la passion<\/strong>. Cette figurine est id\u00e9ale pour agrandir votre collection de jouets Pok\u00e9mon. Des poses dynamiques gr\u00e2ce \u00e0 l&rsquo;articulation\u00a0: cette figurine articul\u00e9e poss\u00e8de 15 points d&rsquo;articulation r\u00e9alis\u00e9s avec pr\u00e9cision. Cette figurine articul\u00e9e vous permet de la positionner individuellement et de lui faire prendre des poses dynamiques \u2013 id\u00e9ale pour des sc\u00e8nes de jeu palpitantes ou pour une superbe exposition sur votre \u00e9tag\u00e8re. Ses avantages en un coup d&rsquo;\u0153il\u00a0: &#8211; Figurine Pok\u00e9mon Select de haute qualit\u00e9 au design authentique &#8211; 15 points d&rsquo;articulation pour une grande vari\u00e9t\u00e9 de poses &#8211; Id\u00e9ale pour les collectionneurs et comme jouet Pok\u00e9mon r\u00e9sistant &#8211; R\u00e9plique d\u00e9taill\u00e9e du personnage &#8211; Un incontournable pour tous les fans de Pok\u00e9mon. Agrandissez votre \u00e9quipe et procurez-vous cette superbe figurine Pok\u00e9mon Select. Ne manquez pas cette pi\u00e8ce de collection\u00a0!<\/p>\n","protected":false},"excerpt":{"rendered":"<p>Figurine Pok\u00e9mon Select \u2013 Figurine articul\u00e9e de collection Plongez dans le monde fascinant des Pok\u00e9mon\u00a0! Cette Figurine Pok\u00e9mon Select est un incontournable pour tous les fans et vous permet d&rsquo;accueillir votre Pok\u00e9mon pr\u00e9f\u00e9r\u00e9 chez vous gr\u00e2ce \u00e0 un souci du d\u00e9tail impressionnant. Que ce soit pour jouer ou collectionner, cette figurine ne manquera pas de vous s\u00e9duire. Qualit\u00e9 et souci du d\u00e9tail exceptionnelsChaque d\u00e9tail de cette Figurine Pok\u00e9mon a \u00e9t\u00e9 con\u00e7u avec le plus grand&hellip;<\/p>\n","protected":false},"featured_media":166251,"comment_status":"open","ping_status":"closed","template":"","meta":[],"product_brand":[],"product_cat":[38098],"product_tag":[],"class_list":{"0":"post-253987","1":"product","2":"type-product","3":"status-publish","4":"has-post-thumbnail","6":"product_cat-figurines-et-poupees","7":"product_shipping_class-global_methods","9":"first","10":"instock","11":"taxable","12":"shipping-taxable","13":"purchasable","14":"product-type-simple"},"yoast_head":"<!-- This site is optimized with the Yoast SEO plugin v27.4 - https:\/\/yoast.com\/product\/yoast-seo-wordpress\/ -->\n<title>Jazwares Pokemon Gelenkiges Glurak Select Figur | Jetzt kaufen | Schweizversand.ch<\/title>\n<meta name=\"description\" content=\"Jazwares Pokemon Gelenkiges Glurak Select Figur g\u00fcnstig kaufen bei Schweizversand.ch. Schnelle Lieferung in der Schweiz. Gratisversand ab CHF 50.\" \/>\n<meta name=\"robots\" content=\"index, follow, max-snippet:-1, max-image-preview:large, max-video-preview:-1\" \/>\n<link rel=\"canonical\" href=\"https:\/\/schweizversand.ch\/fr\/produkt\/jazwares-pokemon-gelenkiges-glurak-select-figur\/\" \/>\n<meta property=\"og:locale\" content=\"fr_FR\" \/>\n<meta property=\"og:type\" content=\"article\" \/>\n<meta property=\"og:title\" content=\"Jazwares Pokemon Gelenkiges Glurak Select Figur | Jetzt kaufen | Schweizversand.ch\" \/>\n<meta property=\"og:description\" content=\"Jazwares Pokemon Gelenkiges Glurak Select Figur g\u00fcnstig kaufen bei Schweizversand.ch. Schnelle Lieferung in der Schweiz. Gratisversand ab CHF 50.\" \/>\n<meta property=\"og:url\" content=\"https:\/\/schweizversand.ch\/fr\/produkt\/jazwares-pokemon-gelenkiges-glurak-select-figur\/\" \/>\n<meta property=\"og:site_name\" content=\"Schweizer Shop f\u00fcr Sport, Spiel und Freizeit\" \/>\n<meta property=\"article:publisher\" content=\"https:\/\/www.facebook.com\/Schweizversand\" \/>\n<meta property=\"article:modified_time\" content=\"2026-04-19T00:05:34+00:00\" \/>\n<meta property=\"og:image\" content=\"https:\/\/schweizversand.ch\/wp-content\/uploads\/2026\/02\/5471859135.jpg\" \/>\n\t<meta property=\"og:image:width\" content=\"1024\" \/>\n\t<meta property=\"og:image:height\" content=\"1024\" \/>\n\t<meta property=\"og:image:type\" content=\"image\/jpeg\" \/>\n<meta name=\"twitter:card\" content=\"summary_large_image\" \/>\n<meta name=\"twitter:label1\" content=\"Dur\u00e9e de lecture estim\u00e9e\" \/>\n\t<meta name=\"twitter:data1\" content=\"1 minute\" \/>\n<script type=\"application\/ld+json\" class=\"yoast-schema-graph\">{\"@context\":\"https:\\\/\\\/schema.org\",\"@graph\":[{\"@type\":\"WebPage\",\"@id\":\"https:\\\/\\\/schweizversand.ch\\\/fr\\\/produkt\\\/jazwares-pokemon-gelenkiges-glurak-select-figur\\\/\",\"url\":\"https:\\\/\\\/schweizversand.ch\\\/fr\\\/produkt\\\/jazwares-pokemon-gelenkiges-glurak-select-figur\\\/\",\"name\":\"Jazwares Pokemon Gelenkiges Glurak Select Figur | Jetzt kaufen | Schweizversand.ch\",\"isPartOf\":{\"@id\":\"https:\\\/\\\/schweizversand.ch\\\/fr\\\/#website\"},\"primaryImageOfPage\":{\"@id\":\"https:\\\/\\\/schweizversand.ch\\\/fr\\\/produkt\\\/jazwares-pokemon-gelenkiges-glurak-select-figur\\\/#primaryimage\"},\"image\":{\"@id\":\"https:\\\/\\\/schweizversand.ch\\\/fr\\\/produkt\\\/jazwares-pokemon-gelenkiges-glurak-select-figur\\\/#primaryimage\"},\"thumbnailUrl\":\"https:\\\/\\\/schweizversand.ch\\\/wp-content\\\/uploads\\\/2026\\\/02\\\/5471859135.jpg\",\"datePublished\":\"2026-03-14T23:57:32+00:00\",\"dateModified\":\"2026-04-19T00:05:34+00:00\",\"description\":\"Jazwares Pokemon Gelenkiges Glurak Select Figur g\u00fcnstig kaufen bei Schweizversand.ch. Schnelle Lieferung in der Schweiz. Gratisversand ab CHF 50.\",\"breadcrumb\":{\"@id\":\"https:\\\/\\\/schweizversand.ch\\\/fr\\\/produkt\\\/jazwares-pokemon-gelenkiges-glurak-select-figur\\\/#breadcrumb\"},\"inLanguage\":\"fr-FR\",\"potentialAction\":[{\"@type\":\"ReadAction\",\"target\":[\"https:\\\/\\\/schweizversand.ch\\\/fr\\\/produkt\\\/jazwares-pokemon-gelenkiges-glurak-select-figur\\\/\"]}]},{\"@type\":\"ImageObject\",\"inLanguage\":\"fr-FR\",\"@id\":\"https:\\\/\\\/schweizversand.ch\\\/fr\\\/produkt\\\/jazwares-pokemon-gelenkiges-glurak-select-figur\\\/#primaryimage\",\"url\":\"https:\\\/\\\/schweizversand.ch\\\/wp-content\\\/uploads\\\/2026\\\/02\\\/5471859135.jpg\",\"contentUrl\":\"https:\\\/\\\/schweizversand.ch\\\/wp-content\\\/uploads\\\/2026\\\/02\\\/5471859135.jpg\",\"width\":1024,\"height\":1024},{\"@type\":\"BreadcrumbList\",\"@id\":\"https:\\\/\\\/schweizversand.ch\\\/fr\\\/produkt\\\/jazwares-pokemon-gelenkiges-glurak-select-figur\\\/#breadcrumb\",\"itemListElement\":[{\"@type\":\"ListItem\",\"position\":1,\"name\":\"Startseite\",\"item\":\"https:\\\/\\\/schweizversand.ch\\\/fr\\\/home\\\/\"},{\"@type\":\"ListItem\",\"position\":2,\"name\":\"Boutique\",\"item\":\"https:\\\/\\\/schweizversand.ch\\\/fr\\\/boutique\\\/\"},{\"@type\":\"ListItem\",\"position\":3,\"name\":\"Jouets et jeux\",\"item\":\"https:\\\/\\\/schweizversand.ch\\\/fr\\\/produkt-kategorie\\\/jouets-et-jeux\\\/\"},{\"@type\":\"ListItem\",\"position\":4,\"name\":\"Figurines et poup\u00e9es\",\"item\":\"https:\\\/\\\/schweizversand.ch\\\/fr\\\/produkt-kategorie\\\/jouets-et-jeux\\\/figurines-et-poupees\\\/\"},{\"@type\":\"ListItem\",\"position\":5,\"name\":\"Figurine articul\u00e9e Charizard Select Pok\u00e9mon de Jazwares\"}]},{\"@type\":\"WebSite\",\"@id\":\"https:\\\/\\\/schweizversand.ch\\\/fr\\\/#website\",\"url\":\"https:\\\/\\\/schweizversand.ch\\\/fr\\\/\",\"name\":\"Schweizer Shop f\u00fcr Sport, Spiel und Freizeit\",\"description\":\"Gratisversand ab 50.- (netto), ab eigenem schweizer Lager, Lieferung innert 48h\",\"publisher\":{\"@id\":\"https:\\\/\\\/schweizversand.ch\\\/fr\\\/#organization\"},\"alternateName\":\"Schweizversand.ch\",\"potentialAction\":[{\"@type\":\"SearchAction\",\"target\":{\"@type\":\"EntryPoint\",\"urlTemplate\":\"https:\\\/\\\/schweizversand.ch\\\/fr\\\/?s={search_term_string}\"},\"query-input\":{\"@type\":\"PropertyValueSpecification\",\"valueRequired\":true,\"valueName\":\"search_term_string\"}}],\"inLanguage\":\"fr-FR\"},{\"@type\":\"Organization\",\"@id\":\"https:\\\/\\\/schweizversand.ch\\\/fr\\\/#organization\",\"name\":\"Schweizversand.ch\",\"url\":\"https:\\\/\\\/schweizversand.ch\\\/fr\\\/\",\"logo\":{\"@type\":\"ImageObject\",\"inLanguage\":\"fr-FR\",\"@id\":\"https:\\\/\\\/schweizversand.ch\\\/fr\\\/#\\\/schema\\\/logo\\\/image\\\/\",\"url\":\"https:\\\/\\\/schweizversand.ch\\\/wp-content\\\/uploads\\\/2026\\\/03\\\/Logo_Rund_Final-1.png\",\"contentUrl\":\"https:\\\/\\\/schweizversand.ch\\\/wp-content\\\/uploads\\\/2026\\\/03\\\/Logo_Rund_Final-1.png\",\"width\":404,\"height\":404,\"caption\":\"Schweizversand.ch\"},\"image\":{\"@id\":\"https:\\\/\\\/schweizversand.ch\\\/fr\\\/#\\\/schema\\\/logo\\\/image\\\/\"},\"sameAs\":[\"https:\\\/\\\/www.facebook.com\\\/Schweizversand\",\"https:\\\/\\\/www.instagram.com\\\/schweizversand.ch\\\/\"]}]}<\/script>\n<!-- \/ Yoast SEO plugin. -->","yoast_head_json":{"title":"Jazwares Pokemon Gelenkiges Glurak Select Figur | Jetzt kaufen | Schweizversand.ch","description":"Jazwares Pokemon Gelenkiges Glurak Select Figur g\u00fcnstig kaufen bei Schweizversand.ch. Schnelle Lieferung in der Schweiz. Gratisversand ab CHF 50.","robots":{"index":"index","follow":"follow","max-snippet":"max-snippet:-1","max-image-preview":"max-image-preview:large","max-video-preview":"max-video-preview:-1"},"canonical":"https:\/\/schweizversand.ch\/fr\/produkt\/jazwares-pokemon-gelenkiges-glurak-select-figur\/","og_locale":"fr_FR","og_type":"article","og_title":"Jazwares Pokemon Gelenkiges Glurak Select Figur | Jetzt kaufen | Schweizversand.ch","og_description":"Jazwares Pokemon Gelenkiges Glurak Select Figur g\u00fcnstig kaufen bei Schweizversand.ch. Schnelle Lieferung in der Schweiz. Gratisversand ab CHF 50.","og_url":"https:\/\/schweizversand.ch\/fr\/produkt\/jazwares-pokemon-gelenkiges-glurak-select-figur\/","og_site_name":"Schweizer Shop f\u00fcr Sport, Spiel und Freizeit","article_publisher":"https:\/\/www.facebook.com\/Schweizversand","article_modified_time":"2026-04-19T00:05:34+00:00","og_image":[{"width":1024,"height":1024,"url":"https:\/\/schweizversand.ch\/wp-content\/uploads\/2026\/02\/5471859135.jpg","type":"image\/jpeg"}],"twitter_card":"summary_large_image","twitter_misc":{"Dur\u00e9e de lecture estim\u00e9e":"1 minute"},"schema":{"@context":"https:\/\/schema.org","@graph":[{"@type":"WebPage","@id":"https:\/\/schweizversand.ch\/fr\/produkt\/jazwares-pokemon-gelenkiges-glurak-select-figur\/","url":"https:\/\/schweizversand.ch\/fr\/produkt\/jazwares-pokemon-gelenkiges-glurak-select-figur\/","name":"Jazwares Pokemon Gelenkiges Glurak Select Figur | Jetzt kaufen | Schweizversand.ch","isPartOf":{"@id":"https:\/\/schweizversand.ch\/fr\/#website"},"primaryImageOfPage":{"@id":"https:\/\/schweizversand.ch\/fr\/produkt\/jazwares-pokemon-gelenkiges-glurak-select-figur\/#primaryimage"},"image":{"@id":"https:\/\/schweizversand.ch\/fr\/produkt\/jazwares-pokemon-gelenkiges-glurak-select-figur\/#primaryimage"},"thumbnailUrl":"https:\/\/schweizversand.ch\/wp-content\/uploads\/2026\/02\/5471859135.jpg","datePublished":"2026-03-14T23:57:32+00:00","dateModified":"2026-04-19T00:05:34+00:00","description":"Jazwares Pokemon Gelenkiges Glurak Select Figur g\u00fcnstig kaufen bei Schweizversand.ch. Schnelle Lieferung in der Schweiz. Gratisversand ab CHF 50.","breadcrumb":{"@id":"https:\/\/schweizversand.ch\/fr\/produkt\/jazwares-pokemon-gelenkiges-glurak-select-figur\/#breadcrumb"},"inLanguage":"fr-FR","potentialAction":[{"@type":"ReadAction","target":["https:\/\/schweizversand.ch\/fr\/produkt\/jazwares-pokemon-gelenkiges-glurak-select-figur\/"]}]},{"@type":"ImageObject","inLanguage":"fr-FR","@id":"https:\/\/schweizversand.ch\/fr\/produkt\/jazwares-pokemon-gelenkiges-glurak-select-figur\/#primaryimage","url":"https:\/\/schweizversand.ch\/wp-content\/uploads\/2026\/02\/5471859135.jpg","contentUrl":"https:\/\/schweizversand.ch\/wp-content\/uploads\/2026\/02\/5471859135.jpg","width":1024,"height":1024},{"@type":"BreadcrumbList","@id":"https:\/\/schweizversand.ch\/fr\/produkt\/jazwares-pokemon-gelenkiges-glurak-select-figur\/#breadcrumb","itemListElement":[{"@type":"ListItem","position":1,"name":"Startseite","item":"https:\/\/schweizversand.ch\/fr\/home\/"},{"@type":"ListItem","position":2,"name":"Boutique","item":"https:\/\/schweizversand.ch\/fr\/boutique\/"},{"@type":"ListItem","position":3,"name":"Jouets et jeux","item":"https:\/\/schweizversand.ch\/fr\/produkt-kategorie\/jouets-et-jeux\/"},{"@type":"ListItem","position":4,"name":"Figurines et poup\u00e9es","item":"https:\/\/schweizversand.ch\/fr\/produkt-kategorie\/jouets-et-jeux\/figurines-et-poupees\/"},{"@type":"ListItem","position":5,"name":"Figurine articul\u00e9e Charizard Select Pok\u00e9mon de Jazwares"}]},{"@type":"WebSite","@id":"https:\/\/schweizversand.ch\/fr\/#website","url":"https:\/\/schweizversand.ch\/fr\/","name":"Schweizer Shop f\u00fcr Sport, Spiel und Freizeit","description":"Gratisversand ab 50.- (netto), ab eigenem schweizer Lager, Lieferung innert 48h","publisher":{"@id":"https:\/\/schweizversand.ch\/fr\/#organization"},"alternateName":"Schweizversand.ch","potentialAction":[{"@type":"SearchAction","target":{"@type":"EntryPoint","urlTemplate":"https:\/\/schweizversand.ch\/fr\/?s={search_term_string}"},"query-input":{"@type":"PropertyValueSpecification","valueRequired":true,"valueName":"search_term_string"}}],"inLanguage":"fr-FR"},{"@type":"Organization","@id":"https:\/\/schweizversand.ch\/fr\/#organization","name":"Schweizversand.ch","url":"https:\/\/schweizversand.ch\/fr\/","logo":{"@type":"ImageObject","inLanguage":"fr-FR","@id":"https:\/\/schweizversand.ch\/fr\/#\/schema\/logo\/image\/","url":"https:\/\/schweizversand.ch\/wp-content\/uploads\/2026\/03\/Logo_Rund_Final-1.png","contentUrl":"https:\/\/schweizversand.ch\/wp-content\/uploads\/2026\/03\/Logo_Rund_Final-1.png","width":404,"height":404,"caption":"Schweizversand.ch"},"image":{"@id":"https:\/\/schweizversand.ch\/fr\/#\/schema\/logo\/image\/"},"sameAs":["https:\/\/www.facebook.com\/Schweizversand","https:\/\/www.instagram.com\/schweizversand.ch\/"]}]}},"jetpack_sharing_enabled":true,"_links":{"self":[{"href":"https:\/\/schweizversand.ch\/fr\/wp-json\/wp\/v2\/product\/253987","targetHints":{"allow":["GET"]}}],"collection":[{"href":"https:\/\/schweizversand.ch\/fr\/wp-json\/wp\/v2\/product"}],"about":[{"href":"https:\/\/schweizversand.ch\/fr\/wp-json\/wp\/v2\/types\/product"}],"replies":[{"embeddable":true,"href":"https:\/\/schweizversand.ch\/fr\/wp-json\/wp\/v2\/comments?post=253987"}],"wp:featuredmedia":[{"embeddable":true,"href":"https:\/\/schweizversand.ch\/fr\/wp-json\/wp\/v2\/media\/166251"}],"wp:attachment":[{"href":"https:\/\/schweizversand.ch\/fr\/wp-json\/wp\/v2\/media?parent=253987"}],"wp:term":[{"taxonomy":"product_brand","embeddable":true,"href":"https:\/\/schweizversand.ch\/fr\/wp-json\/wp\/v2\/product_brand?post=253987"},{"taxonomy":"product_cat","embeddable":true,"href":"https:\/\/schweizversand.ch\/fr\/wp-json\/wp\/v2\/product_cat?post=253987"},{"taxonomy":"product_tag","embeddable":true,"href":"https:\/\/schweizversand.ch\/fr\/wp-json\/wp\/v2\/product_tag?post=253987"}],"curies":[{"name":"wp","href":"https:\/\/api.w.org\/{rel}","templated":true}]}}