{"id":253989,"date":"2026-03-15T00:57:32","date_gmt":"2026-03-14T23:57:32","guid":{"rendered":"https:\/\/schweizversand.ch\/produkt\/jazwares-pokemon-select-pikachu-light-fx-deluxe-figur\/"},"modified":"2026-04-22T15:35:38","modified_gmt":"2026-04-22T13:35:38","slug":"jazwares-pokemon-select-pikachu-light-fx-deluxe-figur","status":"publish","type":"product","link":"https:\/\/schweizversand.ch\/fr\/produkt\/jazwares-pokemon-select-pikachu-light-fx-deluxe-figur\/","title":{"rendered":"Figurine Jazwares Pokemon Select Pikachu Light FX Deluxe"},"content":{"rendered":"<p>Agrandissez votre collection Pok\u00e9mon avec la figurine Pikachu Deluxe exclusive !<\/p>\n<\/p>\n<p>Plongez dans l&rsquo;univers Pok\u00e9mon et offrez-vous la superbe figurine Pikachu Deluxe de la gamme Pok\u00e9mon Select avec effet lumineux ! Un incontournable pour tous les fans et collectionneurs de Pok\u00e9mon. Pikachu, pr\u00eat \u00e0 l&rsquo;attaque, s&rsquo;active d&rsquo;une simple pression sur un bouton : regardez la Boule \u00c9lectro se charger et la figurine s&rsquo;animer !<\/p>\n<\/p>\n<p>Mesurant environ 30 cm et \u00e0 l&rsquo;\u00e9chelle 1\/10, cette figurine ultra-d\u00e9taill\u00e9e est un ajout fantastique \u00e0 toute collection. La figurine Pok\u00e9mon Select est pr\u00e9sent\u00e9e dans une \u00e9l\u00e9gante bo\u00eete-fen\u00eatre, pour une exposition \u00e0 la fois s\u00fbre et styl\u00e9e.<\/p>\n<\/p>\n<p>Caract\u00e9ristiques du produit :<\/p>\n<\/p>\n<p>\u2022 Hauteur : environ 30 cm (\u00e9chelle 1\/10)<\/p>\n<\/p>\n<p>\u2022 Boule \u00c9lectro s&rsquo;activant par simple pression sur un bouton<\/p>\n<\/p>\n<p>\u2022 Piles requises : 3 AAA (non incluses)<\/p>\n<\/p>\n<p>\u2022 \u00c2ge recommand\u00e9 : 8 ans et plus<\/p>\n<\/p>\n<p>\u2022 Ne convient pas aux enfants de moins de 3 ans<\/p>\n<\/p>\n<p>Ne manquez pas l&rsquo;occasion d&rsquo;ajouter cette figurine Pikachu exclusive \u00e0 votre collection \u2013 un v\u00e9ritable bijou pour tous les fans de Pok\u00e9mon !<\/p>\n","protected":false},"excerpt":{"rendered":"<p>Agrandissez votre collection Pok\u00e9mon avec la figurine Pikachu Deluxe exclusive ! Plongez dans l&rsquo;univers Pok\u00e9mon et offrez-vous la superbe figurine Pikachu Deluxe de la gamme Pok\u00e9mon Select avec effet lumineux ! Un incontournable pour tous les fans et collectionneurs de Pok\u00e9mon. Pikachu, pr\u00eat \u00e0 l&rsquo;attaque, s&rsquo;active d&rsquo;une simple pression sur un bouton : regardez la Boule \u00c9lectro se charger et la figurine s&rsquo;animer ! Mesurant environ 30 cm et \u00e0 l&rsquo;\u00e9chelle 1\/10, cette figurine ultra-d\u00e9taill\u00e9e&hellip;<\/p>\n","protected":false},"featured_media":166847,"comment_status":"open","ping_status":"closed","template":"","meta":[],"product_brand":[],"product_cat":[38097],"product_tag":[],"class_list":{"0":"post-253989","1":"product","2":"type-product","3":"status-publish","4":"has-post-thumbnail","6":"product_cat-spielzeugfigur-roboter","7":"product_shipping_class-global_methods","9":"first","10":"instock","11":"taxable","12":"shipping-taxable","13":"purchasable","14":"product-type-simple"},"yoast_head":"<!-- This site is optimized with the Yoast SEO plugin v27.4 - https:\/\/yoast.com\/product\/yoast-seo-wordpress\/ -->\n<title>Jazwares Pokemon Select Pikachu Light FX Deluxe Figur | Jetzt kaufen | Schweizversand.ch<\/title>\n<meta name=\"description\" content=\"Jazwares Pokemon Select Pikachu Light FX Deluxe Figur g\u00fcnstig kaufen bei Schweizversand.ch. Schnelle Lieferung in der Schweiz. Gratisversand ab CHF 50.\" \/>\n<meta name=\"robots\" content=\"index, follow, max-snippet:-1, max-image-preview:large, max-video-preview:-1\" \/>\n<link rel=\"canonical\" href=\"https:\/\/schweizversand.ch\/fr\/produkt\/jazwares-pokemon-select-pikachu-light-fx-deluxe-figur\/\" \/>\n<meta property=\"og:locale\" content=\"fr_FR\" \/>\n<meta property=\"og:type\" content=\"article\" \/>\n<meta property=\"og:title\" content=\"Jazwares Pokemon Select Pikachu Light FX Deluxe Figur | Jetzt kaufen | Schweizversand.ch\" \/>\n<meta property=\"og:description\" content=\"Jazwares Pokemon Select Pikachu Light FX Deluxe Figur g\u00fcnstig kaufen bei Schweizversand.ch. Schnelle Lieferung in der Schweiz. Gratisversand ab CHF 50.\" \/>\n<meta property=\"og:url\" content=\"https:\/\/schweizversand.ch\/fr\/produkt\/jazwares-pokemon-select-pikachu-light-fx-deluxe-figur\/\" \/>\n<meta property=\"og:site_name\" content=\"Schweizer Shop f\u00fcr Sport, Spiel und Freizeit\" \/>\n<meta property=\"article:publisher\" content=\"https:\/\/www.facebook.com\/Schweizversand\" \/>\n<meta property=\"article:modified_time\" content=\"2026-04-22T13:35:38+00:00\" \/>\n<meta property=\"og:image\" content=\"https:\/\/schweizversand.ch\/wp-content\/uploads\/2026\/02\/5471788727.jpg\" \/>\n\t<meta property=\"og:image:width\" content=\"1024\" \/>\n\t<meta property=\"og:image:height\" content=\"1024\" \/>\n\t<meta property=\"og:image:type\" content=\"image\/jpeg\" \/>\n<meta name=\"twitter:card\" content=\"summary_large_image\" \/>\n<meta name=\"twitter:label1\" content=\"Dur\u00e9e de lecture estim\u00e9e\" \/>\n\t<meta name=\"twitter:data1\" content=\"1 minute\" \/>\n<script type=\"application\/ld+json\" class=\"yoast-schema-graph\">{\"@context\":\"https:\\\/\\\/schema.org\",\"@graph\":[{\"@type\":\"WebPage\",\"@id\":\"https:\\\/\\\/schweizversand.ch\\\/fr\\\/produkt\\\/jazwares-pokemon-select-pikachu-light-fx-deluxe-figur\\\/\",\"url\":\"https:\\\/\\\/schweizversand.ch\\\/fr\\\/produkt\\\/jazwares-pokemon-select-pikachu-light-fx-deluxe-figur\\\/\",\"name\":\"Jazwares Pokemon Select Pikachu Light FX Deluxe Figur | Jetzt kaufen | Schweizversand.ch\",\"isPartOf\":{\"@id\":\"https:\\\/\\\/schweizversand.ch\\\/fr\\\/#website\"},\"primaryImageOfPage\":{\"@id\":\"https:\\\/\\\/schweizversand.ch\\\/fr\\\/produkt\\\/jazwares-pokemon-select-pikachu-light-fx-deluxe-figur\\\/#primaryimage\"},\"image\":{\"@id\":\"https:\\\/\\\/schweizversand.ch\\\/fr\\\/produkt\\\/jazwares-pokemon-select-pikachu-light-fx-deluxe-figur\\\/#primaryimage\"},\"thumbnailUrl\":\"https:\\\/\\\/schweizversand.ch\\\/wp-content\\\/uploads\\\/2026\\\/02\\\/5471788727.jpg\",\"datePublished\":\"2026-03-14T23:57:32+00:00\",\"dateModified\":\"2026-04-22T13:35:38+00:00\",\"description\":\"Jazwares Pokemon Select Pikachu Light FX Deluxe Figur g\u00fcnstig kaufen bei Schweizversand.ch. Schnelle Lieferung in der Schweiz. Gratisversand ab CHF 50.\",\"breadcrumb\":{\"@id\":\"https:\\\/\\\/schweizversand.ch\\\/fr\\\/produkt\\\/jazwares-pokemon-select-pikachu-light-fx-deluxe-figur\\\/#breadcrumb\"},\"inLanguage\":\"fr-FR\",\"potentialAction\":[{\"@type\":\"ReadAction\",\"target\":[\"https:\\\/\\\/schweizversand.ch\\\/fr\\\/produkt\\\/jazwares-pokemon-select-pikachu-light-fx-deluxe-figur\\\/\"]}]},{\"@type\":\"ImageObject\",\"inLanguage\":\"fr-FR\",\"@id\":\"https:\\\/\\\/schweizversand.ch\\\/fr\\\/produkt\\\/jazwares-pokemon-select-pikachu-light-fx-deluxe-figur\\\/#primaryimage\",\"url\":\"https:\\\/\\\/schweizversand.ch\\\/wp-content\\\/uploads\\\/2026\\\/02\\\/5471788727.jpg\",\"contentUrl\":\"https:\\\/\\\/schweizversand.ch\\\/wp-content\\\/uploads\\\/2026\\\/02\\\/5471788727.jpg\",\"width\":1024,\"height\":1024},{\"@type\":\"BreadcrumbList\",\"@id\":\"https:\\\/\\\/schweizversand.ch\\\/fr\\\/produkt\\\/jazwares-pokemon-select-pikachu-light-fx-deluxe-figur\\\/#breadcrumb\",\"itemListElement\":[{\"@type\":\"ListItem\",\"position\":1,\"name\":\"Startseite\",\"item\":\"https:\\\/\\\/schweizversand.ch\\\/fr\\\/home\\\/\"},{\"@type\":\"ListItem\",\"position\":2,\"name\":\"Boutique\",\"item\":\"https:\\\/\\\/schweizversand.ch\\\/fr\\\/boutique\\\/\"},{\"@type\":\"ListItem\",\"position\":3,\"name\":\"Jouets et jeux\",\"item\":\"https:\\\/\\\/schweizversand.ch\\\/fr\\\/produkt-kategorie\\\/jouets-et-jeux\\\/\"},{\"@type\":\"ListItem\",\"position\":4,\"name\":\"Figurines et poup\u00e9es\",\"item\":\"https:\\\/\\\/schweizversand.ch\\\/fr\\\/produkt-kategorie\\\/jouets-et-jeux\\\/figurines-et-poupees\\\/\"},{\"@type\":\"ListItem\",\"position\":5,\"name\":\"Figurines et robots\",\"item\":\"https:\\\/\\\/schweizversand.ch\\\/fr\\\/produkt-kategorie\\\/jouets-et-jeux\\\/figurines-et-poupees\\\/spielzeugfigur-roboter\\\/\"},{\"@type\":\"ListItem\",\"position\":6,\"name\":\"Figurine Jazwares Pokemon Select Pikachu Light FX Deluxe\"}]},{\"@type\":\"WebSite\",\"@id\":\"https:\\\/\\\/schweizversand.ch\\\/fr\\\/#website\",\"url\":\"https:\\\/\\\/schweizversand.ch\\\/fr\\\/\",\"name\":\"Schweizer Shop f\u00fcr Sport, Spiel und Freizeit\",\"description\":\"Gratisversand ab 50.- (netto), ab eigenem schweizer Lager, Lieferung innert 48h\",\"publisher\":{\"@id\":\"https:\\\/\\\/schweizversand.ch\\\/fr\\\/#organization\"},\"alternateName\":\"Schweizversand.ch\",\"potentialAction\":[{\"@type\":\"SearchAction\",\"target\":{\"@type\":\"EntryPoint\",\"urlTemplate\":\"https:\\\/\\\/schweizversand.ch\\\/fr\\\/?s={search_term_string}\"},\"query-input\":{\"@type\":\"PropertyValueSpecification\",\"valueRequired\":true,\"valueName\":\"search_term_string\"}}],\"inLanguage\":\"fr-FR\"},{\"@type\":\"Organization\",\"@id\":\"https:\\\/\\\/schweizversand.ch\\\/fr\\\/#organization\",\"name\":\"Schweizversand.ch\",\"url\":\"https:\\\/\\\/schweizversand.ch\\\/fr\\\/\",\"logo\":{\"@type\":\"ImageObject\",\"inLanguage\":\"fr-FR\",\"@id\":\"https:\\\/\\\/schweizversand.ch\\\/fr\\\/#\\\/schema\\\/logo\\\/image\\\/\",\"url\":\"https:\\\/\\\/schweizversand.ch\\\/wp-content\\\/uploads\\\/2026\\\/03\\\/Logo_Rund_Final-1.png\",\"contentUrl\":\"https:\\\/\\\/schweizversand.ch\\\/wp-content\\\/uploads\\\/2026\\\/03\\\/Logo_Rund_Final-1.png\",\"width\":404,\"height\":404,\"caption\":\"Schweizversand.ch\"},\"image\":{\"@id\":\"https:\\\/\\\/schweizversand.ch\\\/fr\\\/#\\\/schema\\\/logo\\\/image\\\/\"},\"sameAs\":[\"https:\\\/\\\/www.facebook.com\\\/Schweizversand\",\"https:\\\/\\\/www.instagram.com\\\/schweizversand.ch\\\/\"]}]}<\/script>\n<!-- \/ Yoast SEO plugin. -->","yoast_head_json":{"title":"Jazwares Pokemon Select Pikachu Light FX Deluxe Figur | Jetzt kaufen | Schweizversand.ch","description":"Jazwares Pokemon Select Pikachu Light FX Deluxe Figur g\u00fcnstig kaufen bei Schweizversand.ch. Schnelle Lieferung in der Schweiz. Gratisversand ab CHF 50.","robots":{"index":"index","follow":"follow","max-snippet":"max-snippet:-1","max-image-preview":"max-image-preview:large","max-video-preview":"max-video-preview:-1"},"canonical":"https:\/\/schweizversand.ch\/fr\/produkt\/jazwares-pokemon-select-pikachu-light-fx-deluxe-figur\/","og_locale":"fr_FR","og_type":"article","og_title":"Jazwares Pokemon Select Pikachu Light FX Deluxe Figur | Jetzt kaufen | Schweizversand.ch","og_description":"Jazwares Pokemon Select Pikachu Light FX Deluxe Figur g\u00fcnstig kaufen bei Schweizversand.ch. Schnelle Lieferung in der Schweiz. Gratisversand ab CHF 50.","og_url":"https:\/\/schweizversand.ch\/fr\/produkt\/jazwares-pokemon-select-pikachu-light-fx-deluxe-figur\/","og_site_name":"Schweizer Shop f\u00fcr Sport, Spiel und Freizeit","article_publisher":"https:\/\/www.facebook.com\/Schweizversand","article_modified_time":"2026-04-22T13:35:38+00:00","og_image":[{"width":1024,"height":1024,"url":"https:\/\/schweizversand.ch\/wp-content\/uploads\/2026\/02\/5471788727.jpg","type":"image\/jpeg"}],"twitter_card":"summary_large_image","twitter_misc":{"Dur\u00e9e de lecture estim\u00e9e":"1 minute"},"schema":{"@context":"https:\/\/schema.org","@graph":[{"@type":"WebPage","@id":"https:\/\/schweizversand.ch\/fr\/produkt\/jazwares-pokemon-select-pikachu-light-fx-deluxe-figur\/","url":"https:\/\/schweizversand.ch\/fr\/produkt\/jazwares-pokemon-select-pikachu-light-fx-deluxe-figur\/","name":"Jazwares Pokemon Select Pikachu Light FX Deluxe Figur | Jetzt kaufen | Schweizversand.ch","isPartOf":{"@id":"https:\/\/schweizversand.ch\/fr\/#website"},"primaryImageOfPage":{"@id":"https:\/\/schweizversand.ch\/fr\/produkt\/jazwares-pokemon-select-pikachu-light-fx-deluxe-figur\/#primaryimage"},"image":{"@id":"https:\/\/schweizversand.ch\/fr\/produkt\/jazwares-pokemon-select-pikachu-light-fx-deluxe-figur\/#primaryimage"},"thumbnailUrl":"https:\/\/schweizversand.ch\/wp-content\/uploads\/2026\/02\/5471788727.jpg","datePublished":"2026-03-14T23:57:32+00:00","dateModified":"2026-04-22T13:35:38+00:00","description":"Jazwares Pokemon Select Pikachu Light FX Deluxe Figur g\u00fcnstig kaufen bei Schweizversand.ch. Schnelle Lieferung in der Schweiz. Gratisversand ab CHF 50.","breadcrumb":{"@id":"https:\/\/schweizversand.ch\/fr\/produkt\/jazwares-pokemon-select-pikachu-light-fx-deluxe-figur\/#breadcrumb"},"inLanguage":"fr-FR","potentialAction":[{"@type":"ReadAction","target":["https:\/\/schweizversand.ch\/fr\/produkt\/jazwares-pokemon-select-pikachu-light-fx-deluxe-figur\/"]}]},{"@type":"ImageObject","inLanguage":"fr-FR","@id":"https:\/\/schweizversand.ch\/fr\/produkt\/jazwares-pokemon-select-pikachu-light-fx-deluxe-figur\/#primaryimage","url":"https:\/\/schweizversand.ch\/wp-content\/uploads\/2026\/02\/5471788727.jpg","contentUrl":"https:\/\/schweizversand.ch\/wp-content\/uploads\/2026\/02\/5471788727.jpg","width":1024,"height":1024},{"@type":"BreadcrumbList","@id":"https:\/\/schweizversand.ch\/fr\/produkt\/jazwares-pokemon-select-pikachu-light-fx-deluxe-figur\/#breadcrumb","itemListElement":[{"@type":"ListItem","position":1,"name":"Startseite","item":"https:\/\/schweizversand.ch\/fr\/home\/"},{"@type":"ListItem","position":2,"name":"Boutique","item":"https:\/\/schweizversand.ch\/fr\/boutique\/"},{"@type":"ListItem","position":3,"name":"Jouets et jeux","item":"https:\/\/schweizversand.ch\/fr\/produkt-kategorie\/jouets-et-jeux\/"},{"@type":"ListItem","position":4,"name":"Figurines et poup\u00e9es","item":"https:\/\/schweizversand.ch\/fr\/produkt-kategorie\/jouets-et-jeux\/figurines-et-poupees\/"},{"@type":"ListItem","position":5,"name":"Figurines et robots","item":"https:\/\/schweizversand.ch\/fr\/produkt-kategorie\/jouets-et-jeux\/figurines-et-poupees\/spielzeugfigur-roboter\/"},{"@type":"ListItem","position":6,"name":"Figurine Jazwares Pokemon Select Pikachu Light FX Deluxe"}]},{"@type":"WebSite","@id":"https:\/\/schweizversand.ch\/fr\/#website","url":"https:\/\/schweizversand.ch\/fr\/","name":"Schweizer Shop f\u00fcr Sport, Spiel und Freizeit","description":"Gratisversand ab 50.- (netto), ab eigenem schweizer Lager, Lieferung innert 48h","publisher":{"@id":"https:\/\/schweizversand.ch\/fr\/#organization"},"alternateName":"Schweizversand.ch","potentialAction":[{"@type":"SearchAction","target":{"@type":"EntryPoint","urlTemplate":"https:\/\/schweizversand.ch\/fr\/?s={search_term_string}"},"query-input":{"@type":"PropertyValueSpecification","valueRequired":true,"valueName":"search_term_string"}}],"inLanguage":"fr-FR"},{"@type":"Organization","@id":"https:\/\/schweizversand.ch\/fr\/#organization","name":"Schweizversand.ch","url":"https:\/\/schweizversand.ch\/fr\/","logo":{"@type":"ImageObject","inLanguage":"fr-FR","@id":"https:\/\/schweizversand.ch\/fr\/#\/schema\/logo\/image\/","url":"https:\/\/schweizversand.ch\/wp-content\/uploads\/2026\/03\/Logo_Rund_Final-1.png","contentUrl":"https:\/\/schweizversand.ch\/wp-content\/uploads\/2026\/03\/Logo_Rund_Final-1.png","width":404,"height":404,"caption":"Schweizversand.ch"},"image":{"@id":"https:\/\/schweizversand.ch\/fr\/#\/schema\/logo\/image\/"},"sameAs":["https:\/\/www.facebook.com\/Schweizversand","https:\/\/www.instagram.com\/schweizversand.ch\/"]}]}},"jetpack_sharing_enabled":true,"_links":{"self":[{"href":"https:\/\/schweizversand.ch\/fr\/wp-json\/wp\/v2\/product\/253989","targetHints":{"allow":["GET"]}}],"collection":[{"href":"https:\/\/schweizversand.ch\/fr\/wp-json\/wp\/v2\/product"}],"about":[{"href":"https:\/\/schweizversand.ch\/fr\/wp-json\/wp\/v2\/types\/product"}],"replies":[{"embeddable":true,"href":"https:\/\/schweizversand.ch\/fr\/wp-json\/wp\/v2\/comments?post=253989"}],"wp:featuredmedia":[{"embeddable":true,"href":"https:\/\/schweizversand.ch\/fr\/wp-json\/wp\/v2\/media\/166847"}],"wp:attachment":[{"href":"https:\/\/schweizversand.ch\/fr\/wp-json\/wp\/v2\/media?parent=253989"}],"wp:term":[{"taxonomy":"product_brand","embeddable":true,"href":"https:\/\/schweizversand.ch\/fr\/wp-json\/wp\/v2\/product_brand?post=253989"},{"taxonomy":"product_cat","embeddable":true,"href":"https:\/\/schweizversand.ch\/fr\/wp-json\/wp\/v2\/product_cat?post=253989"},{"taxonomy":"product_tag","embeddable":true,"href":"https:\/\/schweizversand.ch\/fr\/wp-json\/wp\/v2\/product_tag?post=253989"}],"curies":[{"name":"wp","href":"https:\/\/api.w.org\/{rel}","templated":true}]}}