{"id":253990,"date":"2026-03-15T00:57:33","date_gmt":"2026-03-14T23:57:33","guid":{"rendered":"https:\/\/schweizversand.ch\/produkt\/jazwares-dino-ranch-brutstation-abenteuer-set\/"},"modified":"2026-04-22T15:35:38","modified_gmt":"2026-04-22T13:35:38","slug":"jazwares-dino-ranch-brutstation-abenteuer-set","status":"publish","type":"product","link":"https:\/\/schweizversand.ch\/fr\/produkt\/jazwares-dino-ranch-brutstation-abenteuer-set\/","title":{"rendered":"Ensemble d&rsquo;aventure Jazwares Dino Ranch Hatchery"},"content":{"rendered":"<h1><strong>Coffret Aventure \u00c9closerie Dino Ranch<\/strong><\/h1>\n<div>Plongez dans le monde fascinant de Dino Ranch avec le passionnant Coffret Aventure \u00c9closerie. Ce coffret permet aux jeunes passionn\u00e9s de dinosaures d&rsquo;assister de pr\u00e8s \u00e0 la naissance de b\u00e9b\u00e9s dinosaures et de cr\u00e9er leurs propres aventures.<\/p>\n<\/div>\n<div><strong>Introduction et Plaisir<\/strong><br \/>Rejoignez Min, la jeune v\u00e9t\u00e9rinaire dinosaure en formation, dans ses missions au Dino Ranch. Avec ce jouet Dino Ranch, les enfants peuvent recr\u00e9er l&rsquo;excitation de l&rsquo;\u00e9closion des \u0153ufs de dinosaures et construire leur propre Dino Ranch. Le coffret offre des heures de jeu imaginatif et encourage la cr\u00e9ativit\u00e9.<\/p>\n<\/div>\n<div><strong>\u00c9closerie Dino Ranch<\/strong><br \/>La pi\u00e8ce ma\u00eetresse du coffret est l&rsquo;\u00e9closerie interactive. Placez le b\u00e9b\u00e9 dinosaure dans l&rsquo;\u0153uf transparent et mettez-le dans l&rsquo;incubateur. Appuyez sur l&rsquo;engrenage pour activer l&rsquo;incubateur, qui s&rsquo;illumine et r\u00e9v\u00e8le la silhouette du b\u00e9b\u00e9 dinosaure qui vient d&rsquo;\u00e9clore. Un moment magique qui ravira les petits explorateurs\u00a0!<\/p>\n<\/div>\n<div><strong>Accessoires complets<\/strong><br \/>Le coffret Dino Ranch inclut deux adorables b\u00e9b\u00e9s dinosaures \u00e0 t\u00eate mobile, pr\u00eats pour de nouvelles aventures. Vous trouverez \u00e9galement des accessoires pratiques pour le ranch, comme une pataugeoire pour des bains amusants et une roulotte qui se transforme en nid douillet pour prendre soin de vos figurines Dino Ranch.<\/p>\n<\/div>\n<div><strong>Extensible et \u00e0 collectionner<\/strong><br \/>Construisez votre propre incubateur en assemblant les deux sections de cl\u00f4ture. Ces sections sont \u00e9galement compatibles avec d&rsquo;autres jouets Dino Ranch, comme le coffret de 6 figurines ou les assortiments Action Pack (vendus s\u00e9par\u00e9ment). Ainsi, vous pouvez agrandir votre univers Dino Ranch et constituer une collection impressionnante. D\u00e9couvrez la vari\u00e9t\u00e9 des figurines Dino Ranch et cr\u00e9ez votre propre monde de dinosaures. L&rsquo;avantage\u00a0: ce coffret est le compl\u00e9ment id\u00e9al pour tous les fans de la s\u00e9rie et offre une merveilleuse opportunit\u00e9 de recr\u00e9er les histoires de Dino Ranch et de vivre des moments inoubliables. C&rsquo;est le jouet dinosaure id\u00e9al pour les b\u00e9b\u00e9s, pour stimuler leur imagination et approfondir leur passion pour les dinosaures.<\/p>\n","protected":false},"excerpt":{"rendered":"<p>Coffret Aventure \u00c9closerie Dino Ranch Plongez dans le monde fascinant de Dino Ranch avec le passionnant Coffret Aventure \u00c9closerie. Ce coffret permet aux jeunes passionn\u00e9s de dinosaures d&rsquo;assister de pr\u00e8s \u00e0 la naissance de b\u00e9b\u00e9s dinosaures et de cr\u00e9er leurs propres aventures. Introduction et PlaisirRejoignez Min, la jeune v\u00e9t\u00e9rinaire dinosaure en formation, dans ses missions au Dino Ranch. Avec ce jouet Dino Ranch, les enfants peuvent recr\u00e9er l&rsquo;excitation de l&rsquo;\u00e9closion des \u0153ufs de dinosaures et&hellip;<\/p>\n","protected":false},"featured_media":166257,"comment_status":"open","ping_status":"closed","template":"","meta":[],"product_brand":[],"product_cat":[38098],"product_tag":[],"class_list":{"0":"post-253990","1":"product","2":"type-product","3":"status-publish","4":"has-post-thumbnail","6":"product_cat-figurines-et-poupees","7":"product_shipping_class-global_methods","9":"first","10":"instock","11":"taxable","12":"shipping-taxable","13":"purchasable","14":"product-type-simple"},"yoast_head":"<!-- This site is optimized with the Yoast SEO plugin v27.4 - https:\/\/yoast.com\/product\/yoast-seo-wordpress\/ -->\n<title>Jazwares Dino Ranch Brutstation Abenteuer Set | Jetzt kaufen | Schweizversand.ch<\/title>\n<meta name=\"description\" content=\"Jazwares Dino Ranch Brutstation Abenteuer Set g\u00fcnstig kaufen bei Schweizversand.ch. Schnelle Lieferung in der Schweiz. Gratisversand ab CHF 50.\" \/>\n<meta name=\"robots\" content=\"index, follow, max-snippet:-1, max-image-preview:large, max-video-preview:-1\" \/>\n<link rel=\"canonical\" href=\"https:\/\/schweizversand.ch\/fr\/produkt\/jazwares-dino-ranch-brutstation-abenteuer-set\/\" \/>\n<meta property=\"og:locale\" content=\"fr_FR\" \/>\n<meta property=\"og:type\" content=\"article\" \/>\n<meta property=\"og:title\" content=\"Jazwares Dino Ranch Brutstation Abenteuer Set | Jetzt kaufen | Schweizversand.ch\" \/>\n<meta property=\"og:description\" content=\"Jazwares Dino Ranch Brutstation Abenteuer Set g\u00fcnstig kaufen bei Schweizversand.ch. Schnelle Lieferung in der Schweiz. Gratisversand ab CHF 50.\" \/>\n<meta property=\"og:url\" content=\"https:\/\/schweizversand.ch\/fr\/produkt\/jazwares-dino-ranch-brutstation-abenteuer-set\/\" \/>\n<meta property=\"og:site_name\" content=\"Schweizer Shop f\u00fcr Sport, Spiel und Freizeit\" \/>\n<meta property=\"article:publisher\" content=\"https:\/\/www.facebook.com\/Schweizversand\" \/>\n<meta property=\"article:modified_time\" content=\"2026-04-22T13:35:38+00:00\" \/>\n<meta property=\"og:image\" content=\"https:\/\/schweizversand.ch\/wp-content\/uploads\/2026\/02\/5513058541.jpg\" \/>\n\t<meta property=\"og:image:width\" content=\"1024\" \/>\n\t<meta property=\"og:image:height\" content=\"1024\" \/>\n\t<meta property=\"og:image:type\" content=\"image\/jpeg\" \/>\n<meta name=\"twitter:card\" content=\"summary_large_image\" \/>\n<meta name=\"twitter:label1\" content=\"Dur\u00e9e de lecture estim\u00e9e\" \/>\n\t<meta name=\"twitter:data1\" content=\"2 minutes\" \/>\n<script type=\"application\/ld+json\" class=\"yoast-schema-graph\">{\"@context\":\"https:\\\/\\\/schema.org\",\"@graph\":[{\"@type\":\"WebPage\",\"@id\":\"https:\\\/\\\/schweizversand.ch\\\/fr\\\/produkt\\\/jazwares-dino-ranch-brutstation-abenteuer-set\\\/\",\"url\":\"https:\\\/\\\/schweizversand.ch\\\/fr\\\/produkt\\\/jazwares-dino-ranch-brutstation-abenteuer-set\\\/\",\"name\":\"Jazwares Dino Ranch Brutstation Abenteuer Set | Jetzt kaufen | Schweizversand.ch\",\"isPartOf\":{\"@id\":\"https:\\\/\\\/schweizversand.ch\\\/fr\\\/#website\"},\"primaryImageOfPage\":{\"@id\":\"https:\\\/\\\/schweizversand.ch\\\/fr\\\/produkt\\\/jazwares-dino-ranch-brutstation-abenteuer-set\\\/#primaryimage\"},\"image\":{\"@id\":\"https:\\\/\\\/schweizversand.ch\\\/fr\\\/produkt\\\/jazwares-dino-ranch-brutstation-abenteuer-set\\\/#primaryimage\"},\"thumbnailUrl\":\"https:\\\/\\\/schweizversand.ch\\\/wp-content\\\/uploads\\\/2026\\\/02\\\/5513058541.jpg\",\"datePublished\":\"2026-03-14T23:57:33+00:00\",\"dateModified\":\"2026-04-22T13:35:38+00:00\",\"description\":\"Jazwares Dino Ranch Brutstation Abenteuer Set g\u00fcnstig kaufen bei Schweizversand.ch. Schnelle Lieferung in der Schweiz. Gratisversand ab CHF 50.\",\"breadcrumb\":{\"@id\":\"https:\\\/\\\/schweizversand.ch\\\/fr\\\/produkt\\\/jazwares-dino-ranch-brutstation-abenteuer-set\\\/#breadcrumb\"},\"inLanguage\":\"fr-FR\",\"potentialAction\":[{\"@type\":\"ReadAction\",\"target\":[\"https:\\\/\\\/schweizversand.ch\\\/fr\\\/produkt\\\/jazwares-dino-ranch-brutstation-abenteuer-set\\\/\"]}]},{\"@type\":\"ImageObject\",\"inLanguage\":\"fr-FR\",\"@id\":\"https:\\\/\\\/schweizversand.ch\\\/fr\\\/produkt\\\/jazwares-dino-ranch-brutstation-abenteuer-set\\\/#primaryimage\",\"url\":\"https:\\\/\\\/schweizversand.ch\\\/wp-content\\\/uploads\\\/2026\\\/02\\\/5513058541.jpg\",\"contentUrl\":\"https:\\\/\\\/schweizversand.ch\\\/wp-content\\\/uploads\\\/2026\\\/02\\\/5513058541.jpg\",\"width\":1024,\"height\":1024},{\"@type\":\"BreadcrumbList\",\"@id\":\"https:\\\/\\\/schweizversand.ch\\\/fr\\\/produkt\\\/jazwares-dino-ranch-brutstation-abenteuer-set\\\/#breadcrumb\",\"itemListElement\":[{\"@type\":\"ListItem\",\"position\":1,\"name\":\"Startseite\",\"item\":\"https:\\\/\\\/schweizversand.ch\\\/fr\\\/home\\\/\"},{\"@type\":\"ListItem\",\"position\":2,\"name\":\"Boutique\",\"item\":\"https:\\\/\\\/schweizversand.ch\\\/fr\\\/boutique\\\/\"},{\"@type\":\"ListItem\",\"position\":3,\"name\":\"Jouets et jeux\",\"item\":\"https:\\\/\\\/schweizversand.ch\\\/fr\\\/produkt-kategorie\\\/jouets-et-jeux\\\/\"},{\"@type\":\"ListItem\",\"position\":4,\"name\":\"Figurines et poup\u00e9es\",\"item\":\"https:\\\/\\\/schweizversand.ch\\\/fr\\\/produkt-kategorie\\\/jouets-et-jeux\\\/figurines-et-poupees\\\/\"},{\"@type\":\"ListItem\",\"position\":5,\"name\":\"Ensemble d&#8217;aventure Jazwares Dino Ranch Hatchery\"}]},{\"@type\":\"WebSite\",\"@id\":\"https:\\\/\\\/schweizversand.ch\\\/fr\\\/#website\",\"url\":\"https:\\\/\\\/schweizversand.ch\\\/fr\\\/\",\"name\":\"Schweizer Shop f\u00fcr Sport, Spiel und Freizeit\",\"description\":\"Gratisversand ab 50.- (netto), ab eigenem schweizer Lager, Lieferung innert 48h\",\"publisher\":{\"@id\":\"https:\\\/\\\/schweizversand.ch\\\/fr\\\/#organization\"},\"alternateName\":\"Schweizversand.ch\",\"potentialAction\":[{\"@type\":\"SearchAction\",\"target\":{\"@type\":\"EntryPoint\",\"urlTemplate\":\"https:\\\/\\\/schweizversand.ch\\\/fr\\\/?s={search_term_string}\"},\"query-input\":{\"@type\":\"PropertyValueSpecification\",\"valueRequired\":true,\"valueName\":\"search_term_string\"}}],\"inLanguage\":\"fr-FR\"},{\"@type\":\"Organization\",\"@id\":\"https:\\\/\\\/schweizversand.ch\\\/fr\\\/#organization\",\"name\":\"Schweizversand.ch\",\"url\":\"https:\\\/\\\/schweizversand.ch\\\/fr\\\/\",\"logo\":{\"@type\":\"ImageObject\",\"inLanguage\":\"fr-FR\",\"@id\":\"https:\\\/\\\/schweizversand.ch\\\/fr\\\/#\\\/schema\\\/logo\\\/image\\\/\",\"url\":\"https:\\\/\\\/schweizversand.ch\\\/wp-content\\\/uploads\\\/2026\\\/03\\\/Logo_Rund_Final-1.png\",\"contentUrl\":\"https:\\\/\\\/schweizversand.ch\\\/wp-content\\\/uploads\\\/2026\\\/03\\\/Logo_Rund_Final-1.png\",\"width\":404,\"height\":404,\"caption\":\"Schweizversand.ch\"},\"image\":{\"@id\":\"https:\\\/\\\/schweizversand.ch\\\/fr\\\/#\\\/schema\\\/logo\\\/image\\\/\"},\"sameAs\":[\"https:\\\/\\\/www.facebook.com\\\/Schweizversand\",\"https:\\\/\\\/www.instagram.com\\\/schweizversand.ch\\\/\"]}]}<\/script>\n<!-- \/ Yoast SEO plugin. -->","yoast_head_json":{"title":"Jazwares Dino Ranch Brutstation Abenteuer Set | Jetzt kaufen | Schweizversand.ch","description":"Jazwares Dino Ranch Brutstation Abenteuer Set g\u00fcnstig kaufen bei Schweizversand.ch. Schnelle Lieferung in der Schweiz. Gratisversand ab CHF 50.","robots":{"index":"index","follow":"follow","max-snippet":"max-snippet:-1","max-image-preview":"max-image-preview:large","max-video-preview":"max-video-preview:-1"},"canonical":"https:\/\/schweizversand.ch\/fr\/produkt\/jazwares-dino-ranch-brutstation-abenteuer-set\/","og_locale":"fr_FR","og_type":"article","og_title":"Jazwares Dino Ranch Brutstation Abenteuer Set | Jetzt kaufen | Schweizversand.ch","og_description":"Jazwares Dino Ranch Brutstation Abenteuer Set g\u00fcnstig kaufen bei Schweizversand.ch. Schnelle Lieferung in der Schweiz. Gratisversand ab CHF 50.","og_url":"https:\/\/schweizversand.ch\/fr\/produkt\/jazwares-dino-ranch-brutstation-abenteuer-set\/","og_site_name":"Schweizer Shop f\u00fcr Sport, Spiel und Freizeit","article_publisher":"https:\/\/www.facebook.com\/Schweizversand","article_modified_time":"2026-04-22T13:35:38+00:00","og_image":[{"width":1024,"height":1024,"url":"https:\/\/schweizversand.ch\/wp-content\/uploads\/2026\/02\/5513058541.jpg","type":"image\/jpeg"}],"twitter_card":"summary_large_image","twitter_misc":{"Dur\u00e9e de lecture estim\u00e9e":"2 minutes"},"schema":{"@context":"https:\/\/schema.org","@graph":[{"@type":"WebPage","@id":"https:\/\/schweizversand.ch\/fr\/produkt\/jazwares-dino-ranch-brutstation-abenteuer-set\/","url":"https:\/\/schweizversand.ch\/fr\/produkt\/jazwares-dino-ranch-brutstation-abenteuer-set\/","name":"Jazwares Dino Ranch Brutstation Abenteuer Set | Jetzt kaufen | Schweizversand.ch","isPartOf":{"@id":"https:\/\/schweizversand.ch\/fr\/#website"},"primaryImageOfPage":{"@id":"https:\/\/schweizversand.ch\/fr\/produkt\/jazwares-dino-ranch-brutstation-abenteuer-set\/#primaryimage"},"image":{"@id":"https:\/\/schweizversand.ch\/fr\/produkt\/jazwares-dino-ranch-brutstation-abenteuer-set\/#primaryimage"},"thumbnailUrl":"https:\/\/schweizversand.ch\/wp-content\/uploads\/2026\/02\/5513058541.jpg","datePublished":"2026-03-14T23:57:33+00:00","dateModified":"2026-04-22T13:35:38+00:00","description":"Jazwares Dino Ranch Brutstation Abenteuer Set g\u00fcnstig kaufen bei Schweizversand.ch. Schnelle Lieferung in der Schweiz. Gratisversand ab CHF 50.","breadcrumb":{"@id":"https:\/\/schweizversand.ch\/fr\/produkt\/jazwares-dino-ranch-brutstation-abenteuer-set\/#breadcrumb"},"inLanguage":"fr-FR","potentialAction":[{"@type":"ReadAction","target":["https:\/\/schweizversand.ch\/fr\/produkt\/jazwares-dino-ranch-brutstation-abenteuer-set\/"]}]},{"@type":"ImageObject","inLanguage":"fr-FR","@id":"https:\/\/schweizversand.ch\/fr\/produkt\/jazwares-dino-ranch-brutstation-abenteuer-set\/#primaryimage","url":"https:\/\/schweizversand.ch\/wp-content\/uploads\/2026\/02\/5513058541.jpg","contentUrl":"https:\/\/schweizversand.ch\/wp-content\/uploads\/2026\/02\/5513058541.jpg","width":1024,"height":1024},{"@type":"BreadcrumbList","@id":"https:\/\/schweizversand.ch\/fr\/produkt\/jazwares-dino-ranch-brutstation-abenteuer-set\/#breadcrumb","itemListElement":[{"@type":"ListItem","position":1,"name":"Startseite","item":"https:\/\/schweizversand.ch\/fr\/home\/"},{"@type":"ListItem","position":2,"name":"Boutique","item":"https:\/\/schweizversand.ch\/fr\/boutique\/"},{"@type":"ListItem","position":3,"name":"Jouets et jeux","item":"https:\/\/schweizversand.ch\/fr\/produkt-kategorie\/jouets-et-jeux\/"},{"@type":"ListItem","position":4,"name":"Figurines et poup\u00e9es","item":"https:\/\/schweizversand.ch\/fr\/produkt-kategorie\/jouets-et-jeux\/figurines-et-poupees\/"},{"@type":"ListItem","position":5,"name":"Ensemble d&#8217;aventure Jazwares Dino Ranch Hatchery"}]},{"@type":"WebSite","@id":"https:\/\/schweizversand.ch\/fr\/#website","url":"https:\/\/schweizversand.ch\/fr\/","name":"Schweizer Shop f\u00fcr Sport, Spiel und Freizeit","description":"Gratisversand ab 50.- (netto), ab eigenem schweizer Lager, Lieferung innert 48h","publisher":{"@id":"https:\/\/schweizversand.ch\/fr\/#organization"},"alternateName":"Schweizversand.ch","potentialAction":[{"@type":"SearchAction","target":{"@type":"EntryPoint","urlTemplate":"https:\/\/schweizversand.ch\/fr\/?s={search_term_string}"},"query-input":{"@type":"PropertyValueSpecification","valueRequired":true,"valueName":"search_term_string"}}],"inLanguage":"fr-FR"},{"@type":"Organization","@id":"https:\/\/schweizversand.ch\/fr\/#organization","name":"Schweizversand.ch","url":"https:\/\/schweizversand.ch\/fr\/","logo":{"@type":"ImageObject","inLanguage":"fr-FR","@id":"https:\/\/schweizversand.ch\/fr\/#\/schema\/logo\/image\/","url":"https:\/\/schweizversand.ch\/wp-content\/uploads\/2026\/03\/Logo_Rund_Final-1.png","contentUrl":"https:\/\/schweizversand.ch\/wp-content\/uploads\/2026\/03\/Logo_Rund_Final-1.png","width":404,"height":404,"caption":"Schweizversand.ch"},"image":{"@id":"https:\/\/schweizversand.ch\/fr\/#\/schema\/logo\/image\/"},"sameAs":["https:\/\/www.facebook.com\/Schweizversand","https:\/\/www.instagram.com\/schweizversand.ch\/"]}]}},"jetpack_sharing_enabled":true,"_links":{"self":[{"href":"https:\/\/schweizversand.ch\/fr\/wp-json\/wp\/v2\/product\/253990","targetHints":{"allow":["GET"]}}],"collection":[{"href":"https:\/\/schweizversand.ch\/fr\/wp-json\/wp\/v2\/product"}],"about":[{"href":"https:\/\/schweizversand.ch\/fr\/wp-json\/wp\/v2\/types\/product"}],"replies":[{"embeddable":true,"href":"https:\/\/schweizversand.ch\/fr\/wp-json\/wp\/v2\/comments?post=253990"}],"wp:featuredmedia":[{"embeddable":true,"href":"https:\/\/schweizversand.ch\/fr\/wp-json\/wp\/v2\/media\/166257"}],"wp:attachment":[{"href":"https:\/\/schweizversand.ch\/fr\/wp-json\/wp\/v2\/media?parent=253990"}],"wp:term":[{"taxonomy":"product_brand","embeddable":true,"href":"https:\/\/schweizversand.ch\/fr\/wp-json\/wp\/v2\/product_brand?post=253990"},{"taxonomy":"product_cat","embeddable":true,"href":"https:\/\/schweizversand.ch\/fr\/wp-json\/wp\/v2\/product_cat?post=253990"},{"taxonomy":"product_tag","embeddable":true,"href":"https:\/\/schweizversand.ch\/fr\/wp-json\/wp\/v2\/product_tag?post=253990"}],"curies":[{"name":"wp","href":"https:\/\/api.w.org\/{rel}","templated":true}]}}