{"id":253991,"date":"2026-03-15T00:57:33","date_gmt":"2026-03-14T23:57:33","guid":{"rendered":"https:\/\/schweizversand.ch\/produkt\/cocomelon-mini-vehicles\/"},"modified":"2026-04-19T02:05:34","modified_gmt":"2026-04-19T00:05:34","slug":"cocomelon-mini-vehicles","status":"publish","type":"product","link":"https:\/\/schweizversand.ch\/fr\/produkt\/cocomelon-mini-vehicles\/","title":{"rendered":"Mini-v\u00e9hicules Cocomelon"},"content":{"rendered":"<h1><strong>Mini v\u00e9hicules CoComelon<\/strong><\/h1>\n<div>D\u00e9couvrez le monde enchanteur de CoComelon avec les <strong>Mini v\u00e9hicules CoComelon<\/strong>. Ce coffret permet de retrouver les v\u00e9hicules les plus populaires de la s\u00e9rie \u00e0 succ\u00e8s directement dans la chambre de votre enfant, pour des heures d&rsquo;amusement. C&rsquo;est le <strong>jouet<\/strong> id\u00e9al pour les tout-petits, stimulant leur motricit\u00e9 et leur imagination.<\/p>\n<\/div>\n<div>Les <strong>v\u00e9hicules CoComelon<\/strong> sont parfaitement adapt\u00e9s aux petites mains. Fabriqu\u00e9s dans un mat\u00e9riau r\u00e9sistant, ils sont con\u00e7us pour supporter les jeux les plus intenses. Si votre enfant aime les personnages et les chansons de CoComelon, ces mini v\u00e9hicules deviendront vite son jouet pr\u00e9f\u00e9r\u00e9. Le coffret comprend diff\u00e9rents v\u00e9hicules embl\u00e9matiques que les petits connaissent et adorent gr\u00e2ce aux \u00e9pisodes.<\/p>\n<\/div>\n<div><strong>Favorise le d\u00e9veloppement<\/strong><br \/>Ce jouet <strong>CoComelon<\/strong> est bien plus qu&rsquo;un simple objet de divertissement. En manipulant, poussant et d\u00e9pla\u00e7ant les petites voitures Cocomelon, les enfants d\u00e9veloppent leur motricit\u00e9 fine et leur coordination \u0153il-main tout en s&rsquo;amusant. Rejouer des sc\u00e8nes ou inventer leurs propres histoires avec les mini-v\u00e9hicules Cocomelon stimule \u00e9galement leur cr\u00e9ativit\u00e9 et leur imagination. C&rsquo;est un excellent outil pour l&rsquo;\u00e9veil et le d\u00e9veloppement des comp\u00e9tences sociales. Design et s\u00e9curit\u00e9\u00a0: les mini-v\u00e9hicules arborent un design color\u00e9 et adapt\u00e9 aux enfants, fid\u00e8le aux personnages de la s\u00e9rie. Chaque v\u00e9hicule est con\u00e7u avec soin et sans danger pour les enfants \u00e0 partir de 2\u00a0ans. Nous veillons tout particuli\u00e8rement \u00e0 ce que tous les mat\u00e9riaux soient non toxiques et que les bords soient arrondis afin de garantir la s\u00e9curit\u00e9 de votre enfant \u00e0 tout moment. Gr\u00e2ce \u00e0 sa taille compacte, ce set est id\u00e9al pour les d\u00e9placements, que ce soit en voiture ou chez les grands-parents.<\/p>\n<\/div>\n<div><strong>D\u00e9tails du produit<\/strong><br \/>&#8211; Mat\u00e9riau robuste et durable<br \/>&#8211; Favorise la motricit\u00e9 fine et le jeu de r\u00f4le<br \/>&#8211; Id\u00e9al pour les enfants \u00e0 partir de 2 ans<br \/>&#8211; Taille parfaite pour les petites mains<\/p>\n<p>V\u00e9hicule non s\u00e9lectionnable<br \/>Prix \u00e0 l&rsquo;unit\u00e9<\/p>\n<\/div>\n<div><strong>Vos \u200b\u200bavantages avec les mini-v\u00e9hicules CoComelon<\/strong><br \/>Offrez \u00e0 votre enfant ce jouet <strong>CoComelon<\/strong> tr\u00e8s populaire et faites-lui plaisir tout en l&rsquo;amusant. Sa haute qualit\u00e9 et ses personnages reconnaissables garantissent un succ\u00e8s assur\u00e9 dans sa chambre. Commandez d\u00e8s maintenant le set <strong>CoComelon CMW0010<\/strong> et que l&rsquo;aventure commence\u00a0!<\/p>\n<\/div>\n<div><\/div>\n","protected":false},"excerpt":{"rendered":"<p>Mini v\u00e9hicules CoComelon D\u00e9couvrez le monde enchanteur de CoComelon avec les Mini v\u00e9hicules CoComelon. Ce coffret permet de retrouver les v\u00e9hicules les plus populaires de la s\u00e9rie \u00e0 succ\u00e8s directement dans la chambre de votre enfant, pour des heures d&rsquo;amusement. C&rsquo;est le jouet id\u00e9al pour les tout-petits, stimulant leur motricit\u00e9 et leur imagination. Les v\u00e9hicules CoComelon sont parfaitement adapt\u00e9s aux petites mains. Fabriqu\u00e9s dans un mat\u00e9riau r\u00e9sistant, ils sont con\u00e7us pour supporter les jeux les&hellip;<\/p>\n","protected":false},"featured_media":166263,"comment_status":"open","ping_status":"closed","template":"","meta":[],"product_brand":[],"product_cat":[38096],"product_tag":[],"class_list":{"0":"post-253991","1":"product","2":"type-product","3":"status-publish","4":"has-post-thumbnail","6":"product_cat-spielzeugauto","7":"product_shipping_class-global_methods","9":"first","10":"instock","11":"taxable","12":"shipping-taxable","13":"purchasable","14":"product-type-simple"},"yoast_head":"<!-- This site is optimized with the Yoast SEO plugin v27.4 - https:\/\/yoast.com\/product\/yoast-seo-wordpress\/ -->\n<title>Cocomelon Mini Vehicles | Jetzt kaufen | Schweizversand.ch<\/title>\n<meta name=\"description\" content=\"Cocomelon Mini Vehicles g\u00fcnstig kaufen bei Schweizversand.ch. Schnelle Lieferung in der Schweiz. Gratisversand ab CHF 50.\" \/>\n<meta name=\"robots\" content=\"index, follow, max-snippet:-1, max-image-preview:large, max-video-preview:-1\" \/>\n<link rel=\"canonical\" href=\"https:\/\/schweizversand.ch\/fr\/produkt\/cocomelon-mini-vehicles\/\" \/>\n<meta property=\"og:locale\" content=\"fr_FR\" \/>\n<meta property=\"og:type\" content=\"article\" \/>\n<meta property=\"og:title\" content=\"Cocomelon Mini Vehicles | Jetzt kaufen | Schweizversand.ch\" \/>\n<meta property=\"og:description\" content=\"Cocomelon Mini Vehicles g\u00fcnstig kaufen bei Schweizversand.ch. Schnelle Lieferung in der Schweiz. Gratisversand ab CHF 50.\" \/>\n<meta property=\"og:url\" content=\"https:\/\/schweizversand.ch\/fr\/produkt\/cocomelon-mini-vehicles\/\" \/>\n<meta property=\"og:site_name\" content=\"Schweizer Shop f\u00fcr Sport, Spiel und Freizeit\" \/>\n<meta property=\"article:publisher\" content=\"https:\/\/www.facebook.com\/Schweizversand\" \/>\n<meta property=\"article:modified_time\" content=\"2026-04-19T00:05:34+00:00\" \/>\n<meta property=\"og:image\" content=\"https:\/\/schweizversand.ch\/wp-content\/uploads\/2026\/02\/5476930524.jpg\" \/>\n\t<meta property=\"og:image:width\" content=\"978\" \/>\n\t<meta property=\"og:image:height\" content=\"1024\" \/>\n\t<meta property=\"og:image:type\" content=\"image\/jpeg\" \/>\n<meta name=\"twitter:card\" content=\"summary_large_image\" \/>\n<meta name=\"twitter:label1\" content=\"Dur\u00e9e de lecture estim\u00e9e\" \/>\n\t<meta name=\"twitter:data1\" content=\"2 minutes\" \/>\n<script type=\"application\/ld+json\" class=\"yoast-schema-graph\">{\"@context\":\"https:\\\/\\\/schema.org\",\"@graph\":[{\"@type\":\"WebPage\",\"@id\":\"https:\\\/\\\/schweizversand.ch\\\/fr\\\/produkt\\\/cocomelon-mini-vehicles\\\/\",\"url\":\"https:\\\/\\\/schweizversand.ch\\\/fr\\\/produkt\\\/cocomelon-mini-vehicles\\\/\",\"name\":\"Cocomelon Mini Vehicles | Jetzt kaufen | Schweizversand.ch\",\"isPartOf\":{\"@id\":\"https:\\\/\\\/schweizversand.ch\\\/fr\\\/#website\"},\"primaryImageOfPage\":{\"@id\":\"https:\\\/\\\/schweizversand.ch\\\/fr\\\/produkt\\\/cocomelon-mini-vehicles\\\/#primaryimage\"},\"image\":{\"@id\":\"https:\\\/\\\/schweizversand.ch\\\/fr\\\/produkt\\\/cocomelon-mini-vehicles\\\/#primaryimage\"},\"thumbnailUrl\":\"https:\\\/\\\/schweizversand.ch\\\/wp-content\\\/uploads\\\/2026\\\/02\\\/5476930524.jpg\",\"datePublished\":\"2026-03-14T23:57:33+00:00\",\"dateModified\":\"2026-04-19T00:05:34+00:00\",\"description\":\"Cocomelon Mini Vehicles g\u00fcnstig kaufen bei Schweizversand.ch. Schnelle Lieferung in der Schweiz. Gratisversand ab CHF 50.\",\"breadcrumb\":{\"@id\":\"https:\\\/\\\/schweizversand.ch\\\/fr\\\/produkt\\\/cocomelon-mini-vehicles\\\/#breadcrumb\"},\"inLanguage\":\"fr-FR\",\"potentialAction\":[{\"@type\":\"ReadAction\",\"target\":[\"https:\\\/\\\/schweizversand.ch\\\/fr\\\/produkt\\\/cocomelon-mini-vehicles\\\/\"]}]},{\"@type\":\"ImageObject\",\"inLanguage\":\"fr-FR\",\"@id\":\"https:\\\/\\\/schweizversand.ch\\\/fr\\\/produkt\\\/cocomelon-mini-vehicles\\\/#primaryimage\",\"url\":\"https:\\\/\\\/schweizversand.ch\\\/wp-content\\\/uploads\\\/2026\\\/02\\\/5476930524.jpg\",\"contentUrl\":\"https:\\\/\\\/schweizversand.ch\\\/wp-content\\\/uploads\\\/2026\\\/02\\\/5476930524.jpg\",\"width\":978,\"height\":1024},{\"@type\":\"BreadcrumbList\",\"@id\":\"https:\\\/\\\/schweizversand.ch\\\/fr\\\/produkt\\\/cocomelon-mini-vehicles\\\/#breadcrumb\",\"itemListElement\":[{\"@type\":\"ListItem\",\"position\":1,\"name\":\"Startseite\",\"item\":\"https:\\\/\\\/schweizversand.ch\\\/fr\\\/home\\\/\"},{\"@type\":\"ListItem\",\"position\":2,\"name\":\"Boutique\",\"item\":\"https:\\\/\\\/schweizversand.ch\\\/fr\\\/boutique\\\/\"},{\"@type\":\"ListItem\",\"position\":3,\"name\":\"Jouets et jeux\",\"item\":\"https:\\\/\\\/schweizversand.ch\\\/fr\\\/produkt-kategorie\\\/jouets-et-jeux\\\/\"},{\"@type\":\"ListItem\",\"position\":4,\"name\":\"V\u00e9hicules miniatures\",\"item\":\"https:\\\/\\\/schweizversand.ch\\\/fr\\\/produkt-kategorie\\\/jouets-et-jeux\\\/vehicules-miniatures\\\/\"},{\"@type\":\"ListItem\",\"position\":5,\"name\":\"Voitures miniatures\",\"item\":\"https:\\\/\\\/schweizversand.ch\\\/fr\\\/produkt-kategorie\\\/jouets-et-jeux\\\/vehicules-miniatures\\\/spielzeugauto\\\/\"},{\"@type\":\"ListItem\",\"position\":6,\"name\":\"Mini-v\u00e9hicules Cocomelon\"}]},{\"@type\":\"WebSite\",\"@id\":\"https:\\\/\\\/schweizversand.ch\\\/fr\\\/#website\",\"url\":\"https:\\\/\\\/schweizversand.ch\\\/fr\\\/\",\"name\":\"Schweizer Shop f\u00fcr Sport, Spiel und Freizeit\",\"description\":\"Gratisversand ab 50.- (netto), ab eigenem schweizer Lager, Lieferung innert 48h\",\"publisher\":{\"@id\":\"https:\\\/\\\/schweizversand.ch\\\/fr\\\/#organization\"},\"alternateName\":\"Schweizversand.ch\",\"potentialAction\":[{\"@type\":\"SearchAction\",\"target\":{\"@type\":\"EntryPoint\",\"urlTemplate\":\"https:\\\/\\\/schweizversand.ch\\\/fr\\\/?s={search_term_string}\"},\"query-input\":{\"@type\":\"PropertyValueSpecification\",\"valueRequired\":true,\"valueName\":\"search_term_string\"}}],\"inLanguage\":\"fr-FR\"},{\"@type\":\"Organization\",\"@id\":\"https:\\\/\\\/schweizversand.ch\\\/fr\\\/#organization\",\"name\":\"Schweizversand.ch\",\"url\":\"https:\\\/\\\/schweizversand.ch\\\/fr\\\/\",\"logo\":{\"@type\":\"ImageObject\",\"inLanguage\":\"fr-FR\",\"@id\":\"https:\\\/\\\/schweizversand.ch\\\/fr\\\/#\\\/schema\\\/logo\\\/image\\\/\",\"url\":\"https:\\\/\\\/schweizversand.ch\\\/wp-content\\\/uploads\\\/2026\\\/03\\\/Logo_Rund_Final-1.png\",\"contentUrl\":\"https:\\\/\\\/schweizversand.ch\\\/wp-content\\\/uploads\\\/2026\\\/03\\\/Logo_Rund_Final-1.png\",\"width\":404,\"height\":404,\"caption\":\"Schweizversand.ch\"},\"image\":{\"@id\":\"https:\\\/\\\/schweizversand.ch\\\/fr\\\/#\\\/schema\\\/logo\\\/image\\\/\"},\"sameAs\":[\"https:\\\/\\\/www.facebook.com\\\/Schweizversand\",\"https:\\\/\\\/www.instagram.com\\\/schweizversand.ch\\\/\"]}]}<\/script>\n<!-- \/ Yoast SEO plugin. -->","yoast_head_json":{"title":"Cocomelon Mini Vehicles | Jetzt kaufen | Schweizversand.ch","description":"Cocomelon Mini Vehicles g\u00fcnstig kaufen bei Schweizversand.ch. Schnelle Lieferung in der Schweiz. Gratisversand ab CHF 50.","robots":{"index":"index","follow":"follow","max-snippet":"max-snippet:-1","max-image-preview":"max-image-preview:large","max-video-preview":"max-video-preview:-1"},"canonical":"https:\/\/schweizversand.ch\/fr\/produkt\/cocomelon-mini-vehicles\/","og_locale":"fr_FR","og_type":"article","og_title":"Cocomelon Mini Vehicles | Jetzt kaufen | Schweizversand.ch","og_description":"Cocomelon Mini Vehicles g\u00fcnstig kaufen bei Schweizversand.ch. Schnelle Lieferung in der Schweiz. Gratisversand ab CHF 50.","og_url":"https:\/\/schweizversand.ch\/fr\/produkt\/cocomelon-mini-vehicles\/","og_site_name":"Schweizer Shop f\u00fcr Sport, Spiel und Freizeit","article_publisher":"https:\/\/www.facebook.com\/Schweizversand","article_modified_time":"2026-04-19T00:05:34+00:00","og_image":[{"width":978,"height":1024,"url":"https:\/\/schweizversand.ch\/wp-content\/uploads\/2026\/02\/5476930524.jpg","type":"image\/jpeg"}],"twitter_card":"summary_large_image","twitter_misc":{"Dur\u00e9e de lecture estim\u00e9e":"2 minutes"},"schema":{"@context":"https:\/\/schema.org","@graph":[{"@type":"WebPage","@id":"https:\/\/schweizversand.ch\/fr\/produkt\/cocomelon-mini-vehicles\/","url":"https:\/\/schweizversand.ch\/fr\/produkt\/cocomelon-mini-vehicles\/","name":"Cocomelon Mini Vehicles | Jetzt kaufen | Schweizversand.ch","isPartOf":{"@id":"https:\/\/schweizversand.ch\/fr\/#website"},"primaryImageOfPage":{"@id":"https:\/\/schweizversand.ch\/fr\/produkt\/cocomelon-mini-vehicles\/#primaryimage"},"image":{"@id":"https:\/\/schweizversand.ch\/fr\/produkt\/cocomelon-mini-vehicles\/#primaryimage"},"thumbnailUrl":"https:\/\/schweizversand.ch\/wp-content\/uploads\/2026\/02\/5476930524.jpg","datePublished":"2026-03-14T23:57:33+00:00","dateModified":"2026-04-19T00:05:34+00:00","description":"Cocomelon Mini Vehicles g\u00fcnstig kaufen bei Schweizversand.ch. Schnelle Lieferung in der Schweiz. Gratisversand ab CHF 50.","breadcrumb":{"@id":"https:\/\/schweizversand.ch\/fr\/produkt\/cocomelon-mini-vehicles\/#breadcrumb"},"inLanguage":"fr-FR","potentialAction":[{"@type":"ReadAction","target":["https:\/\/schweizversand.ch\/fr\/produkt\/cocomelon-mini-vehicles\/"]}]},{"@type":"ImageObject","inLanguage":"fr-FR","@id":"https:\/\/schweizversand.ch\/fr\/produkt\/cocomelon-mini-vehicles\/#primaryimage","url":"https:\/\/schweizversand.ch\/wp-content\/uploads\/2026\/02\/5476930524.jpg","contentUrl":"https:\/\/schweizversand.ch\/wp-content\/uploads\/2026\/02\/5476930524.jpg","width":978,"height":1024},{"@type":"BreadcrumbList","@id":"https:\/\/schweizversand.ch\/fr\/produkt\/cocomelon-mini-vehicles\/#breadcrumb","itemListElement":[{"@type":"ListItem","position":1,"name":"Startseite","item":"https:\/\/schweizversand.ch\/fr\/home\/"},{"@type":"ListItem","position":2,"name":"Boutique","item":"https:\/\/schweizversand.ch\/fr\/boutique\/"},{"@type":"ListItem","position":3,"name":"Jouets et jeux","item":"https:\/\/schweizversand.ch\/fr\/produkt-kategorie\/jouets-et-jeux\/"},{"@type":"ListItem","position":4,"name":"V\u00e9hicules miniatures","item":"https:\/\/schweizversand.ch\/fr\/produkt-kategorie\/jouets-et-jeux\/vehicules-miniatures\/"},{"@type":"ListItem","position":5,"name":"Voitures miniatures","item":"https:\/\/schweizversand.ch\/fr\/produkt-kategorie\/jouets-et-jeux\/vehicules-miniatures\/spielzeugauto\/"},{"@type":"ListItem","position":6,"name":"Mini-v\u00e9hicules Cocomelon"}]},{"@type":"WebSite","@id":"https:\/\/schweizversand.ch\/fr\/#website","url":"https:\/\/schweizversand.ch\/fr\/","name":"Schweizer Shop f\u00fcr Sport, Spiel und Freizeit","description":"Gratisversand ab 50.- (netto), ab eigenem schweizer Lager, Lieferung innert 48h","publisher":{"@id":"https:\/\/schweizversand.ch\/fr\/#organization"},"alternateName":"Schweizversand.ch","potentialAction":[{"@type":"SearchAction","target":{"@type":"EntryPoint","urlTemplate":"https:\/\/schweizversand.ch\/fr\/?s={search_term_string}"},"query-input":{"@type":"PropertyValueSpecification","valueRequired":true,"valueName":"search_term_string"}}],"inLanguage":"fr-FR"},{"@type":"Organization","@id":"https:\/\/schweizversand.ch\/fr\/#organization","name":"Schweizversand.ch","url":"https:\/\/schweizversand.ch\/fr\/","logo":{"@type":"ImageObject","inLanguage":"fr-FR","@id":"https:\/\/schweizversand.ch\/fr\/#\/schema\/logo\/image\/","url":"https:\/\/schweizversand.ch\/wp-content\/uploads\/2026\/03\/Logo_Rund_Final-1.png","contentUrl":"https:\/\/schweizversand.ch\/wp-content\/uploads\/2026\/03\/Logo_Rund_Final-1.png","width":404,"height":404,"caption":"Schweizversand.ch"},"image":{"@id":"https:\/\/schweizversand.ch\/fr\/#\/schema\/logo\/image\/"},"sameAs":["https:\/\/www.facebook.com\/Schweizversand","https:\/\/www.instagram.com\/schweizversand.ch\/"]}]}},"jetpack_sharing_enabled":true,"_links":{"self":[{"href":"https:\/\/schweizversand.ch\/fr\/wp-json\/wp\/v2\/product\/253991","targetHints":{"allow":["GET"]}}],"collection":[{"href":"https:\/\/schweizversand.ch\/fr\/wp-json\/wp\/v2\/product"}],"about":[{"href":"https:\/\/schweizversand.ch\/fr\/wp-json\/wp\/v2\/types\/product"}],"replies":[{"embeddable":true,"href":"https:\/\/schweizversand.ch\/fr\/wp-json\/wp\/v2\/comments?post=253991"}],"wp:featuredmedia":[{"embeddable":true,"href":"https:\/\/schweizversand.ch\/fr\/wp-json\/wp\/v2\/media\/166263"}],"wp:attachment":[{"href":"https:\/\/schweizversand.ch\/fr\/wp-json\/wp\/v2\/media?parent=253991"}],"wp:term":[{"taxonomy":"product_brand","embeddable":true,"href":"https:\/\/schweizversand.ch\/fr\/wp-json\/wp\/v2\/product_brand?post=253991"},{"taxonomy":"product_cat","embeddable":true,"href":"https:\/\/schweizversand.ch\/fr\/wp-json\/wp\/v2\/product_cat?post=253991"},{"taxonomy":"product_tag","embeddable":true,"href":"https:\/\/schweizversand.ch\/fr\/wp-json\/wp\/v2\/product_tag?post=253991"}],"curies":[{"name":"wp","href":"https:\/\/api.w.org\/{rel}","templated":true}]}}