{"id":253992,"date":"2026-03-15T00:57:33","date_gmt":"2026-03-14T23:57:33","guid":{"rendered":"https:\/\/schweizversand.ch\/produkt\/hasbro-micro-machines-core-playset-car-tuner-garage-station\/"},"modified":"2026-04-19T15:36:16","modified_gmt":"2026-04-19T13:36:16","slug":"hasbro-micro-machines-core-playset-car-tuner-garage-station","status":"publish","type":"product","link":"https:\/\/schweizversand.ch\/fr\/produkt\/hasbro-micro-machines-core-playset-car-tuner-garage-station\/","title":{"rendered":"Coffret de jeu Hasbro Micro Machines Core \u00ab\u00a0Station de pr\u00e9paration automobile\u00a0\u00bb"},"content":{"rendered":"<h1><strong>Coffret de jeu Micro Machines Core, Atelier de tuning automobile<\/strong><\/h1>\n<div>Plongez dans l&rsquo;univers fascinant des Micro Machines avec le passionnant <strong>Coffret de jeu Micro Machines Core<\/strong> con\u00e7u comme un atelier de tuning automobile. Ce coffret innovant offre des heures de divertissement, vous permettant de cr\u00e9er vos propres aventures de course et de personnaliser vos <strong>v\u00e9hicules \u00e0 collectionner<\/strong>.<\/p>\n<\/div>\n<div><strong>L&rsquo;atelier de tuning automobile ultime<\/strong><br \/>Bien plus qu&rsquo;un simple coffret de jeu, l&rsquo;atelier de tuning automobile est un v\u00e9ritable <strong>atelier de tuning automobile<\/strong> qui invite \u00e0 l&rsquo;exploration. Pilotez vos Micro Machines sur le circuit de course \u00e0 gravit\u00e9 et utilisez l&rsquo;ascenseur fonctionnel pour transporter les v\u00e9hicules \u00e0 diff\u00e9rents niveaux. Dans l&rsquo;atelier, vous pouvez r\u00e9parer et modifier vos v\u00e9hicules et les tester sur le banc d&rsquo;essai r\u00e9aliste. Extensibilit\u00e9 et collection : Le coffret de jeu Micro Machines Core est con\u00e7u pour \u00eatre connect\u00e9 aux autres coffrets Micro Machines. D\u00e9veloppez votre univers Micro City en collectionnant et en combinant d&rsquo;autres ensembles, comme la caserne de pompiers ou le chantier. Cr\u00e9ez ainsi un vaste monde de jeu interconnect\u00e9 qui stimule la cr\u00e9ativit\u00e9 et le plaisir. V\u00e9hicule exclusif et d\u00e9tails authentiques\u00a0: chaque ensemble inclut un v\u00e9hicule Micro Machines exclusif qui compl\u00e8te parfaitement le th\u00e8me Garage de tuning. Les Micro Machines sont r\u00e9put\u00e9es pour leurs d\u00e9tails authentiques et leur grande qualit\u00e9, fid\u00e8les \u00e0 leurs mod\u00e8les r\u00e9els. Ce sont donc non seulement d&rsquo;excellents jouets, mais aussi des objets de collection tr\u00e8s recherch\u00e9s. <\/p>\n<\/div>\n<div><strong>Un classique fait son grand retour<\/strong><br \/>Les Micro Machines sont un classique ador\u00e9 depuis plus de 30\u00a0ans et font le bonheur des petits et des grands. Ce jouet nostalgique revient avec toutes ses caract\u00e9ristiques embl\u00e9matiques et des \u00e9l\u00e9ments modernis\u00e9s. Red\u00e9couvrez le charme des Micro Machines originales et constituez votre propre collection. Le coffret Micro Machines est id\u00e9al pour partager la passion des petits v\u00e9hicules d\u00e9taill\u00e9s.<\/p>\n<\/div>\n<div><strong>Aper\u00e7u des avantages<\/strong><br \/>&#8211; Coffret Micro Machines Core transformable en un garage de tuning au design original<br \/>&#8211; Comprend un circuit de course \u00e0 gravit\u00e9 fonctionnel et un ascenseur<br \/>&#8211; Banc d&rsquo;essai r\u00e9aliste pour \u00ab\u00a0r\u00e9gler\u00a0\u00bb les v\u00e9hicules<br \/>&#8211; Extensible<\/strong> et compatible avec d&rsquo;autres coffrets Micro Machines<br \/>&#8211; Comprend un v\u00e9hicule Micro Machines exclusif \u00e0 th\u00e8me<br \/>&#8211; Encourage le jeu cr\u00e9atif et la collection de Micro Machines<\/p>\n<\/div>\n<div>Procurez-vous ce coffret garage de tuning polyvalent et commencez d\u00e8s aujourd&rsquo;hui \u00e0 construire ou \u00e0 agrandir votre univers Micro Machines. Collectionnez-les tous et amusez-vous sans limites\u00a0!<\/p>\n","protected":false},"excerpt":{"rendered":"<p>Coffret de jeu Micro Machines Core, Atelier de tuning automobile Plongez dans l&rsquo;univers fascinant des Micro Machines avec le passionnant Coffret de jeu Micro Machines Core con\u00e7u comme un atelier de tuning automobile. Ce coffret innovant offre des heures de divertissement, vous permettant de cr\u00e9er vos propres aventures de course et de personnaliser vos v\u00e9hicules \u00e0 collectionner. L&rsquo;atelier de tuning automobile ultimeBien plus qu&rsquo;un simple coffret de jeu, l&rsquo;atelier de tuning automobile est un v\u00e9ritable&hellip;<\/p>\n","protected":false},"featured_media":166268,"comment_status":"open","ping_status":"closed","template":"","meta":[],"product_brand":[],"product_cat":[38096],"product_tag":[],"class_list":{"0":"post-253992","1":"product","2":"type-product","3":"status-publish","4":"has-post-thumbnail","6":"product_cat-spielzeugauto","7":"product_shipping_class-global_methods","9":"first","10":"instock","11":"taxable","12":"shipping-taxable","13":"purchasable","14":"product-type-simple"},"yoast_head":"<!-- This site is optimized with the Yoast SEO plugin v27.4 - https:\/\/yoast.com\/product\/yoast-seo-wordpress\/ -->\n<title>Hasbro Micro Machines Core Playset &quot;Car Tuner Garage Station&quot; | Jetzt kaufen | Schweizversand.ch<\/title>\n<meta name=\"description\" content=\"Hasbro Micro Machines Core Playset &quot;Car Tuner Garage Station&quot; g\u00fcnstig kaufen bei Schweizversand.ch. Schnelle Lieferung in der Schweiz. Gratisversand ab CHF 50.\" \/>\n<meta name=\"robots\" content=\"index, follow, max-snippet:-1, max-image-preview:large, max-video-preview:-1\" \/>\n<link rel=\"canonical\" href=\"https:\/\/schweizversand.ch\/fr\/produkt\/hasbro-micro-machines-core-playset-car-tuner-garage-station\/\" \/>\n<meta property=\"og:locale\" content=\"fr_FR\" \/>\n<meta property=\"og:type\" content=\"article\" \/>\n<meta property=\"og:title\" content=\"Hasbro Micro Machines Core Playset &quot;Car Tuner Garage Station&quot; | Jetzt kaufen | Schweizversand.ch\" \/>\n<meta property=\"og:description\" content=\"Hasbro Micro Machines Core Playset &quot;Car Tuner Garage Station&quot; g\u00fcnstig kaufen bei Schweizversand.ch. Schnelle Lieferung in der Schweiz. Gratisversand ab CHF 50.\" \/>\n<meta property=\"og:url\" content=\"https:\/\/schweizversand.ch\/fr\/produkt\/hasbro-micro-machines-core-playset-car-tuner-garage-station\/\" \/>\n<meta property=\"og:site_name\" content=\"Schweizer Shop f\u00fcr Sport, Spiel und Freizeit\" \/>\n<meta property=\"article:publisher\" content=\"https:\/\/www.facebook.com\/Schweizversand\" \/>\n<meta property=\"article:modified_time\" content=\"2026-04-19T13:36:16+00:00\" \/>\n<meta property=\"og:image\" content=\"https:\/\/schweizversand.ch\/wp-content\/uploads\/2026\/02\/5472116609.jpg\" \/>\n\t<meta property=\"og:image:width\" content=\"1024\" \/>\n\t<meta property=\"og:image:height\" content=\"642\" \/>\n\t<meta property=\"og:image:type\" content=\"image\/jpeg\" \/>\n<meta name=\"twitter:card\" content=\"summary_large_image\" \/>\n<meta name=\"twitter:label1\" content=\"Dur\u00e9e de lecture estim\u00e9e\" \/>\n\t<meta name=\"twitter:data1\" content=\"2 minutes\" \/>\n<script type=\"application\/ld+json\" class=\"yoast-schema-graph\">{\"@context\":\"https:\\\/\\\/schema.org\",\"@graph\":[{\"@type\":\"WebPage\",\"@id\":\"https:\\\/\\\/schweizversand.ch\\\/fr\\\/produkt\\\/hasbro-micro-machines-core-playset-car-tuner-garage-station\\\/\",\"url\":\"https:\\\/\\\/schweizversand.ch\\\/fr\\\/produkt\\\/hasbro-micro-machines-core-playset-car-tuner-garage-station\\\/\",\"name\":\"Hasbro Micro Machines Core Playset \\\"Car Tuner Garage Station\\\" | Jetzt kaufen | Schweizversand.ch\",\"isPartOf\":{\"@id\":\"https:\\\/\\\/schweizversand.ch\\\/fr\\\/#website\"},\"primaryImageOfPage\":{\"@id\":\"https:\\\/\\\/schweizversand.ch\\\/fr\\\/produkt\\\/hasbro-micro-machines-core-playset-car-tuner-garage-station\\\/#primaryimage\"},\"image\":{\"@id\":\"https:\\\/\\\/schweizversand.ch\\\/fr\\\/produkt\\\/hasbro-micro-machines-core-playset-car-tuner-garage-station\\\/#primaryimage\"},\"thumbnailUrl\":\"https:\\\/\\\/schweizversand.ch\\\/wp-content\\\/uploads\\\/2026\\\/02\\\/5472116609.jpg\",\"datePublished\":\"2026-03-14T23:57:33+00:00\",\"dateModified\":\"2026-04-19T13:36:16+00:00\",\"description\":\"Hasbro Micro Machines Core Playset \\\"Car Tuner Garage Station\\\" g\u00fcnstig kaufen bei Schweizversand.ch. Schnelle Lieferung in der Schweiz. Gratisversand ab CHF 50.\",\"breadcrumb\":{\"@id\":\"https:\\\/\\\/schweizversand.ch\\\/fr\\\/produkt\\\/hasbro-micro-machines-core-playset-car-tuner-garage-station\\\/#breadcrumb\"},\"inLanguage\":\"fr-FR\",\"potentialAction\":[{\"@type\":\"ReadAction\",\"target\":[\"https:\\\/\\\/schweizversand.ch\\\/fr\\\/produkt\\\/hasbro-micro-machines-core-playset-car-tuner-garage-station\\\/\"]}]},{\"@type\":\"ImageObject\",\"inLanguage\":\"fr-FR\",\"@id\":\"https:\\\/\\\/schweizversand.ch\\\/fr\\\/produkt\\\/hasbro-micro-machines-core-playset-car-tuner-garage-station\\\/#primaryimage\",\"url\":\"https:\\\/\\\/schweizversand.ch\\\/wp-content\\\/uploads\\\/2026\\\/02\\\/5472116609.jpg\",\"contentUrl\":\"https:\\\/\\\/schweizversand.ch\\\/wp-content\\\/uploads\\\/2026\\\/02\\\/5472116609.jpg\",\"width\":1024,\"height\":642},{\"@type\":\"BreadcrumbList\",\"@id\":\"https:\\\/\\\/schweizversand.ch\\\/fr\\\/produkt\\\/hasbro-micro-machines-core-playset-car-tuner-garage-station\\\/#breadcrumb\",\"itemListElement\":[{\"@type\":\"ListItem\",\"position\":1,\"name\":\"Startseite\",\"item\":\"https:\\\/\\\/schweizversand.ch\\\/fr\\\/home\\\/\"},{\"@type\":\"ListItem\",\"position\":2,\"name\":\"Boutique\",\"item\":\"https:\\\/\\\/schweizversand.ch\\\/fr\\\/boutique\\\/\"},{\"@type\":\"ListItem\",\"position\":3,\"name\":\"Jouets et jeux\",\"item\":\"https:\\\/\\\/schweizversand.ch\\\/fr\\\/produkt-kategorie\\\/jouets-et-jeux\\\/\"},{\"@type\":\"ListItem\",\"position\":4,\"name\":\"V\u00e9hicules miniatures\",\"item\":\"https:\\\/\\\/schweizversand.ch\\\/fr\\\/produkt-kategorie\\\/jouets-et-jeux\\\/vehicules-miniatures\\\/\"},{\"@type\":\"ListItem\",\"position\":5,\"name\":\"Voitures miniatures\",\"item\":\"https:\\\/\\\/schweizversand.ch\\\/fr\\\/produkt-kategorie\\\/jouets-et-jeux\\\/vehicules-miniatures\\\/spielzeugauto\\\/\"},{\"@type\":\"ListItem\",\"position\":6,\"name\":\"Coffret de jeu Hasbro Micro Machines Core \u00ab\u00a0Station de pr\u00e9paration automobile\u00a0\u00bb\"}]},{\"@type\":\"WebSite\",\"@id\":\"https:\\\/\\\/schweizversand.ch\\\/fr\\\/#website\",\"url\":\"https:\\\/\\\/schweizversand.ch\\\/fr\\\/\",\"name\":\"Schweizer Shop f\u00fcr Sport, Spiel und Freizeit\",\"description\":\"Gratisversand ab 50.- (netto), ab eigenem schweizer Lager, Lieferung innert 48h\",\"publisher\":{\"@id\":\"https:\\\/\\\/schweizversand.ch\\\/fr\\\/#organization\"},\"alternateName\":\"Schweizversand.ch\",\"potentialAction\":[{\"@type\":\"SearchAction\",\"target\":{\"@type\":\"EntryPoint\",\"urlTemplate\":\"https:\\\/\\\/schweizversand.ch\\\/fr\\\/?s={search_term_string}\"},\"query-input\":{\"@type\":\"PropertyValueSpecification\",\"valueRequired\":true,\"valueName\":\"search_term_string\"}}],\"inLanguage\":\"fr-FR\"},{\"@type\":\"Organization\",\"@id\":\"https:\\\/\\\/schweizversand.ch\\\/fr\\\/#organization\",\"name\":\"Schweizversand.ch\",\"url\":\"https:\\\/\\\/schweizversand.ch\\\/fr\\\/\",\"logo\":{\"@type\":\"ImageObject\",\"inLanguage\":\"fr-FR\",\"@id\":\"https:\\\/\\\/schweizversand.ch\\\/fr\\\/#\\\/schema\\\/logo\\\/image\\\/\",\"url\":\"https:\\\/\\\/schweizversand.ch\\\/wp-content\\\/uploads\\\/2026\\\/03\\\/Logo_Rund_Final-1.png\",\"contentUrl\":\"https:\\\/\\\/schweizversand.ch\\\/wp-content\\\/uploads\\\/2026\\\/03\\\/Logo_Rund_Final-1.png\",\"width\":404,\"height\":404,\"caption\":\"Schweizversand.ch\"},\"image\":{\"@id\":\"https:\\\/\\\/schweizversand.ch\\\/fr\\\/#\\\/schema\\\/logo\\\/image\\\/\"},\"sameAs\":[\"https:\\\/\\\/www.facebook.com\\\/Schweizversand\",\"https:\\\/\\\/www.instagram.com\\\/schweizversand.ch\\\/\"]}]}<\/script>\n<!-- \/ Yoast SEO plugin. -->","yoast_head_json":{"title":"Hasbro Micro Machines Core Playset \"Car Tuner Garage Station\" | Jetzt kaufen | Schweizversand.ch","description":"Hasbro Micro Machines Core Playset \"Car Tuner Garage Station\" g\u00fcnstig kaufen bei Schweizversand.ch. Schnelle Lieferung in der Schweiz. Gratisversand ab CHF 50.","robots":{"index":"index","follow":"follow","max-snippet":"max-snippet:-1","max-image-preview":"max-image-preview:large","max-video-preview":"max-video-preview:-1"},"canonical":"https:\/\/schweizversand.ch\/fr\/produkt\/hasbro-micro-machines-core-playset-car-tuner-garage-station\/","og_locale":"fr_FR","og_type":"article","og_title":"Hasbro Micro Machines Core Playset \"Car Tuner Garage Station\" | Jetzt kaufen | Schweizversand.ch","og_description":"Hasbro Micro Machines Core Playset \"Car Tuner Garage Station\" g\u00fcnstig kaufen bei Schweizversand.ch. Schnelle Lieferung in der Schweiz. Gratisversand ab CHF 50.","og_url":"https:\/\/schweizversand.ch\/fr\/produkt\/hasbro-micro-machines-core-playset-car-tuner-garage-station\/","og_site_name":"Schweizer Shop f\u00fcr Sport, Spiel und Freizeit","article_publisher":"https:\/\/www.facebook.com\/Schweizversand","article_modified_time":"2026-04-19T13:36:16+00:00","og_image":[{"width":1024,"height":642,"url":"https:\/\/schweizversand.ch\/wp-content\/uploads\/2026\/02\/5472116609.jpg","type":"image\/jpeg"}],"twitter_card":"summary_large_image","twitter_misc":{"Dur\u00e9e de lecture estim\u00e9e":"2 minutes"},"schema":{"@context":"https:\/\/schema.org","@graph":[{"@type":"WebPage","@id":"https:\/\/schweizversand.ch\/fr\/produkt\/hasbro-micro-machines-core-playset-car-tuner-garage-station\/","url":"https:\/\/schweizversand.ch\/fr\/produkt\/hasbro-micro-machines-core-playset-car-tuner-garage-station\/","name":"Hasbro Micro Machines Core Playset \"Car Tuner Garage Station\" | Jetzt kaufen | Schweizversand.ch","isPartOf":{"@id":"https:\/\/schweizversand.ch\/fr\/#website"},"primaryImageOfPage":{"@id":"https:\/\/schweizversand.ch\/fr\/produkt\/hasbro-micro-machines-core-playset-car-tuner-garage-station\/#primaryimage"},"image":{"@id":"https:\/\/schweizversand.ch\/fr\/produkt\/hasbro-micro-machines-core-playset-car-tuner-garage-station\/#primaryimage"},"thumbnailUrl":"https:\/\/schweizversand.ch\/wp-content\/uploads\/2026\/02\/5472116609.jpg","datePublished":"2026-03-14T23:57:33+00:00","dateModified":"2026-04-19T13:36:16+00:00","description":"Hasbro Micro Machines Core Playset \"Car Tuner Garage Station\" g\u00fcnstig kaufen bei Schweizversand.ch. Schnelle Lieferung in der Schweiz. Gratisversand ab CHF 50.","breadcrumb":{"@id":"https:\/\/schweizversand.ch\/fr\/produkt\/hasbro-micro-machines-core-playset-car-tuner-garage-station\/#breadcrumb"},"inLanguage":"fr-FR","potentialAction":[{"@type":"ReadAction","target":["https:\/\/schweizversand.ch\/fr\/produkt\/hasbro-micro-machines-core-playset-car-tuner-garage-station\/"]}]},{"@type":"ImageObject","inLanguage":"fr-FR","@id":"https:\/\/schweizversand.ch\/fr\/produkt\/hasbro-micro-machines-core-playset-car-tuner-garage-station\/#primaryimage","url":"https:\/\/schweizversand.ch\/wp-content\/uploads\/2026\/02\/5472116609.jpg","contentUrl":"https:\/\/schweizversand.ch\/wp-content\/uploads\/2026\/02\/5472116609.jpg","width":1024,"height":642},{"@type":"BreadcrumbList","@id":"https:\/\/schweizversand.ch\/fr\/produkt\/hasbro-micro-machines-core-playset-car-tuner-garage-station\/#breadcrumb","itemListElement":[{"@type":"ListItem","position":1,"name":"Startseite","item":"https:\/\/schweizversand.ch\/fr\/home\/"},{"@type":"ListItem","position":2,"name":"Boutique","item":"https:\/\/schweizversand.ch\/fr\/boutique\/"},{"@type":"ListItem","position":3,"name":"Jouets et jeux","item":"https:\/\/schweizversand.ch\/fr\/produkt-kategorie\/jouets-et-jeux\/"},{"@type":"ListItem","position":4,"name":"V\u00e9hicules miniatures","item":"https:\/\/schweizversand.ch\/fr\/produkt-kategorie\/jouets-et-jeux\/vehicules-miniatures\/"},{"@type":"ListItem","position":5,"name":"Voitures miniatures","item":"https:\/\/schweizversand.ch\/fr\/produkt-kategorie\/jouets-et-jeux\/vehicules-miniatures\/spielzeugauto\/"},{"@type":"ListItem","position":6,"name":"Coffret de jeu Hasbro Micro Machines Core \u00ab\u00a0Station de pr\u00e9paration automobile\u00a0\u00bb"}]},{"@type":"WebSite","@id":"https:\/\/schweizversand.ch\/fr\/#website","url":"https:\/\/schweizversand.ch\/fr\/","name":"Schweizer Shop f\u00fcr Sport, Spiel und Freizeit","description":"Gratisversand ab 50.- (netto), ab eigenem schweizer Lager, Lieferung innert 48h","publisher":{"@id":"https:\/\/schweizversand.ch\/fr\/#organization"},"alternateName":"Schweizversand.ch","potentialAction":[{"@type":"SearchAction","target":{"@type":"EntryPoint","urlTemplate":"https:\/\/schweizversand.ch\/fr\/?s={search_term_string}"},"query-input":{"@type":"PropertyValueSpecification","valueRequired":true,"valueName":"search_term_string"}}],"inLanguage":"fr-FR"},{"@type":"Organization","@id":"https:\/\/schweizversand.ch\/fr\/#organization","name":"Schweizversand.ch","url":"https:\/\/schweizversand.ch\/fr\/","logo":{"@type":"ImageObject","inLanguage":"fr-FR","@id":"https:\/\/schweizversand.ch\/fr\/#\/schema\/logo\/image\/","url":"https:\/\/schweizversand.ch\/wp-content\/uploads\/2026\/03\/Logo_Rund_Final-1.png","contentUrl":"https:\/\/schweizversand.ch\/wp-content\/uploads\/2026\/03\/Logo_Rund_Final-1.png","width":404,"height":404,"caption":"Schweizversand.ch"},"image":{"@id":"https:\/\/schweizversand.ch\/fr\/#\/schema\/logo\/image\/"},"sameAs":["https:\/\/www.facebook.com\/Schweizversand","https:\/\/www.instagram.com\/schweizversand.ch\/"]}]}},"jetpack_sharing_enabled":true,"_links":{"self":[{"href":"https:\/\/schweizversand.ch\/fr\/wp-json\/wp\/v2\/product\/253992","targetHints":{"allow":["GET"]}}],"collection":[{"href":"https:\/\/schweizversand.ch\/fr\/wp-json\/wp\/v2\/product"}],"about":[{"href":"https:\/\/schweizversand.ch\/fr\/wp-json\/wp\/v2\/types\/product"}],"replies":[{"embeddable":true,"href":"https:\/\/schweizversand.ch\/fr\/wp-json\/wp\/v2\/comments?post=253992"}],"wp:featuredmedia":[{"embeddable":true,"href":"https:\/\/schweizversand.ch\/fr\/wp-json\/wp\/v2\/media\/166268"}],"wp:attachment":[{"href":"https:\/\/schweizversand.ch\/fr\/wp-json\/wp\/v2\/media?parent=253992"}],"wp:term":[{"taxonomy":"product_brand","embeddable":true,"href":"https:\/\/schweizversand.ch\/fr\/wp-json\/wp\/v2\/product_brand?post=253992"},{"taxonomy":"product_cat","embeddable":true,"href":"https:\/\/schweizversand.ch\/fr\/wp-json\/wp\/v2\/product_cat?post=253992"},{"taxonomy":"product_tag","embeddable":true,"href":"https:\/\/schweizversand.ch\/fr\/wp-json\/wp\/v2\/product_tag?post=253992"}],"curies":[{"name":"wp","href":"https:\/\/api.w.org\/{rel}","templated":true}]}}