{"id":254549,"date":"2026-03-14T23:49:10","date_gmt":"2026-03-14T22:49:10","guid":{"rendered":"https:\/\/schweizversand.ch\/produkt\/pure2improve-basketballkorb-mit-netz-sv\/"},"modified":"2026-04-20T02:02:55","modified_gmt":"2026-04-20T00:02:55","slug":"pure2improve-basketballkorb-mit-netz-sv","status":"publish","type":"product","link":"https:\/\/schweizversand.ch\/fr\/produkt\/pure2improve-basketballkorb-mit-netz-sv\/","title":{"rendered":"Panier de basket Pure2improve avec filet (SV)"},"content":{"rendered":"<h1><strong>Panier de basket en acier 45 cm \u2013 R\u00e9sistant aux intemp\u00e9ries<\/strong><\/h1>\n<div>Am\u00e9liorez votre jeu et entra\u00eenez-vous comme un pro quand vous le souhaitez. Ce panier de basket robuste, aux dimensions officielles, vous permet de pratiquer les lancers francs et les dunks \u00e0 domicile. C&rsquo;est l&rsquo;accessoire id\u00e9al pour tout amateur de sport.<\/p>\n<\/div>\n<div><strong>Stabilit\u00e9 et durabilit\u00e9 maximales<\/strong><br \/>Ce panier de basket en acier de haute qualit\u00e9 est con\u00e7u pour durer. Fabriqu\u00e9 en acier robuste, il est extr\u00eamement durable et totalement r\u00e9sistant aux intemp\u00e9ries. Qu&rsquo;il pleuve, qu&rsquo;il vente ou qu&rsquo;il neige, votre panier de basket r\u00e9siste aux conditions les plus difficiles et vous garantit des ann\u00e9es de plaisir. Dimensions officielles pour un entra\u00eenement authentique\u00a0: le panier a un diam\u00e8tre de 45\u00a0cm, soit la taille officielle requise pour un panier de basket professionnel. Cela garantit un entra\u00eenement r\u00e9aliste et vous permet de vous pr\u00e9parer au mieux pour vos matchs. Sa couleur rouge vif offre \u00e9galement une excellente visibilit\u00e9. Montage facile\u00a0: gr\u00e2ce \u00e0 sa conception pratique, ce panier de basket suspendu est rapide et facile \u00e0 monter. Tout le mat\u00e9riel de montage n\u00e9cessaire est inclus, vous permettant de commencer \u00e0 jouer sans attendre et de perfectionner imm\u00e9diatement vos tirs.<\/p>\n<\/div>\n<div><strong>D\u00e9tails du produit et contenu de la livraison<\/strong><br \/>&#8211; Couleur\u00a0: Rouge<br \/>&#8211; Mat\u00e9riau\u00a0: Acier (r\u00e9sistant aux intemp\u00e9ries)<br \/>&#8211; Taille\u00a0: 45\u00a0cm (diam\u00e8tre), taille officielle<br \/>&#8211; Contenu de la livraison\u00a0: Panier, filet et mat\u00e9riel de montage<\/p>\n<\/div>\n<div>Procurez-vous ce panier de basket robuste de 45\u00a0cm et transformez votre espace ext\u00e9rieur en terrain d&rsquo;entra\u00eenement personnel. Commandez d\u00e8s maintenant et constatez la diff\u00e9rence dans votre jeu\u00a0!<\/p>\n","protected":false},"excerpt":{"rendered":"<p>Panier de basket en acier 45 cm \u2013 R\u00e9sistant aux intemp\u00e9ries Am\u00e9liorez votre jeu et entra\u00eenez-vous comme un pro quand vous le souhaitez. Ce panier de basket robuste, aux dimensions officielles, vous permet de pratiquer les lancers francs et les dunks \u00e0 domicile. C&rsquo;est l&rsquo;accessoire id\u00e9al pour tout amateur de sport. Stabilit\u00e9 et durabilit\u00e9 maximalesCe panier de basket en acier de haute qualit\u00e9 est con\u00e7u pour durer. Fabriqu\u00e9 en acier robuste, il est extr\u00eamement durable&hellip;<\/p>\n","protected":false},"featured_media":157399,"comment_status":"open","ping_status":"closed","template":"","meta":[],"product_brand":[],"product_cat":[39217],"product_tag":[],"class_list":{"0":"post-254549","1":"product","2":"type-product","3":"status-publish","4":"has-post-thumbnail","6":"product_cat-basketball","7":"product_shipping_class-global_methods","9":"first","10":"instock","11":"taxable","12":"shipping-taxable","13":"purchasable","14":"product-type-simple"},"yoast_head":"<!-- This site is optimized with the Yoast SEO plugin v27.4 - https:\/\/yoast.com\/product\/yoast-seo-wordpress\/ -->\n<title>Pure2improve Basketballkorb mit Netz (SV) | Jetzt kaufen | Schweizversand.ch<\/title>\n<meta name=\"description\" content=\"Pure2improve Basketballkorb mit Netz (SV) g\u00fcnstig kaufen bei Schweizversand.ch. Schnelle Lieferung in der Schweiz. Gratisversand ab CHF 50.\" \/>\n<meta name=\"robots\" content=\"index, follow, max-snippet:-1, max-image-preview:large, max-video-preview:-1\" \/>\n<link rel=\"canonical\" href=\"https:\/\/schweizversand.ch\/fr\/produkt\/pure2improve-basketballkorb-mit-netz-sv\/\" \/>\n<meta property=\"og:locale\" content=\"fr_FR\" \/>\n<meta property=\"og:type\" content=\"article\" \/>\n<meta property=\"og:title\" content=\"Pure2improve Basketballkorb mit Netz (SV) | Jetzt kaufen | Schweizversand.ch\" \/>\n<meta property=\"og:description\" content=\"Pure2improve Basketballkorb mit Netz (SV) g\u00fcnstig kaufen bei Schweizversand.ch. Schnelle Lieferung in der Schweiz. Gratisversand ab CHF 50.\" \/>\n<meta property=\"og:url\" content=\"https:\/\/schweizversand.ch\/fr\/produkt\/pure2improve-basketballkorb-mit-netz-sv\/\" \/>\n<meta property=\"og:site_name\" content=\"Schweizer Shop f\u00fcr Sport, Spiel und Freizeit\" \/>\n<meta property=\"article:publisher\" content=\"https:\/\/www.facebook.com\/Schweizversand\" \/>\n<meta property=\"article:modified_time\" content=\"2026-04-20T00:02:55+00:00\" \/>\n<meta property=\"og:image\" content=\"https:\/\/schweizversand.ch\/wp-content\/uploads\/2026\/02\/5471554640.jpg\" \/>\n\t<meta property=\"og:image:width\" content=\"1024\" \/>\n\t<meta property=\"og:image:height\" content=\"884\" \/>\n\t<meta property=\"og:image:type\" content=\"image\/jpeg\" \/>\n<meta name=\"twitter:card\" content=\"summary_large_image\" \/>\n<meta name=\"twitter:label1\" content=\"Dur\u00e9e de lecture estim\u00e9e\" \/>\n\t<meta name=\"twitter:data1\" content=\"1 minute\" \/>\n<script type=\"application\/ld+json\" class=\"yoast-schema-graph\">{\"@context\":\"https:\\\/\\\/schema.org\",\"@graph\":[{\"@type\":\"WebPage\",\"@id\":\"https:\\\/\\\/schweizversand.ch\\\/fr\\\/produkt\\\/pure2improve-basketballkorb-mit-netz-sv\\\/\",\"url\":\"https:\\\/\\\/schweizversand.ch\\\/fr\\\/produkt\\\/pure2improve-basketballkorb-mit-netz-sv\\\/\",\"name\":\"Pure2improve Basketballkorb mit Netz (SV) | Jetzt kaufen | Schweizversand.ch\",\"isPartOf\":{\"@id\":\"https:\\\/\\\/schweizversand.ch\\\/fr\\\/#website\"},\"primaryImageOfPage\":{\"@id\":\"https:\\\/\\\/schweizversand.ch\\\/fr\\\/produkt\\\/pure2improve-basketballkorb-mit-netz-sv\\\/#primaryimage\"},\"image\":{\"@id\":\"https:\\\/\\\/schweizversand.ch\\\/fr\\\/produkt\\\/pure2improve-basketballkorb-mit-netz-sv\\\/#primaryimage\"},\"thumbnailUrl\":\"https:\\\/\\\/schweizversand.ch\\\/wp-content\\\/uploads\\\/2026\\\/02\\\/5471554640.jpg\",\"datePublished\":\"2026-03-14T22:49:10+00:00\",\"dateModified\":\"2026-04-20T00:02:55+00:00\",\"description\":\"Pure2improve Basketballkorb mit Netz (SV) g\u00fcnstig kaufen bei Schweizversand.ch. Schnelle Lieferung in der Schweiz. Gratisversand ab CHF 50.\",\"breadcrumb\":{\"@id\":\"https:\\\/\\\/schweizversand.ch\\\/fr\\\/produkt\\\/pure2improve-basketballkorb-mit-netz-sv\\\/#breadcrumb\"},\"inLanguage\":\"fr-FR\",\"potentialAction\":[{\"@type\":\"ReadAction\",\"target\":[\"https:\\\/\\\/schweizversand.ch\\\/fr\\\/produkt\\\/pure2improve-basketballkorb-mit-netz-sv\\\/\"]}]},{\"@type\":\"ImageObject\",\"inLanguage\":\"fr-FR\",\"@id\":\"https:\\\/\\\/schweizversand.ch\\\/fr\\\/produkt\\\/pure2improve-basketballkorb-mit-netz-sv\\\/#primaryimage\",\"url\":\"https:\\\/\\\/schweizversand.ch\\\/wp-content\\\/uploads\\\/2026\\\/02\\\/5471554640.jpg\",\"contentUrl\":\"https:\\\/\\\/schweizversand.ch\\\/wp-content\\\/uploads\\\/2026\\\/02\\\/5471554640.jpg\",\"width\":1024,\"height\":884},{\"@type\":\"BreadcrumbList\",\"@id\":\"https:\\\/\\\/schweizversand.ch\\\/fr\\\/produkt\\\/pure2improve-basketballkorb-mit-netz-sv\\\/#breadcrumb\",\"itemListElement\":[{\"@type\":\"ListItem\",\"position\":1,\"name\":\"Startseite\",\"item\":\"https:\\\/\\\/schweizversand.ch\\\/fr\\\/home\\\/\"},{\"@type\":\"ListItem\",\"position\":2,\"name\":\"Boutique\",\"item\":\"https:\\\/\\\/schweizversand.ch\\\/fr\\\/boutique\\\/\"},{\"@type\":\"ListItem\",\"position\":3,\"name\":\"Sports\",\"item\":\"https:\\\/\\\/schweizversand.ch\\\/fr\\\/produkt-kategorie\\\/sports\\\/\"},{\"@type\":\"ListItem\",\"position\":4,\"name\":\"sports de balle et fl\u00e9chettes\",\"item\":\"https:\\\/\\\/schweizversand.ch\\\/fr\\\/produkt-kategorie\\\/sports\\\/sports-de-balle-et-flechettes\\\/\"},{\"@type\":\"ListItem\",\"position\":5,\"name\":\"basketball\",\"item\":\"https:\\\/\\\/schweizversand.ch\\\/fr\\\/produkt-kategorie\\\/basketball\\\/\"},{\"@type\":\"ListItem\",\"position\":6,\"name\":\"Panier de basket Pure2improve avec filet (SV)\"}]},{\"@type\":\"WebSite\",\"@id\":\"https:\\\/\\\/schweizversand.ch\\\/fr\\\/#website\",\"url\":\"https:\\\/\\\/schweizversand.ch\\\/fr\\\/\",\"name\":\"Schweizer Shop f\u00fcr Sport, Spiel und Freizeit\",\"description\":\"Gratisversand ab 50.- (netto), ab eigenem schweizer Lager, Lieferung innert 48h\",\"publisher\":{\"@id\":\"https:\\\/\\\/schweizversand.ch\\\/fr\\\/#organization\"},\"alternateName\":\"Schweizversand.ch\",\"potentialAction\":[{\"@type\":\"SearchAction\",\"target\":{\"@type\":\"EntryPoint\",\"urlTemplate\":\"https:\\\/\\\/schweizversand.ch\\\/fr\\\/?s={search_term_string}\"},\"query-input\":{\"@type\":\"PropertyValueSpecification\",\"valueRequired\":true,\"valueName\":\"search_term_string\"}}],\"inLanguage\":\"fr-FR\"},{\"@type\":\"Organization\",\"@id\":\"https:\\\/\\\/schweizversand.ch\\\/fr\\\/#organization\",\"name\":\"Schweizversand.ch\",\"url\":\"https:\\\/\\\/schweizversand.ch\\\/fr\\\/\",\"logo\":{\"@type\":\"ImageObject\",\"inLanguage\":\"fr-FR\",\"@id\":\"https:\\\/\\\/schweizversand.ch\\\/fr\\\/#\\\/schema\\\/logo\\\/image\\\/\",\"url\":\"https:\\\/\\\/schweizversand.ch\\\/wp-content\\\/uploads\\\/2026\\\/03\\\/Logo_Rund_Final-1.png\",\"contentUrl\":\"https:\\\/\\\/schweizversand.ch\\\/wp-content\\\/uploads\\\/2026\\\/03\\\/Logo_Rund_Final-1.png\",\"width\":404,\"height\":404,\"caption\":\"Schweizversand.ch\"},\"image\":{\"@id\":\"https:\\\/\\\/schweizversand.ch\\\/fr\\\/#\\\/schema\\\/logo\\\/image\\\/\"},\"sameAs\":[\"https:\\\/\\\/www.facebook.com\\\/Schweizversand\",\"https:\\\/\\\/www.instagram.com\\\/schweizversand.ch\\\/\"]}]}<\/script>\n<!-- \/ Yoast SEO plugin. -->","yoast_head_json":{"title":"Pure2improve Basketballkorb mit Netz (SV) | Jetzt kaufen | Schweizversand.ch","description":"Pure2improve Basketballkorb mit Netz (SV) g\u00fcnstig kaufen bei Schweizversand.ch. Schnelle Lieferung in der Schweiz. Gratisversand ab CHF 50.","robots":{"index":"index","follow":"follow","max-snippet":"max-snippet:-1","max-image-preview":"max-image-preview:large","max-video-preview":"max-video-preview:-1"},"canonical":"https:\/\/schweizversand.ch\/fr\/produkt\/pure2improve-basketballkorb-mit-netz-sv\/","og_locale":"fr_FR","og_type":"article","og_title":"Pure2improve Basketballkorb mit Netz (SV) | Jetzt kaufen | Schweizversand.ch","og_description":"Pure2improve Basketballkorb mit Netz (SV) g\u00fcnstig kaufen bei Schweizversand.ch. Schnelle Lieferung in der Schweiz. Gratisversand ab CHF 50.","og_url":"https:\/\/schweizversand.ch\/fr\/produkt\/pure2improve-basketballkorb-mit-netz-sv\/","og_site_name":"Schweizer Shop f\u00fcr Sport, Spiel und Freizeit","article_publisher":"https:\/\/www.facebook.com\/Schweizversand","article_modified_time":"2026-04-20T00:02:55+00:00","og_image":[{"width":1024,"height":884,"url":"https:\/\/schweizversand.ch\/wp-content\/uploads\/2026\/02\/5471554640.jpg","type":"image\/jpeg"}],"twitter_card":"summary_large_image","twitter_misc":{"Dur\u00e9e de lecture estim\u00e9e":"1 minute"},"schema":{"@context":"https:\/\/schema.org","@graph":[{"@type":"WebPage","@id":"https:\/\/schweizversand.ch\/fr\/produkt\/pure2improve-basketballkorb-mit-netz-sv\/","url":"https:\/\/schweizversand.ch\/fr\/produkt\/pure2improve-basketballkorb-mit-netz-sv\/","name":"Pure2improve Basketballkorb mit Netz (SV) | Jetzt kaufen | Schweizversand.ch","isPartOf":{"@id":"https:\/\/schweizversand.ch\/fr\/#website"},"primaryImageOfPage":{"@id":"https:\/\/schweizversand.ch\/fr\/produkt\/pure2improve-basketballkorb-mit-netz-sv\/#primaryimage"},"image":{"@id":"https:\/\/schweizversand.ch\/fr\/produkt\/pure2improve-basketballkorb-mit-netz-sv\/#primaryimage"},"thumbnailUrl":"https:\/\/schweizversand.ch\/wp-content\/uploads\/2026\/02\/5471554640.jpg","datePublished":"2026-03-14T22:49:10+00:00","dateModified":"2026-04-20T00:02:55+00:00","description":"Pure2improve Basketballkorb mit Netz (SV) g\u00fcnstig kaufen bei Schweizversand.ch. Schnelle Lieferung in der Schweiz. Gratisversand ab CHF 50.","breadcrumb":{"@id":"https:\/\/schweizversand.ch\/fr\/produkt\/pure2improve-basketballkorb-mit-netz-sv\/#breadcrumb"},"inLanguage":"fr-FR","potentialAction":[{"@type":"ReadAction","target":["https:\/\/schweizversand.ch\/fr\/produkt\/pure2improve-basketballkorb-mit-netz-sv\/"]}]},{"@type":"ImageObject","inLanguage":"fr-FR","@id":"https:\/\/schweizversand.ch\/fr\/produkt\/pure2improve-basketballkorb-mit-netz-sv\/#primaryimage","url":"https:\/\/schweizversand.ch\/wp-content\/uploads\/2026\/02\/5471554640.jpg","contentUrl":"https:\/\/schweizversand.ch\/wp-content\/uploads\/2026\/02\/5471554640.jpg","width":1024,"height":884},{"@type":"BreadcrumbList","@id":"https:\/\/schweizversand.ch\/fr\/produkt\/pure2improve-basketballkorb-mit-netz-sv\/#breadcrumb","itemListElement":[{"@type":"ListItem","position":1,"name":"Startseite","item":"https:\/\/schweizversand.ch\/fr\/home\/"},{"@type":"ListItem","position":2,"name":"Boutique","item":"https:\/\/schweizversand.ch\/fr\/boutique\/"},{"@type":"ListItem","position":3,"name":"Sports","item":"https:\/\/schweizversand.ch\/fr\/produkt-kategorie\/sports\/"},{"@type":"ListItem","position":4,"name":"sports de balle et fl\u00e9chettes","item":"https:\/\/schweizversand.ch\/fr\/produkt-kategorie\/sports\/sports-de-balle-et-flechettes\/"},{"@type":"ListItem","position":5,"name":"basketball","item":"https:\/\/schweizversand.ch\/fr\/produkt-kategorie\/basketball\/"},{"@type":"ListItem","position":6,"name":"Panier de basket Pure2improve avec filet (SV)"}]},{"@type":"WebSite","@id":"https:\/\/schweizversand.ch\/fr\/#website","url":"https:\/\/schweizversand.ch\/fr\/","name":"Schweizer Shop f\u00fcr Sport, Spiel und Freizeit","description":"Gratisversand ab 50.- (netto), ab eigenem schweizer Lager, Lieferung innert 48h","publisher":{"@id":"https:\/\/schweizversand.ch\/fr\/#organization"},"alternateName":"Schweizversand.ch","potentialAction":[{"@type":"SearchAction","target":{"@type":"EntryPoint","urlTemplate":"https:\/\/schweizversand.ch\/fr\/?s={search_term_string}"},"query-input":{"@type":"PropertyValueSpecification","valueRequired":true,"valueName":"search_term_string"}}],"inLanguage":"fr-FR"},{"@type":"Organization","@id":"https:\/\/schweizversand.ch\/fr\/#organization","name":"Schweizversand.ch","url":"https:\/\/schweizversand.ch\/fr\/","logo":{"@type":"ImageObject","inLanguage":"fr-FR","@id":"https:\/\/schweizversand.ch\/fr\/#\/schema\/logo\/image\/","url":"https:\/\/schweizversand.ch\/wp-content\/uploads\/2026\/03\/Logo_Rund_Final-1.png","contentUrl":"https:\/\/schweizversand.ch\/wp-content\/uploads\/2026\/03\/Logo_Rund_Final-1.png","width":404,"height":404,"caption":"Schweizversand.ch"},"image":{"@id":"https:\/\/schweizversand.ch\/fr\/#\/schema\/logo\/image\/"},"sameAs":["https:\/\/www.facebook.com\/Schweizversand","https:\/\/www.instagram.com\/schweizversand.ch\/"]}]}},"jetpack_sharing_enabled":true,"_links":{"self":[{"href":"https:\/\/schweizversand.ch\/fr\/wp-json\/wp\/v2\/product\/254549","targetHints":{"allow":["GET"]}}],"collection":[{"href":"https:\/\/schweizversand.ch\/fr\/wp-json\/wp\/v2\/product"}],"about":[{"href":"https:\/\/schweizversand.ch\/fr\/wp-json\/wp\/v2\/types\/product"}],"replies":[{"embeddable":true,"href":"https:\/\/schweizversand.ch\/fr\/wp-json\/wp\/v2\/comments?post=254549"}],"wp:featuredmedia":[{"embeddable":true,"href":"https:\/\/schweizversand.ch\/fr\/wp-json\/wp\/v2\/media\/157399"}],"wp:attachment":[{"href":"https:\/\/schweizversand.ch\/fr\/wp-json\/wp\/v2\/media?parent=254549"}],"wp:term":[{"taxonomy":"product_brand","embeddable":true,"href":"https:\/\/schweizversand.ch\/fr\/wp-json\/wp\/v2\/product_brand?post=254549"},{"taxonomy":"product_cat","embeddable":true,"href":"https:\/\/schweizversand.ch\/fr\/wp-json\/wp\/v2\/product_cat?post=254549"},{"taxonomy":"product_tag","embeddable":true,"href":"https:\/\/schweizversand.ch\/fr\/wp-json\/wp\/v2\/product_tag?post=254549"}],"curies":[{"name":"wp","href":"https:\/\/api.w.org\/{rel}","templated":true}]}}