{"id":254566,"date":"2026-03-14T23:49:19","date_gmt":"2026-03-14T22:49:19","guid":{"rendered":"https:\/\/schweizversand.ch\/produkt\/magic-marine-sweatshirtjacke-mit-kapuze-6\/"},"modified":"2026-04-19T15:34:34","modified_gmt":"2026-04-19T13:34:34","slug":"magic-marine-sweatshirtjacke-mit-kapuze-6","status":"publish","type":"product","link":"https:\/\/schweizversand.ch\/fr\/produkt\/magic-marine-sweatshirtjacke-mit-kapuze-6\/","title":{"rendered":"Veste sweat-shirt \u00e0 capuche Magic Marine"},"content":{"rendered":"<p>Ce sweat-shirt \u00e0 capuche est un mod\u00e8le classique et confortable, polyvalent. Confectionn\u00e9 dans un m\u00e9lange coton-polyester (60 % coton, 40 % polyester), il offre un excellent compromis entre confort et r\u00e9sistance.<\/p>\n<\/p>\n<p>La capuche \u00e0 cordon de serrage permet un ajustement personnalis\u00e9 et prot\u00e8ge du vent et des intemp\u00e9ries. La fermeture \u00e9clair int\u00e9grale facilite l&rsquo;ouverture et la fermeture.<\/p>\n<\/p>\n<p>La poche kangourou \u00e0 l&rsquo;avant est pratique pour ranger de petits objets ou r\u00e9chauffer vos mains. Les poignets et le bas de la veste sont \u00e9lastiqu\u00e9s et c\u00f4tel\u00e9s pour un maintien optimal et emp\u00eachent le sweat-shirt de remonter.<\/p>\n<\/p>\n<p>Ce sweat-shirt est id\u00e9al pour une tenue d\u00e9contract\u00e9e ou des activit\u00e9s sportives et est reconnu pour son confort et sa fonctionnalit\u00e9.<\/p>\n","protected":false},"excerpt":{"rendered":"<p>Ce sweat-shirt \u00e0 capuche est un mod\u00e8le classique et confortable, polyvalent. Confectionn\u00e9 dans un m\u00e9lange coton-polyester (60 % coton, 40 % polyester), il offre un excellent compromis entre confort et r\u00e9sistance. La capuche \u00e0 cordon de serrage permet un ajustement personnalis\u00e9 et prot\u00e8ge du vent et des intemp\u00e9ries. La fermeture \u00e9clair int\u00e9grale facilite l&rsquo;ouverture et la fermeture. La poche kangourou \u00e0 l&rsquo;avant est pratique pour ranger de petits objets ou r\u00e9chauffer vos mains. Les poignets&hellip;<\/p>\n","protected":false},"featured_media":157654,"comment_status":"open","ping_status":"closed","template":"","meta":[],"product_brand":[],"product_cat":[38142,38145],"product_tag":[],"class_list":{"0":"post-254566","1":"product","2":"type-product","3":"status-publish","4":"has-post-thumbnail","6":"product_cat-herrenbekleidung","7":"product_cat-vetements-pour-hommes","8":"product_shipping_class-global_methods","10":"first","11":"instock","12":"taxable","13":"shipping-taxable","14":"purchasable","15":"product-type-simple"},"yoast_head":"<!-- This site is optimized with the Yoast SEO plugin v27.4 - https:\/\/yoast.com\/product\/yoast-seo-wordpress\/ -->\n<title>Magic Marine Sweatshirtjacke mit Kapuze | Jetzt kaufen | Schweizversand.ch<\/title>\n<meta name=\"description\" content=\"Magic Marine Sweatshirtjacke mit Kapuze g\u00fcnstig kaufen bei Schweizversand.ch. Schnelle Lieferung in der Schweiz. Gratisversand ab CHF 50.\" \/>\n<meta name=\"robots\" content=\"index, follow, max-snippet:-1, max-image-preview:large, max-video-preview:-1\" \/>\n<link rel=\"canonical\" href=\"https:\/\/schweizversand.ch\/fr\/produkt\/magic-marine-sweatshirtjacke-mit-kapuze-6\/\" \/>\n<meta property=\"og:locale\" content=\"fr_FR\" \/>\n<meta property=\"og:type\" content=\"article\" \/>\n<meta property=\"og:title\" content=\"Magic Marine Sweatshirtjacke mit Kapuze | Jetzt kaufen | Schweizversand.ch\" \/>\n<meta property=\"og:description\" content=\"Magic Marine Sweatshirtjacke mit Kapuze g\u00fcnstig kaufen bei Schweizversand.ch. Schnelle Lieferung in der Schweiz. Gratisversand ab CHF 50.\" \/>\n<meta property=\"og:url\" content=\"https:\/\/schweizversand.ch\/fr\/produkt\/magic-marine-sweatshirtjacke-mit-kapuze-6\/\" \/>\n<meta property=\"og:site_name\" content=\"Schweizer Shop f\u00fcr Sport, Spiel und Freizeit\" \/>\n<meta property=\"article:publisher\" content=\"https:\/\/www.facebook.com\/Schweizversand\" \/>\n<meta property=\"article:modified_time\" content=\"2026-04-19T13:34:34+00:00\" \/>\n<meta property=\"og:image\" content=\"https:\/\/schweizversand.ch\/wp-content\/uploads\/2026\/02\/5471790222.jpg\" \/>\n\t<meta property=\"og:image:width\" content=\"547\" \/>\n\t<meta property=\"og:image:height\" content=\"1024\" \/>\n\t<meta property=\"og:image:type\" content=\"image\/jpeg\" \/>\n<meta name=\"twitter:card\" content=\"summary_large_image\" \/>\n<meta name=\"twitter:label1\" content=\"Dur\u00e9e de lecture estim\u00e9e\" \/>\n\t<meta name=\"twitter:data1\" content=\"1 minute\" \/>\n<script type=\"application\/ld+json\" class=\"yoast-schema-graph\">{\"@context\":\"https:\\\/\\\/schema.org\",\"@graph\":[{\"@type\":\"WebPage\",\"@id\":\"https:\\\/\\\/schweizversand.ch\\\/fr\\\/produkt\\\/magic-marine-sweatshirtjacke-mit-kapuze-6\\\/\",\"url\":\"https:\\\/\\\/schweizversand.ch\\\/fr\\\/produkt\\\/magic-marine-sweatshirtjacke-mit-kapuze-6\\\/\",\"name\":\"Magic Marine Sweatshirtjacke mit Kapuze | Jetzt kaufen | Schweizversand.ch\",\"isPartOf\":{\"@id\":\"https:\\\/\\\/schweizversand.ch\\\/fr\\\/#website\"},\"primaryImageOfPage\":{\"@id\":\"https:\\\/\\\/schweizversand.ch\\\/fr\\\/produkt\\\/magic-marine-sweatshirtjacke-mit-kapuze-6\\\/#primaryimage\"},\"image\":{\"@id\":\"https:\\\/\\\/schweizversand.ch\\\/fr\\\/produkt\\\/magic-marine-sweatshirtjacke-mit-kapuze-6\\\/#primaryimage\"},\"thumbnailUrl\":\"https:\\\/\\\/schweizversand.ch\\\/wp-content\\\/uploads\\\/2026\\\/02\\\/5471790222.jpg\",\"datePublished\":\"2026-03-14T22:49:19+00:00\",\"dateModified\":\"2026-04-19T13:34:34+00:00\",\"description\":\"Magic Marine Sweatshirtjacke mit Kapuze g\u00fcnstig kaufen bei Schweizversand.ch. Schnelle Lieferung in der Schweiz. Gratisversand ab CHF 50.\",\"breadcrumb\":{\"@id\":\"https:\\\/\\\/schweizversand.ch\\\/fr\\\/produkt\\\/magic-marine-sweatshirtjacke-mit-kapuze-6\\\/#breadcrumb\"},\"inLanguage\":\"fr-FR\",\"potentialAction\":[{\"@type\":\"ReadAction\",\"target\":[\"https:\\\/\\\/schweizversand.ch\\\/fr\\\/produkt\\\/magic-marine-sweatshirtjacke-mit-kapuze-6\\\/\"]}]},{\"@type\":\"ImageObject\",\"inLanguage\":\"fr-FR\",\"@id\":\"https:\\\/\\\/schweizversand.ch\\\/fr\\\/produkt\\\/magic-marine-sweatshirtjacke-mit-kapuze-6\\\/#primaryimage\",\"url\":\"https:\\\/\\\/schweizversand.ch\\\/wp-content\\\/uploads\\\/2026\\\/02\\\/5471790222.jpg\",\"contentUrl\":\"https:\\\/\\\/schweizversand.ch\\\/wp-content\\\/uploads\\\/2026\\\/02\\\/5471790222.jpg\",\"width\":547,\"height\":1024},{\"@type\":\"BreadcrumbList\",\"@id\":\"https:\\\/\\\/schweizversand.ch\\\/fr\\\/produkt\\\/magic-marine-sweatshirtjacke-mit-kapuze-6\\\/#breadcrumb\",\"itemListElement\":[{\"@type\":\"ListItem\",\"position\":1,\"name\":\"Startseite\",\"item\":\"https:\\\/\\\/schweizversand.ch\\\/fr\\\/home\\\/\"},{\"@type\":\"ListItem\",\"position\":2,\"name\":\"Boutique\",\"item\":\"https:\\\/\\\/schweizversand.ch\\\/fr\\\/boutique\\\/\"},{\"@type\":\"ListItem\",\"position\":3,\"name\":\"Mode\",\"item\":\"https:\\\/\\\/schweizversand.ch\\\/fr\\\/produkt-kategorie\\\/mode-fr\\\/\"},{\"@type\":\"ListItem\",\"position\":4,\"name\":\"Mode masculine\",\"item\":\"https:\\\/\\\/schweizversand.ch\\\/fr\\\/produkt-kategorie\\\/mode\\\/mode-masculine\\\/\"},{\"@type\":\"ListItem\",\"position\":5,\"name\":\"V\u00eatements pour hommes\",\"item\":\"https:\\\/\\\/schweizversand.ch\\\/fr\\\/produkt-kategorie\\\/mode\\\/mode-masculine\\\/vetements-pour-hommes\\\/\"},{\"@type\":\"ListItem\",\"position\":6,\"name\":\"Veste sweat-shirt \u00e0 capuche Magic Marine\"}]},{\"@type\":\"WebSite\",\"@id\":\"https:\\\/\\\/schweizversand.ch\\\/fr\\\/#website\",\"url\":\"https:\\\/\\\/schweizversand.ch\\\/fr\\\/\",\"name\":\"Schweizer Shop f\u00fcr Sport, Spiel und Freizeit\",\"description\":\"Gratisversand ab 50.- (netto), ab eigenem schweizer Lager, Lieferung innert 48h\",\"publisher\":{\"@id\":\"https:\\\/\\\/schweizversand.ch\\\/fr\\\/#organization\"},\"alternateName\":\"Schweizversand.ch\",\"potentialAction\":[{\"@type\":\"SearchAction\",\"target\":{\"@type\":\"EntryPoint\",\"urlTemplate\":\"https:\\\/\\\/schweizversand.ch\\\/fr\\\/?s={search_term_string}\"},\"query-input\":{\"@type\":\"PropertyValueSpecification\",\"valueRequired\":true,\"valueName\":\"search_term_string\"}}],\"inLanguage\":\"fr-FR\"},{\"@type\":\"Organization\",\"@id\":\"https:\\\/\\\/schweizversand.ch\\\/fr\\\/#organization\",\"name\":\"Schweizversand.ch\",\"url\":\"https:\\\/\\\/schweizversand.ch\\\/fr\\\/\",\"logo\":{\"@type\":\"ImageObject\",\"inLanguage\":\"fr-FR\",\"@id\":\"https:\\\/\\\/schweizversand.ch\\\/fr\\\/#\\\/schema\\\/logo\\\/image\\\/\",\"url\":\"https:\\\/\\\/schweizversand.ch\\\/wp-content\\\/uploads\\\/2026\\\/03\\\/Logo_Rund_Final-1.png\",\"contentUrl\":\"https:\\\/\\\/schweizversand.ch\\\/wp-content\\\/uploads\\\/2026\\\/03\\\/Logo_Rund_Final-1.png\",\"width\":404,\"height\":404,\"caption\":\"Schweizversand.ch\"},\"image\":{\"@id\":\"https:\\\/\\\/schweizversand.ch\\\/fr\\\/#\\\/schema\\\/logo\\\/image\\\/\"},\"sameAs\":[\"https:\\\/\\\/www.facebook.com\\\/Schweizversand\",\"https:\\\/\\\/www.instagram.com\\\/schweizversand.ch\\\/\"]}]}<\/script>\n<!-- \/ Yoast SEO plugin. -->","yoast_head_json":{"title":"Magic Marine Sweatshirtjacke mit Kapuze | Jetzt kaufen | Schweizversand.ch","description":"Magic Marine Sweatshirtjacke mit Kapuze g\u00fcnstig kaufen bei Schweizversand.ch. Schnelle Lieferung in der Schweiz. Gratisversand ab CHF 50.","robots":{"index":"index","follow":"follow","max-snippet":"max-snippet:-1","max-image-preview":"max-image-preview:large","max-video-preview":"max-video-preview:-1"},"canonical":"https:\/\/schweizversand.ch\/fr\/produkt\/magic-marine-sweatshirtjacke-mit-kapuze-6\/","og_locale":"fr_FR","og_type":"article","og_title":"Magic Marine Sweatshirtjacke mit Kapuze | Jetzt kaufen | Schweizversand.ch","og_description":"Magic Marine Sweatshirtjacke mit Kapuze g\u00fcnstig kaufen bei Schweizversand.ch. Schnelle Lieferung in der Schweiz. Gratisversand ab CHF 50.","og_url":"https:\/\/schweizversand.ch\/fr\/produkt\/magic-marine-sweatshirtjacke-mit-kapuze-6\/","og_site_name":"Schweizer Shop f\u00fcr Sport, Spiel und Freizeit","article_publisher":"https:\/\/www.facebook.com\/Schweizversand","article_modified_time":"2026-04-19T13:34:34+00:00","og_image":[{"width":547,"height":1024,"url":"https:\/\/schweizversand.ch\/wp-content\/uploads\/2026\/02\/5471790222.jpg","type":"image\/jpeg"}],"twitter_card":"summary_large_image","twitter_misc":{"Dur\u00e9e de lecture estim\u00e9e":"1 minute"},"schema":{"@context":"https:\/\/schema.org","@graph":[{"@type":"WebPage","@id":"https:\/\/schweizversand.ch\/fr\/produkt\/magic-marine-sweatshirtjacke-mit-kapuze-6\/","url":"https:\/\/schweizversand.ch\/fr\/produkt\/magic-marine-sweatshirtjacke-mit-kapuze-6\/","name":"Magic Marine Sweatshirtjacke mit Kapuze | Jetzt kaufen | Schweizversand.ch","isPartOf":{"@id":"https:\/\/schweizversand.ch\/fr\/#website"},"primaryImageOfPage":{"@id":"https:\/\/schweizversand.ch\/fr\/produkt\/magic-marine-sweatshirtjacke-mit-kapuze-6\/#primaryimage"},"image":{"@id":"https:\/\/schweizversand.ch\/fr\/produkt\/magic-marine-sweatshirtjacke-mit-kapuze-6\/#primaryimage"},"thumbnailUrl":"https:\/\/schweizversand.ch\/wp-content\/uploads\/2026\/02\/5471790222.jpg","datePublished":"2026-03-14T22:49:19+00:00","dateModified":"2026-04-19T13:34:34+00:00","description":"Magic Marine Sweatshirtjacke mit Kapuze g\u00fcnstig kaufen bei Schweizversand.ch. Schnelle Lieferung in der Schweiz. Gratisversand ab CHF 50.","breadcrumb":{"@id":"https:\/\/schweizversand.ch\/fr\/produkt\/magic-marine-sweatshirtjacke-mit-kapuze-6\/#breadcrumb"},"inLanguage":"fr-FR","potentialAction":[{"@type":"ReadAction","target":["https:\/\/schweizversand.ch\/fr\/produkt\/magic-marine-sweatshirtjacke-mit-kapuze-6\/"]}]},{"@type":"ImageObject","inLanguage":"fr-FR","@id":"https:\/\/schweizversand.ch\/fr\/produkt\/magic-marine-sweatshirtjacke-mit-kapuze-6\/#primaryimage","url":"https:\/\/schweizversand.ch\/wp-content\/uploads\/2026\/02\/5471790222.jpg","contentUrl":"https:\/\/schweizversand.ch\/wp-content\/uploads\/2026\/02\/5471790222.jpg","width":547,"height":1024},{"@type":"BreadcrumbList","@id":"https:\/\/schweizversand.ch\/fr\/produkt\/magic-marine-sweatshirtjacke-mit-kapuze-6\/#breadcrumb","itemListElement":[{"@type":"ListItem","position":1,"name":"Startseite","item":"https:\/\/schweizversand.ch\/fr\/home\/"},{"@type":"ListItem","position":2,"name":"Boutique","item":"https:\/\/schweizversand.ch\/fr\/boutique\/"},{"@type":"ListItem","position":3,"name":"Mode","item":"https:\/\/schweizversand.ch\/fr\/produkt-kategorie\/mode-fr\/"},{"@type":"ListItem","position":4,"name":"Mode masculine","item":"https:\/\/schweizversand.ch\/fr\/produkt-kategorie\/mode\/mode-masculine\/"},{"@type":"ListItem","position":5,"name":"V\u00eatements pour hommes","item":"https:\/\/schweizversand.ch\/fr\/produkt-kategorie\/mode\/mode-masculine\/vetements-pour-hommes\/"},{"@type":"ListItem","position":6,"name":"Veste sweat-shirt \u00e0 capuche Magic Marine"}]},{"@type":"WebSite","@id":"https:\/\/schweizversand.ch\/fr\/#website","url":"https:\/\/schweizversand.ch\/fr\/","name":"Schweizer Shop f\u00fcr Sport, Spiel und Freizeit","description":"Gratisversand ab 50.- (netto), ab eigenem schweizer Lager, Lieferung innert 48h","publisher":{"@id":"https:\/\/schweizversand.ch\/fr\/#organization"},"alternateName":"Schweizversand.ch","potentialAction":[{"@type":"SearchAction","target":{"@type":"EntryPoint","urlTemplate":"https:\/\/schweizversand.ch\/fr\/?s={search_term_string}"},"query-input":{"@type":"PropertyValueSpecification","valueRequired":true,"valueName":"search_term_string"}}],"inLanguage":"fr-FR"},{"@type":"Organization","@id":"https:\/\/schweizversand.ch\/fr\/#organization","name":"Schweizversand.ch","url":"https:\/\/schweizversand.ch\/fr\/","logo":{"@type":"ImageObject","inLanguage":"fr-FR","@id":"https:\/\/schweizversand.ch\/fr\/#\/schema\/logo\/image\/","url":"https:\/\/schweizversand.ch\/wp-content\/uploads\/2026\/03\/Logo_Rund_Final-1.png","contentUrl":"https:\/\/schweizversand.ch\/wp-content\/uploads\/2026\/03\/Logo_Rund_Final-1.png","width":404,"height":404,"caption":"Schweizversand.ch"},"image":{"@id":"https:\/\/schweizversand.ch\/fr\/#\/schema\/logo\/image\/"},"sameAs":["https:\/\/www.facebook.com\/Schweizversand","https:\/\/www.instagram.com\/schweizversand.ch\/"]}]}},"jetpack_sharing_enabled":true,"_links":{"self":[{"href":"https:\/\/schweizversand.ch\/fr\/wp-json\/wp\/v2\/product\/254566","targetHints":{"allow":["GET"]}}],"collection":[{"href":"https:\/\/schweizversand.ch\/fr\/wp-json\/wp\/v2\/product"}],"about":[{"href":"https:\/\/schweizversand.ch\/fr\/wp-json\/wp\/v2\/types\/product"}],"replies":[{"embeddable":true,"href":"https:\/\/schweizversand.ch\/fr\/wp-json\/wp\/v2\/comments?post=254566"}],"wp:featuredmedia":[{"embeddable":true,"href":"https:\/\/schweizversand.ch\/fr\/wp-json\/wp\/v2\/media\/157654"}],"wp:attachment":[{"href":"https:\/\/schweizversand.ch\/fr\/wp-json\/wp\/v2\/media?parent=254566"}],"wp:term":[{"taxonomy":"product_brand","embeddable":true,"href":"https:\/\/schweizversand.ch\/fr\/wp-json\/wp\/v2\/product_brand?post=254566"},{"taxonomy":"product_cat","embeddable":true,"href":"https:\/\/schweizversand.ch\/fr\/wp-json\/wp\/v2\/product_cat?post=254566"},{"taxonomy":"product_tag","embeddable":true,"href":"https:\/\/schweizversand.ch\/fr\/wp-json\/wp\/v2\/product_tag?post=254566"}],"curies":[{"name":"wp","href":"https:\/\/api.w.org\/{rel}","templated":true}]}}