{"id":254589,"date":"2026-03-15T00:05:50","date_gmt":"2026-03-14T23:05:50","guid":{"rendered":"https:\/\/schweizversand.ch\/produkt\/champ-gluehwein-gewuerzmischung-set\/"},"modified":"2026-04-21T15:33:26","modified_gmt":"2026-04-21T13:33:26","slug":"champ-gluehwein-gewuerzmischung-set","status":"publish","type":"product","link":"https:\/\/schweizversand.ch\/fr\/produkt\/champ-gluehwein-gewuerzmischung-set\/","title":{"rendered":"Ensemble de m\u00e9lange d&rsquo;\u00e9pices pour vin chaud CHAMP"},"content":{"rendered":"<p>Kit de vin chaud \u2013 Cr\u00e9ez votre propre d\u00e9lice hivernal ! Gr\u00e2ce \u00e0 notre kit de vin chaud soigneusement pr\u00e9par\u00e9, recr\u00e9ez chez vous, en un clin d&rsquo;\u0153il, l&rsquo;ambiance authentique d&rsquo;un march\u00e9 de No\u00ebl ! Id\u00e9al pour des soir\u00e9es chaleureuses, comme id\u00e9e cadeau ou pour impressionner vos invit\u00e9s lors de vos f\u00eates d&rsquo;hiver, ce kit contient tout le n\u00e9cessaire pour un vin chaud maison et aromatique. Contenu et avantages : \u2022 Ingr\u00e9dients de haute qualit\u00e9 pour un vin chaud savoureux \u2022 Tranche d&rsquo;orange s\u00e9ch\u00e9e, b\u00e2ton de cannelle, \u00e9pices d&rsquo;hiver \u2022 R\u00e9cipient en verre avec couvercle inclus \u2022 Emball\u00e9 dans un sachet d\u00e9coratif \u2022 Id\u00e9al comme cadeau, petit pr\u00e9sent ou pour le calendrier de l&rsquo;Avent. C&rsquo;est si simple : faites chauffer le vin rouge, ajoutez les \u00e9pices, laissez infuser et savourez ! Les ar\u00f4mes de cannelle, de clou de girofle et d&rsquo;orange cr\u00e9ent instantan\u00e9ment une atmosph\u00e8re festive. Astuce : D\u00e9licieux m\u00eame sans alcool \u2013 pr\u00e9parez-le simplement avec du jus de raisin !<\/p>\n","protected":false},"excerpt":{"rendered":"<p>Kit de vin chaud \u2013 Cr\u00e9ez votre propre d\u00e9lice hivernal ! Gr\u00e2ce \u00e0 notre kit de vin chaud soigneusement pr\u00e9par\u00e9, recr\u00e9ez chez vous, en un clin d&rsquo;\u0153il, l&rsquo;ambiance authentique d&rsquo;un march\u00e9 de No\u00ebl ! Id\u00e9al pour des soir\u00e9es chaleureuses, comme id\u00e9e cadeau ou pour impressionner vos invit\u00e9s lors de vos f\u00eates d&rsquo;hiver, ce kit contient tout le n\u00e9cessaire pour un vin chaud maison et aromatique. Contenu et avantages : \u2022 Ingr\u00e9dients de haute qualit\u00e9 pour&hellip;<\/p>\n","protected":false},"featured_media":257218,"comment_status":"open","ping_status":"closed","template":"","meta":[],"product_brand":[],"product_cat":[38938],"product_tag":[],"class_list":{"0":"post-254589","1":"product","2":"type-product","3":"status-publish","4":"has-post-thumbnail","6":"product_cat-genusswelt","7":"product_shipping_class-global_methods","9":"first","10":"instock","11":"taxable","12":"shipping-taxable","13":"purchasable","14":"product-type-simple"},"yoast_head":"<!-- This site is optimized with the Yoast SEO plugin v27.4 - https:\/\/yoast.com\/product\/yoast-seo-wordpress\/ -->\n<title>CHAMP Gl\u00fchwein-Gew\u00fcrzmischung- Set | Jetzt kaufen | Schweizversand.ch<\/title>\n<meta name=\"description\" content=\"CHAMP Gl\u00fchwein-Gew\u00fcrzmischung- Set g\u00fcnstig kaufen bei Schweizversand.ch. Schnelle Lieferung in der Schweiz. Gratisversand ab CHF 50.\" \/>\n<meta name=\"robots\" content=\"index, follow, max-snippet:-1, max-image-preview:large, max-video-preview:-1\" \/>\n<link rel=\"canonical\" href=\"https:\/\/schweizversand.ch\/fr\/produkt\/champ-gluehwein-gewuerzmischung-set\/\" \/>\n<meta property=\"og:locale\" content=\"fr_FR\" \/>\n<meta property=\"og:type\" content=\"article\" \/>\n<meta property=\"og:title\" content=\"CHAMP Gl\u00fchwein-Gew\u00fcrzmischung- Set | Jetzt kaufen | Schweizversand.ch\" \/>\n<meta property=\"og:description\" content=\"CHAMP Gl\u00fchwein-Gew\u00fcrzmischung- Set g\u00fcnstig kaufen bei Schweizversand.ch. Schnelle Lieferung in der Schweiz. Gratisversand ab CHF 50.\" \/>\n<meta property=\"og:url\" content=\"https:\/\/schweizversand.ch\/fr\/produkt\/champ-gluehwein-gewuerzmischung-set\/\" \/>\n<meta property=\"og:site_name\" content=\"Schweizer Shop f\u00fcr Sport, Spiel und Freizeit\" \/>\n<meta property=\"article:publisher\" content=\"https:\/\/www.facebook.com\/Schweizversand\" \/>\n<meta property=\"article:modified_time\" content=\"2026-04-21T13:33:26+00:00\" \/>\n<meta property=\"og:image\" content=\"https:\/\/schweizversand.ch\/wp-content\/uploads\/2026\/02\/5471921705.jpg\" \/>\n\t<meta property=\"og:image:width\" content=\"687\" \/>\n\t<meta property=\"og:image:height\" content=\"1024\" \/>\n\t<meta property=\"og:image:type\" content=\"image\/jpeg\" \/>\n<meta name=\"twitter:card\" content=\"summary_large_image\" \/>\n<meta name=\"twitter:label1\" content=\"Dur\u00e9e de lecture estim\u00e9e\" \/>\n\t<meta name=\"twitter:data1\" content=\"1 minute\" \/>\n<script type=\"application\/ld+json\" class=\"yoast-schema-graph\">{\"@context\":\"https:\\\/\\\/schema.org\",\"@graph\":[{\"@type\":\"WebPage\",\"@id\":\"https:\\\/\\\/schweizversand.ch\\\/fr\\\/produkt\\\/champ-gluehwein-gewuerzmischung-set\\\/\",\"url\":\"https:\\\/\\\/schweizversand.ch\\\/fr\\\/produkt\\\/champ-gluehwein-gewuerzmischung-set\\\/\",\"name\":\"CHAMP Gl\u00fchwein-Gew\u00fcrzmischung- Set | Jetzt kaufen | Schweizversand.ch\",\"isPartOf\":{\"@id\":\"https:\\\/\\\/schweizversand.ch\\\/fr\\\/#website\"},\"primaryImageOfPage\":{\"@id\":\"https:\\\/\\\/schweizversand.ch\\\/fr\\\/produkt\\\/champ-gluehwein-gewuerzmischung-set\\\/#primaryimage\"},\"image\":{\"@id\":\"https:\\\/\\\/schweizversand.ch\\\/fr\\\/produkt\\\/champ-gluehwein-gewuerzmischung-set\\\/#primaryimage\"},\"thumbnailUrl\":\"https:\\\/\\\/schweizversand.ch\\\/wp-content\\\/uploads\\\/2026\\\/02\\\/5471921705.jpg\",\"datePublished\":\"2026-03-14T23:05:50+00:00\",\"dateModified\":\"2026-04-21T13:33:26+00:00\",\"description\":\"CHAMP Gl\u00fchwein-Gew\u00fcrzmischung- Set g\u00fcnstig kaufen bei Schweizversand.ch. Schnelle Lieferung in der Schweiz. Gratisversand ab CHF 50.\",\"breadcrumb\":{\"@id\":\"https:\\\/\\\/schweizversand.ch\\\/fr\\\/produkt\\\/champ-gluehwein-gewuerzmischung-set\\\/#breadcrumb\"},\"inLanguage\":\"fr-FR\",\"potentialAction\":[{\"@type\":\"ReadAction\",\"target\":[\"https:\\\/\\\/schweizversand.ch\\\/fr\\\/produkt\\\/champ-gluehwein-gewuerzmischung-set\\\/\"]}]},{\"@type\":\"ImageObject\",\"inLanguage\":\"fr-FR\",\"@id\":\"https:\\\/\\\/schweizversand.ch\\\/fr\\\/produkt\\\/champ-gluehwein-gewuerzmischung-set\\\/#primaryimage\",\"url\":\"https:\\\/\\\/schweizversand.ch\\\/wp-content\\\/uploads\\\/2026\\\/02\\\/5471921705.jpg\",\"contentUrl\":\"https:\\\/\\\/schweizversand.ch\\\/wp-content\\\/uploads\\\/2026\\\/02\\\/5471921705.jpg\",\"width\":687,\"height\":1024},{\"@type\":\"BreadcrumbList\",\"@id\":\"https:\\\/\\\/schweizversand.ch\\\/fr\\\/produkt\\\/champ-gluehwein-gewuerzmischung-set\\\/#breadcrumb\",\"itemListElement\":[{\"@type\":\"ListItem\",\"position\":1,\"name\":\"Startseite\",\"item\":\"https:\\\/\\\/schweizversand.ch\\\/fr\\\/home\\\/\"},{\"@type\":\"ListItem\",\"position\":2,\"name\":\"Boutique\",\"item\":\"https:\\\/\\\/schweizversand.ch\\\/fr\\\/boutique\\\/\"},{\"@type\":\"ListItem\",\"position\":3,\"name\":\"Accueil\",\"item\":\"https:\\\/\\\/schweizversand.ch\\\/fr\\\/produkt-kategorie\\\/accueil\\\/\"},{\"@type\":\"ListItem\",\"position\":4,\"name\":\"Nourriture\",\"item\":\"https:\\\/\\\/schweizversand.ch\\\/fr\\\/produkt-kategorie\\\/accueil\\\/nourriture\\\/\"},{\"@type\":\"ListItem\",\"position\":5,\"name\":\"Monde gourmand\",\"item\":\"https:\\\/\\\/schweizversand.ch\\\/fr\\\/produkt-kategorie\\\/genusswelt\\\/\"},{\"@type\":\"ListItem\",\"position\":6,\"name\":\"Ensemble de m\u00e9lange d&#8217;\u00e9pices pour vin chaud CHAMP\"}]},{\"@type\":\"WebSite\",\"@id\":\"https:\\\/\\\/schweizversand.ch\\\/fr\\\/#website\",\"url\":\"https:\\\/\\\/schweizversand.ch\\\/fr\\\/\",\"name\":\"Schweizer Shop f\u00fcr Sport, Spiel und Freizeit\",\"description\":\"Gratisversand ab 50.- (netto), ab eigenem schweizer Lager, Lieferung innert 48h\",\"publisher\":{\"@id\":\"https:\\\/\\\/schweizversand.ch\\\/fr\\\/#organization\"},\"alternateName\":\"Schweizversand.ch\",\"potentialAction\":[{\"@type\":\"SearchAction\",\"target\":{\"@type\":\"EntryPoint\",\"urlTemplate\":\"https:\\\/\\\/schweizversand.ch\\\/fr\\\/?s={search_term_string}\"},\"query-input\":{\"@type\":\"PropertyValueSpecification\",\"valueRequired\":true,\"valueName\":\"search_term_string\"}}],\"inLanguage\":\"fr-FR\"},{\"@type\":\"Organization\",\"@id\":\"https:\\\/\\\/schweizversand.ch\\\/fr\\\/#organization\",\"name\":\"Schweizversand.ch\",\"url\":\"https:\\\/\\\/schweizversand.ch\\\/fr\\\/\",\"logo\":{\"@type\":\"ImageObject\",\"inLanguage\":\"fr-FR\",\"@id\":\"https:\\\/\\\/schweizversand.ch\\\/fr\\\/#\\\/schema\\\/logo\\\/image\\\/\",\"url\":\"https:\\\/\\\/schweizversand.ch\\\/wp-content\\\/uploads\\\/2026\\\/03\\\/Logo_Rund_Final-1.png\",\"contentUrl\":\"https:\\\/\\\/schweizversand.ch\\\/wp-content\\\/uploads\\\/2026\\\/03\\\/Logo_Rund_Final-1.png\",\"width\":404,\"height\":404,\"caption\":\"Schweizversand.ch\"},\"image\":{\"@id\":\"https:\\\/\\\/schweizversand.ch\\\/fr\\\/#\\\/schema\\\/logo\\\/image\\\/\"},\"sameAs\":[\"https:\\\/\\\/www.facebook.com\\\/Schweizversand\",\"https:\\\/\\\/www.instagram.com\\\/schweizversand.ch\\\/\"]}]}<\/script>\n<!-- \/ Yoast SEO plugin. -->","yoast_head_json":{"title":"CHAMP Gl\u00fchwein-Gew\u00fcrzmischung- Set | Jetzt kaufen | Schweizversand.ch","description":"CHAMP Gl\u00fchwein-Gew\u00fcrzmischung- Set g\u00fcnstig kaufen bei Schweizversand.ch. Schnelle Lieferung in der Schweiz. Gratisversand ab CHF 50.","robots":{"index":"index","follow":"follow","max-snippet":"max-snippet:-1","max-image-preview":"max-image-preview:large","max-video-preview":"max-video-preview:-1"},"canonical":"https:\/\/schweizversand.ch\/fr\/produkt\/champ-gluehwein-gewuerzmischung-set\/","og_locale":"fr_FR","og_type":"article","og_title":"CHAMP Gl\u00fchwein-Gew\u00fcrzmischung- Set | Jetzt kaufen | Schweizversand.ch","og_description":"CHAMP Gl\u00fchwein-Gew\u00fcrzmischung- Set g\u00fcnstig kaufen bei Schweizversand.ch. Schnelle Lieferung in der Schweiz. Gratisversand ab CHF 50.","og_url":"https:\/\/schweizversand.ch\/fr\/produkt\/champ-gluehwein-gewuerzmischung-set\/","og_site_name":"Schweizer Shop f\u00fcr Sport, Spiel und Freizeit","article_publisher":"https:\/\/www.facebook.com\/Schweizversand","article_modified_time":"2026-04-21T13:33:26+00:00","og_image":[{"width":687,"height":1024,"url":"https:\/\/schweizversand.ch\/wp-content\/uploads\/2026\/02\/5471921705.jpg","type":"image\/jpeg"}],"twitter_card":"summary_large_image","twitter_misc":{"Dur\u00e9e de lecture estim\u00e9e":"1 minute"},"schema":{"@context":"https:\/\/schema.org","@graph":[{"@type":"WebPage","@id":"https:\/\/schweizversand.ch\/fr\/produkt\/champ-gluehwein-gewuerzmischung-set\/","url":"https:\/\/schweizversand.ch\/fr\/produkt\/champ-gluehwein-gewuerzmischung-set\/","name":"CHAMP Gl\u00fchwein-Gew\u00fcrzmischung- Set | Jetzt kaufen | Schweizversand.ch","isPartOf":{"@id":"https:\/\/schweizversand.ch\/fr\/#website"},"primaryImageOfPage":{"@id":"https:\/\/schweizversand.ch\/fr\/produkt\/champ-gluehwein-gewuerzmischung-set\/#primaryimage"},"image":{"@id":"https:\/\/schweizversand.ch\/fr\/produkt\/champ-gluehwein-gewuerzmischung-set\/#primaryimage"},"thumbnailUrl":"https:\/\/schweizversand.ch\/wp-content\/uploads\/2026\/02\/5471921705.jpg","datePublished":"2026-03-14T23:05:50+00:00","dateModified":"2026-04-21T13:33:26+00:00","description":"CHAMP Gl\u00fchwein-Gew\u00fcrzmischung- Set g\u00fcnstig kaufen bei Schweizversand.ch. Schnelle Lieferung in der Schweiz. Gratisversand ab CHF 50.","breadcrumb":{"@id":"https:\/\/schweizversand.ch\/fr\/produkt\/champ-gluehwein-gewuerzmischung-set\/#breadcrumb"},"inLanguage":"fr-FR","potentialAction":[{"@type":"ReadAction","target":["https:\/\/schweizversand.ch\/fr\/produkt\/champ-gluehwein-gewuerzmischung-set\/"]}]},{"@type":"ImageObject","inLanguage":"fr-FR","@id":"https:\/\/schweizversand.ch\/fr\/produkt\/champ-gluehwein-gewuerzmischung-set\/#primaryimage","url":"https:\/\/schweizversand.ch\/wp-content\/uploads\/2026\/02\/5471921705.jpg","contentUrl":"https:\/\/schweizversand.ch\/wp-content\/uploads\/2026\/02\/5471921705.jpg","width":687,"height":1024},{"@type":"BreadcrumbList","@id":"https:\/\/schweizversand.ch\/fr\/produkt\/champ-gluehwein-gewuerzmischung-set\/#breadcrumb","itemListElement":[{"@type":"ListItem","position":1,"name":"Startseite","item":"https:\/\/schweizversand.ch\/fr\/home\/"},{"@type":"ListItem","position":2,"name":"Boutique","item":"https:\/\/schweizversand.ch\/fr\/boutique\/"},{"@type":"ListItem","position":3,"name":"Accueil","item":"https:\/\/schweizversand.ch\/fr\/produkt-kategorie\/accueil\/"},{"@type":"ListItem","position":4,"name":"Nourriture","item":"https:\/\/schweizversand.ch\/fr\/produkt-kategorie\/accueil\/nourriture\/"},{"@type":"ListItem","position":5,"name":"Monde gourmand","item":"https:\/\/schweizversand.ch\/fr\/produkt-kategorie\/genusswelt\/"},{"@type":"ListItem","position":6,"name":"Ensemble de m\u00e9lange d&#8217;\u00e9pices pour vin chaud CHAMP"}]},{"@type":"WebSite","@id":"https:\/\/schweizversand.ch\/fr\/#website","url":"https:\/\/schweizversand.ch\/fr\/","name":"Schweizer Shop f\u00fcr Sport, Spiel und Freizeit","description":"Gratisversand ab 50.- (netto), ab eigenem schweizer Lager, Lieferung innert 48h","publisher":{"@id":"https:\/\/schweizversand.ch\/fr\/#organization"},"alternateName":"Schweizversand.ch","potentialAction":[{"@type":"SearchAction","target":{"@type":"EntryPoint","urlTemplate":"https:\/\/schweizversand.ch\/fr\/?s={search_term_string}"},"query-input":{"@type":"PropertyValueSpecification","valueRequired":true,"valueName":"search_term_string"}}],"inLanguage":"fr-FR"},{"@type":"Organization","@id":"https:\/\/schweizversand.ch\/fr\/#organization","name":"Schweizversand.ch","url":"https:\/\/schweizversand.ch\/fr\/","logo":{"@type":"ImageObject","inLanguage":"fr-FR","@id":"https:\/\/schweizversand.ch\/fr\/#\/schema\/logo\/image\/","url":"https:\/\/schweizversand.ch\/wp-content\/uploads\/2026\/03\/Logo_Rund_Final-1.png","contentUrl":"https:\/\/schweizversand.ch\/wp-content\/uploads\/2026\/03\/Logo_Rund_Final-1.png","width":404,"height":404,"caption":"Schweizversand.ch"},"image":{"@id":"https:\/\/schweizversand.ch\/fr\/#\/schema\/logo\/image\/"},"sameAs":["https:\/\/www.facebook.com\/Schweizversand","https:\/\/www.instagram.com\/schweizversand.ch\/"]}]}},"jetpack_sharing_enabled":true,"_links":{"self":[{"href":"https:\/\/schweizversand.ch\/fr\/wp-json\/wp\/v2\/product\/254589","targetHints":{"allow":["GET"]}}],"collection":[{"href":"https:\/\/schweizversand.ch\/fr\/wp-json\/wp\/v2\/product"}],"about":[{"href":"https:\/\/schweizversand.ch\/fr\/wp-json\/wp\/v2\/types\/product"}],"replies":[{"embeddable":true,"href":"https:\/\/schweizversand.ch\/fr\/wp-json\/wp\/v2\/comments?post=254589"}],"wp:featuredmedia":[{"embeddable":true,"href":"https:\/\/schweizversand.ch\/fr\/wp-json\/wp\/v2\/media\/257218"}],"wp:attachment":[{"href":"https:\/\/schweizversand.ch\/fr\/wp-json\/wp\/v2\/media?parent=254589"}],"wp:term":[{"taxonomy":"product_brand","embeddable":true,"href":"https:\/\/schweizversand.ch\/fr\/wp-json\/wp\/v2\/product_brand?post=254589"},{"taxonomy":"product_cat","embeddable":true,"href":"https:\/\/schweizversand.ch\/fr\/wp-json\/wp\/v2\/product_cat?post=254589"},{"taxonomy":"product_tag","embeddable":true,"href":"https:\/\/schweizversand.ch\/fr\/wp-json\/wp\/v2\/product_tag?post=254589"}],"curies":[{"name":"wp","href":"https:\/\/api.w.org\/{rel}","templated":true}]}}