{"id":254591,"date":"2026-03-15T00:05:50","date_gmt":"2026-03-14T23:05:50","guid":{"rendered":"https:\/\/schweizversand.ch\/produkt\/champ-tuby-tuby-frucht-lakritz\/"},"modified":"2026-04-20T02:02:58","modified_gmt":"2026-04-20T00:02:58","slug":"champ-tuby-tuby-frucht-lakritz","status":"publish","type":"product","link":"https:\/\/schweizversand.ch\/fr\/produkt\/champ-tuby-tuby-frucht-lakritz\/","title":{"rendered":"CHAMP Tuby Tuby Fruit R\u00e9glisse"},"content":{"rendered":"<p>R\u00e9glisse fruit\u00e9e aux saveurs fraise, framboise ou cola<\/p>\n<p>D\u00e9couvrez une gourmandise fruit\u00e9e et irr\u00e9sistible\u00a0: nos tubes de r\u00e9glisse fruit\u00e9e allient le go\u00fbt intense de la fraise, de la framboise ou du cola acidul\u00e9 \u00e0 la note \u00e9pic\u00e9e de la r\u00e9glisse fine. Un parfait \u00e9quilibre sucr\u00e9-sal\u00e9, id\u00e9al pour les amateurs de douceurs en qu\u00eate d\u2019originalit\u00e9. \u00c0 partager ou \u00e0 savourer seul, ces tubes transforment chaque instant en une explosion de saveurs\u00a0! Go\u00fbtez-les d\u00e8s maintenant et trouvez votre saveur pr\u00e9f\u00e9r\u00e9e\u00a0!<\/p>\n<p>Ingr\u00e9dients\u00a0:<\/p>\n<p>&#8211; Cola\u00a0: Sucre, sirop de glucose, farine de bl\u00e9, amidon de ma\u00efs, mati\u00e8re grasse v\u00e9g\u00e9tale (soja), stabilisant\u00a0: E422, acidifiants\u00a0: E270, E330, E296, E334, E331, g\u00e9latine, ar\u00f4mes, \u00e9mulsifiant\u00a0: E471, sel, colorant\u00a0: E150d. Peut contenir des traces de sulfites.<\/p>\n<p>Fraise\u00a0: Sucre, sirop de glucose, farine de bl\u00e9, amidon de ma\u00efs, mati\u00e8re grasse v\u00e9g\u00e9tale (soja), stabilisant\u00a0: E422, acidifiants\u00a0: E270, E330, E296, E331, g\u00e9latine, ar\u00f4me, \u00e9mulsifiant\u00a0: E471, sel, colorant\u00a0: E163. Peut contenir des traces de sulfites.<\/p>\n<p>Framboise\u00a0: Sucre, sirop de glucose, farine de bl\u00e9, amidon de ma\u00efs, mati\u00e8re grasse v\u00e9g\u00e9tale (soja), stabilisant\u00a0: E422, acidifiants\u00a0: E270, E330, E296, E334, E331, g\u00e9latine, ar\u00f4me, \u00e9mulsifiant\u00a0: E471, sel, colorants\u00a0: E163, E133. Peut contenir des traces de sulfites.<\/p>\n<p>Allerg\u00e8nes<\/p>\n<p>Contient\u00a0:<\/p>\n<p>&#8211; Soja<br \/>\n<br \/>&#8211; Bl\u00e9<br \/>\n<br \/>&#8211; Ma\u00efs<\/p>\n<p>Saveurs\u00a0:<\/p>\n<p>&#8211; Cola<br \/>\n<br \/>&#8211; Framboise<br \/>\n<br \/>&#8211; Fraise<\/p>\n<p>La saveur ne peut \u00eatre choisie. Assortiment de saveurs selon les disponibilit\u00e9s.<\/p>\n<p>Prix \u00e0 l&rsquo;unit\u00e9<\/p>\n","protected":false},"excerpt":{"rendered":"<p>R\u00e9glisse fruit\u00e9e aux saveurs fraise, framboise ou cola D\u00e9couvrez une gourmandise fruit\u00e9e et irr\u00e9sistible\u00a0: nos tubes de r\u00e9glisse fruit\u00e9e allient le go\u00fbt intense de la fraise, de la framboise ou du cola acidul\u00e9 \u00e0 la note \u00e9pic\u00e9e de la r\u00e9glisse fine. Un parfait \u00e9quilibre sucr\u00e9-sal\u00e9, id\u00e9al pour les amateurs de douceurs en qu\u00eate d\u2019originalit\u00e9. \u00c0 partager ou \u00e0 savourer seul, ces tubes transforment chaque instant en une explosion de saveurs\u00a0! Go\u00fbtez-les d\u00e8s maintenant et trouvez&hellip;<\/p>\n","protected":false},"featured_media":157709,"comment_status":"open","ping_status":"closed","template":"","meta":[],"product_brand":[],"product_cat":[38938],"product_tag":[],"class_list":{"0":"post-254591","1":"product","2":"type-product","3":"status-publish","4":"has-post-thumbnail","6":"product_cat-genusswelt","7":"product_shipping_class-global_methods","9":"first","10":"instock","11":"taxable","12":"shipping-taxable","13":"purchasable","14":"product-type-simple"},"yoast_head":"<!-- This site is optimized with the Yoast SEO plugin v27.4 - https:\/\/yoast.com\/product\/yoast-seo-wordpress\/ -->\n<title>CHAMP Tuby Tuby Frucht-Lakritz | Jetzt kaufen | Schweizversand.ch<\/title>\n<meta name=\"description\" content=\"CHAMP Tuby Tuby Frucht-Lakritz g\u00fcnstig kaufen bei Schweizversand.ch. Schnelle Lieferung in der Schweiz. Gratisversand ab CHF 50.\" \/>\n<meta name=\"robots\" content=\"index, follow, max-snippet:-1, max-image-preview:large, max-video-preview:-1\" \/>\n<link rel=\"canonical\" href=\"https:\/\/schweizversand.ch\/fr\/produkt\/champ-tuby-tuby-frucht-lakritz\/\" \/>\n<meta property=\"og:locale\" content=\"fr_FR\" \/>\n<meta property=\"og:type\" content=\"article\" \/>\n<meta property=\"og:title\" content=\"CHAMP Tuby Tuby Frucht-Lakritz | Jetzt kaufen | Schweizversand.ch\" \/>\n<meta property=\"og:description\" content=\"CHAMP Tuby Tuby Frucht-Lakritz g\u00fcnstig kaufen bei Schweizversand.ch. Schnelle Lieferung in der Schweiz. Gratisversand ab CHF 50.\" \/>\n<meta property=\"og:url\" content=\"https:\/\/schweizversand.ch\/fr\/produkt\/champ-tuby-tuby-frucht-lakritz\/\" \/>\n<meta property=\"og:site_name\" content=\"Schweizer Shop f\u00fcr Sport, Spiel und Freizeit\" \/>\n<meta property=\"article:publisher\" content=\"https:\/\/www.facebook.com\/Schweizversand\" \/>\n<meta property=\"article:modified_time\" content=\"2026-04-20T00:02:58+00:00\" \/>\n<meta property=\"og:image\" content=\"https:\/\/schweizversand.ch\/wp-content\/uploads\/2026\/02\/5471861738.jpg\" \/>\n\t<meta property=\"og:image:width\" content=\"1024\" \/>\n\t<meta property=\"og:image:height\" content=\"471\" \/>\n\t<meta property=\"og:image:type\" content=\"image\/jpeg\" \/>\n<meta name=\"twitter:card\" content=\"summary_large_image\" \/>\n<meta name=\"twitter:label1\" content=\"Dur\u00e9e de lecture estim\u00e9e\" \/>\n\t<meta name=\"twitter:data1\" content=\"1 minute\" \/>\n<script type=\"application\/ld+json\" class=\"yoast-schema-graph\">{\"@context\":\"https:\\\/\\\/schema.org\",\"@graph\":[{\"@type\":\"WebPage\",\"@id\":\"https:\\\/\\\/schweizversand.ch\\\/fr\\\/produkt\\\/champ-tuby-tuby-frucht-lakritz\\\/\",\"url\":\"https:\\\/\\\/schweizversand.ch\\\/fr\\\/produkt\\\/champ-tuby-tuby-frucht-lakritz\\\/\",\"name\":\"CHAMP Tuby Tuby Frucht-Lakritz | Jetzt kaufen | Schweizversand.ch\",\"isPartOf\":{\"@id\":\"https:\\\/\\\/schweizversand.ch\\\/fr\\\/#website\"},\"primaryImageOfPage\":{\"@id\":\"https:\\\/\\\/schweizversand.ch\\\/fr\\\/produkt\\\/champ-tuby-tuby-frucht-lakritz\\\/#primaryimage\"},\"image\":{\"@id\":\"https:\\\/\\\/schweizversand.ch\\\/fr\\\/produkt\\\/champ-tuby-tuby-frucht-lakritz\\\/#primaryimage\"},\"thumbnailUrl\":\"https:\\\/\\\/schweizversand.ch\\\/wp-content\\\/uploads\\\/2026\\\/02\\\/5471861738.jpg\",\"datePublished\":\"2026-03-14T23:05:50+00:00\",\"dateModified\":\"2026-04-20T00:02:58+00:00\",\"description\":\"CHAMP Tuby Tuby Frucht-Lakritz g\u00fcnstig kaufen bei Schweizversand.ch. Schnelle Lieferung in der Schweiz. Gratisversand ab CHF 50.\",\"breadcrumb\":{\"@id\":\"https:\\\/\\\/schweizversand.ch\\\/fr\\\/produkt\\\/champ-tuby-tuby-frucht-lakritz\\\/#breadcrumb\"},\"inLanguage\":\"fr-FR\",\"potentialAction\":[{\"@type\":\"ReadAction\",\"target\":[\"https:\\\/\\\/schweizversand.ch\\\/fr\\\/produkt\\\/champ-tuby-tuby-frucht-lakritz\\\/\"]}]},{\"@type\":\"ImageObject\",\"inLanguage\":\"fr-FR\",\"@id\":\"https:\\\/\\\/schweizversand.ch\\\/fr\\\/produkt\\\/champ-tuby-tuby-frucht-lakritz\\\/#primaryimage\",\"url\":\"https:\\\/\\\/schweizversand.ch\\\/wp-content\\\/uploads\\\/2026\\\/02\\\/5471861738.jpg\",\"contentUrl\":\"https:\\\/\\\/schweizversand.ch\\\/wp-content\\\/uploads\\\/2026\\\/02\\\/5471861738.jpg\",\"width\":1024,\"height\":471},{\"@type\":\"BreadcrumbList\",\"@id\":\"https:\\\/\\\/schweizversand.ch\\\/fr\\\/produkt\\\/champ-tuby-tuby-frucht-lakritz\\\/#breadcrumb\",\"itemListElement\":[{\"@type\":\"ListItem\",\"position\":1,\"name\":\"Startseite\",\"item\":\"https:\\\/\\\/schweizversand.ch\\\/fr\\\/home\\\/\"},{\"@type\":\"ListItem\",\"position\":2,\"name\":\"Boutique\",\"item\":\"https:\\\/\\\/schweizversand.ch\\\/fr\\\/boutique\\\/\"},{\"@type\":\"ListItem\",\"position\":3,\"name\":\"Accueil\",\"item\":\"https:\\\/\\\/schweizversand.ch\\\/fr\\\/produkt-kategorie\\\/accueil\\\/\"},{\"@type\":\"ListItem\",\"position\":4,\"name\":\"Nourriture\",\"item\":\"https:\\\/\\\/schweizversand.ch\\\/fr\\\/produkt-kategorie\\\/accueil\\\/nourriture\\\/\"},{\"@type\":\"ListItem\",\"position\":5,\"name\":\"Monde gourmand\",\"item\":\"https:\\\/\\\/schweizversand.ch\\\/fr\\\/produkt-kategorie\\\/genusswelt\\\/\"},{\"@type\":\"ListItem\",\"position\":6,\"name\":\"CHAMP Tuby Tuby Fruit R\u00e9glisse\"}]},{\"@type\":\"WebSite\",\"@id\":\"https:\\\/\\\/schweizversand.ch\\\/fr\\\/#website\",\"url\":\"https:\\\/\\\/schweizversand.ch\\\/fr\\\/\",\"name\":\"Schweizer Shop f\u00fcr Sport, Spiel und Freizeit\",\"description\":\"Gratisversand ab 50.- (netto), ab eigenem schweizer Lager, Lieferung innert 48h\",\"publisher\":{\"@id\":\"https:\\\/\\\/schweizversand.ch\\\/fr\\\/#organization\"},\"alternateName\":\"Schweizversand.ch\",\"potentialAction\":[{\"@type\":\"SearchAction\",\"target\":{\"@type\":\"EntryPoint\",\"urlTemplate\":\"https:\\\/\\\/schweizversand.ch\\\/fr\\\/?s={search_term_string}\"},\"query-input\":{\"@type\":\"PropertyValueSpecification\",\"valueRequired\":true,\"valueName\":\"search_term_string\"}}],\"inLanguage\":\"fr-FR\"},{\"@type\":\"Organization\",\"@id\":\"https:\\\/\\\/schweizversand.ch\\\/fr\\\/#organization\",\"name\":\"Schweizversand.ch\",\"url\":\"https:\\\/\\\/schweizversand.ch\\\/fr\\\/\",\"logo\":{\"@type\":\"ImageObject\",\"inLanguage\":\"fr-FR\",\"@id\":\"https:\\\/\\\/schweizversand.ch\\\/fr\\\/#\\\/schema\\\/logo\\\/image\\\/\",\"url\":\"https:\\\/\\\/schweizversand.ch\\\/wp-content\\\/uploads\\\/2026\\\/03\\\/Logo_Rund_Final-1.png\",\"contentUrl\":\"https:\\\/\\\/schweizversand.ch\\\/wp-content\\\/uploads\\\/2026\\\/03\\\/Logo_Rund_Final-1.png\",\"width\":404,\"height\":404,\"caption\":\"Schweizversand.ch\"},\"image\":{\"@id\":\"https:\\\/\\\/schweizversand.ch\\\/fr\\\/#\\\/schema\\\/logo\\\/image\\\/\"},\"sameAs\":[\"https:\\\/\\\/www.facebook.com\\\/Schweizversand\",\"https:\\\/\\\/www.instagram.com\\\/schweizversand.ch\\\/\"]}]}<\/script>\n<!-- \/ Yoast SEO plugin. -->","yoast_head_json":{"title":"CHAMP Tuby Tuby Frucht-Lakritz | Jetzt kaufen | Schweizversand.ch","description":"CHAMP Tuby Tuby Frucht-Lakritz g\u00fcnstig kaufen bei Schweizversand.ch. Schnelle Lieferung in der Schweiz. Gratisversand ab CHF 50.","robots":{"index":"index","follow":"follow","max-snippet":"max-snippet:-1","max-image-preview":"max-image-preview:large","max-video-preview":"max-video-preview:-1"},"canonical":"https:\/\/schweizversand.ch\/fr\/produkt\/champ-tuby-tuby-frucht-lakritz\/","og_locale":"fr_FR","og_type":"article","og_title":"CHAMP Tuby Tuby Frucht-Lakritz | Jetzt kaufen | Schweizversand.ch","og_description":"CHAMP Tuby Tuby Frucht-Lakritz g\u00fcnstig kaufen bei Schweizversand.ch. Schnelle Lieferung in der Schweiz. Gratisversand ab CHF 50.","og_url":"https:\/\/schweizversand.ch\/fr\/produkt\/champ-tuby-tuby-frucht-lakritz\/","og_site_name":"Schweizer Shop f\u00fcr Sport, Spiel und Freizeit","article_publisher":"https:\/\/www.facebook.com\/Schweizversand","article_modified_time":"2026-04-20T00:02:58+00:00","og_image":[{"width":1024,"height":471,"url":"https:\/\/schweizversand.ch\/wp-content\/uploads\/2026\/02\/5471861738.jpg","type":"image\/jpeg"}],"twitter_card":"summary_large_image","twitter_misc":{"Dur\u00e9e de lecture estim\u00e9e":"1 minute"},"schema":{"@context":"https:\/\/schema.org","@graph":[{"@type":"WebPage","@id":"https:\/\/schweizversand.ch\/fr\/produkt\/champ-tuby-tuby-frucht-lakritz\/","url":"https:\/\/schweizversand.ch\/fr\/produkt\/champ-tuby-tuby-frucht-lakritz\/","name":"CHAMP Tuby Tuby Frucht-Lakritz | Jetzt kaufen | Schweizversand.ch","isPartOf":{"@id":"https:\/\/schweizversand.ch\/fr\/#website"},"primaryImageOfPage":{"@id":"https:\/\/schweizversand.ch\/fr\/produkt\/champ-tuby-tuby-frucht-lakritz\/#primaryimage"},"image":{"@id":"https:\/\/schweizversand.ch\/fr\/produkt\/champ-tuby-tuby-frucht-lakritz\/#primaryimage"},"thumbnailUrl":"https:\/\/schweizversand.ch\/wp-content\/uploads\/2026\/02\/5471861738.jpg","datePublished":"2026-03-14T23:05:50+00:00","dateModified":"2026-04-20T00:02:58+00:00","description":"CHAMP Tuby Tuby Frucht-Lakritz g\u00fcnstig kaufen bei Schweizversand.ch. Schnelle Lieferung in der Schweiz. Gratisversand ab CHF 50.","breadcrumb":{"@id":"https:\/\/schweizversand.ch\/fr\/produkt\/champ-tuby-tuby-frucht-lakritz\/#breadcrumb"},"inLanguage":"fr-FR","potentialAction":[{"@type":"ReadAction","target":["https:\/\/schweizversand.ch\/fr\/produkt\/champ-tuby-tuby-frucht-lakritz\/"]}]},{"@type":"ImageObject","inLanguage":"fr-FR","@id":"https:\/\/schweizversand.ch\/fr\/produkt\/champ-tuby-tuby-frucht-lakritz\/#primaryimage","url":"https:\/\/schweizversand.ch\/wp-content\/uploads\/2026\/02\/5471861738.jpg","contentUrl":"https:\/\/schweizversand.ch\/wp-content\/uploads\/2026\/02\/5471861738.jpg","width":1024,"height":471},{"@type":"BreadcrumbList","@id":"https:\/\/schweizversand.ch\/fr\/produkt\/champ-tuby-tuby-frucht-lakritz\/#breadcrumb","itemListElement":[{"@type":"ListItem","position":1,"name":"Startseite","item":"https:\/\/schweizversand.ch\/fr\/home\/"},{"@type":"ListItem","position":2,"name":"Boutique","item":"https:\/\/schweizversand.ch\/fr\/boutique\/"},{"@type":"ListItem","position":3,"name":"Accueil","item":"https:\/\/schweizversand.ch\/fr\/produkt-kategorie\/accueil\/"},{"@type":"ListItem","position":4,"name":"Nourriture","item":"https:\/\/schweizversand.ch\/fr\/produkt-kategorie\/accueil\/nourriture\/"},{"@type":"ListItem","position":5,"name":"Monde gourmand","item":"https:\/\/schweizversand.ch\/fr\/produkt-kategorie\/genusswelt\/"},{"@type":"ListItem","position":6,"name":"CHAMP Tuby Tuby Fruit R\u00e9glisse"}]},{"@type":"WebSite","@id":"https:\/\/schweizversand.ch\/fr\/#website","url":"https:\/\/schweizversand.ch\/fr\/","name":"Schweizer Shop f\u00fcr Sport, Spiel und Freizeit","description":"Gratisversand ab 50.- (netto), ab eigenem schweizer Lager, Lieferung innert 48h","publisher":{"@id":"https:\/\/schweizversand.ch\/fr\/#organization"},"alternateName":"Schweizversand.ch","potentialAction":[{"@type":"SearchAction","target":{"@type":"EntryPoint","urlTemplate":"https:\/\/schweizversand.ch\/fr\/?s={search_term_string}"},"query-input":{"@type":"PropertyValueSpecification","valueRequired":true,"valueName":"search_term_string"}}],"inLanguage":"fr-FR"},{"@type":"Organization","@id":"https:\/\/schweizversand.ch\/fr\/#organization","name":"Schweizversand.ch","url":"https:\/\/schweizversand.ch\/fr\/","logo":{"@type":"ImageObject","inLanguage":"fr-FR","@id":"https:\/\/schweizversand.ch\/fr\/#\/schema\/logo\/image\/","url":"https:\/\/schweizversand.ch\/wp-content\/uploads\/2026\/03\/Logo_Rund_Final-1.png","contentUrl":"https:\/\/schweizversand.ch\/wp-content\/uploads\/2026\/03\/Logo_Rund_Final-1.png","width":404,"height":404,"caption":"Schweizversand.ch"},"image":{"@id":"https:\/\/schweizversand.ch\/fr\/#\/schema\/logo\/image\/"},"sameAs":["https:\/\/www.facebook.com\/Schweizversand","https:\/\/www.instagram.com\/schweizversand.ch\/"]}]}},"jetpack_sharing_enabled":true,"_links":{"self":[{"href":"https:\/\/schweizversand.ch\/fr\/wp-json\/wp\/v2\/product\/254591","targetHints":{"allow":["GET"]}}],"collection":[{"href":"https:\/\/schweizversand.ch\/fr\/wp-json\/wp\/v2\/product"}],"about":[{"href":"https:\/\/schweizversand.ch\/fr\/wp-json\/wp\/v2\/types\/product"}],"replies":[{"embeddable":true,"href":"https:\/\/schweizversand.ch\/fr\/wp-json\/wp\/v2\/comments?post=254591"}],"wp:featuredmedia":[{"embeddable":true,"href":"https:\/\/schweizversand.ch\/fr\/wp-json\/wp\/v2\/media\/157709"}],"wp:attachment":[{"href":"https:\/\/schweizversand.ch\/fr\/wp-json\/wp\/v2\/media?parent=254591"}],"wp:term":[{"taxonomy":"product_brand","embeddable":true,"href":"https:\/\/schweizversand.ch\/fr\/wp-json\/wp\/v2\/product_brand?post=254591"},{"taxonomy":"product_cat","embeddable":true,"href":"https:\/\/schweizversand.ch\/fr\/wp-json\/wp\/v2\/product_cat?post=254591"},{"taxonomy":"product_tag","embeddable":true,"href":"https:\/\/schweizversand.ch\/fr\/wp-json\/wp\/v2\/product_tag?post=254591"}],"curies":[{"name":"wp","href":"https:\/\/api.w.org\/{rel}","templated":true}]}}