{"id":254617,"date":"2026-03-15T00:05:55","date_gmt":"2026-03-14T23:05:55","guid":{"rendered":"https:\/\/schweizversand.ch\/produkt\/kinzo-rollmassband-5m\/"},"modified":"2026-04-20T02:02:59","modified_gmt":"2026-04-20T00:02:59","slug":"kinzo-rollmassband-5m","status":"publish","type":"product","link":"https:\/\/schweizversand.ch\/fr\/produkt\/kinzo-rollmassband-5m\/","title":{"rendered":"M\u00e8tre ruban Kinzo 5 m"},"content":{"rendered":"<p>KINZO pr\u00e9sente son m\u00e8tre ruban m\u00e9tallique de 5 m, disponible en 4 couleurs. Ce m\u00e8tre ruban robuste est dot\u00e9 d&rsquo;une surface antid\u00e9rapante. Il est \u00e9quip\u00e9 d&rsquo;un enrouleur automatique et d&rsquo;un syst\u00e8me de blocage du ruban, ainsi que de graduations en centim\u00e8tres et en pieds sur les deux faces de son ruban en acier de 19 mm de large. Il comprend \u00e9galement un aimant, une dragonne et un clip ceinture au dos. D&rsquo;une longueur de 5 m, il est conditionn\u00e9 sous blister.<\/p>\n<\/p>\n<p>\u2022 Format de mesure : centim\u00e8tres\/pieds<\/p>\n<\/p>\n<p>\u2022 Couleurs : bleu, jaune, rouge, orange<\/p>\n<\/p>\n<p>\u2022 Hauteur (mm) : 19,0<\/p>\n<\/p>\n<p>\u2022 Longueur (m) : 5<\/p>\n<\/p>\n<p>Vous appr\u00e9cierez la polyvalence et la durabilit\u00e9 de ce m\u00e8tre ruban. Commandez d\u00e8s maintenant le m\u00e8tre ruban m\u00e9tallique KINZO de 5 m et profitez de sa haute qualit\u00e9 !<\/p>\n<\/p>\n<p>La couleur ne peut \u00eatre s\u00e9lectionn\u00e9e. L&rsquo;envoi est al\u00e9atoire dans la limite des stocks disponibles.<\/p>\n<\/p>\n<p>Prix unitaire.<\/p>\n","protected":false},"excerpt":{"rendered":"<p>KINZO pr\u00e9sente son m\u00e8tre ruban m\u00e9tallique de 5 m, disponible en 4 couleurs. Ce m\u00e8tre ruban robuste est dot\u00e9 d&rsquo;une surface antid\u00e9rapante. Il est \u00e9quip\u00e9 d&rsquo;un enrouleur automatique et d&rsquo;un syst\u00e8me de blocage du ruban, ainsi que de graduations en centim\u00e8tres et en pieds sur les deux faces de son ruban en acier de 19 mm de large. Il comprend \u00e9galement un aimant, une dragonne et un clip ceinture au dos. D&rsquo;une longueur de 5&hellip;<\/p>\n","protected":false},"featured_media":157835,"comment_status":"open","ping_status":"closed","template":"","meta":[],"product_brand":[],"product_cat":[38132],"product_tag":[],"class_list":{"0":"post-254617","1":"product","2":"type-product","3":"status-publish","4":"has-post-thumbnail","6":"product_cat-diverses","7":"product_shipping_class-global_methods","9":"first","10":"instock","11":"taxable","12":"shipping-taxable","13":"purchasable","14":"product-type-simple"},"yoast_head":"<!-- This site is optimized with the Yoast SEO plugin v27.4 - https:\/\/yoast.com\/product\/yoast-seo-wordpress\/ -->\n<title>Kinzo Rollmassband 5m | Jetzt kaufen | Schweizversand.ch<\/title>\n<meta name=\"description\" content=\"Kinzo Rollmassband 5m g\u00fcnstig kaufen bei Schweizversand.ch. Schnelle Lieferung in der Schweiz. Gratisversand ab CHF 50.\" \/>\n<meta name=\"robots\" content=\"index, follow, max-snippet:-1, max-image-preview:large, max-video-preview:-1\" \/>\n<link rel=\"canonical\" href=\"https:\/\/schweizversand.ch\/fr\/produkt\/kinzo-rollmassband-5m\/\" \/>\n<meta property=\"og:locale\" content=\"fr_FR\" \/>\n<meta property=\"og:type\" content=\"article\" \/>\n<meta property=\"og:title\" content=\"Kinzo Rollmassband 5m | Jetzt kaufen | Schweizversand.ch\" \/>\n<meta property=\"og:description\" content=\"Kinzo Rollmassband 5m g\u00fcnstig kaufen bei Schweizversand.ch. Schnelle Lieferung in der Schweiz. Gratisversand ab CHF 50.\" \/>\n<meta property=\"og:url\" content=\"https:\/\/schweizversand.ch\/fr\/produkt\/kinzo-rollmassband-5m\/\" \/>\n<meta property=\"og:site_name\" content=\"Schweizer Shop f\u00fcr Sport, Spiel und Freizeit\" \/>\n<meta property=\"article:publisher\" content=\"https:\/\/www.facebook.com\/Schweizversand\" \/>\n<meta property=\"article:modified_time\" content=\"2026-04-20T00:02:59+00:00\" \/>\n<meta property=\"og:image\" content=\"https:\/\/schweizversand.ch\/wp-content\/uploads\/2026\/02\/5471654571.jpg\" \/>\n\t<meta property=\"og:image:width\" content=\"1024\" \/>\n\t<meta property=\"og:image:height\" content=\"1024\" \/>\n\t<meta property=\"og:image:type\" content=\"image\/jpeg\" \/>\n<meta name=\"twitter:card\" content=\"summary_large_image\" \/>\n<meta name=\"twitter:label1\" content=\"Dur\u00e9e de lecture estim\u00e9e\" \/>\n\t<meta name=\"twitter:data1\" content=\"1 minute\" \/>\n<script type=\"application\/ld+json\" class=\"yoast-schema-graph\">{\"@context\":\"https:\\\/\\\/schema.org\",\"@graph\":[{\"@type\":\"WebPage\",\"@id\":\"https:\\\/\\\/schweizversand.ch\\\/fr\\\/produkt\\\/kinzo-rollmassband-5m\\\/\",\"url\":\"https:\\\/\\\/schweizversand.ch\\\/fr\\\/produkt\\\/kinzo-rollmassband-5m\\\/\",\"name\":\"Kinzo Rollmassband 5m | Jetzt kaufen | Schweizversand.ch\",\"isPartOf\":{\"@id\":\"https:\\\/\\\/schweizversand.ch\\\/fr\\\/#website\"},\"primaryImageOfPage\":{\"@id\":\"https:\\\/\\\/schweizversand.ch\\\/fr\\\/produkt\\\/kinzo-rollmassband-5m\\\/#primaryimage\"},\"image\":{\"@id\":\"https:\\\/\\\/schweizversand.ch\\\/fr\\\/produkt\\\/kinzo-rollmassband-5m\\\/#primaryimage\"},\"thumbnailUrl\":\"https:\\\/\\\/schweizversand.ch\\\/wp-content\\\/uploads\\\/2026\\\/02\\\/5471654571.jpg\",\"datePublished\":\"2026-03-14T23:05:55+00:00\",\"dateModified\":\"2026-04-20T00:02:59+00:00\",\"description\":\"Kinzo Rollmassband 5m g\u00fcnstig kaufen bei Schweizversand.ch. Schnelle Lieferung in der Schweiz. Gratisversand ab CHF 50.\",\"breadcrumb\":{\"@id\":\"https:\\\/\\\/schweizversand.ch\\\/fr\\\/produkt\\\/kinzo-rollmassband-5m\\\/#breadcrumb\"},\"inLanguage\":\"fr-FR\",\"potentialAction\":[{\"@type\":\"ReadAction\",\"target\":[\"https:\\\/\\\/schweizversand.ch\\\/fr\\\/produkt\\\/kinzo-rollmassband-5m\\\/\"]}]},{\"@type\":\"ImageObject\",\"inLanguage\":\"fr-FR\",\"@id\":\"https:\\\/\\\/schweizversand.ch\\\/fr\\\/produkt\\\/kinzo-rollmassband-5m\\\/#primaryimage\",\"url\":\"https:\\\/\\\/schweizversand.ch\\\/wp-content\\\/uploads\\\/2026\\\/02\\\/5471654571.jpg\",\"contentUrl\":\"https:\\\/\\\/schweizversand.ch\\\/wp-content\\\/uploads\\\/2026\\\/02\\\/5471654571.jpg\",\"width\":1024,\"height\":1024},{\"@type\":\"BreadcrumbList\",\"@id\":\"https:\\\/\\\/schweizversand.ch\\\/fr\\\/produkt\\\/kinzo-rollmassband-5m\\\/#breadcrumb\",\"itemListElement\":[{\"@type\":\"ListItem\",\"position\":1,\"name\":\"Startseite\",\"item\":\"https:\\\/\\\/schweizversand.ch\\\/fr\\\/home\\\/\"},{\"@type\":\"ListItem\",\"position\":2,\"name\":\"Boutique\",\"item\":\"https:\\\/\\\/schweizversand.ch\\\/fr\\\/boutique\\\/\"},{\"@type\":\"ListItem\",\"position\":3,\"name\":\"Maison et jardin\",\"item\":\"https:\\\/\\\/schweizversand.ch\\\/fr\\\/produkt-kategorie\\\/maison-et-jardin\\\/\"},{\"@type\":\"ListItem\",\"position\":4,\"name\":\"Outils et atelier\",\"item\":\"https:\\\/\\\/schweizversand.ch\\\/fr\\\/produkt-kategorie\\\/maison-et-jardin\\\/outils-et-atelier\\\/\"},{\"@type\":\"ListItem\",\"position\":5,\"name\":\"Divers\",\"item\":\"https:\\\/\\\/schweizversand.ch\\\/fr\\\/produkt-kategorie\\\/maison-et-jardin\\\/outils-et-atelier\\\/diverses\\\/\"},{\"@type\":\"ListItem\",\"position\":6,\"name\":\"M\u00e8tre ruban Kinzo 5 m\"}]},{\"@type\":\"WebSite\",\"@id\":\"https:\\\/\\\/schweizversand.ch\\\/fr\\\/#website\",\"url\":\"https:\\\/\\\/schweizversand.ch\\\/fr\\\/\",\"name\":\"Schweizer Shop f\u00fcr Sport, Spiel und Freizeit\",\"description\":\"Gratisversand ab 50.- (netto), ab eigenem schweizer Lager, Lieferung innert 48h\",\"publisher\":{\"@id\":\"https:\\\/\\\/schweizversand.ch\\\/fr\\\/#organization\"},\"alternateName\":\"Schweizversand.ch\",\"potentialAction\":[{\"@type\":\"SearchAction\",\"target\":{\"@type\":\"EntryPoint\",\"urlTemplate\":\"https:\\\/\\\/schweizversand.ch\\\/fr\\\/?s={search_term_string}\"},\"query-input\":{\"@type\":\"PropertyValueSpecification\",\"valueRequired\":true,\"valueName\":\"search_term_string\"}}],\"inLanguage\":\"fr-FR\"},{\"@type\":\"Organization\",\"@id\":\"https:\\\/\\\/schweizversand.ch\\\/fr\\\/#organization\",\"name\":\"Schweizversand.ch\",\"url\":\"https:\\\/\\\/schweizversand.ch\\\/fr\\\/\",\"logo\":{\"@type\":\"ImageObject\",\"inLanguage\":\"fr-FR\",\"@id\":\"https:\\\/\\\/schweizversand.ch\\\/fr\\\/#\\\/schema\\\/logo\\\/image\\\/\",\"url\":\"https:\\\/\\\/schweizversand.ch\\\/wp-content\\\/uploads\\\/2026\\\/03\\\/Logo_Rund_Final-1.png\",\"contentUrl\":\"https:\\\/\\\/schweizversand.ch\\\/wp-content\\\/uploads\\\/2026\\\/03\\\/Logo_Rund_Final-1.png\",\"width\":404,\"height\":404,\"caption\":\"Schweizversand.ch\"},\"image\":{\"@id\":\"https:\\\/\\\/schweizversand.ch\\\/fr\\\/#\\\/schema\\\/logo\\\/image\\\/\"},\"sameAs\":[\"https:\\\/\\\/www.facebook.com\\\/Schweizversand\",\"https:\\\/\\\/www.instagram.com\\\/schweizversand.ch\\\/\"]}]}<\/script>\n<!-- \/ Yoast SEO plugin. -->","yoast_head_json":{"title":"Kinzo Rollmassband 5m | Jetzt kaufen | Schweizversand.ch","description":"Kinzo Rollmassband 5m g\u00fcnstig kaufen bei Schweizversand.ch. Schnelle Lieferung in der Schweiz. Gratisversand ab CHF 50.","robots":{"index":"index","follow":"follow","max-snippet":"max-snippet:-1","max-image-preview":"max-image-preview:large","max-video-preview":"max-video-preview:-1"},"canonical":"https:\/\/schweizversand.ch\/fr\/produkt\/kinzo-rollmassband-5m\/","og_locale":"fr_FR","og_type":"article","og_title":"Kinzo Rollmassband 5m | Jetzt kaufen | Schweizversand.ch","og_description":"Kinzo Rollmassband 5m g\u00fcnstig kaufen bei Schweizversand.ch. Schnelle Lieferung in der Schweiz. Gratisversand ab CHF 50.","og_url":"https:\/\/schweizversand.ch\/fr\/produkt\/kinzo-rollmassband-5m\/","og_site_name":"Schweizer Shop f\u00fcr Sport, Spiel und Freizeit","article_publisher":"https:\/\/www.facebook.com\/Schweizversand","article_modified_time":"2026-04-20T00:02:59+00:00","og_image":[{"width":1024,"height":1024,"url":"https:\/\/schweizversand.ch\/wp-content\/uploads\/2026\/02\/5471654571.jpg","type":"image\/jpeg"}],"twitter_card":"summary_large_image","twitter_misc":{"Dur\u00e9e de lecture estim\u00e9e":"1 minute"},"schema":{"@context":"https:\/\/schema.org","@graph":[{"@type":"WebPage","@id":"https:\/\/schweizversand.ch\/fr\/produkt\/kinzo-rollmassband-5m\/","url":"https:\/\/schweizversand.ch\/fr\/produkt\/kinzo-rollmassband-5m\/","name":"Kinzo Rollmassband 5m | Jetzt kaufen | Schweizversand.ch","isPartOf":{"@id":"https:\/\/schweizversand.ch\/fr\/#website"},"primaryImageOfPage":{"@id":"https:\/\/schweizversand.ch\/fr\/produkt\/kinzo-rollmassband-5m\/#primaryimage"},"image":{"@id":"https:\/\/schweizversand.ch\/fr\/produkt\/kinzo-rollmassband-5m\/#primaryimage"},"thumbnailUrl":"https:\/\/schweizversand.ch\/wp-content\/uploads\/2026\/02\/5471654571.jpg","datePublished":"2026-03-14T23:05:55+00:00","dateModified":"2026-04-20T00:02:59+00:00","description":"Kinzo Rollmassband 5m g\u00fcnstig kaufen bei Schweizversand.ch. Schnelle Lieferung in der Schweiz. Gratisversand ab CHF 50.","breadcrumb":{"@id":"https:\/\/schweizversand.ch\/fr\/produkt\/kinzo-rollmassband-5m\/#breadcrumb"},"inLanguage":"fr-FR","potentialAction":[{"@type":"ReadAction","target":["https:\/\/schweizversand.ch\/fr\/produkt\/kinzo-rollmassband-5m\/"]}]},{"@type":"ImageObject","inLanguage":"fr-FR","@id":"https:\/\/schweizversand.ch\/fr\/produkt\/kinzo-rollmassband-5m\/#primaryimage","url":"https:\/\/schweizversand.ch\/wp-content\/uploads\/2026\/02\/5471654571.jpg","contentUrl":"https:\/\/schweizversand.ch\/wp-content\/uploads\/2026\/02\/5471654571.jpg","width":1024,"height":1024},{"@type":"BreadcrumbList","@id":"https:\/\/schweizversand.ch\/fr\/produkt\/kinzo-rollmassband-5m\/#breadcrumb","itemListElement":[{"@type":"ListItem","position":1,"name":"Startseite","item":"https:\/\/schweizversand.ch\/fr\/home\/"},{"@type":"ListItem","position":2,"name":"Boutique","item":"https:\/\/schweizversand.ch\/fr\/boutique\/"},{"@type":"ListItem","position":3,"name":"Maison et jardin","item":"https:\/\/schweizversand.ch\/fr\/produkt-kategorie\/maison-et-jardin\/"},{"@type":"ListItem","position":4,"name":"Outils et atelier","item":"https:\/\/schweizversand.ch\/fr\/produkt-kategorie\/maison-et-jardin\/outils-et-atelier\/"},{"@type":"ListItem","position":5,"name":"Divers","item":"https:\/\/schweizversand.ch\/fr\/produkt-kategorie\/maison-et-jardin\/outils-et-atelier\/diverses\/"},{"@type":"ListItem","position":6,"name":"M\u00e8tre ruban Kinzo 5 m"}]},{"@type":"WebSite","@id":"https:\/\/schweizversand.ch\/fr\/#website","url":"https:\/\/schweizversand.ch\/fr\/","name":"Schweizer Shop f\u00fcr Sport, Spiel und Freizeit","description":"Gratisversand ab 50.- (netto), ab eigenem schweizer Lager, Lieferung innert 48h","publisher":{"@id":"https:\/\/schweizversand.ch\/fr\/#organization"},"alternateName":"Schweizversand.ch","potentialAction":[{"@type":"SearchAction","target":{"@type":"EntryPoint","urlTemplate":"https:\/\/schweizversand.ch\/fr\/?s={search_term_string}"},"query-input":{"@type":"PropertyValueSpecification","valueRequired":true,"valueName":"search_term_string"}}],"inLanguage":"fr-FR"},{"@type":"Organization","@id":"https:\/\/schweizversand.ch\/fr\/#organization","name":"Schweizversand.ch","url":"https:\/\/schweizversand.ch\/fr\/","logo":{"@type":"ImageObject","inLanguage":"fr-FR","@id":"https:\/\/schweizversand.ch\/fr\/#\/schema\/logo\/image\/","url":"https:\/\/schweizversand.ch\/wp-content\/uploads\/2026\/03\/Logo_Rund_Final-1.png","contentUrl":"https:\/\/schweizversand.ch\/wp-content\/uploads\/2026\/03\/Logo_Rund_Final-1.png","width":404,"height":404,"caption":"Schweizversand.ch"},"image":{"@id":"https:\/\/schweizversand.ch\/fr\/#\/schema\/logo\/image\/"},"sameAs":["https:\/\/www.facebook.com\/Schweizversand","https:\/\/www.instagram.com\/schweizversand.ch\/"]}]}},"jetpack_sharing_enabled":true,"_links":{"self":[{"href":"https:\/\/schweizversand.ch\/fr\/wp-json\/wp\/v2\/product\/254617","targetHints":{"allow":["GET"]}}],"collection":[{"href":"https:\/\/schweizversand.ch\/fr\/wp-json\/wp\/v2\/product"}],"about":[{"href":"https:\/\/schweizversand.ch\/fr\/wp-json\/wp\/v2\/types\/product"}],"replies":[{"embeddable":true,"href":"https:\/\/schweizversand.ch\/fr\/wp-json\/wp\/v2\/comments?post=254617"}],"wp:featuredmedia":[{"embeddable":true,"href":"https:\/\/schweizversand.ch\/fr\/wp-json\/wp\/v2\/media\/157835"}],"wp:attachment":[{"href":"https:\/\/schweizversand.ch\/fr\/wp-json\/wp\/v2\/media?parent=254617"}],"wp:term":[{"taxonomy":"product_brand","embeddable":true,"href":"https:\/\/schweizversand.ch\/fr\/wp-json\/wp\/v2\/product_brand?post=254617"},{"taxonomy":"product_cat","embeddable":true,"href":"https:\/\/schweizversand.ch\/fr\/wp-json\/wp\/v2\/product_cat?post=254617"},{"taxonomy":"product_tag","embeddable":true,"href":"https:\/\/schweizversand.ch\/fr\/wp-json\/wp\/v2\/product_tag?post=254617"}],"curies":[{"name":"wp","href":"https:\/\/api.w.org\/{rel}","templated":true}]}}