{"id":254624,"date":"2026-03-15T00:05:56","date_gmt":"2026-03-14T23:05:56","guid":{"rendered":"https:\/\/schweizversand.ch\/produkt\/champ-bluetooth-lautsprecher-mit-laterne\/"},"modified":"2026-04-19T02:03:11","modified_gmt":"2026-04-19T00:03:11","slug":"champ-bluetooth-lautsprecher-mit-laterne","status":"publish","type":"product","link":"https:\/\/schweizversand.ch\/fr\/produkt\/champ-bluetooth-lautsprecher-mit-laterne\/","title":{"rendered":"Enceinte Bluetooth CHAMP avec lanterne"},"content":{"rendered":"<p>Enceinte Bluetooth avec lanterne int\u00e9gr\u00e9e \u2013 Musique et spectacle lumineux | Effet flamme et RGB<\/p>\n<\/p>\n<p>Red\u00e9couvrez la musique gr\u00e2ce \u00e0 la lumi\u00e8re et \u00e0 l&rsquo;ambiance !<\/p>\n<\/p>\n<p>Cette \u00e9l\u00e9gante enceinte Bluetooth avec lanterne int\u00e9gr\u00e9e combine un son puissant \u00e0 des effets lumineux captivants, dont un effet flamme r\u00e9aliste. Que ce soit pour une garden-party, une soir\u00e9e camping ou sur votre balcon, cette enceinte cr\u00e9e l&rsquo;ambiance parfaite en toute occasion.<\/p>\n<\/p>\n<p>Points forts en bref\u00a0:<\/p>\n<\/p>\n<p>\u2022 Bluetooth 5.4 \u2013 connexion sans fil stable jusqu\u2019\u00e0 10\u00a0m<\/p>\n<\/p>\n<p>\u2022 Multifonctionnel\u00a0: \u00e9coutez de la musique via Bluetooth, entr\u00e9e auxiliaire ou carte TF<\/p>\n<\/p>\n<p>\u2022 5 modes d\u2019\u00e9clairage, dont effet flamme et changement de couleur RGB<\/p>\n<\/p>\n<p>\u2022 Longue autonomie\u00a0:<\/p>\n<\/p>\n<p>\u2022 Jusqu\u2019\u00e0 24\u00a0heures d\u2019\u00e9coute sans \u00e9clairage<\/p>\n<\/p>\n<p>\u2022 Jusqu\u2019\u00e0 5\u00a0heures avec \u00e9clairage<\/p>\n<\/p>\n<p>\u2022 Batterie 1200\u00a0mAh \u2013 charge rapide en 2\u00a0heures<\/p>\n<\/p>\n<p>\u2022 Haut-parleur 5\u00a0W \u2013 son clair dans un format compact<\/p>\n<\/p>\n<p>\u2022 Compact et portable \u2013 avec fonction de suspension pour une utilisation int\u00e9rieure et ext\u00e9rieure<\/p>\n<\/p>\n<p>\u2022 Connectique\u00a0: USB-C, entr\u00e9e auxiliaire, lecteur de carte TF<\/p>\n","protected":false},"excerpt":{"rendered":"<p>Enceinte Bluetooth avec lanterne int\u00e9gr\u00e9e \u2013 Musique et spectacle lumineux | Effet flamme et RGB Red\u00e9couvrez la musique gr\u00e2ce \u00e0 la lumi\u00e8re et \u00e0 l&rsquo;ambiance ! Cette \u00e9l\u00e9gante enceinte Bluetooth avec lanterne int\u00e9gr\u00e9e combine un son puissant \u00e0 des effets lumineux captivants, dont un effet flamme r\u00e9aliste. Que ce soit pour une garden-party, une soir\u00e9e camping ou sur votre balcon, cette enceinte cr\u00e9e l&rsquo;ambiance parfaite en toute occasion. Points forts en bref\u00a0: \u2022 Bluetooth 5.4&hellip;<\/p>\n","protected":false},"featured_media":157859,"comment_status":"open","ping_status":"closed","template":"","meta":[],"product_brand":[],"product_cat":[38351],"product_tag":[],"class_list":{"0":"post-254624","1":"product","2":"type-product","3":"status-publish","4":"has-post-thumbnail","6":"product_cat-leuchtmittel-leuchten","7":"product_shipping_class-global_methods","9":"first","10":"instock","11":"taxable","12":"shipping-taxable","13":"purchasable","14":"product-type-simple"},"yoast_head":"<!-- This site is optimized with the Yoast SEO plugin v27.4 - https:\/\/yoast.com\/product\/yoast-seo-wordpress\/ -->\n<title>CHAMP Bluetooth Lautsprecher mit Laterne | Jetzt kaufen | Schweizversand.ch<\/title>\n<meta name=\"description\" content=\"CHAMP Bluetooth Lautsprecher mit Laterne g\u00fcnstig kaufen bei Schweizversand.ch. Schnelle Lieferung in der Schweiz. Gratisversand ab CHF 50.\" \/>\n<meta name=\"robots\" content=\"index, follow, max-snippet:-1, max-image-preview:large, max-video-preview:-1\" \/>\n<link rel=\"canonical\" href=\"https:\/\/schweizversand.ch\/fr\/produkt\/champ-bluetooth-lautsprecher-mit-laterne\/\" \/>\n<meta property=\"og:locale\" content=\"fr_FR\" \/>\n<meta property=\"og:type\" content=\"article\" \/>\n<meta property=\"og:title\" content=\"CHAMP Bluetooth Lautsprecher mit Laterne | Jetzt kaufen | Schweizversand.ch\" \/>\n<meta property=\"og:description\" content=\"CHAMP Bluetooth Lautsprecher mit Laterne g\u00fcnstig kaufen bei Schweizversand.ch. Schnelle Lieferung in der Schweiz. Gratisversand ab CHF 50.\" \/>\n<meta property=\"og:url\" content=\"https:\/\/schweizversand.ch\/fr\/produkt\/champ-bluetooth-lautsprecher-mit-laterne\/\" \/>\n<meta property=\"og:site_name\" content=\"Schweizer Shop f\u00fcr Sport, Spiel und Freizeit\" \/>\n<meta property=\"article:publisher\" content=\"https:\/\/www.facebook.com\/Schweizversand\" \/>\n<meta property=\"article:modified_time\" content=\"2026-04-19T00:03:11+00:00\" \/>\n<meta property=\"og:image\" content=\"https:\/\/schweizversand.ch\/wp-content\/uploads\/2026\/02\/5471917012.jpg\" \/>\n\t<meta property=\"og:image:width\" content=\"1024\" \/>\n\t<meta property=\"og:image:height\" content=\"1024\" \/>\n\t<meta property=\"og:image:type\" content=\"image\/jpeg\" \/>\n<meta name=\"twitter:card\" content=\"summary_large_image\" \/>\n<meta name=\"twitter:label1\" content=\"Dur\u00e9e de lecture estim\u00e9e\" \/>\n\t<meta name=\"twitter:data1\" content=\"1 minute\" \/>\n<script type=\"application\/ld+json\" class=\"yoast-schema-graph\">{\"@context\":\"https:\\\/\\\/schema.org\",\"@graph\":[{\"@type\":\"WebPage\",\"@id\":\"https:\\\/\\\/schweizversand.ch\\\/fr\\\/produkt\\\/champ-bluetooth-lautsprecher-mit-laterne\\\/\",\"url\":\"https:\\\/\\\/schweizversand.ch\\\/fr\\\/produkt\\\/champ-bluetooth-lautsprecher-mit-laterne\\\/\",\"name\":\"CHAMP Bluetooth Lautsprecher mit Laterne | Jetzt kaufen | Schweizversand.ch\",\"isPartOf\":{\"@id\":\"https:\\\/\\\/schweizversand.ch\\\/fr\\\/#website\"},\"primaryImageOfPage\":{\"@id\":\"https:\\\/\\\/schweizversand.ch\\\/fr\\\/produkt\\\/champ-bluetooth-lautsprecher-mit-laterne\\\/#primaryimage\"},\"image\":{\"@id\":\"https:\\\/\\\/schweizversand.ch\\\/fr\\\/produkt\\\/champ-bluetooth-lautsprecher-mit-laterne\\\/#primaryimage\"},\"thumbnailUrl\":\"https:\\\/\\\/schweizversand.ch\\\/wp-content\\\/uploads\\\/2026\\\/02\\\/5471917012.jpg\",\"datePublished\":\"2026-03-14T23:05:56+00:00\",\"dateModified\":\"2026-04-19T00:03:11+00:00\",\"description\":\"CHAMP Bluetooth Lautsprecher mit Laterne g\u00fcnstig kaufen bei Schweizversand.ch. Schnelle Lieferung in der Schweiz. Gratisversand ab CHF 50.\",\"breadcrumb\":{\"@id\":\"https:\\\/\\\/schweizversand.ch\\\/fr\\\/produkt\\\/champ-bluetooth-lautsprecher-mit-laterne\\\/#breadcrumb\"},\"inLanguage\":\"fr-FR\",\"potentialAction\":[{\"@type\":\"ReadAction\",\"target\":[\"https:\\\/\\\/schweizversand.ch\\\/fr\\\/produkt\\\/champ-bluetooth-lautsprecher-mit-laterne\\\/\"]}]},{\"@type\":\"ImageObject\",\"inLanguage\":\"fr-FR\",\"@id\":\"https:\\\/\\\/schweizversand.ch\\\/fr\\\/produkt\\\/champ-bluetooth-lautsprecher-mit-laterne\\\/#primaryimage\",\"url\":\"https:\\\/\\\/schweizversand.ch\\\/wp-content\\\/uploads\\\/2026\\\/02\\\/5471917012.jpg\",\"contentUrl\":\"https:\\\/\\\/schweizversand.ch\\\/wp-content\\\/uploads\\\/2026\\\/02\\\/5471917012.jpg\",\"width\":1024,\"height\":1024},{\"@type\":\"BreadcrumbList\",\"@id\":\"https:\\\/\\\/schweizversand.ch\\\/fr\\\/produkt\\\/champ-bluetooth-lautsprecher-mit-laterne\\\/#breadcrumb\",\"itemListElement\":[{\"@type\":\"ListItem\",\"position\":1,\"name\":\"Startseite\",\"item\":\"https:\\\/\\\/schweizversand.ch\\\/fr\\\/home\\\/\"},{\"@type\":\"ListItem\",\"position\":2,\"name\":\"Boutique\",\"item\":\"https:\\\/\\\/schweizversand.ch\\\/fr\\\/boutique\\\/\"},{\"@type\":\"ListItem\",\"position\":3,\"name\":\"Accueil\",\"item\":\"https:\\\/\\\/schweizversand.ch\\\/fr\\\/produkt-kategorie\\\/accueil\\\/\"},{\"@type\":\"ListItem\",\"position\":4,\"name\":\"Lampes et \u00e9clairage\",\"item\":\"https:\\\/\\\/schweizversand.ch\\\/fr\\\/produkt-kategorie\\\/accueil\\\/lampes-et-eclairage\\\/\"},{\"@type\":\"ListItem\",\"position\":5,\"name\":\"Ampoules et \u00e9clairage\",\"item\":\"https:\\\/\\\/schweizversand.ch\\\/fr\\\/produkt-kategorie\\\/accueil\\\/lampes-et-eclairage\\\/leuchtmittel-leuchten\\\/\"},{\"@type\":\"ListItem\",\"position\":6,\"name\":\"Enceinte Bluetooth CHAMP avec lanterne\"}]},{\"@type\":\"WebSite\",\"@id\":\"https:\\\/\\\/schweizversand.ch\\\/fr\\\/#website\",\"url\":\"https:\\\/\\\/schweizversand.ch\\\/fr\\\/\",\"name\":\"Schweizer Shop f\u00fcr Sport, Spiel und Freizeit\",\"description\":\"Gratisversand ab 50.- (netto), ab eigenem schweizer Lager, Lieferung innert 48h\",\"publisher\":{\"@id\":\"https:\\\/\\\/schweizversand.ch\\\/fr\\\/#organization\"},\"alternateName\":\"Schweizversand.ch\",\"potentialAction\":[{\"@type\":\"SearchAction\",\"target\":{\"@type\":\"EntryPoint\",\"urlTemplate\":\"https:\\\/\\\/schweizversand.ch\\\/fr\\\/?s={search_term_string}\"},\"query-input\":{\"@type\":\"PropertyValueSpecification\",\"valueRequired\":true,\"valueName\":\"search_term_string\"}}],\"inLanguage\":\"fr-FR\"},{\"@type\":\"Organization\",\"@id\":\"https:\\\/\\\/schweizversand.ch\\\/fr\\\/#organization\",\"name\":\"Schweizversand.ch\",\"url\":\"https:\\\/\\\/schweizversand.ch\\\/fr\\\/\",\"logo\":{\"@type\":\"ImageObject\",\"inLanguage\":\"fr-FR\",\"@id\":\"https:\\\/\\\/schweizversand.ch\\\/fr\\\/#\\\/schema\\\/logo\\\/image\\\/\",\"url\":\"https:\\\/\\\/schweizversand.ch\\\/wp-content\\\/uploads\\\/2026\\\/03\\\/Logo_Rund_Final-1.png\",\"contentUrl\":\"https:\\\/\\\/schweizversand.ch\\\/wp-content\\\/uploads\\\/2026\\\/03\\\/Logo_Rund_Final-1.png\",\"width\":404,\"height\":404,\"caption\":\"Schweizversand.ch\"},\"image\":{\"@id\":\"https:\\\/\\\/schweizversand.ch\\\/fr\\\/#\\\/schema\\\/logo\\\/image\\\/\"},\"sameAs\":[\"https:\\\/\\\/www.facebook.com\\\/Schweizversand\",\"https:\\\/\\\/www.instagram.com\\\/schweizversand.ch\\\/\"]}]}<\/script>\n<!-- \/ Yoast SEO plugin. -->","yoast_head_json":{"title":"CHAMP Bluetooth Lautsprecher mit Laterne | Jetzt kaufen | Schweizversand.ch","description":"CHAMP Bluetooth Lautsprecher mit Laterne g\u00fcnstig kaufen bei Schweizversand.ch. Schnelle Lieferung in der Schweiz. Gratisversand ab CHF 50.","robots":{"index":"index","follow":"follow","max-snippet":"max-snippet:-1","max-image-preview":"max-image-preview:large","max-video-preview":"max-video-preview:-1"},"canonical":"https:\/\/schweizversand.ch\/fr\/produkt\/champ-bluetooth-lautsprecher-mit-laterne\/","og_locale":"fr_FR","og_type":"article","og_title":"CHAMP Bluetooth Lautsprecher mit Laterne | Jetzt kaufen | Schweizversand.ch","og_description":"CHAMP Bluetooth Lautsprecher mit Laterne g\u00fcnstig kaufen bei Schweizversand.ch. Schnelle Lieferung in der Schweiz. Gratisversand ab CHF 50.","og_url":"https:\/\/schweizversand.ch\/fr\/produkt\/champ-bluetooth-lautsprecher-mit-laterne\/","og_site_name":"Schweizer Shop f\u00fcr Sport, Spiel und Freizeit","article_publisher":"https:\/\/www.facebook.com\/Schweizversand","article_modified_time":"2026-04-19T00:03:11+00:00","og_image":[{"width":1024,"height":1024,"url":"https:\/\/schweizversand.ch\/wp-content\/uploads\/2026\/02\/5471917012.jpg","type":"image\/jpeg"}],"twitter_card":"summary_large_image","twitter_misc":{"Dur\u00e9e de lecture estim\u00e9e":"1 minute"},"schema":{"@context":"https:\/\/schema.org","@graph":[{"@type":"WebPage","@id":"https:\/\/schweizversand.ch\/fr\/produkt\/champ-bluetooth-lautsprecher-mit-laterne\/","url":"https:\/\/schweizversand.ch\/fr\/produkt\/champ-bluetooth-lautsprecher-mit-laterne\/","name":"CHAMP Bluetooth Lautsprecher mit Laterne | Jetzt kaufen | Schweizversand.ch","isPartOf":{"@id":"https:\/\/schweizversand.ch\/fr\/#website"},"primaryImageOfPage":{"@id":"https:\/\/schweizversand.ch\/fr\/produkt\/champ-bluetooth-lautsprecher-mit-laterne\/#primaryimage"},"image":{"@id":"https:\/\/schweizversand.ch\/fr\/produkt\/champ-bluetooth-lautsprecher-mit-laterne\/#primaryimage"},"thumbnailUrl":"https:\/\/schweizversand.ch\/wp-content\/uploads\/2026\/02\/5471917012.jpg","datePublished":"2026-03-14T23:05:56+00:00","dateModified":"2026-04-19T00:03:11+00:00","description":"CHAMP Bluetooth Lautsprecher mit Laterne g\u00fcnstig kaufen bei Schweizversand.ch. Schnelle Lieferung in der Schweiz. Gratisversand ab CHF 50.","breadcrumb":{"@id":"https:\/\/schweizversand.ch\/fr\/produkt\/champ-bluetooth-lautsprecher-mit-laterne\/#breadcrumb"},"inLanguage":"fr-FR","potentialAction":[{"@type":"ReadAction","target":["https:\/\/schweizversand.ch\/fr\/produkt\/champ-bluetooth-lautsprecher-mit-laterne\/"]}]},{"@type":"ImageObject","inLanguage":"fr-FR","@id":"https:\/\/schweizversand.ch\/fr\/produkt\/champ-bluetooth-lautsprecher-mit-laterne\/#primaryimage","url":"https:\/\/schweizversand.ch\/wp-content\/uploads\/2026\/02\/5471917012.jpg","contentUrl":"https:\/\/schweizversand.ch\/wp-content\/uploads\/2026\/02\/5471917012.jpg","width":1024,"height":1024},{"@type":"BreadcrumbList","@id":"https:\/\/schweizversand.ch\/fr\/produkt\/champ-bluetooth-lautsprecher-mit-laterne\/#breadcrumb","itemListElement":[{"@type":"ListItem","position":1,"name":"Startseite","item":"https:\/\/schweizversand.ch\/fr\/home\/"},{"@type":"ListItem","position":2,"name":"Boutique","item":"https:\/\/schweizversand.ch\/fr\/boutique\/"},{"@type":"ListItem","position":3,"name":"Accueil","item":"https:\/\/schweizversand.ch\/fr\/produkt-kategorie\/accueil\/"},{"@type":"ListItem","position":4,"name":"Lampes et \u00e9clairage","item":"https:\/\/schweizversand.ch\/fr\/produkt-kategorie\/accueil\/lampes-et-eclairage\/"},{"@type":"ListItem","position":5,"name":"Ampoules et \u00e9clairage","item":"https:\/\/schweizversand.ch\/fr\/produkt-kategorie\/accueil\/lampes-et-eclairage\/leuchtmittel-leuchten\/"},{"@type":"ListItem","position":6,"name":"Enceinte Bluetooth CHAMP avec lanterne"}]},{"@type":"WebSite","@id":"https:\/\/schweizversand.ch\/fr\/#website","url":"https:\/\/schweizversand.ch\/fr\/","name":"Schweizer Shop f\u00fcr Sport, Spiel und Freizeit","description":"Gratisversand ab 50.- (netto), ab eigenem schweizer Lager, Lieferung innert 48h","publisher":{"@id":"https:\/\/schweizversand.ch\/fr\/#organization"},"alternateName":"Schweizversand.ch","potentialAction":[{"@type":"SearchAction","target":{"@type":"EntryPoint","urlTemplate":"https:\/\/schweizversand.ch\/fr\/?s={search_term_string}"},"query-input":{"@type":"PropertyValueSpecification","valueRequired":true,"valueName":"search_term_string"}}],"inLanguage":"fr-FR"},{"@type":"Organization","@id":"https:\/\/schweizversand.ch\/fr\/#organization","name":"Schweizversand.ch","url":"https:\/\/schweizversand.ch\/fr\/","logo":{"@type":"ImageObject","inLanguage":"fr-FR","@id":"https:\/\/schweizversand.ch\/fr\/#\/schema\/logo\/image\/","url":"https:\/\/schweizversand.ch\/wp-content\/uploads\/2026\/03\/Logo_Rund_Final-1.png","contentUrl":"https:\/\/schweizversand.ch\/wp-content\/uploads\/2026\/03\/Logo_Rund_Final-1.png","width":404,"height":404,"caption":"Schweizversand.ch"},"image":{"@id":"https:\/\/schweizversand.ch\/fr\/#\/schema\/logo\/image\/"},"sameAs":["https:\/\/www.facebook.com\/Schweizversand","https:\/\/www.instagram.com\/schweizversand.ch\/"]}]}},"jetpack_sharing_enabled":true,"_links":{"self":[{"href":"https:\/\/schweizversand.ch\/fr\/wp-json\/wp\/v2\/product\/254624","targetHints":{"allow":["GET"]}}],"collection":[{"href":"https:\/\/schweizversand.ch\/fr\/wp-json\/wp\/v2\/product"}],"about":[{"href":"https:\/\/schweizversand.ch\/fr\/wp-json\/wp\/v2\/types\/product"}],"replies":[{"embeddable":true,"href":"https:\/\/schweizversand.ch\/fr\/wp-json\/wp\/v2\/comments?post=254624"}],"wp:featuredmedia":[{"embeddable":true,"href":"https:\/\/schweizversand.ch\/fr\/wp-json\/wp\/v2\/media\/157859"}],"wp:attachment":[{"href":"https:\/\/schweizversand.ch\/fr\/wp-json\/wp\/v2\/media?parent=254624"}],"wp:term":[{"taxonomy":"product_brand","embeddable":true,"href":"https:\/\/schweizversand.ch\/fr\/wp-json\/wp\/v2\/product_brand?post=254624"},{"taxonomy":"product_cat","embeddable":true,"href":"https:\/\/schweizversand.ch\/fr\/wp-json\/wp\/v2\/product_cat?post=254624"},{"taxonomy":"product_tag","embeddable":true,"href":"https:\/\/schweizversand.ch\/fr\/wp-json\/wp\/v2\/product_tag?post=254624"}],"curies":[{"name":"wp","href":"https:\/\/api.w.org\/{rel}","templated":true}]}}