{"id":254633,"date":"2026-03-15T00:06:15","date_gmt":"2026-03-14T23:06:15","guid":{"rendered":"https:\/\/schweizversand.ch\/produkt\/popsockets-pokemon-handygriff-popgrip-3\/"},"modified":"2026-04-20T15:33:45","modified_gmt":"2026-04-20T13:33:45","slug":"popsockets-pokemon-handygriff-popgrip-3","status":"publish","type":"product","link":"https:\/\/schweizversand.ch\/fr\/produkt\/popsockets-pokemon-handygriff-popgrip-3\/","title":{"rendered":"Support de t\u00e9l\u00e9phone portable Popsockets Pok\u00e9mon PopGrip"},"content":{"rendered":"<p>PopGrips \u2013 Support de t\u00e9l\u00e9phone \u00e9l\u00e9gant et prise en main parfaite pour votre smartphone<\/p>\n<\/p>\n<p>Maintien s\u00fbr, design \u00e9l\u00e9gant et contr\u00f4le total : avec PopGrips, utiliser votre t\u00e9l\u00e9phone devient un jeu d&rsquo;enfant.<\/p>\n<\/p>\n<p>Que vous envoyiez des SMS d&rsquo;une seule main, preniez des selfies ou regardiez des s\u00e9ries en d\u00e9placement, PopGrips vous assure une prise en main s\u00fbre de votre smartphone. Fini les appareils qui glissent et les doigts crisp\u00e9s !<\/p>\n<\/p>\n<p>Qu&rsquo;est-ce qu&rsquo;un PopGrip ?<\/p>\n<\/p>\n<p>Un PopGrip est bien plus qu&rsquo;un simple support pour t\u00e9l\u00e9phone : c&rsquo;est votre nouvel accessoire indispensable pour smartphones, tablettes, liseuses ou consoles de jeux.<\/p>\n<\/p>\n<p>Support et poign\u00e9e tout-en-un<\/p>\n<\/p>\n<p>Pour envoyer des SMS, prendre des selfies et bien plus encore, en toute s\u00e9curit\u00e9 et d&rsquo;une seule main<\/p>\n<\/p>\n<p>Un design \u00e9l\u00e9gant pour un style unique<\/p>\n<\/p>\n<p>Que ce soit dans votre voiture sur le tableau de bord, sur le miroir de la salle de bain ou au mur, il vous suffit de le fixer et de profiter de vid\u00e9os, du GPS ou des appels vid\u00e9o en mode mains libres.<\/p>\n","protected":false},"excerpt":{"rendered":"<p>PopGrips \u2013 Support de t\u00e9l\u00e9phone \u00e9l\u00e9gant et prise en main parfaite pour votre smartphone Maintien s\u00fbr, design \u00e9l\u00e9gant et contr\u00f4le total : avec PopGrips, utiliser votre t\u00e9l\u00e9phone devient un jeu d&rsquo;enfant. Que vous envoyiez des SMS d&rsquo;une seule main, preniez des selfies ou regardiez des s\u00e9ries en d\u00e9placement, PopGrips vous assure une prise en main s\u00fbre de votre smartphone. Fini les appareils qui glissent et les doigts crisp\u00e9s ! Qu&rsquo;est-ce qu&rsquo;un PopGrip ? Un PopGrip&hellip;<\/p>\n","protected":false},"featured_media":158362,"comment_status":"open","ping_status":"closed","template":"","meta":[],"product_brand":[],"product_cat":[38847],"product_tag":[],"class_list":{"0":"post-254633","1":"product","2":"type-product","3":"status-publish","4":"has-post-thumbnail","6":"product_cat-halterung-taschen","7":"product_shipping_class-global_methods","9":"first","10":"instock","11":"taxable","12":"shipping-taxable","13":"purchasable","14":"product-type-simple"},"yoast_head":"<!-- This site is optimized with the Yoast SEO plugin v27.4 - https:\/\/yoast.com\/product\/yoast-seo-wordpress\/ -->\n<title>Popsockets Pok\u00e9mon Handygriff PopGrip | Jetzt kaufen | Schweizversand.ch<\/title>\n<meta name=\"description\" content=\"Popsockets Pok\u00e9mon Handygriff PopGrip g\u00fcnstig kaufen bei Schweizversand.ch. Schnelle Lieferung in der Schweiz. Gratisversand ab CHF 50.\" \/>\n<meta name=\"robots\" content=\"index, follow, max-snippet:-1, max-image-preview:large, max-video-preview:-1\" \/>\n<link rel=\"canonical\" href=\"https:\/\/schweizversand.ch\/fr\/produkt\/popsockets-pokemon-handygriff-popgrip-3\/\" \/>\n<meta property=\"og:locale\" content=\"fr_FR\" \/>\n<meta property=\"og:type\" content=\"article\" \/>\n<meta property=\"og:title\" content=\"Popsockets Pok\u00e9mon Handygriff PopGrip | Jetzt kaufen | Schweizversand.ch\" \/>\n<meta property=\"og:description\" content=\"Popsockets Pok\u00e9mon Handygriff PopGrip g\u00fcnstig kaufen bei Schweizversand.ch. Schnelle Lieferung in der Schweiz. Gratisversand ab CHF 50.\" \/>\n<meta property=\"og:url\" content=\"https:\/\/schweizversand.ch\/fr\/produkt\/popsockets-pokemon-handygriff-popgrip-3\/\" \/>\n<meta property=\"og:site_name\" content=\"Schweizer Shop f\u00fcr Sport, Spiel und Freizeit\" \/>\n<meta property=\"article:publisher\" content=\"https:\/\/www.facebook.com\/Schweizversand\" \/>\n<meta property=\"article:modified_time\" content=\"2026-04-20T13:33:45+00:00\" \/>\n<meta property=\"og:image\" content=\"https:\/\/schweizversand.ch\/wp-content\/uploads\/2026\/02\/5471988020.jpg\" \/>\n\t<meta property=\"og:image:width\" content=\"964\" \/>\n\t<meta property=\"og:image:height\" content=\"1024\" \/>\n\t<meta property=\"og:image:type\" content=\"image\/jpeg\" \/>\n<meta name=\"twitter:card\" content=\"summary_large_image\" \/>\n<meta name=\"twitter:label1\" content=\"Dur\u00e9e de lecture estim\u00e9e\" \/>\n\t<meta name=\"twitter:data1\" content=\"1 minute\" \/>\n<script type=\"application\/ld+json\" class=\"yoast-schema-graph\">{\"@context\":\"https:\\\/\\\/schema.org\",\"@graph\":[{\"@type\":\"WebPage\",\"@id\":\"https:\\\/\\\/schweizversand.ch\\\/fr\\\/produkt\\\/popsockets-pokemon-handygriff-popgrip-3\\\/\",\"url\":\"https:\\\/\\\/schweizversand.ch\\\/fr\\\/produkt\\\/popsockets-pokemon-handygriff-popgrip-3\\\/\",\"name\":\"Popsockets Pok\u00e9mon Handygriff PopGrip | Jetzt kaufen | Schweizversand.ch\",\"isPartOf\":{\"@id\":\"https:\\\/\\\/schweizversand.ch\\\/fr\\\/#website\"},\"primaryImageOfPage\":{\"@id\":\"https:\\\/\\\/schweizversand.ch\\\/fr\\\/produkt\\\/popsockets-pokemon-handygriff-popgrip-3\\\/#primaryimage\"},\"image\":{\"@id\":\"https:\\\/\\\/schweizversand.ch\\\/fr\\\/produkt\\\/popsockets-pokemon-handygriff-popgrip-3\\\/#primaryimage\"},\"thumbnailUrl\":\"https:\\\/\\\/schweizversand.ch\\\/wp-content\\\/uploads\\\/2026\\\/02\\\/5471988020.jpg\",\"datePublished\":\"2026-03-14T23:06:15+00:00\",\"dateModified\":\"2026-04-20T13:33:45+00:00\",\"description\":\"Popsockets Pok\u00e9mon Handygriff PopGrip g\u00fcnstig kaufen bei Schweizversand.ch. Schnelle Lieferung in der Schweiz. Gratisversand ab CHF 50.\",\"breadcrumb\":{\"@id\":\"https:\\\/\\\/schweizversand.ch\\\/fr\\\/produkt\\\/popsockets-pokemon-handygriff-popgrip-3\\\/#breadcrumb\"},\"inLanguage\":\"fr-FR\",\"potentialAction\":[{\"@type\":\"ReadAction\",\"target\":[\"https:\\\/\\\/schweizversand.ch\\\/fr\\\/produkt\\\/popsockets-pokemon-handygriff-popgrip-3\\\/\"]}]},{\"@type\":\"ImageObject\",\"inLanguage\":\"fr-FR\",\"@id\":\"https:\\\/\\\/schweizversand.ch\\\/fr\\\/produkt\\\/popsockets-pokemon-handygriff-popgrip-3\\\/#primaryimage\",\"url\":\"https:\\\/\\\/schweizversand.ch\\\/wp-content\\\/uploads\\\/2026\\\/02\\\/5471988020.jpg\",\"contentUrl\":\"https:\\\/\\\/schweizversand.ch\\\/wp-content\\\/uploads\\\/2026\\\/02\\\/5471988020.jpg\",\"width\":964,\"height\":1024},{\"@type\":\"BreadcrumbList\",\"@id\":\"https:\\\/\\\/schweizversand.ch\\\/fr\\\/produkt\\\/popsockets-pokemon-handygriff-popgrip-3\\\/#breadcrumb\",\"itemListElement\":[{\"@type\":\"ListItem\",\"position\":1,\"name\":\"Startseite\",\"item\":\"https:\\\/\\\/schweizversand.ch\\\/fr\\\/home\\\/\"},{\"@type\":\"ListItem\",\"position\":2,\"name\":\"Boutique\",\"item\":\"https:\\\/\\\/schweizversand.ch\\\/fr\\\/boutique\\\/\"},{\"@type\":\"ListItem\",\"position\":3,\"name\":\"\u00c9lectronique\",\"item\":\"https:\\\/\\\/schweizversand.ch\\\/fr\\\/produkt-kategorie\\\/electronique\\\/\"},{\"@type\":\"ListItem\",\"position\":4,\"name\":\"Accessoires pour smartphones\",\"item\":\"https:\\\/\\\/schweizversand.ch\\\/fr\\\/produkt-kategorie\\\/electronique\\\/accessoires-pour-smartphones\\\/\"},{\"@type\":\"ListItem\",\"position\":5,\"name\":\"Supports et \u00e9tuis\",\"item\":\"https:\\\/\\\/schweizversand.ch\\\/fr\\\/produkt-kategorie\\\/electronique\\\/accessoires-pour-smartphones\\\/halterung-taschen\\\/\"},{\"@type\":\"ListItem\",\"position\":6,\"name\":\"Support de t\u00e9l\u00e9phone portable Popsockets Pok\u00e9mon PopGrip\"}]},{\"@type\":\"WebSite\",\"@id\":\"https:\\\/\\\/schweizversand.ch\\\/fr\\\/#website\",\"url\":\"https:\\\/\\\/schweizversand.ch\\\/fr\\\/\",\"name\":\"Schweizer Shop f\u00fcr Sport, Spiel und Freizeit\",\"description\":\"Gratisversand ab 50.- (netto), ab eigenem schweizer Lager, Lieferung innert 48h\",\"publisher\":{\"@id\":\"https:\\\/\\\/schweizversand.ch\\\/fr\\\/#organization\"},\"alternateName\":\"Schweizversand.ch\",\"potentialAction\":[{\"@type\":\"SearchAction\",\"target\":{\"@type\":\"EntryPoint\",\"urlTemplate\":\"https:\\\/\\\/schweizversand.ch\\\/fr\\\/?s={search_term_string}\"},\"query-input\":{\"@type\":\"PropertyValueSpecification\",\"valueRequired\":true,\"valueName\":\"search_term_string\"}}],\"inLanguage\":\"fr-FR\"},{\"@type\":\"Organization\",\"@id\":\"https:\\\/\\\/schweizversand.ch\\\/fr\\\/#organization\",\"name\":\"Schweizversand.ch\",\"url\":\"https:\\\/\\\/schweizversand.ch\\\/fr\\\/\",\"logo\":{\"@type\":\"ImageObject\",\"inLanguage\":\"fr-FR\",\"@id\":\"https:\\\/\\\/schweizversand.ch\\\/fr\\\/#\\\/schema\\\/logo\\\/image\\\/\",\"url\":\"https:\\\/\\\/schweizversand.ch\\\/wp-content\\\/uploads\\\/2026\\\/03\\\/Logo_Rund_Final-1.png\",\"contentUrl\":\"https:\\\/\\\/schweizversand.ch\\\/wp-content\\\/uploads\\\/2026\\\/03\\\/Logo_Rund_Final-1.png\",\"width\":404,\"height\":404,\"caption\":\"Schweizversand.ch\"},\"image\":{\"@id\":\"https:\\\/\\\/schweizversand.ch\\\/fr\\\/#\\\/schema\\\/logo\\\/image\\\/\"},\"sameAs\":[\"https:\\\/\\\/www.facebook.com\\\/Schweizversand\",\"https:\\\/\\\/www.instagram.com\\\/schweizversand.ch\\\/\"]}]}<\/script>\n<!-- \/ Yoast SEO plugin. -->","yoast_head_json":{"title":"Popsockets Pok\u00e9mon Handygriff PopGrip | Jetzt kaufen | Schweizversand.ch","description":"Popsockets Pok\u00e9mon Handygriff PopGrip g\u00fcnstig kaufen bei Schweizversand.ch. Schnelle Lieferung in der Schweiz. Gratisversand ab CHF 50.","robots":{"index":"index","follow":"follow","max-snippet":"max-snippet:-1","max-image-preview":"max-image-preview:large","max-video-preview":"max-video-preview:-1"},"canonical":"https:\/\/schweizversand.ch\/fr\/produkt\/popsockets-pokemon-handygriff-popgrip-3\/","og_locale":"fr_FR","og_type":"article","og_title":"Popsockets Pok\u00e9mon Handygriff PopGrip | Jetzt kaufen | Schweizversand.ch","og_description":"Popsockets Pok\u00e9mon Handygriff PopGrip g\u00fcnstig kaufen bei Schweizversand.ch. Schnelle Lieferung in der Schweiz. Gratisversand ab CHF 50.","og_url":"https:\/\/schweizversand.ch\/fr\/produkt\/popsockets-pokemon-handygriff-popgrip-3\/","og_site_name":"Schweizer Shop f\u00fcr Sport, Spiel und Freizeit","article_publisher":"https:\/\/www.facebook.com\/Schweizversand","article_modified_time":"2026-04-20T13:33:45+00:00","og_image":[{"width":964,"height":1024,"url":"https:\/\/schweizversand.ch\/wp-content\/uploads\/2026\/02\/5471988020.jpg","type":"image\/jpeg"}],"twitter_card":"summary_large_image","twitter_misc":{"Dur\u00e9e de lecture estim\u00e9e":"1 minute"},"schema":{"@context":"https:\/\/schema.org","@graph":[{"@type":"WebPage","@id":"https:\/\/schweizversand.ch\/fr\/produkt\/popsockets-pokemon-handygriff-popgrip-3\/","url":"https:\/\/schweizversand.ch\/fr\/produkt\/popsockets-pokemon-handygriff-popgrip-3\/","name":"Popsockets Pok\u00e9mon Handygriff PopGrip | Jetzt kaufen | Schweizversand.ch","isPartOf":{"@id":"https:\/\/schweizversand.ch\/fr\/#website"},"primaryImageOfPage":{"@id":"https:\/\/schweizversand.ch\/fr\/produkt\/popsockets-pokemon-handygriff-popgrip-3\/#primaryimage"},"image":{"@id":"https:\/\/schweizversand.ch\/fr\/produkt\/popsockets-pokemon-handygriff-popgrip-3\/#primaryimage"},"thumbnailUrl":"https:\/\/schweizversand.ch\/wp-content\/uploads\/2026\/02\/5471988020.jpg","datePublished":"2026-03-14T23:06:15+00:00","dateModified":"2026-04-20T13:33:45+00:00","description":"Popsockets Pok\u00e9mon Handygriff PopGrip g\u00fcnstig kaufen bei Schweizversand.ch. Schnelle Lieferung in der Schweiz. Gratisversand ab CHF 50.","breadcrumb":{"@id":"https:\/\/schweizversand.ch\/fr\/produkt\/popsockets-pokemon-handygriff-popgrip-3\/#breadcrumb"},"inLanguage":"fr-FR","potentialAction":[{"@type":"ReadAction","target":["https:\/\/schweizversand.ch\/fr\/produkt\/popsockets-pokemon-handygriff-popgrip-3\/"]}]},{"@type":"ImageObject","inLanguage":"fr-FR","@id":"https:\/\/schweizversand.ch\/fr\/produkt\/popsockets-pokemon-handygriff-popgrip-3\/#primaryimage","url":"https:\/\/schweizversand.ch\/wp-content\/uploads\/2026\/02\/5471988020.jpg","contentUrl":"https:\/\/schweizversand.ch\/wp-content\/uploads\/2026\/02\/5471988020.jpg","width":964,"height":1024},{"@type":"BreadcrumbList","@id":"https:\/\/schweizversand.ch\/fr\/produkt\/popsockets-pokemon-handygriff-popgrip-3\/#breadcrumb","itemListElement":[{"@type":"ListItem","position":1,"name":"Startseite","item":"https:\/\/schweizversand.ch\/fr\/home\/"},{"@type":"ListItem","position":2,"name":"Boutique","item":"https:\/\/schweizversand.ch\/fr\/boutique\/"},{"@type":"ListItem","position":3,"name":"\u00c9lectronique","item":"https:\/\/schweizversand.ch\/fr\/produkt-kategorie\/electronique\/"},{"@type":"ListItem","position":4,"name":"Accessoires pour smartphones","item":"https:\/\/schweizversand.ch\/fr\/produkt-kategorie\/electronique\/accessoires-pour-smartphones\/"},{"@type":"ListItem","position":5,"name":"Supports et \u00e9tuis","item":"https:\/\/schweizversand.ch\/fr\/produkt-kategorie\/electronique\/accessoires-pour-smartphones\/halterung-taschen\/"},{"@type":"ListItem","position":6,"name":"Support de t\u00e9l\u00e9phone portable Popsockets Pok\u00e9mon PopGrip"}]},{"@type":"WebSite","@id":"https:\/\/schweizversand.ch\/fr\/#website","url":"https:\/\/schweizversand.ch\/fr\/","name":"Schweizer Shop f\u00fcr Sport, Spiel und Freizeit","description":"Gratisversand ab 50.- (netto), ab eigenem schweizer Lager, Lieferung innert 48h","publisher":{"@id":"https:\/\/schweizversand.ch\/fr\/#organization"},"alternateName":"Schweizversand.ch","potentialAction":[{"@type":"SearchAction","target":{"@type":"EntryPoint","urlTemplate":"https:\/\/schweizversand.ch\/fr\/?s={search_term_string}"},"query-input":{"@type":"PropertyValueSpecification","valueRequired":true,"valueName":"search_term_string"}}],"inLanguage":"fr-FR"},{"@type":"Organization","@id":"https:\/\/schweizversand.ch\/fr\/#organization","name":"Schweizversand.ch","url":"https:\/\/schweizversand.ch\/fr\/","logo":{"@type":"ImageObject","inLanguage":"fr-FR","@id":"https:\/\/schweizversand.ch\/fr\/#\/schema\/logo\/image\/","url":"https:\/\/schweizversand.ch\/wp-content\/uploads\/2026\/03\/Logo_Rund_Final-1.png","contentUrl":"https:\/\/schweizversand.ch\/wp-content\/uploads\/2026\/03\/Logo_Rund_Final-1.png","width":404,"height":404,"caption":"Schweizversand.ch"},"image":{"@id":"https:\/\/schweizversand.ch\/fr\/#\/schema\/logo\/image\/"},"sameAs":["https:\/\/www.facebook.com\/Schweizversand","https:\/\/www.instagram.com\/schweizversand.ch\/"]}]}},"jetpack_sharing_enabled":true,"_links":{"self":[{"href":"https:\/\/schweizversand.ch\/fr\/wp-json\/wp\/v2\/product\/254633","targetHints":{"allow":["GET"]}}],"collection":[{"href":"https:\/\/schweizversand.ch\/fr\/wp-json\/wp\/v2\/product"}],"about":[{"href":"https:\/\/schweizversand.ch\/fr\/wp-json\/wp\/v2\/types\/product"}],"replies":[{"embeddable":true,"href":"https:\/\/schweizversand.ch\/fr\/wp-json\/wp\/v2\/comments?post=254633"}],"wp:featuredmedia":[{"embeddable":true,"href":"https:\/\/schweizversand.ch\/fr\/wp-json\/wp\/v2\/media\/158362"}],"wp:attachment":[{"href":"https:\/\/schweizversand.ch\/fr\/wp-json\/wp\/v2\/media?parent=254633"}],"wp:term":[{"taxonomy":"product_brand","embeddable":true,"href":"https:\/\/schweizversand.ch\/fr\/wp-json\/wp\/v2\/product_brand?post=254633"},{"taxonomy":"product_cat","embeddable":true,"href":"https:\/\/schweizversand.ch\/fr\/wp-json\/wp\/v2\/product_cat?post=254633"},{"taxonomy":"product_tag","embeddable":true,"href":"https:\/\/schweizversand.ch\/fr\/wp-json\/wp\/v2\/product_tag?post=254633"}],"curies":[{"name":"wp","href":"https:\/\/api.w.org\/{rel}","templated":true}]}}