{"id":254644,"date":"2026-03-15T00:27:51","date_gmt":"2026-03-14T23:27:51","guid":{"rendered":"https:\/\/schweizversand.ch\/produkt\/joy-fragrances-auto-lufterfrischer-4\/"},"modified":"2026-04-19T02:03:18","modified_gmt":"2026-04-19T00:03:18","slug":"joy-fragrances-auto-lufterfrischer-4","status":"publish","type":"product","link":"https:\/\/schweizversand.ch\/fr\/produkt\/joy-fragrances-auto-lufterfrischer-4\/","title":{"rendered":"D\u00e9sodorisant pour voiture Joy Fragrances"},"content":{"rendered":"<p>Un parfum frais alli\u00e9 \u00e0 un design \u00e9l\u00e9gant \u2013 NIKI par Mr&#038;Mrs Fragrance<\/p>\n<p>Une voiture d&rsquo;une propret\u00e9 \u00e9clatante m\u00e9rite non seulement une apparence \u00e9tincelante, mais aussi un parfum agr\u00e9able \u00e0 l&rsquo;int\u00e9rieur. Les experts en parfums de Mr&#038;Mrs Fragrance pr\u00e9sentent\u00a0: NIKI \u2013 le compagnon id\u00e9al pour vos d\u00e9placements\u00a0!<\/p>\n<p>Ce charmant petit diffuseur se fixe facilement \u00e0 n&rsquo;importe quelle grille d&rsquo;a\u00e9ration et embaume instantan\u00e9ment votre v\u00e9hicule d&rsquo;une fra\u00eecheur incomparable. Mais NIKI, c&rsquo;est bien plus qu&rsquo;un simple parfum\u00a0: il est rechargeable, \u00e9cologique et toujours pr\u00eat \u00e0 l&#8217;emploi.<\/p>\n<p>Parfum\u00a0: Niki Classic<\/p>\n<p>NIKI \u2013 Le parfum qui vous accompagne partout.<\/p>\n","protected":false},"excerpt":{"rendered":"<p>Un parfum frais alli\u00e9 \u00e0 un design \u00e9l\u00e9gant \u2013 NIKI par Mr&#038;Mrs Fragrance Une voiture d&rsquo;une propret\u00e9 \u00e9clatante m\u00e9rite non seulement une apparence \u00e9tincelante, mais aussi un parfum agr\u00e9able \u00e0 l&rsquo;int\u00e9rieur. Les experts en parfums de Mr&#038;Mrs Fragrance pr\u00e9sentent\u00a0: NIKI \u2013 le compagnon id\u00e9al pour vos d\u00e9placements\u00a0! Ce charmant petit diffuseur se fixe facilement \u00e0 n&rsquo;importe quelle grille d&rsquo;a\u00e9ration et embaume instantan\u00e9ment votre v\u00e9hicule d&rsquo;une fra\u00eecheur incomparable. Mais NIKI, c&rsquo;est bien plus qu&rsquo;un simple parfum\u00a0:&hellip;<\/p>\n","protected":false},"featured_media":158423,"comment_status":"open","ping_status":"closed","template":"","meta":[],"product_brand":[],"product_cat":[38646],"product_tag":[],"class_list":{"0":"post-254644","1":"product","2":"type-product","3":"status-publish","4":"has-post-thumbnail","6":"product_cat-diverse","7":"product_shipping_class-global_methods","9":"first","10":"instock","11":"taxable","12":"shipping-taxable","13":"purchasable","14":"product-type-simple"},"yoast_head":"<!-- This site is optimized with the Yoast SEO plugin v27.4 - https:\/\/yoast.com\/product\/yoast-seo-wordpress\/ -->\n<title>Joy Fragrances Auto-Lufterfrischer<\/title>\n<meta name=\"description\" content=\"Frischer Duft trifft stylishes Design \u2013 NIKI von Mr&amp;Mrs Fragrance Ein blitzblankes Auto verdient nicht nur einen gl\u00e4nzenden Auftritt, sondern auch einen angene\" \/>\n<meta name=\"robots\" content=\"index, follow, max-snippet:-1, max-image-preview:large, max-video-preview:-1\" \/>\n<link rel=\"canonical\" href=\"https:\/\/schweizversand.ch\/fr\/produkt\/joy-fragrances-auto-lufterfrischer-4\/\" \/>\n<meta property=\"og:locale\" content=\"fr_FR\" \/>\n<meta property=\"og:type\" content=\"article\" \/>\n<meta property=\"og:title\" content=\"Joy Fragrances Auto-Lufterfrischer\" \/>\n<meta property=\"og:description\" content=\"Frischer Duft trifft stylishes Design \u2013 NIKI von Mr&amp;Mrs Fragrance Ein blitzblankes Auto verdient nicht nur einen gl\u00e4nzenden Auftritt, sondern auch einen angene\" \/>\n<meta property=\"og:url\" content=\"https:\/\/schweizversand.ch\/fr\/produkt\/joy-fragrances-auto-lufterfrischer-4\/\" \/>\n<meta property=\"og:site_name\" content=\"Schweizer Shop f\u00fcr Sport, Spiel und Freizeit\" \/>\n<meta property=\"article:publisher\" content=\"https:\/\/www.facebook.com\/Schweizversand\" \/>\n<meta property=\"article:modified_time\" content=\"2026-04-19T00:03:18+00:00\" \/>\n<meta property=\"og:image\" content=\"https:\/\/schweizversand.ch\/wp-content\/uploads\/2026\/02\/5471975395.jpg\" \/>\n\t<meta property=\"og:image:width\" content=\"1024\" \/>\n\t<meta property=\"og:image:height\" content=\"683\" \/>\n\t<meta property=\"og:image:type\" content=\"image\/jpeg\" \/>\n<meta name=\"twitter:card\" content=\"summary_large_image\" \/>\n<meta name=\"twitter:label1\" content=\"Dur\u00e9e de lecture estim\u00e9e\" \/>\n\t<meta name=\"twitter:data1\" content=\"1 minute\" \/>\n<script type=\"application\/ld+json\" class=\"yoast-schema-graph\">{\"@context\":\"https:\\\/\\\/schema.org\",\"@graph\":[{\"@type\":\"WebPage\",\"@id\":\"https:\\\/\\\/schweizversand.ch\\\/fr\\\/produkt\\\/joy-fragrances-auto-lufterfrischer-4\\\/\",\"url\":\"https:\\\/\\\/schweizversand.ch\\\/fr\\\/produkt\\\/joy-fragrances-auto-lufterfrischer-4\\\/\",\"name\":\"Joy Fragrances Auto-Lufterfrischer\",\"isPartOf\":{\"@id\":\"https:\\\/\\\/schweizversand.ch\\\/fr\\\/#website\"},\"primaryImageOfPage\":{\"@id\":\"https:\\\/\\\/schweizversand.ch\\\/fr\\\/produkt\\\/joy-fragrances-auto-lufterfrischer-4\\\/#primaryimage\"},\"image\":{\"@id\":\"https:\\\/\\\/schweizversand.ch\\\/fr\\\/produkt\\\/joy-fragrances-auto-lufterfrischer-4\\\/#primaryimage\"},\"thumbnailUrl\":\"https:\\\/\\\/schweizversand.ch\\\/wp-content\\\/uploads\\\/2026\\\/02\\\/5471975395.jpg\",\"datePublished\":\"2026-03-14T23:27:51+00:00\",\"dateModified\":\"2026-04-19T00:03:18+00:00\",\"description\":\"Frischer Duft trifft stylishes Design \u2013 NIKI von Mr&Mrs Fragrance Ein blitzblankes Auto verdient nicht nur einen gl\u00e4nzenden Auftritt, sondern auch einen angene\",\"breadcrumb\":{\"@id\":\"https:\\\/\\\/schweizversand.ch\\\/fr\\\/produkt\\\/joy-fragrances-auto-lufterfrischer-4\\\/#breadcrumb\"},\"inLanguage\":\"fr-FR\",\"potentialAction\":[{\"@type\":\"ReadAction\",\"target\":[\"https:\\\/\\\/schweizversand.ch\\\/fr\\\/produkt\\\/joy-fragrances-auto-lufterfrischer-4\\\/\"]}]},{\"@type\":\"ImageObject\",\"inLanguage\":\"fr-FR\",\"@id\":\"https:\\\/\\\/schweizversand.ch\\\/fr\\\/produkt\\\/joy-fragrances-auto-lufterfrischer-4\\\/#primaryimage\",\"url\":\"https:\\\/\\\/schweizversand.ch\\\/wp-content\\\/uploads\\\/2026\\\/02\\\/5471975395.jpg\",\"contentUrl\":\"https:\\\/\\\/schweizversand.ch\\\/wp-content\\\/uploads\\\/2026\\\/02\\\/5471975395.jpg\",\"width\":1024,\"height\":683},{\"@type\":\"BreadcrumbList\",\"@id\":\"https:\\\/\\\/schweizversand.ch\\\/fr\\\/produkt\\\/joy-fragrances-auto-lufterfrischer-4\\\/#breadcrumb\",\"itemListElement\":[{\"@type\":\"ListItem\",\"position\":1,\"name\":\"Startseite\",\"item\":\"https:\\\/\\\/schweizversand.ch\\\/fr\\\/home\\\/\"},{\"@type\":\"ListItem\",\"position\":2,\"name\":\"Boutique\",\"item\":\"https:\\\/\\\/schweizversand.ch\\\/fr\\\/boutique\\\/\"},{\"@type\":\"ListItem\",\"position\":3,\"name\":\"Accessoires pour v\u00e9hicules\",\"item\":\"https:\\\/\\\/schweizversand.ch\\\/fr\\\/produkt-kategorie\\\/accessoires-pour-vehicules\\\/\"},{\"@type\":\"ListItem\",\"position\":4,\"name\":\"Voiture\",\"item\":\"https:\\\/\\\/schweizversand.ch\\\/fr\\\/produkt-kategorie\\\/accessoires-pour-vehicules\\\/voiture\\\/\"},{\"@type\":\"ListItem\",\"position\":5,\"name\":\"Divers\",\"item\":\"https:\\\/\\\/schweizversand.ch\\\/fr\\\/produkt-kategorie\\\/accessoires-pour-vehicules\\\/voiture\\\/diverse\\\/\"},{\"@type\":\"ListItem\",\"position\":6,\"name\":\"D\u00e9sodorisant pour voiture Joy Fragrances\"}]},{\"@type\":\"WebSite\",\"@id\":\"https:\\\/\\\/schweizversand.ch\\\/fr\\\/#website\",\"url\":\"https:\\\/\\\/schweizversand.ch\\\/fr\\\/\",\"name\":\"Schweizer Shop f\u00fcr Sport, Spiel und Freizeit\",\"description\":\"Gratisversand ab 50.- (netto), ab eigenem schweizer Lager, Lieferung innert 48h\",\"publisher\":{\"@id\":\"https:\\\/\\\/schweizversand.ch\\\/fr\\\/#organization\"},\"alternateName\":\"Schweizversand.ch\",\"potentialAction\":[{\"@type\":\"SearchAction\",\"target\":{\"@type\":\"EntryPoint\",\"urlTemplate\":\"https:\\\/\\\/schweizversand.ch\\\/fr\\\/?s={search_term_string}\"},\"query-input\":{\"@type\":\"PropertyValueSpecification\",\"valueRequired\":true,\"valueName\":\"search_term_string\"}}],\"inLanguage\":\"fr-FR\"},{\"@type\":\"Organization\",\"@id\":\"https:\\\/\\\/schweizversand.ch\\\/fr\\\/#organization\",\"name\":\"Schweizversand.ch\",\"url\":\"https:\\\/\\\/schweizversand.ch\\\/fr\\\/\",\"logo\":{\"@type\":\"ImageObject\",\"inLanguage\":\"fr-FR\",\"@id\":\"https:\\\/\\\/schweizversand.ch\\\/fr\\\/#\\\/schema\\\/logo\\\/image\\\/\",\"url\":\"https:\\\/\\\/schweizversand.ch\\\/wp-content\\\/uploads\\\/2026\\\/03\\\/Logo_Rund_Final-1.png\",\"contentUrl\":\"https:\\\/\\\/schweizversand.ch\\\/wp-content\\\/uploads\\\/2026\\\/03\\\/Logo_Rund_Final-1.png\",\"width\":404,\"height\":404,\"caption\":\"Schweizversand.ch\"},\"image\":{\"@id\":\"https:\\\/\\\/schweizversand.ch\\\/fr\\\/#\\\/schema\\\/logo\\\/image\\\/\"},\"sameAs\":[\"https:\\\/\\\/www.facebook.com\\\/Schweizversand\",\"https:\\\/\\\/www.instagram.com\\\/schweizversand.ch\\\/\"]}]}<\/script>\n<!-- \/ Yoast SEO plugin. -->","yoast_head_json":{"title":"Joy Fragrances Auto-Lufterfrischer","description":"Frischer Duft trifft stylishes Design \u2013 NIKI von Mr&Mrs Fragrance Ein blitzblankes Auto verdient nicht nur einen gl\u00e4nzenden Auftritt, sondern auch einen angene","robots":{"index":"index","follow":"follow","max-snippet":"max-snippet:-1","max-image-preview":"max-image-preview:large","max-video-preview":"max-video-preview:-1"},"canonical":"https:\/\/schweizversand.ch\/fr\/produkt\/joy-fragrances-auto-lufterfrischer-4\/","og_locale":"fr_FR","og_type":"article","og_title":"Joy Fragrances Auto-Lufterfrischer","og_description":"Frischer Duft trifft stylishes Design \u2013 NIKI von Mr&Mrs Fragrance Ein blitzblankes Auto verdient nicht nur einen gl\u00e4nzenden Auftritt, sondern auch einen angene","og_url":"https:\/\/schweizversand.ch\/fr\/produkt\/joy-fragrances-auto-lufterfrischer-4\/","og_site_name":"Schweizer Shop f\u00fcr Sport, Spiel und Freizeit","article_publisher":"https:\/\/www.facebook.com\/Schweizversand","article_modified_time":"2026-04-19T00:03:18+00:00","og_image":[{"width":1024,"height":683,"url":"https:\/\/schweizversand.ch\/wp-content\/uploads\/2026\/02\/5471975395.jpg","type":"image\/jpeg"}],"twitter_card":"summary_large_image","twitter_misc":{"Dur\u00e9e de lecture estim\u00e9e":"1 minute"},"schema":{"@context":"https:\/\/schema.org","@graph":[{"@type":"WebPage","@id":"https:\/\/schweizversand.ch\/fr\/produkt\/joy-fragrances-auto-lufterfrischer-4\/","url":"https:\/\/schweizversand.ch\/fr\/produkt\/joy-fragrances-auto-lufterfrischer-4\/","name":"Joy Fragrances Auto-Lufterfrischer","isPartOf":{"@id":"https:\/\/schweizversand.ch\/fr\/#website"},"primaryImageOfPage":{"@id":"https:\/\/schweizversand.ch\/fr\/produkt\/joy-fragrances-auto-lufterfrischer-4\/#primaryimage"},"image":{"@id":"https:\/\/schweizversand.ch\/fr\/produkt\/joy-fragrances-auto-lufterfrischer-4\/#primaryimage"},"thumbnailUrl":"https:\/\/schweizversand.ch\/wp-content\/uploads\/2026\/02\/5471975395.jpg","datePublished":"2026-03-14T23:27:51+00:00","dateModified":"2026-04-19T00:03:18+00:00","description":"Frischer Duft trifft stylishes Design \u2013 NIKI von Mr&Mrs Fragrance Ein blitzblankes Auto verdient nicht nur einen gl\u00e4nzenden Auftritt, sondern auch einen angene","breadcrumb":{"@id":"https:\/\/schweizversand.ch\/fr\/produkt\/joy-fragrances-auto-lufterfrischer-4\/#breadcrumb"},"inLanguage":"fr-FR","potentialAction":[{"@type":"ReadAction","target":["https:\/\/schweizversand.ch\/fr\/produkt\/joy-fragrances-auto-lufterfrischer-4\/"]}]},{"@type":"ImageObject","inLanguage":"fr-FR","@id":"https:\/\/schweizversand.ch\/fr\/produkt\/joy-fragrances-auto-lufterfrischer-4\/#primaryimage","url":"https:\/\/schweizversand.ch\/wp-content\/uploads\/2026\/02\/5471975395.jpg","contentUrl":"https:\/\/schweizversand.ch\/wp-content\/uploads\/2026\/02\/5471975395.jpg","width":1024,"height":683},{"@type":"BreadcrumbList","@id":"https:\/\/schweizversand.ch\/fr\/produkt\/joy-fragrances-auto-lufterfrischer-4\/#breadcrumb","itemListElement":[{"@type":"ListItem","position":1,"name":"Startseite","item":"https:\/\/schweizversand.ch\/fr\/home\/"},{"@type":"ListItem","position":2,"name":"Boutique","item":"https:\/\/schweizversand.ch\/fr\/boutique\/"},{"@type":"ListItem","position":3,"name":"Accessoires pour v\u00e9hicules","item":"https:\/\/schweizversand.ch\/fr\/produkt-kategorie\/accessoires-pour-vehicules\/"},{"@type":"ListItem","position":4,"name":"Voiture","item":"https:\/\/schweizversand.ch\/fr\/produkt-kategorie\/accessoires-pour-vehicules\/voiture\/"},{"@type":"ListItem","position":5,"name":"Divers","item":"https:\/\/schweizversand.ch\/fr\/produkt-kategorie\/accessoires-pour-vehicules\/voiture\/diverse\/"},{"@type":"ListItem","position":6,"name":"D\u00e9sodorisant pour voiture Joy Fragrances"}]},{"@type":"WebSite","@id":"https:\/\/schweizversand.ch\/fr\/#website","url":"https:\/\/schweizversand.ch\/fr\/","name":"Schweizer Shop f\u00fcr Sport, Spiel und Freizeit","description":"Gratisversand ab 50.- (netto), ab eigenem schweizer Lager, Lieferung innert 48h","publisher":{"@id":"https:\/\/schweizversand.ch\/fr\/#organization"},"alternateName":"Schweizversand.ch","potentialAction":[{"@type":"SearchAction","target":{"@type":"EntryPoint","urlTemplate":"https:\/\/schweizversand.ch\/fr\/?s={search_term_string}"},"query-input":{"@type":"PropertyValueSpecification","valueRequired":true,"valueName":"search_term_string"}}],"inLanguage":"fr-FR"},{"@type":"Organization","@id":"https:\/\/schweizversand.ch\/fr\/#organization","name":"Schweizversand.ch","url":"https:\/\/schweizversand.ch\/fr\/","logo":{"@type":"ImageObject","inLanguage":"fr-FR","@id":"https:\/\/schweizversand.ch\/fr\/#\/schema\/logo\/image\/","url":"https:\/\/schweizversand.ch\/wp-content\/uploads\/2026\/03\/Logo_Rund_Final-1.png","contentUrl":"https:\/\/schweizversand.ch\/wp-content\/uploads\/2026\/03\/Logo_Rund_Final-1.png","width":404,"height":404,"caption":"Schweizversand.ch"},"image":{"@id":"https:\/\/schweizversand.ch\/fr\/#\/schema\/logo\/image\/"},"sameAs":["https:\/\/www.facebook.com\/Schweizversand","https:\/\/www.instagram.com\/schweizversand.ch\/"]}]}},"jetpack_sharing_enabled":true,"_links":{"self":[{"href":"https:\/\/schweizversand.ch\/fr\/wp-json\/wp\/v2\/product\/254644","targetHints":{"allow":["GET"]}}],"collection":[{"href":"https:\/\/schweizversand.ch\/fr\/wp-json\/wp\/v2\/product"}],"about":[{"href":"https:\/\/schweizversand.ch\/fr\/wp-json\/wp\/v2\/types\/product"}],"replies":[{"embeddable":true,"href":"https:\/\/schweizversand.ch\/fr\/wp-json\/wp\/v2\/comments?post=254644"}],"wp:featuredmedia":[{"embeddable":true,"href":"https:\/\/schweizversand.ch\/fr\/wp-json\/wp\/v2\/media\/158423"}],"wp:attachment":[{"href":"https:\/\/schweizversand.ch\/fr\/wp-json\/wp\/v2\/media?parent=254644"}],"wp:term":[{"taxonomy":"product_brand","embeddable":true,"href":"https:\/\/schweizversand.ch\/fr\/wp-json\/wp\/v2\/product_brand?post=254644"},{"taxonomy":"product_cat","embeddable":true,"href":"https:\/\/schweizversand.ch\/fr\/wp-json\/wp\/v2\/product_cat?post=254644"},{"taxonomy":"product_tag","embeddable":true,"href":"https:\/\/schweizversand.ch\/fr\/wp-json\/wp\/v2\/product_tag?post=254644"}],"curies":[{"name":"wp","href":"https:\/\/api.w.org\/{rel}","templated":true}]}}