{"id":254647,"date":"2026-03-15T00:27:51","date_gmt":"2026-03-14T23:27:51","guid":{"rendered":"https:\/\/schweizversand.ch\/produkt\/joy-fragrances-auto-lufterfrischer-7\/"},"modified":"2026-04-19T15:34:42","modified_gmt":"2026-04-19T13:34:42","slug":"joy-fragrances-auto-lufterfrischer-7","status":"publish","type":"product","link":"https:\/\/schweizversand.ch\/fr\/produkt\/joy-fragrances-auto-lufterfrischer-7\/","title":{"rendered":"D\u00e9sodorisant pour voiture Joy Fragrances"},"content":{"rendered":"<h1><strong>Mr &#038; Mrs Fragrance Niki \u2013 D\u00e9sodorisant de voiture design<\/strong><\/h1>\n<div>Transformez chaque trajet en une exp\u00e9rience olfactive luxueuse avec le d\u00e9sodorisant de voiture <strong>Mr &#038; Mrs Fragrance Niki<\/strong>. Cet \u00e9l\u00e9gant <strong>d\u00e9sodorisant de voiture<\/strong> diffuse un parfum agr\u00e9able et apporte une touche de style \u00e0 l&rsquo;int\u00e9rieur de votre v\u00e9hicule. D\u00e9couvrez comment Niki cr\u00e9e une atmosph\u00e8re harmonieuse et accueillante qui rend vos voyages inoubliables.<\/p>\n<\/div>\n<div><strong>L&rsquo;alliance du design et de la fonctionnalit\u00e9<\/strong><br \/>Le <strong>d\u00e9sodorisant de voiture<\/strong> Niki est bien plus qu&rsquo;un simple diffuseur de parfum\u00a0: c&rsquo;est une v\u00e9ritable affirmation de style. Con\u00e7u par le c\u00e9l\u00e8bre Luca Trazzi, Niki se pr\u00e9sente comme un accessoire tendance qui s&rsquo;int\u00e8gre parfaitement \u00e0 tout type de v\u00e9hicule. Sa finition haut de gamme, avec des laques douces au toucher, m\u00e9tallis\u00e9es ou chrom\u00e9es, souligne le caract\u00e8re exclusif de ce produit, fi\u00e8rement fabriqu\u00e9 en Italie. Application et diffusion du parfum : Activer le parfum est simple et efficace : le d\u00e9sodorisant pour voiture Niki lib\u00e8re son parfum signature d\u00e8s qu&rsquo;il entre en contact avec la grille d&rsquo;a\u00e9ration. La pince universelle \u00e0 l&rsquo;arri\u00e8re permet de fixer Niki de mani\u00e8re s\u00fbre et stable sur les grilles d&rsquo;a\u00e9ration de tous les mod\u00e8les de voiture courants. Profitez d&rsquo;une fra\u00eecheur longue dur\u00e9e, car le parfum est diffus\u00e9 de fa\u00e7on constante pendant plus de 30 jours. Durabilit\u00e9 et recharge : Un atout majeur du d\u00e9sodorisant Mr &#038; Mrs Fragrance Niki est sa r\u00e9utilisabilit\u00e9. Une recharge en EVA rempla\u00e7able se trouve \u00e0 l&rsquo;arri\u00e8re du d\u00e9sodorisant. Vous pouvez ainsi changer de parfum rapidement et facilement sans avoir \u00e0 remplacer l&rsquo;ensemble du diffuseur. Ainsi, vous pourrez toujours choisir le parfum id\u00e9al selon votre humeur ou la saison.<\/p>\n<\/div>\n<div><strong>Vos \u200b\u200bavantages en un coup d&rsquo;\u0153il<\/strong><br \/>&#8211; Diffuseur de parfum de voiture au design exclusif, con\u00e7u par Luca Trazzi<br \/>&#8211; Diffusion de parfum longue dur\u00e9e pendant plus de 30 jours<br \/>&#8211; Fixation universelle, compatible avec tous les types de v\u00e9hicules<br \/>&#8211; Mat\u00e9riaux et finitions de haute qualit\u00e9 (toucher doux, m\u00e9tallis\u00e9, chrom\u00e9)<br \/>&#8211; Recharge EVA facilement rempla\u00e7able pour une utilisation durable<br \/>&#8211; Fabriqu\u00e9 en Italie<\/p>\n<\/div>\n<div>Offrez-vous le diffuseur de parfum Mr &#038; Mrs Fragrance Niki et transformez votre voiture en un havre de bien-\u00eatre qui ravira petits et grands. Commandez d\u00e8s aujourd&rsquo;hui votre \u00e9l\u00e9gant diffuseur de parfum pour voiture et constatez la diff\u00e9rence \u00e0 chaque trajet.<\/p>\n<\/div>\n<div><\/div>\n","protected":false},"excerpt":{"rendered":"<p>Mr &#038; Mrs Fragrance Niki \u2013 D\u00e9sodorisant de voiture design Transformez chaque trajet en une exp\u00e9rience olfactive luxueuse avec le d\u00e9sodorisant de voiture Mr &#038; Mrs Fragrance Niki. Cet \u00e9l\u00e9gant d\u00e9sodorisant de voiture diffuse un parfum agr\u00e9able et apporte une touche de style \u00e0 l&rsquo;int\u00e9rieur de votre v\u00e9hicule. D\u00e9couvrez comment Niki cr\u00e9e une atmosph\u00e8re harmonieuse et accueillante qui rend vos voyages inoubliables. L&rsquo;alliance du design et de la fonctionnalit\u00e9Le d\u00e9sodorisant de voiture Niki est bien&hellip;<\/p>\n","protected":false},"featured_media":262496,"comment_status":"open","ping_status":"closed","template":"","meta":[],"product_brand":[],"product_cat":[38340],"product_tag":[],"class_list":{"0":"post-254647","1":"product","2":"type-product","3":"status-publish","4":"has-post-thumbnail","6":"product_cat-raumduft","7":"product_shipping_class-global_methods","9":"first","10":"instock","11":"taxable","12":"shipping-taxable","13":"purchasable","14":"product-type-simple"},"yoast_head":"<!-- This site is optimized with the Yoast SEO plugin v27.4 - https:\/\/yoast.com\/product\/yoast-seo-wordpress\/ -->\n<title>Joy Fragrances Auto-Lufterfrischer<\/title>\n<meta name=\"description\" content=\"Mr &amp; Mrs Fragrance Niki \u2013 Design Auto-Duftspender Verwandeln Sie jede Fahrt in ein luxuri\u00f6ses Dufterlebnis mit dem Auto-Duftspender Mr &amp; Mrs Fragrance Niki. Die\" \/>\n<meta name=\"robots\" content=\"index, follow, max-snippet:-1, max-image-preview:large, max-video-preview:-1\" \/>\n<link rel=\"canonical\" href=\"https:\/\/schweizversand.ch\/fr\/produkt\/joy-fragrances-auto-lufterfrischer-7\/\" \/>\n<meta property=\"og:locale\" content=\"fr_FR\" \/>\n<meta property=\"og:type\" content=\"article\" \/>\n<meta property=\"og:title\" content=\"Joy Fragrances Auto-Lufterfrischer\" \/>\n<meta property=\"og:description\" content=\"Mr &amp; Mrs Fragrance Niki \u2013 Design Auto-Duftspender Verwandeln Sie jede Fahrt in ein luxuri\u00f6ses Dufterlebnis mit dem Auto-Duftspender Mr &amp; Mrs Fragrance Niki. Die\" \/>\n<meta property=\"og:url\" content=\"https:\/\/schweizversand.ch\/fr\/produkt\/joy-fragrances-auto-lufterfrischer-7\/\" \/>\n<meta property=\"og:site_name\" content=\"Schweizer Shop f\u00fcr Sport, Spiel und Freizeit\" \/>\n<meta property=\"article:publisher\" content=\"https:\/\/www.facebook.com\/Schweizversand\" \/>\n<meta property=\"article:modified_time\" content=\"2026-04-19T13:34:42+00:00\" \/>\n<meta property=\"og:image\" content=\"https:\/\/schweizversand.ch\/wp-content\/uploads\/2026\/02\/5472107145.png\" \/>\n\t<meta property=\"og:image:width\" content=\"1024\" \/>\n\t<meta property=\"og:image:height\" content=\"997\" \/>\n\t<meta property=\"og:image:type\" content=\"image\/png\" \/>\n<meta name=\"twitter:card\" content=\"summary_large_image\" \/>\n<meta name=\"twitter:label1\" content=\"Dur\u00e9e de lecture estim\u00e9e\" \/>\n\t<meta name=\"twitter:data1\" content=\"2 minutes\" \/>\n<script type=\"application\/ld+json\" class=\"yoast-schema-graph\">{\"@context\":\"https:\\\/\\\/schema.org\",\"@graph\":[{\"@type\":\"WebPage\",\"@id\":\"https:\\\/\\\/schweizversand.ch\\\/fr\\\/produkt\\\/joy-fragrances-auto-lufterfrischer-7\\\/\",\"url\":\"https:\\\/\\\/schweizversand.ch\\\/fr\\\/produkt\\\/joy-fragrances-auto-lufterfrischer-7\\\/\",\"name\":\"Joy Fragrances Auto-Lufterfrischer\",\"isPartOf\":{\"@id\":\"https:\\\/\\\/schweizversand.ch\\\/fr\\\/#website\"},\"primaryImageOfPage\":{\"@id\":\"https:\\\/\\\/schweizversand.ch\\\/fr\\\/produkt\\\/joy-fragrances-auto-lufterfrischer-7\\\/#primaryimage\"},\"image\":{\"@id\":\"https:\\\/\\\/schweizversand.ch\\\/fr\\\/produkt\\\/joy-fragrances-auto-lufterfrischer-7\\\/#primaryimage\"},\"thumbnailUrl\":\"https:\\\/\\\/schweizversand.ch\\\/wp-content\\\/uploads\\\/2026\\\/02\\\/5472107145.png\",\"datePublished\":\"2026-03-14T23:27:51+00:00\",\"dateModified\":\"2026-04-19T13:34:42+00:00\",\"description\":\"Mr & Mrs Fragrance Niki \u2013 Design Auto-Duftspender Verwandeln Sie jede Fahrt in ein luxuri\u00f6ses Dufterlebnis mit dem Auto-Duftspender Mr & Mrs Fragrance Niki. Die\",\"breadcrumb\":{\"@id\":\"https:\\\/\\\/schweizversand.ch\\\/fr\\\/produkt\\\/joy-fragrances-auto-lufterfrischer-7\\\/#breadcrumb\"},\"inLanguage\":\"fr-FR\",\"potentialAction\":[{\"@type\":\"ReadAction\",\"target\":[\"https:\\\/\\\/schweizversand.ch\\\/fr\\\/produkt\\\/joy-fragrances-auto-lufterfrischer-7\\\/\"]}]},{\"@type\":\"ImageObject\",\"inLanguage\":\"fr-FR\",\"@id\":\"https:\\\/\\\/schweizversand.ch\\\/fr\\\/produkt\\\/joy-fragrances-auto-lufterfrischer-7\\\/#primaryimage\",\"url\":\"https:\\\/\\\/schweizversand.ch\\\/wp-content\\\/uploads\\\/2026\\\/02\\\/5472107145.png\",\"contentUrl\":\"https:\\\/\\\/schweizversand.ch\\\/wp-content\\\/uploads\\\/2026\\\/02\\\/5472107145.png\",\"width\":1024,\"height\":997},{\"@type\":\"BreadcrumbList\",\"@id\":\"https:\\\/\\\/schweizversand.ch\\\/fr\\\/produkt\\\/joy-fragrances-auto-lufterfrischer-7\\\/#breadcrumb\",\"itemListElement\":[{\"@type\":\"ListItem\",\"position\":1,\"name\":\"Startseite\",\"item\":\"https:\\\/\\\/schweizversand.ch\\\/fr\\\/home\\\/\"},{\"@type\":\"ListItem\",\"position\":2,\"name\":\"Boutique\",\"item\":\"https:\\\/\\\/schweizversand.ch\\\/fr\\\/boutique\\\/\"},{\"@type\":\"ListItem\",\"position\":3,\"name\":\"Accueil\",\"item\":\"https:\\\/\\\/schweizversand.ch\\\/fr\\\/produkt-kategorie\\\/accueil\\\/\"},{\"@type\":\"ListItem\",\"position\":4,\"name\":\"D\u00e9coration et accessoires\",\"item\":\"https:\\\/\\\/schweizversand.ch\\\/fr\\\/produkt-kategorie\\\/accueil\\\/decoration-et-accessoires\\\/\"},{\"@type\":\"ListItem\",\"position\":5,\"name\":\"Parfums d'ambiance\",\"item\":\"https:\\\/\\\/schweizversand.ch\\\/fr\\\/produkt-kategorie\\\/raumduft\\\/\"},{\"@type\":\"ListItem\",\"position\":6,\"name\":\"D\u00e9sodorisant pour voiture Joy Fragrances\"}]},{\"@type\":\"WebSite\",\"@id\":\"https:\\\/\\\/schweizversand.ch\\\/fr\\\/#website\",\"url\":\"https:\\\/\\\/schweizversand.ch\\\/fr\\\/\",\"name\":\"Schweizer Shop f\u00fcr Sport, Spiel und Freizeit\",\"description\":\"Gratisversand ab 50.- (netto), ab eigenem schweizer Lager, Lieferung innert 48h\",\"publisher\":{\"@id\":\"https:\\\/\\\/schweizversand.ch\\\/fr\\\/#organization\"},\"alternateName\":\"Schweizversand.ch\",\"potentialAction\":[{\"@type\":\"SearchAction\",\"target\":{\"@type\":\"EntryPoint\",\"urlTemplate\":\"https:\\\/\\\/schweizversand.ch\\\/fr\\\/?s={search_term_string}\"},\"query-input\":{\"@type\":\"PropertyValueSpecification\",\"valueRequired\":true,\"valueName\":\"search_term_string\"}}],\"inLanguage\":\"fr-FR\"},{\"@type\":\"Organization\",\"@id\":\"https:\\\/\\\/schweizversand.ch\\\/fr\\\/#organization\",\"name\":\"Schweizversand.ch\",\"url\":\"https:\\\/\\\/schweizversand.ch\\\/fr\\\/\",\"logo\":{\"@type\":\"ImageObject\",\"inLanguage\":\"fr-FR\",\"@id\":\"https:\\\/\\\/schweizversand.ch\\\/fr\\\/#\\\/schema\\\/logo\\\/image\\\/\",\"url\":\"https:\\\/\\\/schweizversand.ch\\\/wp-content\\\/uploads\\\/2026\\\/03\\\/Logo_Rund_Final-1.png\",\"contentUrl\":\"https:\\\/\\\/schweizversand.ch\\\/wp-content\\\/uploads\\\/2026\\\/03\\\/Logo_Rund_Final-1.png\",\"width\":404,\"height\":404,\"caption\":\"Schweizversand.ch\"},\"image\":{\"@id\":\"https:\\\/\\\/schweizversand.ch\\\/fr\\\/#\\\/schema\\\/logo\\\/image\\\/\"},\"sameAs\":[\"https:\\\/\\\/www.facebook.com\\\/Schweizversand\",\"https:\\\/\\\/www.instagram.com\\\/schweizversand.ch\\\/\"]}]}<\/script>\n<!-- \/ Yoast SEO plugin. -->","yoast_head_json":{"title":"Joy Fragrances Auto-Lufterfrischer","description":"Mr & Mrs Fragrance Niki \u2013 Design Auto-Duftspender Verwandeln Sie jede Fahrt in ein luxuri\u00f6ses Dufterlebnis mit dem Auto-Duftspender Mr & Mrs Fragrance Niki. Die","robots":{"index":"index","follow":"follow","max-snippet":"max-snippet:-1","max-image-preview":"max-image-preview:large","max-video-preview":"max-video-preview:-1"},"canonical":"https:\/\/schweizversand.ch\/fr\/produkt\/joy-fragrances-auto-lufterfrischer-7\/","og_locale":"fr_FR","og_type":"article","og_title":"Joy Fragrances Auto-Lufterfrischer","og_description":"Mr & Mrs Fragrance Niki \u2013 Design Auto-Duftspender Verwandeln Sie jede Fahrt in ein luxuri\u00f6ses Dufterlebnis mit dem Auto-Duftspender Mr & Mrs Fragrance Niki. Die","og_url":"https:\/\/schweizversand.ch\/fr\/produkt\/joy-fragrances-auto-lufterfrischer-7\/","og_site_name":"Schweizer Shop f\u00fcr Sport, Spiel und Freizeit","article_publisher":"https:\/\/www.facebook.com\/Schweizversand","article_modified_time":"2026-04-19T13:34:42+00:00","og_image":[{"width":1024,"height":997,"url":"https:\/\/schweizversand.ch\/wp-content\/uploads\/2026\/02\/5472107145.png","type":"image\/png"}],"twitter_card":"summary_large_image","twitter_misc":{"Dur\u00e9e de lecture estim\u00e9e":"2 minutes"},"schema":{"@context":"https:\/\/schema.org","@graph":[{"@type":"WebPage","@id":"https:\/\/schweizversand.ch\/fr\/produkt\/joy-fragrances-auto-lufterfrischer-7\/","url":"https:\/\/schweizversand.ch\/fr\/produkt\/joy-fragrances-auto-lufterfrischer-7\/","name":"Joy Fragrances Auto-Lufterfrischer","isPartOf":{"@id":"https:\/\/schweizversand.ch\/fr\/#website"},"primaryImageOfPage":{"@id":"https:\/\/schweizversand.ch\/fr\/produkt\/joy-fragrances-auto-lufterfrischer-7\/#primaryimage"},"image":{"@id":"https:\/\/schweizversand.ch\/fr\/produkt\/joy-fragrances-auto-lufterfrischer-7\/#primaryimage"},"thumbnailUrl":"https:\/\/schweizversand.ch\/wp-content\/uploads\/2026\/02\/5472107145.png","datePublished":"2026-03-14T23:27:51+00:00","dateModified":"2026-04-19T13:34:42+00:00","description":"Mr & Mrs Fragrance Niki \u2013 Design Auto-Duftspender Verwandeln Sie jede Fahrt in ein luxuri\u00f6ses Dufterlebnis mit dem Auto-Duftspender Mr & Mrs Fragrance Niki. Die","breadcrumb":{"@id":"https:\/\/schweizversand.ch\/fr\/produkt\/joy-fragrances-auto-lufterfrischer-7\/#breadcrumb"},"inLanguage":"fr-FR","potentialAction":[{"@type":"ReadAction","target":["https:\/\/schweizversand.ch\/fr\/produkt\/joy-fragrances-auto-lufterfrischer-7\/"]}]},{"@type":"ImageObject","inLanguage":"fr-FR","@id":"https:\/\/schweizversand.ch\/fr\/produkt\/joy-fragrances-auto-lufterfrischer-7\/#primaryimage","url":"https:\/\/schweizversand.ch\/wp-content\/uploads\/2026\/02\/5472107145.png","contentUrl":"https:\/\/schweizversand.ch\/wp-content\/uploads\/2026\/02\/5472107145.png","width":1024,"height":997},{"@type":"BreadcrumbList","@id":"https:\/\/schweizversand.ch\/fr\/produkt\/joy-fragrances-auto-lufterfrischer-7\/#breadcrumb","itemListElement":[{"@type":"ListItem","position":1,"name":"Startseite","item":"https:\/\/schweizversand.ch\/fr\/home\/"},{"@type":"ListItem","position":2,"name":"Boutique","item":"https:\/\/schweizversand.ch\/fr\/boutique\/"},{"@type":"ListItem","position":3,"name":"Accueil","item":"https:\/\/schweizversand.ch\/fr\/produkt-kategorie\/accueil\/"},{"@type":"ListItem","position":4,"name":"D\u00e9coration et accessoires","item":"https:\/\/schweizversand.ch\/fr\/produkt-kategorie\/accueil\/decoration-et-accessoires\/"},{"@type":"ListItem","position":5,"name":"Parfums d'ambiance","item":"https:\/\/schweizversand.ch\/fr\/produkt-kategorie\/raumduft\/"},{"@type":"ListItem","position":6,"name":"D\u00e9sodorisant pour voiture Joy Fragrances"}]},{"@type":"WebSite","@id":"https:\/\/schweizversand.ch\/fr\/#website","url":"https:\/\/schweizversand.ch\/fr\/","name":"Schweizer Shop f\u00fcr Sport, Spiel und Freizeit","description":"Gratisversand ab 50.- (netto), ab eigenem schweizer Lager, Lieferung innert 48h","publisher":{"@id":"https:\/\/schweizversand.ch\/fr\/#organization"},"alternateName":"Schweizversand.ch","potentialAction":[{"@type":"SearchAction","target":{"@type":"EntryPoint","urlTemplate":"https:\/\/schweizversand.ch\/fr\/?s={search_term_string}"},"query-input":{"@type":"PropertyValueSpecification","valueRequired":true,"valueName":"search_term_string"}}],"inLanguage":"fr-FR"},{"@type":"Organization","@id":"https:\/\/schweizversand.ch\/fr\/#organization","name":"Schweizversand.ch","url":"https:\/\/schweizversand.ch\/fr\/","logo":{"@type":"ImageObject","inLanguage":"fr-FR","@id":"https:\/\/schweizversand.ch\/fr\/#\/schema\/logo\/image\/","url":"https:\/\/schweizversand.ch\/wp-content\/uploads\/2026\/03\/Logo_Rund_Final-1.png","contentUrl":"https:\/\/schweizversand.ch\/wp-content\/uploads\/2026\/03\/Logo_Rund_Final-1.png","width":404,"height":404,"caption":"Schweizversand.ch"},"image":{"@id":"https:\/\/schweizversand.ch\/fr\/#\/schema\/logo\/image\/"},"sameAs":["https:\/\/www.facebook.com\/Schweizversand","https:\/\/www.instagram.com\/schweizversand.ch\/"]}]}},"jetpack_sharing_enabled":true,"_links":{"self":[{"href":"https:\/\/schweizversand.ch\/fr\/wp-json\/wp\/v2\/product\/254647","targetHints":{"allow":["GET"]}}],"collection":[{"href":"https:\/\/schweizversand.ch\/fr\/wp-json\/wp\/v2\/product"}],"about":[{"href":"https:\/\/schweizversand.ch\/fr\/wp-json\/wp\/v2\/types\/product"}],"replies":[{"embeddable":true,"href":"https:\/\/schweizversand.ch\/fr\/wp-json\/wp\/v2\/comments?post=254647"}],"wp:featuredmedia":[{"embeddable":true,"href":"https:\/\/schweizversand.ch\/fr\/wp-json\/wp\/v2\/media\/262496"}],"wp:attachment":[{"href":"https:\/\/schweizversand.ch\/fr\/wp-json\/wp\/v2\/media?parent=254647"}],"wp:term":[{"taxonomy":"product_brand","embeddable":true,"href":"https:\/\/schweizversand.ch\/fr\/wp-json\/wp\/v2\/product_brand?post=254647"},{"taxonomy":"product_cat","embeddable":true,"href":"https:\/\/schweizversand.ch\/fr\/wp-json\/wp\/v2\/product_cat?post=254647"},{"taxonomy":"product_tag","embeddable":true,"href":"https:\/\/schweizversand.ch\/fr\/wp-json\/wp\/v2\/product_tag?post=254647"}],"curies":[{"name":"wp","href":"https:\/\/api.w.org\/{rel}","templated":true}]}}