{"id":254691,"date":"2026-03-15T00:28:07","date_gmt":"2026-03-14T23:28:07","guid":{"rendered":"https:\/\/schweizversand.ch\/produkt\/joy-fragrances-auto-lufterfrischermr-mrs-for-people-jeff\/"},"modified":"2026-04-19T15:34:46","modified_gmt":"2026-04-19T13:34:46","slug":"joy-fragrances-auto-lufterfrischermr-mrs-for-people-jeff","status":"publish","type":"product","link":"https:\/\/schweizversand.ch\/fr\/produkt\/joy-fragrances-auto-lufterfrischermr-mrs-for-people-jeff\/","title":{"rendered":"D\u00e9sodorisant pour voiture Joy Fragrances Mr &#038; Mrs for People \u00ab Jeff \u00bb"},"content":{"rendered":"<h1><strong>Jeff Parfum d&rsquo;Auto \u2013 Figurine Parfum\u00e9e Fraise<\/strong><\/h1>\n<div>Apportez une touche unique \u00e0 l&rsquo;int\u00e9rieur de votre voiture avec la figurine parfum\u00e9e <strong>Jeff Parfum d&rsquo;Auto<\/strong>. Con\u00e7ue par le c\u00e9l\u00e8bre designer italien Luca Trazzi, cette figurine parfum\u00e9e allie design moderne et diffusion longue dur\u00e9e d&rsquo;un parfum agr\u00e9able.<\/p>\n<\/div>\n<div><strong>Design et Fonctionnalit\u00e9<\/strong><br \/>Jeff est bien plus qu&rsquo;un simple <strong>d\u00e9sodorisant<\/strong>\u00a0: c&rsquo;est une figurine parfum\u00e9e \u00e9l\u00e9gante sign\u00e9e <strong>Mr&#038;Mrs Fragrance<\/strong>. Gr\u00e2ce \u00e0 sa pince universelle, Jeff se fixe facilement, verticalement ou horizontalement, aux grilles d&rsquo;a\u00e9ration de n&rsquo;importe quelle voiture. D\u00e8s que la ventilation est en marche, Jeff diffuse un parfum intense et constant dans tout l&rsquo;habitacle.<\/p>\n<\/div>\n<div><strong>Une Exp\u00e9rience Parfum\u00e9e Unique<\/strong><br \/>Cet accessoire raffin\u00e9 cr\u00e9e une ambiance chaleureuse dans votre voiture. Le parfum de fraise est <strong>rafra\u00eechissant et vivifiant<\/strong>, transformant chaque trajet en un moment agr\u00e9able. Jeff est le choix id\u00e9al si vous appr\u00e9ciez l&rsquo;esth\u00e9tique et la qualit\u00e9.<\/p>\n<\/div>\n<div><strong>D\u00e9tails et dimensions du produit<\/strong><br \/>&#8211; Parfum\u00a0: Fraise<br \/>&#8211; Dimensions\u00a0: 4,6 x 5,7 x 3,7\u00a0cm<br \/>&#8211; Poids\u00a0: 12\u00a0g<br \/>&#8211; Fixation\u00a0: Clip universel pour <strong>grille d&rsquo;a\u00e9ration<\/strong><br \/>&#8211; Pays d&rsquo;origine\u00a0: Italie<\/p>\n<\/div>\n<div>Procurez-vous d\u00e8s maintenant votre <strong>parfum d&rsquo;ambiance Jeff<\/strong> et profitez d&rsquo;une conduite \u00e9l\u00e9gante et parfum\u00e9e. D\u00e9couvrez la diff\u00e9rence que le design italien apporte \u00e0 votre voiture.<\/p>\n<\/div>\n<div><\/div>\n","protected":false},"excerpt":{"rendered":"<p>Jeff Parfum d&rsquo;Auto \u2013 Figurine Parfum\u00e9e Fraise Apportez une touche unique \u00e0 l&rsquo;int\u00e9rieur de votre voiture avec la figurine parfum\u00e9e Jeff Parfum d&rsquo;Auto. Con\u00e7ue par le c\u00e9l\u00e8bre designer italien Luca Trazzi, cette figurine parfum\u00e9e allie design moderne et diffusion longue dur\u00e9e d&rsquo;un parfum agr\u00e9able. Design et Fonctionnalit\u00e9Jeff est bien plus qu&rsquo;un simple d\u00e9sodorisant\u00a0: c&rsquo;est une figurine parfum\u00e9e \u00e9l\u00e9gante sign\u00e9e Mr&#038;Mrs Fragrance. Gr\u00e2ce \u00e0 sa pince universelle, Jeff se fixe facilement, verticalement ou horizontalement, aux grilles&hellip;<\/p>\n","protected":false},"featured_media":257242,"comment_status":"open","ping_status":"closed","template":"","meta":[],"product_brand":[],"product_cat":[38646],"product_tag":[],"class_list":{"0":"post-254691","1":"product","2":"type-product","3":"status-publish","4":"has-post-thumbnail","6":"product_cat-diverse","7":"product_shipping_class-global_methods","9":"first","10":"instock","11":"taxable","12":"shipping-taxable","13":"purchasable","14":"product-type-simple"},"yoast_head":"<!-- This site is optimized with the Yoast SEO plugin v27.4 - https:\/\/yoast.com\/product\/yoast-seo-wordpress\/ -->\n<title>Joy Fragrances Auto-LufterfrischerMr &amp; Mrs for People &quot;Jeff&quot;<\/title>\n<meta name=\"description\" content=\"Jeff Car Fragrance \u2013 Autoduftfigur Erdbeere Verleihen Sie Ihrem Fahrzeuginnenraum eine einzigartige Note mit der Jeff Car Fragrance Duftfigur. Entworfen vom ren\" \/>\n<meta name=\"robots\" content=\"index, follow, max-snippet:-1, max-image-preview:large, max-video-preview:-1\" \/>\n<link rel=\"canonical\" href=\"https:\/\/schweizversand.ch\/fr\/produkt\/joy-fragrances-auto-lufterfrischermr-mrs-for-people-jeff\/\" \/>\n<meta property=\"og:locale\" content=\"fr_FR\" \/>\n<meta property=\"og:type\" content=\"article\" \/>\n<meta property=\"og:title\" content=\"Joy Fragrances Auto-LufterfrischerMr &amp; Mrs for People &quot;Jeff&quot;\" \/>\n<meta property=\"og:description\" content=\"Jeff Car Fragrance \u2013 Autoduftfigur Erdbeere Verleihen Sie Ihrem Fahrzeuginnenraum eine einzigartige Note mit der Jeff Car Fragrance Duftfigur. Entworfen vom ren\" \/>\n<meta property=\"og:url\" content=\"https:\/\/schweizversand.ch\/fr\/produkt\/joy-fragrances-auto-lufterfrischermr-mrs-for-people-jeff\/\" \/>\n<meta property=\"og:site_name\" content=\"Schweizer Shop f\u00fcr Sport, Spiel und Freizeit\" \/>\n<meta property=\"article:publisher\" content=\"https:\/\/www.facebook.com\/Schweizversand\" \/>\n<meta property=\"article:modified_time\" content=\"2026-04-19T13:34:46+00:00\" \/>\n<meta property=\"og:image\" content=\"https:\/\/schweizversand.ch\/wp-content\/uploads\/2026\/02\/5472109186.jpg\" \/>\n\t<meta property=\"og:image:width\" content=\"896\" \/>\n\t<meta property=\"og:image:height\" content=\"1024\" \/>\n\t<meta property=\"og:image:type\" content=\"image\/jpeg\" \/>\n<meta name=\"twitter:card\" content=\"summary_large_image\" \/>\n<meta name=\"twitter:label1\" content=\"Dur\u00e9e de lecture estim\u00e9e\" \/>\n\t<meta name=\"twitter:data1\" content=\"1 minute\" \/>\n<script type=\"application\/ld+json\" class=\"yoast-schema-graph\">{\"@context\":\"https:\\\/\\\/schema.org\",\"@graph\":[{\"@type\":\"WebPage\",\"@id\":\"https:\\\/\\\/schweizversand.ch\\\/fr\\\/produkt\\\/joy-fragrances-auto-lufterfrischermr-mrs-for-people-jeff\\\/\",\"url\":\"https:\\\/\\\/schweizversand.ch\\\/fr\\\/produkt\\\/joy-fragrances-auto-lufterfrischermr-mrs-for-people-jeff\\\/\",\"name\":\"Joy Fragrances Auto-LufterfrischerMr & Mrs for People \\\"Jeff\\\"\",\"isPartOf\":{\"@id\":\"https:\\\/\\\/schweizversand.ch\\\/fr\\\/#website\"},\"primaryImageOfPage\":{\"@id\":\"https:\\\/\\\/schweizversand.ch\\\/fr\\\/produkt\\\/joy-fragrances-auto-lufterfrischermr-mrs-for-people-jeff\\\/#primaryimage\"},\"image\":{\"@id\":\"https:\\\/\\\/schweizversand.ch\\\/fr\\\/produkt\\\/joy-fragrances-auto-lufterfrischermr-mrs-for-people-jeff\\\/#primaryimage\"},\"thumbnailUrl\":\"https:\\\/\\\/schweizversand.ch\\\/wp-content\\\/uploads\\\/2026\\\/02\\\/5472109186.jpg\",\"datePublished\":\"2026-03-14T23:28:07+00:00\",\"dateModified\":\"2026-04-19T13:34:46+00:00\",\"description\":\"Jeff Car Fragrance \u2013 Autoduftfigur Erdbeere Verleihen Sie Ihrem Fahrzeuginnenraum eine einzigartige Note mit der Jeff Car Fragrance Duftfigur. Entworfen vom ren\",\"breadcrumb\":{\"@id\":\"https:\\\/\\\/schweizversand.ch\\\/fr\\\/produkt\\\/joy-fragrances-auto-lufterfrischermr-mrs-for-people-jeff\\\/#breadcrumb\"},\"inLanguage\":\"fr-FR\",\"potentialAction\":[{\"@type\":\"ReadAction\",\"target\":[\"https:\\\/\\\/schweizversand.ch\\\/fr\\\/produkt\\\/joy-fragrances-auto-lufterfrischermr-mrs-for-people-jeff\\\/\"]}]},{\"@type\":\"ImageObject\",\"inLanguage\":\"fr-FR\",\"@id\":\"https:\\\/\\\/schweizversand.ch\\\/fr\\\/produkt\\\/joy-fragrances-auto-lufterfrischermr-mrs-for-people-jeff\\\/#primaryimage\",\"url\":\"https:\\\/\\\/schweizversand.ch\\\/wp-content\\\/uploads\\\/2026\\\/02\\\/5472109186.jpg\",\"contentUrl\":\"https:\\\/\\\/schweizversand.ch\\\/wp-content\\\/uploads\\\/2026\\\/02\\\/5472109186.jpg\",\"width\":896,\"height\":1024},{\"@type\":\"BreadcrumbList\",\"@id\":\"https:\\\/\\\/schweizversand.ch\\\/fr\\\/produkt\\\/joy-fragrances-auto-lufterfrischermr-mrs-for-people-jeff\\\/#breadcrumb\",\"itemListElement\":[{\"@type\":\"ListItem\",\"position\":1,\"name\":\"Startseite\",\"item\":\"https:\\\/\\\/schweizversand.ch\\\/fr\\\/home\\\/\"},{\"@type\":\"ListItem\",\"position\":2,\"name\":\"Boutique\",\"item\":\"https:\\\/\\\/schweizversand.ch\\\/fr\\\/boutique\\\/\"},{\"@type\":\"ListItem\",\"position\":3,\"name\":\"Accessoires pour v\u00e9hicules\",\"item\":\"https:\\\/\\\/schweizversand.ch\\\/fr\\\/produkt-kategorie\\\/accessoires-pour-vehicules\\\/\"},{\"@type\":\"ListItem\",\"position\":4,\"name\":\"Voiture\",\"item\":\"https:\\\/\\\/schweizversand.ch\\\/fr\\\/produkt-kategorie\\\/accessoires-pour-vehicules\\\/voiture\\\/\"},{\"@type\":\"ListItem\",\"position\":5,\"name\":\"Divers\",\"item\":\"https:\\\/\\\/schweizversand.ch\\\/fr\\\/produkt-kategorie\\\/accessoires-pour-vehicules\\\/voiture\\\/diverse\\\/\"},{\"@type\":\"ListItem\",\"position\":6,\"name\":\"D\u00e9sodorisant pour voiture Joy Fragrances Mr &amp; Mrs for People \u00ab Jeff \u00bb\"}]},{\"@type\":\"WebSite\",\"@id\":\"https:\\\/\\\/schweizversand.ch\\\/fr\\\/#website\",\"url\":\"https:\\\/\\\/schweizversand.ch\\\/fr\\\/\",\"name\":\"Schweizer Shop f\u00fcr Sport, Spiel und Freizeit\",\"description\":\"Gratisversand ab 50.- (netto), ab eigenem schweizer Lager, Lieferung innert 48h\",\"publisher\":{\"@id\":\"https:\\\/\\\/schweizversand.ch\\\/fr\\\/#organization\"},\"alternateName\":\"Schweizversand.ch\",\"potentialAction\":[{\"@type\":\"SearchAction\",\"target\":{\"@type\":\"EntryPoint\",\"urlTemplate\":\"https:\\\/\\\/schweizversand.ch\\\/fr\\\/?s={search_term_string}\"},\"query-input\":{\"@type\":\"PropertyValueSpecification\",\"valueRequired\":true,\"valueName\":\"search_term_string\"}}],\"inLanguage\":\"fr-FR\"},{\"@type\":\"Organization\",\"@id\":\"https:\\\/\\\/schweizversand.ch\\\/fr\\\/#organization\",\"name\":\"Schweizversand.ch\",\"url\":\"https:\\\/\\\/schweizversand.ch\\\/fr\\\/\",\"logo\":{\"@type\":\"ImageObject\",\"inLanguage\":\"fr-FR\",\"@id\":\"https:\\\/\\\/schweizversand.ch\\\/fr\\\/#\\\/schema\\\/logo\\\/image\\\/\",\"url\":\"https:\\\/\\\/schweizversand.ch\\\/wp-content\\\/uploads\\\/2026\\\/03\\\/Logo_Rund_Final-1.png\",\"contentUrl\":\"https:\\\/\\\/schweizversand.ch\\\/wp-content\\\/uploads\\\/2026\\\/03\\\/Logo_Rund_Final-1.png\",\"width\":404,\"height\":404,\"caption\":\"Schweizversand.ch\"},\"image\":{\"@id\":\"https:\\\/\\\/schweizversand.ch\\\/fr\\\/#\\\/schema\\\/logo\\\/image\\\/\"},\"sameAs\":[\"https:\\\/\\\/www.facebook.com\\\/Schweizversand\",\"https:\\\/\\\/www.instagram.com\\\/schweizversand.ch\\\/\"]}]}<\/script>\n<!-- \/ Yoast SEO plugin. -->","yoast_head_json":{"title":"Joy Fragrances Auto-LufterfrischerMr & Mrs for People \"Jeff\"","description":"Jeff Car Fragrance \u2013 Autoduftfigur Erdbeere Verleihen Sie Ihrem Fahrzeuginnenraum eine einzigartige Note mit der Jeff Car Fragrance Duftfigur. Entworfen vom ren","robots":{"index":"index","follow":"follow","max-snippet":"max-snippet:-1","max-image-preview":"max-image-preview:large","max-video-preview":"max-video-preview:-1"},"canonical":"https:\/\/schweizversand.ch\/fr\/produkt\/joy-fragrances-auto-lufterfrischermr-mrs-for-people-jeff\/","og_locale":"fr_FR","og_type":"article","og_title":"Joy Fragrances Auto-LufterfrischerMr & Mrs for People \"Jeff\"","og_description":"Jeff Car Fragrance \u2013 Autoduftfigur Erdbeere Verleihen Sie Ihrem Fahrzeuginnenraum eine einzigartige Note mit der Jeff Car Fragrance Duftfigur. Entworfen vom ren","og_url":"https:\/\/schweizversand.ch\/fr\/produkt\/joy-fragrances-auto-lufterfrischermr-mrs-for-people-jeff\/","og_site_name":"Schweizer Shop f\u00fcr Sport, Spiel und Freizeit","article_publisher":"https:\/\/www.facebook.com\/Schweizversand","article_modified_time":"2026-04-19T13:34:46+00:00","og_image":[{"width":896,"height":1024,"url":"https:\/\/schweizversand.ch\/wp-content\/uploads\/2026\/02\/5472109186.jpg","type":"image\/jpeg"}],"twitter_card":"summary_large_image","twitter_misc":{"Dur\u00e9e de lecture estim\u00e9e":"1 minute"},"schema":{"@context":"https:\/\/schema.org","@graph":[{"@type":"WebPage","@id":"https:\/\/schweizversand.ch\/fr\/produkt\/joy-fragrances-auto-lufterfrischermr-mrs-for-people-jeff\/","url":"https:\/\/schweizversand.ch\/fr\/produkt\/joy-fragrances-auto-lufterfrischermr-mrs-for-people-jeff\/","name":"Joy Fragrances Auto-LufterfrischerMr & Mrs for People \"Jeff\"","isPartOf":{"@id":"https:\/\/schweizversand.ch\/fr\/#website"},"primaryImageOfPage":{"@id":"https:\/\/schweizversand.ch\/fr\/produkt\/joy-fragrances-auto-lufterfrischermr-mrs-for-people-jeff\/#primaryimage"},"image":{"@id":"https:\/\/schweizversand.ch\/fr\/produkt\/joy-fragrances-auto-lufterfrischermr-mrs-for-people-jeff\/#primaryimage"},"thumbnailUrl":"https:\/\/schweizversand.ch\/wp-content\/uploads\/2026\/02\/5472109186.jpg","datePublished":"2026-03-14T23:28:07+00:00","dateModified":"2026-04-19T13:34:46+00:00","description":"Jeff Car Fragrance \u2013 Autoduftfigur Erdbeere Verleihen Sie Ihrem Fahrzeuginnenraum eine einzigartige Note mit der Jeff Car Fragrance Duftfigur. Entworfen vom ren","breadcrumb":{"@id":"https:\/\/schweizversand.ch\/fr\/produkt\/joy-fragrances-auto-lufterfrischermr-mrs-for-people-jeff\/#breadcrumb"},"inLanguage":"fr-FR","potentialAction":[{"@type":"ReadAction","target":["https:\/\/schweizversand.ch\/fr\/produkt\/joy-fragrances-auto-lufterfrischermr-mrs-for-people-jeff\/"]}]},{"@type":"ImageObject","inLanguage":"fr-FR","@id":"https:\/\/schweizversand.ch\/fr\/produkt\/joy-fragrances-auto-lufterfrischermr-mrs-for-people-jeff\/#primaryimage","url":"https:\/\/schweizversand.ch\/wp-content\/uploads\/2026\/02\/5472109186.jpg","contentUrl":"https:\/\/schweizversand.ch\/wp-content\/uploads\/2026\/02\/5472109186.jpg","width":896,"height":1024},{"@type":"BreadcrumbList","@id":"https:\/\/schweizversand.ch\/fr\/produkt\/joy-fragrances-auto-lufterfrischermr-mrs-for-people-jeff\/#breadcrumb","itemListElement":[{"@type":"ListItem","position":1,"name":"Startseite","item":"https:\/\/schweizversand.ch\/fr\/home\/"},{"@type":"ListItem","position":2,"name":"Boutique","item":"https:\/\/schweizversand.ch\/fr\/boutique\/"},{"@type":"ListItem","position":3,"name":"Accessoires pour v\u00e9hicules","item":"https:\/\/schweizversand.ch\/fr\/produkt-kategorie\/accessoires-pour-vehicules\/"},{"@type":"ListItem","position":4,"name":"Voiture","item":"https:\/\/schweizversand.ch\/fr\/produkt-kategorie\/accessoires-pour-vehicules\/voiture\/"},{"@type":"ListItem","position":5,"name":"Divers","item":"https:\/\/schweizversand.ch\/fr\/produkt-kategorie\/accessoires-pour-vehicules\/voiture\/diverse\/"},{"@type":"ListItem","position":6,"name":"D\u00e9sodorisant pour voiture Joy Fragrances Mr &amp; Mrs for People \u00ab Jeff \u00bb"}]},{"@type":"WebSite","@id":"https:\/\/schweizversand.ch\/fr\/#website","url":"https:\/\/schweizversand.ch\/fr\/","name":"Schweizer Shop f\u00fcr Sport, Spiel und Freizeit","description":"Gratisversand ab 50.- (netto), ab eigenem schweizer Lager, Lieferung innert 48h","publisher":{"@id":"https:\/\/schweizversand.ch\/fr\/#organization"},"alternateName":"Schweizversand.ch","potentialAction":[{"@type":"SearchAction","target":{"@type":"EntryPoint","urlTemplate":"https:\/\/schweizversand.ch\/fr\/?s={search_term_string}"},"query-input":{"@type":"PropertyValueSpecification","valueRequired":true,"valueName":"search_term_string"}}],"inLanguage":"fr-FR"},{"@type":"Organization","@id":"https:\/\/schweizversand.ch\/fr\/#organization","name":"Schweizversand.ch","url":"https:\/\/schweizversand.ch\/fr\/","logo":{"@type":"ImageObject","inLanguage":"fr-FR","@id":"https:\/\/schweizversand.ch\/fr\/#\/schema\/logo\/image\/","url":"https:\/\/schweizversand.ch\/wp-content\/uploads\/2026\/03\/Logo_Rund_Final-1.png","contentUrl":"https:\/\/schweizversand.ch\/wp-content\/uploads\/2026\/03\/Logo_Rund_Final-1.png","width":404,"height":404,"caption":"Schweizversand.ch"},"image":{"@id":"https:\/\/schweizversand.ch\/fr\/#\/schema\/logo\/image\/"},"sameAs":["https:\/\/www.facebook.com\/Schweizversand","https:\/\/www.instagram.com\/schweizversand.ch\/"]}]}},"jetpack_sharing_enabled":true,"_links":{"self":[{"href":"https:\/\/schweizversand.ch\/fr\/wp-json\/wp\/v2\/product\/254691","targetHints":{"allow":["GET"]}}],"collection":[{"href":"https:\/\/schweizversand.ch\/fr\/wp-json\/wp\/v2\/product"}],"about":[{"href":"https:\/\/schweizversand.ch\/fr\/wp-json\/wp\/v2\/types\/product"}],"replies":[{"embeddable":true,"href":"https:\/\/schweizversand.ch\/fr\/wp-json\/wp\/v2\/comments?post=254691"}],"wp:featuredmedia":[{"embeddable":true,"href":"https:\/\/schweizversand.ch\/fr\/wp-json\/wp\/v2\/media\/257242"}],"wp:attachment":[{"href":"https:\/\/schweizversand.ch\/fr\/wp-json\/wp\/v2\/media?parent=254691"}],"wp:term":[{"taxonomy":"product_brand","embeddable":true,"href":"https:\/\/schweizversand.ch\/fr\/wp-json\/wp\/v2\/product_brand?post=254691"},{"taxonomy":"product_cat","embeddable":true,"href":"https:\/\/schweizversand.ch\/fr\/wp-json\/wp\/v2\/product_cat?post=254691"},{"taxonomy":"product_tag","embeddable":true,"href":"https:\/\/schweizversand.ch\/fr\/wp-json\/wp\/v2\/product_tag?post=254691"}],"curies":[{"name":"wp","href":"https:\/\/api.w.org\/{rel}","templated":true}]}}