{"id":254694,"date":"2026-03-15T00:28:07","date_gmt":"2026-03-14T23:28:07","guid":{"rendered":"https:\/\/schweizversand.ch\/produkt\/joy-fragrances-nachfuellpackung-niki-pure-2\/"},"modified":"2026-04-22T15:33:52","modified_gmt":"2026-04-22T13:33:52","slug":"joy-fragrances-nachfuellpackung-niki-pure-2","status":"publish","type":"product","link":"https:\/\/schweizversand.ch\/fr\/produkt\/joy-fragrances-nachfuellpackung-niki-pure-2\/","title":{"rendered":"Recharge de parfum Joy Niki \u00ab Pure \u00bb"},"content":{"rendered":"<h1><strong>Recharge de d\u00e9sodorisant pour voiture Niki \u00ab\u00a0Pure\u00a0\u00bb<\/strong><\/h1>\n<div>D\u00e9couvrez la luxueuse recharge de d\u00e9sodorisant NIKI au parfum envo\u00fbtant d&rsquo;Ambre Musc. Cette recharge de haute qualit\u00e9 est id\u00e9ale pour parfumer agr\u00e9ablement et durablement votre v\u00e9hicule ou vos pi\u00e8ces, et vous garantit une ambiance toujours fra\u00eeche.<\/p>\n<\/div>\n<div><strong>Exp\u00e9rience olfactive unique<\/strong><br \/>Plongez dans l&rsquo;univers sensuel de \u00ab\u00a0Pure\u00a0\u00bb. Il cr\u00e9e une atmosph\u00e8re de confort et de luxe, \u00e0 la fois apaisante et vivifiante. Avec ce <strong>parfum pour voiture<\/strong>, chaque trajet devient un moment privil\u00e9gi\u00e9.<\/p>\n<\/div>\n<div><strong>Compatibilit\u00e9 universelle<\/strong><br \/>La recharge de d\u00e9sodorisant NIKI est sp\u00e9cialement con\u00e7ue pour \u00eatre <strong>universellement<\/strong> compatible avec tous les diffuseurs de d\u00e9sodorisant NIKI et NIKI Fashion. Vous pouvez ainsi changer facilement et rapidement de parfum sans avoir \u00e0 remplacer votre diffuseur. C&rsquo;est donc le choix id\u00e9al pour tous les possesseurs d&rsquo;un accessoire parfum\u00e9 NIKI ou NIKI Fashion. Facile \u00e0 utiliser et longue dur\u00e9e\u00a0: l&rsquo;installation de la recharge de d\u00e9sodorisant est incroyablement simple et ne prend que quelques secondes. Gr\u00e2ce \u00e0 sa composition de haute qualit\u00e9, le parfum NIKI garantit une diffusion longue dur\u00e9e, embaumant votre int\u00e9rieur de l&rsquo;irr\u00e9sistible ar\u00f4me \u00ab\u00a0Pure\u00a0\u00bb \u200b\u200bpendant longtemps. Profitez d&rsquo;un air frais en permanence, o\u00f9 que vous soyez.<\/p>\n<\/div>\n<div><strong>Vos \u200b\u200bavantages en un coup d&rsquo;\u0153il<\/strong><br \/>&#8211; <strong>Parfum luxueux<\/strong>\u00a0: \u00ab\u00a0Pure\u00a0\u00bb \u200b\u200bpour une ambiance sensuelle<br \/>&#8211; <strong>Compatible avec tous les diffuseurs de parfum NIKI et NIKI Fashion<\/strong>&#8211; <strong>Remplacement facile<\/strong>\u00a0: Rapide et simple \u00e0 utiliser<br \/>&#8211; <strong>Longue dur\u00e9e<\/strong>\u00a0: Diffusion continue de parfum garantie<br \/>&#8211; <strong>Haute qualit\u00e9<\/strong>\u00a0: Un produit haut de gamme pour une client\u00e8le exigeante<\/p>\n<\/div>\n<div>Apportez une touche d&rsquo;\u00e9l\u00e9gance et de fra\u00eecheur \u00e0 votre voiture ou \u00e0 vos pi\u00e8ces avec la recharge de parfum NIKI \u00ab\u00a0Pure\u00a0\u00bb. Commandez d\u00e8s maintenant et constatez la diff\u00e9rence\u00a0!<\/p>\n<\/div>\n<div><\/div>\n<div><\/div>\n","protected":false},"excerpt":{"rendered":"<p>Recharge de d\u00e9sodorisant pour voiture Niki \u00ab\u00a0Pure\u00a0\u00bb D\u00e9couvrez la luxueuse recharge de d\u00e9sodorisant NIKI au parfum envo\u00fbtant d&rsquo;Ambre Musc. Cette recharge de haute qualit\u00e9 est id\u00e9ale pour parfumer agr\u00e9ablement et durablement votre v\u00e9hicule ou vos pi\u00e8ces, et vous garantit une ambiance toujours fra\u00eeche. Exp\u00e9rience olfactive uniquePlongez dans l&rsquo;univers sensuel de \u00ab\u00a0Pure\u00a0\u00bb. Il cr\u00e9e une atmosph\u00e8re de confort et de luxe, \u00e0 la fois apaisante et vivifiante. Avec ce parfum pour voiture, chaque trajet devient un&hellip;<\/p>\n","protected":false},"featured_media":158449,"comment_status":"open","ping_status":"closed","template":"","meta":[],"product_brand":[],"product_cat":[38646,38851],"product_tag":[],"class_list":{"0":"post-254694","1":"product","2":"type-product","3":"status-publish","4":"has-post-thumbnail","6":"product_cat-diverse","8":"product_shipping_class-global_methods","10":"first","11":"instock","12":"taxable","13":"shipping-taxable","14":"purchasable","15":"product-type-simple"},"yoast_head":"<!-- This site is optimized with the Yoast SEO plugin v27.4 - https:\/\/yoast.com\/product\/yoast-seo-wordpress\/ -->\n<title>Joy Fragrances Nachf\u00fcllpackung Niki &quot;Pure&quot; | Jetzt kaufen | Schweizversand.ch<\/title>\n<meta name=\"description\" content=\"Joy Fragrances Nachf\u00fcllpackung Niki &quot;Pure&quot; g\u00fcnstig kaufen bei Schweizversand.ch. Schnelle Lieferung in der Schweiz. Gratisversand ab CHF 50.\" \/>\n<meta name=\"robots\" content=\"index, follow, max-snippet:-1, max-image-preview:large, max-video-preview:-1\" \/>\n<link rel=\"canonical\" href=\"https:\/\/schweizversand.ch\/fr\/produkt\/joy-fragrances-nachfuellpackung-niki-pure-2\/\" \/>\n<meta property=\"og:locale\" content=\"fr_FR\" \/>\n<meta property=\"og:type\" content=\"article\" \/>\n<meta property=\"og:title\" content=\"Joy Fragrances Nachf\u00fcllpackung Niki &quot;Pure&quot; | Jetzt kaufen | Schweizversand.ch\" \/>\n<meta property=\"og:description\" content=\"Joy Fragrances Nachf\u00fcllpackung Niki &quot;Pure&quot; g\u00fcnstig kaufen bei Schweizversand.ch. Schnelle Lieferung in der Schweiz. Gratisversand ab CHF 50.\" \/>\n<meta property=\"og:url\" content=\"https:\/\/schweizversand.ch\/fr\/produkt\/joy-fragrances-nachfuellpackung-niki-pure-2\/\" \/>\n<meta property=\"og:site_name\" content=\"Schweizer Shop f\u00fcr Sport, Spiel und Freizeit\" \/>\n<meta property=\"article:publisher\" content=\"https:\/\/www.facebook.com\/Schweizversand\" \/>\n<meta property=\"article:modified_time\" content=\"2026-04-22T13:33:52+00:00\" \/>\n<meta name=\"twitter:card\" content=\"summary_large_image\" \/>\n<meta name=\"twitter:label1\" content=\"Dur\u00e9e de lecture estim\u00e9e\" \/>\n\t<meta name=\"twitter:data1\" content=\"1 minute\" \/>\n<script type=\"application\/ld+json\" class=\"yoast-schema-graph\">{\"@context\":\"https:\\\/\\\/schema.org\",\"@graph\":[{\"@type\":\"WebPage\",\"@id\":\"https:\\\/\\\/schweizversand.ch\\\/fr\\\/produkt\\\/joy-fragrances-nachfuellpackung-niki-pure-2\\\/\",\"url\":\"https:\\\/\\\/schweizversand.ch\\\/fr\\\/produkt\\\/joy-fragrances-nachfuellpackung-niki-pure-2\\\/\",\"name\":\"Joy Fragrances Nachf\u00fcllpackung Niki \\\"Pure\\\" | Jetzt kaufen | Schweizversand.ch\",\"isPartOf\":{\"@id\":\"https:\\\/\\\/schweizversand.ch\\\/fr\\\/#website\"},\"primaryImageOfPage\":{\"@id\":\"https:\\\/\\\/schweizversand.ch\\\/fr\\\/produkt\\\/joy-fragrances-nachfuellpackung-niki-pure-2\\\/#primaryimage\"},\"image\":{\"@id\":\"https:\\\/\\\/schweizversand.ch\\\/fr\\\/produkt\\\/joy-fragrances-nachfuellpackung-niki-pure-2\\\/#primaryimage\"},\"thumbnailUrl\":\"https:\\\/\\\/schweizversand.ch\\\/wp-content\\\/uploads\\\/2026\\\/02\\\/5513379812.jpg\",\"datePublished\":\"2026-03-14T23:28:07+00:00\",\"dateModified\":\"2026-04-22T13:33:52+00:00\",\"description\":\"Joy Fragrances Nachf\u00fcllpackung Niki \\\"Pure\\\" g\u00fcnstig kaufen bei Schweizversand.ch. Schnelle Lieferung in der Schweiz. Gratisversand ab CHF 50.\",\"breadcrumb\":{\"@id\":\"https:\\\/\\\/schweizversand.ch\\\/fr\\\/produkt\\\/joy-fragrances-nachfuellpackung-niki-pure-2\\\/#breadcrumb\"},\"inLanguage\":\"fr-FR\",\"potentialAction\":[{\"@type\":\"ReadAction\",\"target\":[\"https:\\\/\\\/schweizversand.ch\\\/fr\\\/produkt\\\/joy-fragrances-nachfuellpackung-niki-pure-2\\\/\"]}]},{\"@type\":\"ImageObject\",\"inLanguage\":\"fr-FR\",\"@id\":\"https:\\\/\\\/schweizversand.ch\\\/fr\\\/produkt\\\/joy-fragrances-nachfuellpackung-niki-pure-2\\\/#primaryimage\",\"url\":\"https:\\\/\\\/schweizversand.ch\\\/wp-content\\\/uploads\\\/2026\\\/02\\\/5513379812.jpg\",\"contentUrl\":\"https:\\\/\\\/schweizversand.ch\\\/wp-content\\\/uploads\\\/2026\\\/02\\\/5513379812.jpg\",\"width\":1024,\"height\":1024},{\"@type\":\"BreadcrumbList\",\"@id\":\"https:\\\/\\\/schweizversand.ch\\\/fr\\\/produkt\\\/joy-fragrances-nachfuellpackung-niki-pure-2\\\/#breadcrumb\",\"itemListElement\":[{\"@type\":\"ListItem\",\"position\":1,\"name\":\"Startseite\",\"item\":\"https:\\\/\\\/schweizversand.ch\\\/fr\\\/home\\\/\"},{\"@type\":\"ListItem\",\"position\":2,\"name\":\"Boutique\",\"item\":\"https:\\\/\\\/schweizversand.ch\\\/fr\\\/boutique\\\/\"},{\"@type\":\"ListItem\",\"position\":3,\"name\":\"Accessoires pour v\u00e9hicules\",\"item\":\"https:\\\/\\\/schweizversand.ch\\\/fr\\\/produkt-kategorie\\\/accessoires-pour-vehicules\\\/\"},{\"@type\":\"ListItem\",\"position\":4,\"name\":\"Voiture\",\"item\":\"https:\\\/\\\/schweizversand.ch\\\/fr\\\/produkt-kategorie\\\/accessoires-pour-vehicules\\\/voiture\\\/\"},{\"@type\":\"ListItem\",\"position\":5,\"name\":\"Divers\",\"item\":\"https:\\\/\\\/schweizversand.ch\\\/fr\\\/produkt-kategorie\\\/accessoires-pour-vehicules\\\/voiture\\\/diverse\\\/\"},{\"@type\":\"ListItem\",\"position\":6,\"name\":\"Recharge de parfum Joy Niki \u00ab Pure \u00bb\"}]},{\"@type\":\"WebSite\",\"@id\":\"https:\\\/\\\/schweizversand.ch\\\/fr\\\/#website\",\"url\":\"https:\\\/\\\/schweizversand.ch\\\/fr\\\/\",\"name\":\"Schweizer Shop f\u00fcr Sport, Spiel und Freizeit\",\"description\":\"Gratisversand ab 50.- (netto), ab eigenem schweizer Lager, Lieferung innert 48h\",\"publisher\":{\"@id\":\"https:\\\/\\\/schweizversand.ch\\\/fr\\\/#organization\"},\"alternateName\":\"Schweizversand.ch\",\"potentialAction\":[{\"@type\":\"SearchAction\",\"target\":{\"@type\":\"EntryPoint\",\"urlTemplate\":\"https:\\\/\\\/schweizversand.ch\\\/fr\\\/?s={search_term_string}\"},\"query-input\":{\"@type\":\"PropertyValueSpecification\",\"valueRequired\":true,\"valueName\":\"search_term_string\"}}],\"inLanguage\":\"fr-FR\"},{\"@type\":\"Organization\",\"@id\":\"https:\\\/\\\/schweizversand.ch\\\/fr\\\/#organization\",\"name\":\"Schweizversand.ch\",\"url\":\"https:\\\/\\\/schweizversand.ch\\\/fr\\\/\",\"logo\":{\"@type\":\"ImageObject\",\"inLanguage\":\"fr-FR\",\"@id\":\"https:\\\/\\\/schweizversand.ch\\\/fr\\\/#\\\/schema\\\/logo\\\/image\\\/\",\"url\":\"https:\\\/\\\/schweizversand.ch\\\/wp-content\\\/uploads\\\/2026\\\/03\\\/Logo_Rund_Final-1.png\",\"contentUrl\":\"https:\\\/\\\/schweizversand.ch\\\/wp-content\\\/uploads\\\/2026\\\/03\\\/Logo_Rund_Final-1.png\",\"width\":404,\"height\":404,\"caption\":\"Schweizversand.ch\"},\"image\":{\"@id\":\"https:\\\/\\\/schweizversand.ch\\\/fr\\\/#\\\/schema\\\/logo\\\/image\\\/\"},\"sameAs\":[\"https:\\\/\\\/www.facebook.com\\\/Schweizversand\",\"https:\\\/\\\/www.instagram.com\\\/schweizversand.ch\\\/\"]}]}<\/script>\n<!-- \/ Yoast SEO plugin. -->","yoast_head_json":{"title":"Joy Fragrances Nachf\u00fcllpackung Niki \"Pure\" | Jetzt kaufen | Schweizversand.ch","description":"Joy Fragrances Nachf\u00fcllpackung Niki \"Pure\" g\u00fcnstig kaufen bei Schweizversand.ch. Schnelle Lieferung in der Schweiz. Gratisversand ab CHF 50.","robots":{"index":"index","follow":"follow","max-snippet":"max-snippet:-1","max-image-preview":"max-image-preview:large","max-video-preview":"max-video-preview:-1"},"canonical":"https:\/\/schweizversand.ch\/fr\/produkt\/joy-fragrances-nachfuellpackung-niki-pure-2\/","og_locale":"fr_FR","og_type":"article","og_title":"Joy Fragrances Nachf\u00fcllpackung Niki \"Pure\" | Jetzt kaufen | Schweizversand.ch","og_description":"Joy Fragrances Nachf\u00fcllpackung Niki \"Pure\" g\u00fcnstig kaufen bei Schweizversand.ch. Schnelle Lieferung in der Schweiz. Gratisversand ab CHF 50.","og_url":"https:\/\/schweizversand.ch\/fr\/produkt\/joy-fragrances-nachfuellpackung-niki-pure-2\/","og_site_name":"Schweizer Shop f\u00fcr Sport, Spiel und Freizeit","article_publisher":"https:\/\/www.facebook.com\/Schweizversand","article_modified_time":"2026-04-22T13:33:52+00:00","twitter_card":"summary_large_image","twitter_misc":{"Dur\u00e9e de lecture estim\u00e9e":"1 minute"},"schema":{"@context":"https:\/\/schema.org","@graph":[{"@type":"WebPage","@id":"https:\/\/schweizversand.ch\/fr\/produkt\/joy-fragrances-nachfuellpackung-niki-pure-2\/","url":"https:\/\/schweizversand.ch\/fr\/produkt\/joy-fragrances-nachfuellpackung-niki-pure-2\/","name":"Joy Fragrances Nachf\u00fcllpackung Niki \"Pure\" | Jetzt kaufen | Schweizversand.ch","isPartOf":{"@id":"https:\/\/schweizversand.ch\/fr\/#website"},"primaryImageOfPage":{"@id":"https:\/\/schweizversand.ch\/fr\/produkt\/joy-fragrances-nachfuellpackung-niki-pure-2\/#primaryimage"},"image":{"@id":"https:\/\/schweizversand.ch\/fr\/produkt\/joy-fragrances-nachfuellpackung-niki-pure-2\/#primaryimage"},"thumbnailUrl":"https:\/\/schweizversand.ch\/wp-content\/uploads\/2026\/02\/5513379812.jpg","datePublished":"2026-03-14T23:28:07+00:00","dateModified":"2026-04-22T13:33:52+00:00","description":"Joy Fragrances Nachf\u00fcllpackung Niki \"Pure\" g\u00fcnstig kaufen bei Schweizversand.ch. Schnelle Lieferung in der Schweiz. Gratisversand ab CHF 50.","breadcrumb":{"@id":"https:\/\/schweizversand.ch\/fr\/produkt\/joy-fragrances-nachfuellpackung-niki-pure-2\/#breadcrumb"},"inLanguage":"fr-FR","potentialAction":[{"@type":"ReadAction","target":["https:\/\/schweizversand.ch\/fr\/produkt\/joy-fragrances-nachfuellpackung-niki-pure-2\/"]}]},{"@type":"ImageObject","inLanguage":"fr-FR","@id":"https:\/\/schweizversand.ch\/fr\/produkt\/joy-fragrances-nachfuellpackung-niki-pure-2\/#primaryimage","url":"https:\/\/schweizversand.ch\/wp-content\/uploads\/2026\/02\/5513379812.jpg","contentUrl":"https:\/\/schweizversand.ch\/wp-content\/uploads\/2026\/02\/5513379812.jpg","width":1024,"height":1024},{"@type":"BreadcrumbList","@id":"https:\/\/schweizversand.ch\/fr\/produkt\/joy-fragrances-nachfuellpackung-niki-pure-2\/#breadcrumb","itemListElement":[{"@type":"ListItem","position":1,"name":"Startseite","item":"https:\/\/schweizversand.ch\/fr\/home\/"},{"@type":"ListItem","position":2,"name":"Boutique","item":"https:\/\/schweizversand.ch\/fr\/boutique\/"},{"@type":"ListItem","position":3,"name":"Accessoires pour v\u00e9hicules","item":"https:\/\/schweizversand.ch\/fr\/produkt-kategorie\/accessoires-pour-vehicules\/"},{"@type":"ListItem","position":4,"name":"Voiture","item":"https:\/\/schweizversand.ch\/fr\/produkt-kategorie\/accessoires-pour-vehicules\/voiture\/"},{"@type":"ListItem","position":5,"name":"Divers","item":"https:\/\/schweizversand.ch\/fr\/produkt-kategorie\/accessoires-pour-vehicules\/voiture\/diverse\/"},{"@type":"ListItem","position":6,"name":"Recharge de parfum Joy Niki \u00ab Pure \u00bb"}]},{"@type":"WebSite","@id":"https:\/\/schweizversand.ch\/fr\/#website","url":"https:\/\/schweizversand.ch\/fr\/","name":"Schweizer Shop f\u00fcr Sport, Spiel und Freizeit","description":"Gratisversand ab 50.- (netto), ab eigenem schweizer Lager, Lieferung innert 48h","publisher":{"@id":"https:\/\/schweizversand.ch\/fr\/#organization"},"alternateName":"Schweizversand.ch","potentialAction":[{"@type":"SearchAction","target":{"@type":"EntryPoint","urlTemplate":"https:\/\/schweizversand.ch\/fr\/?s={search_term_string}"},"query-input":{"@type":"PropertyValueSpecification","valueRequired":true,"valueName":"search_term_string"}}],"inLanguage":"fr-FR"},{"@type":"Organization","@id":"https:\/\/schweizversand.ch\/fr\/#organization","name":"Schweizversand.ch","url":"https:\/\/schweizversand.ch\/fr\/","logo":{"@type":"ImageObject","inLanguage":"fr-FR","@id":"https:\/\/schweizversand.ch\/fr\/#\/schema\/logo\/image\/","url":"https:\/\/schweizversand.ch\/wp-content\/uploads\/2026\/03\/Logo_Rund_Final-1.png","contentUrl":"https:\/\/schweizversand.ch\/wp-content\/uploads\/2026\/03\/Logo_Rund_Final-1.png","width":404,"height":404,"caption":"Schweizversand.ch"},"image":{"@id":"https:\/\/schweizversand.ch\/fr\/#\/schema\/logo\/image\/"},"sameAs":["https:\/\/www.facebook.com\/Schweizversand","https:\/\/www.instagram.com\/schweizversand.ch\/"]}]}},"jetpack_sharing_enabled":true,"_links":{"self":[{"href":"https:\/\/schweizversand.ch\/fr\/wp-json\/wp\/v2\/product\/254694","targetHints":{"allow":["GET"]}}],"collection":[{"href":"https:\/\/schweizversand.ch\/fr\/wp-json\/wp\/v2\/product"}],"about":[{"href":"https:\/\/schweizversand.ch\/fr\/wp-json\/wp\/v2\/types\/product"}],"replies":[{"embeddable":true,"href":"https:\/\/schweizversand.ch\/fr\/wp-json\/wp\/v2\/comments?post=254694"}],"wp:featuredmedia":[{"embeddable":true,"href":"https:\/\/schweizversand.ch\/fr\/wp-json\/wp\/v2\/media\/158449"}],"wp:attachment":[{"href":"https:\/\/schweizversand.ch\/fr\/wp-json\/wp\/v2\/media?parent=254694"}],"wp:term":[{"taxonomy":"product_brand","embeddable":true,"href":"https:\/\/schweizversand.ch\/fr\/wp-json\/wp\/v2\/product_brand?post=254694"},{"taxonomy":"product_cat","embeddable":true,"href":"https:\/\/schweizversand.ch\/fr\/wp-json\/wp\/v2\/product_cat?post=254694"},{"taxonomy":"product_tag","embeddable":true,"href":"https:\/\/schweizversand.ch\/fr\/wp-json\/wp\/v2\/product_tag?post=254694"}],"curies":[{"name":"wp","href":"https:\/\/api.w.org\/{rel}","templated":true}]}}