{"id":254703,"date":"2026-03-15T00:28:10","date_gmt":"2026-03-14T23:28:10","guid":{"rendered":"https:\/\/schweizversand.ch\/produkt\/stefanplast-aufbewahrungskorb\/"},"modified":"2026-04-19T02:03:28","modified_gmt":"2026-04-19T00:03:28","slug":"stefanplast-aufbewahrungskorb","status":"publish","type":"product","link":"https:\/\/schweizversand.ch\/fr\/produkt\/stefanplast-aufbewahrungskorb\/","title":{"rendered":"Panier de rangement Stefanplast"},"content":{"rendered":"<p>Notre panier LUNA en plastique, dot\u00e9 d&rsquo;une poign\u00e9e de transport, est un v\u00e9ritable accessoire multifonctionnel, pratique dans de nombreuses situations, \u00e0 la maison comme en d\u00e9placement. Que vous souhaitiez l&rsquo;utiliser comme \u00e9gouttoir, panier \u00e0 provisions, r\u00e9cipient, bo\u00eete de rangement, bassine, seau \u00e0 eau, seau ou panier \u00e0 linge, ce panier r\u00e9pondra \u00e0 tous vos besoins.<\/p>\n<\/p>\n<p>D\u00e9tails du produit\u00a0:<\/p>\n<\/p>\n<p>\u2022 Dimensions\u00a0: Le panier mesure 40 x 40 x 23\u00a0cm, offrant un espace g\u00e9n\u00e9reux pour diverses utilisations.<\/p>\n<\/p>\n<p>\u2022 Poign\u00e9es pliables\u00a0: Les poign\u00e9es se replient pour un transport s\u00fbr et pratique du panier, quelle que soit son utilisation.<\/p>\n<\/p>\n<p>\u2022 Mat\u00e9riau\u00a0: Fabriqu\u00e9 en polypropyl\u00e8ne (PP) robuste et durable, ce panier est id\u00e9al pour un usage quotidien. Lavable en machine, il se nettoie facilement.<\/p>\n<\/p>\n<p>\u2022 Couleur\u00a0: Veuillez noter que la couleur du panier n&rsquo;est pas s\u00e9lectionnable. La livraison se fera dans un style al\u00e9atoire, selon les disponibilit\u00e9s.<\/p>\n<\/p>\n<p>\u2022 Prix unitaire.<\/p>\n<\/p>\n<p>Notre panier en plastique avec poign\u00e9e de transport est un accessoire pratique et polyvalent qui vous sera tr\u00e8s utile \u00e0 la maison comme en d\u00e9placement. Gr\u00e2ce \u00e0 sa construction robuste et \u00e0 ses multiples usages, c&rsquo;est un compagnon indispensable.<\/p>\n","protected":false},"excerpt":{"rendered":"<p>Notre panier LUNA en plastique, dot\u00e9 d&rsquo;une poign\u00e9e de transport, est un v\u00e9ritable accessoire multifonctionnel, pratique dans de nombreuses situations, \u00e0 la maison comme en d\u00e9placement. Que vous souhaitiez l&rsquo;utiliser comme \u00e9gouttoir, panier \u00e0 provisions, r\u00e9cipient, bo\u00eete de rangement, bassine, seau \u00e0 eau, seau ou panier \u00e0 linge, ce panier r\u00e9pondra \u00e0 tous vos besoins. D\u00e9tails du produit\u00a0: \u2022 Dimensions\u00a0: Le panier mesure 40 x 40 x 23\u00a0cm, offrant un espace g\u00e9n\u00e9reux pour diverses utilisations.&hellip;<\/p>\n","protected":false},"featured_media":158487,"comment_status":"open","ping_status":"closed","template":"","meta":[],"product_brand":[],"product_cat":[38341,38343],"product_tag":[],"class_list":{"0":"post-254703","1":"product","2":"type-product","3":"status-publish","4":"has-post-thumbnail","6":"product_cat-reinigungsutensilien","7":"product_cat-produits-de-nettoyage","8":"product_shipping_class-global_methods","10":"first","11":"instock","12":"taxable","13":"shipping-taxable","14":"purchasable","15":"product-type-simple"},"yoast_head":"<!-- This site is optimized with the Yoast SEO plugin v27.4 - https:\/\/yoast.com\/product\/yoast-seo-wordpress\/ -->\n<title>Stefanplast Aufbewahrungskorb | Jetzt kaufen | Schweizversand.ch<\/title>\n<meta name=\"description\" content=\"Stefanplast Aufbewahrungskorb g\u00fcnstig kaufen bei Schweizversand.ch. Schnelle Lieferung in der Schweiz. Gratisversand ab CHF 50.\" \/>\n<meta name=\"robots\" content=\"index, follow, max-snippet:-1, max-image-preview:large, max-video-preview:-1\" \/>\n<link rel=\"canonical\" href=\"https:\/\/schweizversand.ch\/fr\/produkt\/stefanplast-aufbewahrungskorb\/\" \/>\n<meta property=\"og:locale\" content=\"fr_FR\" \/>\n<meta property=\"og:type\" content=\"article\" \/>\n<meta property=\"og:title\" content=\"Stefanplast Aufbewahrungskorb | Jetzt kaufen | Schweizversand.ch\" \/>\n<meta property=\"og:description\" content=\"Stefanplast Aufbewahrungskorb g\u00fcnstig kaufen bei Schweizversand.ch. Schnelle Lieferung in der Schweiz. Gratisversand ab CHF 50.\" \/>\n<meta property=\"og:url\" content=\"https:\/\/schweizversand.ch\/fr\/produkt\/stefanplast-aufbewahrungskorb\/\" \/>\n<meta property=\"og:site_name\" content=\"Schweizer Shop f\u00fcr Sport, Spiel und Freizeit\" \/>\n<meta property=\"article:publisher\" content=\"https:\/\/www.facebook.com\/Schweizversand\" \/>\n<meta property=\"article:modified_time\" content=\"2026-04-19T00:03:28+00:00\" \/>\n<meta property=\"og:image\" content=\"https:\/\/schweizversand.ch\/wp-content\/uploads\/2026\/02\/5524218624.jpg\" \/>\n\t<meta property=\"og:image:width\" content=\"1024\" \/>\n\t<meta property=\"og:image:height\" content=\"1024\" \/>\n\t<meta property=\"og:image:type\" content=\"image\/jpeg\" \/>\n<meta name=\"twitter:card\" content=\"summary_large_image\" \/>\n<meta name=\"twitter:label1\" content=\"Dur\u00e9e de lecture estim\u00e9e\" \/>\n\t<meta name=\"twitter:data1\" content=\"1 minute\" \/>\n<script type=\"application\/ld+json\" class=\"yoast-schema-graph\">{\"@context\":\"https:\\\/\\\/schema.org\",\"@graph\":[{\"@type\":\"WebPage\",\"@id\":\"https:\\\/\\\/schweizversand.ch\\\/fr\\\/produkt\\\/stefanplast-aufbewahrungskorb\\\/\",\"url\":\"https:\\\/\\\/schweizversand.ch\\\/fr\\\/produkt\\\/stefanplast-aufbewahrungskorb\\\/\",\"name\":\"Stefanplast Aufbewahrungskorb | Jetzt kaufen | Schweizversand.ch\",\"isPartOf\":{\"@id\":\"https:\\\/\\\/schweizversand.ch\\\/fr\\\/#website\"},\"primaryImageOfPage\":{\"@id\":\"https:\\\/\\\/schweizversand.ch\\\/fr\\\/produkt\\\/stefanplast-aufbewahrungskorb\\\/#primaryimage\"},\"image\":{\"@id\":\"https:\\\/\\\/schweizversand.ch\\\/fr\\\/produkt\\\/stefanplast-aufbewahrungskorb\\\/#primaryimage\"},\"thumbnailUrl\":\"https:\\\/\\\/schweizversand.ch\\\/wp-content\\\/uploads\\\/2026\\\/02\\\/5524218624.jpg\",\"datePublished\":\"2026-03-14T23:28:10+00:00\",\"dateModified\":\"2026-04-19T00:03:28+00:00\",\"description\":\"Stefanplast Aufbewahrungskorb g\u00fcnstig kaufen bei Schweizversand.ch. Schnelle Lieferung in der Schweiz. Gratisversand ab CHF 50.\",\"breadcrumb\":{\"@id\":\"https:\\\/\\\/schweizversand.ch\\\/fr\\\/produkt\\\/stefanplast-aufbewahrungskorb\\\/#breadcrumb\"},\"inLanguage\":\"fr-FR\",\"potentialAction\":[{\"@type\":\"ReadAction\",\"target\":[\"https:\\\/\\\/schweizversand.ch\\\/fr\\\/produkt\\\/stefanplast-aufbewahrungskorb\\\/\"]}]},{\"@type\":\"ImageObject\",\"inLanguage\":\"fr-FR\",\"@id\":\"https:\\\/\\\/schweizversand.ch\\\/fr\\\/produkt\\\/stefanplast-aufbewahrungskorb\\\/#primaryimage\",\"url\":\"https:\\\/\\\/schweizversand.ch\\\/wp-content\\\/uploads\\\/2026\\\/02\\\/5524218624.jpg\",\"contentUrl\":\"https:\\\/\\\/schweizversand.ch\\\/wp-content\\\/uploads\\\/2026\\\/02\\\/5524218624.jpg\",\"width\":1024,\"height\":1024},{\"@type\":\"BreadcrumbList\",\"@id\":\"https:\\\/\\\/schweizversand.ch\\\/fr\\\/produkt\\\/stefanplast-aufbewahrungskorb\\\/#breadcrumb\",\"itemListElement\":[{\"@type\":\"ListItem\",\"position\":1,\"name\":\"Startseite\",\"item\":\"https:\\\/\\\/schweizversand.ch\\\/fr\\\/home\\\/\"},{\"@type\":\"ListItem\",\"position\":2,\"name\":\"Boutique\",\"item\":\"https:\\\/\\\/schweizversand.ch\\\/fr\\\/boutique\\\/\"},{\"@type\":\"ListItem\",\"position\":3,\"name\":\"M\u00e9nage\",\"item\":\"https:\\\/\\\/schweizversand.ch\\\/fr\\\/produkt-kategorie\\\/menage\\\/\"},{\"@type\":\"ListItem\",\"position\":4,\"name\":\"Aspirateur\",\"item\":\"https:\\\/\\\/schweizversand.ch\\\/fr\\\/produkt-kategorie\\\/menage\\\/aspirateur\\\/\"},{\"@type\":\"ListItem\",\"position\":5,\"name\":\"Nettoyage\",\"item\":\"https:\\\/\\\/schweizversand.ch\\\/fr\\\/produkt-kategorie\\\/menage\\\/aspirateur\\\/reinigungsutensilien\\\/\"},{\"@type\":\"ListItem\",\"position\":6,\"name\":\"Produits de nettoyage\",\"item\":\"https:\\\/\\\/schweizversand.ch\\\/fr\\\/produkt-kategorie\\\/menage\\\/aspirateur\\\/reinigungsutensilien\\\/produits-de-nettoyage\\\/\"},{\"@type\":\"ListItem\",\"position\":7,\"name\":\"Panier de rangement Stefanplast\"}]},{\"@type\":\"WebSite\",\"@id\":\"https:\\\/\\\/schweizversand.ch\\\/fr\\\/#website\",\"url\":\"https:\\\/\\\/schweizversand.ch\\\/fr\\\/\",\"name\":\"Schweizer Shop f\u00fcr Sport, Spiel und Freizeit\",\"description\":\"Gratisversand ab 50.- (netto), ab eigenem schweizer Lager, Lieferung innert 48h\",\"publisher\":{\"@id\":\"https:\\\/\\\/schweizversand.ch\\\/fr\\\/#organization\"},\"alternateName\":\"Schweizversand.ch\",\"potentialAction\":[{\"@type\":\"SearchAction\",\"target\":{\"@type\":\"EntryPoint\",\"urlTemplate\":\"https:\\\/\\\/schweizversand.ch\\\/fr\\\/?s={search_term_string}\"},\"query-input\":{\"@type\":\"PropertyValueSpecification\",\"valueRequired\":true,\"valueName\":\"search_term_string\"}}],\"inLanguage\":\"fr-FR\"},{\"@type\":\"Organization\",\"@id\":\"https:\\\/\\\/schweizversand.ch\\\/fr\\\/#organization\",\"name\":\"Schweizversand.ch\",\"url\":\"https:\\\/\\\/schweizversand.ch\\\/fr\\\/\",\"logo\":{\"@type\":\"ImageObject\",\"inLanguage\":\"fr-FR\",\"@id\":\"https:\\\/\\\/schweizversand.ch\\\/fr\\\/#\\\/schema\\\/logo\\\/image\\\/\",\"url\":\"https:\\\/\\\/schweizversand.ch\\\/wp-content\\\/uploads\\\/2026\\\/03\\\/Logo_Rund_Final-1.png\",\"contentUrl\":\"https:\\\/\\\/schweizversand.ch\\\/wp-content\\\/uploads\\\/2026\\\/03\\\/Logo_Rund_Final-1.png\",\"width\":404,\"height\":404,\"caption\":\"Schweizversand.ch\"},\"image\":{\"@id\":\"https:\\\/\\\/schweizversand.ch\\\/fr\\\/#\\\/schema\\\/logo\\\/image\\\/\"},\"sameAs\":[\"https:\\\/\\\/www.facebook.com\\\/Schweizversand\",\"https:\\\/\\\/www.instagram.com\\\/schweizversand.ch\\\/\"]}]}<\/script>\n<!-- \/ Yoast SEO plugin. -->","yoast_head_json":{"title":"Stefanplast Aufbewahrungskorb | Jetzt kaufen | Schweizversand.ch","description":"Stefanplast Aufbewahrungskorb g\u00fcnstig kaufen bei Schweizversand.ch. Schnelle Lieferung in der Schweiz. Gratisversand ab CHF 50.","robots":{"index":"index","follow":"follow","max-snippet":"max-snippet:-1","max-image-preview":"max-image-preview:large","max-video-preview":"max-video-preview:-1"},"canonical":"https:\/\/schweizversand.ch\/fr\/produkt\/stefanplast-aufbewahrungskorb\/","og_locale":"fr_FR","og_type":"article","og_title":"Stefanplast Aufbewahrungskorb | Jetzt kaufen | Schweizversand.ch","og_description":"Stefanplast Aufbewahrungskorb g\u00fcnstig kaufen bei Schweizversand.ch. Schnelle Lieferung in der Schweiz. Gratisversand ab CHF 50.","og_url":"https:\/\/schweizversand.ch\/fr\/produkt\/stefanplast-aufbewahrungskorb\/","og_site_name":"Schweizer Shop f\u00fcr Sport, Spiel und Freizeit","article_publisher":"https:\/\/www.facebook.com\/Schweizversand","article_modified_time":"2026-04-19T00:03:28+00:00","og_image":[{"width":1024,"height":1024,"url":"https:\/\/schweizversand.ch\/wp-content\/uploads\/2026\/02\/5524218624.jpg","type":"image\/jpeg"}],"twitter_card":"summary_large_image","twitter_misc":{"Dur\u00e9e de lecture estim\u00e9e":"1 minute"},"schema":{"@context":"https:\/\/schema.org","@graph":[{"@type":"WebPage","@id":"https:\/\/schweizversand.ch\/fr\/produkt\/stefanplast-aufbewahrungskorb\/","url":"https:\/\/schweizversand.ch\/fr\/produkt\/stefanplast-aufbewahrungskorb\/","name":"Stefanplast Aufbewahrungskorb | Jetzt kaufen | Schweizversand.ch","isPartOf":{"@id":"https:\/\/schweizversand.ch\/fr\/#website"},"primaryImageOfPage":{"@id":"https:\/\/schweizversand.ch\/fr\/produkt\/stefanplast-aufbewahrungskorb\/#primaryimage"},"image":{"@id":"https:\/\/schweizversand.ch\/fr\/produkt\/stefanplast-aufbewahrungskorb\/#primaryimage"},"thumbnailUrl":"https:\/\/schweizversand.ch\/wp-content\/uploads\/2026\/02\/5524218624.jpg","datePublished":"2026-03-14T23:28:10+00:00","dateModified":"2026-04-19T00:03:28+00:00","description":"Stefanplast Aufbewahrungskorb g\u00fcnstig kaufen bei Schweizversand.ch. Schnelle Lieferung in der Schweiz. Gratisversand ab CHF 50.","breadcrumb":{"@id":"https:\/\/schweizversand.ch\/fr\/produkt\/stefanplast-aufbewahrungskorb\/#breadcrumb"},"inLanguage":"fr-FR","potentialAction":[{"@type":"ReadAction","target":["https:\/\/schweizversand.ch\/fr\/produkt\/stefanplast-aufbewahrungskorb\/"]}]},{"@type":"ImageObject","inLanguage":"fr-FR","@id":"https:\/\/schweizversand.ch\/fr\/produkt\/stefanplast-aufbewahrungskorb\/#primaryimage","url":"https:\/\/schweizversand.ch\/wp-content\/uploads\/2026\/02\/5524218624.jpg","contentUrl":"https:\/\/schweizversand.ch\/wp-content\/uploads\/2026\/02\/5524218624.jpg","width":1024,"height":1024},{"@type":"BreadcrumbList","@id":"https:\/\/schweizversand.ch\/fr\/produkt\/stefanplast-aufbewahrungskorb\/#breadcrumb","itemListElement":[{"@type":"ListItem","position":1,"name":"Startseite","item":"https:\/\/schweizversand.ch\/fr\/home\/"},{"@type":"ListItem","position":2,"name":"Boutique","item":"https:\/\/schweizversand.ch\/fr\/boutique\/"},{"@type":"ListItem","position":3,"name":"M\u00e9nage","item":"https:\/\/schweizversand.ch\/fr\/produkt-kategorie\/menage\/"},{"@type":"ListItem","position":4,"name":"Aspirateur","item":"https:\/\/schweizversand.ch\/fr\/produkt-kategorie\/menage\/aspirateur\/"},{"@type":"ListItem","position":5,"name":"Nettoyage","item":"https:\/\/schweizversand.ch\/fr\/produkt-kategorie\/menage\/aspirateur\/reinigungsutensilien\/"},{"@type":"ListItem","position":6,"name":"Produits de nettoyage","item":"https:\/\/schweizversand.ch\/fr\/produkt-kategorie\/menage\/aspirateur\/reinigungsutensilien\/produits-de-nettoyage\/"},{"@type":"ListItem","position":7,"name":"Panier de rangement Stefanplast"}]},{"@type":"WebSite","@id":"https:\/\/schweizversand.ch\/fr\/#website","url":"https:\/\/schweizversand.ch\/fr\/","name":"Schweizer Shop f\u00fcr Sport, Spiel und Freizeit","description":"Gratisversand ab 50.- (netto), ab eigenem schweizer Lager, Lieferung innert 48h","publisher":{"@id":"https:\/\/schweizversand.ch\/fr\/#organization"},"alternateName":"Schweizversand.ch","potentialAction":[{"@type":"SearchAction","target":{"@type":"EntryPoint","urlTemplate":"https:\/\/schweizversand.ch\/fr\/?s={search_term_string}"},"query-input":{"@type":"PropertyValueSpecification","valueRequired":true,"valueName":"search_term_string"}}],"inLanguage":"fr-FR"},{"@type":"Organization","@id":"https:\/\/schweizversand.ch\/fr\/#organization","name":"Schweizversand.ch","url":"https:\/\/schweizversand.ch\/fr\/","logo":{"@type":"ImageObject","inLanguage":"fr-FR","@id":"https:\/\/schweizversand.ch\/fr\/#\/schema\/logo\/image\/","url":"https:\/\/schweizversand.ch\/wp-content\/uploads\/2026\/03\/Logo_Rund_Final-1.png","contentUrl":"https:\/\/schweizversand.ch\/wp-content\/uploads\/2026\/03\/Logo_Rund_Final-1.png","width":404,"height":404,"caption":"Schweizversand.ch"},"image":{"@id":"https:\/\/schweizversand.ch\/fr\/#\/schema\/logo\/image\/"},"sameAs":["https:\/\/www.facebook.com\/Schweizversand","https:\/\/www.instagram.com\/schweizversand.ch\/"]}]}},"jetpack_sharing_enabled":true,"_links":{"self":[{"href":"https:\/\/schweizversand.ch\/fr\/wp-json\/wp\/v2\/product\/254703","targetHints":{"allow":["GET"]}}],"collection":[{"href":"https:\/\/schweizversand.ch\/fr\/wp-json\/wp\/v2\/product"}],"about":[{"href":"https:\/\/schweizversand.ch\/fr\/wp-json\/wp\/v2\/types\/product"}],"replies":[{"embeddable":true,"href":"https:\/\/schweizversand.ch\/fr\/wp-json\/wp\/v2\/comments?post=254703"}],"wp:featuredmedia":[{"embeddable":true,"href":"https:\/\/schweizversand.ch\/fr\/wp-json\/wp\/v2\/media\/158487"}],"wp:attachment":[{"href":"https:\/\/schweizversand.ch\/fr\/wp-json\/wp\/v2\/media?parent=254703"}],"wp:term":[{"taxonomy":"product_brand","embeddable":true,"href":"https:\/\/schweizversand.ch\/fr\/wp-json\/wp\/v2\/product_brand?post=254703"},{"taxonomy":"product_cat","embeddable":true,"href":"https:\/\/schweizversand.ch\/fr\/wp-json\/wp\/v2\/product_cat?post=254703"},{"taxonomy":"product_tag","embeddable":true,"href":"https:\/\/schweizversand.ch\/fr\/wp-json\/wp\/v2\/product_tag?post=254703"}],"curies":[{"name":"wp","href":"https:\/\/api.w.org\/{rel}","templated":true}]}}