{"id":254706,"date":"2026-03-15T00:28:11","date_gmt":"2026-03-14T23:28:11","guid":{"rendered":"https:\/\/schweizversand.ch\/produkt\/spinmaster-paw-patrol-die-meteor-mission\/"},"modified":"2026-04-20T02:03:11","modified_gmt":"2026-04-20T00:03:11","slug":"spinmaster-paw-patrol-die-meteor-mission","status":"publish","type":"product","link":"https:\/\/schweizversand.ch\/fr\/produkt\/spinmaster-paw-patrol-die-meteor-mission\/","title":{"rendered":"Spinmaster Pat&rsquo; Patrouille \u2013 La mission m\u00e9t\u00e9ore"},"content":{"rendered":"<div><strong>Pat&rsquo; Patrouille \u2013 La Mission M\u00e9t\u00e9ore<\/strong>\u00a0<\/p>\n<\/div>\n<div><strong>Un jeu d&rsquo;action palpitant inspir\u00e9 du film\u00a0!<br \/><\/strong><\/div>\n<div>Une myst\u00e9rieuse m\u00e9t\u00e9orite s&rsquo;est \u00e9cras\u00e9e \u00e0 Adventure Town, transformant la Pat&rsquo; Patrouille en super-chiots\u00a0! Rejoignez Skye, Chase, Rocky et Rubble dans leur mission la plus excitante\u00a0: aidez-les \u00e0 atteindre la m\u00e9t\u00e9orite au centre du plateau\u00a0!<\/p>\n<\/div>\n<div>Mais attention\u00a0! D\u00e8s qu&rsquo;un symbole Marshall appara\u00eet, le Marshall m\u00e9canique entre en sc\u00e8ne et traverse le plateau en semant la pagaille\u00a0! Qui survivra et parviendra \u00e0 ramener les quatre figurines saines et sauves au centre\u00a0? \u00ab La Mission M\u00e9t\u00e9ore \u00bb combine les principes d&rsquo;un jeu populaire avec une action tr\u00e9pidante \u2013 parfait pour les petits h\u00e9ros d\u00e8s 4 ans ! Avec des figurines fid\u00e8lement reproduites du film et un grand plateau de jeu pour encore plus d&rsquo;action. Points forts : Jeu officiel Pat&rsquo; Patrouille bas\u00e9 sur le film ; Figurine de Marshall \u00e0 remonter pour des surprises palpitantes ; 16 figurines en tenues du film : Stella, Chase, Rocky et Ruben.<\/p>\n<\/li>\n<li><strong>R\u00e8gles simples<\/strong> \u2013 id\u00e9al pour les enfants d\u00e8s 4 ans.\n<\/li>\n<li><strong>Dur\u00e9e de la partie :<\/strong> environ 20 minutes.\n<\/li>\n<li><strong>Pour 2 \u00e0 4 joueurs.<br \/><\/strong><\/li>\n<\/ul>\n<div>Vivez toute l&rsquo;\u00e9nergie du film dans votre salon avec <strong>Pat&rsquo; Patrouille : La Mission M\u00e9t\u00e9ore<\/strong> de <strong>Spin Master Games<\/strong> !<\/p>\n<\/div>\n","protected":false},"excerpt":{"rendered":"<p>Pat&rsquo; Patrouille \u2013 La Mission M\u00e9t\u00e9ore\u00a0 Un jeu d&rsquo;action palpitant inspir\u00e9 du film\u00a0! Une myst\u00e9rieuse m\u00e9t\u00e9orite s&rsquo;est \u00e9cras\u00e9e \u00e0 Adventure Town, transformant la Pat&rsquo; Patrouille en super-chiots\u00a0! Rejoignez Skye, Chase, Rocky et Rubble dans leur mission la plus excitante\u00a0: aidez-les \u00e0 atteindre la m\u00e9t\u00e9orite au centre du plateau\u00a0! Mais attention\u00a0! D\u00e8s qu&rsquo;un symbole Marshall appara\u00eet, le Marshall m\u00e9canique entre en sc\u00e8ne et traverse le plateau en semant la pagaille\u00a0! Qui survivra et parviendra \u00e0 ramener&hellip;<\/p>\n","protected":false},"featured_media":158530,"comment_status":"open","ping_status":"closed","template":"","meta":[],"product_brand":[],"product_cat":[38099],"product_tag":[],"class_list":{"0":"post-254706","1":"product","2":"type-product","3":"status-publish","4":"has-post-thumbnail","6":"product_cat-gesellschaftsspiel","7":"product_shipping_class-global_methods","9":"first","10":"instock","11":"taxable","12":"shipping-taxable","13":"purchasable","14":"product-type-simple"},"yoast_head":"<!-- This site is optimized with the Yoast SEO plugin v27.4 - https:\/\/yoast.com\/product\/yoast-seo-wordpress\/ -->\n<title>Spinmaster Paw Patrol \u2013 Die Meteor Mission | Jetzt kaufen | Schweizversand.ch<\/title>\n<meta name=\"description\" content=\"Spinmaster Paw Patrol \u2013 Die Meteor Mission g\u00fcnstig kaufen bei Schweizversand.ch. Schnelle Lieferung in der Schweiz. Gratisversand ab CHF 50.\" \/>\n<meta name=\"robots\" content=\"index, follow, max-snippet:-1, max-image-preview:large, max-video-preview:-1\" \/>\n<link rel=\"canonical\" href=\"https:\/\/schweizversand.ch\/fr\/produkt\/spinmaster-paw-patrol-die-meteor-mission\/\" \/>\n<meta property=\"og:locale\" content=\"fr_FR\" \/>\n<meta property=\"og:type\" content=\"article\" \/>\n<meta property=\"og:title\" content=\"Spinmaster Paw Patrol \u2013 Die Meteor Mission | Jetzt kaufen | Schweizversand.ch\" \/>\n<meta property=\"og:description\" content=\"Spinmaster Paw Patrol \u2013 Die Meteor Mission g\u00fcnstig kaufen bei Schweizversand.ch. Schnelle Lieferung in der Schweiz. Gratisversand ab CHF 50.\" \/>\n<meta property=\"og:url\" content=\"https:\/\/schweizversand.ch\/fr\/produkt\/spinmaster-paw-patrol-die-meteor-mission\/\" \/>\n<meta property=\"og:site_name\" content=\"Schweizer Shop f\u00fcr Sport, Spiel und Freizeit\" \/>\n<meta property=\"article:publisher\" content=\"https:\/\/www.facebook.com\/Schweizversand\" \/>\n<meta property=\"article:modified_time\" content=\"2026-04-20T00:03:11+00:00\" \/>\n<meta property=\"og:image\" content=\"https:\/\/schweizversand.ch\/wp-content\/uploads\/2026\/02\/5472034775.jpg\" \/>\n\t<meta property=\"og:image:width\" content=\"1024\" \/>\n\t<meta property=\"og:image:height\" content=\"958\" \/>\n\t<meta property=\"og:image:type\" content=\"image\/jpeg\" \/>\n<meta name=\"twitter:card\" content=\"summary_large_image\" \/>\n<meta name=\"twitter:label1\" content=\"Dur\u00e9e de lecture estim\u00e9e\" \/>\n\t<meta name=\"twitter:data1\" content=\"1 minute\" \/>\n<script type=\"application\/ld+json\" class=\"yoast-schema-graph\">{\"@context\":\"https:\\\/\\\/schema.org\",\"@graph\":[{\"@type\":\"WebPage\",\"@id\":\"https:\\\/\\\/schweizversand.ch\\\/fr\\\/produkt\\\/spinmaster-paw-patrol-die-meteor-mission\\\/\",\"url\":\"https:\\\/\\\/schweizversand.ch\\\/fr\\\/produkt\\\/spinmaster-paw-patrol-die-meteor-mission\\\/\",\"name\":\"Spinmaster Paw Patrol \u2013 Die Meteor Mission | Jetzt kaufen | Schweizversand.ch\",\"isPartOf\":{\"@id\":\"https:\\\/\\\/schweizversand.ch\\\/fr\\\/#website\"},\"primaryImageOfPage\":{\"@id\":\"https:\\\/\\\/schweizversand.ch\\\/fr\\\/produkt\\\/spinmaster-paw-patrol-die-meteor-mission\\\/#primaryimage\"},\"image\":{\"@id\":\"https:\\\/\\\/schweizversand.ch\\\/fr\\\/produkt\\\/spinmaster-paw-patrol-die-meteor-mission\\\/#primaryimage\"},\"thumbnailUrl\":\"https:\\\/\\\/schweizversand.ch\\\/wp-content\\\/uploads\\\/2026\\\/02\\\/5472034775.jpg\",\"datePublished\":\"2026-03-14T23:28:11+00:00\",\"dateModified\":\"2026-04-20T00:03:11+00:00\",\"description\":\"Spinmaster Paw Patrol \u2013 Die Meteor Mission g\u00fcnstig kaufen bei Schweizversand.ch. Schnelle Lieferung in der Schweiz. Gratisversand ab CHF 50.\",\"breadcrumb\":{\"@id\":\"https:\\\/\\\/schweizversand.ch\\\/fr\\\/produkt\\\/spinmaster-paw-patrol-die-meteor-mission\\\/#breadcrumb\"},\"inLanguage\":\"fr-FR\",\"potentialAction\":[{\"@type\":\"ReadAction\",\"target\":[\"https:\\\/\\\/schweizversand.ch\\\/fr\\\/produkt\\\/spinmaster-paw-patrol-die-meteor-mission\\\/\"]}]},{\"@type\":\"ImageObject\",\"inLanguage\":\"fr-FR\",\"@id\":\"https:\\\/\\\/schweizversand.ch\\\/fr\\\/produkt\\\/spinmaster-paw-patrol-die-meteor-mission\\\/#primaryimage\",\"url\":\"https:\\\/\\\/schweizversand.ch\\\/wp-content\\\/uploads\\\/2026\\\/02\\\/5472034775.jpg\",\"contentUrl\":\"https:\\\/\\\/schweizversand.ch\\\/wp-content\\\/uploads\\\/2026\\\/02\\\/5472034775.jpg\",\"width\":1024,\"height\":958},{\"@type\":\"BreadcrumbList\",\"@id\":\"https:\\\/\\\/schweizversand.ch\\\/fr\\\/produkt\\\/spinmaster-paw-patrol-die-meteor-mission\\\/#breadcrumb\",\"itemListElement\":[{\"@type\":\"ListItem\",\"position\":1,\"name\":\"Startseite\",\"item\":\"https:\\\/\\\/schweizversand.ch\\\/fr\\\/home\\\/\"},{\"@type\":\"ListItem\",\"position\":2,\"name\":\"Boutique\",\"item\":\"https:\\\/\\\/schweizversand.ch\\\/fr\\\/boutique\\\/\"},{\"@type\":\"ListItem\",\"position\":3,\"name\":\"Jouets et jeux\",\"item\":\"https:\\\/\\\/schweizversand.ch\\\/fr\\\/produkt-kategorie\\\/jouets-et-jeux\\\/\"},{\"@type\":\"ListItem\",\"position\":4,\"name\":\"Jeux et puzzles\",\"item\":\"https:\\\/\\\/schweizversand.ch\\\/fr\\\/produkt-kategorie\\\/jouets-et-jeux\\\/jeux-et-puzzles\\\/\"},{\"@type\":\"ListItem\",\"position\":5,\"name\":\"Jeux de soci\u00e9t\u00e9\",\"item\":\"https:\\\/\\\/schweizversand.ch\\\/fr\\\/produkt-kategorie\\\/gesellschaftsspiel\\\/\"},{\"@type\":\"ListItem\",\"position\":6,\"name\":\"Spinmaster Pat&#8216; Patrouille \u2013 La mission m\u00e9t\u00e9ore\"}]},{\"@type\":\"WebSite\",\"@id\":\"https:\\\/\\\/schweizversand.ch\\\/fr\\\/#website\",\"url\":\"https:\\\/\\\/schweizversand.ch\\\/fr\\\/\",\"name\":\"Schweizer Shop f\u00fcr Sport, Spiel und Freizeit\",\"description\":\"Gratisversand ab 50.- (netto), ab eigenem schweizer Lager, Lieferung innert 48h\",\"publisher\":{\"@id\":\"https:\\\/\\\/schweizversand.ch\\\/fr\\\/#organization\"},\"alternateName\":\"Schweizversand.ch\",\"potentialAction\":[{\"@type\":\"SearchAction\",\"target\":{\"@type\":\"EntryPoint\",\"urlTemplate\":\"https:\\\/\\\/schweizversand.ch\\\/fr\\\/?s={search_term_string}\"},\"query-input\":{\"@type\":\"PropertyValueSpecification\",\"valueRequired\":true,\"valueName\":\"search_term_string\"}}],\"inLanguage\":\"fr-FR\"},{\"@type\":\"Organization\",\"@id\":\"https:\\\/\\\/schweizversand.ch\\\/fr\\\/#organization\",\"name\":\"Schweizversand.ch\",\"url\":\"https:\\\/\\\/schweizversand.ch\\\/fr\\\/\",\"logo\":{\"@type\":\"ImageObject\",\"inLanguage\":\"fr-FR\",\"@id\":\"https:\\\/\\\/schweizversand.ch\\\/fr\\\/#\\\/schema\\\/logo\\\/image\\\/\",\"url\":\"https:\\\/\\\/schweizversand.ch\\\/wp-content\\\/uploads\\\/2026\\\/03\\\/Logo_Rund_Final-1.png\",\"contentUrl\":\"https:\\\/\\\/schweizversand.ch\\\/wp-content\\\/uploads\\\/2026\\\/03\\\/Logo_Rund_Final-1.png\",\"width\":404,\"height\":404,\"caption\":\"Schweizversand.ch\"},\"image\":{\"@id\":\"https:\\\/\\\/schweizversand.ch\\\/fr\\\/#\\\/schema\\\/logo\\\/image\\\/\"},\"sameAs\":[\"https:\\\/\\\/www.facebook.com\\\/Schweizversand\",\"https:\\\/\\\/www.instagram.com\\\/schweizversand.ch\\\/\"]}]}<\/script>\n<!-- \/ Yoast SEO plugin. -->","yoast_head_json":{"title":"Spinmaster Paw Patrol \u2013 Die Meteor Mission | Jetzt kaufen | Schweizversand.ch","description":"Spinmaster Paw Patrol \u2013 Die Meteor Mission g\u00fcnstig kaufen bei Schweizversand.ch. Schnelle Lieferung in der Schweiz. Gratisversand ab CHF 50.","robots":{"index":"index","follow":"follow","max-snippet":"max-snippet:-1","max-image-preview":"max-image-preview:large","max-video-preview":"max-video-preview:-1"},"canonical":"https:\/\/schweizversand.ch\/fr\/produkt\/spinmaster-paw-patrol-die-meteor-mission\/","og_locale":"fr_FR","og_type":"article","og_title":"Spinmaster Paw Patrol \u2013 Die Meteor Mission | Jetzt kaufen | Schweizversand.ch","og_description":"Spinmaster Paw Patrol \u2013 Die Meteor Mission g\u00fcnstig kaufen bei Schweizversand.ch. Schnelle Lieferung in der Schweiz. Gratisversand ab CHF 50.","og_url":"https:\/\/schweizversand.ch\/fr\/produkt\/spinmaster-paw-patrol-die-meteor-mission\/","og_site_name":"Schweizer Shop f\u00fcr Sport, Spiel und Freizeit","article_publisher":"https:\/\/www.facebook.com\/Schweizversand","article_modified_time":"2026-04-20T00:03:11+00:00","og_image":[{"width":1024,"height":958,"url":"https:\/\/schweizversand.ch\/wp-content\/uploads\/2026\/02\/5472034775.jpg","type":"image\/jpeg"}],"twitter_card":"summary_large_image","twitter_misc":{"Dur\u00e9e de lecture estim\u00e9e":"1 minute"},"schema":{"@context":"https:\/\/schema.org","@graph":[{"@type":"WebPage","@id":"https:\/\/schweizversand.ch\/fr\/produkt\/spinmaster-paw-patrol-die-meteor-mission\/","url":"https:\/\/schweizversand.ch\/fr\/produkt\/spinmaster-paw-patrol-die-meteor-mission\/","name":"Spinmaster Paw Patrol \u2013 Die Meteor Mission | Jetzt kaufen | Schweizversand.ch","isPartOf":{"@id":"https:\/\/schweizversand.ch\/fr\/#website"},"primaryImageOfPage":{"@id":"https:\/\/schweizversand.ch\/fr\/produkt\/spinmaster-paw-patrol-die-meteor-mission\/#primaryimage"},"image":{"@id":"https:\/\/schweizversand.ch\/fr\/produkt\/spinmaster-paw-patrol-die-meteor-mission\/#primaryimage"},"thumbnailUrl":"https:\/\/schweizversand.ch\/wp-content\/uploads\/2026\/02\/5472034775.jpg","datePublished":"2026-03-14T23:28:11+00:00","dateModified":"2026-04-20T00:03:11+00:00","description":"Spinmaster Paw Patrol \u2013 Die Meteor Mission g\u00fcnstig kaufen bei Schweizversand.ch. Schnelle Lieferung in der Schweiz. Gratisversand ab CHF 50.","breadcrumb":{"@id":"https:\/\/schweizversand.ch\/fr\/produkt\/spinmaster-paw-patrol-die-meteor-mission\/#breadcrumb"},"inLanguage":"fr-FR","potentialAction":[{"@type":"ReadAction","target":["https:\/\/schweizversand.ch\/fr\/produkt\/spinmaster-paw-patrol-die-meteor-mission\/"]}]},{"@type":"ImageObject","inLanguage":"fr-FR","@id":"https:\/\/schweizversand.ch\/fr\/produkt\/spinmaster-paw-patrol-die-meteor-mission\/#primaryimage","url":"https:\/\/schweizversand.ch\/wp-content\/uploads\/2026\/02\/5472034775.jpg","contentUrl":"https:\/\/schweizversand.ch\/wp-content\/uploads\/2026\/02\/5472034775.jpg","width":1024,"height":958},{"@type":"BreadcrumbList","@id":"https:\/\/schweizversand.ch\/fr\/produkt\/spinmaster-paw-patrol-die-meteor-mission\/#breadcrumb","itemListElement":[{"@type":"ListItem","position":1,"name":"Startseite","item":"https:\/\/schweizversand.ch\/fr\/home\/"},{"@type":"ListItem","position":2,"name":"Boutique","item":"https:\/\/schweizversand.ch\/fr\/boutique\/"},{"@type":"ListItem","position":3,"name":"Jouets et jeux","item":"https:\/\/schweizversand.ch\/fr\/produkt-kategorie\/jouets-et-jeux\/"},{"@type":"ListItem","position":4,"name":"Jeux et puzzles","item":"https:\/\/schweizversand.ch\/fr\/produkt-kategorie\/jouets-et-jeux\/jeux-et-puzzles\/"},{"@type":"ListItem","position":5,"name":"Jeux de soci\u00e9t\u00e9","item":"https:\/\/schweizversand.ch\/fr\/produkt-kategorie\/gesellschaftsspiel\/"},{"@type":"ListItem","position":6,"name":"Spinmaster Pat&#8216; Patrouille \u2013 La mission m\u00e9t\u00e9ore"}]},{"@type":"WebSite","@id":"https:\/\/schweizversand.ch\/fr\/#website","url":"https:\/\/schweizversand.ch\/fr\/","name":"Schweizer Shop f\u00fcr Sport, Spiel und Freizeit","description":"Gratisversand ab 50.- (netto), ab eigenem schweizer Lager, Lieferung innert 48h","publisher":{"@id":"https:\/\/schweizversand.ch\/fr\/#organization"},"alternateName":"Schweizversand.ch","potentialAction":[{"@type":"SearchAction","target":{"@type":"EntryPoint","urlTemplate":"https:\/\/schweizversand.ch\/fr\/?s={search_term_string}"},"query-input":{"@type":"PropertyValueSpecification","valueRequired":true,"valueName":"search_term_string"}}],"inLanguage":"fr-FR"},{"@type":"Organization","@id":"https:\/\/schweizversand.ch\/fr\/#organization","name":"Schweizversand.ch","url":"https:\/\/schweizversand.ch\/fr\/","logo":{"@type":"ImageObject","inLanguage":"fr-FR","@id":"https:\/\/schweizversand.ch\/fr\/#\/schema\/logo\/image\/","url":"https:\/\/schweizversand.ch\/wp-content\/uploads\/2026\/03\/Logo_Rund_Final-1.png","contentUrl":"https:\/\/schweizversand.ch\/wp-content\/uploads\/2026\/03\/Logo_Rund_Final-1.png","width":404,"height":404,"caption":"Schweizversand.ch"},"image":{"@id":"https:\/\/schweizversand.ch\/fr\/#\/schema\/logo\/image\/"},"sameAs":["https:\/\/www.facebook.com\/Schweizversand","https:\/\/www.instagram.com\/schweizversand.ch\/"]}]}},"jetpack_sharing_enabled":true,"_links":{"self":[{"href":"https:\/\/schweizversand.ch\/fr\/wp-json\/wp\/v2\/product\/254706","targetHints":{"allow":["GET"]}}],"collection":[{"href":"https:\/\/schweizversand.ch\/fr\/wp-json\/wp\/v2\/product"}],"about":[{"href":"https:\/\/schweizversand.ch\/fr\/wp-json\/wp\/v2\/types\/product"}],"replies":[{"embeddable":true,"href":"https:\/\/schweizversand.ch\/fr\/wp-json\/wp\/v2\/comments?post=254706"}],"wp:featuredmedia":[{"embeddable":true,"href":"https:\/\/schweizversand.ch\/fr\/wp-json\/wp\/v2\/media\/158530"}],"wp:attachment":[{"href":"https:\/\/schweizversand.ch\/fr\/wp-json\/wp\/v2\/media?parent=254706"}],"wp:term":[{"taxonomy":"product_brand","embeddable":true,"href":"https:\/\/schweizversand.ch\/fr\/wp-json\/wp\/v2\/product_brand?post=254706"},{"taxonomy":"product_cat","embeddable":true,"href":"https:\/\/schweizversand.ch\/fr\/wp-json\/wp\/v2\/product_cat?post=254706"},{"taxonomy":"product_tag","embeddable":true,"href":"https:\/\/schweizversand.ch\/fr\/wp-json\/wp\/v2\/product_tag?post=254706"}],"curies":[{"name":"wp","href":"https:\/\/api.w.org\/{rel}","templated":true}]}}