{"id":254707,"date":"2026-03-15T00:28:11","date_gmt":"2026-03-14T23:28:11","guid":{"rendered":"https:\/\/schweizversand.ch\/produkt\/spinmaster-bakugan-3-0-deka-jumbo\/"},"modified":"2026-04-19T02:03:28","modified_gmt":"2026-04-19T00:03:28","slug":"spinmaster-bakugan-3-0-deka-jumbo","status":"publish","type":"product","link":"https:\/\/schweizversand.ch\/fr\/produkt\/spinmaster-bakugan-3-0-deka-jumbo\/","title":{"rendered":"Spinmaster Bakugan 3.0 Deka Jumbo"},"content":{"rendered":"<h1><strong>Bakugan 3.0 Deka Jumbo \u2013 Figurine XXL \u00e0 collectionner<\/strong><\/h1>\n<div>Plongez dans l&rsquo;univers tr\u00e9pidant de Bakugan avec les impressionnantes figurines <strong>Bakugan Deka Jumbo<\/strong>. Ces figurines g\u00e9antes, aux d\u00e9tails exceptionnels, sont les Bakugan ultimes et vous offrent une exp\u00e9rience de jeu in\u00e9dite. Pr\u00e9parez-vous \u00e0 des transformations spectaculaires et vivez l&rsquo;excitation de la s\u00e9rie Bakugan 3.0 en format XXL. Taille et d\u00e9tails impressionnants\u00a0: les figurines Bakugan Deka Jumbo mesurent 10\u00a0cm de diam\u00e8tre et repr\u00e9sentent les Bakugan les plus populaires dans une taille exceptionnelle. Chaque figurine de 10\u00a0cm regorge de d\u00e9tails pr\u00e9cis qui attirent tous les regards\u00a0; id\u00e9ales pour jouer et d\u00e9corer. Ces versions <strong>Bakugan XXL<\/strong> sont un incontournable pour tout collectionneur passionn\u00e9.<\/p>\n<\/div>\n<div><strong>Transformations et combinaisons innovantes<\/strong><br \/>\u00c0 l&rsquo;instar de leurs homologues plus petits, les Deka Balls b\u00e9n\u00e9ficient \u00e9galement du m\u00e9canisme innovant 3.0. Les figurines sont divis\u00e9es en deux parties, sup\u00e9rieure et inf\u00e9rieure, et peuvent \u00eatre combin\u00e9es \u00e0 l&rsquo;infini. Admirez la transformation spectaculaire de votre <strong>Bakugan Deka Jumbo<\/strong> lorsqu&rsquo;il roule sur la <strong>Carte Portail Bakugan<\/strong> incluse. Cette combinabilit\u00e9 d\u00e9cuple le plaisir et les possibilit\u00e9s strat\u00e9giques des combats.<\/p>\n<\/div>\n<div><strong>Contenu et compatibilit\u00e9<\/strong><br \/>Ce coffret contient tout le n\u00e9cessaire pour commencer \u00e0 jouer imm\u00e9diatement. Les figurines \u00e0 collectionner de la s\u00e9rie Bakugan Deka sont enti\u00e8rement compatibles avec les kits d&rsquo;entra\u00eenement et les packs de combat de la nouvelle s\u00e9rie 3.0, vendus s\u00e9par\u00e9ment pour agrandir sans cesse votre collection.<\/p>\n<\/div>\n<div><strong>Contenu du Bakugan Deka Jumbo<\/strong><br \/>&#8211; 1 Bakugan Attaque Sp\u00e9ciale Deka (environ 10 cm)<br \/>&#8211; 1 carte Portail<br \/>&#8211; 1 jeton avec un code Roblox exclusif<\/p>\n<\/div>\n<div><strong>Informations importantes concernant votre commande<\/strong><br \/>Les figurines Bakugan Deka Jumbo sont exp\u00e9di\u00e9es de fa\u00e7on al\u00e9atoire, car diff\u00e9rents personnages sont disponibles. Malheureusement, le choix de la couleur n&rsquo;est pas possible. Le prix indiqu\u00e9 est par figurine. Ce produit convient aux enfants de 6 ans et plus et constitue une introduction id\u00e9ale \u00e0 l&rsquo;univers des combats Bakugan. Procurez-vous votre Bakugan Deka Jumbo d\u00e8s maintenant et ajoutez les cr\u00e9atures les plus grandes et les plus puissantes \u00e0 votre collection. Que ce soit comme cadeau, objet de collection ou pour la prochaine bataille \u00e9pique, ces figurines XXL garantissent un maximum de plaisir.<\/p>\n","protected":false},"excerpt":{"rendered":"<p>Bakugan 3.0 Deka Jumbo \u2013 Figurine XXL \u00e0 collectionner Plongez dans l&rsquo;univers tr\u00e9pidant de Bakugan avec les impressionnantes figurines Bakugan Deka Jumbo. Ces figurines g\u00e9antes, aux d\u00e9tails exceptionnels, sont les Bakugan ultimes et vous offrent une exp\u00e9rience de jeu in\u00e9dite. Pr\u00e9parez-vous \u00e0 des transformations spectaculaires et vivez l&rsquo;excitation de la s\u00e9rie Bakugan 3.0 en format XXL. Taille et d\u00e9tails impressionnants\u00a0: les figurines Bakugan Deka Jumbo mesurent 10\u00a0cm de diam\u00e8tre et repr\u00e9sentent les Bakugan les plus&hellip;<\/p>\n","protected":false},"featured_media":158536,"comment_status":"open","ping_status":"closed","template":"","meta":[],"product_brand":[],"product_cat":[38097],"product_tag":[],"class_list":{"0":"post-254707","1":"product","2":"type-product","3":"status-publish","4":"has-post-thumbnail","6":"product_cat-spielzeugfigur-roboter","7":"product_shipping_class-global_methods","9":"first","10":"instock","11":"taxable","12":"shipping-taxable","13":"purchasable","14":"product-type-simple"},"yoast_head":"<!-- This site is optimized with the Yoast SEO plugin v27.4 - https:\/\/yoast.com\/product\/yoast-seo-wordpress\/ -->\n<title>Spinmaster Bakugan 3.0 Deka Jumbo | Jetzt kaufen | Schweizversand.ch<\/title>\n<meta name=\"description\" content=\"Spinmaster Bakugan 3.0 Deka Jumbo g\u00fcnstig kaufen bei Schweizversand.ch. Schnelle Lieferung in der Schweiz. Gratisversand ab CHF 50.\" \/>\n<meta name=\"robots\" content=\"index, follow, max-snippet:-1, max-image-preview:large, max-video-preview:-1\" \/>\n<link rel=\"canonical\" href=\"https:\/\/schweizversand.ch\/fr\/produkt\/spinmaster-bakugan-3-0-deka-jumbo\/\" \/>\n<meta property=\"og:locale\" content=\"fr_FR\" \/>\n<meta property=\"og:type\" content=\"article\" \/>\n<meta property=\"og:title\" content=\"Spinmaster Bakugan 3.0 Deka Jumbo | Jetzt kaufen | Schweizversand.ch\" \/>\n<meta property=\"og:description\" content=\"Spinmaster Bakugan 3.0 Deka Jumbo g\u00fcnstig kaufen bei Schweizversand.ch. Schnelle Lieferung in der Schweiz. Gratisversand ab CHF 50.\" \/>\n<meta property=\"og:url\" content=\"https:\/\/schweizversand.ch\/fr\/produkt\/spinmaster-bakugan-3-0-deka-jumbo\/\" \/>\n<meta property=\"og:site_name\" content=\"Schweizer Shop f\u00fcr Sport, Spiel und Freizeit\" \/>\n<meta property=\"article:publisher\" content=\"https:\/\/www.facebook.com\/Schweizversand\" \/>\n<meta property=\"article:modified_time\" content=\"2026-04-19T00:03:28+00:00\" \/>\n<meta property=\"og:image\" content=\"https:\/\/schweizversand.ch\/wp-content\/uploads\/2026\/02\/5472033761.jpg\" \/>\n\t<meta property=\"og:image:width\" content=\"1024\" \/>\n\t<meta property=\"og:image:height\" content=\"1011\" \/>\n\t<meta property=\"og:image:type\" content=\"image\/jpeg\" \/>\n<meta name=\"twitter:card\" content=\"summary_large_image\" \/>\n<meta name=\"twitter:label1\" content=\"Dur\u00e9e de lecture estim\u00e9e\" \/>\n\t<meta name=\"twitter:data1\" content=\"2 minutes\" \/>\n<script type=\"application\/ld+json\" class=\"yoast-schema-graph\">{\"@context\":\"https:\\\/\\\/schema.org\",\"@graph\":[{\"@type\":\"WebPage\",\"@id\":\"https:\\\/\\\/schweizversand.ch\\\/fr\\\/produkt\\\/spinmaster-bakugan-3-0-deka-jumbo\\\/\",\"url\":\"https:\\\/\\\/schweizversand.ch\\\/fr\\\/produkt\\\/spinmaster-bakugan-3-0-deka-jumbo\\\/\",\"name\":\"Spinmaster Bakugan 3.0 Deka Jumbo | Jetzt kaufen | Schweizversand.ch\",\"isPartOf\":{\"@id\":\"https:\\\/\\\/schweizversand.ch\\\/fr\\\/#website\"},\"primaryImageOfPage\":{\"@id\":\"https:\\\/\\\/schweizversand.ch\\\/fr\\\/produkt\\\/spinmaster-bakugan-3-0-deka-jumbo\\\/#primaryimage\"},\"image\":{\"@id\":\"https:\\\/\\\/schweizversand.ch\\\/fr\\\/produkt\\\/spinmaster-bakugan-3-0-deka-jumbo\\\/#primaryimage\"},\"thumbnailUrl\":\"https:\\\/\\\/schweizversand.ch\\\/wp-content\\\/uploads\\\/2026\\\/02\\\/5472033761.jpg\",\"datePublished\":\"2026-03-14T23:28:11+00:00\",\"dateModified\":\"2026-04-19T00:03:28+00:00\",\"description\":\"Spinmaster Bakugan 3.0 Deka Jumbo g\u00fcnstig kaufen bei Schweizversand.ch. Schnelle Lieferung in der Schweiz. Gratisversand ab CHF 50.\",\"breadcrumb\":{\"@id\":\"https:\\\/\\\/schweizversand.ch\\\/fr\\\/produkt\\\/spinmaster-bakugan-3-0-deka-jumbo\\\/#breadcrumb\"},\"inLanguage\":\"fr-FR\",\"potentialAction\":[{\"@type\":\"ReadAction\",\"target\":[\"https:\\\/\\\/schweizversand.ch\\\/fr\\\/produkt\\\/spinmaster-bakugan-3-0-deka-jumbo\\\/\"]}]},{\"@type\":\"ImageObject\",\"inLanguage\":\"fr-FR\",\"@id\":\"https:\\\/\\\/schweizversand.ch\\\/fr\\\/produkt\\\/spinmaster-bakugan-3-0-deka-jumbo\\\/#primaryimage\",\"url\":\"https:\\\/\\\/schweizversand.ch\\\/wp-content\\\/uploads\\\/2026\\\/02\\\/5472033761.jpg\",\"contentUrl\":\"https:\\\/\\\/schweizversand.ch\\\/wp-content\\\/uploads\\\/2026\\\/02\\\/5472033761.jpg\",\"width\":1024,\"height\":1011},{\"@type\":\"BreadcrumbList\",\"@id\":\"https:\\\/\\\/schweizversand.ch\\\/fr\\\/produkt\\\/spinmaster-bakugan-3-0-deka-jumbo\\\/#breadcrumb\",\"itemListElement\":[{\"@type\":\"ListItem\",\"position\":1,\"name\":\"Startseite\",\"item\":\"https:\\\/\\\/schweizversand.ch\\\/fr\\\/home\\\/\"},{\"@type\":\"ListItem\",\"position\":2,\"name\":\"Boutique\",\"item\":\"https:\\\/\\\/schweizversand.ch\\\/fr\\\/boutique\\\/\"},{\"@type\":\"ListItem\",\"position\":3,\"name\":\"Jouets et jeux\",\"item\":\"https:\\\/\\\/schweizversand.ch\\\/fr\\\/produkt-kategorie\\\/jouets-et-jeux\\\/\"},{\"@type\":\"ListItem\",\"position\":4,\"name\":\"Figurines et poup\u00e9es\",\"item\":\"https:\\\/\\\/schweizversand.ch\\\/fr\\\/produkt-kategorie\\\/jouets-et-jeux\\\/figurines-et-poupees\\\/\"},{\"@type\":\"ListItem\",\"position\":5,\"name\":\"Figurines et robots\",\"item\":\"https:\\\/\\\/schweizversand.ch\\\/fr\\\/produkt-kategorie\\\/jouets-et-jeux\\\/figurines-et-poupees\\\/spielzeugfigur-roboter\\\/\"},{\"@type\":\"ListItem\",\"position\":6,\"name\":\"Spinmaster Bakugan 3.0 Deka Jumbo\"}]},{\"@type\":\"WebSite\",\"@id\":\"https:\\\/\\\/schweizversand.ch\\\/fr\\\/#website\",\"url\":\"https:\\\/\\\/schweizversand.ch\\\/fr\\\/\",\"name\":\"Schweizer Shop f\u00fcr Sport, Spiel und Freizeit\",\"description\":\"Gratisversand ab 50.- (netto), ab eigenem schweizer Lager, Lieferung innert 48h\",\"publisher\":{\"@id\":\"https:\\\/\\\/schweizversand.ch\\\/fr\\\/#organization\"},\"alternateName\":\"Schweizversand.ch\",\"potentialAction\":[{\"@type\":\"SearchAction\",\"target\":{\"@type\":\"EntryPoint\",\"urlTemplate\":\"https:\\\/\\\/schweizversand.ch\\\/fr\\\/?s={search_term_string}\"},\"query-input\":{\"@type\":\"PropertyValueSpecification\",\"valueRequired\":true,\"valueName\":\"search_term_string\"}}],\"inLanguage\":\"fr-FR\"},{\"@type\":\"Organization\",\"@id\":\"https:\\\/\\\/schweizversand.ch\\\/fr\\\/#organization\",\"name\":\"Schweizversand.ch\",\"url\":\"https:\\\/\\\/schweizversand.ch\\\/fr\\\/\",\"logo\":{\"@type\":\"ImageObject\",\"inLanguage\":\"fr-FR\",\"@id\":\"https:\\\/\\\/schweizversand.ch\\\/fr\\\/#\\\/schema\\\/logo\\\/image\\\/\",\"url\":\"https:\\\/\\\/schweizversand.ch\\\/wp-content\\\/uploads\\\/2026\\\/03\\\/Logo_Rund_Final-1.png\",\"contentUrl\":\"https:\\\/\\\/schweizversand.ch\\\/wp-content\\\/uploads\\\/2026\\\/03\\\/Logo_Rund_Final-1.png\",\"width\":404,\"height\":404,\"caption\":\"Schweizversand.ch\"},\"image\":{\"@id\":\"https:\\\/\\\/schweizversand.ch\\\/fr\\\/#\\\/schema\\\/logo\\\/image\\\/\"},\"sameAs\":[\"https:\\\/\\\/www.facebook.com\\\/Schweizversand\",\"https:\\\/\\\/www.instagram.com\\\/schweizversand.ch\\\/\"]}]}<\/script>\n<!-- \/ Yoast SEO plugin. -->","yoast_head_json":{"title":"Spinmaster Bakugan 3.0 Deka Jumbo | Jetzt kaufen | Schweizversand.ch","description":"Spinmaster Bakugan 3.0 Deka Jumbo g\u00fcnstig kaufen bei Schweizversand.ch. Schnelle Lieferung in der Schweiz. Gratisversand ab CHF 50.","robots":{"index":"index","follow":"follow","max-snippet":"max-snippet:-1","max-image-preview":"max-image-preview:large","max-video-preview":"max-video-preview:-1"},"canonical":"https:\/\/schweizversand.ch\/fr\/produkt\/spinmaster-bakugan-3-0-deka-jumbo\/","og_locale":"fr_FR","og_type":"article","og_title":"Spinmaster Bakugan 3.0 Deka Jumbo | Jetzt kaufen | Schweizversand.ch","og_description":"Spinmaster Bakugan 3.0 Deka Jumbo g\u00fcnstig kaufen bei Schweizversand.ch. Schnelle Lieferung in der Schweiz. Gratisversand ab CHF 50.","og_url":"https:\/\/schweizversand.ch\/fr\/produkt\/spinmaster-bakugan-3-0-deka-jumbo\/","og_site_name":"Schweizer Shop f\u00fcr Sport, Spiel und Freizeit","article_publisher":"https:\/\/www.facebook.com\/Schweizversand","article_modified_time":"2026-04-19T00:03:28+00:00","og_image":[{"width":1024,"height":1011,"url":"https:\/\/schweizversand.ch\/wp-content\/uploads\/2026\/02\/5472033761.jpg","type":"image\/jpeg"}],"twitter_card":"summary_large_image","twitter_misc":{"Dur\u00e9e de lecture estim\u00e9e":"2 minutes"},"schema":{"@context":"https:\/\/schema.org","@graph":[{"@type":"WebPage","@id":"https:\/\/schweizversand.ch\/fr\/produkt\/spinmaster-bakugan-3-0-deka-jumbo\/","url":"https:\/\/schweizversand.ch\/fr\/produkt\/spinmaster-bakugan-3-0-deka-jumbo\/","name":"Spinmaster Bakugan 3.0 Deka Jumbo | Jetzt kaufen | Schweizversand.ch","isPartOf":{"@id":"https:\/\/schweizversand.ch\/fr\/#website"},"primaryImageOfPage":{"@id":"https:\/\/schweizversand.ch\/fr\/produkt\/spinmaster-bakugan-3-0-deka-jumbo\/#primaryimage"},"image":{"@id":"https:\/\/schweizversand.ch\/fr\/produkt\/spinmaster-bakugan-3-0-deka-jumbo\/#primaryimage"},"thumbnailUrl":"https:\/\/schweizversand.ch\/wp-content\/uploads\/2026\/02\/5472033761.jpg","datePublished":"2026-03-14T23:28:11+00:00","dateModified":"2026-04-19T00:03:28+00:00","description":"Spinmaster Bakugan 3.0 Deka Jumbo g\u00fcnstig kaufen bei Schweizversand.ch. Schnelle Lieferung in der Schweiz. Gratisversand ab CHF 50.","breadcrumb":{"@id":"https:\/\/schweizversand.ch\/fr\/produkt\/spinmaster-bakugan-3-0-deka-jumbo\/#breadcrumb"},"inLanguage":"fr-FR","potentialAction":[{"@type":"ReadAction","target":["https:\/\/schweizversand.ch\/fr\/produkt\/spinmaster-bakugan-3-0-deka-jumbo\/"]}]},{"@type":"ImageObject","inLanguage":"fr-FR","@id":"https:\/\/schweizversand.ch\/fr\/produkt\/spinmaster-bakugan-3-0-deka-jumbo\/#primaryimage","url":"https:\/\/schweizversand.ch\/wp-content\/uploads\/2026\/02\/5472033761.jpg","contentUrl":"https:\/\/schweizversand.ch\/wp-content\/uploads\/2026\/02\/5472033761.jpg","width":1024,"height":1011},{"@type":"BreadcrumbList","@id":"https:\/\/schweizversand.ch\/fr\/produkt\/spinmaster-bakugan-3-0-deka-jumbo\/#breadcrumb","itemListElement":[{"@type":"ListItem","position":1,"name":"Startseite","item":"https:\/\/schweizversand.ch\/fr\/home\/"},{"@type":"ListItem","position":2,"name":"Boutique","item":"https:\/\/schweizversand.ch\/fr\/boutique\/"},{"@type":"ListItem","position":3,"name":"Jouets et jeux","item":"https:\/\/schweizversand.ch\/fr\/produkt-kategorie\/jouets-et-jeux\/"},{"@type":"ListItem","position":4,"name":"Figurines et poup\u00e9es","item":"https:\/\/schweizversand.ch\/fr\/produkt-kategorie\/jouets-et-jeux\/figurines-et-poupees\/"},{"@type":"ListItem","position":5,"name":"Figurines et robots","item":"https:\/\/schweizversand.ch\/fr\/produkt-kategorie\/jouets-et-jeux\/figurines-et-poupees\/spielzeugfigur-roboter\/"},{"@type":"ListItem","position":6,"name":"Spinmaster Bakugan 3.0 Deka Jumbo"}]},{"@type":"WebSite","@id":"https:\/\/schweizversand.ch\/fr\/#website","url":"https:\/\/schweizversand.ch\/fr\/","name":"Schweizer Shop f\u00fcr Sport, Spiel und Freizeit","description":"Gratisversand ab 50.- (netto), ab eigenem schweizer Lager, Lieferung innert 48h","publisher":{"@id":"https:\/\/schweizversand.ch\/fr\/#organization"},"alternateName":"Schweizversand.ch","potentialAction":[{"@type":"SearchAction","target":{"@type":"EntryPoint","urlTemplate":"https:\/\/schweizversand.ch\/fr\/?s={search_term_string}"},"query-input":{"@type":"PropertyValueSpecification","valueRequired":true,"valueName":"search_term_string"}}],"inLanguage":"fr-FR"},{"@type":"Organization","@id":"https:\/\/schweizversand.ch\/fr\/#organization","name":"Schweizversand.ch","url":"https:\/\/schweizversand.ch\/fr\/","logo":{"@type":"ImageObject","inLanguage":"fr-FR","@id":"https:\/\/schweizversand.ch\/fr\/#\/schema\/logo\/image\/","url":"https:\/\/schweizversand.ch\/wp-content\/uploads\/2026\/03\/Logo_Rund_Final-1.png","contentUrl":"https:\/\/schweizversand.ch\/wp-content\/uploads\/2026\/03\/Logo_Rund_Final-1.png","width":404,"height":404,"caption":"Schweizversand.ch"},"image":{"@id":"https:\/\/schweizversand.ch\/fr\/#\/schema\/logo\/image\/"},"sameAs":["https:\/\/www.facebook.com\/Schweizversand","https:\/\/www.instagram.com\/schweizversand.ch\/"]}]}},"jetpack_sharing_enabled":true,"_links":{"self":[{"href":"https:\/\/schweizversand.ch\/fr\/wp-json\/wp\/v2\/product\/254707","targetHints":{"allow":["GET"]}}],"collection":[{"href":"https:\/\/schweizversand.ch\/fr\/wp-json\/wp\/v2\/product"}],"about":[{"href":"https:\/\/schweizversand.ch\/fr\/wp-json\/wp\/v2\/types\/product"}],"replies":[{"embeddable":true,"href":"https:\/\/schweizversand.ch\/fr\/wp-json\/wp\/v2\/comments?post=254707"}],"wp:featuredmedia":[{"embeddable":true,"href":"https:\/\/schweizversand.ch\/fr\/wp-json\/wp\/v2\/media\/158536"}],"wp:attachment":[{"href":"https:\/\/schweizversand.ch\/fr\/wp-json\/wp\/v2\/media?parent=254707"}],"wp:term":[{"taxonomy":"product_brand","embeddable":true,"href":"https:\/\/schweizversand.ch\/fr\/wp-json\/wp\/v2\/product_brand?post=254707"},{"taxonomy":"product_cat","embeddable":true,"href":"https:\/\/schweizversand.ch\/fr\/wp-json\/wp\/v2\/product_cat?post=254707"},{"taxonomy":"product_tag","embeddable":true,"href":"https:\/\/schweizversand.ch\/fr\/wp-json\/wp\/v2\/product_tag?post=254707"}],"curies":[{"name":"wp","href":"https:\/\/api.w.org\/{rel}","templated":true}]}}