{"id":254708,"date":"2026-03-15T00:28:12","date_gmt":"2026-03-14T23:28:12","guid":{"rendered":"https:\/\/schweizversand.ch\/produkt\/spinmaster-bakugan-baku-tin-mit-special-attack-mantid\/"},"modified":"2026-04-20T02:03:11","modified_gmt":"2026-04-20T00:03:11","slug":"spinmaster-bakugan-baku-tin-mit-special-attack-mantid","status":"publish","type":"product","link":"https:\/\/schweizversand.ch\/fr\/produkt\/spinmaster-bakugan-baku-tin-mit-special-attack-mantid\/","title":{"rendered":"Spinmaster Bakugan Baku-tin avec Mantide d&rsquo;attaque sp\u00e9ciale"},"content":{"rendered":"<h1><strong>Bo\u00eete Bakugan Spin Master avec Mantide d&rsquo;Attaque Sp\u00e9ciale<\/strong><\/h1>\n<div>D\u00e9couvrez la solution id\u00e9ale pour votre collection Bakugan avec la <strong>Bo\u00eete Bakugan Spin Master<\/strong>. Cette bo\u00eete de rangement de haute qualit\u00e9 est non seulement un havre de paix pour vos Battle Brawlers, mais aussi la porte d&rsquo;entr\u00e9e vers des duels palpitants o\u00f9 que vous soyez.<\/p>\n<\/div>\n<div><strong>Rangement et transport parfaits<\/strong><br \/>La <strong>Bo\u00eete Bakugan<\/strong> offre un espace g\u00e9n\u00e9reux gr\u00e2ce \u00e0 ses deux niveaux pour vos <strong>Cartes \u00e0 Collectionner Bakugan<\/strong>, vos Anneaux d&rsquo;Attaque Sp\u00e9ciale et, bien s\u00fbr, vos figurines Bakugan. Ainsi, vous avez toujours tout votre \u00e9quipement <strong>\u00e0 port\u00e9e de main<\/strong> et rang\u00e9 en toute s\u00e9curit\u00e9, id\u00e9al pour les voyages.<\/p>\n<\/div>\n<div><strong>Pr\u00eat pour le combat\u00a0?<\/strong><br \/>Transformez le couvercle de la bo\u00eete en ar\u00e8ne de combat en un clin d&rsquo;\u0153il. Ainsi, vous \u00eates toujours pr\u00eat \u00e0 envoyer votre <strong>Mantide Attaque Sp\u00e9ciale<\/strong> ou d&rsquo;autres Bakugan au combat et \u00e0 vivre des batailles palpitantes. Le coffret comprend \u00e9galement une <strong>cordon de lancement XL<\/strong> pour jouer imm\u00e9diatement.<\/p>\n<\/div>\n<div><strong>Contenu exclusif et aventures num\u00e9riques<\/strong><br \/>Cette <strong>bo\u00eete de rangement Bakugan<\/strong> contient un Bakugan <strong>Mantide Attaque Sp\u00e9ciale<\/strong> exclusif et une s\u00e9lection de cartes \u00e0 collectionner, incluant des cartes Personnage, Attaque Sp\u00e9ciale et Portail. Chaque figurine Bakugan inclut un code sp\u00e9cial pour la plateforme de jeu en ligne Roblox, d\u00e9bloquant <strong>des options de jeu suppl\u00e9mentaires<\/strong>.<\/p>\n<\/div>\n<div><strong>Contenu de l&#8217;emballage<\/strong><br \/>&#8211; 1 Baku-tin<br \/>&#8211; 1 Bakugan Attaque Sp\u00e9ciale<br \/>&#8211; 1 Carte Personnage<br \/>&#8211; 1 Carte Attaque Sp\u00e9ciale<br \/>&#8211; 2 Cartes Portail<br \/>&#8211; 2 Anneaux de Puissance<br \/>&#8211; 1 XL Ripple<br \/>&#8211; 1 Guide du Collectionneur<br \/>&#8211; 1 Jeton Bakugan<\/p>\n<\/div>\n<div>Agrandissez votre collection avec ce jouet <strong>Bakugan<\/strong> incontournable et soyez toujours pr\u00eat pour le prochain d\u00e9fi.<\/p>\n","protected":false},"excerpt":{"rendered":"<p>Bo\u00eete Bakugan Spin Master avec Mantide d&rsquo;Attaque Sp\u00e9ciale D\u00e9couvrez la solution id\u00e9ale pour votre collection Bakugan avec la Bo\u00eete Bakugan Spin Master. Cette bo\u00eete de rangement de haute qualit\u00e9 est non seulement un havre de paix pour vos Battle Brawlers, mais aussi la porte d&rsquo;entr\u00e9e vers des duels palpitants o\u00f9 que vous soyez. Rangement et transport parfaitsLa Bo\u00eete Bakugan offre un espace g\u00e9n\u00e9reux gr\u00e2ce \u00e0 ses deux niveaux pour vos Cartes \u00e0 Collectionner Bakugan, vos&hellip;<\/p>\n","protected":false},"featured_media":158542,"comment_status":"open","ping_status":"closed","template":"","meta":[],"product_brand":[],"product_cat":[38097],"product_tag":[],"class_list":{"0":"post-254708","1":"product","2":"type-product","3":"status-publish","4":"has-post-thumbnail","6":"product_cat-spielzeugfigur-roboter","7":"product_shipping_class-global_methods","9":"first","10":"instock","11":"taxable","12":"shipping-taxable","13":"purchasable","14":"product-type-simple"},"yoast_head":"<!-- This site is optimized with the Yoast SEO plugin v27.4 - https:\/\/yoast.com\/product\/yoast-seo-wordpress\/ -->\n<title>Spinmaster Bakugan Baku-tin mit Special Attack Mantid | Jetzt kaufen | Schweizversand.ch<\/title>\n<meta name=\"description\" content=\"Spinmaster Bakugan Baku-tin mit Special Attack Mantid g\u00fcnstig kaufen bei Schweizversand.ch. Schnelle Lieferung in der Schweiz. Gratisversand ab CHF 50.\" \/>\n<meta name=\"robots\" content=\"index, follow, max-snippet:-1, max-image-preview:large, max-video-preview:-1\" \/>\n<link rel=\"canonical\" href=\"https:\/\/schweizversand.ch\/fr\/produkt\/spinmaster-bakugan-baku-tin-mit-special-attack-mantid\/\" \/>\n<meta property=\"og:locale\" content=\"fr_FR\" \/>\n<meta property=\"og:type\" content=\"article\" \/>\n<meta property=\"og:title\" content=\"Spinmaster Bakugan Baku-tin mit Special Attack Mantid | Jetzt kaufen | Schweizversand.ch\" \/>\n<meta property=\"og:description\" content=\"Spinmaster Bakugan Baku-tin mit Special Attack Mantid g\u00fcnstig kaufen bei Schweizversand.ch. Schnelle Lieferung in der Schweiz. Gratisversand ab CHF 50.\" \/>\n<meta property=\"og:url\" content=\"https:\/\/schweizversand.ch\/fr\/produkt\/spinmaster-bakugan-baku-tin-mit-special-attack-mantid\/\" \/>\n<meta property=\"og:site_name\" content=\"Schweizer Shop f\u00fcr Sport, Spiel und Freizeit\" \/>\n<meta property=\"article:publisher\" content=\"https:\/\/www.facebook.com\/Schweizversand\" \/>\n<meta property=\"article:modified_time\" content=\"2026-04-20T00:03:11+00:00\" \/>\n<meta property=\"og:image\" content=\"https:\/\/schweizversand.ch\/wp-content\/uploads\/2026\/02\/5507687825.jpg\" \/>\n\t<meta property=\"og:image:width\" content=\"1024\" \/>\n\t<meta property=\"og:image:height\" content=\"941\" \/>\n\t<meta property=\"og:image:type\" content=\"image\/jpeg\" \/>\n<meta name=\"twitter:card\" content=\"summary_large_image\" \/>\n<meta name=\"twitter:label1\" content=\"Dur\u00e9e de lecture estim\u00e9e\" \/>\n\t<meta name=\"twitter:data1\" content=\"1 minute\" \/>\n<script type=\"application\/ld+json\" class=\"yoast-schema-graph\">{\"@context\":\"https:\\\/\\\/schema.org\",\"@graph\":[{\"@type\":\"WebPage\",\"@id\":\"https:\\\/\\\/schweizversand.ch\\\/fr\\\/produkt\\\/spinmaster-bakugan-baku-tin-mit-special-attack-mantid\\\/\",\"url\":\"https:\\\/\\\/schweizversand.ch\\\/fr\\\/produkt\\\/spinmaster-bakugan-baku-tin-mit-special-attack-mantid\\\/\",\"name\":\"Spinmaster Bakugan Baku-tin mit Special Attack Mantid | Jetzt kaufen | Schweizversand.ch\",\"isPartOf\":{\"@id\":\"https:\\\/\\\/schweizversand.ch\\\/fr\\\/#website\"},\"primaryImageOfPage\":{\"@id\":\"https:\\\/\\\/schweizversand.ch\\\/fr\\\/produkt\\\/spinmaster-bakugan-baku-tin-mit-special-attack-mantid\\\/#primaryimage\"},\"image\":{\"@id\":\"https:\\\/\\\/schweizversand.ch\\\/fr\\\/produkt\\\/spinmaster-bakugan-baku-tin-mit-special-attack-mantid\\\/#primaryimage\"},\"thumbnailUrl\":\"https:\\\/\\\/schweizversand.ch\\\/wp-content\\\/uploads\\\/2026\\\/02\\\/5507687825.jpg\",\"datePublished\":\"2026-03-14T23:28:12+00:00\",\"dateModified\":\"2026-04-20T00:03:11+00:00\",\"description\":\"Spinmaster Bakugan Baku-tin mit Special Attack Mantid g\u00fcnstig kaufen bei Schweizversand.ch. Schnelle Lieferung in der Schweiz. Gratisversand ab CHF 50.\",\"breadcrumb\":{\"@id\":\"https:\\\/\\\/schweizversand.ch\\\/fr\\\/produkt\\\/spinmaster-bakugan-baku-tin-mit-special-attack-mantid\\\/#breadcrumb\"},\"inLanguage\":\"fr-FR\",\"potentialAction\":[{\"@type\":\"ReadAction\",\"target\":[\"https:\\\/\\\/schweizversand.ch\\\/fr\\\/produkt\\\/spinmaster-bakugan-baku-tin-mit-special-attack-mantid\\\/\"]}]},{\"@type\":\"ImageObject\",\"inLanguage\":\"fr-FR\",\"@id\":\"https:\\\/\\\/schweizversand.ch\\\/fr\\\/produkt\\\/spinmaster-bakugan-baku-tin-mit-special-attack-mantid\\\/#primaryimage\",\"url\":\"https:\\\/\\\/schweizversand.ch\\\/wp-content\\\/uploads\\\/2026\\\/02\\\/5507687825.jpg\",\"contentUrl\":\"https:\\\/\\\/schweizversand.ch\\\/wp-content\\\/uploads\\\/2026\\\/02\\\/5507687825.jpg\",\"width\":1024,\"height\":941},{\"@type\":\"BreadcrumbList\",\"@id\":\"https:\\\/\\\/schweizversand.ch\\\/fr\\\/produkt\\\/spinmaster-bakugan-baku-tin-mit-special-attack-mantid\\\/#breadcrumb\",\"itemListElement\":[{\"@type\":\"ListItem\",\"position\":1,\"name\":\"Startseite\",\"item\":\"https:\\\/\\\/schweizversand.ch\\\/fr\\\/home\\\/\"},{\"@type\":\"ListItem\",\"position\":2,\"name\":\"Boutique\",\"item\":\"https:\\\/\\\/schweizversand.ch\\\/fr\\\/boutique\\\/\"},{\"@type\":\"ListItem\",\"position\":3,\"name\":\"Jouets et jeux\",\"item\":\"https:\\\/\\\/schweizversand.ch\\\/fr\\\/produkt-kategorie\\\/jouets-et-jeux\\\/\"},{\"@type\":\"ListItem\",\"position\":4,\"name\":\"Figurines et poup\u00e9es\",\"item\":\"https:\\\/\\\/schweizversand.ch\\\/fr\\\/produkt-kategorie\\\/jouets-et-jeux\\\/figurines-et-poupees\\\/\"},{\"@type\":\"ListItem\",\"position\":5,\"name\":\"Figurines et robots\",\"item\":\"https:\\\/\\\/schweizversand.ch\\\/fr\\\/produkt-kategorie\\\/jouets-et-jeux\\\/figurines-et-poupees\\\/spielzeugfigur-roboter\\\/\"},{\"@type\":\"ListItem\",\"position\":6,\"name\":\"Spinmaster Bakugan Baku-tin avec Mantide d&#8217;attaque sp\u00e9ciale\"}]},{\"@type\":\"WebSite\",\"@id\":\"https:\\\/\\\/schweizversand.ch\\\/fr\\\/#website\",\"url\":\"https:\\\/\\\/schweizversand.ch\\\/fr\\\/\",\"name\":\"Schweizer Shop f\u00fcr Sport, Spiel und Freizeit\",\"description\":\"Gratisversand ab 50.- (netto), ab eigenem schweizer Lager, Lieferung innert 48h\",\"publisher\":{\"@id\":\"https:\\\/\\\/schweizversand.ch\\\/fr\\\/#organization\"},\"alternateName\":\"Schweizversand.ch\",\"potentialAction\":[{\"@type\":\"SearchAction\",\"target\":{\"@type\":\"EntryPoint\",\"urlTemplate\":\"https:\\\/\\\/schweizversand.ch\\\/fr\\\/?s={search_term_string}\"},\"query-input\":{\"@type\":\"PropertyValueSpecification\",\"valueRequired\":true,\"valueName\":\"search_term_string\"}}],\"inLanguage\":\"fr-FR\"},{\"@type\":\"Organization\",\"@id\":\"https:\\\/\\\/schweizversand.ch\\\/fr\\\/#organization\",\"name\":\"Schweizversand.ch\",\"url\":\"https:\\\/\\\/schweizversand.ch\\\/fr\\\/\",\"logo\":{\"@type\":\"ImageObject\",\"inLanguage\":\"fr-FR\",\"@id\":\"https:\\\/\\\/schweizversand.ch\\\/fr\\\/#\\\/schema\\\/logo\\\/image\\\/\",\"url\":\"https:\\\/\\\/schweizversand.ch\\\/wp-content\\\/uploads\\\/2026\\\/03\\\/Logo_Rund_Final-1.png\",\"contentUrl\":\"https:\\\/\\\/schweizversand.ch\\\/wp-content\\\/uploads\\\/2026\\\/03\\\/Logo_Rund_Final-1.png\",\"width\":404,\"height\":404,\"caption\":\"Schweizversand.ch\"},\"image\":{\"@id\":\"https:\\\/\\\/schweizversand.ch\\\/fr\\\/#\\\/schema\\\/logo\\\/image\\\/\"},\"sameAs\":[\"https:\\\/\\\/www.facebook.com\\\/Schweizversand\",\"https:\\\/\\\/www.instagram.com\\\/schweizversand.ch\\\/\"]}]}<\/script>\n<!-- \/ Yoast SEO plugin. -->","yoast_head_json":{"title":"Spinmaster Bakugan Baku-tin mit Special Attack Mantid | Jetzt kaufen | Schweizversand.ch","description":"Spinmaster Bakugan Baku-tin mit Special Attack Mantid g\u00fcnstig kaufen bei Schweizversand.ch. Schnelle Lieferung in der Schweiz. Gratisversand ab CHF 50.","robots":{"index":"index","follow":"follow","max-snippet":"max-snippet:-1","max-image-preview":"max-image-preview:large","max-video-preview":"max-video-preview:-1"},"canonical":"https:\/\/schweizversand.ch\/fr\/produkt\/spinmaster-bakugan-baku-tin-mit-special-attack-mantid\/","og_locale":"fr_FR","og_type":"article","og_title":"Spinmaster Bakugan Baku-tin mit Special Attack Mantid | Jetzt kaufen | Schweizversand.ch","og_description":"Spinmaster Bakugan Baku-tin mit Special Attack Mantid g\u00fcnstig kaufen bei Schweizversand.ch. Schnelle Lieferung in der Schweiz. Gratisversand ab CHF 50.","og_url":"https:\/\/schweizversand.ch\/fr\/produkt\/spinmaster-bakugan-baku-tin-mit-special-attack-mantid\/","og_site_name":"Schweizer Shop f\u00fcr Sport, Spiel und Freizeit","article_publisher":"https:\/\/www.facebook.com\/Schweizversand","article_modified_time":"2026-04-20T00:03:11+00:00","og_image":[{"width":1024,"height":941,"url":"https:\/\/schweizversand.ch\/wp-content\/uploads\/2026\/02\/5507687825.jpg","type":"image\/jpeg"}],"twitter_card":"summary_large_image","twitter_misc":{"Dur\u00e9e de lecture estim\u00e9e":"1 minute"},"schema":{"@context":"https:\/\/schema.org","@graph":[{"@type":"WebPage","@id":"https:\/\/schweizversand.ch\/fr\/produkt\/spinmaster-bakugan-baku-tin-mit-special-attack-mantid\/","url":"https:\/\/schweizversand.ch\/fr\/produkt\/spinmaster-bakugan-baku-tin-mit-special-attack-mantid\/","name":"Spinmaster Bakugan Baku-tin mit Special Attack Mantid | Jetzt kaufen | Schweizversand.ch","isPartOf":{"@id":"https:\/\/schweizversand.ch\/fr\/#website"},"primaryImageOfPage":{"@id":"https:\/\/schweizversand.ch\/fr\/produkt\/spinmaster-bakugan-baku-tin-mit-special-attack-mantid\/#primaryimage"},"image":{"@id":"https:\/\/schweizversand.ch\/fr\/produkt\/spinmaster-bakugan-baku-tin-mit-special-attack-mantid\/#primaryimage"},"thumbnailUrl":"https:\/\/schweizversand.ch\/wp-content\/uploads\/2026\/02\/5507687825.jpg","datePublished":"2026-03-14T23:28:12+00:00","dateModified":"2026-04-20T00:03:11+00:00","description":"Spinmaster Bakugan Baku-tin mit Special Attack Mantid g\u00fcnstig kaufen bei Schweizversand.ch. Schnelle Lieferung in der Schweiz. Gratisversand ab CHF 50.","breadcrumb":{"@id":"https:\/\/schweizversand.ch\/fr\/produkt\/spinmaster-bakugan-baku-tin-mit-special-attack-mantid\/#breadcrumb"},"inLanguage":"fr-FR","potentialAction":[{"@type":"ReadAction","target":["https:\/\/schweizversand.ch\/fr\/produkt\/spinmaster-bakugan-baku-tin-mit-special-attack-mantid\/"]}]},{"@type":"ImageObject","inLanguage":"fr-FR","@id":"https:\/\/schweizversand.ch\/fr\/produkt\/spinmaster-bakugan-baku-tin-mit-special-attack-mantid\/#primaryimage","url":"https:\/\/schweizversand.ch\/wp-content\/uploads\/2026\/02\/5507687825.jpg","contentUrl":"https:\/\/schweizversand.ch\/wp-content\/uploads\/2026\/02\/5507687825.jpg","width":1024,"height":941},{"@type":"BreadcrumbList","@id":"https:\/\/schweizversand.ch\/fr\/produkt\/spinmaster-bakugan-baku-tin-mit-special-attack-mantid\/#breadcrumb","itemListElement":[{"@type":"ListItem","position":1,"name":"Startseite","item":"https:\/\/schweizversand.ch\/fr\/home\/"},{"@type":"ListItem","position":2,"name":"Boutique","item":"https:\/\/schweizversand.ch\/fr\/boutique\/"},{"@type":"ListItem","position":3,"name":"Jouets et jeux","item":"https:\/\/schweizversand.ch\/fr\/produkt-kategorie\/jouets-et-jeux\/"},{"@type":"ListItem","position":4,"name":"Figurines et poup\u00e9es","item":"https:\/\/schweizversand.ch\/fr\/produkt-kategorie\/jouets-et-jeux\/figurines-et-poupees\/"},{"@type":"ListItem","position":5,"name":"Figurines et robots","item":"https:\/\/schweizversand.ch\/fr\/produkt-kategorie\/jouets-et-jeux\/figurines-et-poupees\/spielzeugfigur-roboter\/"},{"@type":"ListItem","position":6,"name":"Spinmaster Bakugan Baku-tin avec Mantide d&#8217;attaque sp\u00e9ciale"}]},{"@type":"WebSite","@id":"https:\/\/schweizversand.ch\/fr\/#website","url":"https:\/\/schweizversand.ch\/fr\/","name":"Schweizer Shop f\u00fcr Sport, Spiel und Freizeit","description":"Gratisversand ab 50.- (netto), ab eigenem schweizer Lager, Lieferung innert 48h","publisher":{"@id":"https:\/\/schweizversand.ch\/fr\/#organization"},"alternateName":"Schweizversand.ch","potentialAction":[{"@type":"SearchAction","target":{"@type":"EntryPoint","urlTemplate":"https:\/\/schweizversand.ch\/fr\/?s={search_term_string}"},"query-input":{"@type":"PropertyValueSpecification","valueRequired":true,"valueName":"search_term_string"}}],"inLanguage":"fr-FR"},{"@type":"Organization","@id":"https:\/\/schweizversand.ch\/fr\/#organization","name":"Schweizversand.ch","url":"https:\/\/schweizversand.ch\/fr\/","logo":{"@type":"ImageObject","inLanguage":"fr-FR","@id":"https:\/\/schweizversand.ch\/fr\/#\/schema\/logo\/image\/","url":"https:\/\/schweizversand.ch\/wp-content\/uploads\/2026\/03\/Logo_Rund_Final-1.png","contentUrl":"https:\/\/schweizversand.ch\/wp-content\/uploads\/2026\/03\/Logo_Rund_Final-1.png","width":404,"height":404,"caption":"Schweizversand.ch"},"image":{"@id":"https:\/\/schweizversand.ch\/fr\/#\/schema\/logo\/image\/"},"sameAs":["https:\/\/www.facebook.com\/Schweizversand","https:\/\/www.instagram.com\/schweizversand.ch\/"]}]}},"jetpack_sharing_enabled":true,"_links":{"self":[{"href":"https:\/\/schweizversand.ch\/fr\/wp-json\/wp\/v2\/product\/254708","targetHints":{"allow":["GET"]}}],"collection":[{"href":"https:\/\/schweizversand.ch\/fr\/wp-json\/wp\/v2\/product"}],"about":[{"href":"https:\/\/schweizversand.ch\/fr\/wp-json\/wp\/v2\/types\/product"}],"replies":[{"embeddable":true,"href":"https:\/\/schweizversand.ch\/fr\/wp-json\/wp\/v2\/comments?post=254708"}],"wp:featuredmedia":[{"embeddable":true,"href":"https:\/\/schweizversand.ch\/fr\/wp-json\/wp\/v2\/media\/158542"}],"wp:attachment":[{"href":"https:\/\/schweizversand.ch\/fr\/wp-json\/wp\/v2\/media?parent=254708"}],"wp:term":[{"taxonomy":"product_brand","embeddable":true,"href":"https:\/\/schweizversand.ch\/fr\/wp-json\/wp\/v2\/product_brand?post=254708"},{"taxonomy":"product_cat","embeddable":true,"href":"https:\/\/schweizversand.ch\/fr\/wp-json\/wp\/v2\/product_cat?post=254708"},{"taxonomy":"product_tag","embeddable":true,"href":"https:\/\/schweizversand.ch\/fr\/wp-json\/wp\/v2\/product_tag?post=254708"}],"curies":[{"name":"wp","href":"https:\/\/api.w.org\/{rel}","templated":true}]}}