{"id":254714,"date":"2026-03-15T00:28:12","date_gmt":"2026-03-14T23:28:12","guid":{"rendered":"https:\/\/schweizversand.ch\/produkt\/spinmaster-wizarding-world-harry-potter-honeydukes-shop-playset\/"},"modified":"2026-04-19T02:03:29","modified_gmt":"2026-04-19T00:03:29","slug":"spinmaster-wizarding-world-harry-potter-honeydukes-shop-playset","status":"publish","type":"product","link":"https:\/\/schweizversand.ch\/fr\/produkt\/spinmaster-wizarding-world-harry-potter-honeydukes-shop-playset\/","title":{"rendered":"Coffret de jeu Spinmaster Wizarding World Harry Potter Honeydukes Shop"},"content":{"rendered":"<p>Plongez dans le monde magique de Pr\u00e9-au-Lard avec le coffret de jeu La Confiserie Honeydukes\u00a0!<\/p>\n<p>Rejoignez Luna et Neville lors de leur vir\u00e9e shopping et d\u00e9couvrez une vari\u00e9t\u00e9 de bonbons magiques, des d\u00e9licieux Drag\u00e9es surprises de Bertie Crochue aux c\u00e9l\u00e8bres Chocogrenouilles.<\/p>\n<p>Gr\u00e2ce \u00e0 leurs t\u00eates, bras et tailles articul\u00e9s, les figurines Magical Minis vous permettent de recr\u00e9er \u00e0 la perfection vos sc\u00e8nes pr\u00e9f\u00e9r\u00e9es des livres et films Harry Potter. Ce coffret est \u00e9galement compatible avec les autres coffrets Magical Minis de Spin Master, pour agrandir votre collection et vivre encore plus d&rsquo;aventures magiques.<\/br><\/p>\n<p>Contenu\u00a0: 1 Confiserie Honeydukes, 2 figurines, 5 accessoires et 1 planche d&rsquo;autocollants. Un cadeau id\u00e9al pour tous les enfants de 6\u00a0ans et plus qui souhaitent s&rsquo;immerger dans le monde fantastique des sorciers\u00a0!<\/p>\n<p>Des aventures magiques vous attendent\u00a0! Procurez-vous le coffret Honeydukes et que la magie op\u00e8re\u00a0!<\/p>\n","protected":false},"excerpt":{"rendered":"<p>Plongez dans le monde magique de Pr\u00e9-au-Lard avec le coffret de jeu La Confiserie Honeydukes\u00a0! Rejoignez Luna et Neville lors de leur vir\u00e9e shopping et d\u00e9couvrez une vari\u00e9t\u00e9 de bonbons magiques, des d\u00e9licieux Drag\u00e9es surprises de Bertie Crochue aux c\u00e9l\u00e8bres Chocogrenouilles. Gr\u00e2ce \u00e0 leurs t\u00eates, bras et tailles articul\u00e9s, les figurines Magical Minis vous permettent de recr\u00e9er \u00e0 la perfection vos sc\u00e8nes pr\u00e9f\u00e9r\u00e9es des livres et films Harry Potter. Ce coffret est \u00e9galement compatible avec&hellip;<\/p>\n","protected":false},"featured_media":257249,"comment_status":"open","ping_status":"closed","template":"","meta":[],"product_brand":[],"product_cat":[38097],"product_tag":[],"class_list":{"0":"post-254714","1":"product","2":"type-product","3":"status-publish","4":"has-post-thumbnail","6":"product_cat-spielzeugfigur-roboter","7":"product_shipping_class-global_methods","9":"first","10":"instock","11":"taxable","12":"shipping-taxable","13":"purchasable","14":"product-type-simple"},"yoast_head":"<!-- This site is optimized with the Yoast SEO plugin v27.4 - https:\/\/yoast.com\/product\/yoast-seo-wordpress\/ -->\n<title>Spinmaster Wizarding World Harry Potter Honeydukes Shop - Playset | Jetzt kaufen | Schweizversand.ch<\/title>\n<meta name=\"description\" content=\"Spinmaster Wizarding World Harry Potter Honeydukes Shop - Playset g\u00fcnstig kaufen bei Schweizversand.ch. Schnelle Lieferung in der Schweiz. Gratisversand ab CHF 50.\" \/>\n<meta name=\"robots\" content=\"index, follow, max-snippet:-1, max-image-preview:large, max-video-preview:-1\" \/>\n<link rel=\"canonical\" href=\"https:\/\/schweizversand.ch\/fr\/produkt\/spinmaster-wizarding-world-harry-potter-honeydukes-shop-playset\/\" \/>\n<meta property=\"og:locale\" content=\"fr_FR\" \/>\n<meta property=\"og:type\" content=\"article\" \/>\n<meta property=\"og:title\" content=\"Spinmaster Wizarding World Harry Potter Honeydukes Shop - Playset | Jetzt kaufen | Schweizversand.ch\" \/>\n<meta property=\"og:description\" content=\"Spinmaster Wizarding World Harry Potter Honeydukes Shop - Playset g\u00fcnstig kaufen bei Schweizversand.ch. Schnelle Lieferung in der Schweiz. Gratisversand ab CHF 50.\" \/>\n<meta property=\"og:url\" content=\"https:\/\/schweizversand.ch\/fr\/produkt\/spinmaster-wizarding-world-harry-potter-honeydukes-shop-playset\/\" \/>\n<meta property=\"og:site_name\" content=\"Schweizer Shop f\u00fcr Sport, Spiel und Freizeit\" \/>\n<meta property=\"article:publisher\" content=\"https:\/\/www.facebook.com\/Schweizversand\" \/>\n<meta property=\"article:modified_time\" content=\"2026-04-19T00:03:29+00:00\" \/>\n<meta property=\"og:image\" content=\"https:\/\/schweizversand.ch\/wp-content\/uploads\/2026\/02\/5471787970.jpg\" \/>\n\t<meta property=\"og:image:width\" content=\"1024\" \/>\n\t<meta property=\"og:image:height\" content=\"1023\" \/>\n\t<meta property=\"og:image:type\" content=\"image\/jpeg\" \/>\n<meta name=\"twitter:card\" content=\"summary_large_image\" \/>\n<meta name=\"twitter:label1\" content=\"Dur\u00e9e de lecture estim\u00e9e\" \/>\n\t<meta name=\"twitter:data1\" content=\"1 minute\" \/>\n<script type=\"application\/ld+json\" class=\"yoast-schema-graph\">{\"@context\":\"https:\\\/\\\/schema.org\",\"@graph\":[{\"@type\":\"WebPage\",\"@id\":\"https:\\\/\\\/schweizversand.ch\\\/fr\\\/produkt\\\/spinmaster-wizarding-world-harry-potter-honeydukes-shop-playset\\\/\",\"url\":\"https:\\\/\\\/schweizversand.ch\\\/fr\\\/produkt\\\/spinmaster-wizarding-world-harry-potter-honeydukes-shop-playset\\\/\",\"name\":\"Spinmaster Wizarding World Harry Potter Honeydukes Shop - Playset | Jetzt kaufen | Schweizversand.ch\",\"isPartOf\":{\"@id\":\"https:\\\/\\\/schweizversand.ch\\\/fr\\\/#website\"},\"primaryImageOfPage\":{\"@id\":\"https:\\\/\\\/schweizversand.ch\\\/fr\\\/produkt\\\/spinmaster-wizarding-world-harry-potter-honeydukes-shop-playset\\\/#primaryimage\"},\"image\":{\"@id\":\"https:\\\/\\\/schweizversand.ch\\\/fr\\\/produkt\\\/spinmaster-wizarding-world-harry-potter-honeydukes-shop-playset\\\/#primaryimage\"},\"thumbnailUrl\":\"https:\\\/\\\/schweizversand.ch\\\/wp-content\\\/uploads\\\/2026\\\/02\\\/5471787970.jpg\",\"datePublished\":\"2026-03-14T23:28:12+00:00\",\"dateModified\":\"2026-04-19T00:03:29+00:00\",\"description\":\"Spinmaster Wizarding World Harry Potter Honeydukes Shop - Playset g\u00fcnstig kaufen bei Schweizversand.ch. Schnelle Lieferung in der Schweiz. Gratisversand ab CHF 50.\",\"breadcrumb\":{\"@id\":\"https:\\\/\\\/schweizversand.ch\\\/fr\\\/produkt\\\/spinmaster-wizarding-world-harry-potter-honeydukes-shop-playset\\\/#breadcrumb\"},\"inLanguage\":\"fr-FR\",\"potentialAction\":[{\"@type\":\"ReadAction\",\"target\":[\"https:\\\/\\\/schweizversand.ch\\\/fr\\\/produkt\\\/spinmaster-wizarding-world-harry-potter-honeydukes-shop-playset\\\/\"]}]},{\"@type\":\"ImageObject\",\"inLanguage\":\"fr-FR\",\"@id\":\"https:\\\/\\\/schweizversand.ch\\\/fr\\\/produkt\\\/spinmaster-wizarding-world-harry-potter-honeydukes-shop-playset\\\/#primaryimage\",\"url\":\"https:\\\/\\\/schweizversand.ch\\\/wp-content\\\/uploads\\\/2026\\\/02\\\/5471787970.jpg\",\"contentUrl\":\"https:\\\/\\\/schweizversand.ch\\\/wp-content\\\/uploads\\\/2026\\\/02\\\/5471787970.jpg\",\"width\":1024,\"height\":1023},{\"@type\":\"BreadcrumbList\",\"@id\":\"https:\\\/\\\/schweizversand.ch\\\/fr\\\/produkt\\\/spinmaster-wizarding-world-harry-potter-honeydukes-shop-playset\\\/#breadcrumb\",\"itemListElement\":[{\"@type\":\"ListItem\",\"position\":1,\"name\":\"Startseite\",\"item\":\"https:\\\/\\\/schweizversand.ch\\\/fr\\\/home\\\/\"},{\"@type\":\"ListItem\",\"position\":2,\"name\":\"Boutique\",\"item\":\"https:\\\/\\\/schweizversand.ch\\\/fr\\\/boutique\\\/\"},{\"@type\":\"ListItem\",\"position\":3,\"name\":\"Jouets et jeux\",\"item\":\"https:\\\/\\\/schweizversand.ch\\\/fr\\\/produkt-kategorie\\\/jouets-et-jeux\\\/\"},{\"@type\":\"ListItem\",\"position\":4,\"name\":\"Figurines et poup\u00e9es\",\"item\":\"https:\\\/\\\/schweizversand.ch\\\/fr\\\/produkt-kategorie\\\/jouets-et-jeux\\\/figurines-et-poupees\\\/\"},{\"@type\":\"ListItem\",\"position\":5,\"name\":\"Figurines et robots\",\"item\":\"https:\\\/\\\/schweizversand.ch\\\/fr\\\/produkt-kategorie\\\/jouets-et-jeux\\\/figurines-et-poupees\\\/spielzeugfigur-roboter\\\/\"},{\"@type\":\"ListItem\",\"position\":6,\"name\":\"Coffret de jeu Spinmaster Wizarding World Harry Potter Honeydukes Shop\"}]},{\"@type\":\"WebSite\",\"@id\":\"https:\\\/\\\/schweizversand.ch\\\/fr\\\/#website\",\"url\":\"https:\\\/\\\/schweizversand.ch\\\/fr\\\/\",\"name\":\"Schweizer Shop f\u00fcr Sport, Spiel und Freizeit\",\"description\":\"Gratisversand ab 50.- (netto), ab eigenem schweizer Lager, Lieferung innert 48h\",\"publisher\":{\"@id\":\"https:\\\/\\\/schweizversand.ch\\\/fr\\\/#organization\"},\"alternateName\":\"Schweizversand.ch\",\"potentialAction\":[{\"@type\":\"SearchAction\",\"target\":{\"@type\":\"EntryPoint\",\"urlTemplate\":\"https:\\\/\\\/schweizversand.ch\\\/fr\\\/?s={search_term_string}\"},\"query-input\":{\"@type\":\"PropertyValueSpecification\",\"valueRequired\":true,\"valueName\":\"search_term_string\"}}],\"inLanguage\":\"fr-FR\"},{\"@type\":\"Organization\",\"@id\":\"https:\\\/\\\/schweizversand.ch\\\/fr\\\/#organization\",\"name\":\"Schweizversand.ch\",\"url\":\"https:\\\/\\\/schweizversand.ch\\\/fr\\\/\",\"logo\":{\"@type\":\"ImageObject\",\"inLanguage\":\"fr-FR\",\"@id\":\"https:\\\/\\\/schweizversand.ch\\\/fr\\\/#\\\/schema\\\/logo\\\/image\\\/\",\"url\":\"https:\\\/\\\/schweizversand.ch\\\/wp-content\\\/uploads\\\/2026\\\/03\\\/Logo_Rund_Final-1.png\",\"contentUrl\":\"https:\\\/\\\/schweizversand.ch\\\/wp-content\\\/uploads\\\/2026\\\/03\\\/Logo_Rund_Final-1.png\",\"width\":404,\"height\":404,\"caption\":\"Schweizversand.ch\"},\"image\":{\"@id\":\"https:\\\/\\\/schweizversand.ch\\\/fr\\\/#\\\/schema\\\/logo\\\/image\\\/\"},\"sameAs\":[\"https:\\\/\\\/www.facebook.com\\\/Schweizversand\",\"https:\\\/\\\/www.instagram.com\\\/schweizversand.ch\\\/\"]}]}<\/script>\n<!-- \/ Yoast SEO plugin. -->","yoast_head_json":{"title":"Spinmaster Wizarding World Harry Potter Honeydukes Shop - Playset | Jetzt kaufen | Schweizversand.ch","description":"Spinmaster Wizarding World Harry Potter Honeydukes Shop - Playset g\u00fcnstig kaufen bei Schweizversand.ch. Schnelle Lieferung in der Schweiz. Gratisversand ab CHF 50.","robots":{"index":"index","follow":"follow","max-snippet":"max-snippet:-1","max-image-preview":"max-image-preview:large","max-video-preview":"max-video-preview:-1"},"canonical":"https:\/\/schweizversand.ch\/fr\/produkt\/spinmaster-wizarding-world-harry-potter-honeydukes-shop-playset\/","og_locale":"fr_FR","og_type":"article","og_title":"Spinmaster Wizarding World Harry Potter Honeydukes Shop - Playset | Jetzt kaufen | Schweizversand.ch","og_description":"Spinmaster Wizarding World Harry Potter Honeydukes Shop - Playset g\u00fcnstig kaufen bei Schweizversand.ch. Schnelle Lieferung in der Schweiz. Gratisversand ab CHF 50.","og_url":"https:\/\/schweizversand.ch\/fr\/produkt\/spinmaster-wizarding-world-harry-potter-honeydukes-shop-playset\/","og_site_name":"Schweizer Shop f\u00fcr Sport, Spiel und Freizeit","article_publisher":"https:\/\/www.facebook.com\/Schweizversand","article_modified_time":"2026-04-19T00:03:29+00:00","og_image":[{"width":1024,"height":1023,"url":"https:\/\/schweizversand.ch\/wp-content\/uploads\/2026\/02\/5471787970.jpg","type":"image\/jpeg"}],"twitter_card":"summary_large_image","twitter_misc":{"Dur\u00e9e de lecture estim\u00e9e":"1 minute"},"schema":{"@context":"https:\/\/schema.org","@graph":[{"@type":"WebPage","@id":"https:\/\/schweizversand.ch\/fr\/produkt\/spinmaster-wizarding-world-harry-potter-honeydukes-shop-playset\/","url":"https:\/\/schweizversand.ch\/fr\/produkt\/spinmaster-wizarding-world-harry-potter-honeydukes-shop-playset\/","name":"Spinmaster Wizarding World Harry Potter Honeydukes Shop - Playset | Jetzt kaufen | Schweizversand.ch","isPartOf":{"@id":"https:\/\/schweizversand.ch\/fr\/#website"},"primaryImageOfPage":{"@id":"https:\/\/schweizversand.ch\/fr\/produkt\/spinmaster-wizarding-world-harry-potter-honeydukes-shop-playset\/#primaryimage"},"image":{"@id":"https:\/\/schweizversand.ch\/fr\/produkt\/spinmaster-wizarding-world-harry-potter-honeydukes-shop-playset\/#primaryimage"},"thumbnailUrl":"https:\/\/schweizversand.ch\/wp-content\/uploads\/2026\/02\/5471787970.jpg","datePublished":"2026-03-14T23:28:12+00:00","dateModified":"2026-04-19T00:03:29+00:00","description":"Spinmaster Wizarding World Harry Potter Honeydukes Shop - Playset g\u00fcnstig kaufen bei Schweizversand.ch. Schnelle Lieferung in der Schweiz. Gratisversand ab CHF 50.","breadcrumb":{"@id":"https:\/\/schweizversand.ch\/fr\/produkt\/spinmaster-wizarding-world-harry-potter-honeydukes-shop-playset\/#breadcrumb"},"inLanguage":"fr-FR","potentialAction":[{"@type":"ReadAction","target":["https:\/\/schweizversand.ch\/fr\/produkt\/spinmaster-wizarding-world-harry-potter-honeydukes-shop-playset\/"]}]},{"@type":"ImageObject","inLanguage":"fr-FR","@id":"https:\/\/schweizversand.ch\/fr\/produkt\/spinmaster-wizarding-world-harry-potter-honeydukes-shop-playset\/#primaryimage","url":"https:\/\/schweizversand.ch\/wp-content\/uploads\/2026\/02\/5471787970.jpg","contentUrl":"https:\/\/schweizversand.ch\/wp-content\/uploads\/2026\/02\/5471787970.jpg","width":1024,"height":1023},{"@type":"BreadcrumbList","@id":"https:\/\/schweizversand.ch\/fr\/produkt\/spinmaster-wizarding-world-harry-potter-honeydukes-shop-playset\/#breadcrumb","itemListElement":[{"@type":"ListItem","position":1,"name":"Startseite","item":"https:\/\/schweizversand.ch\/fr\/home\/"},{"@type":"ListItem","position":2,"name":"Boutique","item":"https:\/\/schweizversand.ch\/fr\/boutique\/"},{"@type":"ListItem","position":3,"name":"Jouets et jeux","item":"https:\/\/schweizversand.ch\/fr\/produkt-kategorie\/jouets-et-jeux\/"},{"@type":"ListItem","position":4,"name":"Figurines et poup\u00e9es","item":"https:\/\/schweizversand.ch\/fr\/produkt-kategorie\/jouets-et-jeux\/figurines-et-poupees\/"},{"@type":"ListItem","position":5,"name":"Figurines et robots","item":"https:\/\/schweizversand.ch\/fr\/produkt-kategorie\/jouets-et-jeux\/figurines-et-poupees\/spielzeugfigur-roboter\/"},{"@type":"ListItem","position":6,"name":"Coffret de jeu Spinmaster Wizarding World Harry Potter Honeydukes Shop"}]},{"@type":"WebSite","@id":"https:\/\/schweizversand.ch\/fr\/#website","url":"https:\/\/schweizversand.ch\/fr\/","name":"Schweizer Shop f\u00fcr Sport, Spiel und Freizeit","description":"Gratisversand ab 50.- (netto), ab eigenem schweizer Lager, Lieferung innert 48h","publisher":{"@id":"https:\/\/schweizversand.ch\/fr\/#organization"},"alternateName":"Schweizversand.ch","potentialAction":[{"@type":"SearchAction","target":{"@type":"EntryPoint","urlTemplate":"https:\/\/schweizversand.ch\/fr\/?s={search_term_string}"},"query-input":{"@type":"PropertyValueSpecification","valueRequired":true,"valueName":"search_term_string"}}],"inLanguage":"fr-FR"},{"@type":"Organization","@id":"https:\/\/schweizversand.ch\/fr\/#organization","name":"Schweizversand.ch","url":"https:\/\/schweizversand.ch\/fr\/","logo":{"@type":"ImageObject","inLanguage":"fr-FR","@id":"https:\/\/schweizversand.ch\/fr\/#\/schema\/logo\/image\/","url":"https:\/\/schweizversand.ch\/wp-content\/uploads\/2026\/03\/Logo_Rund_Final-1.png","contentUrl":"https:\/\/schweizversand.ch\/wp-content\/uploads\/2026\/03\/Logo_Rund_Final-1.png","width":404,"height":404,"caption":"Schweizversand.ch"},"image":{"@id":"https:\/\/schweizversand.ch\/fr\/#\/schema\/logo\/image\/"},"sameAs":["https:\/\/www.facebook.com\/Schweizversand","https:\/\/www.instagram.com\/schweizversand.ch\/"]}]}},"jetpack_sharing_enabled":true,"_links":{"self":[{"href":"https:\/\/schweizversand.ch\/fr\/wp-json\/wp\/v2\/product\/254714","targetHints":{"allow":["GET"]}}],"collection":[{"href":"https:\/\/schweizversand.ch\/fr\/wp-json\/wp\/v2\/product"}],"about":[{"href":"https:\/\/schweizversand.ch\/fr\/wp-json\/wp\/v2\/types\/product"}],"replies":[{"embeddable":true,"href":"https:\/\/schweizversand.ch\/fr\/wp-json\/wp\/v2\/comments?post=254714"}],"wp:featuredmedia":[{"embeddable":true,"href":"https:\/\/schweizversand.ch\/fr\/wp-json\/wp\/v2\/media\/257249"}],"wp:attachment":[{"href":"https:\/\/schweizversand.ch\/fr\/wp-json\/wp\/v2\/media?parent=254714"}],"wp:term":[{"taxonomy":"product_brand","embeddable":true,"href":"https:\/\/schweizversand.ch\/fr\/wp-json\/wp\/v2\/product_brand?post=254714"},{"taxonomy":"product_cat","embeddable":true,"href":"https:\/\/schweizversand.ch\/fr\/wp-json\/wp\/v2\/product_cat?post=254714"},{"taxonomy":"product_tag","embeddable":true,"href":"https:\/\/schweizversand.ch\/fr\/wp-json\/wp\/v2\/product_tag?post=254714"}],"curies":[{"name":"wp","href":"https:\/\/api.w.org\/{rel}","templated":true}]}}