{"id":254715,"date":"2026-03-15T00:28:13","date_gmt":"2026-03-14T23:28:13","guid":{"rendered":"https:\/\/schweizversand.ch\/produkt\/spinmaster-cool-maker-popstyle-armband-studio\/"},"modified":"2026-04-19T02:03:29","modified_gmt":"2026-04-19T00:03:29","slug":"spinmaster-cool-maker-popstyle-armband-studio","status":"publish","type":"product","link":"https:\/\/schweizversand.ch\/fr\/produkt\/spinmaster-cool-maker-popstyle-armband-studio\/","title":{"rendered":"Spinmaster Cool Maker PopStyle Bracelet Studio"},"content":{"rendered":"<p>Les bracelets \u00e0 motifs de carreaux sont tr\u00e8s tendance et se cr\u00e9ent et se transforment en un clin d&rsquo;\u0153il gr\u00e2ce au Studio \u00e0 Bracelets PopStyle, s&rsquo;adaptant \u00e0 toutes vos tenues et \u00e0 toutes les occasions.<\/p>\n<p>Avec suffisamment de mat\u00e9riel pour r\u00e9aliser 10 bracelets et une vari\u00e9t\u00e9 de pierres de formes diff\u00e9rentes, laissez libre cours \u00e0 votre cr\u00e9ativit\u00e9.<\/p>\n<p>Les pierres lisses pour les autocollants lettres, les carreaux emoji et les maillons de cha\u00eene inclus \u2013 color\u00e9s ou dor\u00e9s \u2013 se combinent \u00e0 l&rsquo;infini. Il est conseill\u00e9 de disposer votre motif sur la base du studio.<\/p>\n<p>Ins\u00e9rez ensuite deux \u00e9lastiques dans le studio et appuyez pour les serrer. Accrochez les pierres une \u00e0 une sur les deux \u00e9lastiques et v\u00e9rifiez leur positionnement en les faisant glisser.<\/p>\n<p>Appuyez \u00e0 nouveau, et hop ! \u2013 le bracelet se d\u00e9ploie et peut \u00eatre retir\u00e9. Port\u00e9s seuls ou accumul\u00e9s, ces bracelets attirent tous les regards et sont souvent confondus avec de v\u00e9ritables bijoux de cr\u00e9ateurs. Pour un nouveau look, les bracelets peuvent \u00eatre remis dans le studio afin de remplacer des pierres individuelles ou m\u00eame l&rsquo;ensemble.<\/p>\n<p>Couleurs vives, pastels ou or pr\u00e9cieux : les bracelets refl\u00e8tent la personnalit\u00e9 de leur cr\u00e9ateur.<\/p>\n<p>Les bracelets PopStyle peuvent \u00e9galement \u00eatre associ\u00e9s aux bracelets tress\u00e9s du Kumi Creator de Cool Maker. Envie de tatouages \u200b\u200bscintillants ou de nail art ? Cool Maker propose aussi des kits pour cela. Les enfants adorent cr\u00e9er leurs propres bijoux.<\/p>\n<p>\u2026 <br \/>Avec le Studio \u00e0 Bracelets PopStyle de Cool Maker, cr\u00e9ez des bracelets \u00e0 strass de haute qualit\u00e9 en un clin d&rsquo;\u0153il et changez les strass \u00e0 volont\u00e9. &#8211; Ins\u00e9rez deux \u00e9lastiques, appuyez sur le studio pour les serrer, puis choisissez les strass souhait\u00e9s et disposez le motif dans le plateau. &#8211; Une fois le motif \u00e0 votre go\u00fbt, accrochez les strass un \u00e0 un aux \u00e9lastiques, v\u00e9rifiez leur position en les faisant glisser, puis appuyez sur le studio. Votre bracelet styl\u00e9 appara\u00eetra ! &#8211; Avec plus de 170 strass, cr\u00e9ez dix bracelets diff\u00e9rents et r\u00e9arrangez-les \u00e0 l&rsquo;infini. Il existe des pierres lisses pour les lettres autocollantes, des pierres \u00e0 maillons, des \u00e9motic\u00f4nes et bien plus encore pour cr\u00e9er des looks uniques. Le Studio de Bracelets PopStyle de Cool Maker est le cadeau id\u00e9al pour les enfants qui aiment se parer, surtout de fa\u00e7on originale. Ici, le bracelet devient une expression de leur personnalit\u00e9.<\/p>\n<p>&#8211; Contenu\u00a0: 1 studio avec espace de rangement, 22 \u00e9lastiques, 170 pierres \u00e0 maillons, 4 planches de lettres autocollantes<\/p>\n","protected":false},"excerpt":{"rendered":"<p>Les bracelets \u00e0 motifs de carreaux sont tr\u00e8s tendance et se cr\u00e9ent et se transforment en un clin d&rsquo;\u0153il gr\u00e2ce au Studio \u00e0 Bracelets PopStyle, s&rsquo;adaptant \u00e0 toutes vos tenues et \u00e0 toutes les occasions. Avec suffisamment de mat\u00e9riel pour r\u00e9aliser 10 bracelets et une vari\u00e9t\u00e9 de pierres de formes diff\u00e9rentes, laissez libre cours \u00e0 votre cr\u00e9ativit\u00e9. Les pierres lisses pour les autocollants lettres, les carreaux emoji et les maillons de cha\u00eene inclus \u2013 color\u00e9s&hellip;<\/p>\n","protected":false},"featured_media":158582,"comment_status":"open","ping_status":"closed","template":"","meta":[],"product_brand":[],"product_cat":[38365],"product_tag":[],"class_list":{"0":"post-254715","1":"product","2":"type-product","3":"status-publish","4":"has-post-thumbnail","6":"product_cat-basteln","7":"product_shipping_class-global_methods","9":"first","10":"instock","11":"taxable","12":"shipping-taxable","13":"purchasable","14":"product-type-simple"},"yoast_head":"<!-- This site is optimized with the Yoast SEO plugin v27.4 - https:\/\/yoast.com\/product\/yoast-seo-wordpress\/ -->\n<title>Spinmaster Cool Maker PopStyle Armband Studio | Jetzt kaufen | Schweizversand.ch<\/title>\n<meta name=\"description\" content=\"Spinmaster Cool Maker PopStyle Armband Studio g\u00fcnstig kaufen bei Schweizversand.ch. Schnelle Lieferung in der Schweiz. Gratisversand ab CHF 50.\" \/>\n<meta name=\"robots\" content=\"index, follow, max-snippet:-1, max-image-preview:large, max-video-preview:-1\" \/>\n<link rel=\"canonical\" href=\"https:\/\/schweizversand.ch\/fr\/produkt\/spinmaster-cool-maker-popstyle-armband-studio\/\" \/>\n<meta property=\"og:locale\" content=\"fr_FR\" \/>\n<meta property=\"og:type\" content=\"article\" \/>\n<meta property=\"og:title\" content=\"Spinmaster Cool Maker PopStyle Armband Studio | Jetzt kaufen | Schweizversand.ch\" \/>\n<meta property=\"og:description\" content=\"Spinmaster Cool Maker PopStyle Armband Studio g\u00fcnstig kaufen bei Schweizversand.ch. Schnelle Lieferung in der Schweiz. Gratisversand ab CHF 50.\" \/>\n<meta property=\"og:url\" content=\"https:\/\/schweizversand.ch\/fr\/produkt\/spinmaster-cool-maker-popstyle-armband-studio\/\" \/>\n<meta property=\"og:site_name\" content=\"Schweizer Shop f\u00fcr Sport, Spiel und Freizeit\" \/>\n<meta property=\"article:publisher\" content=\"https:\/\/www.facebook.com\/Schweizversand\" \/>\n<meta property=\"article:modified_time\" content=\"2026-04-19T00:03:29+00:00\" \/>\n<meta property=\"og:image\" content=\"https:\/\/schweizversand.ch\/wp-content\/uploads\/2026\/02\/5471855709.jpg\" \/>\n\t<meta property=\"og:image:width\" content=\"1024\" \/>\n\t<meta property=\"og:image:height\" content=\"1024\" \/>\n\t<meta property=\"og:image:type\" content=\"image\/jpeg\" \/>\n<meta name=\"twitter:card\" content=\"summary_large_image\" \/>\n<meta name=\"twitter:label1\" content=\"Dur\u00e9e de lecture estim\u00e9e\" \/>\n\t<meta name=\"twitter:data1\" content=\"2 minutes\" \/>\n<script type=\"application\/ld+json\" class=\"yoast-schema-graph\">{\"@context\":\"https:\\\/\\\/schema.org\",\"@graph\":[{\"@type\":\"WebPage\",\"@id\":\"https:\\\/\\\/schweizversand.ch\\\/fr\\\/produkt\\\/spinmaster-cool-maker-popstyle-armband-studio\\\/\",\"url\":\"https:\\\/\\\/schweizversand.ch\\\/fr\\\/produkt\\\/spinmaster-cool-maker-popstyle-armband-studio\\\/\",\"name\":\"Spinmaster Cool Maker PopStyle Armband Studio | Jetzt kaufen | Schweizversand.ch\",\"isPartOf\":{\"@id\":\"https:\\\/\\\/schweizversand.ch\\\/fr\\\/#website\"},\"primaryImageOfPage\":{\"@id\":\"https:\\\/\\\/schweizversand.ch\\\/fr\\\/produkt\\\/spinmaster-cool-maker-popstyle-armband-studio\\\/#primaryimage\"},\"image\":{\"@id\":\"https:\\\/\\\/schweizversand.ch\\\/fr\\\/produkt\\\/spinmaster-cool-maker-popstyle-armband-studio\\\/#primaryimage\"},\"thumbnailUrl\":\"https:\\\/\\\/schweizversand.ch\\\/wp-content\\\/uploads\\\/2026\\\/02\\\/5471855709.jpg\",\"datePublished\":\"2026-03-14T23:28:13+00:00\",\"dateModified\":\"2026-04-19T00:03:29+00:00\",\"description\":\"Spinmaster Cool Maker PopStyle Armband Studio g\u00fcnstig kaufen bei Schweizversand.ch. Schnelle Lieferung in der Schweiz. Gratisversand ab CHF 50.\",\"breadcrumb\":{\"@id\":\"https:\\\/\\\/schweizversand.ch\\\/fr\\\/produkt\\\/spinmaster-cool-maker-popstyle-armband-studio\\\/#breadcrumb\"},\"inLanguage\":\"fr-FR\",\"potentialAction\":[{\"@type\":\"ReadAction\",\"target\":[\"https:\\\/\\\/schweizversand.ch\\\/fr\\\/produkt\\\/spinmaster-cool-maker-popstyle-armband-studio\\\/\"]}]},{\"@type\":\"ImageObject\",\"inLanguage\":\"fr-FR\",\"@id\":\"https:\\\/\\\/schweizversand.ch\\\/fr\\\/produkt\\\/spinmaster-cool-maker-popstyle-armband-studio\\\/#primaryimage\",\"url\":\"https:\\\/\\\/schweizversand.ch\\\/wp-content\\\/uploads\\\/2026\\\/02\\\/5471855709.jpg\",\"contentUrl\":\"https:\\\/\\\/schweizversand.ch\\\/wp-content\\\/uploads\\\/2026\\\/02\\\/5471855709.jpg\",\"width\":1024,\"height\":1024},{\"@type\":\"BreadcrumbList\",\"@id\":\"https:\\\/\\\/schweizversand.ch\\\/fr\\\/produkt\\\/spinmaster-cool-maker-popstyle-armband-studio\\\/#breadcrumb\",\"itemListElement\":[{\"@type\":\"ListItem\",\"position\":1,\"name\":\"Startseite\",\"item\":\"https:\\\/\\\/schweizversand.ch\\\/fr\\\/home\\\/\"},{\"@type\":\"ListItem\",\"position\":2,\"name\":\"Boutique\",\"item\":\"https:\\\/\\\/schweizversand.ch\\\/fr\\\/boutique\\\/\"},{\"@type\":\"ListItem\",\"position\":3,\"name\":\"Jouets et jeux\",\"item\":\"https:\\\/\\\/schweizversand.ch\\\/fr\\\/produkt-kategorie\\\/jouets-et-jeux\\\/\"},{\"@type\":\"ListItem\",\"position\":4,\"name\":\"Loisirs cr\u00e9atifs\",\"item\":\"https:\\\/\\\/schweizversand.ch\\\/fr\\\/produkt-kategorie\\\/jouets-et-jeux\\\/loisirs-creatifs\\\/\"},{\"@type\":\"ListItem\",\"position\":5,\"name\":\"Artisanat\",\"item\":\"https:\\\/\\\/schweizversand.ch\\\/fr\\\/produkt-kategorie\\\/basteln\\\/\"},{\"@type\":\"ListItem\",\"position\":6,\"name\":\"Spinmaster Cool Maker PopStyle Bracelet Studio\"}]},{\"@type\":\"WebSite\",\"@id\":\"https:\\\/\\\/schweizversand.ch\\\/fr\\\/#website\",\"url\":\"https:\\\/\\\/schweizversand.ch\\\/fr\\\/\",\"name\":\"Schweizer Shop f\u00fcr Sport, Spiel und Freizeit\",\"description\":\"Gratisversand ab 50.- (netto), ab eigenem schweizer Lager, Lieferung innert 48h\",\"publisher\":{\"@id\":\"https:\\\/\\\/schweizversand.ch\\\/fr\\\/#organization\"},\"alternateName\":\"Schweizversand.ch\",\"potentialAction\":[{\"@type\":\"SearchAction\",\"target\":{\"@type\":\"EntryPoint\",\"urlTemplate\":\"https:\\\/\\\/schweizversand.ch\\\/fr\\\/?s={search_term_string}\"},\"query-input\":{\"@type\":\"PropertyValueSpecification\",\"valueRequired\":true,\"valueName\":\"search_term_string\"}}],\"inLanguage\":\"fr-FR\"},{\"@type\":\"Organization\",\"@id\":\"https:\\\/\\\/schweizversand.ch\\\/fr\\\/#organization\",\"name\":\"Schweizversand.ch\",\"url\":\"https:\\\/\\\/schweizversand.ch\\\/fr\\\/\",\"logo\":{\"@type\":\"ImageObject\",\"inLanguage\":\"fr-FR\",\"@id\":\"https:\\\/\\\/schweizversand.ch\\\/fr\\\/#\\\/schema\\\/logo\\\/image\\\/\",\"url\":\"https:\\\/\\\/schweizversand.ch\\\/wp-content\\\/uploads\\\/2026\\\/03\\\/Logo_Rund_Final-1.png\",\"contentUrl\":\"https:\\\/\\\/schweizversand.ch\\\/wp-content\\\/uploads\\\/2026\\\/03\\\/Logo_Rund_Final-1.png\",\"width\":404,\"height\":404,\"caption\":\"Schweizversand.ch\"},\"image\":{\"@id\":\"https:\\\/\\\/schweizversand.ch\\\/fr\\\/#\\\/schema\\\/logo\\\/image\\\/\"},\"sameAs\":[\"https:\\\/\\\/www.facebook.com\\\/Schweizversand\",\"https:\\\/\\\/www.instagram.com\\\/schweizversand.ch\\\/\"]}]}<\/script>\n<!-- \/ Yoast SEO plugin. -->","yoast_head_json":{"title":"Spinmaster Cool Maker PopStyle Armband Studio | Jetzt kaufen | Schweizversand.ch","description":"Spinmaster Cool Maker PopStyle Armband Studio g\u00fcnstig kaufen bei Schweizversand.ch. Schnelle Lieferung in der Schweiz. Gratisversand ab CHF 50.","robots":{"index":"index","follow":"follow","max-snippet":"max-snippet:-1","max-image-preview":"max-image-preview:large","max-video-preview":"max-video-preview:-1"},"canonical":"https:\/\/schweizversand.ch\/fr\/produkt\/spinmaster-cool-maker-popstyle-armband-studio\/","og_locale":"fr_FR","og_type":"article","og_title":"Spinmaster Cool Maker PopStyle Armband Studio | Jetzt kaufen | Schweizversand.ch","og_description":"Spinmaster Cool Maker PopStyle Armband Studio g\u00fcnstig kaufen bei Schweizversand.ch. Schnelle Lieferung in der Schweiz. Gratisversand ab CHF 50.","og_url":"https:\/\/schweizversand.ch\/fr\/produkt\/spinmaster-cool-maker-popstyle-armband-studio\/","og_site_name":"Schweizer Shop f\u00fcr Sport, Spiel und Freizeit","article_publisher":"https:\/\/www.facebook.com\/Schweizversand","article_modified_time":"2026-04-19T00:03:29+00:00","og_image":[{"width":1024,"height":1024,"url":"https:\/\/schweizversand.ch\/wp-content\/uploads\/2026\/02\/5471855709.jpg","type":"image\/jpeg"}],"twitter_card":"summary_large_image","twitter_misc":{"Dur\u00e9e de lecture estim\u00e9e":"2 minutes"},"schema":{"@context":"https:\/\/schema.org","@graph":[{"@type":"WebPage","@id":"https:\/\/schweizversand.ch\/fr\/produkt\/spinmaster-cool-maker-popstyle-armband-studio\/","url":"https:\/\/schweizversand.ch\/fr\/produkt\/spinmaster-cool-maker-popstyle-armband-studio\/","name":"Spinmaster Cool Maker PopStyle Armband Studio | Jetzt kaufen | Schweizversand.ch","isPartOf":{"@id":"https:\/\/schweizversand.ch\/fr\/#website"},"primaryImageOfPage":{"@id":"https:\/\/schweizversand.ch\/fr\/produkt\/spinmaster-cool-maker-popstyle-armband-studio\/#primaryimage"},"image":{"@id":"https:\/\/schweizversand.ch\/fr\/produkt\/spinmaster-cool-maker-popstyle-armband-studio\/#primaryimage"},"thumbnailUrl":"https:\/\/schweizversand.ch\/wp-content\/uploads\/2026\/02\/5471855709.jpg","datePublished":"2026-03-14T23:28:13+00:00","dateModified":"2026-04-19T00:03:29+00:00","description":"Spinmaster Cool Maker PopStyle Armband Studio g\u00fcnstig kaufen bei Schweizversand.ch. Schnelle Lieferung in der Schweiz. Gratisversand ab CHF 50.","breadcrumb":{"@id":"https:\/\/schweizversand.ch\/fr\/produkt\/spinmaster-cool-maker-popstyle-armband-studio\/#breadcrumb"},"inLanguage":"fr-FR","potentialAction":[{"@type":"ReadAction","target":["https:\/\/schweizversand.ch\/fr\/produkt\/spinmaster-cool-maker-popstyle-armband-studio\/"]}]},{"@type":"ImageObject","inLanguage":"fr-FR","@id":"https:\/\/schweizversand.ch\/fr\/produkt\/spinmaster-cool-maker-popstyle-armband-studio\/#primaryimage","url":"https:\/\/schweizversand.ch\/wp-content\/uploads\/2026\/02\/5471855709.jpg","contentUrl":"https:\/\/schweizversand.ch\/wp-content\/uploads\/2026\/02\/5471855709.jpg","width":1024,"height":1024},{"@type":"BreadcrumbList","@id":"https:\/\/schweizversand.ch\/fr\/produkt\/spinmaster-cool-maker-popstyle-armband-studio\/#breadcrumb","itemListElement":[{"@type":"ListItem","position":1,"name":"Startseite","item":"https:\/\/schweizversand.ch\/fr\/home\/"},{"@type":"ListItem","position":2,"name":"Boutique","item":"https:\/\/schweizversand.ch\/fr\/boutique\/"},{"@type":"ListItem","position":3,"name":"Jouets et jeux","item":"https:\/\/schweizversand.ch\/fr\/produkt-kategorie\/jouets-et-jeux\/"},{"@type":"ListItem","position":4,"name":"Loisirs cr\u00e9atifs","item":"https:\/\/schweizversand.ch\/fr\/produkt-kategorie\/jouets-et-jeux\/loisirs-creatifs\/"},{"@type":"ListItem","position":5,"name":"Artisanat","item":"https:\/\/schweizversand.ch\/fr\/produkt-kategorie\/basteln\/"},{"@type":"ListItem","position":6,"name":"Spinmaster Cool Maker PopStyle Bracelet Studio"}]},{"@type":"WebSite","@id":"https:\/\/schweizversand.ch\/fr\/#website","url":"https:\/\/schweizversand.ch\/fr\/","name":"Schweizer Shop f\u00fcr Sport, Spiel und Freizeit","description":"Gratisversand ab 50.- (netto), ab eigenem schweizer Lager, Lieferung innert 48h","publisher":{"@id":"https:\/\/schweizversand.ch\/fr\/#organization"},"alternateName":"Schweizversand.ch","potentialAction":[{"@type":"SearchAction","target":{"@type":"EntryPoint","urlTemplate":"https:\/\/schweizversand.ch\/fr\/?s={search_term_string}"},"query-input":{"@type":"PropertyValueSpecification","valueRequired":true,"valueName":"search_term_string"}}],"inLanguage":"fr-FR"},{"@type":"Organization","@id":"https:\/\/schweizversand.ch\/fr\/#organization","name":"Schweizversand.ch","url":"https:\/\/schweizversand.ch\/fr\/","logo":{"@type":"ImageObject","inLanguage":"fr-FR","@id":"https:\/\/schweizversand.ch\/fr\/#\/schema\/logo\/image\/","url":"https:\/\/schweizversand.ch\/wp-content\/uploads\/2026\/03\/Logo_Rund_Final-1.png","contentUrl":"https:\/\/schweizversand.ch\/wp-content\/uploads\/2026\/03\/Logo_Rund_Final-1.png","width":404,"height":404,"caption":"Schweizversand.ch"},"image":{"@id":"https:\/\/schweizversand.ch\/fr\/#\/schema\/logo\/image\/"},"sameAs":["https:\/\/www.facebook.com\/Schweizversand","https:\/\/www.instagram.com\/schweizversand.ch\/"]}]}},"jetpack_sharing_enabled":true,"_links":{"self":[{"href":"https:\/\/schweizversand.ch\/fr\/wp-json\/wp\/v2\/product\/254715","targetHints":{"allow":["GET"]}}],"collection":[{"href":"https:\/\/schweizversand.ch\/fr\/wp-json\/wp\/v2\/product"}],"about":[{"href":"https:\/\/schweizversand.ch\/fr\/wp-json\/wp\/v2\/types\/product"}],"replies":[{"embeddable":true,"href":"https:\/\/schweizversand.ch\/fr\/wp-json\/wp\/v2\/comments?post=254715"}],"wp:featuredmedia":[{"embeddable":true,"href":"https:\/\/schweizversand.ch\/fr\/wp-json\/wp\/v2\/media\/158582"}],"wp:attachment":[{"href":"https:\/\/schweizversand.ch\/fr\/wp-json\/wp\/v2\/media?parent=254715"}],"wp:term":[{"taxonomy":"product_brand","embeddable":true,"href":"https:\/\/schweizversand.ch\/fr\/wp-json\/wp\/v2\/product_brand?post=254715"},{"taxonomy":"product_cat","embeddable":true,"href":"https:\/\/schweizversand.ch\/fr\/wp-json\/wp\/v2\/product_cat?post=254715"},{"taxonomy":"product_tag","embeddable":true,"href":"https:\/\/schweizversand.ch\/fr\/wp-json\/wp\/v2\/product_tag?post=254715"}],"curies":[{"name":"wp","href":"https:\/\/api.w.org\/{rel}","templated":true}]}}