{"id":254719,"date":"2026-03-15T00:54:07","date_gmt":"2026-03-14T23:54:07","guid":{"rendered":"https:\/\/schweizversand.ch\/produkt\/great-pretender-kostuem-web-weaver-soft-wings\/"},"modified":"2026-04-19T15:34:48","modified_gmt":"2026-04-19T13:34:48","slug":"great-pretender-kostuem-web-weaver-soft-wings","status":"publish","type":"product","link":"https:\/\/schweizversand.ch\/fr\/produkt\/great-pretender-kostuem-web-weaver-soft-wings\/","title":{"rendered":"Costume Great Pretender \u00ab Ailes souples de tisseuse de toiles \u00bb"},"content":{"rendered":"<p>Ailes souples Toile d&rsquo;araign\u00e9e \u2013 Transformez-vous en v\u00e9ritable super-h\u00e9ros !<\/p>\n<\/p>\n<p>Lib\u00e9rez le h\u00e9ros qui sommeille en votre enfant !<\/p>\n<\/p>\n<p>Avec les ailes souples Toile d&rsquo;araign\u00e9e, chaque aventure devient une mission h\u00e9ro\u00efque. Inspir\u00e9 de l&rsquo;une des super-h\u00e9ro\u00efnes les plus embl\u00e9matiques de tous les temps, ce costume promet des apparitions \u00e9piques, que ce soit dans la salle de jeux ou lors d&rsquo;une f\u00eate costum\u00e9e !<\/p>\n<\/p>\n<p>D\u00e9taill\u00e9 et dynamique<\/p>\n<\/p>\n<p>Les ailes arborent un motif de toile d&rsquo;araign\u00e9e finement d\u00e9coup\u00e9 au laser sur leur face inf\u00e9rieure. Spectaculaires, l\u00e9g\u00e8res et confortables \u00e0 porter, elles sont dot\u00e9es d&rsquo;un tissu iris\u00e9 rouge et noir qui leur conf\u00e8re du mouvement, tandis que l&rsquo;araign\u00e9e imposante au dos garantit un effet \u00ab waouh \u00bb garanti.<\/p>\n<\/p>\n<p>Masque de super-h\u00e9ros inclus<\/p>\n<\/p>\n<p>Le masque assorti, d&rsquo;un rouge \u00e9clatant, compl\u00e8te parfaitement la tenue pour une transformation en super-h\u00e9ros en un clin d&rsquo;\u0153il.<\/p>\n<\/p>\n<p>Pour les petits h\u00e9ros aux grands r\u00eaves<\/p>\n<\/p>\n<p>Que ce soit pour jouer \u00e0 faire semblant, pour Halloween, pour un anniversaire ou simplement pour s&rsquo;amuser, avec les ailes souples Web Weaver, votre enfant est toujours pr\u00eat pour sa prochaine mission audacieuse.<\/p>\n<\/p>\n<p>Ailes souples Web Weaver\u00a0: courage, magie et une puissance d&rsquo;araign\u00e9e d\u00e9mesur\u00e9e\u00a0!<\/p>\n<\/p>\n<p>D\u00e9ployez vos super-pouvoirs et envolez-vous\u00a0!<\/p>\n","protected":false},"excerpt":{"rendered":"<p>Ailes souples Toile d&rsquo;araign\u00e9e \u2013 Transformez-vous en v\u00e9ritable super-h\u00e9ros ! Lib\u00e9rez le h\u00e9ros qui sommeille en votre enfant ! Avec les ailes souples Toile d&rsquo;araign\u00e9e, chaque aventure devient une mission h\u00e9ro\u00efque. Inspir\u00e9 de l&rsquo;une des super-h\u00e9ro\u00efnes les plus embl\u00e9matiques de tous les temps, ce costume promet des apparitions \u00e9piques, que ce soit dans la salle de jeux ou lors d&rsquo;une f\u00eate costum\u00e9e ! D\u00e9taill\u00e9 et dynamique Les ailes arborent un motif de toile d&rsquo;araign\u00e9e finement&hellip;<\/p>\n","protected":false},"featured_media":158595,"comment_status":"open","ping_status":"closed","template":"","meta":[],"product_brand":[],"product_cat":[38123,38957],"product_tag":[],"class_list":{"0":"post-254719","1":"product","2":"type-product","3":"status-publish","4":"has-post-thumbnail","6":"product_cat-costumes","7":"product_cat-kostueme","8":"product_shipping_class-global_methods","10":"first","11":"instock","12":"taxable","13":"shipping-taxable","14":"purchasable","15":"product-type-simple"},"yoast_head":"<!-- This site is optimized with the Yoast SEO plugin v27.4 - https:\/\/yoast.com\/product\/yoast-seo-wordpress\/ -->\n<title>Great Pretender Kost\u00fcm &quot;Web Weaver Soft Wings&quot; | Jetzt kaufen | Schweizversand.ch<\/title>\n<meta name=\"description\" content=\"Great Pretender Kost\u00fcm &quot;Web Weaver Soft Wings&quot; g\u00fcnstig kaufen bei Schweizversand.ch. Schnelle Lieferung in der Schweiz. Gratisversand ab CHF 50.\" \/>\n<meta name=\"robots\" content=\"index, follow, max-snippet:-1, max-image-preview:large, max-video-preview:-1\" \/>\n<link rel=\"canonical\" href=\"https:\/\/schweizversand.ch\/fr\/produkt\/great-pretender-kostuem-web-weaver-soft-wings\/\" \/>\n<meta property=\"og:locale\" content=\"fr_FR\" \/>\n<meta property=\"og:type\" content=\"article\" \/>\n<meta property=\"og:title\" content=\"Great Pretender Kost\u00fcm &quot;Web Weaver Soft Wings&quot; | Jetzt kaufen | Schweizversand.ch\" \/>\n<meta property=\"og:description\" content=\"Great Pretender Kost\u00fcm &quot;Web Weaver Soft Wings&quot; g\u00fcnstig kaufen bei Schweizversand.ch. Schnelle Lieferung in der Schweiz. Gratisversand ab CHF 50.\" \/>\n<meta property=\"og:url\" content=\"https:\/\/schweizversand.ch\/fr\/produkt\/great-pretender-kostuem-web-weaver-soft-wings\/\" \/>\n<meta property=\"og:site_name\" content=\"Schweizer Shop f\u00fcr Sport, Spiel und Freizeit\" \/>\n<meta property=\"article:publisher\" content=\"https:\/\/www.facebook.com\/Schweizversand\" \/>\n<meta property=\"article:modified_time\" content=\"2026-04-19T13:34:48+00:00\" \/>\n<meta property=\"og:image\" content=\"https:\/\/schweizversand.ch\/wp-content\/uploads\/2026\/02\/5471891222.jpg\" \/>\n\t<meta property=\"og:image:width\" content=\"682\" \/>\n\t<meta property=\"og:image:height\" content=\"1024\" \/>\n\t<meta property=\"og:image:type\" content=\"image\/jpeg\" \/>\n<meta name=\"twitter:card\" content=\"summary_large_image\" \/>\n<meta name=\"twitter:label1\" content=\"Dur\u00e9e de lecture estim\u00e9e\" \/>\n\t<meta name=\"twitter:data1\" content=\"1 minute\" \/>\n<script type=\"application\/ld+json\" class=\"yoast-schema-graph\">{\"@context\":\"https:\\\/\\\/schema.org\",\"@graph\":[{\"@type\":\"WebPage\",\"@id\":\"https:\\\/\\\/schweizversand.ch\\\/fr\\\/produkt\\\/great-pretender-kostuem-web-weaver-soft-wings\\\/\",\"url\":\"https:\\\/\\\/schweizversand.ch\\\/fr\\\/produkt\\\/great-pretender-kostuem-web-weaver-soft-wings\\\/\",\"name\":\"Great Pretender Kost\u00fcm \\\"Web Weaver Soft Wings\\\" | Jetzt kaufen | Schweizversand.ch\",\"isPartOf\":{\"@id\":\"https:\\\/\\\/schweizversand.ch\\\/fr\\\/#website\"},\"primaryImageOfPage\":{\"@id\":\"https:\\\/\\\/schweizversand.ch\\\/fr\\\/produkt\\\/great-pretender-kostuem-web-weaver-soft-wings\\\/#primaryimage\"},\"image\":{\"@id\":\"https:\\\/\\\/schweizversand.ch\\\/fr\\\/produkt\\\/great-pretender-kostuem-web-weaver-soft-wings\\\/#primaryimage\"},\"thumbnailUrl\":\"https:\\\/\\\/schweizversand.ch\\\/wp-content\\\/uploads\\\/2026\\\/02\\\/5471891222.jpg\",\"datePublished\":\"2026-03-14T23:54:07+00:00\",\"dateModified\":\"2026-04-19T13:34:48+00:00\",\"description\":\"Great Pretender Kost\u00fcm \\\"Web Weaver Soft Wings\\\" g\u00fcnstig kaufen bei Schweizversand.ch. Schnelle Lieferung in der Schweiz. Gratisversand ab CHF 50.\",\"breadcrumb\":{\"@id\":\"https:\\\/\\\/schweizversand.ch\\\/fr\\\/produkt\\\/great-pretender-kostuem-web-weaver-soft-wings\\\/#breadcrumb\"},\"inLanguage\":\"fr-FR\",\"potentialAction\":[{\"@type\":\"ReadAction\",\"target\":[\"https:\\\/\\\/schweizversand.ch\\\/fr\\\/produkt\\\/great-pretender-kostuem-web-weaver-soft-wings\\\/\"]}]},{\"@type\":\"ImageObject\",\"inLanguage\":\"fr-FR\",\"@id\":\"https:\\\/\\\/schweizversand.ch\\\/fr\\\/produkt\\\/great-pretender-kostuem-web-weaver-soft-wings\\\/#primaryimage\",\"url\":\"https:\\\/\\\/schweizversand.ch\\\/wp-content\\\/uploads\\\/2026\\\/02\\\/5471891222.jpg\",\"contentUrl\":\"https:\\\/\\\/schweizversand.ch\\\/wp-content\\\/uploads\\\/2026\\\/02\\\/5471891222.jpg\",\"width\":682,\"height\":1024},{\"@type\":\"BreadcrumbList\",\"@id\":\"https:\\\/\\\/schweizversand.ch\\\/fr\\\/produkt\\\/great-pretender-kostuem-web-weaver-soft-wings\\\/#breadcrumb\",\"itemListElement\":[{\"@type\":\"ListItem\",\"position\":1,\"name\":\"Startseite\",\"item\":\"https:\\\/\\\/schweizversand.ch\\\/fr\\\/home\\\/\"},{\"@type\":\"ListItem\",\"position\":2,\"name\":\"Boutique\",\"item\":\"https:\\\/\\\/schweizversand.ch\\\/fr\\\/boutique\\\/\"},{\"@type\":\"ListItem\",\"position\":3,\"name\":\"Mode\",\"item\":\"https:\\\/\\\/schweizversand.ch\\\/fr\\\/produkt-kategorie\\\/mode-fr\\\/\"},{\"@type\":\"ListItem\",\"position\":4,\"name\":\"Mode unisexe\",\"item\":\"https:\\\/\\\/schweizversand.ch\\\/fr\\\/produkt-kategorie\\\/mode\\\/mode-unisexe\\\/\"},{\"@type\":\"ListItem\",\"position\":5,\"name\":\"Costumes\",\"item\":\"https:\\\/\\\/schweizversand.ch\\\/fr\\\/produkt-kategorie\\\/mode\\\/mode-unisexe\\\/costumes\\\/\"},{\"@type\":\"ListItem\",\"position\":6,\"name\":\"Costume Great Pretender \u00ab Ailes souples de tisseuse de toiles \u00bb\"}]},{\"@type\":\"WebSite\",\"@id\":\"https:\\\/\\\/schweizversand.ch\\\/fr\\\/#website\",\"url\":\"https:\\\/\\\/schweizversand.ch\\\/fr\\\/\",\"name\":\"Schweizer Shop f\u00fcr Sport, Spiel und Freizeit\",\"description\":\"Gratisversand ab 50.- (netto), ab eigenem schweizer Lager, Lieferung innert 48h\",\"publisher\":{\"@id\":\"https:\\\/\\\/schweizversand.ch\\\/fr\\\/#organization\"},\"alternateName\":\"Schweizversand.ch\",\"potentialAction\":[{\"@type\":\"SearchAction\",\"target\":{\"@type\":\"EntryPoint\",\"urlTemplate\":\"https:\\\/\\\/schweizversand.ch\\\/fr\\\/?s={search_term_string}\"},\"query-input\":{\"@type\":\"PropertyValueSpecification\",\"valueRequired\":true,\"valueName\":\"search_term_string\"}}],\"inLanguage\":\"fr-FR\"},{\"@type\":\"Organization\",\"@id\":\"https:\\\/\\\/schweizversand.ch\\\/fr\\\/#organization\",\"name\":\"Schweizversand.ch\",\"url\":\"https:\\\/\\\/schweizversand.ch\\\/fr\\\/\",\"logo\":{\"@type\":\"ImageObject\",\"inLanguage\":\"fr-FR\",\"@id\":\"https:\\\/\\\/schweizversand.ch\\\/fr\\\/#\\\/schema\\\/logo\\\/image\\\/\",\"url\":\"https:\\\/\\\/schweizversand.ch\\\/wp-content\\\/uploads\\\/2026\\\/03\\\/Logo_Rund_Final-1.png\",\"contentUrl\":\"https:\\\/\\\/schweizversand.ch\\\/wp-content\\\/uploads\\\/2026\\\/03\\\/Logo_Rund_Final-1.png\",\"width\":404,\"height\":404,\"caption\":\"Schweizversand.ch\"},\"image\":{\"@id\":\"https:\\\/\\\/schweizversand.ch\\\/fr\\\/#\\\/schema\\\/logo\\\/image\\\/\"},\"sameAs\":[\"https:\\\/\\\/www.facebook.com\\\/Schweizversand\",\"https:\\\/\\\/www.instagram.com\\\/schweizversand.ch\\\/\"]}]}<\/script>\n<!-- \/ Yoast SEO plugin. -->","yoast_head_json":{"title":"Great Pretender Kost\u00fcm \"Web Weaver Soft Wings\" | Jetzt kaufen | Schweizversand.ch","description":"Great Pretender Kost\u00fcm \"Web Weaver Soft Wings\" g\u00fcnstig kaufen bei Schweizversand.ch. Schnelle Lieferung in der Schweiz. Gratisversand ab CHF 50.","robots":{"index":"index","follow":"follow","max-snippet":"max-snippet:-1","max-image-preview":"max-image-preview:large","max-video-preview":"max-video-preview:-1"},"canonical":"https:\/\/schweizversand.ch\/fr\/produkt\/great-pretender-kostuem-web-weaver-soft-wings\/","og_locale":"fr_FR","og_type":"article","og_title":"Great Pretender Kost\u00fcm \"Web Weaver Soft Wings\" | Jetzt kaufen | Schweizversand.ch","og_description":"Great Pretender Kost\u00fcm \"Web Weaver Soft Wings\" g\u00fcnstig kaufen bei Schweizversand.ch. Schnelle Lieferung in der Schweiz. Gratisversand ab CHF 50.","og_url":"https:\/\/schweizversand.ch\/fr\/produkt\/great-pretender-kostuem-web-weaver-soft-wings\/","og_site_name":"Schweizer Shop f\u00fcr Sport, Spiel und Freizeit","article_publisher":"https:\/\/www.facebook.com\/Schweizversand","article_modified_time":"2026-04-19T13:34:48+00:00","og_image":[{"width":682,"height":1024,"url":"https:\/\/schweizversand.ch\/wp-content\/uploads\/2026\/02\/5471891222.jpg","type":"image\/jpeg"}],"twitter_card":"summary_large_image","twitter_misc":{"Dur\u00e9e de lecture estim\u00e9e":"1 minute"},"schema":{"@context":"https:\/\/schema.org","@graph":[{"@type":"WebPage","@id":"https:\/\/schweizversand.ch\/fr\/produkt\/great-pretender-kostuem-web-weaver-soft-wings\/","url":"https:\/\/schweizversand.ch\/fr\/produkt\/great-pretender-kostuem-web-weaver-soft-wings\/","name":"Great Pretender Kost\u00fcm \"Web Weaver Soft Wings\" | Jetzt kaufen | Schweizversand.ch","isPartOf":{"@id":"https:\/\/schweizversand.ch\/fr\/#website"},"primaryImageOfPage":{"@id":"https:\/\/schweizversand.ch\/fr\/produkt\/great-pretender-kostuem-web-weaver-soft-wings\/#primaryimage"},"image":{"@id":"https:\/\/schweizversand.ch\/fr\/produkt\/great-pretender-kostuem-web-weaver-soft-wings\/#primaryimage"},"thumbnailUrl":"https:\/\/schweizversand.ch\/wp-content\/uploads\/2026\/02\/5471891222.jpg","datePublished":"2026-03-14T23:54:07+00:00","dateModified":"2026-04-19T13:34:48+00:00","description":"Great Pretender Kost\u00fcm \"Web Weaver Soft Wings\" g\u00fcnstig kaufen bei Schweizversand.ch. Schnelle Lieferung in der Schweiz. Gratisversand ab CHF 50.","breadcrumb":{"@id":"https:\/\/schweizversand.ch\/fr\/produkt\/great-pretender-kostuem-web-weaver-soft-wings\/#breadcrumb"},"inLanguage":"fr-FR","potentialAction":[{"@type":"ReadAction","target":["https:\/\/schweizversand.ch\/fr\/produkt\/great-pretender-kostuem-web-weaver-soft-wings\/"]}]},{"@type":"ImageObject","inLanguage":"fr-FR","@id":"https:\/\/schweizversand.ch\/fr\/produkt\/great-pretender-kostuem-web-weaver-soft-wings\/#primaryimage","url":"https:\/\/schweizversand.ch\/wp-content\/uploads\/2026\/02\/5471891222.jpg","contentUrl":"https:\/\/schweizversand.ch\/wp-content\/uploads\/2026\/02\/5471891222.jpg","width":682,"height":1024},{"@type":"BreadcrumbList","@id":"https:\/\/schweizversand.ch\/fr\/produkt\/great-pretender-kostuem-web-weaver-soft-wings\/#breadcrumb","itemListElement":[{"@type":"ListItem","position":1,"name":"Startseite","item":"https:\/\/schweizversand.ch\/fr\/home\/"},{"@type":"ListItem","position":2,"name":"Boutique","item":"https:\/\/schweizversand.ch\/fr\/boutique\/"},{"@type":"ListItem","position":3,"name":"Mode","item":"https:\/\/schweizversand.ch\/fr\/produkt-kategorie\/mode-fr\/"},{"@type":"ListItem","position":4,"name":"Mode unisexe","item":"https:\/\/schweizversand.ch\/fr\/produkt-kategorie\/mode\/mode-unisexe\/"},{"@type":"ListItem","position":5,"name":"Costumes","item":"https:\/\/schweizversand.ch\/fr\/produkt-kategorie\/mode\/mode-unisexe\/costumes\/"},{"@type":"ListItem","position":6,"name":"Costume Great Pretender \u00ab Ailes souples de tisseuse de toiles \u00bb"}]},{"@type":"WebSite","@id":"https:\/\/schweizversand.ch\/fr\/#website","url":"https:\/\/schweizversand.ch\/fr\/","name":"Schweizer Shop f\u00fcr Sport, Spiel und Freizeit","description":"Gratisversand ab 50.- (netto), ab eigenem schweizer Lager, Lieferung innert 48h","publisher":{"@id":"https:\/\/schweizversand.ch\/fr\/#organization"},"alternateName":"Schweizversand.ch","potentialAction":[{"@type":"SearchAction","target":{"@type":"EntryPoint","urlTemplate":"https:\/\/schweizversand.ch\/fr\/?s={search_term_string}"},"query-input":{"@type":"PropertyValueSpecification","valueRequired":true,"valueName":"search_term_string"}}],"inLanguage":"fr-FR"},{"@type":"Organization","@id":"https:\/\/schweizversand.ch\/fr\/#organization","name":"Schweizversand.ch","url":"https:\/\/schweizversand.ch\/fr\/","logo":{"@type":"ImageObject","inLanguage":"fr-FR","@id":"https:\/\/schweizversand.ch\/fr\/#\/schema\/logo\/image\/","url":"https:\/\/schweizversand.ch\/wp-content\/uploads\/2026\/03\/Logo_Rund_Final-1.png","contentUrl":"https:\/\/schweizversand.ch\/wp-content\/uploads\/2026\/03\/Logo_Rund_Final-1.png","width":404,"height":404,"caption":"Schweizversand.ch"},"image":{"@id":"https:\/\/schweizversand.ch\/fr\/#\/schema\/logo\/image\/"},"sameAs":["https:\/\/www.facebook.com\/Schweizversand","https:\/\/www.instagram.com\/schweizversand.ch\/"]}]}},"jetpack_sharing_enabled":true,"_links":{"self":[{"href":"https:\/\/schweizversand.ch\/fr\/wp-json\/wp\/v2\/product\/254719","targetHints":{"allow":["GET"]}}],"collection":[{"href":"https:\/\/schweizversand.ch\/fr\/wp-json\/wp\/v2\/product"}],"about":[{"href":"https:\/\/schweizversand.ch\/fr\/wp-json\/wp\/v2\/types\/product"}],"replies":[{"embeddable":true,"href":"https:\/\/schweizversand.ch\/fr\/wp-json\/wp\/v2\/comments?post=254719"}],"wp:featuredmedia":[{"embeddable":true,"href":"https:\/\/schweizversand.ch\/fr\/wp-json\/wp\/v2\/media\/158595"}],"wp:attachment":[{"href":"https:\/\/schweizversand.ch\/fr\/wp-json\/wp\/v2\/media?parent=254719"}],"wp:term":[{"taxonomy":"product_brand","embeddable":true,"href":"https:\/\/schweizversand.ch\/fr\/wp-json\/wp\/v2\/product_brand?post=254719"},{"taxonomy":"product_cat","embeddable":true,"href":"https:\/\/schweizversand.ch\/fr\/wp-json\/wp\/v2\/product_cat?post=254719"},{"taxonomy":"product_tag","embeddable":true,"href":"https:\/\/schweizversand.ch\/fr\/wp-json\/wp\/v2\/product_tag?post=254719"}],"curies":[{"name":"wp","href":"https:\/\/api.w.org\/{rel}","templated":true}]}}