{"id":254721,"date":"2026-03-15T00:54:08","date_gmt":"2026-03-14T23:54:08","guid":{"rendered":"https:\/\/schweizversand.ch\/produkt\/creative-education-of-canada-kostuem-feenprinzessin-set\/"},"modified":"2026-04-19T02:03:29","modified_gmt":"2026-04-19T00:03:29","slug":"creative-education-of-canada-kostuem-feenprinzessin-set","status":"publish","type":"product","link":"https:\/\/schweizversand.ch\/fr\/produkt\/creative-education-of-canada-kostuem-feenprinzessin-set\/","title":{"rendered":"Ensemble de costume de princesse f\u00e9e de Creative Education Canada"},"content":{"rendered":"<p>Transformez-vous en princesse des f\u00e9es\u00a0!<\/p>\n<p>Notre ravissante jupe en tulle orn\u00e9e de paillettes or rose est la compagne id\u00e9ale de toutes les petites princesses\u00a0! Le tulle doux et fluide est fronc\u00e9 \u00e0 la taille par un \u00e9lastique, assurant un ajustement parfait \u00e0 toutes les morphologies. Cet ensemble deux pi\u00e8ces comprend non seulement la jupe, mais aussi des ailes scintillantes assorties qui ajouteront une touche de magie \u00e0 toutes ses tenues.<\/p>\n<p>Le d\u00e9tail qui fait toute la diff\u00e9rence\u00a0: une rose surdimensionn\u00e9e orne le centre du motif glamour et paillet\u00e9, en parfaite harmonie avec la jupe. Un look qui stimule l\u2019imagination et permet \u00e0 chaque fille de briller dans son propre univers f\u00e9erique.<\/p>\n<p>Pour les f\u00e9es qui veulent briller de mille feux \u2013 d\u00e9couvrez-la d\u00e8s maintenant et laissez-vous enchanter\u00a0!<\/p>\n","protected":false},"excerpt":{"rendered":"<p>Transformez-vous en princesse des f\u00e9es\u00a0! Notre ravissante jupe en tulle orn\u00e9e de paillettes or rose est la compagne id\u00e9ale de toutes les petites princesses\u00a0! Le tulle doux et fluide est fronc\u00e9 \u00e0 la taille par un \u00e9lastique, assurant un ajustement parfait \u00e0 toutes les morphologies. Cet ensemble deux pi\u00e8ces comprend non seulement la jupe, mais aussi des ailes scintillantes assorties qui ajouteront une touche de magie \u00e0 toutes ses tenues. Le d\u00e9tail qui fait toute&hellip;<\/p>\n","protected":false},"featured_media":158603,"comment_status":"open","ping_status":"closed","template":"","meta":[],"product_brand":[],"product_cat":[38937],"product_tag":[],"class_list":{"0":"post-254721","1":"product","2":"type-product","3":"status-publish","4":"has-post-thumbnail","6":"product_cat-diverses","7":"product_shipping_class-global_methods","9":"first","10":"instock","11":"taxable","12":"shipping-taxable","13":"purchasable","14":"product-type-simple"},"yoast_head":"<!-- This site is optimized with the Yoast SEO plugin v27.4 - https:\/\/yoast.com\/product\/yoast-seo-wordpress\/ -->\n<title>Creative Education of Canada Kost\u00fcm &quot; Feenprinzessin&quot; Set | Jetzt kaufen | Schweizversand.ch<\/title>\n<meta name=\"description\" content=\"Creative Education of Canada Kost\u00fcm &quot; Feenprinzessin&quot; Set g\u00fcnstig kaufen bei Schweizversand.ch. Schnelle Lieferung in der Schweiz. Gratisversand ab CHF 50.\" \/>\n<meta name=\"robots\" content=\"index, follow, max-snippet:-1, max-image-preview:large, max-video-preview:-1\" \/>\n<link rel=\"canonical\" href=\"https:\/\/schweizversand.ch\/fr\/produkt\/creative-education-of-canada-kostuem-feenprinzessin-set\/\" \/>\n<meta property=\"og:locale\" content=\"fr_FR\" \/>\n<meta property=\"og:type\" content=\"article\" \/>\n<meta property=\"og:title\" content=\"Creative Education of Canada Kost\u00fcm &quot; Feenprinzessin&quot; Set | Jetzt kaufen | Schweizversand.ch\" \/>\n<meta property=\"og:description\" content=\"Creative Education of Canada Kost\u00fcm &quot; Feenprinzessin&quot; Set g\u00fcnstig kaufen bei Schweizversand.ch. Schnelle Lieferung in der Schweiz. Gratisversand ab CHF 50.\" \/>\n<meta property=\"og:url\" content=\"https:\/\/schweizversand.ch\/fr\/produkt\/creative-education-of-canada-kostuem-feenprinzessin-set\/\" \/>\n<meta property=\"og:site_name\" content=\"Schweizer Shop f\u00fcr Sport, Spiel und Freizeit\" \/>\n<meta property=\"article:publisher\" content=\"https:\/\/www.facebook.com\/Schweizversand\" \/>\n<meta property=\"article:modified_time\" content=\"2026-04-19T00:03:29+00:00\" \/>\n<meta property=\"og:image\" content=\"https:\/\/schweizversand.ch\/wp-content\/uploads\/2026\/02\/5471784040.jpg\" \/>\n\t<meta property=\"og:image:width\" content=\"1024\" \/>\n\t<meta property=\"og:image:height\" content=\"842\" \/>\n\t<meta property=\"og:image:type\" content=\"image\/jpeg\" \/>\n<meta name=\"twitter:card\" content=\"summary_large_image\" \/>\n<meta name=\"twitter:label1\" content=\"Dur\u00e9e de lecture estim\u00e9e\" \/>\n\t<meta name=\"twitter:data1\" content=\"1 minute\" \/>\n<script type=\"application\/ld+json\" class=\"yoast-schema-graph\">{\"@context\":\"https:\\\/\\\/schema.org\",\"@graph\":[{\"@type\":\"WebPage\",\"@id\":\"https:\\\/\\\/schweizversand.ch\\\/fr\\\/produkt\\\/creative-education-of-canada-kostuem-feenprinzessin-set\\\/\",\"url\":\"https:\\\/\\\/schweizversand.ch\\\/fr\\\/produkt\\\/creative-education-of-canada-kostuem-feenprinzessin-set\\\/\",\"name\":\"Creative Education of Canada Kost\u00fcm \\\" Feenprinzessin\\\" Set | Jetzt kaufen | Schweizversand.ch\",\"isPartOf\":{\"@id\":\"https:\\\/\\\/schweizversand.ch\\\/fr\\\/#website\"},\"primaryImageOfPage\":{\"@id\":\"https:\\\/\\\/schweizversand.ch\\\/fr\\\/produkt\\\/creative-education-of-canada-kostuem-feenprinzessin-set\\\/#primaryimage\"},\"image\":{\"@id\":\"https:\\\/\\\/schweizversand.ch\\\/fr\\\/produkt\\\/creative-education-of-canada-kostuem-feenprinzessin-set\\\/#primaryimage\"},\"thumbnailUrl\":\"https:\\\/\\\/schweizversand.ch\\\/wp-content\\\/uploads\\\/2026\\\/02\\\/5471784040.jpg\",\"datePublished\":\"2026-03-14T23:54:08+00:00\",\"dateModified\":\"2026-04-19T00:03:29+00:00\",\"description\":\"Creative Education of Canada Kost\u00fcm \\\" Feenprinzessin\\\" Set g\u00fcnstig kaufen bei Schweizversand.ch. Schnelle Lieferung in der Schweiz. Gratisversand ab CHF 50.\",\"breadcrumb\":{\"@id\":\"https:\\\/\\\/schweizversand.ch\\\/fr\\\/produkt\\\/creative-education-of-canada-kostuem-feenprinzessin-set\\\/#breadcrumb\"},\"inLanguage\":\"fr-FR\",\"potentialAction\":[{\"@type\":\"ReadAction\",\"target\":[\"https:\\\/\\\/schweizversand.ch\\\/fr\\\/produkt\\\/creative-education-of-canada-kostuem-feenprinzessin-set\\\/\"]}]},{\"@type\":\"ImageObject\",\"inLanguage\":\"fr-FR\",\"@id\":\"https:\\\/\\\/schweizversand.ch\\\/fr\\\/produkt\\\/creative-education-of-canada-kostuem-feenprinzessin-set\\\/#primaryimage\",\"url\":\"https:\\\/\\\/schweizversand.ch\\\/wp-content\\\/uploads\\\/2026\\\/02\\\/5471784040.jpg\",\"contentUrl\":\"https:\\\/\\\/schweizversand.ch\\\/wp-content\\\/uploads\\\/2026\\\/02\\\/5471784040.jpg\",\"width\":1024,\"height\":842},{\"@type\":\"BreadcrumbList\",\"@id\":\"https:\\\/\\\/schweizversand.ch\\\/fr\\\/produkt\\\/creative-education-of-canada-kostuem-feenprinzessin-set\\\/#breadcrumb\",\"itemListElement\":[{\"@type\":\"ListItem\",\"position\":1,\"name\":\"Startseite\",\"item\":\"https:\\\/\\\/schweizversand.ch\\\/fr\\\/home\\\/\"},{\"@type\":\"ListItem\",\"position\":2,\"name\":\"Boutique\",\"item\":\"https:\\\/\\\/schweizversand.ch\\\/fr\\\/boutique\\\/\"},{\"@type\":\"ListItem\",\"position\":3,\"name\":\"B\u00e9b\u00e9 et parents\",\"item\":\"https:\\\/\\\/schweizversand.ch\\\/fr\\\/produkt-kategorie\\\/bebe-et-parents\\\/\"},{\"@type\":\"ListItem\",\"position\":4,\"name\":\"Jouets pour b\u00e9b\u00e9s\",\"item\":\"https:\\\/\\\/schweizversand.ch\\\/fr\\\/produkt-kategorie\\\/bebe-et-parents\\\/jouets-pour-bebes\\\/\"},{\"@type\":\"ListItem\",\"position\":5,\"name\":\"Divers\",\"item\":\"https:\\\/\\\/schweizversand.ch\\\/fr\\\/produkt-kategorie\\\/bebe-et-parents\\\/jouets-pour-bebes\\\/diverses\\\/\"},{\"@type\":\"ListItem\",\"position\":6,\"name\":\"Ensemble de costume de princesse f\u00e9e de Creative Education Canada\"}]},{\"@type\":\"WebSite\",\"@id\":\"https:\\\/\\\/schweizversand.ch\\\/fr\\\/#website\",\"url\":\"https:\\\/\\\/schweizversand.ch\\\/fr\\\/\",\"name\":\"Schweizer Shop f\u00fcr Sport, Spiel und Freizeit\",\"description\":\"Gratisversand ab 50.- (netto), ab eigenem schweizer Lager, Lieferung innert 48h\",\"publisher\":{\"@id\":\"https:\\\/\\\/schweizversand.ch\\\/fr\\\/#organization\"},\"alternateName\":\"Schweizversand.ch\",\"potentialAction\":[{\"@type\":\"SearchAction\",\"target\":{\"@type\":\"EntryPoint\",\"urlTemplate\":\"https:\\\/\\\/schweizversand.ch\\\/fr\\\/?s={search_term_string}\"},\"query-input\":{\"@type\":\"PropertyValueSpecification\",\"valueRequired\":true,\"valueName\":\"search_term_string\"}}],\"inLanguage\":\"fr-FR\"},{\"@type\":\"Organization\",\"@id\":\"https:\\\/\\\/schweizversand.ch\\\/fr\\\/#organization\",\"name\":\"Schweizversand.ch\",\"url\":\"https:\\\/\\\/schweizversand.ch\\\/fr\\\/\",\"logo\":{\"@type\":\"ImageObject\",\"inLanguage\":\"fr-FR\",\"@id\":\"https:\\\/\\\/schweizversand.ch\\\/fr\\\/#\\\/schema\\\/logo\\\/image\\\/\",\"url\":\"https:\\\/\\\/schweizversand.ch\\\/wp-content\\\/uploads\\\/2026\\\/03\\\/Logo_Rund_Final-1.png\",\"contentUrl\":\"https:\\\/\\\/schweizversand.ch\\\/wp-content\\\/uploads\\\/2026\\\/03\\\/Logo_Rund_Final-1.png\",\"width\":404,\"height\":404,\"caption\":\"Schweizversand.ch\"},\"image\":{\"@id\":\"https:\\\/\\\/schweizversand.ch\\\/fr\\\/#\\\/schema\\\/logo\\\/image\\\/\"},\"sameAs\":[\"https:\\\/\\\/www.facebook.com\\\/Schweizversand\",\"https:\\\/\\\/www.instagram.com\\\/schweizversand.ch\\\/\"]}]}<\/script>\n<!-- \/ Yoast SEO plugin. -->","yoast_head_json":{"title":"Creative Education of Canada Kost\u00fcm \" Feenprinzessin\" Set | Jetzt kaufen | Schweizversand.ch","description":"Creative Education of Canada Kost\u00fcm \" Feenprinzessin\" Set g\u00fcnstig kaufen bei Schweizversand.ch. Schnelle Lieferung in der Schweiz. Gratisversand ab CHF 50.","robots":{"index":"index","follow":"follow","max-snippet":"max-snippet:-1","max-image-preview":"max-image-preview:large","max-video-preview":"max-video-preview:-1"},"canonical":"https:\/\/schweizversand.ch\/fr\/produkt\/creative-education-of-canada-kostuem-feenprinzessin-set\/","og_locale":"fr_FR","og_type":"article","og_title":"Creative Education of Canada Kost\u00fcm \" Feenprinzessin\" Set | Jetzt kaufen | Schweizversand.ch","og_description":"Creative Education of Canada Kost\u00fcm \" Feenprinzessin\" Set g\u00fcnstig kaufen bei Schweizversand.ch. Schnelle Lieferung in der Schweiz. Gratisversand ab CHF 50.","og_url":"https:\/\/schweizversand.ch\/fr\/produkt\/creative-education-of-canada-kostuem-feenprinzessin-set\/","og_site_name":"Schweizer Shop f\u00fcr Sport, Spiel und Freizeit","article_publisher":"https:\/\/www.facebook.com\/Schweizversand","article_modified_time":"2026-04-19T00:03:29+00:00","og_image":[{"width":1024,"height":842,"url":"https:\/\/schweizversand.ch\/wp-content\/uploads\/2026\/02\/5471784040.jpg","type":"image\/jpeg"}],"twitter_card":"summary_large_image","twitter_misc":{"Dur\u00e9e de lecture estim\u00e9e":"1 minute"},"schema":{"@context":"https:\/\/schema.org","@graph":[{"@type":"WebPage","@id":"https:\/\/schweizversand.ch\/fr\/produkt\/creative-education-of-canada-kostuem-feenprinzessin-set\/","url":"https:\/\/schweizversand.ch\/fr\/produkt\/creative-education-of-canada-kostuem-feenprinzessin-set\/","name":"Creative Education of Canada Kost\u00fcm \" Feenprinzessin\" Set | Jetzt kaufen | Schweizversand.ch","isPartOf":{"@id":"https:\/\/schweizversand.ch\/fr\/#website"},"primaryImageOfPage":{"@id":"https:\/\/schweizversand.ch\/fr\/produkt\/creative-education-of-canada-kostuem-feenprinzessin-set\/#primaryimage"},"image":{"@id":"https:\/\/schweizversand.ch\/fr\/produkt\/creative-education-of-canada-kostuem-feenprinzessin-set\/#primaryimage"},"thumbnailUrl":"https:\/\/schweizversand.ch\/wp-content\/uploads\/2026\/02\/5471784040.jpg","datePublished":"2026-03-14T23:54:08+00:00","dateModified":"2026-04-19T00:03:29+00:00","description":"Creative Education of Canada Kost\u00fcm \" Feenprinzessin\" Set g\u00fcnstig kaufen bei Schweizversand.ch. Schnelle Lieferung in der Schweiz. Gratisversand ab CHF 50.","breadcrumb":{"@id":"https:\/\/schweizversand.ch\/fr\/produkt\/creative-education-of-canada-kostuem-feenprinzessin-set\/#breadcrumb"},"inLanguage":"fr-FR","potentialAction":[{"@type":"ReadAction","target":["https:\/\/schweizversand.ch\/fr\/produkt\/creative-education-of-canada-kostuem-feenprinzessin-set\/"]}]},{"@type":"ImageObject","inLanguage":"fr-FR","@id":"https:\/\/schweizversand.ch\/fr\/produkt\/creative-education-of-canada-kostuem-feenprinzessin-set\/#primaryimage","url":"https:\/\/schweizversand.ch\/wp-content\/uploads\/2026\/02\/5471784040.jpg","contentUrl":"https:\/\/schweizversand.ch\/wp-content\/uploads\/2026\/02\/5471784040.jpg","width":1024,"height":842},{"@type":"BreadcrumbList","@id":"https:\/\/schweizversand.ch\/fr\/produkt\/creative-education-of-canada-kostuem-feenprinzessin-set\/#breadcrumb","itemListElement":[{"@type":"ListItem","position":1,"name":"Startseite","item":"https:\/\/schweizversand.ch\/fr\/home\/"},{"@type":"ListItem","position":2,"name":"Boutique","item":"https:\/\/schweizversand.ch\/fr\/boutique\/"},{"@type":"ListItem","position":3,"name":"B\u00e9b\u00e9 et parents","item":"https:\/\/schweizversand.ch\/fr\/produkt-kategorie\/bebe-et-parents\/"},{"@type":"ListItem","position":4,"name":"Jouets pour b\u00e9b\u00e9s","item":"https:\/\/schweizversand.ch\/fr\/produkt-kategorie\/bebe-et-parents\/jouets-pour-bebes\/"},{"@type":"ListItem","position":5,"name":"Divers","item":"https:\/\/schweizversand.ch\/fr\/produkt-kategorie\/bebe-et-parents\/jouets-pour-bebes\/diverses\/"},{"@type":"ListItem","position":6,"name":"Ensemble de costume de princesse f\u00e9e de Creative Education Canada"}]},{"@type":"WebSite","@id":"https:\/\/schweizversand.ch\/fr\/#website","url":"https:\/\/schweizversand.ch\/fr\/","name":"Schweizer Shop f\u00fcr Sport, Spiel und Freizeit","description":"Gratisversand ab 50.- (netto), ab eigenem schweizer Lager, Lieferung innert 48h","publisher":{"@id":"https:\/\/schweizversand.ch\/fr\/#organization"},"alternateName":"Schweizversand.ch","potentialAction":[{"@type":"SearchAction","target":{"@type":"EntryPoint","urlTemplate":"https:\/\/schweizversand.ch\/fr\/?s={search_term_string}"},"query-input":{"@type":"PropertyValueSpecification","valueRequired":true,"valueName":"search_term_string"}}],"inLanguage":"fr-FR"},{"@type":"Organization","@id":"https:\/\/schweizversand.ch\/fr\/#organization","name":"Schweizversand.ch","url":"https:\/\/schweizversand.ch\/fr\/","logo":{"@type":"ImageObject","inLanguage":"fr-FR","@id":"https:\/\/schweizversand.ch\/fr\/#\/schema\/logo\/image\/","url":"https:\/\/schweizversand.ch\/wp-content\/uploads\/2026\/03\/Logo_Rund_Final-1.png","contentUrl":"https:\/\/schweizversand.ch\/wp-content\/uploads\/2026\/03\/Logo_Rund_Final-1.png","width":404,"height":404,"caption":"Schweizversand.ch"},"image":{"@id":"https:\/\/schweizversand.ch\/fr\/#\/schema\/logo\/image\/"},"sameAs":["https:\/\/www.facebook.com\/Schweizversand","https:\/\/www.instagram.com\/schweizversand.ch\/"]}]}},"jetpack_sharing_enabled":true,"_links":{"self":[{"href":"https:\/\/schweizversand.ch\/fr\/wp-json\/wp\/v2\/product\/254721","targetHints":{"allow":["GET"]}}],"collection":[{"href":"https:\/\/schweizversand.ch\/fr\/wp-json\/wp\/v2\/product"}],"about":[{"href":"https:\/\/schweizversand.ch\/fr\/wp-json\/wp\/v2\/types\/product"}],"replies":[{"embeddable":true,"href":"https:\/\/schweizversand.ch\/fr\/wp-json\/wp\/v2\/comments?post=254721"}],"wp:featuredmedia":[{"embeddable":true,"href":"https:\/\/schweizversand.ch\/fr\/wp-json\/wp\/v2\/media\/158603"}],"wp:attachment":[{"href":"https:\/\/schweizversand.ch\/fr\/wp-json\/wp\/v2\/media?parent=254721"}],"wp:term":[{"taxonomy":"product_brand","embeddable":true,"href":"https:\/\/schweizversand.ch\/fr\/wp-json\/wp\/v2\/product_brand?post=254721"},{"taxonomy":"product_cat","embeddable":true,"href":"https:\/\/schweizversand.ch\/fr\/wp-json\/wp\/v2\/product_cat?post=254721"},{"taxonomy":"product_tag","embeddable":true,"href":"https:\/\/schweizversand.ch\/fr\/wp-json\/wp\/v2\/product_tag?post=254721"}],"curies":[{"name":"wp","href":"https:\/\/api.w.org\/{rel}","templated":true}]}}