{"id":254723,"date":"2026-03-15T00:54:08","date_gmt":"2026-03-14T23:54:08","guid":{"rendered":"https:\/\/schweizversand.ch\/produkt\/brauncompany-geschenkpapier-fuer-weihnachten\/"},"modified":"2026-04-19T02:03:29","modified_gmt":"2026-04-19T00:03:29","slug":"brauncompany-geschenkpapier-fuer-weihnachten","status":"publish","type":"product","link":"https:\/\/schweizversand.ch\/fr\/produkt\/brauncompany-geschenkpapier-fuer-weihnachten\/","title":{"rendered":"Papier cadeau de No\u00ebl Braun&#038;Company"},"content":{"rendered":"<h1><strong>Magnifique papier cadeau de No\u00ebl \u2013 70 x 200 cm<\/strong><\/h1>\n<div>Offrez \u00e0 vos cadeaux une touche de luxe pour les f\u00eates. Ce papier cadeau de No\u00ebl de haute qualit\u00e9 a \u00e9t\u00e9 sp\u00e9cialement con\u00e7u pour mettre en valeur vos pr\u00e9sents avec \u00e9l\u00e9gance et vous garantir un emballage cadeau de No\u00ebl inoubliable.<\/strong><\/p>\n<\/div>\n<div><strong>La pr\u00e9sentation parfaite pour vos cadeaux<\/strong><br \/>Notre papier cadeau de No\u00ebl exclusif transforme chaque pr\u00e9sent en un v\u00e9ritable objet de d\u00e9coration. Les motifs festifs soigneusement s\u00e9lectionn\u00e9s cr\u00e9ent une ambiance f\u00e9\u00e9rique au pied du sapin et t\u00e9moignent de l&rsquo;importance de la joie que vous accordez \u00e0 vos proches. C&rsquo;est le choix id\u00e9al pour tous ceux qui appr\u00e9cient l&rsquo;esth\u00e9tique et la qualit\u00e9.<\/strong><\/p>\n<\/div>\n<div><strong>Qualit\u00e9 et quantit\u00e9 \u2013 Fabriqu\u00e9 en Allemagne<\/strong><br \/>Ce rouleau de papier cadeau se distingue par son excellente qualit\u00e9 de fabrication. Sa production en Allemagne garantit les plus hauts standards de r\u00e9sistance \u00e0 la d\u00e9chirure et de tenue des couleurs. Gr\u00e2ce \u00e0 ses dimensions g\u00e9n\u00e9reuses de 70 x 200 cm, vous disposez de suffisamment de mati\u00e8re pour emballer sans effort et avec \u00e9l\u00e9gance plusieurs cadeaux, m\u00eame volumineux. L&rsquo;\u00e9paisseur du papier garantit sa r\u00e9sistance aux d\u00e9chirures lors de l&#8217;emballage et permet de dissimuler parfaitement les contours du cadeau.<\/p>\n<\/div>\n<div><strong>Vos \u200b\u200bavantages en un coup d&rsquo;\u0153il<\/strong><br \/>&#8211; <strong>Papier cadeau de haute qualit\u00e9<\/strong>\u00a0: Mat\u00e9riau robuste et r\u00e9sistant aux d\u00e9chirures.<br \/>&#8211; <strong>Format g\u00e9n\u00e9reux<\/strong>\u00a0: Avec un papier cadeau de 70\u00a0x\u00a0200\u00a0cm, vous aurez suffisamment de place pour de nombreux cadeaux.<br \/>&#8211; <strong>Motifs festifs<\/strong>\u00a0: Cr\u00e9e instantan\u00e9ment une ambiance de No\u00ebl.<br \/>&#8211; <strong>Fabriqu\u00e9 en Allemagne<\/strong>\u00a0: Garantit les plus hauts standards de qualit\u00e9 et une production respectueuse de l&rsquo;environnement.<br \/>&#8211; <strong>Utilisation polyvalente<\/strong>\u00a0: Parfait pour tous types d&#8217;emballages cadeaux de No\u00ebl et pour toutes les occasions festives.<\/p>\n<\/div>\n<div><strong>Facile \u00e0 manipuler et r\u00e9sultats \u00e9l\u00e9gants<\/strong><br \/>Le papier se d\u00e9coupe et se plie facilement, pour un emballage en toute simplicit\u00e9. M\u00eame les formes les plus complexes deviennent un jeu d&rsquo;enfant. Utilisez ce papier pour transformer vos cadeaux, petits ou grands, en v\u00e9ritables \u0153uvres d&rsquo;art. C&rsquo;est la touche finale id\u00e9ale pour vos emballages cadeaux de No\u00ebl. Procurez-vous d\u00e8s aujourd&rsquo;hui ce papier d&#8217;emballage de haute qualit\u00e9 et offrez des cadeaux dans une ambiance festive et \u00e9l\u00e9gante.<\/p>\n","protected":false},"excerpt":{"rendered":"<p>Magnifique papier cadeau de No\u00ebl \u2013 70 x 200 cm Offrez \u00e0 vos cadeaux une touche de luxe pour les f\u00eates. Ce papier cadeau de No\u00ebl de haute qualit\u00e9 a \u00e9t\u00e9 sp\u00e9cialement con\u00e7u pour mettre en valeur vos pr\u00e9sents avec \u00e9l\u00e9gance et vous garantir un emballage cadeau de No\u00ebl inoubliable. La pr\u00e9sentation parfaite pour vos cadeauxNotre papier cadeau de No\u00ebl exclusif transforme chaque pr\u00e9sent en un v\u00e9ritable objet de d\u00e9coration. Les motifs festifs soigneusement s\u00e9lectionn\u00e9s&hellip;<\/p>\n","protected":false},"featured_media":257252,"comment_status":"open","ping_status":"closed","template":"","meta":[],"product_brand":[],"product_cat":[38355],"product_tag":[],"class_list":{"0":"post-254723","1":"product","2":"type-product","3":"status-publish","4":"has-post-thumbnail","6":"product_cat-geschenkverpackung","7":"product_shipping_class-global_methods","9":"first","10":"instock","11":"taxable","12":"shipping-taxable","13":"purchasable","14":"product-type-simple"},"yoast_head":"<!-- This site is optimized with the Yoast SEO plugin v27.4 - https:\/\/yoast.com\/product\/yoast-seo-wordpress\/ -->\n<title>Braun&amp;Company Geschenkpapier f\u00fcr Weihnachten<\/title>\n<meta name=\"description\" content=\"Wundersch\u00f6nes Weihnachtsgeschenkpapier \u2013 70x200 cm Verleihen Sie Ihren Pr\u00e4senten zur festlichen Jahreszeit eine luxuri\u00f6se Note. Dieses hochwertige Geschenkpapie\" \/>\n<meta name=\"robots\" content=\"index, follow, max-snippet:-1, max-image-preview:large, max-video-preview:-1\" \/>\n<link rel=\"canonical\" href=\"https:\/\/schweizversand.ch\/fr\/produkt\/brauncompany-geschenkpapier-fuer-weihnachten\/\" \/>\n<meta property=\"og:locale\" content=\"fr_FR\" \/>\n<meta property=\"og:type\" content=\"article\" \/>\n<meta property=\"og:title\" content=\"Braun&amp;Company Geschenkpapier f\u00fcr Weihnachten\" \/>\n<meta property=\"og:description\" content=\"Wundersch\u00f6nes Weihnachtsgeschenkpapier \u2013 70x200 cm Verleihen Sie Ihren Pr\u00e4senten zur festlichen Jahreszeit eine luxuri\u00f6se Note. Dieses hochwertige Geschenkpapie\" \/>\n<meta property=\"og:url\" content=\"https:\/\/schweizversand.ch\/fr\/produkt\/brauncompany-geschenkpapier-fuer-weihnachten\/\" \/>\n<meta property=\"og:site_name\" content=\"Schweizer Shop f\u00fcr Sport, Spiel und Freizeit\" \/>\n<meta property=\"article:publisher\" content=\"https:\/\/www.facebook.com\/Schweizversand\" \/>\n<meta property=\"article:modified_time\" content=\"2026-04-19T00:03:29+00:00\" \/>\n<meta property=\"og:image\" content=\"https:\/\/schweizversand.ch\/wp-content\/uploads\/2026\/02\/5476616099.png\" \/>\n\t<meta property=\"og:image:width\" content=\"768\" \/>\n\t<meta property=\"og:image:height\" content=\"1024\" \/>\n\t<meta property=\"og:image:type\" content=\"image\/png\" \/>\n<meta name=\"twitter:card\" content=\"summary_large_image\" \/>\n<meta name=\"twitter:label1\" content=\"Dur\u00e9e de lecture estim\u00e9e\" \/>\n\t<meta name=\"twitter:data1\" content=\"2 minutes\" \/>\n<script type=\"application\/ld+json\" class=\"yoast-schema-graph\">{\"@context\":\"https:\\\/\\\/schema.org\",\"@graph\":[{\"@type\":\"WebPage\",\"@id\":\"https:\\\/\\\/schweizversand.ch\\\/fr\\\/produkt\\\/brauncompany-geschenkpapier-fuer-weihnachten\\\/\",\"url\":\"https:\\\/\\\/schweizversand.ch\\\/fr\\\/produkt\\\/brauncompany-geschenkpapier-fuer-weihnachten\\\/\",\"name\":\"Braun&Company Geschenkpapier f\u00fcr Weihnachten\",\"isPartOf\":{\"@id\":\"https:\\\/\\\/schweizversand.ch\\\/fr\\\/#website\"},\"primaryImageOfPage\":{\"@id\":\"https:\\\/\\\/schweizversand.ch\\\/fr\\\/produkt\\\/brauncompany-geschenkpapier-fuer-weihnachten\\\/#primaryimage\"},\"image\":{\"@id\":\"https:\\\/\\\/schweizversand.ch\\\/fr\\\/produkt\\\/brauncompany-geschenkpapier-fuer-weihnachten\\\/#primaryimage\"},\"thumbnailUrl\":\"https:\\\/\\\/schweizversand.ch\\\/wp-content\\\/uploads\\\/2026\\\/02\\\/5476616099.png\",\"datePublished\":\"2026-03-14T23:54:08+00:00\",\"dateModified\":\"2026-04-19T00:03:29+00:00\",\"description\":\"Wundersch\u00f6nes Weihnachtsgeschenkpapier \u2013 70x200 cm Verleihen Sie Ihren Pr\u00e4senten zur festlichen Jahreszeit eine luxuri\u00f6se Note. Dieses hochwertige Geschenkpapie\",\"breadcrumb\":{\"@id\":\"https:\\\/\\\/schweizversand.ch\\\/fr\\\/produkt\\\/brauncompany-geschenkpapier-fuer-weihnachten\\\/#breadcrumb\"},\"inLanguage\":\"fr-FR\",\"potentialAction\":[{\"@type\":\"ReadAction\",\"target\":[\"https:\\\/\\\/schweizversand.ch\\\/fr\\\/produkt\\\/brauncompany-geschenkpapier-fuer-weihnachten\\\/\"]}]},{\"@type\":\"ImageObject\",\"inLanguage\":\"fr-FR\",\"@id\":\"https:\\\/\\\/schweizversand.ch\\\/fr\\\/produkt\\\/brauncompany-geschenkpapier-fuer-weihnachten\\\/#primaryimage\",\"url\":\"https:\\\/\\\/schweizversand.ch\\\/wp-content\\\/uploads\\\/2026\\\/02\\\/5476616099.png\",\"contentUrl\":\"https:\\\/\\\/schweizversand.ch\\\/wp-content\\\/uploads\\\/2026\\\/02\\\/5476616099.png\",\"width\":768,\"height\":1024},{\"@type\":\"BreadcrumbList\",\"@id\":\"https:\\\/\\\/schweizversand.ch\\\/fr\\\/produkt\\\/brauncompany-geschenkpapier-fuer-weihnachten\\\/#breadcrumb\",\"itemListElement\":[{\"@type\":\"ListItem\",\"position\":1,\"name\":\"Startseite\",\"item\":\"https:\\\/\\\/schweizversand.ch\\\/fr\\\/home\\\/\"},{\"@type\":\"ListItem\",\"position\":2,\"name\":\"Boutique\",\"item\":\"https:\\\/\\\/schweizversand.ch\\\/fr\\\/boutique\\\/\"},{\"@type\":\"ListItem\",\"position\":3,\"name\":\"Fournitures de bureau et papeterie\",\"item\":\"https:\\\/\\\/schweizversand.ch\\\/fr\\\/produkt-kategorie\\\/fournitures-de-bureau-et-papeterie\\\/\"},{\"@type\":\"ListItem\",\"position\":4,\"name\":\"Emballage et exp\u00e9dition\",\"item\":\"https:\\\/\\\/schweizversand.ch\\\/fr\\\/produkt-kategorie\\\/fournitures-de-bureau-et-papeterie\\\/emballage-et-expedition\\\/\"},{\"@type\":\"ListItem\",\"position\":5,\"name\":\"Emballage cadeau\",\"item\":\"https:\\\/\\\/schweizversand.ch\\\/fr\\\/produkt-kategorie\\\/geschenkverpackung\\\/\"},{\"@type\":\"ListItem\",\"position\":6,\"name\":\"Papier cadeau de No\u00ebl Braun&amp;Company\"}]},{\"@type\":\"WebSite\",\"@id\":\"https:\\\/\\\/schweizversand.ch\\\/fr\\\/#website\",\"url\":\"https:\\\/\\\/schweizversand.ch\\\/fr\\\/\",\"name\":\"Schweizer Shop f\u00fcr Sport, Spiel und Freizeit\",\"description\":\"Gratisversand ab 50.- (netto), ab eigenem schweizer Lager, Lieferung innert 48h\",\"publisher\":{\"@id\":\"https:\\\/\\\/schweizversand.ch\\\/fr\\\/#organization\"},\"alternateName\":\"Schweizversand.ch\",\"potentialAction\":[{\"@type\":\"SearchAction\",\"target\":{\"@type\":\"EntryPoint\",\"urlTemplate\":\"https:\\\/\\\/schweizversand.ch\\\/fr\\\/?s={search_term_string}\"},\"query-input\":{\"@type\":\"PropertyValueSpecification\",\"valueRequired\":true,\"valueName\":\"search_term_string\"}}],\"inLanguage\":\"fr-FR\"},{\"@type\":\"Organization\",\"@id\":\"https:\\\/\\\/schweizversand.ch\\\/fr\\\/#organization\",\"name\":\"Schweizversand.ch\",\"url\":\"https:\\\/\\\/schweizversand.ch\\\/fr\\\/\",\"logo\":{\"@type\":\"ImageObject\",\"inLanguage\":\"fr-FR\",\"@id\":\"https:\\\/\\\/schweizversand.ch\\\/fr\\\/#\\\/schema\\\/logo\\\/image\\\/\",\"url\":\"https:\\\/\\\/schweizversand.ch\\\/wp-content\\\/uploads\\\/2026\\\/03\\\/Logo_Rund_Final-1.png\",\"contentUrl\":\"https:\\\/\\\/schweizversand.ch\\\/wp-content\\\/uploads\\\/2026\\\/03\\\/Logo_Rund_Final-1.png\",\"width\":404,\"height\":404,\"caption\":\"Schweizversand.ch\"},\"image\":{\"@id\":\"https:\\\/\\\/schweizversand.ch\\\/fr\\\/#\\\/schema\\\/logo\\\/image\\\/\"},\"sameAs\":[\"https:\\\/\\\/www.facebook.com\\\/Schweizversand\",\"https:\\\/\\\/www.instagram.com\\\/schweizversand.ch\\\/\"]}]}<\/script>\n<!-- \/ Yoast SEO plugin. -->","yoast_head_json":{"title":"Braun&Company Geschenkpapier f\u00fcr Weihnachten","description":"Wundersch\u00f6nes Weihnachtsgeschenkpapier \u2013 70x200 cm Verleihen Sie Ihren Pr\u00e4senten zur festlichen Jahreszeit eine luxuri\u00f6se Note. Dieses hochwertige Geschenkpapie","robots":{"index":"index","follow":"follow","max-snippet":"max-snippet:-1","max-image-preview":"max-image-preview:large","max-video-preview":"max-video-preview:-1"},"canonical":"https:\/\/schweizversand.ch\/fr\/produkt\/brauncompany-geschenkpapier-fuer-weihnachten\/","og_locale":"fr_FR","og_type":"article","og_title":"Braun&Company Geschenkpapier f\u00fcr Weihnachten","og_description":"Wundersch\u00f6nes Weihnachtsgeschenkpapier \u2013 70x200 cm Verleihen Sie Ihren Pr\u00e4senten zur festlichen Jahreszeit eine luxuri\u00f6se Note. Dieses hochwertige Geschenkpapie","og_url":"https:\/\/schweizversand.ch\/fr\/produkt\/brauncompany-geschenkpapier-fuer-weihnachten\/","og_site_name":"Schweizer Shop f\u00fcr Sport, Spiel und Freizeit","article_publisher":"https:\/\/www.facebook.com\/Schweizversand","article_modified_time":"2026-04-19T00:03:29+00:00","og_image":[{"width":768,"height":1024,"url":"https:\/\/schweizversand.ch\/wp-content\/uploads\/2026\/02\/5476616099.png","type":"image\/png"}],"twitter_card":"summary_large_image","twitter_misc":{"Dur\u00e9e de lecture estim\u00e9e":"2 minutes"},"schema":{"@context":"https:\/\/schema.org","@graph":[{"@type":"WebPage","@id":"https:\/\/schweizversand.ch\/fr\/produkt\/brauncompany-geschenkpapier-fuer-weihnachten\/","url":"https:\/\/schweizversand.ch\/fr\/produkt\/brauncompany-geschenkpapier-fuer-weihnachten\/","name":"Braun&Company Geschenkpapier f\u00fcr Weihnachten","isPartOf":{"@id":"https:\/\/schweizversand.ch\/fr\/#website"},"primaryImageOfPage":{"@id":"https:\/\/schweizversand.ch\/fr\/produkt\/brauncompany-geschenkpapier-fuer-weihnachten\/#primaryimage"},"image":{"@id":"https:\/\/schweizversand.ch\/fr\/produkt\/brauncompany-geschenkpapier-fuer-weihnachten\/#primaryimage"},"thumbnailUrl":"https:\/\/schweizversand.ch\/wp-content\/uploads\/2026\/02\/5476616099.png","datePublished":"2026-03-14T23:54:08+00:00","dateModified":"2026-04-19T00:03:29+00:00","description":"Wundersch\u00f6nes Weihnachtsgeschenkpapier \u2013 70x200 cm Verleihen Sie Ihren Pr\u00e4senten zur festlichen Jahreszeit eine luxuri\u00f6se Note. Dieses hochwertige Geschenkpapie","breadcrumb":{"@id":"https:\/\/schweizversand.ch\/fr\/produkt\/brauncompany-geschenkpapier-fuer-weihnachten\/#breadcrumb"},"inLanguage":"fr-FR","potentialAction":[{"@type":"ReadAction","target":["https:\/\/schweizversand.ch\/fr\/produkt\/brauncompany-geschenkpapier-fuer-weihnachten\/"]}]},{"@type":"ImageObject","inLanguage":"fr-FR","@id":"https:\/\/schweizversand.ch\/fr\/produkt\/brauncompany-geschenkpapier-fuer-weihnachten\/#primaryimage","url":"https:\/\/schweizversand.ch\/wp-content\/uploads\/2026\/02\/5476616099.png","contentUrl":"https:\/\/schweizversand.ch\/wp-content\/uploads\/2026\/02\/5476616099.png","width":768,"height":1024},{"@type":"BreadcrumbList","@id":"https:\/\/schweizversand.ch\/fr\/produkt\/brauncompany-geschenkpapier-fuer-weihnachten\/#breadcrumb","itemListElement":[{"@type":"ListItem","position":1,"name":"Startseite","item":"https:\/\/schweizversand.ch\/fr\/home\/"},{"@type":"ListItem","position":2,"name":"Boutique","item":"https:\/\/schweizversand.ch\/fr\/boutique\/"},{"@type":"ListItem","position":3,"name":"Fournitures de bureau et papeterie","item":"https:\/\/schweizversand.ch\/fr\/produkt-kategorie\/fournitures-de-bureau-et-papeterie\/"},{"@type":"ListItem","position":4,"name":"Emballage et exp\u00e9dition","item":"https:\/\/schweizversand.ch\/fr\/produkt-kategorie\/fournitures-de-bureau-et-papeterie\/emballage-et-expedition\/"},{"@type":"ListItem","position":5,"name":"Emballage cadeau","item":"https:\/\/schweizversand.ch\/fr\/produkt-kategorie\/geschenkverpackung\/"},{"@type":"ListItem","position":6,"name":"Papier cadeau de No\u00ebl Braun&amp;Company"}]},{"@type":"WebSite","@id":"https:\/\/schweizversand.ch\/fr\/#website","url":"https:\/\/schweizversand.ch\/fr\/","name":"Schweizer Shop f\u00fcr Sport, Spiel und Freizeit","description":"Gratisversand ab 50.- (netto), ab eigenem schweizer Lager, Lieferung innert 48h","publisher":{"@id":"https:\/\/schweizversand.ch\/fr\/#organization"},"alternateName":"Schweizversand.ch","potentialAction":[{"@type":"SearchAction","target":{"@type":"EntryPoint","urlTemplate":"https:\/\/schweizversand.ch\/fr\/?s={search_term_string}"},"query-input":{"@type":"PropertyValueSpecification","valueRequired":true,"valueName":"search_term_string"}}],"inLanguage":"fr-FR"},{"@type":"Organization","@id":"https:\/\/schweizversand.ch\/fr\/#organization","name":"Schweizversand.ch","url":"https:\/\/schweizversand.ch\/fr\/","logo":{"@type":"ImageObject","inLanguage":"fr-FR","@id":"https:\/\/schweizversand.ch\/fr\/#\/schema\/logo\/image\/","url":"https:\/\/schweizversand.ch\/wp-content\/uploads\/2026\/03\/Logo_Rund_Final-1.png","contentUrl":"https:\/\/schweizversand.ch\/wp-content\/uploads\/2026\/03\/Logo_Rund_Final-1.png","width":404,"height":404,"caption":"Schweizversand.ch"},"image":{"@id":"https:\/\/schweizversand.ch\/fr\/#\/schema\/logo\/image\/"},"sameAs":["https:\/\/www.facebook.com\/Schweizversand","https:\/\/www.instagram.com\/schweizversand.ch\/"]}]}},"jetpack_sharing_enabled":true,"_links":{"self":[{"href":"https:\/\/schweizversand.ch\/fr\/wp-json\/wp\/v2\/product\/254723","targetHints":{"allow":["GET"]}}],"collection":[{"href":"https:\/\/schweizversand.ch\/fr\/wp-json\/wp\/v2\/product"}],"about":[{"href":"https:\/\/schweizversand.ch\/fr\/wp-json\/wp\/v2\/types\/product"}],"replies":[{"embeddable":true,"href":"https:\/\/schweizversand.ch\/fr\/wp-json\/wp\/v2\/comments?post=254723"}],"wp:featuredmedia":[{"embeddable":true,"href":"https:\/\/schweizversand.ch\/fr\/wp-json\/wp\/v2\/media\/257252"}],"wp:attachment":[{"href":"https:\/\/schweizversand.ch\/fr\/wp-json\/wp\/v2\/media?parent=254723"}],"wp:term":[{"taxonomy":"product_brand","embeddable":true,"href":"https:\/\/schweizversand.ch\/fr\/wp-json\/wp\/v2\/product_brand?post=254723"},{"taxonomy":"product_cat","embeddable":true,"href":"https:\/\/schweizversand.ch\/fr\/wp-json\/wp\/v2\/product_cat?post=254723"},{"taxonomy":"product_tag","embeddable":true,"href":"https:\/\/schweizversand.ch\/fr\/wp-json\/wp\/v2\/product_tag?post=254723"}],"curies":[{"name":"wp","href":"https:\/\/api.w.org\/{rel}","templated":true}]}}