{"id":254724,"date":"2026-03-15T00:54:08","date_gmt":"2026-03-14T23:54:08","guid":{"rendered":"https:\/\/schweizversand.ch\/produkt\/hudora-1-rahmenpolsterung-fuer-das-kindertrampolin-safety-oe-140-cm\/"},"modified":"2026-04-19T02:03:29","modified_gmt":"2026-04-19T00:03:29","slug":"hudora-1-rahmenpolsterung-fuer-das-kindertrampolin-safety-oe-140-cm","status":"publish","type":"product","link":"https:\/\/schweizversand.ch\/fr\/produkt\/hudora-1-rahmenpolsterung-fuer-das-kindertrampolin-safety-oe-140-cm\/","title":{"rendered":"Coussin de protection Hudora 1 pour trampoline enfant, \u00d8 140 cm"},"content":{"rendered":"<h1><strong>Protection de cadre de trampoline 140 cm \u2013 Coussin de rechange de s\u00e9curit\u00e9<\/strong><\/h1>\n<div>Cette protection de cadre de haute qualit\u00e9 est l&rsquo;accessoire de s\u00e9curit\u00e9 indispensable pour le trampoline de votre enfant. Sp\u00e9cialement con\u00e7ue pour les mod\u00e8les de \u00d8 140 cm (Art. 65611, 65711), cette protection de bord de trampoline pour enfants offre une protection et une durabilit\u00e9 optimales.<\/p>\n<\/div>\n<div><strong>S\u00e9curit\u00e9 et protection<\/strong><br \/>La protection de cadre de trampoline de 140 cm recouvre enti\u00e8rement les ressorts et le cadre du trampoline. Cela emp\u00eache les enfants de se coincer les pieds dans les ressorts en sautant ou de se blesser sur le cadre m\u00e9tallique rigide. Vos enfants peuvent jouer en toute tranquillit\u00e9, car cette protection offre une s\u00e9curit\u00e9 maximale. Mat\u00e9riau et durabilit\u00e9\u00a0: Fabriqu\u00e9 dans un mat\u00e9riau robuste et r\u00e9sistant aux intemp\u00e9ries, ce coussin de rechange pour trampoline de 140 cm de diam\u00e8tre r\u00e9siste \u00e0 toutes les conditions m\u00e9t\u00e9orologiques. Le mat\u00e9riau est r\u00e9sistant aux UV et aux d\u00e9chirures, garantissant une longue dur\u00e9e de vie et r\u00e9duisant la fr\u00e9quence d&rsquo;achat de pi\u00e8ces de rechange pour trampoline enfant. Sa couleur vive assure \u00e9galement une bonne visibilit\u00e9. Montage facile et compatibilit\u00e9\u00a0: l&rsquo;installation du coussin de protection de 140\u00a0cm est incroyablement simple et rapide gr\u00e2ce \u00e0 ses sangles de fixation pratiques. Cette pi\u00e8ce de rechange est parfaitement adapt\u00e9e aux mod\u00e8les de trampolines Safety mentionn\u00e9s et garantit un maintien optimal qui ne glissera pas pendant l&rsquo;utilisation.<\/p>\n<\/div>\n<div><strong>D\u00e9tails du produit<\/strong><br \/>&#8211; Compatible avec les trampolines enfants Safety \u00d8 140\u00a0cm (Art. 65611, 65711)<br \/>&#8211; Mat\u00e9riau\u00a0: PVC robuste et r\u00e9sistant aux intemp\u00e9ries<br \/>&#8211; Couleur\u00a0: Bleu\/Vert (selon disponibilit\u00e9)<br \/>&#8211; Prot\u00e8ge du contact avec les ressorts et le cadre<\/p>\n<\/div>\n<div>Investissez dans la s\u00e9curit\u00e9 de vos enfants et remplacez imm\u00e9diatement le coussin us\u00e9. Gr\u00e2ce \u00e0 cette protection de bord, vous vous assurez que les sauts sur votre trampoline restent toujours en toute s\u00e9curit\u00e9.<\/p>\n<\/div>\n<div><\/div>\n","protected":false},"excerpt":{"rendered":"<p>Protection de cadre de trampoline 140 cm \u2013 Coussin de rechange de s\u00e9curit\u00e9 Cette protection de cadre de haute qualit\u00e9 est l&rsquo;accessoire de s\u00e9curit\u00e9 indispensable pour le trampoline de votre enfant. Sp\u00e9cialement con\u00e7ue pour les mod\u00e8les de \u00d8 140 cm (Art. 65611, 65711), cette protection de bord de trampoline pour enfants offre une protection et une durabilit\u00e9 optimales. S\u00e9curit\u00e9 et protectionLa protection de cadre de trampoline de 140 cm recouvre enti\u00e8rement les ressorts et le&hellip;<\/p>\n","protected":false},"featured_media":158611,"comment_status":"open","ping_status":"closed","template":"","meta":[],"product_brand":[],"product_cat":[38631],"product_tag":[],"class_list":{"0":"post-254724","1":"product","2":"type-product","3":"status-publish","4":"has-post-thumbnail","6":"product_cat-trampolin","7":"product_shipping_class-global_methods","9":"first","10":"instock","11":"taxable","12":"shipping-taxable","13":"purchasable","14":"product-type-simple"},"yoast_head":"<!-- This site is optimized with the Yoast SEO plugin v27.4 - https:\/\/yoast.com\/product\/yoast-seo-wordpress\/ -->\n<title>Hudora 1 Rahmenpolsterung f\u00fcr das Kindertrampolin Safety \u00d8 140 cm | Jetzt kaufen | Schweizversand.ch<\/title>\n<meta name=\"description\" content=\"Hudora 1 Rahmenpolsterung f\u00fcr das Kindertrampolin Safety \u00d8 140 cm g\u00fcnstig kaufen bei Schweizversand.ch. Schnelle Lieferung in der Schweiz. Gratisversand ab CHF 50.\" \/>\n<meta name=\"robots\" content=\"index, follow, max-snippet:-1, max-image-preview:large, max-video-preview:-1\" \/>\n<link rel=\"canonical\" href=\"https:\/\/schweizversand.ch\/fr\/produkt\/hudora-1-rahmenpolsterung-fuer-das-kindertrampolin-safety-oe-140-cm\/\" \/>\n<meta property=\"og:locale\" content=\"fr_FR\" \/>\n<meta property=\"og:type\" content=\"article\" \/>\n<meta property=\"og:title\" content=\"Hudora 1 Rahmenpolsterung f\u00fcr das Kindertrampolin Safety \u00d8 140 cm | Jetzt kaufen | Schweizversand.ch\" \/>\n<meta property=\"og:description\" content=\"Hudora 1 Rahmenpolsterung f\u00fcr das Kindertrampolin Safety \u00d8 140 cm g\u00fcnstig kaufen bei Schweizversand.ch. Schnelle Lieferung in der Schweiz. Gratisversand ab CHF 50.\" \/>\n<meta property=\"og:url\" content=\"https:\/\/schweizversand.ch\/fr\/produkt\/hudora-1-rahmenpolsterung-fuer-das-kindertrampolin-safety-oe-140-cm\/\" \/>\n<meta property=\"og:site_name\" content=\"Schweizer Shop f\u00fcr Sport, Spiel und Freizeit\" \/>\n<meta property=\"article:publisher\" content=\"https:\/\/www.facebook.com\/Schweizversand\" \/>\n<meta property=\"article:modified_time\" content=\"2026-04-19T00:03:29+00:00\" \/>\n<meta property=\"og:image\" content=\"https:\/\/schweizversand.ch\/wp-content\/uploads\/2026\/02\/5472101134.jpg\" \/>\n\t<meta property=\"og:image:width\" content=\"1024\" \/>\n\t<meta property=\"og:image:height\" content=\"375\" \/>\n\t<meta property=\"og:image:type\" content=\"image\/jpeg\" \/>\n<meta name=\"twitter:card\" content=\"summary_large_image\" \/>\n<meta name=\"twitter:label1\" content=\"Dur\u00e9e de lecture estim\u00e9e\" \/>\n\t<meta name=\"twitter:data1\" content=\"2 minutes\" \/>\n<script type=\"application\/ld+json\" class=\"yoast-schema-graph\">{\"@context\":\"https:\\\/\\\/schema.org\",\"@graph\":[{\"@type\":\"WebPage\",\"@id\":\"https:\\\/\\\/schweizversand.ch\\\/fr\\\/produkt\\\/hudora-1-rahmenpolsterung-fuer-das-kindertrampolin-safety-oe-140-cm\\\/\",\"url\":\"https:\\\/\\\/schweizversand.ch\\\/fr\\\/produkt\\\/hudora-1-rahmenpolsterung-fuer-das-kindertrampolin-safety-oe-140-cm\\\/\",\"name\":\"Hudora 1 Rahmenpolsterung f\u00fcr das Kindertrampolin Safety \u00d8 140 cm | Jetzt kaufen | Schweizversand.ch\",\"isPartOf\":{\"@id\":\"https:\\\/\\\/schweizversand.ch\\\/fr\\\/#website\"},\"primaryImageOfPage\":{\"@id\":\"https:\\\/\\\/schweizversand.ch\\\/fr\\\/produkt\\\/hudora-1-rahmenpolsterung-fuer-das-kindertrampolin-safety-oe-140-cm\\\/#primaryimage\"},\"image\":{\"@id\":\"https:\\\/\\\/schweizversand.ch\\\/fr\\\/produkt\\\/hudora-1-rahmenpolsterung-fuer-das-kindertrampolin-safety-oe-140-cm\\\/#primaryimage\"},\"thumbnailUrl\":\"https:\\\/\\\/schweizversand.ch\\\/wp-content\\\/uploads\\\/2026\\\/02\\\/5472101134.jpg\",\"datePublished\":\"2026-03-14T23:54:08+00:00\",\"dateModified\":\"2026-04-19T00:03:29+00:00\",\"description\":\"Hudora 1 Rahmenpolsterung f\u00fcr das Kindertrampolin Safety \u00d8 140 cm g\u00fcnstig kaufen bei Schweizversand.ch. Schnelle Lieferung in der Schweiz. Gratisversand ab CHF 50.\",\"breadcrumb\":{\"@id\":\"https:\\\/\\\/schweizversand.ch\\\/fr\\\/produkt\\\/hudora-1-rahmenpolsterung-fuer-das-kindertrampolin-safety-oe-140-cm\\\/#breadcrumb\"},\"inLanguage\":\"fr-FR\",\"potentialAction\":[{\"@type\":\"ReadAction\",\"target\":[\"https:\\\/\\\/schweizversand.ch\\\/fr\\\/produkt\\\/hudora-1-rahmenpolsterung-fuer-das-kindertrampolin-safety-oe-140-cm\\\/\"]}]},{\"@type\":\"ImageObject\",\"inLanguage\":\"fr-FR\",\"@id\":\"https:\\\/\\\/schweizversand.ch\\\/fr\\\/produkt\\\/hudora-1-rahmenpolsterung-fuer-das-kindertrampolin-safety-oe-140-cm\\\/#primaryimage\",\"url\":\"https:\\\/\\\/schweizversand.ch\\\/wp-content\\\/uploads\\\/2026\\\/02\\\/5472101134.jpg\",\"contentUrl\":\"https:\\\/\\\/schweizversand.ch\\\/wp-content\\\/uploads\\\/2026\\\/02\\\/5472101134.jpg\",\"width\":1024,\"height\":375},{\"@type\":\"BreadcrumbList\",\"@id\":\"https:\\\/\\\/schweizversand.ch\\\/fr\\\/produkt\\\/hudora-1-rahmenpolsterung-fuer-das-kindertrampolin-safety-oe-140-cm\\\/#breadcrumb\",\"itemListElement\":[{\"@type\":\"ListItem\",\"position\":1,\"name\":\"Startseite\",\"item\":\"https:\\\/\\\/schweizversand.ch\\\/fr\\\/home\\\/\"},{\"@type\":\"ListItem\",\"position\":2,\"name\":\"Boutique\",\"item\":\"https:\\\/\\\/schweizversand.ch\\\/fr\\\/boutique\\\/\"},{\"@type\":\"ListItem\",\"position\":3,\"name\":\"Pi\u00e8ces d\u00e9tach\u00e9es\",\"item\":\"https:\\\/\\\/schweizversand.ch\\\/fr\\\/produkt-kategorie\\\/pieces-detachees\\\/\"},{\"@type\":\"ListItem\",\"position\":4,\"name\":\"Hudora\",\"item\":\"https:\\\/\\\/schweizversand.ch\\\/fr\\\/produkt-kategorie\\\/pieces-detachees\\\/hudora\\\/\"},{\"@type\":\"ListItem\",\"position\":5,\"name\":\"Trampoline\",\"item\":\"https:\\\/\\\/schweizversand.ch\\\/fr\\\/produkt-kategorie\\\/pieces-detachees\\\/hudora\\\/trampolin\\\/\"},{\"@type\":\"ListItem\",\"position\":6,\"name\":\"Coussin de protection Hudora 1 pour trampoline enfant, \u00d8 140 cm\"}]},{\"@type\":\"WebSite\",\"@id\":\"https:\\\/\\\/schweizversand.ch\\\/fr\\\/#website\",\"url\":\"https:\\\/\\\/schweizversand.ch\\\/fr\\\/\",\"name\":\"Schweizer Shop f\u00fcr Sport, Spiel und Freizeit\",\"description\":\"Gratisversand ab 50.- (netto), ab eigenem schweizer Lager, Lieferung innert 48h\",\"publisher\":{\"@id\":\"https:\\\/\\\/schweizversand.ch\\\/fr\\\/#organization\"},\"alternateName\":\"Schweizversand.ch\",\"potentialAction\":[{\"@type\":\"SearchAction\",\"target\":{\"@type\":\"EntryPoint\",\"urlTemplate\":\"https:\\\/\\\/schweizversand.ch\\\/fr\\\/?s={search_term_string}\"},\"query-input\":{\"@type\":\"PropertyValueSpecification\",\"valueRequired\":true,\"valueName\":\"search_term_string\"}}],\"inLanguage\":\"fr-FR\"},{\"@type\":\"Organization\",\"@id\":\"https:\\\/\\\/schweizversand.ch\\\/fr\\\/#organization\",\"name\":\"Schweizversand.ch\",\"url\":\"https:\\\/\\\/schweizversand.ch\\\/fr\\\/\",\"logo\":{\"@type\":\"ImageObject\",\"inLanguage\":\"fr-FR\",\"@id\":\"https:\\\/\\\/schweizversand.ch\\\/fr\\\/#\\\/schema\\\/logo\\\/image\\\/\",\"url\":\"https:\\\/\\\/schweizversand.ch\\\/wp-content\\\/uploads\\\/2026\\\/03\\\/Logo_Rund_Final-1.png\",\"contentUrl\":\"https:\\\/\\\/schweizversand.ch\\\/wp-content\\\/uploads\\\/2026\\\/03\\\/Logo_Rund_Final-1.png\",\"width\":404,\"height\":404,\"caption\":\"Schweizversand.ch\"},\"image\":{\"@id\":\"https:\\\/\\\/schweizversand.ch\\\/fr\\\/#\\\/schema\\\/logo\\\/image\\\/\"},\"sameAs\":[\"https:\\\/\\\/www.facebook.com\\\/Schweizversand\",\"https:\\\/\\\/www.instagram.com\\\/schweizversand.ch\\\/\"]}]}<\/script>\n<!-- \/ Yoast SEO plugin. -->","yoast_head_json":{"title":"Hudora 1 Rahmenpolsterung f\u00fcr das Kindertrampolin Safety \u00d8 140 cm | Jetzt kaufen | Schweizversand.ch","description":"Hudora 1 Rahmenpolsterung f\u00fcr das Kindertrampolin Safety \u00d8 140 cm g\u00fcnstig kaufen bei Schweizversand.ch. Schnelle Lieferung in der Schweiz. Gratisversand ab CHF 50.","robots":{"index":"index","follow":"follow","max-snippet":"max-snippet:-1","max-image-preview":"max-image-preview:large","max-video-preview":"max-video-preview:-1"},"canonical":"https:\/\/schweizversand.ch\/fr\/produkt\/hudora-1-rahmenpolsterung-fuer-das-kindertrampolin-safety-oe-140-cm\/","og_locale":"fr_FR","og_type":"article","og_title":"Hudora 1 Rahmenpolsterung f\u00fcr das Kindertrampolin Safety \u00d8 140 cm | Jetzt kaufen | Schweizversand.ch","og_description":"Hudora 1 Rahmenpolsterung f\u00fcr das Kindertrampolin Safety \u00d8 140 cm g\u00fcnstig kaufen bei Schweizversand.ch. Schnelle Lieferung in der Schweiz. Gratisversand ab CHF 50.","og_url":"https:\/\/schweizversand.ch\/fr\/produkt\/hudora-1-rahmenpolsterung-fuer-das-kindertrampolin-safety-oe-140-cm\/","og_site_name":"Schweizer Shop f\u00fcr Sport, Spiel und Freizeit","article_publisher":"https:\/\/www.facebook.com\/Schweizversand","article_modified_time":"2026-04-19T00:03:29+00:00","og_image":[{"width":1024,"height":375,"url":"https:\/\/schweizversand.ch\/wp-content\/uploads\/2026\/02\/5472101134.jpg","type":"image\/jpeg"}],"twitter_card":"summary_large_image","twitter_misc":{"Dur\u00e9e de lecture estim\u00e9e":"2 minutes"},"schema":{"@context":"https:\/\/schema.org","@graph":[{"@type":"WebPage","@id":"https:\/\/schweizversand.ch\/fr\/produkt\/hudora-1-rahmenpolsterung-fuer-das-kindertrampolin-safety-oe-140-cm\/","url":"https:\/\/schweizversand.ch\/fr\/produkt\/hudora-1-rahmenpolsterung-fuer-das-kindertrampolin-safety-oe-140-cm\/","name":"Hudora 1 Rahmenpolsterung f\u00fcr das Kindertrampolin Safety \u00d8 140 cm | Jetzt kaufen | Schweizversand.ch","isPartOf":{"@id":"https:\/\/schweizversand.ch\/fr\/#website"},"primaryImageOfPage":{"@id":"https:\/\/schweizversand.ch\/fr\/produkt\/hudora-1-rahmenpolsterung-fuer-das-kindertrampolin-safety-oe-140-cm\/#primaryimage"},"image":{"@id":"https:\/\/schweizversand.ch\/fr\/produkt\/hudora-1-rahmenpolsterung-fuer-das-kindertrampolin-safety-oe-140-cm\/#primaryimage"},"thumbnailUrl":"https:\/\/schweizversand.ch\/wp-content\/uploads\/2026\/02\/5472101134.jpg","datePublished":"2026-03-14T23:54:08+00:00","dateModified":"2026-04-19T00:03:29+00:00","description":"Hudora 1 Rahmenpolsterung f\u00fcr das Kindertrampolin Safety \u00d8 140 cm g\u00fcnstig kaufen bei Schweizversand.ch. Schnelle Lieferung in der Schweiz. Gratisversand ab CHF 50.","breadcrumb":{"@id":"https:\/\/schweizversand.ch\/fr\/produkt\/hudora-1-rahmenpolsterung-fuer-das-kindertrampolin-safety-oe-140-cm\/#breadcrumb"},"inLanguage":"fr-FR","potentialAction":[{"@type":"ReadAction","target":["https:\/\/schweizversand.ch\/fr\/produkt\/hudora-1-rahmenpolsterung-fuer-das-kindertrampolin-safety-oe-140-cm\/"]}]},{"@type":"ImageObject","inLanguage":"fr-FR","@id":"https:\/\/schweizversand.ch\/fr\/produkt\/hudora-1-rahmenpolsterung-fuer-das-kindertrampolin-safety-oe-140-cm\/#primaryimage","url":"https:\/\/schweizversand.ch\/wp-content\/uploads\/2026\/02\/5472101134.jpg","contentUrl":"https:\/\/schweizversand.ch\/wp-content\/uploads\/2026\/02\/5472101134.jpg","width":1024,"height":375},{"@type":"BreadcrumbList","@id":"https:\/\/schweizversand.ch\/fr\/produkt\/hudora-1-rahmenpolsterung-fuer-das-kindertrampolin-safety-oe-140-cm\/#breadcrumb","itemListElement":[{"@type":"ListItem","position":1,"name":"Startseite","item":"https:\/\/schweizversand.ch\/fr\/home\/"},{"@type":"ListItem","position":2,"name":"Boutique","item":"https:\/\/schweizversand.ch\/fr\/boutique\/"},{"@type":"ListItem","position":3,"name":"Pi\u00e8ces d\u00e9tach\u00e9es","item":"https:\/\/schweizversand.ch\/fr\/produkt-kategorie\/pieces-detachees\/"},{"@type":"ListItem","position":4,"name":"Hudora","item":"https:\/\/schweizversand.ch\/fr\/produkt-kategorie\/pieces-detachees\/hudora\/"},{"@type":"ListItem","position":5,"name":"Trampoline","item":"https:\/\/schweizversand.ch\/fr\/produkt-kategorie\/pieces-detachees\/hudora\/trampolin\/"},{"@type":"ListItem","position":6,"name":"Coussin de protection Hudora 1 pour trampoline enfant, \u00d8 140 cm"}]},{"@type":"WebSite","@id":"https:\/\/schweizversand.ch\/fr\/#website","url":"https:\/\/schweizversand.ch\/fr\/","name":"Schweizer Shop f\u00fcr Sport, Spiel und Freizeit","description":"Gratisversand ab 50.- (netto), ab eigenem schweizer Lager, Lieferung innert 48h","publisher":{"@id":"https:\/\/schweizversand.ch\/fr\/#organization"},"alternateName":"Schweizversand.ch","potentialAction":[{"@type":"SearchAction","target":{"@type":"EntryPoint","urlTemplate":"https:\/\/schweizversand.ch\/fr\/?s={search_term_string}"},"query-input":{"@type":"PropertyValueSpecification","valueRequired":true,"valueName":"search_term_string"}}],"inLanguage":"fr-FR"},{"@type":"Organization","@id":"https:\/\/schweizversand.ch\/fr\/#organization","name":"Schweizversand.ch","url":"https:\/\/schweizversand.ch\/fr\/","logo":{"@type":"ImageObject","inLanguage":"fr-FR","@id":"https:\/\/schweizversand.ch\/fr\/#\/schema\/logo\/image\/","url":"https:\/\/schweizversand.ch\/wp-content\/uploads\/2026\/03\/Logo_Rund_Final-1.png","contentUrl":"https:\/\/schweizversand.ch\/wp-content\/uploads\/2026\/03\/Logo_Rund_Final-1.png","width":404,"height":404,"caption":"Schweizversand.ch"},"image":{"@id":"https:\/\/schweizversand.ch\/fr\/#\/schema\/logo\/image\/"},"sameAs":["https:\/\/www.facebook.com\/Schweizversand","https:\/\/www.instagram.com\/schweizversand.ch\/"]}]}},"jetpack_sharing_enabled":true,"_links":{"self":[{"href":"https:\/\/schweizversand.ch\/fr\/wp-json\/wp\/v2\/product\/254724","targetHints":{"allow":["GET"]}}],"collection":[{"href":"https:\/\/schweizversand.ch\/fr\/wp-json\/wp\/v2\/product"}],"about":[{"href":"https:\/\/schweizversand.ch\/fr\/wp-json\/wp\/v2\/types\/product"}],"replies":[{"embeddable":true,"href":"https:\/\/schweizversand.ch\/fr\/wp-json\/wp\/v2\/comments?post=254724"}],"wp:featuredmedia":[{"embeddable":true,"href":"https:\/\/schweizversand.ch\/fr\/wp-json\/wp\/v2\/media\/158611"}],"wp:attachment":[{"href":"https:\/\/schweizversand.ch\/fr\/wp-json\/wp\/v2\/media?parent=254724"}],"wp:term":[{"taxonomy":"product_brand","embeddable":true,"href":"https:\/\/schweizversand.ch\/fr\/wp-json\/wp\/v2\/product_brand?post=254724"},{"taxonomy":"product_cat","embeddable":true,"href":"https:\/\/schweizversand.ch\/fr\/wp-json\/wp\/v2\/product_cat?post=254724"},{"taxonomy":"product_tag","embeddable":true,"href":"https:\/\/schweizversand.ch\/fr\/wp-json\/wp\/v2\/product_tag?post=254724"}],"curies":[{"name":"wp","href":"https:\/\/api.w.org\/{rel}","templated":true}]}}