{"id":254725,"date":"2026-03-15T00:54:08","date_gmt":"2026-03-14T23:54:08","guid":{"rendered":"https:\/\/schweizversand.ch\/produkt\/hudora-1-schraubenset-fuer-vario-ergaenzungsmodul-gondel\/"},"modified":"2026-04-19T15:34:49","modified_gmt":"2026-04-19T13:34:49","slug":"hudora-1-schraubenset-fuer-vario-ergaenzungsmodul-gondel","status":"publish","type":"product","link":"https:\/\/schweizversand.ch\/fr\/produkt\/hudora-1-schraubenset-fuer-vario-ergaenzungsmodul-gondel\/","title":{"rendered":"Kit de vis Hudora 1 pour nacelle du module compl\u00e9mentaire Vario"},"content":{"rendered":"<h1><strong>Kit de vis pour module d&rsquo;extension Vario (Art. 64026)<\/strong><\/h1>\n<div>Ce kit de vis indispensable a \u00e9t\u00e9 sp\u00e9cialement con\u00e7u pour la nacelle du module d&rsquo;extension Vario (Art. 64026). Il vous permet de disposer de toutes les vis de rechange Vario n\u00e9cessaires pour monter ou entretenir votre module de nacelle en toute s\u00e9curit\u00e9 et fiabilit\u00e9.<\/p>\n<\/div>\n<div><strong>Ajustement et qualit\u00e9 parfaits<\/strong><br \/>Faites confiance \u00e0 des pi\u00e8ces de rechange de haute qualit\u00e9, parfaitement adapt\u00e9es aux exigences de votre syst\u00e8me Vario. Ce kit garantit la long\u00e9vit\u00e9 et le bon fonctionnement de votre syst\u00e8me. L&rsquo;assemblage pr\u00e9cis \u00e9vite les temps de recherche inutiles et garantit une r\u00e9paration rapide.<\/p>\n<\/div>\n<div><strong>Contenu complet de la livraison<\/strong><br \/>Le <strong>jeu de vis 64026<\/strong> comprend une s\u00e9lection compl\u00e8te des fixations n\u00e9cessaires \u00e0 l&rsquo;assemblage du <strong>module de nacelle \u00e0 vis<\/strong>. Vous recevrez toutes les pi\u00e8ces de rechange n\u00e9cessaires pour votre nacelle dans un emballage pratique\u00a0:<\/p>\n<\/div>\n<div><strong>Contenu du kit de vis<\/strong><br \/>&#8211; 4 vis type 17<br \/>&#8211; 2 vis type 19<br \/>&#8211; 6 vis type 21<br \/>&#8211; 6 vis type 22<br \/>&#8211; 2 vis type 23<br \/>&#8211; 1 vis type 26<\/p>\n<\/div>\n<div>Utilisez ce kit de vis indispensable pour garantir la stabilit\u00e9 et la fiabilit\u00e9 \u00e0 long terme de votre nacelle \u00e0 module compl\u00e9mentaire Vario.<\/p>\n<\/div>\n<div><\/div>\n","protected":false},"excerpt":{"rendered":"<p>Kit de vis pour module d&rsquo;extension Vario (Art. 64026) Ce kit de vis indispensable a \u00e9t\u00e9 sp\u00e9cialement con\u00e7u pour la nacelle du module d&rsquo;extension Vario (Art. 64026). Il vous permet de disposer de toutes les vis de rechange Vario n\u00e9cessaires pour monter ou entretenir votre module de nacelle en toute s\u00e9curit\u00e9 et fiabilit\u00e9. Ajustement et qualit\u00e9 parfaitsFaites confiance \u00e0 des pi\u00e8ces de rechange de haute qualit\u00e9, parfaitement adapt\u00e9es aux exigences de votre syst\u00e8me Vario. Ce&hellip;<\/p>\n","protected":false},"featured_media":158612,"comment_status":"open","ping_status":"closed","template":"","meta":[],"product_brand":[],"product_cat":[38528],"product_tag":[],"class_list":{"0":"post-254725","1":"product","2":"type-product","3":"status-publish","4":"has-post-thumbnail","6":"product_cat-diverses","7":"product_shipping_class-global_methods","9":"first","10":"instock","11":"taxable","12":"shipping-taxable","13":"purchasable","14":"product-type-simple"},"yoast_head":"<!-- This site is optimized with the Yoast SEO plugin v27.4 - https:\/\/yoast.com\/product\/yoast-seo-wordpress\/ -->\n<title>Hudora 1 Schraubenset f\u00fcr Vario Erg\u00e4nzungsmodul Gondel | Jetzt kaufen | Schweizversand.ch<\/title>\n<meta name=\"description\" content=\"Hudora 1 Schraubenset f\u00fcr Vario Erg\u00e4nzungsmodul Gondel g\u00fcnstig kaufen bei Schweizversand.ch. Schnelle Lieferung in der Schweiz. Gratisversand ab CHF 50.\" \/>\n<meta name=\"robots\" content=\"index, follow, max-snippet:-1, max-image-preview:large, max-video-preview:-1\" \/>\n<link rel=\"canonical\" href=\"https:\/\/schweizversand.ch\/fr\/produkt\/hudora-1-schraubenset-fuer-vario-ergaenzungsmodul-gondel\/\" \/>\n<meta property=\"og:locale\" content=\"fr_FR\" \/>\n<meta property=\"og:type\" content=\"article\" \/>\n<meta property=\"og:title\" content=\"Hudora 1 Schraubenset f\u00fcr Vario Erg\u00e4nzungsmodul Gondel | Jetzt kaufen | Schweizversand.ch\" \/>\n<meta property=\"og:description\" content=\"Hudora 1 Schraubenset f\u00fcr Vario Erg\u00e4nzungsmodul Gondel g\u00fcnstig kaufen bei Schweizversand.ch. Schnelle Lieferung in der Schweiz. Gratisversand ab CHF 50.\" \/>\n<meta property=\"og:url\" content=\"https:\/\/schweizversand.ch\/fr\/produkt\/hudora-1-schraubenset-fuer-vario-ergaenzungsmodul-gondel\/\" \/>\n<meta property=\"og:site_name\" content=\"Schweizer Shop f\u00fcr Sport, Spiel und Freizeit\" \/>\n<meta property=\"article:publisher\" content=\"https:\/\/www.facebook.com\/Schweizversand\" \/>\n<meta property=\"article:modified_time\" content=\"2026-04-19T13:34:49+00:00\" \/>\n<meta name=\"twitter:card\" content=\"summary_large_image\" \/>\n<meta name=\"twitter:label1\" content=\"Dur\u00e9e de lecture estim\u00e9e\" \/>\n\t<meta name=\"twitter:data1\" content=\"1 minute\" \/>\n<script type=\"application\/ld+json\" class=\"yoast-schema-graph\">{\"@context\":\"https:\\\/\\\/schema.org\",\"@graph\":[{\"@type\":\"WebPage\",\"@id\":\"https:\\\/\\\/schweizversand.ch\\\/fr\\\/produkt\\\/hudora-1-schraubenset-fuer-vario-ergaenzungsmodul-gondel\\\/\",\"url\":\"https:\\\/\\\/schweizversand.ch\\\/fr\\\/produkt\\\/hudora-1-schraubenset-fuer-vario-ergaenzungsmodul-gondel\\\/\",\"name\":\"Hudora 1 Schraubenset f\u00fcr Vario Erg\u00e4nzungsmodul Gondel | Jetzt kaufen | Schweizversand.ch\",\"isPartOf\":{\"@id\":\"https:\\\/\\\/schweizversand.ch\\\/fr\\\/#website\"},\"primaryImageOfPage\":{\"@id\":\"https:\\\/\\\/schweizversand.ch\\\/fr\\\/produkt\\\/hudora-1-schraubenset-fuer-vario-ergaenzungsmodul-gondel\\\/#primaryimage\"},\"image\":{\"@id\":\"https:\\\/\\\/schweizversand.ch\\\/fr\\\/produkt\\\/hudora-1-schraubenset-fuer-vario-ergaenzungsmodul-gondel\\\/#primaryimage\"},\"thumbnailUrl\":\"https:\\\/\\\/schweizversand.ch\\\/wp-content\\\/uploads\\\/2026\\\/02\\\/5472099101.png\",\"datePublished\":\"2026-03-14T23:54:08+00:00\",\"dateModified\":\"2026-04-19T13:34:49+00:00\",\"description\":\"Hudora 1 Schraubenset f\u00fcr Vario Erg\u00e4nzungsmodul Gondel g\u00fcnstig kaufen bei Schweizversand.ch. Schnelle Lieferung in der Schweiz. Gratisversand ab CHF 50.\",\"breadcrumb\":{\"@id\":\"https:\\\/\\\/schweizversand.ch\\\/fr\\\/produkt\\\/hudora-1-schraubenset-fuer-vario-ergaenzungsmodul-gondel\\\/#breadcrumb\"},\"inLanguage\":\"fr-FR\",\"potentialAction\":[{\"@type\":\"ReadAction\",\"target\":[\"https:\\\/\\\/schweizversand.ch\\\/fr\\\/produkt\\\/hudora-1-schraubenset-fuer-vario-ergaenzungsmodul-gondel\\\/\"]}]},{\"@type\":\"ImageObject\",\"inLanguage\":\"fr-FR\",\"@id\":\"https:\\\/\\\/schweizversand.ch\\\/fr\\\/produkt\\\/hudora-1-schraubenset-fuer-vario-ergaenzungsmodul-gondel\\\/#primaryimage\",\"url\":\"https:\\\/\\\/schweizversand.ch\\\/wp-content\\\/uploads\\\/2026\\\/02\\\/5472099101.png\",\"contentUrl\":\"https:\\\/\\\/schweizversand.ch\\\/wp-content\\\/uploads\\\/2026\\\/02\\\/5472099101.png\",\"width\":1024,\"height\":1024},{\"@type\":\"BreadcrumbList\",\"@id\":\"https:\\\/\\\/schweizversand.ch\\\/fr\\\/produkt\\\/hudora-1-schraubenset-fuer-vario-ergaenzungsmodul-gondel\\\/#breadcrumb\",\"itemListElement\":[{\"@type\":\"ListItem\",\"position\":1,\"name\":\"Startseite\",\"item\":\"https:\\\/\\\/schweizversand.ch\\\/fr\\\/home\\\/\"},{\"@type\":\"ListItem\",\"position\":2,\"name\":\"Boutique\",\"item\":\"https:\\\/\\\/schweizversand.ch\\\/fr\\\/boutique\\\/\"},{\"@type\":\"ListItem\",\"position\":3,\"name\":\"Pi\u00e8ces d\u00e9tach\u00e9es\",\"item\":\"https:\\\/\\\/schweizversand.ch\\\/fr\\\/produkt-kategorie\\\/pieces-detachees\\\/\"},{\"@type\":\"ListItem\",\"position\":4,\"name\":\"Hudora\",\"item\":\"https:\\\/\\\/schweizversand.ch\\\/fr\\\/produkt-kategorie\\\/pieces-detachees\\\/hudora\\\/\"},{\"@type\":\"ListItem\",\"position\":5,\"name\":\"Divers\",\"item\":\"https:\\\/\\\/schweizversand.ch\\\/fr\\\/produkt-kategorie\\\/pieces-detachees\\\/hudora\\\/diverses\\\/\"},{\"@type\":\"ListItem\",\"position\":6,\"name\":\"Kit de vis Hudora 1 pour nacelle du module compl\u00e9mentaire Vario\"}]},{\"@type\":\"WebSite\",\"@id\":\"https:\\\/\\\/schweizversand.ch\\\/fr\\\/#website\",\"url\":\"https:\\\/\\\/schweizversand.ch\\\/fr\\\/\",\"name\":\"Schweizer Shop f\u00fcr Sport, Spiel und Freizeit\",\"description\":\"Gratisversand ab 50.- (netto), ab eigenem schweizer Lager, Lieferung innert 48h\",\"publisher\":{\"@id\":\"https:\\\/\\\/schweizversand.ch\\\/fr\\\/#organization\"},\"alternateName\":\"Schweizversand.ch\",\"potentialAction\":[{\"@type\":\"SearchAction\",\"target\":{\"@type\":\"EntryPoint\",\"urlTemplate\":\"https:\\\/\\\/schweizversand.ch\\\/fr\\\/?s={search_term_string}\"},\"query-input\":{\"@type\":\"PropertyValueSpecification\",\"valueRequired\":true,\"valueName\":\"search_term_string\"}}],\"inLanguage\":\"fr-FR\"},{\"@type\":\"Organization\",\"@id\":\"https:\\\/\\\/schweizversand.ch\\\/fr\\\/#organization\",\"name\":\"Schweizversand.ch\",\"url\":\"https:\\\/\\\/schweizversand.ch\\\/fr\\\/\",\"logo\":{\"@type\":\"ImageObject\",\"inLanguage\":\"fr-FR\",\"@id\":\"https:\\\/\\\/schweizversand.ch\\\/fr\\\/#\\\/schema\\\/logo\\\/image\\\/\",\"url\":\"https:\\\/\\\/schweizversand.ch\\\/wp-content\\\/uploads\\\/2026\\\/03\\\/Logo_Rund_Final-1.png\",\"contentUrl\":\"https:\\\/\\\/schweizversand.ch\\\/wp-content\\\/uploads\\\/2026\\\/03\\\/Logo_Rund_Final-1.png\",\"width\":404,\"height\":404,\"caption\":\"Schweizversand.ch\"},\"image\":{\"@id\":\"https:\\\/\\\/schweizversand.ch\\\/fr\\\/#\\\/schema\\\/logo\\\/image\\\/\"},\"sameAs\":[\"https:\\\/\\\/www.facebook.com\\\/Schweizversand\",\"https:\\\/\\\/www.instagram.com\\\/schweizversand.ch\\\/\"]}]}<\/script>\n<!-- \/ Yoast SEO plugin. -->","yoast_head_json":{"title":"Hudora 1 Schraubenset f\u00fcr Vario Erg\u00e4nzungsmodul Gondel | Jetzt kaufen | Schweizversand.ch","description":"Hudora 1 Schraubenset f\u00fcr Vario Erg\u00e4nzungsmodul Gondel g\u00fcnstig kaufen bei Schweizversand.ch. Schnelle Lieferung in der Schweiz. Gratisversand ab CHF 50.","robots":{"index":"index","follow":"follow","max-snippet":"max-snippet:-1","max-image-preview":"max-image-preview:large","max-video-preview":"max-video-preview:-1"},"canonical":"https:\/\/schweizversand.ch\/fr\/produkt\/hudora-1-schraubenset-fuer-vario-ergaenzungsmodul-gondel\/","og_locale":"fr_FR","og_type":"article","og_title":"Hudora 1 Schraubenset f\u00fcr Vario Erg\u00e4nzungsmodul Gondel | Jetzt kaufen | Schweizversand.ch","og_description":"Hudora 1 Schraubenset f\u00fcr Vario Erg\u00e4nzungsmodul Gondel g\u00fcnstig kaufen bei Schweizversand.ch. Schnelle Lieferung in der Schweiz. Gratisversand ab CHF 50.","og_url":"https:\/\/schweizversand.ch\/fr\/produkt\/hudora-1-schraubenset-fuer-vario-ergaenzungsmodul-gondel\/","og_site_name":"Schweizer Shop f\u00fcr Sport, Spiel und Freizeit","article_publisher":"https:\/\/www.facebook.com\/Schweizversand","article_modified_time":"2026-04-19T13:34:49+00:00","twitter_card":"summary_large_image","twitter_misc":{"Dur\u00e9e de lecture estim\u00e9e":"1 minute"},"schema":{"@context":"https:\/\/schema.org","@graph":[{"@type":"WebPage","@id":"https:\/\/schweizversand.ch\/fr\/produkt\/hudora-1-schraubenset-fuer-vario-ergaenzungsmodul-gondel\/","url":"https:\/\/schweizversand.ch\/fr\/produkt\/hudora-1-schraubenset-fuer-vario-ergaenzungsmodul-gondel\/","name":"Hudora 1 Schraubenset f\u00fcr Vario Erg\u00e4nzungsmodul Gondel | Jetzt kaufen | Schweizversand.ch","isPartOf":{"@id":"https:\/\/schweizversand.ch\/fr\/#website"},"primaryImageOfPage":{"@id":"https:\/\/schweizversand.ch\/fr\/produkt\/hudora-1-schraubenset-fuer-vario-ergaenzungsmodul-gondel\/#primaryimage"},"image":{"@id":"https:\/\/schweizversand.ch\/fr\/produkt\/hudora-1-schraubenset-fuer-vario-ergaenzungsmodul-gondel\/#primaryimage"},"thumbnailUrl":"https:\/\/schweizversand.ch\/wp-content\/uploads\/2026\/02\/5472099101.png","datePublished":"2026-03-14T23:54:08+00:00","dateModified":"2026-04-19T13:34:49+00:00","description":"Hudora 1 Schraubenset f\u00fcr Vario Erg\u00e4nzungsmodul Gondel g\u00fcnstig kaufen bei Schweizversand.ch. Schnelle Lieferung in der Schweiz. Gratisversand ab CHF 50.","breadcrumb":{"@id":"https:\/\/schweizversand.ch\/fr\/produkt\/hudora-1-schraubenset-fuer-vario-ergaenzungsmodul-gondel\/#breadcrumb"},"inLanguage":"fr-FR","potentialAction":[{"@type":"ReadAction","target":["https:\/\/schweizversand.ch\/fr\/produkt\/hudora-1-schraubenset-fuer-vario-ergaenzungsmodul-gondel\/"]}]},{"@type":"ImageObject","inLanguage":"fr-FR","@id":"https:\/\/schweizversand.ch\/fr\/produkt\/hudora-1-schraubenset-fuer-vario-ergaenzungsmodul-gondel\/#primaryimage","url":"https:\/\/schweizversand.ch\/wp-content\/uploads\/2026\/02\/5472099101.png","contentUrl":"https:\/\/schweizversand.ch\/wp-content\/uploads\/2026\/02\/5472099101.png","width":1024,"height":1024},{"@type":"BreadcrumbList","@id":"https:\/\/schweizversand.ch\/fr\/produkt\/hudora-1-schraubenset-fuer-vario-ergaenzungsmodul-gondel\/#breadcrumb","itemListElement":[{"@type":"ListItem","position":1,"name":"Startseite","item":"https:\/\/schweizversand.ch\/fr\/home\/"},{"@type":"ListItem","position":2,"name":"Boutique","item":"https:\/\/schweizversand.ch\/fr\/boutique\/"},{"@type":"ListItem","position":3,"name":"Pi\u00e8ces d\u00e9tach\u00e9es","item":"https:\/\/schweizversand.ch\/fr\/produkt-kategorie\/pieces-detachees\/"},{"@type":"ListItem","position":4,"name":"Hudora","item":"https:\/\/schweizversand.ch\/fr\/produkt-kategorie\/pieces-detachees\/hudora\/"},{"@type":"ListItem","position":5,"name":"Divers","item":"https:\/\/schweizversand.ch\/fr\/produkt-kategorie\/pieces-detachees\/hudora\/diverses\/"},{"@type":"ListItem","position":6,"name":"Kit de vis Hudora 1 pour nacelle du module compl\u00e9mentaire Vario"}]},{"@type":"WebSite","@id":"https:\/\/schweizversand.ch\/fr\/#website","url":"https:\/\/schweizversand.ch\/fr\/","name":"Schweizer Shop f\u00fcr Sport, Spiel und Freizeit","description":"Gratisversand ab 50.- (netto), ab eigenem schweizer Lager, Lieferung innert 48h","publisher":{"@id":"https:\/\/schweizversand.ch\/fr\/#organization"},"alternateName":"Schweizversand.ch","potentialAction":[{"@type":"SearchAction","target":{"@type":"EntryPoint","urlTemplate":"https:\/\/schweizversand.ch\/fr\/?s={search_term_string}"},"query-input":{"@type":"PropertyValueSpecification","valueRequired":true,"valueName":"search_term_string"}}],"inLanguage":"fr-FR"},{"@type":"Organization","@id":"https:\/\/schweizversand.ch\/fr\/#organization","name":"Schweizversand.ch","url":"https:\/\/schweizversand.ch\/fr\/","logo":{"@type":"ImageObject","inLanguage":"fr-FR","@id":"https:\/\/schweizversand.ch\/fr\/#\/schema\/logo\/image\/","url":"https:\/\/schweizversand.ch\/wp-content\/uploads\/2026\/03\/Logo_Rund_Final-1.png","contentUrl":"https:\/\/schweizversand.ch\/wp-content\/uploads\/2026\/03\/Logo_Rund_Final-1.png","width":404,"height":404,"caption":"Schweizversand.ch"},"image":{"@id":"https:\/\/schweizversand.ch\/fr\/#\/schema\/logo\/image\/"},"sameAs":["https:\/\/www.facebook.com\/Schweizversand","https:\/\/www.instagram.com\/schweizversand.ch\/"]}]}},"jetpack_sharing_enabled":true,"_links":{"self":[{"href":"https:\/\/schweizversand.ch\/fr\/wp-json\/wp\/v2\/product\/254725","targetHints":{"allow":["GET"]}}],"collection":[{"href":"https:\/\/schweizversand.ch\/fr\/wp-json\/wp\/v2\/product"}],"about":[{"href":"https:\/\/schweizversand.ch\/fr\/wp-json\/wp\/v2\/types\/product"}],"replies":[{"embeddable":true,"href":"https:\/\/schweizversand.ch\/fr\/wp-json\/wp\/v2\/comments?post=254725"}],"wp:featuredmedia":[{"embeddable":true,"href":"https:\/\/schweizversand.ch\/fr\/wp-json\/wp\/v2\/media\/158612"}],"wp:attachment":[{"href":"https:\/\/schweizversand.ch\/fr\/wp-json\/wp\/v2\/media?parent=254725"}],"wp:term":[{"taxonomy":"product_brand","embeddable":true,"href":"https:\/\/schweizversand.ch\/fr\/wp-json\/wp\/v2\/product_brand?post=254725"},{"taxonomy":"product_cat","embeddable":true,"href":"https:\/\/schweizversand.ch\/fr\/wp-json\/wp\/v2\/product_cat?post=254725"},{"taxonomy":"product_tag","embeddable":true,"href":"https:\/\/schweizversand.ch\/fr\/wp-json\/wp\/v2\/product_tag?post=254725"}],"curies":[{"name":"wp","href":"https:\/\/api.w.org\/{rel}","templated":true}]}}