{"id":254756,"date":"2026-03-15T00:54:23","date_gmt":"2026-03-14T23:54:23","guid":{"rendered":"https:\/\/schweizversand.ch\/produkt\/hudora-1-sprungtuch-zu-trampolin-4square-215-x-305\/"},"modified":"2026-04-20T02:03:16","modified_gmt":"2026-04-20T00:03:16","slug":"hudora-1-sprungtuch-zu-trampolin-4square-215-x-305","status":"publish","type":"product","link":"https:\/\/schweizversand.ch\/fr\/produkt\/hudora-1-sprungtuch-zu-trampolin-4square-215-x-305\/","title":{"rendered":"Tapis de saut Hudora 1 pour trampoline 4Square 215 x 305"},"content":{"rendered":"<p>Tapis de saut pour trampoline 4Square 215 x 305 cm. Ce tapis de saut de haute qualit\u00e9 est la pi\u00e8ce de rechange indispensable pour redonner \u00e0 votre trampoline 4Square toutes ses performances de rebond. Sp\u00e9cialement con\u00e7u pour le mod\u00e8le 215 x 305 cm, il garantit une s\u00e9curit\u00e9 et une durabilit\u00e9 maximales. Investissez dans ce tapis de saut pour prolonger le plaisir de vos sauts. Ajustement parfait et qualit\u00e9 optimale\u00a0: ce tapis de saut est parfaitement adapt\u00e9 aux dimensions de votre trampoline 4Square. Fabriqu\u00e9 en polypropyl\u00e8ne r\u00e9sistant, il est particuli\u00e8rement r\u00e9sistant aux UV et aux intemp\u00e9ries. Il supporte m\u00eame une utilisation intensive et assure un rebond optimal \u00e0 chaque saut. S\u00e9curit\u00e9 et durabilit\u00e9\u00a0: sa construction robuste lui permet de r\u00e9sister aux fortes contraintes li\u00e9es aux sauts. Pi\u00e8ce de rechange essentielle, il contribue grandement \u00e0 la s\u00e9curit\u00e9 en offrant une surface fiable et r\u00e9sistante aux d\u00e9chirures. Le remplacement est simple et prolonge consid\u00e9rablement la dur\u00e9e de vie de votre trampoline.<\/p>\n<\/div>\n<div><strong>D\u00e9tails du produit et compatibilit\u00e9<\/strong><br \/>&#8211; Type de produit\u00a0: Toile de saut \/ Toile de saut de rechange<br \/>&#8211; Convient pour\u00a0: Trampoline 4Square<br \/>&#8211; Dimensions\u00a0: 215 x 305\u00a0cm (rectangulaire)<br \/>&#8211; Mat\u00e9riau\u00a0: Tissu en polypropyl\u00e8ne de haute qualit\u00e9, r\u00e9sistant aux UV<br \/>&#8211; Compatible avec l\u2019article\u00a0: 6580<\/p>\n<\/div>\n<div>Procurez-vous d\u00e8s maintenant cette <strong>pi\u00e8ce de rechange pour trampoline<\/strong> afin de renouveler rapidement et efficacement la surface de saut de votre trampoline 4Square et de continuer \u00e0 vous amuser sans interruption dans votre jardin.<\/p>\n<\/div>\n","protected":false},"excerpt":{"rendered":"<p>Tapis de saut pour trampoline 4Square 215 x 305 cm. Ce tapis de saut de haute qualit\u00e9 est la pi\u00e8ce de rechange indispensable pour redonner \u00e0 votre trampoline 4Square toutes ses performances de rebond. Sp\u00e9cialement con\u00e7u pour le mod\u00e8le 215 x 305 cm, il garantit une s\u00e9curit\u00e9 et une durabilit\u00e9 maximales. Investissez dans ce tapis de saut pour prolonger le plaisir de vos sauts. Ajustement parfait et qualit\u00e9 optimale\u00a0: ce tapis de saut est parfaitement&hellip;<\/p>\n","protected":false},"featured_media":158923,"comment_status":"open","ping_status":"closed","template":"","meta":[],"product_brand":[],"product_cat":[38631],"product_tag":[],"class_list":{"0":"post-254756","1":"product","2":"type-product","3":"status-publish","4":"has-post-thumbnail","6":"product_cat-trampolin","7":"product_shipping_class-global_methods","9":"first","10":"instock","11":"taxable","12":"shipping-taxable","13":"purchasable","14":"product-type-simple"},"yoast_head":"<!-- This site is optimized with the Yoast SEO plugin v27.4 - https:\/\/yoast.com\/product\/yoast-seo-wordpress\/ -->\n<title>Hudora 1 Sprungtuch zu Trampolin 4Square 215 x 305 | Jetzt kaufen | Schweizversand.ch<\/title>\n<meta name=\"description\" content=\"Hudora 1 Sprungtuch zu Trampolin 4Square 215 x 305 g\u00fcnstig kaufen bei Schweizversand.ch. Schnelle Lieferung in der Schweiz. Gratisversand ab CHF 50.\" \/>\n<meta name=\"robots\" content=\"index, follow, max-snippet:-1, max-image-preview:large, max-video-preview:-1\" \/>\n<link rel=\"canonical\" href=\"https:\/\/schweizversand.ch\/fr\/produkt\/hudora-1-sprungtuch-zu-trampolin-4square-215-x-305\/\" \/>\n<meta property=\"og:locale\" content=\"fr_FR\" \/>\n<meta property=\"og:type\" content=\"article\" \/>\n<meta property=\"og:title\" content=\"Hudora 1 Sprungtuch zu Trampolin 4Square 215 x 305 | Jetzt kaufen | Schweizversand.ch\" \/>\n<meta property=\"og:description\" content=\"Hudora 1 Sprungtuch zu Trampolin 4Square 215 x 305 g\u00fcnstig kaufen bei Schweizversand.ch. Schnelle Lieferung in der Schweiz. Gratisversand ab CHF 50.\" \/>\n<meta property=\"og:url\" content=\"https:\/\/schweizversand.ch\/fr\/produkt\/hudora-1-sprungtuch-zu-trampolin-4square-215-x-305\/\" \/>\n<meta property=\"og:site_name\" content=\"Schweizer Shop f\u00fcr Sport, Spiel und Freizeit\" \/>\n<meta property=\"article:publisher\" content=\"https:\/\/www.facebook.com\/Schweizversand\" \/>\n<meta property=\"article:modified_time\" content=\"2026-04-20T00:03:16+00:00\" \/>\n<meta property=\"og:image\" content=\"https:\/\/schweizversand.ch\/wp-content\/uploads\/2026\/02\/5471641452.png\" \/>\n\t<meta property=\"og:image:width\" content=\"1024\" \/>\n\t<meta property=\"og:image:height\" content=\"742\" \/>\n\t<meta property=\"og:image:type\" content=\"image\/png\" \/>\n<meta name=\"twitter:card\" content=\"summary_large_image\" \/>\n<meta name=\"twitter:label1\" content=\"Dur\u00e9e de lecture estim\u00e9e\" \/>\n\t<meta name=\"twitter:data1\" content=\"1 minute\" \/>\n<script type=\"application\/ld+json\" class=\"yoast-schema-graph\">{\"@context\":\"https:\\\/\\\/schema.org\",\"@graph\":[{\"@type\":\"WebPage\",\"@id\":\"https:\\\/\\\/schweizversand.ch\\\/fr\\\/produkt\\\/hudora-1-sprungtuch-zu-trampolin-4square-215-x-305\\\/\",\"url\":\"https:\\\/\\\/schweizversand.ch\\\/fr\\\/produkt\\\/hudora-1-sprungtuch-zu-trampolin-4square-215-x-305\\\/\",\"name\":\"Hudora 1 Sprungtuch zu Trampolin 4Square 215 x 305 | Jetzt kaufen | Schweizversand.ch\",\"isPartOf\":{\"@id\":\"https:\\\/\\\/schweizversand.ch\\\/fr\\\/#website\"},\"primaryImageOfPage\":{\"@id\":\"https:\\\/\\\/schweizversand.ch\\\/fr\\\/produkt\\\/hudora-1-sprungtuch-zu-trampolin-4square-215-x-305\\\/#primaryimage\"},\"image\":{\"@id\":\"https:\\\/\\\/schweizversand.ch\\\/fr\\\/produkt\\\/hudora-1-sprungtuch-zu-trampolin-4square-215-x-305\\\/#primaryimage\"},\"thumbnailUrl\":\"https:\\\/\\\/schweizversand.ch\\\/wp-content\\\/uploads\\\/2026\\\/02\\\/5471641452.png\",\"datePublished\":\"2026-03-14T23:54:23+00:00\",\"dateModified\":\"2026-04-20T00:03:16+00:00\",\"description\":\"Hudora 1 Sprungtuch zu Trampolin 4Square 215 x 305 g\u00fcnstig kaufen bei Schweizversand.ch. Schnelle Lieferung in der Schweiz. Gratisversand ab CHF 50.\",\"breadcrumb\":{\"@id\":\"https:\\\/\\\/schweizversand.ch\\\/fr\\\/produkt\\\/hudora-1-sprungtuch-zu-trampolin-4square-215-x-305\\\/#breadcrumb\"},\"inLanguage\":\"fr-FR\",\"potentialAction\":[{\"@type\":\"ReadAction\",\"target\":[\"https:\\\/\\\/schweizversand.ch\\\/fr\\\/produkt\\\/hudora-1-sprungtuch-zu-trampolin-4square-215-x-305\\\/\"]}]},{\"@type\":\"ImageObject\",\"inLanguage\":\"fr-FR\",\"@id\":\"https:\\\/\\\/schweizversand.ch\\\/fr\\\/produkt\\\/hudora-1-sprungtuch-zu-trampolin-4square-215-x-305\\\/#primaryimage\",\"url\":\"https:\\\/\\\/schweizversand.ch\\\/wp-content\\\/uploads\\\/2026\\\/02\\\/5471641452.png\",\"contentUrl\":\"https:\\\/\\\/schweizversand.ch\\\/wp-content\\\/uploads\\\/2026\\\/02\\\/5471641452.png\",\"width\":1024,\"height\":742},{\"@type\":\"BreadcrumbList\",\"@id\":\"https:\\\/\\\/schweizversand.ch\\\/fr\\\/produkt\\\/hudora-1-sprungtuch-zu-trampolin-4square-215-x-305\\\/#breadcrumb\",\"itemListElement\":[{\"@type\":\"ListItem\",\"position\":1,\"name\":\"Startseite\",\"item\":\"https:\\\/\\\/schweizversand.ch\\\/fr\\\/home\\\/\"},{\"@type\":\"ListItem\",\"position\":2,\"name\":\"Boutique\",\"item\":\"https:\\\/\\\/schweizversand.ch\\\/fr\\\/boutique\\\/\"},{\"@type\":\"ListItem\",\"position\":3,\"name\":\"Pi\u00e8ces d\u00e9tach\u00e9es\",\"item\":\"https:\\\/\\\/schweizversand.ch\\\/fr\\\/produkt-kategorie\\\/pieces-detachees\\\/\"},{\"@type\":\"ListItem\",\"position\":4,\"name\":\"Hudora\",\"item\":\"https:\\\/\\\/schweizversand.ch\\\/fr\\\/produkt-kategorie\\\/pieces-detachees\\\/hudora\\\/\"},{\"@type\":\"ListItem\",\"position\":5,\"name\":\"Trampoline\",\"item\":\"https:\\\/\\\/schweizversand.ch\\\/fr\\\/produkt-kategorie\\\/pieces-detachees\\\/hudora\\\/trampolin\\\/\"},{\"@type\":\"ListItem\",\"position\":6,\"name\":\"Tapis de saut Hudora 1 pour trampoline 4Square 215 x 305\"}]},{\"@type\":\"WebSite\",\"@id\":\"https:\\\/\\\/schweizversand.ch\\\/fr\\\/#website\",\"url\":\"https:\\\/\\\/schweizversand.ch\\\/fr\\\/\",\"name\":\"Schweizer Shop f\u00fcr Sport, Spiel und Freizeit\",\"description\":\"Gratisversand ab 50.- (netto), ab eigenem schweizer Lager, Lieferung innert 48h\",\"publisher\":{\"@id\":\"https:\\\/\\\/schweizversand.ch\\\/fr\\\/#organization\"},\"alternateName\":\"Schweizversand.ch\",\"potentialAction\":[{\"@type\":\"SearchAction\",\"target\":{\"@type\":\"EntryPoint\",\"urlTemplate\":\"https:\\\/\\\/schweizversand.ch\\\/fr\\\/?s={search_term_string}\"},\"query-input\":{\"@type\":\"PropertyValueSpecification\",\"valueRequired\":true,\"valueName\":\"search_term_string\"}}],\"inLanguage\":\"fr-FR\"},{\"@type\":\"Organization\",\"@id\":\"https:\\\/\\\/schweizversand.ch\\\/fr\\\/#organization\",\"name\":\"Schweizversand.ch\",\"url\":\"https:\\\/\\\/schweizversand.ch\\\/fr\\\/\",\"logo\":{\"@type\":\"ImageObject\",\"inLanguage\":\"fr-FR\",\"@id\":\"https:\\\/\\\/schweizversand.ch\\\/fr\\\/#\\\/schema\\\/logo\\\/image\\\/\",\"url\":\"https:\\\/\\\/schweizversand.ch\\\/wp-content\\\/uploads\\\/2026\\\/03\\\/Logo_Rund_Final-1.png\",\"contentUrl\":\"https:\\\/\\\/schweizversand.ch\\\/wp-content\\\/uploads\\\/2026\\\/03\\\/Logo_Rund_Final-1.png\",\"width\":404,\"height\":404,\"caption\":\"Schweizversand.ch\"},\"image\":{\"@id\":\"https:\\\/\\\/schweizversand.ch\\\/fr\\\/#\\\/schema\\\/logo\\\/image\\\/\"},\"sameAs\":[\"https:\\\/\\\/www.facebook.com\\\/Schweizversand\",\"https:\\\/\\\/www.instagram.com\\\/schweizversand.ch\\\/\"]}]}<\/script>\n<!-- \/ Yoast SEO plugin. -->","yoast_head_json":{"title":"Hudora 1 Sprungtuch zu Trampolin 4Square 215 x 305 | Jetzt kaufen | Schweizversand.ch","description":"Hudora 1 Sprungtuch zu Trampolin 4Square 215 x 305 g\u00fcnstig kaufen bei Schweizversand.ch. Schnelle Lieferung in der Schweiz. Gratisversand ab CHF 50.","robots":{"index":"index","follow":"follow","max-snippet":"max-snippet:-1","max-image-preview":"max-image-preview:large","max-video-preview":"max-video-preview:-1"},"canonical":"https:\/\/schweizversand.ch\/fr\/produkt\/hudora-1-sprungtuch-zu-trampolin-4square-215-x-305\/","og_locale":"fr_FR","og_type":"article","og_title":"Hudora 1 Sprungtuch zu Trampolin 4Square 215 x 305 | Jetzt kaufen | Schweizversand.ch","og_description":"Hudora 1 Sprungtuch zu Trampolin 4Square 215 x 305 g\u00fcnstig kaufen bei Schweizversand.ch. Schnelle Lieferung in der Schweiz. Gratisversand ab CHF 50.","og_url":"https:\/\/schweizversand.ch\/fr\/produkt\/hudora-1-sprungtuch-zu-trampolin-4square-215-x-305\/","og_site_name":"Schweizer Shop f\u00fcr Sport, Spiel und Freizeit","article_publisher":"https:\/\/www.facebook.com\/Schweizversand","article_modified_time":"2026-04-20T00:03:16+00:00","og_image":[{"width":1024,"height":742,"url":"https:\/\/schweizversand.ch\/wp-content\/uploads\/2026\/02\/5471641452.png","type":"image\/png"}],"twitter_card":"summary_large_image","twitter_misc":{"Dur\u00e9e de lecture estim\u00e9e":"1 minute"},"schema":{"@context":"https:\/\/schema.org","@graph":[{"@type":"WebPage","@id":"https:\/\/schweizversand.ch\/fr\/produkt\/hudora-1-sprungtuch-zu-trampolin-4square-215-x-305\/","url":"https:\/\/schweizversand.ch\/fr\/produkt\/hudora-1-sprungtuch-zu-trampolin-4square-215-x-305\/","name":"Hudora 1 Sprungtuch zu Trampolin 4Square 215 x 305 | Jetzt kaufen | Schweizversand.ch","isPartOf":{"@id":"https:\/\/schweizversand.ch\/fr\/#website"},"primaryImageOfPage":{"@id":"https:\/\/schweizversand.ch\/fr\/produkt\/hudora-1-sprungtuch-zu-trampolin-4square-215-x-305\/#primaryimage"},"image":{"@id":"https:\/\/schweizversand.ch\/fr\/produkt\/hudora-1-sprungtuch-zu-trampolin-4square-215-x-305\/#primaryimage"},"thumbnailUrl":"https:\/\/schweizversand.ch\/wp-content\/uploads\/2026\/02\/5471641452.png","datePublished":"2026-03-14T23:54:23+00:00","dateModified":"2026-04-20T00:03:16+00:00","description":"Hudora 1 Sprungtuch zu Trampolin 4Square 215 x 305 g\u00fcnstig kaufen bei Schweizversand.ch. Schnelle Lieferung in der Schweiz. Gratisversand ab CHF 50.","breadcrumb":{"@id":"https:\/\/schweizversand.ch\/fr\/produkt\/hudora-1-sprungtuch-zu-trampolin-4square-215-x-305\/#breadcrumb"},"inLanguage":"fr-FR","potentialAction":[{"@type":"ReadAction","target":["https:\/\/schweizversand.ch\/fr\/produkt\/hudora-1-sprungtuch-zu-trampolin-4square-215-x-305\/"]}]},{"@type":"ImageObject","inLanguage":"fr-FR","@id":"https:\/\/schweizversand.ch\/fr\/produkt\/hudora-1-sprungtuch-zu-trampolin-4square-215-x-305\/#primaryimage","url":"https:\/\/schweizversand.ch\/wp-content\/uploads\/2026\/02\/5471641452.png","contentUrl":"https:\/\/schweizversand.ch\/wp-content\/uploads\/2026\/02\/5471641452.png","width":1024,"height":742},{"@type":"BreadcrumbList","@id":"https:\/\/schweizversand.ch\/fr\/produkt\/hudora-1-sprungtuch-zu-trampolin-4square-215-x-305\/#breadcrumb","itemListElement":[{"@type":"ListItem","position":1,"name":"Startseite","item":"https:\/\/schweizversand.ch\/fr\/home\/"},{"@type":"ListItem","position":2,"name":"Boutique","item":"https:\/\/schweizversand.ch\/fr\/boutique\/"},{"@type":"ListItem","position":3,"name":"Pi\u00e8ces d\u00e9tach\u00e9es","item":"https:\/\/schweizversand.ch\/fr\/produkt-kategorie\/pieces-detachees\/"},{"@type":"ListItem","position":4,"name":"Hudora","item":"https:\/\/schweizversand.ch\/fr\/produkt-kategorie\/pieces-detachees\/hudora\/"},{"@type":"ListItem","position":5,"name":"Trampoline","item":"https:\/\/schweizversand.ch\/fr\/produkt-kategorie\/pieces-detachees\/hudora\/trampolin\/"},{"@type":"ListItem","position":6,"name":"Tapis de saut Hudora 1 pour trampoline 4Square 215 x 305"}]},{"@type":"WebSite","@id":"https:\/\/schweizversand.ch\/fr\/#website","url":"https:\/\/schweizversand.ch\/fr\/","name":"Schweizer Shop f\u00fcr Sport, Spiel und Freizeit","description":"Gratisversand ab 50.- (netto), ab eigenem schweizer Lager, Lieferung innert 48h","publisher":{"@id":"https:\/\/schweizversand.ch\/fr\/#organization"},"alternateName":"Schweizversand.ch","potentialAction":[{"@type":"SearchAction","target":{"@type":"EntryPoint","urlTemplate":"https:\/\/schweizversand.ch\/fr\/?s={search_term_string}"},"query-input":{"@type":"PropertyValueSpecification","valueRequired":true,"valueName":"search_term_string"}}],"inLanguage":"fr-FR"},{"@type":"Organization","@id":"https:\/\/schweizversand.ch\/fr\/#organization","name":"Schweizversand.ch","url":"https:\/\/schweizversand.ch\/fr\/","logo":{"@type":"ImageObject","inLanguage":"fr-FR","@id":"https:\/\/schweizversand.ch\/fr\/#\/schema\/logo\/image\/","url":"https:\/\/schweizversand.ch\/wp-content\/uploads\/2026\/03\/Logo_Rund_Final-1.png","contentUrl":"https:\/\/schweizversand.ch\/wp-content\/uploads\/2026\/03\/Logo_Rund_Final-1.png","width":404,"height":404,"caption":"Schweizversand.ch"},"image":{"@id":"https:\/\/schweizversand.ch\/fr\/#\/schema\/logo\/image\/"},"sameAs":["https:\/\/www.facebook.com\/Schweizversand","https:\/\/www.instagram.com\/schweizversand.ch\/"]}]}},"jetpack_sharing_enabled":true,"_links":{"self":[{"href":"https:\/\/schweizversand.ch\/fr\/wp-json\/wp\/v2\/product\/254756","targetHints":{"allow":["GET"]}}],"collection":[{"href":"https:\/\/schweizversand.ch\/fr\/wp-json\/wp\/v2\/product"}],"about":[{"href":"https:\/\/schweizversand.ch\/fr\/wp-json\/wp\/v2\/types\/product"}],"replies":[{"embeddable":true,"href":"https:\/\/schweizversand.ch\/fr\/wp-json\/wp\/v2\/comments?post=254756"}],"wp:featuredmedia":[{"embeddable":true,"href":"https:\/\/schweizversand.ch\/fr\/wp-json\/wp\/v2\/media\/158923"}],"wp:attachment":[{"href":"https:\/\/schweizversand.ch\/fr\/wp-json\/wp\/v2\/media?parent=254756"}],"wp:term":[{"taxonomy":"product_brand","embeddable":true,"href":"https:\/\/schweizversand.ch\/fr\/wp-json\/wp\/v2\/product_brand?post=254756"},{"taxonomy":"product_cat","embeddable":true,"href":"https:\/\/schweizversand.ch\/fr\/wp-json\/wp\/v2\/product_cat?post=254756"},{"taxonomy":"product_tag","embeddable":true,"href":"https:\/\/schweizversand.ch\/fr\/wp-json\/wp\/v2\/product_tag?post=254756"}],"curies":[{"name":"wp","href":"https:\/\/api.w.org\/{rel}","templated":true}]}}