{"id":254817,"date":"2026-03-15T00:54:30","date_gmt":"2026-03-14T23:54:30","guid":{"rendered":"https:\/\/schweizversand.ch\/produkt\/hudora-1-tornetz-mit-durchzugsleine-fuer-expert-300\/"},"modified":"2026-04-20T15:34:02","modified_gmt":"2026-04-20T13:34:02","slug":"hudora-1-tornetz-mit-durchzugsleine-fuer-expert-300","status":"publish","type":"product","link":"https:\/\/schweizversand.ch\/fr\/produkt\/hudora-1-tornetz-mit-durchzugsleine-fuer-expert-300\/","title":{"rendered":"Filet de but Hudora 1 avec cordon de serrage pour Expert 300"},"content":{"rendered":"<h1><strong>Filet de but 300 avec cordon de serrage \u2013 Filet de remplacement pour but de football Expert<\/strong><\/h1>\n<div>Vous recherchez un filet de remplacement de haute qualit\u00e9 et parfaitement adapt\u00e9 \u00e0 votre but de football\u00a0? Ce filet de but 300 robuste a \u00e9t\u00e9 sp\u00e9cialement con\u00e7u pour le but de football Expert 300 et vous garantit des matchs sans accroc.<\/p>\n<\/div>\n<div><strong>Ajustement parfait et installation facile<\/strong><br \/>Ce filet de but de football est parfaitement adapt\u00e9 aux dimensions du but de football Expert 300 (Art. 76935). Gr\u00e2ce au cordon de serrage int\u00e9gr\u00e9, l&rsquo;installation est rapide et facile. Aucun syst\u00e8me de fixation compliqu\u00e9 n&rsquo;est n\u00e9cessaire\u00a0: il suffit de passer le cordon et le filet s&rsquo;ajustera parfaitement et solidement. Une qualit\u00e9 robuste pour une durabilit\u00e9 accrue\u00a0: le filet est fabriqu\u00e9 dans un mat\u00e9riau durable qui r\u00e9siste m\u00eame aux tirs les plus intenses et aux intemp\u00e9ries. Investissez dans ce filet de but pour prolonger la dur\u00e9e de vie de votre but et lui assurer une apparence toujours professionnelle. C&rsquo;est l&rsquo;accessoire id\u00e9al pour le but de football Expert 300 afin d&rsquo;optimiser votre entra\u00eenement.<\/p>\n<\/div>\n<div><strong>D\u00e9tails du produit et contenu de la livraison<\/strong><br \/>&#8211; Sp\u00e9cialement con\u00e7u pour le but de football Expert 300 (Art. 76935)<br \/>&#8211; Comprend un cordon de serrage pratique pour une fixation facile<br \/>&#8211; Mat\u00e9riau robuste et r\u00e9sistant aux intemp\u00e9ries<br \/>&#8211; Couleur\u00a0: Blanc<br \/>&#8211; Remarque\u00a0: Le filet est fourni sans banderole HUDORA.<\/p>\n<\/div>\n<div>Procurez-vous d\u00e8s maintenant ce filet de but Expert 300 durable avec cordon de serrage et assurez-vous que votre but de football soit toujours pr\u00eat \u00e0 l&#8217;emploi.<\/p>\n","protected":false},"excerpt":{"rendered":"<p>Filet de but 300 avec cordon de serrage \u2013 Filet de remplacement pour but de football Expert Vous recherchez un filet de remplacement de haute qualit\u00e9 et parfaitement adapt\u00e9 \u00e0 votre but de football\u00a0? Ce filet de but 300 robuste a \u00e9t\u00e9 sp\u00e9cialement con\u00e7u pour le but de football Expert 300 et vous garantit des matchs sans accroc. Ajustement parfait et installation facileCe filet de but de football est parfaitement adapt\u00e9 aux dimensions du but&hellip;<\/p>\n","protected":false},"featured_media":159001,"comment_status":"open","ping_status":"closed","template":"","meta":[],"product_brand":[],"product_cat":[38643,38849],"product_tag":[],"class_list":{"0":"post-254817","1":"product","2":"type-product","3":"status-publish","4":"has-post-thumbnail","6":"product_cat-buts-de-football","7":"product_cat-fussballtore","8":"product_shipping_class-global_methods","10":"first","11":"instock","12":"taxable","13":"shipping-taxable","14":"purchasable","15":"product-type-simple"},"yoast_head":"<!-- This site is optimized with the Yoast SEO plugin v27.4 - https:\/\/yoast.com\/product\/yoast-seo-wordpress\/ -->\n<title>Hudora 1 Tornetz mit Durchzugsleine f\u00fcr Expert 300 | Jetzt kaufen | Schweizversand.ch<\/title>\n<meta name=\"description\" content=\"Hudora 1 Tornetz mit Durchzugsleine f\u00fcr Expert 300 g\u00fcnstig kaufen bei Schweizversand.ch. Schnelle Lieferung in der Schweiz. Gratisversand ab CHF 50.\" \/>\n<meta name=\"robots\" content=\"index, follow, max-snippet:-1, max-image-preview:large, max-video-preview:-1\" \/>\n<link rel=\"canonical\" href=\"https:\/\/schweizversand.ch\/fr\/produkt\/hudora-1-tornetz-mit-durchzugsleine-fuer-expert-300\/\" \/>\n<meta property=\"og:locale\" content=\"fr_FR\" \/>\n<meta property=\"og:type\" content=\"article\" \/>\n<meta property=\"og:title\" content=\"Hudora 1 Tornetz mit Durchzugsleine f\u00fcr Expert 300 | Jetzt kaufen | Schweizversand.ch\" \/>\n<meta property=\"og:description\" content=\"Hudora 1 Tornetz mit Durchzugsleine f\u00fcr Expert 300 g\u00fcnstig kaufen bei Schweizversand.ch. Schnelle Lieferung in der Schweiz. Gratisversand ab CHF 50.\" \/>\n<meta property=\"og:url\" content=\"https:\/\/schweizversand.ch\/fr\/produkt\/hudora-1-tornetz-mit-durchzugsleine-fuer-expert-300\/\" \/>\n<meta property=\"og:site_name\" content=\"Schweizer Shop f\u00fcr Sport, Spiel und Freizeit\" \/>\n<meta property=\"article:publisher\" content=\"https:\/\/www.facebook.com\/Schweizversand\" \/>\n<meta property=\"article:modified_time\" content=\"2026-04-20T13:34:02+00:00\" \/>\n<meta name=\"twitter:card\" content=\"summary_large_image\" \/>\n<meta name=\"twitter:label1\" content=\"Dur\u00e9e de lecture estim\u00e9e\" \/>\n\t<meta name=\"twitter:data1\" content=\"1 minute\" \/>\n<script type=\"application\/ld+json\" class=\"yoast-schema-graph\">{\"@context\":\"https:\\\/\\\/schema.org\",\"@graph\":[{\"@type\":\"WebPage\",\"@id\":\"https:\\\/\\\/schweizversand.ch\\\/fr\\\/produkt\\\/hudora-1-tornetz-mit-durchzugsleine-fuer-expert-300\\\/\",\"url\":\"https:\\\/\\\/schweizversand.ch\\\/fr\\\/produkt\\\/hudora-1-tornetz-mit-durchzugsleine-fuer-expert-300\\\/\",\"name\":\"Hudora 1 Tornetz mit Durchzugsleine f\u00fcr Expert 300 | Jetzt kaufen | Schweizversand.ch\",\"isPartOf\":{\"@id\":\"https:\\\/\\\/schweizversand.ch\\\/fr\\\/#website\"},\"primaryImageOfPage\":{\"@id\":\"https:\\\/\\\/schweizversand.ch\\\/fr\\\/produkt\\\/hudora-1-tornetz-mit-durchzugsleine-fuer-expert-300\\\/#primaryimage\"},\"image\":{\"@id\":\"https:\\\/\\\/schweizversand.ch\\\/fr\\\/produkt\\\/hudora-1-tornetz-mit-durchzugsleine-fuer-expert-300\\\/#primaryimage\"},\"thumbnailUrl\":\"https:\\\/\\\/schweizversand.ch\\\/wp-content\\\/uploads\\\/2026\\\/02\\\/5471538628.png\",\"datePublished\":\"2026-03-14T23:54:30+00:00\",\"dateModified\":\"2026-04-20T13:34:02+00:00\",\"description\":\"Hudora 1 Tornetz mit Durchzugsleine f\u00fcr Expert 300 g\u00fcnstig kaufen bei Schweizversand.ch. Schnelle Lieferung in der Schweiz. Gratisversand ab CHF 50.\",\"breadcrumb\":{\"@id\":\"https:\\\/\\\/schweizversand.ch\\\/fr\\\/produkt\\\/hudora-1-tornetz-mit-durchzugsleine-fuer-expert-300\\\/#breadcrumb\"},\"inLanguage\":\"fr-FR\",\"potentialAction\":[{\"@type\":\"ReadAction\",\"target\":[\"https:\\\/\\\/schweizversand.ch\\\/fr\\\/produkt\\\/hudora-1-tornetz-mit-durchzugsleine-fuer-expert-300\\\/\"]}]},{\"@type\":\"ImageObject\",\"inLanguage\":\"fr-FR\",\"@id\":\"https:\\\/\\\/schweizversand.ch\\\/fr\\\/produkt\\\/hudora-1-tornetz-mit-durchzugsleine-fuer-expert-300\\\/#primaryimage\",\"url\":\"https:\\\/\\\/schweizversand.ch\\\/wp-content\\\/uploads\\\/2026\\\/02\\\/5471538628.png\",\"contentUrl\":\"https:\\\/\\\/schweizversand.ch\\\/wp-content\\\/uploads\\\/2026\\\/02\\\/5471538628.png\",\"width\":1024,\"height\":731},{\"@type\":\"BreadcrumbList\",\"@id\":\"https:\\\/\\\/schweizversand.ch\\\/fr\\\/produkt\\\/hudora-1-tornetz-mit-durchzugsleine-fuer-expert-300\\\/#breadcrumb\",\"itemListElement\":[{\"@type\":\"ListItem\",\"position\":1,\"name\":\"Startseite\",\"item\":\"https:\\\/\\\/schweizversand.ch\\\/fr\\\/home\\\/\"},{\"@type\":\"ListItem\",\"position\":2,\"name\":\"Boutique\",\"item\":\"https:\\\/\\\/schweizversand.ch\\\/fr\\\/boutique\\\/\"},{\"@type\":\"ListItem\",\"position\":3,\"name\":\"Pi\u00e8ces d\u00e9tach\u00e9es\",\"item\":\"https:\\\/\\\/schweizversand.ch\\\/fr\\\/produkt-kategorie\\\/pieces-detachees\\\/\"},{\"@type\":\"ListItem\",\"position\":4,\"name\":\"Hudora\",\"item\":\"https:\\\/\\\/schweizversand.ch\\\/fr\\\/produkt-kategorie\\\/pieces-detachees\\\/hudora\\\/\"},{\"@type\":\"ListItem\",\"position\":5,\"name\":\"Buts de football\",\"item\":\"https:\\\/\\\/schweizversand.ch\\\/fr\\\/produkt-kategorie\\\/pieces-detachees\\\/hudora\\\/buts-de-football\\\/\"},{\"@type\":\"ListItem\",\"position\":6,\"name\":\"Filet de but Hudora 1 avec cordon de serrage pour Expert 300\"}]},{\"@type\":\"WebSite\",\"@id\":\"https:\\\/\\\/schweizversand.ch\\\/fr\\\/#website\",\"url\":\"https:\\\/\\\/schweizversand.ch\\\/fr\\\/\",\"name\":\"Schweizer Shop f\u00fcr Sport, Spiel und Freizeit\",\"description\":\"Gratisversand ab 50.- (netto), ab eigenem schweizer Lager, Lieferung innert 48h\",\"publisher\":{\"@id\":\"https:\\\/\\\/schweizversand.ch\\\/fr\\\/#organization\"},\"alternateName\":\"Schweizversand.ch\",\"potentialAction\":[{\"@type\":\"SearchAction\",\"target\":{\"@type\":\"EntryPoint\",\"urlTemplate\":\"https:\\\/\\\/schweizversand.ch\\\/fr\\\/?s={search_term_string}\"},\"query-input\":{\"@type\":\"PropertyValueSpecification\",\"valueRequired\":true,\"valueName\":\"search_term_string\"}}],\"inLanguage\":\"fr-FR\"},{\"@type\":\"Organization\",\"@id\":\"https:\\\/\\\/schweizversand.ch\\\/fr\\\/#organization\",\"name\":\"Schweizversand.ch\",\"url\":\"https:\\\/\\\/schweizversand.ch\\\/fr\\\/\",\"logo\":{\"@type\":\"ImageObject\",\"inLanguage\":\"fr-FR\",\"@id\":\"https:\\\/\\\/schweizversand.ch\\\/fr\\\/#\\\/schema\\\/logo\\\/image\\\/\",\"url\":\"https:\\\/\\\/schweizversand.ch\\\/wp-content\\\/uploads\\\/2026\\\/03\\\/Logo_Rund_Final-1.png\",\"contentUrl\":\"https:\\\/\\\/schweizversand.ch\\\/wp-content\\\/uploads\\\/2026\\\/03\\\/Logo_Rund_Final-1.png\",\"width\":404,\"height\":404,\"caption\":\"Schweizversand.ch\"},\"image\":{\"@id\":\"https:\\\/\\\/schweizversand.ch\\\/fr\\\/#\\\/schema\\\/logo\\\/image\\\/\"},\"sameAs\":[\"https:\\\/\\\/www.facebook.com\\\/Schweizversand\",\"https:\\\/\\\/www.instagram.com\\\/schweizversand.ch\\\/\"]}]}<\/script>\n<!-- \/ Yoast SEO plugin. -->","yoast_head_json":{"title":"Hudora 1 Tornetz mit Durchzugsleine f\u00fcr Expert 300 | Jetzt kaufen | Schweizversand.ch","description":"Hudora 1 Tornetz mit Durchzugsleine f\u00fcr Expert 300 g\u00fcnstig kaufen bei Schweizversand.ch. Schnelle Lieferung in der Schweiz. Gratisversand ab CHF 50.","robots":{"index":"index","follow":"follow","max-snippet":"max-snippet:-1","max-image-preview":"max-image-preview:large","max-video-preview":"max-video-preview:-1"},"canonical":"https:\/\/schweizversand.ch\/fr\/produkt\/hudora-1-tornetz-mit-durchzugsleine-fuer-expert-300\/","og_locale":"fr_FR","og_type":"article","og_title":"Hudora 1 Tornetz mit Durchzugsleine f\u00fcr Expert 300 | Jetzt kaufen | Schweizversand.ch","og_description":"Hudora 1 Tornetz mit Durchzugsleine f\u00fcr Expert 300 g\u00fcnstig kaufen bei Schweizversand.ch. Schnelle Lieferung in der Schweiz. Gratisversand ab CHF 50.","og_url":"https:\/\/schweizversand.ch\/fr\/produkt\/hudora-1-tornetz-mit-durchzugsleine-fuer-expert-300\/","og_site_name":"Schweizer Shop f\u00fcr Sport, Spiel und Freizeit","article_publisher":"https:\/\/www.facebook.com\/Schweizversand","article_modified_time":"2026-04-20T13:34:02+00:00","twitter_card":"summary_large_image","twitter_misc":{"Dur\u00e9e de lecture estim\u00e9e":"1 minute"},"schema":{"@context":"https:\/\/schema.org","@graph":[{"@type":"WebPage","@id":"https:\/\/schweizversand.ch\/fr\/produkt\/hudora-1-tornetz-mit-durchzugsleine-fuer-expert-300\/","url":"https:\/\/schweizversand.ch\/fr\/produkt\/hudora-1-tornetz-mit-durchzugsleine-fuer-expert-300\/","name":"Hudora 1 Tornetz mit Durchzugsleine f\u00fcr Expert 300 | Jetzt kaufen | Schweizversand.ch","isPartOf":{"@id":"https:\/\/schweizversand.ch\/fr\/#website"},"primaryImageOfPage":{"@id":"https:\/\/schweizversand.ch\/fr\/produkt\/hudora-1-tornetz-mit-durchzugsleine-fuer-expert-300\/#primaryimage"},"image":{"@id":"https:\/\/schweizversand.ch\/fr\/produkt\/hudora-1-tornetz-mit-durchzugsleine-fuer-expert-300\/#primaryimage"},"thumbnailUrl":"https:\/\/schweizversand.ch\/wp-content\/uploads\/2026\/02\/5471538628.png","datePublished":"2026-03-14T23:54:30+00:00","dateModified":"2026-04-20T13:34:02+00:00","description":"Hudora 1 Tornetz mit Durchzugsleine f\u00fcr Expert 300 g\u00fcnstig kaufen bei Schweizversand.ch. Schnelle Lieferung in der Schweiz. Gratisversand ab CHF 50.","breadcrumb":{"@id":"https:\/\/schweizversand.ch\/fr\/produkt\/hudora-1-tornetz-mit-durchzugsleine-fuer-expert-300\/#breadcrumb"},"inLanguage":"fr-FR","potentialAction":[{"@type":"ReadAction","target":["https:\/\/schweizversand.ch\/fr\/produkt\/hudora-1-tornetz-mit-durchzugsleine-fuer-expert-300\/"]}]},{"@type":"ImageObject","inLanguage":"fr-FR","@id":"https:\/\/schweizversand.ch\/fr\/produkt\/hudora-1-tornetz-mit-durchzugsleine-fuer-expert-300\/#primaryimage","url":"https:\/\/schweizversand.ch\/wp-content\/uploads\/2026\/02\/5471538628.png","contentUrl":"https:\/\/schweizversand.ch\/wp-content\/uploads\/2026\/02\/5471538628.png","width":1024,"height":731},{"@type":"BreadcrumbList","@id":"https:\/\/schweizversand.ch\/fr\/produkt\/hudora-1-tornetz-mit-durchzugsleine-fuer-expert-300\/#breadcrumb","itemListElement":[{"@type":"ListItem","position":1,"name":"Startseite","item":"https:\/\/schweizversand.ch\/fr\/home\/"},{"@type":"ListItem","position":2,"name":"Boutique","item":"https:\/\/schweizversand.ch\/fr\/boutique\/"},{"@type":"ListItem","position":3,"name":"Pi\u00e8ces d\u00e9tach\u00e9es","item":"https:\/\/schweizversand.ch\/fr\/produkt-kategorie\/pieces-detachees\/"},{"@type":"ListItem","position":4,"name":"Hudora","item":"https:\/\/schweizversand.ch\/fr\/produkt-kategorie\/pieces-detachees\/hudora\/"},{"@type":"ListItem","position":5,"name":"Buts de football","item":"https:\/\/schweizversand.ch\/fr\/produkt-kategorie\/pieces-detachees\/hudora\/buts-de-football\/"},{"@type":"ListItem","position":6,"name":"Filet de but Hudora 1 avec cordon de serrage pour Expert 300"}]},{"@type":"WebSite","@id":"https:\/\/schweizversand.ch\/fr\/#website","url":"https:\/\/schweizversand.ch\/fr\/","name":"Schweizer Shop f\u00fcr Sport, Spiel und Freizeit","description":"Gratisversand ab 50.- (netto), ab eigenem schweizer Lager, Lieferung innert 48h","publisher":{"@id":"https:\/\/schweizversand.ch\/fr\/#organization"},"alternateName":"Schweizversand.ch","potentialAction":[{"@type":"SearchAction","target":{"@type":"EntryPoint","urlTemplate":"https:\/\/schweizversand.ch\/fr\/?s={search_term_string}"},"query-input":{"@type":"PropertyValueSpecification","valueRequired":true,"valueName":"search_term_string"}}],"inLanguage":"fr-FR"},{"@type":"Organization","@id":"https:\/\/schweizversand.ch\/fr\/#organization","name":"Schweizversand.ch","url":"https:\/\/schweizversand.ch\/fr\/","logo":{"@type":"ImageObject","inLanguage":"fr-FR","@id":"https:\/\/schweizversand.ch\/fr\/#\/schema\/logo\/image\/","url":"https:\/\/schweizversand.ch\/wp-content\/uploads\/2026\/03\/Logo_Rund_Final-1.png","contentUrl":"https:\/\/schweizversand.ch\/wp-content\/uploads\/2026\/03\/Logo_Rund_Final-1.png","width":404,"height":404,"caption":"Schweizversand.ch"},"image":{"@id":"https:\/\/schweizversand.ch\/fr\/#\/schema\/logo\/image\/"},"sameAs":["https:\/\/www.facebook.com\/Schweizversand","https:\/\/www.instagram.com\/schweizversand.ch\/"]}]}},"jetpack_sharing_enabled":true,"_links":{"self":[{"href":"https:\/\/schweizversand.ch\/fr\/wp-json\/wp\/v2\/product\/254817","targetHints":{"allow":["GET"]}}],"collection":[{"href":"https:\/\/schweizversand.ch\/fr\/wp-json\/wp\/v2\/product"}],"about":[{"href":"https:\/\/schweizversand.ch\/fr\/wp-json\/wp\/v2\/types\/product"}],"replies":[{"embeddable":true,"href":"https:\/\/schweizversand.ch\/fr\/wp-json\/wp\/v2\/comments?post=254817"}],"wp:featuredmedia":[{"embeddable":true,"href":"https:\/\/schweizversand.ch\/fr\/wp-json\/wp\/v2\/media\/159001"}],"wp:attachment":[{"href":"https:\/\/schweizversand.ch\/fr\/wp-json\/wp\/v2\/media?parent=254817"}],"wp:term":[{"taxonomy":"product_brand","embeddable":true,"href":"https:\/\/schweizversand.ch\/fr\/wp-json\/wp\/v2\/product_brand?post=254817"},{"taxonomy":"product_cat","embeddable":true,"href":"https:\/\/schweizversand.ch\/fr\/wp-json\/wp\/v2\/product_cat?post=254817"},{"taxonomy":"product_tag","embeddable":true,"href":"https:\/\/schweizversand.ch\/fr\/wp-json\/wp\/v2\/product_tag?post=254817"}],"curies":[{"name":"wp","href":"https:\/\/api.w.org\/{rel}","templated":true}]}}