{"id":254931,"date":"2026-03-15T00:54:43","date_gmt":"2026-03-14T23:54:43","guid":{"rendered":"https:\/\/schweizversand.ch\/produkt\/hudora-1-verstrebung-nr-4-fuer-basketballstaender-pro-xxl\/"},"modified":"2026-04-19T02:03:44","modified_gmt":"2026-04-19T00:03:44","slug":"hudora-1-verstrebung-nr-4-fuer-basketballstaender-pro-xxl","status":"publish","type":"product","link":"https:\/\/schweizversand.ch\/fr\/produkt\/hudora-1-verstrebung-nr-4-fuer-basketballstaender-pro-xxl\/","title":{"rendered":"Support Hudora 1 n\u00b0 4 pour panier de basket Pro XXL"},"content":{"rendered":"<p>Un support sup\u00e9rieur gauche pour panier de basket PRO XXL<\/p>\n<p>D\u00e9tails\u00a0:<\/p>\n<p>&#8211; Longueur\u00a0: env. 66\u00a0cm<\/p>\n<p>&#8211; Diam\u00e8tre\u00a0: 1,9\u00a0cm<\/p>\n<p>Pi\u00e8ce de rechange n\u00b0\u00a04 selon la notice de montage<\/p>\n<p>Pi\u00e8ce de rechange pour\u00a0: 71661<\/p>\n","protected":false},"excerpt":{"rendered":"<p>Un support sup\u00e9rieur gauche pour panier de basket PRO XXL D\u00e9tails\u00a0: &#8211; Longueur\u00a0: env. 66\u00a0cm &#8211; Diam\u00e8tre\u00a0: 1,9\u00a0cm Pi\u00e8ce de rechange n\u00b0\u00a04 selon la notice de montage Pi\u00e8ce de rechange pour\u00a0: 71661<\/p>\n","protected":false},"featured_media":159177,"comment_status":"open","ping_status":"closed","template":"","meta":[],"product_brand":[],"product_cat":[38853],"product_tag":[],"class_list":{"0":"post-254931","1":"product","2":"type-product","3":"status-publish","4":"has-post-thumbnail","6":"product_cat-basketballstaender","7":"product_shipping_class-global_methods","9":"first","10":"instock","11":"taxable","12":"shipping-taxable","13":"purchasable","14":"product-type-simple"},"yoast_head":"<!-- This site is optimized with the Yoast SEO plugin v27.4 - https:\/\/yoast.com\/product\/yoast-seo-wordpress\/ -->\n<title>Hudora 1 Verstrebung Nr. 4 f\u00fcr Basketballst\u00e4nder Pro XXL | Jetzt kaufen | Schweizversand.ch<\/title>\n<meta name=\"description\" content=\"Hudora 1 Verstrebung Nr. 4 f\u00fcr Basketballst\u00e4nder Pro XXL g\u00fcnstig kaufen bei Schweizversand.ch. Schnelle Lieferung in der Schweiz. Gratisversand ab CHF 50.\" \/>\n<meta name=\"robots\" content=\"index, follow, max-snippet:-1, max-image-preview:large, max-video-preview:-1\" \/>\n<link rel=\"canonical\" href=\"https:\/\/schweizversand.ch\/fr\/produkt\/hudora-1-verstrebung-nr-4-fuer-basketballstaender-pro-xxl\/\" \/>\n<meta property=\"og:locale\" content=\"fr_FR\" \/>\n<meta property=\"og:type\" content=\"article\" \/>\n<meta property=\"og:title\" content=\"Hudora 1 Verstrebung Nr. 4 f\u00fcr Basketballst\u00e4nder Pro XXL | Jetzt kaufen | Schweizversand.ch\" \/>\n<meta property=\"og:description\" content=\"Hudora 1 Verstrebung Nr. 4 f\u00fcr Basketballst\u00e4nder Pro XXL g\u00fcnstig kaufen bei Schweizversand.ch. Schnelle Lieferung in der Schweiz. Gratisversand ab CHF 50.\" \/>\n<meta property=\"og:url\" content=\"https:\/\/schweizversand.ch\/fr\/produkt\/hudora-1-verstrebung-nr-4-fuer-basketballstaender-pro-xxl\/\" \/>\n<meta property=\"og:site_name\" content=\"Schweizer Shop f\u00fcr Sport, Spiel und Freizeit\" \/>\n<meta property=\"article:publisher\" content=\"https:\/\/www.facebook.com\/Schweizversand\" \/>\n<meta property=\"article:modified_time\" content=\"2026-04-19T00:03:44+00:00\" \/>\n<meta name=\"twitter:card\" content=\"summary_large_image\" \/>\n<script type=\"application\/ld+json\" class=\"yoast-schema-graph\">{\"@context\":\"https:\\\/\\\/schema.org\",\"@graph\":[{\"@type\":\"WebPage\",\"@id\":\"https:\\\/\\\/schweizversand.ch\\\/fr\\\/produkt\\\/hudora-1-verstrebung-nr-4-fuer-basketballstaender-pro-xxl\\\/\",\"url\":\"https:\\\/\\\/schweizversand.ch\\\/fr\\\/produkt\\\/hudora-1-verstrebung-nr-4-fuer-basketballstaender-pro-xxl\\\/\",\"name\":\"Hudora 1 Verstrebung Nr. 4 f\u00fcr Basketballst\u00e4nder Pro XXL | Jetzt kaufen | Schweizversand.ch\",\"isPartOf\":{\"@id\":\"https:\\\/\\\/schweizversand.ch\\\/fr\\\/#website\"},\"primaryImageOfPage\":{\"@id\":\"https:\\\/\\\/schweizversand.ch\\\/fr\\\/produkt\\\/hudora-1-verstrebung-nr-4-fuer-basketballstaender-pro-xxl\\\/#primaryimage\"},\"image\":{\"@id\":\"https:\\\/\\\/schweizversand.ch\\\/fr\\\/produkt\\\/hudora-1-verstrebung-nr-4-fuer-basketballstaender-pro-xxl\\\/#primaryimage\"},\"thumbnailUrl\":\"https:\\\/\\\/schweizversand.ch\\\/wp-content\\\/uploads\\\/2026\\\/02\\\/5471483625.jpg\",\"datePublished\":\"2026-03-14T23:54:43+00:00\",\"dateModified\":\"2026-04-19T00:03:44+00:00\",\"description\":\"Hudora 1 Verstrebung Nr. 4 f\u00fcr Basketballst\u00e4nder Pro XXL g\u00fcnstig kaufen bei Schweizversand.ch. Schnelle Lieferung in der Schweiz. Gratisversand ab CHF 50.\",\"breadcrumb\":{\"@id\":\"https:\\\/\\\/schweizversand.ch\\\/fr\\\/produkt\\\/hudora-1-verstrebung-nr-4-fuer-basketballstaender-pro-xxl\\\/#breadcrumb\"},\"inLanguage\":\"fr-FR\",\"potentialAction\":[{\"@type\":\"ReadAction\",\"target\":[\"https:\\\/\\\/schweizversand.ch\\\/fr\\\/produkt\\\/hudora-1-verstrebung-nr-4-fuer-basketballstaender-pro-xxl\\\/\"]}]},{\"@type\":\"ImageObject\",\"inLanguage\":\"fr-FR\",\"@id\":\"https:\\\/\\\/schweizversand.ch\\\/fr\\\/produkt\\\/hudora-1-verstrebung-nr-4-fuer-basketballstaender-pro-xxl\\\/#primaryimage\",\"url\":\"https:\\\/\\\/schweizversand.ch\\\/wp-content\\\/uploads\\\/2026\\\/02\\\/5471483625.jpg\",\"contentUrl\":\"https:\\\/\\\/schweizversand.ch\\\/wp-content\\\/uploads\\\/2026\\\/02\\\/5471483625.jpg\",\"width\":1024,\"height\":768},{\"@type\":\"BreadcrumbList\",\"@id\":\"https:\\\/\\\/schweizversand.ch\\\/fr\\\/produkt\\\/hudora-1-verstrebung-nr-4-fuer-basketballstaender-pro-xxl\\\/#breadcrumb\",\"itemListElement\":[{\"@type\":\"ListItem\",\"position\":1,\"name\":\"Startseite\",\"item\":\"https:\\\/\\\/schweizversand.ch\\\/fr\\\/home\\\/\"},{\"@type\":\"ListItem\",\"position\":2,\"name\":\"Boutique\",\"item\":\"https:\\\/\\\/schweizversand.ch\\\/fr\\\/boutique\\\/\"},{\"@type\":\"ListItem\",\"position\":3,\"name\":\"Pi\u00e8ces d\u00e9tach\u00e9es\",\"item\":\"https:\\\/\\\/schweizversand.ch\\\/fr\\\/produkt-kategorie\\\/pieces-detachees\\\/\"},{\"@type\":\"ListItem\",\"position\":4,\"name\":\"Hudora\",\"item\":\"https:\\\/\\\/schweizversand.ch\\\/fr\\\/produkt-kategorie\\\/pieces-detachees\\\/hudora\\\/\"},{\"@type\":\"ListItem\",\"position\":5,\"name\":\"Support de basket\",\"item\":\"https:\\\/\\\/schweizversand.ch\\\/fr\\\/produkt-kategorie\\\/pieces-detachees\\\/hudora\\\/basketballstaender\\\/\"},{\"@type\":\"ListItem\",\"position\":6,\"name\":\"Support Hudora 1 n\u00b0 4 pour panier de basket Pro XXL\"}]},{\"@type\":\"WebSite\",\"@id\":\"https:\\\/\\\/schweizversand.ch\\\/fr\\\/#website\",\"url\":\"https:\\\/\\\/schweizversand.ch\\\/fr\\\/\",\"name\":\"Schweizer Shop f\u00fcr Sport, Spiel und Freizeit\",\"description\":\"Gratisversand ab 50.- (netto), ab eigenem schweizer Lager, Lieferung innert 48h\",\"publisher\":{\"@id\":\"https:\\\/\\\/schweizversand.ch\\\/fr\\\/#organization\"},\"alternateName\":\"Schweizversand.ch\",\"potentialAction\":[{\"@type\":\"SearchAction\",\"target\":{\"@type\":\"EntryPoint\",\"urlTemplate\":\"https:\\\/\\\/schweizversand.ch\\\/fr\\\/?s={search_term_string}\"},\"query-input\":{\"@type\":\"PropertyValueSpecification\",\"valueRequired\":true,\"valueName\":\"search_term_string\"}}],\"inLanguage\":\"fr-FR\"},{\"@type\":\"Organization\",\"@id\":\"https:\\\/\\\/schweizversand.ch\\\/fr\\\/#organization\",\"name\":\"Schweizversand.ch\",\"url\":\"https:\\\/\\\/schweizversand.ch\\\/fr\\\/\",\"logo\":{\"@type\":\"ImageObject\",\"inLanguage\":\"fr-FR\",\"@id\":\"https:\\\/\\\/schweizversand.ch\\\/fr\\\/#\\\/schema\\\/logo\\\/image\\\/\",\"url\":\"https:\\\/\\\/schweizversand.ch\\\/wp-content\\\/uploads\\\/2026\\\/03\\\/Logo_Rund_Final-1.png\",\"contentUrl\":\"https:\\\/\\\/schweizversand.ch\\\/wp-content\\\/uploads\\\/2026\\\/03\\\/Logo_Rund_Final-1.png\",\"width\":404,\"height\":404,\"caption\":\"Schweizversand.ch\"},\"image\":{\"@id\":\"https:\\\/\\\/schweizversand.ch\\\/fr\\\/#\\\/schema\\\/logo\\\/image\\\/\"},\"sameAs\":[\"https:\\\/\\\/www.facebook.com\\\/Schweizversand\",\"https:\\\/\\\/www.instagram.com\\\/schweizversand.ch\\\/\"]}]}<\/script>\n<!-- \/ Yoast SEO plugin. -->","yoast_head_json":{"title":"Hudora 1 Verstrebung Nr. 4 f\u00fcr Basketballst\u00e4nder Pro XXL | Jetzt kaufen | Schweizversand.ch","description":"Hudora 1 Verstrebung Nr. 4 f\u00fcr Basketballst\u00e4nder Pro XXL g\u00fcnstig kaufen bei Schweizversand.ch. Schnelle Lieferung in der Schweiz. Gratisversand ab CHF 50.","robots":{"index":"index","follow":"follow","max-snippet":"max-snippet:-1","max-image-preview":"max-image-preview:large","max-video-preview":"max-video-preview:-1"},"canonical":"https:\/\/schweizversand.ch\/fr\/produkt\/hudora-1-verstrebung-nr-4-fuer-basketballstaender-pro-xxl\/","og_locale":"fr_FR","og_type":"article","og_title":"Hudora 1 Verstrebung Nr. 4 f\u00fcr Basketballst\u00e4nder Pro XXL | Jetzt kaufen | Schweizversand.ch","og_description":"Hudora 1 Verstrebung Nr. 4 f\u00fcr Basketballst\u00e4nder Pro XXL g\u00fcnstig kaufen bei Schweizversand.ch. Schnelle Lieferung in der Schweiz. Gratisversand ab CHF 50.","og_url":"https:\/\/schweizversand.ch\/fr\/produkt\/hudora-1-verstrebung-nr-4-fuer-basketballstaender-pro-xxl\/","og_site_name":"Schweizer Shop f\u00fcr Sport, Spiel und Freizeit","article_publisher":"https:\/\/www.facebook.com\/Schweizversand","article_modified_time":"2026-04-19T00:03:44+00:00","twitter_card":"summary_large_image","schema":{"@context":"https:\/\/schema.org","@graph":[{"@type":"WebPage","@id":"https:\/\/schweizversand.ch\/fr\/produkt\/hudora-1-verstrebung-nr-4-fuer-basketballstaender-pro-xxl\/","url":"https:\/\/schweizversand.ch\/fr\/produkt\/hudora-1-verstrebung-nr-4-fuer-basketballstaender-pro-xxl\/","name":"Hudora 1 Verstrebung Nr. 4 f\u00fcr Basketballst\u00e4nder Pro XXL | Jetzt kaufen | Schweizversand.ch","isPartOf":{"@id":"https:\/\/schweizversand.ch\/fr\/#website"},"primaryImageOfPage":{"@id":"https:\/\/schweizversand.ch\/fr\/produkt\/hudora-1-verstrebung-nr-4-fuer-basketballstaender-pro-xxl\/#primaryimage"},"image":{"@id":"https:\/\/schweizversand.ch\/fr\/produkt\/hudora-1-verstrebung-nr-4-fuer-basketballstaender-pro-xxl\/#primaryimage"},"thumbnailUrl":"https:\/\/schweizversand.ch\/wp-content\/uploads\/2026\/02\/5471483625.jpg","datePublished":"2026-03-14T23:54:43+00:00","dateModified":"2026-04-19T00:03:44+00:00","description":"Hudora 1 Verstrebung Nr. 4 f\u00fcr Basketballst\u00e4nder Pro XXL g\u00fcnstig kaufen bei Schweizversand.ch. Schnelle Lieferung in der Schweiz. Gratisversand ab CHF 50.","breadcrumb":{"@id":"https:\/\/schweizversand.ch\/fr\/produkt\/hudora-1-verstrebung-nr-4-fuer-basketballstaender-pro-xxl\/#breadcrumb"},"inLanguage":"fr-FR","potentialAction":[{"@type":"ReadAction","target":["https:\/\/schweizversand.ch\/fr\/produkt\/hudora-1-verstrebung-nr-4-fuer-basketballstaender-pro-xxl\/"]}]},{"@type":"ImageObject","inLanguage":"fr-FR","@id":"https:\/\/schweizversand.ch\/fr\/produkt\/hudora-1-verstrebung-nr-4-fuer-basketballstaender-pro-xxl\/#primaryimage","url":"https:\/\/schweizversand.ch\/wp-content\/uploads\/2026\/02\/5471483625.jpg","contentUrl":"https:\/\/schweizversand.ch\/wp-content\/uploads\/2026\/02\/5471483625.jpg","width":1024,"height":768},{"@type":"BreadcrumbList","@id":"https:\/\/schweizversand.ch\/fr\/produkt\/hudora-1-verstrebung-nr-4-fuer-basketballstaender-pro-xxl\/#breadcrumb","itemListElement":[{"@type":"ListItem","position":1,"name":"Startseite","item":"https:\/\/schweizversand.ch\/fr\/home\/"},{"@type":"ListItem","position":2,"name":"Boutique","item":"https:\/\/schweizversand.ch\/fr\/boutique\/"},{"@type":"ListItem","position":3,"name":"Pi\u00e8ces d\u00e9tach\u00e9es","item":"https:\/\/schweizversand.ch\/fr\/produkt-kategorie\/pieces-detachees\/"},{"@type":"ListItem","position":4,"name":"Hudora","item":"https:\/\/schweizversand.ch\/fr\/produkt-kategorie\/pieces-detachees\/hudora\/"},{"@type":"ListItem","position":5,"name":"Support de basket","item":"https:\/\/schweizversand.ch\/fr\/produkt-kategorie\/pieces-detachees\/hudora\/basketballstaender\/"},{"@type":"ListItem","position":6,"name":"Support Hudora 1 n\u00b0 4 pour panier de basket Pro XXL"}]},{"@type":"WebSite","@id":"https:\/\/schweizversand.ch\/fr\/#website","url":"https:\/\/schweizversand.ch\/fr\/","name":"Schweizer Shop f\u00fcr Sport, Spiel und Freizeit","description":"Gratisversand ab 50.- (netto), ab eigenem schweizer Lager, Lieferung innert 48h","publisher":{"@id":"https:\/\/schweizversand.ch\/fr\/#organization"},"alternateName":"Schweizversand.ch","potentialAction":[{"@type":"SearchAction","target":{"@type":"EntryPoint","urlTemplate":"https:\/\/schweizversand.ch\/fr\/?s={search_term_string}"},"query-input":{"@type":"PropertyValueSpecification","valueRequired":true,"valueName":"search_term_string"}}],"inLanguage":"fr-FR"},{"@type":"Organization","@id":"https:\/\/schweizversand.ch\/fr\/#organization","name":"Schweizversand.ch","url":"https:\/\/schweizversand.ch\/fr\/","logo":{"@type":"ImageObject","inLanguage":"fr-FR","@id":"https:\/\/schweizversand.ch\/fr\/#\/schema\/logo\/image\/","url":"https:\/\/schweizversand.ch\/wp-content\/uploads\/2026\/03\/Logo_Rund_Final-1.png","contentUrl":"https:\/\/schweizversand.ch\/wp-content\/uploads\/2026\/03\/Logo_Rund_Final-1.png","width":404,"height":404,"caption":"Schweizversand.ch"},"image":{"@id":"https:\/\/schweizversand.ch\/fr\/#\/schema\/logo\/image\/"},"sameAs":["https:\/\/www.facebook.com\/Schweizversand","https:\/\/www.instagram.com\/schweizversand.ch\/"]}]}},"jetpack_sharing_enabled":true,"_links":{"self":[{"href":"https:\/\/schweizversand.ch\/fr\/wp-json\/wp\/v2\/product\/254931","targetHints":{"allow":["GET"]}}],"collection":[{"href":"https:\/\/schweizversand.ch\/fr\/wp-json\/wp\/v2\/product"}],"about":[{"href":"https:\/\/schweizversand.ch\/fr\/wp-json\/wp\/v2\/types\/product"}],"replies":[{"embeddable":true,"href":"https:\/\/schweizversand.ch\/fr\/wp-json\/wp\/v2\/comments?post=254931"}],"wp:featuredmedia":[{"embeddable":true,"href":"https:\/\/schweizversand.ch\/fr\/wp-json\/wp\/v2\/media\/159177"}],"wp:attachment":[{"href":"https:\/\/schweizversand.ch\/fr\/wp-json\/wp\/v2\/media?parent=254931"}],"wp:term":[{"taxonomy":"product_brand","embeddable":true,"href":"https:\/\/schweizversand.ch\/fr\/wp-json\/wp\/v2\/product_brand?post=254931"},{"taxonomy":"product_cat","embeddable":true,"href":"https:\/\/schweizversand.ch\/fr\/wp-json\/wp\/v2\/product_cat?post=254931"},{"taxonomy":"product_tag","embeddable":true,"href":"https:\/\/schweizversand.ch\/fr\/wp-json\/wp\/v2\/product_tag?post=254931"}],"curies":[{"name":"wp","href":"https:\/\/api.w.org\/{rel}","templated":true}]}}