{"id":254951,"date":"2026-03-15T00:54:45","date_gmt":"2026-03-14T23:54:45","guid":{"rendered":"https:\/\/schweizversand.ch\/produkt\/hudora-1-ersatzachse-inkl-arretierung-fuer-hudora-ueberlaender-wb\/"},"modified":"2026-04-19T15:35:00","modified_gmt":"2026-04-19T13:35:00","slug":"hudora-1-ersatzachse-inkl-arretierung-fuer-hudora-ueberlaender-wb","status":"publish","type":"product","link":"https:\/\/schweizversand.ch\/fr\/produkt\/hudora-1-ersatzachse-inkl-arretierung-fuer-hudora-ueberlaender-wb\/","title":{"rendered":"Essieu de remplacement Hudora 1 avec m\u00e9canisme de verrouillage pour HUDORA cross-country (WB)"},"content":{"rendered":"<p>Essieu de remplacement avec bouton de verrouillage pour HUDORA \u00dcberl\u00e4nder. Cet essieu convient aux roues avant et arri\u00e8re.<\/p>\n<p>Pi\u00e8ce de rechange pour\u00a0: 10321, 10321\/01, 10322, 10325<\/p>\n<p>ATTENTION\u00a0: Compatible uniquement avec les mod\u00e8les \u00dcberl\u00e4nder livr\u00e9s jusqu\u2019en avril\u00a02017. La date de livraison est indiqu\u00e9e par le num\u00e9ro de lot, sur une \u00e9tiquette appos\u00e9e sur le cadre. Les quatre derniers chiffres correspondent \u00e0 la date de livraison (ann\u00e9e\/semaine calendaire). Cet essieu est donc compatible avec tous les mod\u00e8les \u00dcberl\u00e4nder livr\u00e9s jusqu\u2019\u00e0 la semaine\u00a017 (-17\/17).<\/p>\n","protected":false},"excerpt":{"rendered":"<p>Essieu de remplacement avec bouton de verrouillage pour HUDORA \u00dcberl\u00e4nder. Cet essieu convient aux roues avant et arri\u00e8re. Pi\u00e8ce de rechange pour\u00a0: 10321, 10321\/01, 10322, 10325 ATTENTION\u00a0: Compatible uniquement avec les mod\u00e8les \u00dcberl\u00e4nder livr\u00e9s jusqu\u2019en avril\u00a02017. La date de livraison est indiqu\u00e9e par le num\u00e9ro de lot, sur une \u00e9tiquette appos\u00e9e sur le cadre. Les quatre derniers chiffres correspondent \u00e0 la date de livraison (ann\u00e9e\/semaine calendaire). Cet essieu est donc compatible avec tous les mod\u00e8les&hellip;<\/p>\n","protected":false},"featured_media":159199,"comment_status":"open","ping_status":"closed","template":"","meta":[],"product_brand":[],"product_cat":[38528],"product_tag":[],"class_list":{"0":"post-254951","1":"product","2":"type-product","3":"status-publish","4":"has-post-thumbnail","6":"product_cat-diverses","7":"product_shipping_class-global_methods","9":"first","10":"instock","11":"taxable","12":"shipping-taxable","13":"purchasable","14":"product-type-simple"},"yoast_head":"<!-- This site is optimized with the Yoast SEO plugin v27.4 - https:\/\/yoast.com\/product\/yoast-seo-wordpress\/ -->\n<title>Hudora 1 Ersatzachse inkl. Arretierung f\u00fcr HUDORA \u00dcberl\u00e4nder (WB) | Jetzt kaufen | Schweizversand.ch<\/title>\n<meta name=\"description\" content=\"Hudora 1 Ersatzachse inkl. Arretierung f\u00fcr HUDORA \u00dcberl\u00e4nder (WB) g\u00fcnstig kaufen bei Schweizversand.ch. Schnelle Lieferung in der Schweiz. Gratisversand ab CHF 50.\" \/>\n<meta name=\"robots\" content=\"index, follow, max-snippet:-1, max-image-preview:large, max-video-preview:-1\" \/>\n<link rel=\"canonical\" href=\"https:\/\/schweizversand.ch\/fr\/produkt\/hudora-1-ersatzachse-inkl-arretierung-fuer-hudora-ueberlaender-wb\/\" \/>\n<meta property=\"og:locale\" content=\"fr_FR\" \/>\n<meta property=\"og:type\" content=\"article\" \/>\n<meta property=\"og:title\" content=\"Hudora 1 Ersatzachse inkl. Arretierung f\u00fcr HUDORA \u00dcberl\u00e4nder (WB) | Jetzt kaufen | Schweizversand.ch\" \/>\n<meta property=\"og:description\" content=\"Hudora 1 Ersatzachse inkl. Arretierung f\u00fcr HUDORA \u00dcberl\u00e4nder (WB) g\u00fcnstig kaufen bei Schweizversand.ch. Schnelle Lieferung in der Schweiz. Gratisversand ab CHF 50.\" \/>\n<meta property=\"og:url\" content=\"https:\/\/schweizversand.ch\/fr\/produkt\/hudora-1-ersatzachse-inkl-arretierung-fuer-hudora-ueberlaender-wb\/\" \/>\n<meta property=\"og:site_name\" content=\"Schweizer Shop f\u00fcr Sport, Spiel und Freizeit\" \/>\n<meta property=\"article:publisher\" content=\"https:\/\/www.facebook.com\/Schweizversand\" \/>\n<meta property=\"article:modified_time\" content=\"2026-04-19T13:35:00+00:00\" \/>\n<meta name=\"twitter:card\" content=\"summary_large_image\" \/>\n<script type=\"application\/ld+json\" class=\"yoast-schema-graph\">{\"@context\":\"https:\\\/\\\/schema.org\",\"@graph\":[{\"@type\":\"WebPage\",\"@id\":\"https:\\\/\\\/schweizversand.ch\\\/fr\\\/produkt\\\/hudora-1-ersatzachse-inkl-arretierung-fuer-hudora-ueberlaender-wb\\\/\",\"url\":\"https:\\\/\\\/schweizversand.ch\\\/fr\\\/produkt\\\/hudora-1-ersatzachse-inkl-arretierung-fuer-hudora-ueberlaender-wb\\\/\",\"name\":\"Hudora 1 Ersatzachse inkl. Arretierung f\u00fcr HUDORA \u00dcberl\u00e4nder (WB) | Jetzt kaufen | Schweizversand.ch\",\"isPartOf\":{\"@id\":\"https:\\\/\\\/schweizversand.ch\\\/fr\\\/#website\"},\"primaryImageOfPage\":{\"@id\":\"https:\\\/\\\/schweizversand.ch\\\/fr\\\/produkt\\\/hudora-1-ersatzachse-inkl-arretierung-fuer-hudora-ueberlaender-wb\\\/#primaryimage\"},\"image\":{\"@id\":\"https:\\\/\\\/schweizversand.ch\\\/fr\\\/produkt\\\/hudora-1-ersatzachse-inkl-arretierung-fuer-hudora-ueberlaender-wb\\\/#primaryimage\"},\"thumbnailUrl\":\"https:\\\/\\\/schweizversand.ch\\\/wp-content\\\/uploads\\\/2026\\\/02\\\/5471482362.jpg\",\"datePublished\":\"2026-03-14T23:54:45+00:00\",\"dateModified\":\"2026-04-19T13:35:00+00:00\",\"description\":\"Hudora 1 Ersatzachse inkl. Arretierung f\u00fcr HUDORA \u00dcberl\u00e4nder (WB) g\u00fcnstig kaufen bei Schweizversand.ch. Schnelle Lieferung in der Schweiz. Gratisversand ab CHF 50.\",\"breadcrumb\":{\"@id\":\"https:\\\/\\\/schweizversand.ch\\\/fr\\\/produkt\\\/hudora-1-ersatzachse-inkl-arretierung-fuer-hudora-ueberlaender-wb\\\/#breadcrumb\"},\"inLanguage\":\"fr-FR\",\"potentialAction\":[{\"@type\":\"ReadAction\",\"target\":[\"https:\\\/\\\/schweizversand.ch\\\/fr\\\/produkt\\\/hudora-1-ersatzachse-inkl-arretierung-fuer-hudora-ueberlaender-wb\\\/\"]}]},{\"@type\":\"ImageObject\",\"inLanguage\":\"fr-FR\",\"@id\":\"https:\\\/\\\/schweizversand.ch\\\/fr\\\/produkt\\\/hudora-1-ersatzachse-inkl-arretierung-fuer-hudora-ueberlaender-wb\\\/#primaryimage\",\"url\":\"https:\\\/\\\/schweizversand.ch\\\/wp-content\\\/uploads\\\/2026\\\/02\\\/5471482362.jpg\",\"contentUrl\":\"https:\\\/\\\/schweizversand.ch\\\/wp-content\\\/uploads\\\/2026\\\/02\\\/5471482362.jpg\",\"width\":1024,\"height\":829},{\"@type\":\"BreadcrumbList\",\"@id\":\"https:\\\/\\\/schweizversand.ch\\\/fr\\\/produkt\\\/hudora-1-ersatzachse-inkl-arretierung-fuer-hudora-ueberlaender-wb\\\/#breadcrumb\",\"itemListElement\":[{\"@type\":\"ListItem\",\"position\":1,\"name\":\"Startseite\",\"item\":\"https:\\\/\\\/schweizversand.ch\\\/fr\\\/home\\\/\"},{\"@type\":\"ListItem\",\"position\":2,\"name\":\"Boutique\",\"item\":\"https:\\\/\\\/schweizversand.ch\\\/fr\\\/boutique\\\/\"},{\"@type\":\"ListItem\",\"position\":3,\"name\":\"Pi\u00e8ces d\u00e9tach\u00e9es\",\"item\":\"https:\\\/\\\/schweizversand.ch\\\/fr\\\/produkt-kategorie\\\/pieces-detachees\\\/\"},{\"@type\":\"ListItem\",\"position\":4,\"name\":\"Hudora\",\"item\":\"https:\\\/\\\/schweizversand.ch\\\/fr\\\/produkt-kategorie\\\/pieces-detachees\\\/hudora\\\/\"},{\"@type\":\"ListItem\",\"position\":5,\"name\":\"Divers\",\"item\":\"https:\\\/\\\/schweizversand.ch\\\/fr\\\/produkt-kategorie\\\/pieces-detachees\\\/hudora\\\/diverses\\\/\"},{\"@type\":\"ListItem\",\"position\":6,\"name\":\"Essieu de remplacement Hudora 1 avec m\u00e9canisme de verrouillage pour HUDORA cross-country (WB)\"}]},{\"@type\":\"WebSite\",\"@id\":\"https:\\\/\\\/schweizversand.ch\\\/fr\\\/#website\",\"url\":\"https:\\\/\\\/schweizversand.ch\\\/fr\\\/\",\"name\":\"Schweizer Shop f\u00fcr Sport, Spiel und Freizeit\",\"description\":\"Gratisversand ab 50.- (netto), ab eigenem schweizer Lager, Lieferung innert 48h\",\"publisher\":{\"@id\":\"https:\\\/\\\/schweizversand.ch\\\/fr\\\/#organization\"},\"alternateName\":\"Schweizversand.ch\",\"potentialAction\":[{\"@type\":\"SearchAction\",\"target\":{\"@type\":\"EntryPoint\",\"urlTemplate\":\"https:\\\/\\\/schweizversand.ch\\\/fr\\\/?s={search_term_string}\"},\"query-input\":{\"@type\":\"PropertyValueSpecification\",\"valueRequired\":true,\"valueName\":\"search_term_string\"}}],\"inLanguage\":\"fr-FR\"},{\"@type\":\"Organization\",\"@id\":\"https:\\\/\\\/schweizversand.ch\\\/fr\\\/#organization\",\"name\":\"Schweizversand.ch\",\"url\":\"https:\\\/\\\/schweizversand.ch\\\/fr\\\/\",\"logo\":{\"@type\":\"ImageObject\",\"inLanguage\":\"fr-FR\",\"@id\":\"https:\\\/\\\/schweizversand.ch\\\/fr\\\/#\\\/schema\\\/logo\\\/image\\\/\",\"url\":\"https:\\\/\\\/schweizversand.ch\\\/wp-content\\\/uploads\\\/2026\\\/03\\\/Logo_Rund_Final-1.png\",\"contentUrl\":\"https:\\\/\\\/schweizversand.ch\\\/wp-content\\\/uploads\\\/2026\\\/03\\\/Logo_Rund_Final-1.png\",\"width\":404,\"height\":404,\"caption\":\"Schweizversand.ch\"},\"image\":{\"@id\":\"https:\\\/\\\/schweizversand.ch\\\/fr\\\/#\\\/schema\\\/logo\\\/image\\\/\"},\"sameAs\":[\"https:\\\/\\\/www.facebook.com\\\/Schweizversand\",\"https:\\\/\\\/www.instagram.com\\\/schweizversand.ch\\\/\"]}]}<\/script>\n<!-- \/ Yoast SEO plugin. -->","yoast_head_json":{"title":"Hudora 1 Ersatzachse inkl. Arretierung f\u00fcr HUDORA \u00dcberl\u00e4nder (WB) | Jetzt kaufen | Schweizversand.ch","description":"Hudora 1 Ersatzachse inkl. Arretierung f\u00fcr HUDORA \u00dcberl\u00e4nder (WB) g\u00fcnstig kaufen bei Schweizversand.ch. Schnelle Lieferung in der Schweiz. Gratisversand ab CHF 50.","robots":{"index":"index","follow":"follow","max-snippet":"max-snippet:-1","max-image-preview":"max-image-preview:large","max-video-preview":"max-video-preview:-1"},"canonical":"https:\/\/schweizversand.ch\/fr\/produkt\/hudora-1-ersatzachse-inkl-arretierung-fuer-hudora-ueberlaender-wb\/","og_locale":"fr_FR","og_type":"article","og_title":"Hudora 1 Ersatzachse inkl. Arretierung f\u00fcr HUDORA \u00dcberl\u00e4nder (WB) | Jetzt kaufen | Schweizversand.ch","og_description":"Hudora 1 Ersatzachse inkl. Arretierung f\u00fcr HUDORA \u00dcberl\u00e4nder (WB) g\u00fcnstig kaufen bei Schweizversand.ch. Schnelle Lieferung in der Schweiz. Gratisversand ab CHF 50.","og_url":"https:\/\/schweizversand.ch\/fr\/produkt\/hudora-1-ersatzachse-inkl-arretierung-fuer-hudora-ueberlaender-wb\/","og_site_name":"Schweizer Shop f\u00fcr Sport, Spiel und Freizeit","article_publisher":"https:\/\/www.facebook.com\/Schweizversand","article_modified_time":"2026-04-19T13:35:00+00:00","twitter_card":"summary_large_image","schema":{"@context":"https:\/\/schema.org","@graph":[{"@type":"WebPage","@id":"https:\/\/schweizversand.ch\/fr\/produkt\/hudora-1-ersatzachse-inkl-arretierung-fuer-hudora-ueberlaender-wb\/","url":"https:\/\/schweizversand.ch\/fr\/produkt\/hudora-1-ersatzachse-inkl-arretierung-fuer-hudora-ueberlaender-wb\/","name":"Hudora 1 Ersatzachse inkl. Arretierung f\u00fcr HUDORA \u00dcberl\u00e4nder (WB) | Jetzt kaufen | Schweizversand.ch","isPartOf":{"@id":"https:\/\/schweizversand.ch\/fr\/#website"},"primaryImageOfPage":{"@id":"https:\/\/schweizversand.ch\/fr\/produkt\/hudora-1-ersatzachse-inkl-arretierung-fuer-hudora-ueberlaender-wb\/#primaryimage"},"image":{"@id":"https:\/\/schweizversand.ch\/fr\/produkt\/hudora-1-ersatzachse-inkl-arretierung-fuer-hudora-ueberlaender-wb\/#primaryimage"},"thumbnailUrl":"https:\/\/schweizversand.ch\/wp-content\/uploads\/2026\/02\/5471482362.jpg","datePublished":"2026-03-14T23:54:45+00:00","dateModified":"2026-04-19T13:35:00+00:00","description":"Hudora 1 Ersatzachse inkl. Arretierung f\u00fcr HUDORA \u00dcberl\u00e4nder (WB) g\u00fcnstig kaufen bei Schweizversand.ch. Schnelle Lieferung in der Schweiz. Gratisversand ab CHF 50.","breadcrumb":{"@id":"https:\/\/schweizversand.ch\/fr\/produkt\/hudora-1-ersatzachse-inkl-arretierung-fuer-hudora-ueberlaender-wb\/#breadcrumb"},"inLanguage":"fr-FR","potentialAction":[{"@type":"ReadAction","target":["https:\/\/schweizversand.ch\/fr\/produkt\/hudora-1-ersatzachse-inkl-arretierung-fuer-hudora-ueberlaender-wb\/"]}]},{"@type":"ImageObject","inLanguage":"fr-FR","@id":"https:\/\/schweizversand.ch\/fr\/produkt\/hudora-1-ersatzachse-inkl-arretierung-fuer-hudora-ueberlaender-wb\/#primaryimage","url":"https:\/\/schweizversand.ch\/wp-content\/uploads\/2026\/02\/5471482362.jpg","contentUrl":"https:\/\/schweizversand.ch\/wp-content\/uploads\/2026\/02\/5471482362.jpg","width":1024,"height":829},{"@type":"BreadcrumbList","@id":"https:\/\/schweizversand.ch\/fr\/produkt\/hudora-1-ersatzachse-inkl-arretierung-fuer-hudora-ueberlaender-wb\/#breadcrumb","itemListElement":[{"@type":"ListItem","position":1,"name":"Startseite","item":"https:\/\/schweizversand.ch\/fr\/home\/"},{"@type":"ListItem","position":2,"name":"Boutique","item":"https:\/\/schweizversand.ch\/fr\/boutique\/"},{"@type":"ListItem","position":3,"name":"Pi\u00e8ces d\u00e9tach\u00e9es","item":"https:\/\/schweizversand.ch\/fr\/produkt-kategorie\/pieces-detachees\/"},{"@type":"ListItem","position":4,"name":"Hudora","item":"https:\/\/schweizversand.ch\/fr\/produkt-kategorie\/pieces-detachees\/hudora\/"},{"@type":"ListItem","position":5,"name":"Divers","item":"https:\/\/schweizversand.ch\/fr\/produkt-kategorie\/pieces-detachees\/hudora\/diverses\/"},{"@type":"ListItem","position":6,"name":"Essieu de remplacement Hudora 1 avec m\u00e9canisme de verrouillage pour HUDORA cross-country (WB)"}]},{"@type":"WebSite","@id":"https:\/\/schweizversand.ch\/fr\/#website","url":"https:\/\/schweizversand.ch\/fr\/","name":"Schweizer Shop f\u00fcr Sport, Spiel und Freizeit","description":"Gratisversand ab 50.- (netto), ab eigenem schweizer Lager, Lieferung innert 48h","publisher":{"@id":"https:\/\/schweizversand.ch\/fr\/#organization"},"alternateName":"Schweizversand.ch","potentialAction":[{"@type":"SearchAction","target":{"@type":"EntryPoint","urlTemplate":"https:\/\/schweizversand.ch\/fr\/?s={search_term_string}"},"query-input":{"@type":"PropertyValueSpecification","valueRequired":true,"valueName":"search_term_string"}}],"inLanguage":"fr-FR"},{"@type":"Organization","@id":"https:\/\/schweizversand.ch\/fr\/#organization","name":"Schweizversand.ch","url":"https:\/\/schweizversand.ch\/fr\/","logo":{"@type":"ImageObject","inLanguage":"fr-FR","@id":"https:\/\/schweizversand.ch\/fr\/#\/schema\/logo\/image\/","url":"https:\/\/schweizversand.ch\/wp-content\/uploads\/2026\/03\/Logo_Rund_Final-1.png","contentUrl":"https:\/\/schweizversand.ch\/wp-content\/uploads\/2026\/03\/Logo_Rund_Final-1.png","width":404,"height":404,"caption":"Schweizversand.ch"},"image":{"@id":"https:\/\/schweizversand.ch\/fr\/#\/schema\/logo\/image\/"},"sameAs":["https:\/\/www.facebook.com\/Schweizversand","https:\/\/www.instagram.com\/schweizversand.ch\/"]}]}},"jetpack_sharing_enabled":true,"_links":{"self":[{"href":"https:\/\/schweizversand.ch\/fr\/wp-json\/wp\/v2\/product\/254951","targetHints":{"allow":["GET"]}}],"collection":[{"href":"https:\/\/schweizversand.ch\/fr\/wp-json\/wp\/v2\/product"}],"about":[{"href":"https:\/\/schweizversand.ch\/fr\/wp-json\/wp\/v2\/types\/product"}],"replies":[{"embeddable":true,"href":"https:\/\/schweizversand.ch\/fr\/wp-json\/wp\/v2\/comments?post=254951"}],"wp:featuredmedia":[{"embeddable":true,"href":"https:\/\/schweizversand.ch\/fr\/wp-json\/wp\/v2\/media\/159199"}],"wp:attachment":[{"href":"https:\/\/schweizversand.ch\/fr\/wp-json\/wp\/v2\/media?parent=254951"}],"wp:term":[{"taxonomy":"product_brand","embeddable":true,"href":"https:\/\/schweizversand.ch\/fr\/wp-json\/wp\/v2\/product_brand?post=254951"},{"taxonomy":"product_cat","embeddable":true,"href":"https:\/\/schweizversand.ch\/fr\/wp-json\/wp\/v2\/product_cat?post=254951"},{"taxonomy":"product_tag","embeddable":true,"href":"https:\/\/schweizversand.ch\/fr\/wp-json\/wp\/v2\/product_tag?post=254951"}],"curies":[{"name":"wp","href":"https:\/\/api.w.org\/{rel}","templated":true}]}}