{"id":254988,"date":"2026-03-15T00:54:59","date_gmt":"2026-03-14T23:54:59","guid":{"rendered":"https:\/\/schweizversand.ch\/produkt\/hudora-1-griptape-fuer-big-wheel-wb\/"},"modified":"2026-04-20T02:03:29","modified_gmt":"2026-04-20T00:03:29","slug":"hudora-1-griptape-fuer-big-wheel-wb","status":"publish","type":"product","link":"https:\/\/schweizversand.ch\/fr\/produkt\/hudora-1-griptape-fuer-big-wheel-wb\/","title":{"rendered":"Ruban adh\u00e9sif Hudora 1 pour grandes roues (WB)"},"content":{"rendered":"<p>Ruban adh\u00e9sif antid\u00e9rapant pour toutes les trottinettes \u00ab\u00a0HUDORA Big Wheel\u00a0\u00bb.<\/p>\n<p>\nPi\u00e8ce de rechange pour : 14738\/01, 14709\/01, 14708\/01, 14753, 14695\/01, 14748, 14749, 14006, 14615, 14014, 14016, 14618, 14735, 14620, 14890\/02W, 14690\/XP, 14721, 14625, 14620\/01, 14683, D14600, 14707, 14651\/01, 14600\/LH, 14401, 14600\/02, 14860\/01, 14805, 14402 14667, 14765, 14630\/KF, 14640\/01, 14603, 14725\/TR, 14691\/01, 14613\/XP, 14630\/01D, 14700\/XX, 14728, 14892, 14678, 14800\/W, 14895, 14724\/LH, 14890, 14600\/00, 14850, 14871, 14701, 14610\/XX, 14650, 14654, 14865, 14710, 14738, 14700, 14613\/01, BM14600, 14706, 14611, 14614, 14636, 14807, 14800\/XX, 14694, 14631, 14725, 14621, 14800, 14720, 14803, 14630\/01, 14679, 14800\/00, 14633\/01, 14630, 14722, 14695\/IS, M14700, 14620\/XX, 14609, D14700, 14895\/00, 14600\/03, 14673, 14741, 14600\/D, 14714, 14005, D14850, 14711, 14820, 14649\/XP, 14610\/02, 14891, 14761, 14806, 14695\/W, 14764, 14902, 14870, 14733, 14653, 14724, 14926, 14723, 14702, 14726, 14612\/01, 14652, 14400, 14608, 14891\/01, 14500\/01A, 14628, 14690, 14635, 14786, 14697, 14672, D14800, 14675, 14695, 14800\/01, 14696, 14610, 14777, 14200, 14688, 14640, 14737, 14645, 14718, 14730, 14616, 14715, 14642, 14691\/02, 14712, 14641, M14800, 14840, 14760, 14709, 14766, 14695\/XP, 14767, 14613\/01D, 14693, 14762, 14620\/00, 14662, 14860, 14727, 14780, 14729, 14600\/XX, 14925, 14646\/KF, 14610\/01, 14501\/A, 14674, 14644, 14890\/00, 14717, 14732, 14731, 14773, 14613, 14713, 14862, 14763, 14771, 14015, 14698\/W, 14734, 14719, 14890\/02KF, 14691, 14601, 14660, 14889, 14800\/02, 14663, 14769, 14861, 14634, 14961, 14698, 14623, 14633, 14624, 14895\/01, 14627, 14646, 14643, 14894, 14600, 14690\/W, 14619, 14630\/XP, 14770, 14648, 14602, D14600, 14600\/01, 14971, 14740, 14682, 14681, 14687, 14736, 14708, 14768, 14622, 14801, 14690\/KF, 14617, 14649, 14651, 14705, 14803\/TR, 14863, 14664, 14661, 14655, 14899, 14690\/01KF, M14600, 14637, 14690\/01, 14670, 14888, 14632, 14705\/D, 14772, HU14895, 14901, 14631\/01, 14893, 14647, 14612, 14890\/01, 14896, 14890\/02,<\/p>\n","protected":false},"excerpt":{"rendered":"<p>Ruban adh\u00e9sif antid\u00e9rapant pour toutes les trottinettes \u00ab\u00a0HUDORA Big Wheel\u00a0\u00bb. Pi\u00e8ce de rechange pour : 14738\/01, 14709\/01, 14708\/01, 14753, 14695\/01, 14748, 14749, 14006, 14615, 14014, 14016, 14618, 14735, 14620, 14890\/02W, 14690\/XP, 14721, 14625, 14620\/01, 14683, D14600, 14707, 14651\/01, 14600\/LH, 14401, 14600\/02, 14860\/01, 14805, 14402 14667, 14765, 14630\/KF, 14640\/01, 14603, 14725\/TR, 14691\/01, 14613\/XP, 14630\/01D, 14700\/XX, 14728, 14892, 14678, 14800\/W, 14895, 14724\/LH, 14890, 14600\/00, 14850, 14871, 14701, 14610\/XX, 14650, 14654, 14865, 14710, 14738, 14700, 14613\/01, BM14600, 14706,&hellip;<\/p>\n","protected":false},"featured_media":159361,"comment_status":"open","ping_status":"closed","template":"","meta":[],"product_brand":[],"product_cat":[38635],"product_tag":[],"class_list":{"0":"post-254988","1":"product","2":"type-product","3":"status-publish","4":"has-post-thumbnail","6":"product_cat-scooter","7":"product_shipping_class-global_methods","9":"first","10":"instock","11":"taxable","12":"shipping-taxable","13":"purchasable","14":"product-type-simple"},"yoast_head":"<!-- This site is optimized with the Yoast SEO plugin v27.4 - https:\/\/yoast.com\/product\/yoast-seo-wordpress\/ -->\n<title>Hudora 1 Griptape f\u00fcr Big Wheel (WB) | Jetzt kaufen | Schweizversand.ch<\/title>\n<meta name=\"description\" content=\"Hudora 1 Griptape f\u00fcr Big Wheel (WB) g\u00fcnstig kaufen bei Schweizversand.ch. Schnelle Lieferung in der Schweiz. Gratisversand ab CHF 50.\" \/>\n<meta name=\"robots\" content=\"index, follow, max-snippet:-1, max-image-preview:large, max-video-preview:-1\" \/>\n<link rel=\"canonical\" href=\"https:\/\/schweizversand.ch\/fr\/produkt\/hudora-1-griptape-fuer-big-wheel-wb\/\" \/>\n<meta property=\"og:locale\" content=\"fr_FR\" \/>\n<meta property=\"og:type\" content=\"article\" \/>\n<meta property=\"og:title\" content=\"Hudora 1 Griptape f\u00fcr Big Wheel (WB) | Jetzt kaufen | Schweizversand.ch\" \/>\n<meta property=\"og:description\" content=\"Hudora 1 Griptape f\u00fcr Big Wheel (WB) g\u00fcnstig kaufen bei Schweizversand.ch. Schnelle Lieferung in der Schweiz. Gratisversand ab CHF 50.\" \/>\n<meta property=\"og:url\" content=\"https:\/\/schweizversand.ch\/fr\/produkt\/hudora-1-griptape-fuer-big-wheel-wb\/\" \/>\n<meta property=\"og:site_name\" content=\"Schweizer Shop f\u00fcr Sport, Spiel und Freizeit\" \/>\n<meta property=\"article:publisher\" content=\"https:\/\/www.facebook.com\/Schweizversand\" \/>\n<meta property=\"article:modified_time\" content=\"2026-04-20T00:03:29+00:00\" \/>\n<meta property=\"og:image\" content=\"https:\/\/schweizversand.ch\/wp-content\/uploads\/2026\/02\/5471459173.jpg\" \/>\n\t<meta property=\"og:image:width\" content=\"1024\" \/>\n\t<meta property=\"og:image:height\" content=\"1024\" \/>\n\t<meta property=\"og:image:type\" content=\"image\/jpeg\" \/>\n<meta name=\"twitter:card\" content=\"summary_large_image\" \/>\n<script type=\"application\/ld+json\" class=\"yoast-schema-graph\">{\"@context\":\"https:\\\/\\\/schema.org\",\"@graph\":[{\"@type\":\"WebPage\",\"@id\":\"https:\\\/\\\/schweizversand.ch\\\/fr\\\/produkt\\\/hudora-1-griptape-fuer-big-wheel-wb\\\/\",\"url\":\"https:\\\/\\\/schweizversand.ch\\\/fr\\\/produkt\\\/hudora-1-griptape-fuer-big-wheel-wb\\\/\",\"name\":\"Hudora 1 Griptape f\u00fcr Big Wheel (WB) | Jetzt kaufen | Schweizversand.ch\",\"isPartOf\":{\"@id\":\"https:\\\/\\\/schweizversand.ch\\\/fr\\\/#website\"},\"primaryImageOfPage\":{\"@id\":\"https:\\\/\\\/schweizversand.ch\\\/fr\\\/produkt\\\/hudora-1-griptape-fuer-big-wheel-wb\\\/#primaryimage\"},\"image\":{\"@id\":\"https:\\\/\\\/schweizversand.ch\\\/fr\\\/produkt\\\/hudora-1-griptape-fuer-big-wheel-wb\\\/#primaryimage\"},\"thumbnailUrl\":\"https:\\\/\\\/schweizversand.ch\\\/wp-content\\\/uploads\\\/2026\\\/02\\\/5471459173.jpg\",\"datePublished\":\"2026-03-14T23:54:59+00:00\",\"dateModified\":\"2026-04-20T00:03:29+00:00\",\"description\":\"Hudora 1 Griptape f\u00fcr Big Wheel (WB) g\u00fcnstig kaufen bei Schweizversand.ch. Schnelle Lieferung in der Schweiz. Gratisversand ab CHF 50.\",\"breadcrumb\":{\"@id\":\"https:\\\/\\\/schweizversand.ch\\\/fr\\\/produkt\\\/hudora-1-griptape-fuer-big-wheel-wb\\\/#breadcrumb\"},\"inLanguage\":\"fr-FR\",\"potentialAction\":[{\"@type\":\"ReadAction\",\"target\":[\"https:\\\/\\\/schweizversand.ch\\\/fr\\\/produkt\\\/hudora-1-griptape-fuer-big-wheel-wb\\\/\"]}]},{\"@type\":\"ImageObject\",\"inLanguage\":\"fr-FR\",\"@id\":\"https:\\\/\\\/schweizversand.ch\\\/fr\\\/produkt\\\/hudora-1-griptape-fuer-big-wheel-wb\\\/#primaryimage\",\"url\":\"https:\\\/\\\/schweizversand.ch\\\/wp-content\\\/uploads\\\/2026\\\/02\\\/5471459173.jpg\",\"contentUrl\":\"https:\\\/\\\/schweizversand.ch\\\/wp-content\\\/uploads\\\/2026\\\/02\\\/5471459173.jpg\",\"width\":1024,\"height\":1024},{\"@type\":\"BreadcrumbList\",\"@id\":\"https:\\\/\\\/schweizversand.ch\\\/fr\\\/produkt\\\/hudora-1-griptape-fuer-big-wheel-wb\\\/#breadcrumb\",\"itemListElement\":[{\"@type\":\"ListItem\",\"position\":1,\"name\":\"Startseite\",\"item\":\"https:\\\/\\\/schweizversand.ch\\\/fr\\\/home\\\/\"},{\"@type\":\"ListItem\",\"position\":2,\"name\":\"Boutique\",\"item\":\"https:\\\/\\\/schweizversand.ch\\\/fr\\\/boutique\\\/\"},{\"@type\":\"ListItem\",\"position\":3,\"name\":\"Pi\u00e8ces d\u00e9tach\u00e9es\",\"item\":\"https:\\\/\\\/schweizversand.ch\\\/fr\\\/produkt-kategorie\\\/pieces-detachees\\\/\"},{\"@type\":\"ListItem\",\"position\":4,\"name\":\"Hudora\",\"item\":\"https:\\\/\\\/schweizversand.ch\\\/fr\\\/produkt-kategorie\\\/pieces-detachees\\\/hudora\\\/\"},{\"@type\":\"ListItem\",\"position\":5,\"name\":\"Scooter\",\"item\":\"https:\\\/\\\/schweizversand.ch\\\/fr\\\/produkt-kategorie\\\/pieces-detachees\\\/hudora\\\/scooter\\\/\"},{\"@type\":\"ListItem\",\"position\":6,\"name\":\"Ruban adh\u00e9sif Hudora 1 pour grandes roues (WB)\"}]},{\"@type\":\"WebSite\",\"@id\":\"https:\\\/\\\/schweizversand.ch\\\/fr\\\/#website\",\"url\":\"https:\\\/\\\/schweizversand.ch\\\/fr\\\/\",\"name\":\"Schweizer Shop f\u00fcr Sport, Spiel und Freizeit\",\"description\":\"Gratisversand ab 50.- (netto), ab eigenem schweizer Lager, Lieferung innert 48h\",\"publisher\":{\"@id\":\"https:\\\/\\\/schweizversand.ch\\\/fr\\\/#organization\"},\"alternateName\":\"Schweizversand.ch\",\"potentialAction\":[{\"@type\":\"SearchAction\",\"target\":{\"@type\":\"EntryPoint\",\"urlTemplate\":\"https:\\\/\\\/schweizversand.ch\\\/fr\\\/?s={search_term_string}\"},\"query-input\":{\"@type\":\"PropertyValueSpecification\",\"valueRequired\":true,\"valueName\":\"search_term_string\"}}],\"inLanguage\":\"fr-FR\"},{\"@type\":\"Organization\",\"@id\":\"https:\\\/\\\/schweizversand.ch\\\/fr\\\/#organization\",\"name\":\"Schweizversand.ch\",\"url\":\"https:\\\/\\\/schweizversand.ch\\\/fr\\\/\",\"logo\":{\"@type\":\"ImageObject\",\"inLanguage\":\"fr-FR\",\"@id\":\"https:\\\/\\\/schweizversand.ch\\\/fr\\\/#\\\/schema\\\/logo\\\/image\\\/\",\"url\":\"https:\\\/\\\/schweizversand.ch\\\/wp-content\\\/uploads\\\/2026\\\/03\\\/Logo_Rund_Final-1.png\",\"contentUrl\":\"https:\\\/\\\/schweizversand.ch\\\/wp-content\\\/uploads\\\/2026\\\/03\\\/Logo_Rund_Final-1.png\",\"width\":404,\"height\":404,\"caption\":\"Schweizversand.ch\"},\"image\":{\"@id\":\"https:\\\/\\\/schweizversand.ch\\\/fr\\\/#\\\/schema\\\/logo\\\/image\\\/\"},\"sameAs\":[\"https:\\\/\\\/www.facebook.com\\\/Schweizversand\",\"https:\\\/\\\/www.instagram.com\\\/schweizversand.ch\\\/\"]}]}<\/script>\n<!-- \/ Yoast SEO plugin. -->","yoast_head_json":{"title":"Hudora 1 Griptape f\u00fcr Big Wheel (WB) | Jetzt kaufen | Schweizversand.ch","description":"Hudora 1 Griptape f\u00fcr Big Wheel (WB) g\u00fcnstig kaufen bei Schweizversand.ch. Schnelle Lieferung in der Schweiz. Gratisversand ab CHF 50.","robots":{"index":"index","follow":"follow","max-snippet":"max-snippet:-1","max-image-preview":"max-image-preview:large","max-video-preview":"max-video-preview:-1"},"canonical":"https:\/\/schweizversand.ch\/fr\/produkt\/hudora-1-griptape-fuer-big-wheel-wb\/","og_locale":"fr_FR","og_type":"article","og_title":"Hudora 1 Griptape f\u00fcr Big Wheel (WB) | Jetzt kaufen | Schweizversand.ch","og_description":"Hudora 1 Griptape f\u00fcr Big Wheel (WB) g\u00fcnstig kaufen bei Schweizversand.ch. Schnelle Lieferung in der Schweiz. Gratisversand ab CHF 50.","og_url":"https:\/\/schweizversand.ch\/fr\/produkt\/hudora-1-griptape-fuer-big-wheel-wb\/","og_site_name":"Schweizer Shop f\u00fcr Sport, Spiel und Freizeit","article_publisher":"https:\/\/www.facebook.com\/Schweizversand","article_modified_time":"2026-04-20T00:03:29+00:00","og_image":[{"width":1024,"height":1024,"url":"https:\/\/schweizversand.ch\/wp-content\/uploads\/2026\/02\/5471459173.jpg","type":"image\/jpeg"}],"twitter_card":"summary_large_image","schema":{"@context":"https:\/\/schema.org","@graph":[{"@type":"WebPage","@id":"https:\/\/schweizversand.ch\/fr\/produkt\/hudora-1-griptape-fuer-big-wheel-wb\/","url":"https:\/\/schweizversand.ch\/fr\/produkt\/hudora-1-griptape-fuer-big-wheel-wb\/","name":"Hudora 1 Griptape f\u00fcr Big Wheel (WB) | Jetzt kaufen | Schweizversand.ch","isPartOf":{"@id":"https:\/\/schweizversand.ch\/fr\/#website"},"primaryImageOfPage":{"@id":"https:\/\/schweizversand.ch\/fr\/produkt\/hudora-1-griptape-fuer-big-wheel-wb\/#primaryimage"},"image":{"@id":"https:\/\/schweizversand.ch\/fr\/produkt\/hudora-1-griptape-fuer-big-wheel-wb\/#primaryimage"},"thumbnailUrl":"https:\/\/schweizversand.ch\/wp-content\/uploads\/2026\/02\/5471459173.jpg","datePublished":"2026-03-14T23:54:59+00:00","dateModified":"2026-04-20T00:03:29+00:00","description":"Hudora 1 Griptape f\u00fcr Big Wheel (WB) g\u00fcnstig kaufen bei Schweizversand.ch. Schnelle Lieferung in der Schweiz. Gratisversand ab CHF 50.","breadcrumb":{"@id":"https:\/\/schweizversand.ch\/fr\/produkt\/hudora-1-griptape-fuer-big-wheel-wb\/#breadcrumb"},"inLanguage":"fr-FR","potentialAction":[{"@type":"ReadAction","target":["https:\/\/schweizversand.ch\/fr\/produkt\/hudora-1-griptape-fuer-big-wheel-wb\/"]}]},{"@type":"ImageObject","inLanguage":"fr-FR","@id":"https:\/\/schweizversand.ch\/fr\/produkt\/hudora-1-griptape-fuer-big-wheel-wb\/#primaryimage","url":"https:\/\/schweizversand.ch\/wp-content\/uploads\/2026\/02\/5471459173.jpg","contentUrl":"https:\/\/schweizversand.ch\/wp-content\/uploads\/2026\/02\/5471459173.jpg","width":1024,"height":1024},{"@type":"BreadcrumbList","@id":"https:\/\/schweizversand.ch\/fr\/produkt\/hudora-1-griptape-fuer-big-wheel-wb\/#breadcrumb","itemListElement":[{"@type":"ListItem","position":1,"name":"Startseite","item":"https:\/\/schweizversand.ch\/fr\/home\/"},{"@type":"ListItem","position":2,"name":"Boutique","item":"https:\/\/schweizversand.ch\/fr\/boutique\/"},{"@type":"ListItem","position":3,"name":"Pi\u00e8ces d\u00e9tach\u00e9es","item":"https:\/\/schweizversand.ch\/fr\/produkt-kategorie\/pieces-detachees\/"},{"@type":"ListItem","position":4,"name":"Hudora","item":"https:\/\/schweizversand.ch\/fr\/produkt-kategorie\/pieces-detachees\/hudora\/"},{"@type":"ListItem","position":5,"name":"Scooter","item":"https:\/\/schweizversand.ch\/fr\/produkt-kategorie\/pieces-detachees\/hudora\/scooter\/"},{"@type":"ListItem","position":6,"name":"Ruban adh\u00e9sif Hudora 1 pour grandes roues (WB)"}]},{"@type":"WebSite","@id":"https:\/\/schweizversand.ch\/fr\/#website","url":"https:\/\/schweizversand.ch\/fr\/","name":"Schweizer Shop f\u00fcr Sport, Spiel und Freizeit","description":"Gratisversand ab 50.- (netto), ab eigenem schweizer Lager, Lieferung innert 48h","publisher":{"@id":"https:\/\/schweizversand.ch\/fr\/#organization"},"alternateName":"Schweizversand.ch","potentialAction":[{"@type":"SearchAction","target":{"@type":"EntryPoint","urlTemplate":"https:\/\/schweizversand.ch\/fr\/?s={search_term_string}"},"query-input":{"@type":"PropertyValueSpecification","valueRequired":true,"valueName":"search_term_string"}}],"inLanguage":"fr-FR"},{"@type":"Organization","@id":"https:\/\/schweizversand.ch\/fr\/#organization","name":"Schweizversand.ch","url":"https:\/\/schweizversand.ch\/fr\/","logo":{"@type":"ImageObject","inLanguage":"fr-FR","@id":"https:\/\/schweizversand.ch\/fr\/#\/schema\/logo\/image\/","url":"https:\/\/schweizversand.ch\/wp-content\/uploads\/2026\/03\/Logo_Rund_Final-1.png","contentUrl":"https:\/\/schweizversand.ch\/wp-content\/uploads\/2026\/03\/Logo_Rund_Final-1.png","width":404,"height":404,"caption":"Schweizversand.ch"},"image":{"@id":"https:\/\/schweizversand.ch\/fr\/#\/schema\/logo\/image\/"},"sameAs":["https:\/\/www.facebook.com\/Schweizversand","https:\/\/www.instagram.com\/schweizversand.ch\/"]}]}},"jetpack_sharing_enabled":true,"_links":{"self":[{"href":"https:\/\/schweizversand.ch\/fr\/wp-json\/wp\/v2\/product\/254988","targetHints":{"allow":["GET"]}}],"collection":[{"href":"https:\/\/schweizversand.ch\/fr\/wp-json\/wp\/v2\/product"}],"about":[{"href":"https:\/\/schweizversand.ch\/fr\/wp-json\/wp\/v2\/types\/product"}],"replies":[{"embeddable":true,"href":"https:\/\/schweizversand.ch\/fr\/wp-json\/wp\/v2\/comments?post=254988"}],"wp:featuredmedia":[{"embeddable":true,"href":"https:\/\/schweizversand.ch\/fr\/wp-json\/wp\/v2\/media\/159361"}],"wp:attachment":[{"href":"https:\/\/schweizversand.ch\/fr\/wp-json\/wp\/v2\/media?parent=254988"}],"wp:term":[{"taxonomy":"product_brand","embeddable":true,"href":"https:\/\/schweizversand.ch\/fr\/wp-json\/wp\/v2\/product_brand?post=254988"},{"taxonomy":"product_cat","embeddable":true,"href":"https:\/\/schweizversand.ch\/fr\/wp-json\/wp\/v2\/product_cat?post=254988"},{"taxonomy":"product_tag","embeddable":true,"href":"https:\/\/schweizversand.ch\/fr\/wp-json\/wp\/v2\/product_tag?post=254988"}],"curies":[{"name":"wp","href":"https:\/\/api.w.org\/{rel}","templated":true}]}}