{"id":255001,"date":"2026-03-15T00:55:00","date_gmt":"2026-03-14T23:55:00","guid":{"rendered":"https:\/\/schweizversand.ch\/produkt\/hudora-1-bolzen-und-sicherungsring-fuer-bigwheel-205-und-180\/"},"modified":"2026-04-19T15:35:06","modified_gmt":"2026-04-19T13:35:06","slug":"hudora-1-bolzen-und-sicherungsring-fuer-bigwheel-205-und-180","status":"publish","type":"product","link":"https:\/\/schweizversand.ch\/fr\/produkt\/hudora-1-bolzen-und-sicherungsring-fuer-bigwheel-205-und-180\/","title":{"rendered":"Boulon et bague de retenue Hudora 1 pour BigWheel 205 et 180"},"content":{"rendered":"<p>Boulon et bague de retenue pour le m\u00e9canisme de pliage des HUDORA Big Wheel 205 mm et 180 mm.<\/p>\n<p>Cette pi\u00e8ce de rechange est compatible avec les mod\u00e8les HUDORA Big Wheel 205 et Big Wheel Rx-Pro.<\/p>\n<p><\/p>\n<p>\u00ab\u00a0`<br \/>\n\u00ab\u00a0\u00ab\u00a0\u00ab\u00a0\u00ab\u00a0\u00ab\u00a0\u00ab\u00a0\u00ab\u00a0\u00ab\u00a0\u00ab\u00a0\u00ab\u00a0\u00ab\u00a0\u00ab\u00a0\u00ab\u00a0\u00ab\u00a0\u00ab\u00a0\u00ab\u00a0`)\u00ab\u00a0\u00ab\u00a0\u00ab\u00a0\u00ab\u00a0)<br \/>\n\u00ab\u00a0)<br \/>\n\u00ab\u00a0)<br \/>\n\u00ab\u00a0)<br \/>\n\u00ab\u00a0)<br \/>\n\u00ab\u00a0)<br \/>\n\u00ab\u00a0) Pi\u00e8ce de rechange pour\u00a0: 14014, 14016, 14667, 14675, 14681, 14682, 14687, 14688, 14690, 14690\/01, 14690\/01KF, 14690\/KF, 14690\/W, 14693, 14694, 14695, 14695\/01, 14696, 14697, 14698, 14698\/W, 14706, 14707, 14708\/01, 14709\/01, 14715, 14720, 14724, 14725, 14726, 14727, 14728, 14738\/01, 14748, 14749, 14761, 14762, 14763, 14767, 14769, 14780<\/p>\n","protected":false},"excerpt":{"rendered":"<p>Boulon et bague de retenue pour le m\u00e9canisme de pliage des HUDORA Big Wheel 205 mm et 180 mm. Cette pi\u00e8ce de rechange est compatible avec les mod\u00e8les HUDORA Big Wheel 205 et Big Wheel Rx-Pro. \u00ab\u00a0` \u00ab\u00a0\u00ab\u00a0\u00ab\u00a0\u00ab\u00a0\u00ab\u00a0\u00ab\u00a0\u00ab\u00a0\u00ab\u00a0\u00ab\u00a0\u00ab\u00a0\u00ab\u00a0\u00ab\u00a0\u00ab\u00a0\u00ab\u00a0\u00ab\u00a0\u00ab\u00a0`)\u00ab\u00a0\u00ab\u00a0\u00ab\u00a0\u00ab\u00a0) \u00ab\u00a0) \u00ab\u00a0) \u00ab\u00a0) \u00ab\u00a0) \u00ab\u00a0) \u00ab\u00a0) Pi\u00e8ce de rechange pour\u00a0: 14014, 14016, 14667, 14675, 14681, 14682, 14687, 14688, 14690, 14690\/01, 14690\/01KF, 14690\/KF, 14690\/W, 14693, 14694, 14695, 14695\/01, 14696, 14697, 14698, 14698\/W, 14706, 14707, 14708\/01, 14709\/01, 14715, 14720,&hellip;<\/p>\n","protected":false},"featured_media":159375,"comment_status":"open","ping_status":"closed","template":"","meta":[],"product_brand":[],"product_cat":[38635],"product_tag":[],"class_list":{"0":"post-255001","1":"product","2":"type-product","3":"status-publish","4":"has-post-thumbnail","6":"product_cat-scooter","7":"product_shipping_class-global_methods","9":"first","10":"instock","11":"taxable","12":"shipping-taxable","13":"purchasable","14":"product-type-simple"},"yoast_head":"<!-- This site is optimized with the Yoast SEO plugin v27.4 - https:\/\/yoast.com\/product\/yoast-seo-wordpress\/ -->\n<title>Hudora 1 Bolzen und Sicherungsring f\u00fcr BigWheel 205 und 180 | Jetzt kaufen | Schweizversand.ch<\/title>\n<meta name=\"description\" content=\"Hudora 1 Bolzen und Sicherungsring f\u00fcr BigWheel 205 und 180 g\u00fcnstig kaufen bei Schweizversand.ch. Schnelle Lieferung in der Schweiz. Gratisversand ab CHF 50.\" \/>\n<meta name=\"robots\" content=\"index, follow, max-snippet:-1, max-image-preview:large, max-video-preview:-1\" \/>\n<link rel=\"canonical\" href=\"https:\/\/schweizversand.ch\/fr\/produkt\/hudora-1-bolzen-und-sicherungsring-fuer-bigwheel-205-und-180\/\" \/>\n<meta property=\"og:locale\" content=\"fr_FR\" \/>\n<meta property=\"og:type\" content=\"article\" \/>\n<meta property=\"og:title\" content=\"Hudora 1 Bolzen und Sicherungsring f\u00fcr BigWheel 205 und 180 | Jetzt kaufen | Schweizversand.ch\" \/>\n<meta property=\"og:description\" content=\"Hudora 1 Bolzen und Sicherungsring f\u00fcr BigWheel 205 und 180 g\u00fcnstig kaufen bei Schweizversand.ch. Schnelle Lieferung in der Schweiz. Gratisversand ab CHF 50.\" \/>\n<meta property=\"og:url\" content=\"https:\/\/schweizversand.ch\/fr\/produkt\/hudora-1-bolzen-und-sicherungsring-fuer-bigwheel-205-und-180\/\" \/>\n<meta property=\"og:site_name\" content=\"Schweizer Shop f\u00fcr Sport, Spiel und Freizeit\" \/>\n<meta property=\"article:publisher\" content=\"https:\/\/www.facebook.com\/Schweizversand\" \/>\n<meta property=\"article:modified_time\" content=\"2026-04-19T13:35:06+00:00\" \/>\n<meta property=\"og:image\" content=\"https:\/\/schweizversand.ch\/wp-content\/uploads\/2026\/02\/5471461358.jpg\" \/>\n\t<meta property=\"og:image:width\" content=\"1024\" \/>\n\t<meta property=\"og:image:height\" content=\"1024\" \/>\n\t<meta property=\"og:image:type\" content=\"image\/jpeg\" \/>\n<meta name=\"twitter:card\" content=\"summary_large_image\" \/>\n<script type=\"application\/ld+json\" class=\"yoast-schema-graph\">{\"@context\":\"https:\\\/\\\/schema.org\",\"@graph\":[{\"@type\":\"WebPage\",\"@id\":\"https:\\\/\\\/schweizversand.ch\\\/fr\\\/produkt\\\/hudora-1-bolzen-und-sicherungsring-fuer-bigwheel-205-und-180\\\/\",\"url\":\"https:\\\/\\\/schweizversand.ch\\\/fr\\\/produkt\\\/hudora-1-bolzen-und-sicherungsring-fuer-bigwheel-205-und-180\\\/\",\"name\":\"Hudora 1 Bolzen und Sicherungsring f\u00fcr BigWheel 205 und 180 | Jetzt kaufen | Schweizversand.ch\",\"isPartOf\":{\"@id\":\"https:\\\/\\\/schweizversand.ch\\\/fr\\\/#website\"},\"primaryImageOfPage\":{\"@id\":\"https:\\\/\\\/schweizversand.ch\\\/fr\\\/produkt\\\/hudora-1-bolzen-und-sicherungsring-fuer-bigwheel-205-und-180\\\/#primaryimage\"},\"image\":{\"@id\":\"https:\\\/\\\/schweizversand.ch\\\/fr\\\/produkt\\\/hudora-1-bolzen-und-sicherungsring-fuer-bigwheel-205-und-180\\\/#primaryimage\"},\"thumbnailUrl\":\"https:\\\/\\\/schweizversand.ch\\\/wp-content\\\/uploads\\\/2026\\\/02\\\/5471461358.jpg\",\"datePublished\":\"2026-03-14T23:55:00+00:00\",\"dateModified\":\"2026-04-19T13:35:06+00:00\",\"description\":\"Hudora 1 Bolzen und Sicherungsring f\u00fcr BigWheel 205 und 180 g\u00fcnstig kaufen bei Schweizversand.ch. Schnelle Lieferung in der Schweiz. Gratisversand ab CHF 50.\",\"breadcrumb\":{\"@id\":\"https:\\\/\\\/schweizversand.ch\\\/fr\\\/produkt\\\/hudora-1-bolzen-und-sicherungsring-fuer-bigwheel-205-und-180\\\/#breadcrumb\"},\"inLanguage\":\"fr-FR\",\"potentialAction\":[{\"@type\":\"ReadAction\",\"target\":[\"https:\\\/\\\/schweizversand.ch\\\/fr\\\/produkt\\\/hudora-1-bolzen-und-sicherungsring-fuer-bigwheel-205-und-180\\\/\"]}]},{\"@type\":\"ImageObject\",\"inLanguage\":\"fr-FR\",\"@id\":\"https:\\\/\\\/schweizversand.ch\\\/fr\\\/produkt\\\/hudora-1-bolzen-und-sicherungsring-fuer-bigwheel-205-und-180\\\/#primaryimage\",\"url\":\"https:\\\/\\\/schweizversand.ch\\\/wp-content\\\/uploads\\\/2026\\\/02\\\/5471461358.jpg\",\"contentUrl\":\"https:\\\/\\\/schweizversand.ch\\\/wp-content\\\/uploads\\\/2026\\\/02\\\/5471461358.jpg\",\"width\":1024,\"height\":1024},{\"@type\":\"BreadcrumbList\",\"@id\":\"https:\\\/\\\/schweizversand.ch\\\/fr\\\/produkt\\\/hudora-1-bolzen-und-sicherungsring-fuer-bigwheel-205-und-180\\\/#breadcrumb\",\"itemListElement\":[{\"@type\":\"ListItem\",\"position\":1,\"name\":\"Startseite\",\"item\":\"https:\\\/\\\/schweizversand.ch\\\/fr\\\/home\\\/\"},{\"@type\":\"ListItem\",\"position\":2,\"name\":\"Boutique\",\"item\":\"https:\\\/\\\/schweizversand.ch\\\/fr\\\/boutique\\\/\"},{\"@type\":\"ListItem\",\"position\":3,\"name\":\"Pi\u00e8ces d\u00e9tach\u00e9es\",\"item\":\"https:\\\/\\\/schweizversand.ch\\\/fr\\\/produkt-kategorie\\\/pieces-detachees\\\/\"},{\"@type\":\"ListItem\",\"position\":4,\"name\":\"Hudora\",\"item\":\"https:\\\/\\\/schweizversand.ch\\\/fr\\\/produkt-kategorie\\\/pieces-detachees\\\/hudora\\\/\"},{\"@type\":\"ListItem\",\"position\":5,\"name\":\"Scooter\",\"item\":\"https:\\\/\\\/schweizversand.ch\\\/fr\\\/produkt-kategorie\\\/pieces-detachees\\\/hudora\\\/scooter\\\/\"},{\"@type\":\"ListItem\",\"position\":6,\"name\":\"Boulon et bague de retenue Hudora 1 pour BigWheel 205 et 180\"}]},{\"@type\":\"WebSite\",\"@id\":\"https:\\\/\\\/schweizversand.ch\\\/fr\\\/#website\",\"url\":\"https:\\\/\\\/schweizversand.ch\\\/fr\\\/\",\"name\":\"Schweizer Shop f\u00fcr Sport, Spiel und Freizeit\",\"description\":\"Gratisversand ab 50.- (netto), ab eigenem schweizer Lager, Lieferung innert 48h\",\"publisher\":{\"@id\":\"https:\\\/\\\/schweizversand.ch\\\/fr\\\/#organization\"},\"alternateName\":\"Schweizversand.ch\",\"potentialAction\":[{\"@type\":\"SearchAction\",\"target\":{\"@type\":\"EntryPoint\",\"urlTemplate\":\"https:\\\/\\\/schweizversand.ch\\\/fr\\\/?s={search_term_string}\"},\"query-input\":{\"@type\":\"PropertyValueSpecification\",\"valueRequired\":true,\"valueName\":\"search_term_string\"}}],\"inLanguage\":\"fr-FR\"},{\"@type\":\"Organization\",\"@id\":\"https:\\\/\\\/schweizversand.ch\\\/fr\\\/#organization\",\"name\":\"Schweizversand.ch\",\"url\":\"https:\\\/\\\/schweizversand.ch\\\/fr\\\/\",\"logo\":{\"@type\":\"ImageObject\",\"inLanguage\":\"fr-FR\",\"@id\":\"https:\\\/\\\/schweizversand.ch\\\/fr\\\/#\\\/schema\\\/logo\\\/image\\\/\",\"url\":\"https:\\\/\\\/schweizversand.ch\\\/wp-content\\\/uploads\\\/2026\\\/03\\\/Logo_Rund_Final-1.png\",\"contentUrl\":\"https:\\\/\\\/schweizversand.ch\\\/wp-content\\\/uploads\\\/2026\\\/03\\\/Logo_Rund_Final-1.png\",\"width\":404,\"height\":404,\"caption\":\"Schweizversand.ch\"},\"image\":{\"@id\":\"https:\\\/\\\/schweizversand.ch\\\/fr\\\/#\\\/schema\\\/logo\\\/image\\\/\"},\"sameAs\":[\"https:\\\/\\\/www.facebook.com\\\/Schweizversand\",\"https:\\\/\\\/www.instagram.com\\\/schweizversand.ch\\\/\"]}]}<\/script>\n<!-- \/ Yoast SEO plugin. -->","yoast_head_json":{"title":"Hudora 1 Bolzen und Sicherungsring f\u00fcr BigWheel 205 und 180 | Jetzt kaufen | Schweizversand.ch","description":"Hudora 1 Bolzen und Sicherungsring f\u00fcr BigWheel 205 und 180 g\u00fcnstig kaufen bei Schweizversand.ch. Schnelle Lieferung in der Schweiz. Gratisversand ab CHF 50.","robots":{"index":"index","follow":"follow","max-snippet":"max-snippet:-1","max-image-preview":"max-image-preview:large","max-video-preview":"max-video-preview:-1"},"canonical":"https:\/\/schweizversand.ch\/fr\/produkt\/hudora-1-bolzen-und-sicherungsring-fuer-bigwheel-205-und-180\/","og_locale":"fr_FR","og_type":"article","og_title":"Hudora 1 Bolzen und Sicherungsring f\u00fcr BigWheel 205 und 180 | Jetzt kaufen | Schweizversand.ch","og_description":"Hudora 1 Bolzen und Sicherungsring f\u00fcr BigWheel 205 und 180 g\u00fcnstig kaufen bei Schweizversand.ch. Schnelle Lieferung in der Schweiz. Gratisversand ab CHF 50.","og_url":"https:\/\/schweizversand.ch\/fr\/produkt\/hudora-1-bolzen-und-sicherungsring-fuer-bigwheel-205-und-180\/","og_site_name":"Schweizer Shop f\u00fcr Sport, Spiel und Freizeit","article_publisher":"https:\/\/www.facebook.com\/Schweizversand","article_modified_time":"2026-04-19T13:35:06+00:00","og_image":[{"width":1024,"height":1024,"url":"https:\/\/schweizversand.ch\/wp-content\/uploads\/2026\/02\/5471461358.jpg","type":"image\/jpeg"}],"twitter_card":"summary_large_image","schema":{"@context":"https:\/\/schema.org","@graph":[{"@type":"WebPage","@id":"https:\/\/schweizversand.ch\/fr\/produkt\/hudora-1-bolzen-und-sicherungsring-fuer-bigwheel-205-und-180\/","url":"https:\/\/schweizversand.ch\/fr\/produkt\/hudora-1-bolzen-und-sicherungsring-fuer-bigwheel-205-und-180\/","name":"Hudora 1 Bolzen und Sicherungsring f\u00fcr BigWheel 205 und 180 | Jetzt kaufen | Schweizversand.ch","isPartOf":{"@id":"https:\/\/schweizversand.ch\/fr\/#website"},"primaryImageOfPage":{"@id":"https:\/\/schweizversand.ch\/fr\/produkt\/hudora-1-bolzen-und-sicherungsring-fuer-bigwheel-205-und-180\/#primaryimage"},"image":{"@id":"https:\/\/schweizversand.ch\/fr\/produkt\/hudora-1-bolzen-und-sicherungsring-fuer-bigwheel-205-und-180\/#primaryimage"},"thumbnailUrl":"https:\/\/schweizversand.ch\/wp-content\/uploads\/2026\/02\/5471461358.jpg","datePublished":"2026-03-14T23:55:00+00:00","dateModified":"2026-04-19T13:35:06+00:00","description":"Hudora 1 Bolzen und Sicherungsring f\u00fcr BigWheel 205 und 180 g\u00fcnstig kaufen bei Schweizversand.ch. Schnelle Lieferung in der Schweiz. Gratisversand ab CHF 50.","breadcrumb":{"@id":"https:\/\/schweizversand.ch\/fr\/produkt\/hudora-1-bolzen-und-sicherungsring-fuer-bigwheel-205-und-180\/#breadcrumb"},"inLanguage":"fr-FR","potentialAction":[{"@type":"ReadAction","target":["https:\/\/schweizversand.ch\/fr\/produkt\/hudora-1-bolzen-und-sicherungsring-fuer-bigwheel-205-und-180\/"]}]},{"@type":"ImageObject","inLanguage":"fr-FR","@id":"https:\/\/schweizversand.ch\/fr\/produkt\/hudora-1-bolzen-und-sicherungsring-fuer-bigwheel-205-und-180\/#primaryimage","url":"https:\/\/schweizversand.ch\/wp-content\/uploads\/2026\/02\/5471461358.jpg","contentUrl":"https:\/\/schweizversand.ch\/wp-content\/uploads\/2026\/02\/5471461358.jpg","width":1024,"height":1024},{"@type":"BreadcrumbList","@id":"https:\/\/schweizversand.ch\/fr\/produkt\/hudora-1-bolzen-und-sicherungsring-fuer-bigwheel-205-und-180\/#breadcrumb","itemListElement":[{"@type":"ListItem","position":1,"name":"Startseite","item":"https:\/\/schweizversand.ch\/fr\/home\/"},{"@type":"ListItem","position":2,"name":"Boutique","item":"https:\/\/schweizversand.ch\/fr\/boutique\/"},{"@type":"ListItem","position":3,"name":"Pi\u00e8ces d\u00e9tach\u00e9es","item":"https:\/\/schweizversand.ch\/fr\/produkt-kategorie\/pieces-detachees\/"},{"@type":"ListItem","position":4,"name":"Hudora","item":"https:\/\/schweizversand.ch\/fr\/produkt-kategorie\/pieces-detachees\/hudora\/"},{"@type":"ListItem","position":5,"name":"Scooter","item":"https:\/\/schweizversand.ch\/fr\/produkt-kategorie\/pieces-detachees\/hudora\/scooter\/"},{"@type":"ListItem","position":6,"name":"Boulon et bague de retenue Hudora 1 pour BigWheel 205 et 180"}]},{"@type":"WebSite","@id":"https:\/\/schweizversand.ch\/fr\/#website","url":"https:\/\/schweizversand.ch\/fr\/","name":"Schweizer Shop f\u00fcr Sport, Spiel und Freizeit","description":"Gratisversand ab 50.- (netto), ab eigenem schweizer Lager, Lieferung innert 48h","publisher":{"@id":"https:\/\/schweizversand.ch\/fr\/#organization"},"alternateName":"Schweizversand.ch","potentialAction":[{"@type":"SearchAction","target":{"@type":"EntryPoint","urlTemplate":"https:\/\/schweizversand.ch\/fr\/?s={search_term_string}"},"query-input":{"@type":"PropertyValueSpecification","valueRequired":true,"valueName":"search_term_string"}}],"inLanguage":"fr-FR"},{"@type":"Organization","@id":"https:\/\/schweizversand.ch\/fr\/#organization","name":"Schweizversand.ch","url":"https:\/\/schweizversand.ch\/fr\/","logo":{"@type":"ImageObject","inLanguage":"fr-FR","@id":"https:\/\/schweizversand.ch\/fr\/#\/schema\/logo\/image\/","url":"https:\/\/schweizversand.ch\/wp-content\/uploads\/2026\/03\/Logo_Rund_Final-1.png","contentUrl":"https:\/\/schweizversand.ch\/wp-content\/uploads\/2026\/03\/Logo_Rund_Final-1.png","width":404,"height":404,"caption":"Schweizversand.ch"},"image":{"@id":"https:\/\/schweizversand.ch\/fr\/#\/schema\/logo\/image\/"},"sameAs":["https:\/\/www.facebook.com\/Schweizversand","https:\/\/www.instagram.com\/schweizversand.ch\/"]}]}},"jetpack_sharing_enabled":true,"_links":{"self":[{"href":"https:\/\/schweizversand.ch\/fr\/wp-json\/wp\/v2\/product\/255001","targetHints":{"allow":["GET"]}}],"collection":[{"href":"https:\/\/schweizversand.ch\/fr\/wp-json\/wp\/v2\/product"}],"about":[{"href":"https:\/\/schweizversand.ch\/fr\/wp-json\/wp\/v2\/types\/product"}],"replies":[{"embeddable":true,"href":"https:\/\/schweizversand.ch\/fr\/wp-json\/wp\/v2\/comments?post=255001"}],"wp:featuredmedia":[{"embeddable":true,"href":"https:\/\/schweizversand.ch\/fr\/wp-json\/wp\/v2\/media\/159375"}],"wp:attachment":[{"href":"https:\/\/schweizversand.ch\/fr\/wp-json\/wp\/v2\/media?parent=255001"}],"wp:term":[{"taxonomy":"product_brand","embeddable":true,"href":"https:\/\/schweizversand.ch\/fr\/wp-json\/wp\/v2\/product_brand?post=255001"},{"taxonomy":"product_cat","embeddable":true,"href":"https:\/\/schweizversand.ch\/fr\/wp-json\/wp\/v2\/product_cat?post=255001"},{"taxonomy":"product_tag","embeddable":true,"href":"https:\/\/schweizversand.ch\/fr\/wp-json\/wp\/v2\/product_tag?post=255001"}],"curies":[{"name":"wp","href":"https:\/\/api.w.org\/{rel}","templated":true}]}}