{"id":255005,"date":"2026-03-15T00:55:00","date_gmt":"2026-03-14T23:55:00","guid":{"rendered":"https:\/\/schweizversand.ch\/produkt\/carta-media-puzzle-lebhafte-alpenwiese-1000-teile\/"},"modified":"2026-04-19T15:35:06","modified_gmt":"2026-04-19T13:35:06","slug":"carta-media-puzzle-lebhafte-alpenwiese-1000-teile","status":"publish","type":"product","link":"https:\/\/schweizversand.ch\/fr\/produkt\/carta-media-puzzle-lebhafte-alpenwiese-1000-teile\/","title":{"rendered":"Puzzle Carta Media \u00ab Prairie alpine anim\u00e9e \u00bb 1000 pi\u00e8ces"},"content":{"rendered":"<p>Ce puzzle transporte petits et grands dans un monde d&rsquo;imagination et stimule leur cr\u00e9ativit\u00e9 et leur motricit\u00e9 fine de mani\u00e8re ludique.<\/p>\n<\/div>\n<div>Portrait de l&rsquo;artiste Tina Stamelou\u00a0:<\/p>\n<\/div>\n<div>N\u00e9e en Gr\u00e8ce, Tina Stamelou a grandi en Grande-Bretagne, o\u00f9 elle a \u00e9tudi\u00e9 l&rsquo;art et le textile et travaill\u00e9 comme designer, notamment pour la c\u00e9l\u00e8bre maison textile suisse Christian Fischbacher.<br \/>Il y a plus de 30\u00a0ans, elle s&rsquo;est install\u00e9e au si\u00e8ge de l&rsquo;entreprise \u00e0 Saint-Gall et vit toujours en Suisse avec ses enfants. Aujourd&rsquo;hui, Tina se consacre enti\u00e8rement \u00e0 l&rsquo;illustration. Dans ses nouvelles \u0153uvres, elle met en valeur la beaut\u00e9 de la nature, associant plantes gracieuses, fleurs, feuilles et bourgeons \u00e0 des oiseaux, des insectes et de d\u00e9licieux ingr\u00e9dients de la cuisine m\u00e9diterran\u00e9enne. Un chardonneret jaune perch\u00e9 sur un citron n&rsquo;est qu&rsquo;une des nombreuses images qui inspirent sa cr\u00e9ativit\u00e9, et chacune de ses \u0153uvres transmet des sentiments de joie et de dynamisme.<\/p>\n<\/div>\n","protected":false},"excerpt":{"rendered":"<p>Ce puzzle transporte petits et grands dans un monde d&rsquo;imagination et stimule leur cr\u00e9ativit\u00e9 et leur motricit\u00e9 fine de mani\u00e8re ludique. Portrait de l&rsquo;artiste Tina Stamelou\u00a0: N\u00e9e en Gr\u00e8ce, Tina Stamelou a grandi en Grande-Bretagne, o\u00f9 elle a \u00e9tudi\u00e9 l&rsquo;art et le textile et travaill\u00e9 comme designer, notamment pour la c\u00e9l\u00e8bre maison textile suisse Christian Fischbacher.Il y a plus de 30\u00a0ans, elle s&rsquo;est install\u00e9e au si\u00e8ge de l&rsquo;entreprise \u00e0 Saint-Gall et vit toujours en Suisse&hellip;<\/p>\n","protected":false},"featured_media":159383,"comment_status":"open","ping_status":"closed","template":"","meta":[],"product_brand":[],"product_cat":[38734],"product_tag":[],"class_list":{"0":"post-255005","1":"product","2":"type-product","3":"status-publish","4":"has-post-thumbnail","6":"product_cat-puzzle","7":"product_shipping_class-global_methods","9":"first","10":"instock","11":"taxable","12":"shipping-taxable","13":"purchasable","14":"product-type-simple"},"yoast_head":"<!-- This site is optimized with the Yoast SEO plugin v27.4 - https:\/\/yoast.com\/product\/yoast-seo-wordpress\/ -->\n<title>Carta Media Puzzle &quot;Lebhafte Alpenwiese&quot; 1000 Teile | Jetzt kaufen | Schweizversand.ch<\/title>\n<meta name=\"description\" content=\"Carta Media Puzzle &quot;Lebhafte Alpenwiese&quot; 1000 Teile g\u00fcnstig kaufen bei Schweizversand.ch. Schnelle Lieferung in der Schweiz. Gratisversand ab CHF 50.\" \/>\n<meta name=\"robots\" content=\"index, follow, max-snippet:-1, max-image-preview:large, max-video-preview:-1\" \/>\n<link rel=\"canonical\" href=\"https:\/\/schweizversand.ch\/fr\/produkt\/carta-media-puzzle-lebhafte-alpenwiese-1000-teile\/\" \/>\n<meta property=\"og:locale\" content=\"fr_FR\" \/>\n<meta property=\"og:type\" content=\"article\" \/>\n<meta property=\"og:title\" content=\"Carta Media Puzzle &quot;Lebhafte Alpenwiese&quot; 1000 Teile | Jetzt kaufen | Schweizversand.ch\" \/>\n<meta property=\"og:description\" content=\"Carta Media Puzzle &quot;Lebhafte Alpenwiese&quot; 1000 Teile g\u00fcnstig kaufen bei Schweizversand.ch. Schnelle Lieferung in der Schweiz. Gratisversand ab CHF 50.\" \/>\n<meta property=\"og:url\" content=\"https:\/\/schweizversand.ch\/fr\/produkt\/carta-media-puzzle-lebhafte-alpenwiese-1000-teile\/\" \/>\n<meta property=\"og:site_name\" content=\"Schweizer Shop f\u00fcr Sport, Spiel und Freizeit\" \/>\n<meta property=\"article:publisher\" content=\"https:\/\/www.facebook.com\/Schweizversand\" \/>\n<meta property=\"article:modified_time\" content=\"2026-04-19T13:35:06+00:00\" \/>\n<meta property=\"og:image\" content=\"https:\/\/schweizversand.ch\/wp-content\/uploads\/2026\/02\/5471785993.jpg\" \/>\n\t<meta property=\"og:image:width\" content=\"1024\" \/>\n\t<meta property=\"og:image:height\" content=\"1024\" \/>\n\t<meta property=\"og:image:type\" content=\"image\/jpeg\" \/>\n<meta name=\"twitter:card\" content=\"summary_large_image\" \/>\n<meta name=\"twitter:label1\" content=\"Dur\u00e9e de lecture estim\u00e9e\" \/>\n\t<meta name=\"twitter:data1\" content=\"1 minute\" \/>\n<script type=\"application\/ld+json\" class=\"yoast-schema-graph\">{\"@context\":\"https:\\\/\\\/schema.org\",\"@graph\":[{\"@type\":\"WebPage\",\"@id\":\"https:\\\/\\\/schweizversand.ch\\\/fr\\\/produkt\\\/carta-media-puzzle-lebhafte-alpenwiese-1000-teile\\\/\",\"url\":\"https:\\\/\\\/schweizversand.ch\\\/fr\\\/produkt\\\/carta-media-puzzle-lebhafte-alpenwiese-1000-teile\\\/\",\"name\":\"Carta Media Puzzle \\\"Lebhafte Alpenwiese\\\" 1000 Teile | Jetzt kaufen | Schweizversand.ch\",\"isPartOf\":{\"@id\":\"https:\\\/\\\/schweizversand.ch\\\/fr\\\/#website\"},\"primaryImageOfPage\":{\"@id\":\"https:\\\/\\\/schweizversand.ch\\\/fr\\\/produkt\\\/carta-media-puzzle-lebhafte-alpenwiese-1000-teile\\\/#primaryimage\"},\"image\":{\"@id\":\"https:\\\/\\\/schweizversand.ch\\\/fr\\\/produkt\\\/carta-media-puzzle-lebhafte-alpenwiese-1000-teile\\\/#primaryimage\"},\"thumbnailUrl\":\"https:\\\/\\\/schweizversand.ch\\\/wp-content\\\/uploads\\\/2026\\\/02\\\/5471785993.jpg\",\"datePublished\":\"2026-03-14T23:55:00+00:00\",\"dateModified\":\"2026-04-19T13:35:06+00:00\",\"description\":\"Carta Media Puzzle \\\"Lebhafte Alpenwiese\\\" 1000 Teile g\u00fcnstig kaufen bei Schweizversand.ch. Schnelle Lieferung in der Schweiz. Gratisversand ab CHF 50.\",\"breadcrumb\":{\"@id\":\"https:\\\/\\\/schweizversand.ch\\\/fr\\\/produkt\\\/carta-media-puzzle-lebhafte-alpenwiese-1000-teile\\\/#breadcrumb\"},\"inLanguage\":\"fr-FR\",\"potentialAction\":[{\"@type\":\"ReadAction\",\"target\":[\"https:\\\/\\\/schweizversand.ch\\\/fr\\\/produkt\\\/carta-media-puzzle-lebhafte-alpenwiese-1000-teile\\\/\"]}]},{\"@type\":\"ImageObject\",\"inLanguage\":\"fr-FR\",\"@id\":\"https:\\\/\\\/schweizversand.ch\\\/fr\\\/produkt\\\/carta-media-puzzle-lebhafte-alpenwiese-1000-teile\\\/#primaryimage\",\"url\":\"https:\\\/\\\/schweizversand.ch\\\/wp-content\\\/uploads\\\/2026\\\/02\\\/5471785993.jpg\",\"contentUrl\":\"https:\\\/\\\/schweizversand.ch\\\/wp-content\\\/uploads\\\/2026\\\/02\\\/5471785993.jpg\",\"width\":1024,\"height\":1024},{\"@type\":\"BreadcrumbList\",\"@id\":\"https:\\\/\\\/schweizversand.ch\\\/fr\\\/produkt\\\/carta-media-puzzle-lebhafte-alpenwiese-1000-teile\\\/#breadcrumb\",\"itemListElement\":[{\"@type\":\"ListItem\",\"position\":1,\"name\":\"Startseite\",\"item\":\"https:\\\/\\\/schweizversand.ch\\\/fr\\\/home\\\/\"},{\"@type\":\"ListItem\",\"position\":2,\"name\":\"Boutique\",\"item\":\"https:\\\/\\\/schweizversand.ch\\\/fr\\\/boutique\\\/\"},{\"@type\":\"ListItem\",\"position\":3,\"name\":\"Jouets et jeux\",\"item\":\"https:\\\/\\\/schweizversand.ch\\\/fr\\\/produkt-kategorie\\\/jouets-et-jeux\\\/\"},{\"@type\":\"ListItem\",\"position\":4,\"name\":\"Jeux et puzzles\",\"item\":\"https:\\\/\\\/schweizversand.ch\\\/fr\\\/produkt-kategorie\\\/jouets-et-jeux\\\/jeux-et-puzzles\\\/\"},{\"@type\":\"ListItem\",\"position\":5,\"name\":\"Puzzles\",\"item\":\"https:\\\/\\\/schweizversand.ch\\\/fr\\\/produkt-kategorie\\\/puzzle\\\/\"},{\"@type\":\"ListItem\",\"position\":6,\"name\":\"Puzzle Carta Media \u00ab Prairie alpine anim\u00e9e \u00bb 1000 pi\u00e8ces\"}]},{\"@type\":\"WebSite\",\"@id\":\"https:\\\/\\\/schweizversand.ch\\\/fr\\\/#website\",\"url\":\"https:\\\/\\\/schweizversand.ch\\\/fr\\\/\",\"name\":\"Schweizer Shop f\u00fcr Sport, Spiel und Freizeit\",\"description\":\"Gratisversand ab 50.- (netto), ab eigenem schweizer Lager, Lieferung innert 48h\",\"publisher\":{\"@id\":\"https:\\\/\\\/schweizversand.ch\\\/fr\\\/#organization\"},\"alternateName\":\"Schweizversand.ch\",\"potentialAction\":[{\"@type\":\"SearchAction\",\"target\":{\"@type\":\"EntryPoint\",\"urlTemplate\":\"https:\\\/\\\/schweizversand.ch\\\/fr\\\/?s={search_term_string}\"},\"query-input\":{\"@type\":\"PropertyValueSpecification\",\"valueRequired\":true,\"valueName\":\"search_term_string\"}}],\"inLanguage\":\"fr-FR\"},{\"@type\":\"Organization\",\"@id\":\"https:\\\/\\\/schweizversand.ch\\\/fr\\\/#organization\",\"name\":\"Schweizversand.ch\",\"url\":\"https:\\\/\\\/schweizversand.ch\\\/fr\\\/\",\"logo\":{\"@type\":\"ImageObject\",\"inLanguage\":\"fr-FR\",\"@id\":\"https:\\\/\\\/schweizversand.ch\\\/fr\\\/#\\\/schema\\\/logo\\\/image\\\/\",\"url\":\"https:\\\/\\\/schweizversand.ch\\\/wp-content\\\/uploads\\\/2026\\\/03\\\/Logo_Rund_Final-1.png\",\"contentUrl\":\"https:\\\/\\\/schweizversand.ch\\\/wp-content\\\/uploads\\\/2026\\\/03\\\/Logo_Rund_Final-1.png\",\"width\":404,\"height\":404,\"caption\":\"Schweizversand.ch\"},\"image\":{\"@id\":\"https:\\\/\\\/schweizversand.ch\\\/fr\\\/#\\\/schema\\\/logo\\\/image\\\/\"},\"sameAs\":[\"https:\\\/\\\/www.facebook.com\\\/Schweizversand\",\"https:\\\/\\\/www.instagram.com\\\/schweizversand.ch\\\/\"]}]}<\/script>\n<!-- \/ Yoast SEO plugin. -->","yoast_head_json":{"title":"Carta Media Puzzle \"Lebhafte Alpenwiese\" 1000 Teile | Jetzt kaufen | Schweizversand.ch","description":"Carta Media Puzzle \"Lebhafte Alpenwiese\" 1000 Teile g\u00fcnstig kaufen bei Schweizversand.ch. Schnelle Lieferung in der Schweiz. Gratisversand ab CHF 50.","robots":{"index":"index","follow":"follow","max-snippet":"max-snippet:-1","max-image-preview":"max-image-preview:large","max-video-preview":"max-video-preview:-1"},"canonical":"https:\/\/schweizversand.ch\/fr\/produkt\/carta-media-puzzle-lebhafte-alpenwiese-1000-teile\/","og_locale":"fr_FR","og_type":"article","og_title":"Carta Media Puzzle \"Lebhafte Alpenwiese\" 1000 Teile | Jetzt kaufen | Schweizversand.ch","og_description":"Carta Media Puzzle \"Lebhafte Alpenwiese\" 1000 Teile g\u00fcnstig kaufen bei Schweizversand.ch. Schnelle Lieferung in der Schweiz. Gratisversand ab CHF 50.","og_url":"https:\/\/schweizversand.ch\/fr\/produkt\/carta-media-puzzle-lebhafte-alpenwiese-1000-teile\/","og_site_name":"Schweizer Shop f\u00fcr Sport, Spiel und Freizeit","article_publisher":"https:\/\/www.facebook.com\/Schweizversand","article_modified_time":"2026-04-19T13:35:06+00:00","og_image":[{"width":1024,"height":1024,"url":"https:\/\/schweizversand.ch\/wp-content\/uploads\/2026\/02\/5471785993.jpg","type":"image\/jpeg"}],"twitter_card":"summary_large_image","twitter_misc":{"Dur\u00e9e de lecture estim\u00e9e":"1 minute"},"schema":{"@context":"https:\/\/schema.org","@graph":[{"@type":"WebPage","@id":"https:\/\/schweizversand.ch\/fr\/produkt\/carta-media-puzzle-lebhafte-alpenwiese-1000-teile\/","url":"https:\/\/schweizversand.ch\/fr\/produkt\/carta-media-puzzle-lebhafte-alpenwiese-1000-teile\/","name":"Carta Media Puzzle \"Lebhafte Alpenwiese\" 1000 Teile | Jetzt kaufen | Schweizversand.ch","isPartOf":{"@id":"https:\/\/schweizversand.ch\/fr\/#website"},"primaryImageOfPage":{"@id":"https:\/\/schweizversand.ch\/fr\/produkt\/carta-media-puzzle-lebhafte-alpenwiese-1000-teile\/#primaryimage"},"image":{"@id":"https:\/\/schweizversand.ch\/fr\/produkt\/carta-media-puzzle-lebhafte-alpenwiese-1000-teile\/#primaryimage"},"thumbnailUrl":"https:\/\/schweizversand.ch\/wp-content\/uploads\/2026\/02\/5471785993.jpg","datePublished":"2026-03-14T23:55:00+00:00","dateModified":"2026-04-19T13:35:06+00:00","description":"Carta Media Puzzle \"Lebhafte Alpenwiese\" 1000 Teile g\u00fcnstig kaufen bei Schweizversand.ch. Schnelle Lieferung in der Schweiz. Gratisversand ab CHF 50.","breadcrumb":{"@id":"https:\/\/schweizversand.ch\/fr\/produkt\/carta-media-puzzle-lebhafte-alpenwiese-1000-teile\/#breadcrumb"},"inLanguage":"fr-FR","potentialAction":[{"@type":"ReadAction","target":["https:\/\/schweizversand.ch\/fr\/produkt\/carta-media-puzzle-lebhafte-alpenwiese-1000-teile\/"]}]},{"@type":"ImageObject","inLanguage":"fr-FR","@id":"https:\/\/schweizversand.ch\/fr\/produkt\/carta-media-puzzle-lebhafte-alpenwiese-1000-teile\/#primaryimage","url":"https:\/\/schweizversand.ch\/wp-content\/uploads\/2026\/02\/5471785993.jpg","contentUrl":"https:\/\/schweizversand.ch\/wp-content\/uploads\/2026\/02\/5471785993.jpg","width":1024,"height":1024},{"@type":"BreadcrumbList","@id":"https:\/\/schweizversand.ch\/fr\/produkt\/carta-media-puzzle-lebhafte-alpenwiese-1000-teile\/#breadcrumb","itemListElement":[{"@type":"ListItem","position":1,"name":"Startseite","item":"https:\/\/schweizversand.ch\/fr\/home\/"},{"@type":"ListItem","position":2,"name":"Boutique","item":"https:\/\/schweizversand.ch\/fr\/boutique\/"},{"@type":"ListItem","position":3,"name":"Jouets et jeux","item":"https:\/\/schweizversand.ch\/fr\/produkt-kategorie\/jouets-et-jeux\/"},{"@type":"ListItem","position":4,"name":"Jeux et puzzles","item":"https:\/\/schweizversand.ch\/fr\/produkt-kategorie\/jouets-et-jeux\/jeux-et-puzzles\/"},{"@type":"ListItem","position":5,"name":"Puzzles","item":"https:\/\/schweizversand.ch\/fr\/produkt-kategorie\/puzzle\/"},{"@type":"ListItem","position":6,"name":"Puzzle Carta Media \u00ab Prairie alpine anim\u00e9e \u00bb 1000 pi\u00e8ces"}]},{"@type":"WebSite","@id":"https:\/\/schweizversand.ch\/fr\/#website","url":"https:\/\/schweizversand.ch\/fr\/","name":"Schweizer Shop f\u00fcr Sport, Spiel und Freizeit","description":"Gratisversand ab 50.- (netto), ab eigenem schweizer Lager, Lieferung innert 48h","publisher":{"@id":"https:\/\/schweizversand.ch\/fr\/#organization"},"alternateName":"Schweizversand.ch","potentialAction":[{"@type":"SearchAction","target":{"@type":"EntryPoint","urlTemplate":"https:\/\/schweizversand.ch\/fr\/?s={search_term_string}"},"query-input":{"@type":"PropertyValueSpecification","valueRequired":true,"valueName":"search_term_string"}}],"inLanguage":"fr-FR"},{"@type":"Organization","@id":"https:\/\/schweizversand.ch\/fr\/#organization","name":"Schweizversand.ch","url":"https:\/\/schweizversand.ch\/fr\/","logo":{"@type":"ImageObject","inLanguage":"fr-FR","@id":"https:\/\/schweizversand.ch\/fr\/#\/schema\/logo\/image\/","url":"https:\/\/schweizversand.ch\/wp-content\/uploads\/2026\/03\/Logo_Rund_Final-1.png","contentUrl":"https:\/\/schweizversand.ch\/wp-content\/uploads\/2026\/03\/Logo_Rund_Final-1.png","width":404,"height":404,"caption":"Schweizversand.ch"},"image":{"@id":"https:\/\/schweizversand.ch\/fr\/#\/schema\/logo\/image\/"},"sameAs":["https:\/\/www.facebook.com\/Schweizversand","https:\/\/www.instagram.com\/schweizversand.ch\/"]}]}},"jetpack_sharing_enabled":true,"_links":{"self":[{"href":"https:\/\/schweizversand.ch\/fr\/wp-json\/wp\/v2\/product\/255005","targetHints":{"allow":["GET"]}}],"collection":[{"href":"https:\/\/schweizversand.ch\/fr\/wp-json\/wp\/v2\/product"}],"about":[{"href":"https:\/\/schweizversand.ch\/fr\/wp-json\/wp\/v2\/types\/product"}],"replies":[{"embeddable":true,"href":"https:\/\/schweizversand.ch\/fr\/wp-json\/wp\/v2\/comments?post=255005"}],"wp:featuredmedia":[{"embeddable":true,"href":"https:\/\/schweizversand.ch\/fr\/wp-json\/wp\/v2\/media\/159383"}],"wp:attachment":[{"href":"https:\/\/schweizversand.ch\/fr\/wp-json\/wp\/v2\/media?parent=255005"}],"wp:term":[{"taxonomy":"product_brand","embeddable":true,"href":"https:\/\/schweizversand.ch\/fr\/wp-json\/wp\/v2\/product_brand?post=255005"},{"taxonomy":"product_cat","embeddable":true,"href":"https:\/\/schweizversand.ch\/fr\/wp-json\/wp\/v2\/product_cat?post=255005"},{"taxonomy":"product_tag","embeddable":true,"href":"https:\/\/schweizversand.ch\/fr\/wp-json\/wp\/v2\/product_tag?post=255005"}],"curies":[{"name":"wp","href":"https:\/\/api.w.org\/{rel}","templated":true}]}}