{"id":255009,"date":"2026-03-15T00:55:01","date_gmt":"2026-03-14T23:55:01","guid":{"rendered":"https:\/\/schweizversand.ch\/produkt\/on-damen-schuh-cloud-x-ad\/"},"modified":"2026-04-12T02:05:47","modified_gmt":"2026-04-12T00:05:47","slug":"on-damen-schuh-cloud-x-ad","status":"publish","type":"product","link":"https:\/\/schweizversand.ch\/fr\/produkt\/on-damen-schuh-cloud-x-ad\/","title":{"rendered":"Publicit\u00e9 pour la chaussure femme ON Cloud X"},"content":{"rendered":"<p>La Cloud 4 X AD \u2013 Votre chaussure polyvalente pour toutes vos aventures<\/p>\n<p>La Cloud 4 X AD est le partenaire fitness id\u00e9al, performant en toutes circonstances. Que ce soit \u00e0 la salle de sport ou en d\u00e9placement, c&rsquo;est la chaussure parfaite pour toutes vos activit\u00e9s. L\u00e9g\u00e8re, flexible et stable, elle vous offre le confort n\u00e9cessaire pour atteindre vos objectifs et bien plus encore.<\/p>\n<p>Confort et performance exceptionnels<\/p>\n<p>L&#8217;empeigne en mesh fonctionnel offre un excellent toucher de balle et une adh\u00e9rence optimale, tout en maximisant vos performances gr\u00e2ce \u00e0 sa r\u00e9sistance \u00e0 l&rsquo;abrasion. Vous pouvez ainsi compter sur elle \u00e0 chaque entra\u00eenement et pour chaque activit\u00e9, avec style en toutes circonstances.<\/p>\n<p>Plus de flexibilit\u00e9, plus de stabilit\u00e9<\/p>\n<p>La Cloud 4 X AD se distingue par un meilleur maintien du talon et une adh\u00e9rence sp\u00e9ciale en caoutchouc pour une stabilit\u00e9 accrue. Gr\u00e2ce \u00e0 la semelle Speedboard\u00ae \u00e0 fourche, vos mouvements sont plus fluides et naturels, parfaits pour les foul\u00e9es dynamiques et les entra\u00eenements intensifs.<\/p>\n<p>Une technologie qui inspire<\/p>\n<p>Avec un poids de seulement 220 g, la Cloud 4 X AD est \u00e0 la fois l\u00e9g\u00e8re et robuste. L&rsquo;association du polyester recycl\u00e9, du mat\u00e9riau d&rsquo;amorti Helion\u2122 et de la technologie CloudTec\u00ae garantit un confort optimal \u00e0 chaque mouvement. La semelle en caoutchouc offre une excellente adh\u00e9rence, tandis que son design \u00e9l\u00e9gant vous permettra de briller aussi bien \u00e0 la salle de sport qu&rsquo;en ville.<\/p>\n<p>Votre chaussure id\u00e9ale en toutes circonstances. Optez pour la Cloud 4 X AD\u00a0: plus de flexibilit\u00e9, de stabilit\u00e9 et de style pour une vie active r\u00e9ussie.<\/p>\n","protected":false},"excerpt":{"rendered":"<p>La Cloud 4 X AD \u2013 Votre chaussure polyvalente pour toutes vos aventures La Cloud 4 X AD est le partenaire fitness id\u00e9al, performant en toutes circonstances. Que ce soit \u00e0 la salle de sport ou en d\u00e9placement, c&rsquo;est la chaussure parfaite pour toutes vos activit\u00e9s. L\u00e9g\u00e8re, flexible et stable, elle vous offre le confort n\u00e9cessaire pour atteindre vos objectifs et bien plus encore. Confort et performance exceptionnels L&#8217;empeigne en mesh fonctionnel offre un excellent&hellip;<\/p>\n","protected":false},"featured_media":159401,"comment_status":"open","ping_status":"closed","template":"","meta":[],"product_brand":[],"product_cat":[38104,38108],"product_tag":[],"class_list":{"0":"post-255009","1":"product","2":"type-product","3":"status-publish","4":"has-post-thumbnail","6":"product_cat-damenschuhe","7":"product_cat-chaussures-pour-femmes","8":"product_shipping_class-global_methods","10":"first","11":"instock","12":"taxable","13":"shipping-taxable","14":"purchasable","15":"product-type-simple"},"yoast_head":"<!-- This site is optimized with the Yoast SEO plugin v27.3 - https:\/\/yoast.com\/product\/yoast-seo-wordpress\/ -->\n<title>ON Damen Schuh Cloud X AD | Jetzt kaufen | Schweizversand.ch<\/title>\n<meta name=\"description\" content=\"ON Damen Schuh Cloud X AD g\u00fcnstig kaufen bei Schweizversand.ch. Schnelle Lieferung in der Schweiz. Gratisversand ab CHF 50.\" \/>\n<meta name=\"robots\" content=\"index, follow, max-snippet:-1, max-image-preview:large, max-video-preview:-1\" \/>\n<link rel=\"canonical\" href=\"https:\/\/schweizversand.ch\/fr\/produkt\/on-damen-schuh-cloud-x-ad\/\" \/>\n<meta property=\"og:locale\" content=\"fr_FR\" \/>\n<meta property=\"og:type\" content=\"article\" \/>\n<meta property=\"og:title\" content=\"ON Damen Schuh Cloud X AD | Jetzt kaufen | Schweizversand.ch\" \/>\n<meta property=\"og:description\" content=\"ON Damen Schuh Cloud X AD g\u00fcnstig kaufen bei Schweizversand.ch. Schnelle Lieferung in der Schweiz. Gratisversand ab CHF 50.\" \/>\n<meta property=\"og:url\" content=\"https:\/\/schweizversand.ch\/fr\/produkt\/on-damen-schuh-cloud-x-ad\/\" \/>\n<meta property=\"og:site_name\" content=\"Schweizer Shop f\u00fcr Sport, Spiel und Freizeit\" \/>\n<meta property=\"article:publisher\" content=\"https:\/\/www.facebook.com\/Schweizversand\" \/>\n<meta property=\"article:modified_time\" content=\"2026-04-12T00:05:47+00:00\" \/>\n<meta property=\"og:image\" content=\"https:\/\/schweizversand.ch\/wp-content\/uploads\/2026\/02\/5471841638.png\" \/>\n\t<meta property=\"og:image:width\" content=\"1024\" \/>\n\t<meta property=\"og:image:height\" content=\"533\" \/>\n\t<meta property=\"og:image:type\" content=\"image\/png\" \/>\n<meta name=\"twitter:card\" content=\"summary_large_image\" \/>\n<meta name=\"twitter:label1\" content=\"Dur\u00e9e de lecture estim\u00e9e\" \/>\n\t<meta name=\"twitter:data1\" content=\"1 minute\" \/>\n<script type=\"application\/ld+json\" class=\"yoast-schema-graph\">{\"@context\":\"https:\\\/\\\/schema.org\",\"@graph\":[{\"@type\":\"WebPage\",\"@id\":\"https:\\\/\\\/schweizversand.ch\\\/fr\\\/produkt\\\/on-damen-schuh-cloud-x-ad\\\/\",\"url\":\"https:\\\/\\\/schweizversand.ch\\\/fr\\\/produkt\\\/on-damen-schuh-cloud-x-ad\\\/\",\"name\":\"ON Damen Schuh Cloud X AD | Jetzt kaufen | Schweizversand.ch\",\"isPartOf\":{\"@id\":\"https:\\\/\\\/schweizversand.ch\\\/fr\\\/#website\"},\"primaryImageOfPage\":{\"@id\":\"https:\\\/\\\/schweizversand.ch\\\/fr\\\/produkt\\\/on-damen-schuh-cloud-x-ad\\\/#primaryimage\"},\"image\":{\"@id\":\"https:\\\/\\\/schweizversand.ch\\\/fr\\\/produkt\\\/on-damen-schuh-cloud-x-ad\\\/#primaryimage\"},\"thumbnailUrl\":\"https:\\\/\\\/schweizversand.ch\\\/wp-content\\\/uploads\\\/2026\\\/02\\\/5471841638.png\",\"datePublished\":\"2026-03-14T23:55:01+00:00\",\"dateModified\":\"2026-04-12T00:05:47+00:00\",\"description\":\"ON Damen Schuh Cloud X AD g\u00fcnstig kaufen bei Schweizversand.ch. Schnelle Lieferung in der Schweiz. Gratisversand ab CHF 50.\",\"breadcrumb\":{\"@id\":\"https:\\\/\\\/schweizversand.ch\\\/fr\\\/produkt\\\/on-damen-schuh-cloud-x-ad\\\/#breadcrumb\"},\"inLanguage\":\"fr-FR\",\"potentialAction\":[{\"@type\":\"ReadAction\",\"target\":[\"https:\\\/\\\/schweizversand.ch\\\/fr\\\/produkt\\\/on-damen-schuh-cloud-x-ad\\\/\"]}]},{\"@type\":\"ImageObject\",\"inLanguage\":\"fr-FR\",\"@id\":\"https:\\\/\\\/schweizversand.ch\\\/fr\\\/produkt\\\/on-damen-schuh-cloud-x-ad\\\/#primaryimage\",\"url\":\"https:\\\/\\\/schweizversand.ch\\\/wp-content\\\/uploads\\\/2026\\\/02\\\/5471841638.png\",\"contentUrl\":\"https:\\\/\\\/schweizversand.ch\\\/wp-content\\\/uploads\\\/2026\\\/02\\\/5471841638.png\",\"width\":1024,\"height\":533},{\"@type\":\"BreadcrumbList\",\"@id\":\"https:\\\/\\\/schweizversand.ch\\\/fr\\\/produkt\\\/on-damen-schuh-cloud-x-ad\\\/#breadcrumb\",\"itemListElement\":[{\"@type\":\"ListItem\",\"position\":1,\"name\":\"Startseite\",\"item\":\"https:\\\/\\\/schweizversand.ch\\\/fr\\\/\"},{\"@type\":\"ListItem\",\"position\":2,\"name\":\"Boutique\",\"item\":\"https:\\\/\\\/schweizversand.ch\\\/fr\\\/boutique\\\/\"},{\"@type\":\"ListItem\",\"position\":3,\"name\":\"Publicit\u00e9 pour la chaussure femme ON Cloud X\"}]},{\"@type\":\"WebSite\",\"@id\":\"https:\\\/\\\/schweizversand.ch\\\/fr\\\/#website\",\"url\":\"https:\\\/\\\/schweizversand.ch\\\/fr\\\/\",\"name\":\"Schweizer Shop f\u00fcr Sport, Spiel und Freizeit\",\"description\":\"Gratisversand ab 50.- (netto), ab eigenem schweizer Lager, Lieferung innert 48h\",\"publisher\":{\"@id\":\"https:\\\/\\\/schweizversand.ch\\\/fr\\\/#organization\"},\"alternateName\":\"Schweizversand.ch\",\"potentialAction\":[{\"@type\":\"SearchAction\",\"target\":{\"@type\":\"EntryPoint\",\"urlTemplate\":\"https:\\\/\\\/schweizversand.ch\\\/fr\\\/?s={search_term_string}\"},\"query-input\":{\"@type\":\"PropertyValueSpecification\",\"valueRequired\":true,\"valueName\":\"search_term_string\"}}],\"inLanguage\":\"fr-FR\"},{\"@type\":\"Organization\",\"@id\":\"https:\\\/\\\/schweizversand.ch\\\/fr\\\/#organization\",\"name\":\"Schweizversand.ch\",\"url\":\"https:\\\/\\\/schweizversand.ch\\\/fr\\\/\",\"logo\":{\"@type\":\"ImageObject\",\"inLanguage\":\"fr-FR\",\"@id\":\"https:\\\/\\\/schweizversand.ch\\\/fr\\\/#\\\/schema\\\/logo\\\/image\\\/\",\"url\":\"https:\\\/\\\/schweizversand.ch\\\/wp-content\\\/uploads\\\/2026\\\/03\\\/Logo_Rund_Final-1.png\",\"contentUrl\":\"https:\\\/\\\/schweizversand.ch\\\/wp-content\\\/uploads\\\/2026\\\/03\\\/Logo_Rund_Final-1.png\",\"width\":404,\"height\":404,\"caption\":\"Schweizversand.ch\"},\"image\":{\"@id\":\"https:\\\/\\\/schweizversand.ch\\\/fr\\\/#\\\/schema\\\/logo\\\/image\\\/\"},\"sameAs\":[\"https:\\\/\\\/www.facebook.com\\\/Schweizversand\",\"https:\\\/\\\/www.instagram.com\\\/schweizversand.ch\\\/\"]}]}<\/script>\n<!-- \/ Yoast SEO plugin. -->","yoast_head_json":{"title":"ON Damen Schuh Cloud X AD | Jetzt kaufen | Schweizversand.ch","description":"ON Damen Schuh Cloud X AD g\u00fcnstig kaufen bei Schweizversand.ch. Schnelle Lieferung in der Schweiz. Gratisversand ab CHF 50.","robots":{"index":"index","follow":"follow","max-snippet":"max-snippet:-1","max-image-preview":"max-image-preview:large","max-video-preview":"max-video-preview:-1"},"canonical":"https:\/\/schweizversand.ch\/fr\/produkt\/on-damen-schuh-cloud-x-ad\/","og_locale":"fr_FR","og_type":"article","og_title":"ON Damen Schuh Cloud X AD | Jetzt kaufen | Schweizversand.ch","og_description":"ON Damen Schuh Cloud X AD g\u00fcnstig kaufen bei Schweizversand.ch. Schnelle Lieferung in der Schweiz. Gratisversand ab CHF 50.","og_url":"https:\/\/schweizversand.ch\/fr\/produkt\/on-damen-schuh-cloud-x-ad\/","og_site_name":"Schweizer Shop f\u00fcr Sport, Spiel und Freizeit","article_publisher":"https:\/\/www.facebook.com\/Schweizversand","article_modified_time":"2026-04-12T00:05:47+00:00","og_image":[{"width":1024,"height":533,"url":"https:\/\/schweizversand.ch\/wp-content\/uploads\/2026\/02\/5471841638.png","type":"image\/png"}],"twitter_card":"summary_large_image","twitter_misc":{"Dur\u00e9e de lecture estim\u00e9e":"1 minute"},"schema":{"@context":"https:\/\/schema.org","@graph":[{"@type":"WebPage","@id":"https:\/\/schweizversand.ch\/fr\/produkt\/on-damen-schuh-cloud-x-ad\/","url":"https:\/\/schweizversand.ch\/fr\/produkt\/on-damen-schuh-cloud-x-ad\/","name":"ON Damen Schuh Cloud X AD | Jetzt kaufen | Schweizversand.ch","isPartOf":{"@id":"https:\/\/schweizversand.ch\/fr\/#website"},"primaryImageOfPage":{"@id":"https:\/\/schweizversand.ch\/fr\/produkt\/on-damen-schuh-cloud-x-ad\/#primaryimage"},"image":{"@id":"https:\/\/schweizversand.ch\/fr\/produkt\/on-damen-schuh-cloud-x-ad\/#primaryimage"},"thumbnailUrl":"https:\/\/schweizversand.ch\/wp-content\/uploads\/2026\/02\/5471841638.png","datePublished":"2026-03-14T23:55:01+00:00","dateModified":"2026-04-12T00:05:47+00:00","description":"ON Damen Schuh Cloud X AD g\u00fcnstig kaufen bei Schweizversand.ch. Schnelle Lieferung in der Schweiz. Gratisversand ab CHF 50.","breadcrumb":{"@id":"https:\/\/schweizversand.ch\/fr\/produkt\/on-damen-schuh-cloud-x-ad\/#breadcrumb"},"inLanguage":"fr-FR","potentialAction":[{"@type":"ReadAction","target":["https:\/\/schweizversand.ch\/fr\/produkt\/on-damen-schuh-cloud-x-ad\/"]}]},{"@type":"ImageObject","inLanguage":"fr-FR","@id":"https:\/\/schweizversand.ch\/fr\/produkt\/on-damen-schuh-cloud-x-ad\/#primaryimage","url":"https:\/\/schweizversand.ch\/wp-content\/uploads\/2026\/02\/5471841638.png","contentUrl":"https:\/\/schweizversand.ch\/wp-content\/uploads\/2026\/02\/5471841638.png","width":1024,"height":533},{"@type":"BreadcrumbList","@id":"https:\/\/schweizversand.ch\/fr\/produkt\/on-damen-schuh-cloud-x-ad\/#breadcrumb","itemListElement":[{"@type":"ListItem","position":1,"name":"Startseite","item":"https:\/\/schweizversand.ch\/fr\/"},{"@type":"ListItem","position":2,"name":"Boutique","item":"https:\/\/schweizversand.ch\/fr\/boutique\/"},{"@type":"ListItem","position":3,"name":"Publicit\u00e9 pour la chaussure femme ON Cloud X"}]},{"@type":"WebSite","@id":"https:\/\/schweizversand.ch\/fr\/#website","url":"https:\/\/schweizversand.ch\/fr\/","name":"Schweizer Shop f\u00fcr Sport, Spiel und Freizeit","description":"Gratisversand ab 50.- (netto), ab eigenem schweizer Lager, Lieferung innert 48h","publisher":{"@id":"https:\/\/schweizversand.ch\/fr\/#organization"},"alternateName":"Schweizversand.ch","potentialAction":[{"@type":"SearchAction","target":{"@type":"EntryPoint","urlTemplate":"https:\/\/schweizversand.ch\/fr\/?s={search_term_string}"},"query-input":{"@type":"PropertyValueSpecification","valueRequired":true,"valueName":"search_term_string"}}],"inLanguage":"fr-FR"},{"@type":"Organization","@id":"https:\/\/schweizversand.ch\/fr\/#organization","name":"Schweizversand.ch","url":"https:\/\/schweizversand.ch\/fr\/","logo":{"@type":"ImageObject","inLanguage":"fr-FR","@id":"https:\/\/schweizversand.ch\/fr\/#\/schema\/logo\/image\/","url":"https:\/\/schweizversand.ch\/wp-content\/uploads\/2026\/03\/Logo_Rund_Final-1.png","contentUrl":"https:\/\/schweizversand.ch\/wp-content\/uploads\/2026\/03\/Logo_Rund_Final-1.png","width":404,"height":404,"caption":"Schweizversand.ch"},"image":{"@id":"https:\/\/schweizversand.ch\/fr\/#\/schema\/logo\/image\/"},"sameAs":["https:\/\/www.facebook.com\/Schweizversand","https:\/\/www.instagram.com\/schweizversand.ch\/"]}]}},"jetpack_sharing_enabled":true,"_links":{"self":[{"href":"https:\/\/schweizversand.ch\/fr\/wp-json\/wp\/v2\/product\/255009","targetHints":{"allow":["GET"]}}],"collection":[{"href":"https:\/\/schweizversand.ch\/fr\/wp-json\/wp\/v2\/product"}],"about":[{"href":"https:\/\/schweizversand.ch\/fr\/wp-json\/wp\/v2\/types\/product"}],"replies":[{"embeddable":true,"href":"https:\/\/schweizversand.ch\/fr\/wp-json\/wp\/v2\/comments?post=255009"}],"wp:featuredmedia":[{"embeddable":true,"href":"https:\/\/schweizversand.ch\/fr\/wp-json\/wp\/v2\/media\/159401"}],"wp:attachment":[{"href":"https:\/\/schweizversand.ch\/fr\/wp-json\/wp\/v2\/media?parent=255009"}],"wp:term":[{"taxonomy":"product_brand","embeddable":true,"href":"https:\/\/schweizversand.ch\/fr\/wp-json\/wp\/v2\/product_brand?post=255009"},{"taxonomy":"product_cat","embeddable":true,"href":"https:\/\/schweizversand.ch\/fr\/wp-json\/wp\/v2\/product_cat?post=255009"},{"taxonomy":"product_tag","embeddable":true,"href":"https:\/\/schweizversand.ch\/fr\/wp-json\/wp\/v2\/product_tag?post=255009"}],"curies":[{"name":"wp","href":"https:\/\/api.w.org\/{rel}","templated":true}]}}