{"id":255050,"date":"2026-03-15T00:55:07","date_gmt":"2026-03-14T23:55:07","guid":{"rendered":"https:\/\/schweizversand.ch\/produkt\/on-herren-schuh-cloudsurfer-trail-18\/"},"modified":"2026-04-20T02:03:34","modified_gmt":"2026-04-20T00:03:34","slug":"on-herren-schuh-cloudsurfer-trail-18","status":"publish","type":"product","link":"https:\/\/schweizversand.ch\/fr\/produkt\/on-herren-schuh-cloudsurfer-trail-18\/","title":{"rendered":"Chaussure de trail Cloudsurfer pour homme ON"},"content":{"rendered":"<h1><strong>ON Cloudsurfer Trail \u2013 Chaussure de trail<\/strong><\/h1>\n<div>Vivez une libert\u00e9 totale et des performances optimales sur les sentiers les plus exigeants avec la <strong>ON Cloudsurfer Trail<\/strong>. Cette chaussure de <strong>trail<\/strong> innovante a \u00e9t\u00e9 sp\u00e9cialement con\u00e7ue pour les <strong>coureurs de trail<\/strong> qui recherchent une adh\u00e9rence, un amorti et un confort exceptionnels sur tous les terrains.<\/p>\n<\/div>\n<div><strong>Parfaite pour tous les terrains<\/strong><br \/>La ON Cloudsurfer Trail red\u00e9finit le trail. Mont\u00e9es rocailleuses, chemins forestiers boueux ou descentes caillouteuses, cette <strong>chaussure de running tout-terrain<\/strong> vous m\u00e8nera \u00e0 destination en toute s\u00e9curit\u00e9 et avec un contr\u00f4le maximal. C&rsquo;est le partenaire id\u00e9al pour votre prochaine aventure.<\/p>\n<\/div>\n<div><strong>Adh\u00e9rence optimale pour le trail<\/strong><br \/>La semelle ext\u00e9rieure <strong>Missiongrip\u2122<\/strong>, sp\u00e9cialement con\u00e7ue, offre une adh\u00e9rence multidirectionnelle exceptionnelle gr\u00e2ce \u00e0 ses crampons agressifs. Cela vous assure un contr\u00f4le total m\u00eame sur les sentiers glissants ou accident\u00e9s et une adh\u00e9rence maximale, essentielle sur les terrains difficiles.<\/p>\n<\/div>\n<div><strong>Amorti CloudTec\u00ae souple<\/strong><br \/>Malgr\u00e9 sa robustesse, la ON Cloudsurfer offre l&rsquo;amorti CloudTec\u00ae \u00e9prouv\u00e9. La semelle interm\u00e9diaire en super-mousse Helion\u2122 absorbe efficacement les chocs, garantissant des r\u00e9ceptions en douceur et une foul\u00e9e souple et r\u00e9active. Vos articulations sont ainsi soulag\u00e9es lors des longues courses.<\/p>\n<\/div>\n<div><strong>Mat\u00e9riaux et conception<\/strong><br \/>La tige est d\u00e9perlante et prot\u00e8ge efficacement vos pieds de l&rsquo;humidit\u00e9, tout en restant l\u00e9g\u00e8re et respirante. Sa construction robuste et durable fait de ces chaussures de trail pour femmes un alli\u00e9 fiable pour relever tous les d\u00e9fis. Points forts des ON Cloudsurfer Trail\u00a0: &#8211; Chaussures de trail pour femmes, id\u00e9ales pour les terrains accident\u00e9s &#8211; Semelle ext\u00e9rieure Missiongrip\u2122 avec crampons adh\u00e9rents &#8211; Amorti CloudTec\u00ae pour des r\u00e9ceptions en douceur et une propulsion dynamique &#8211; Tige en mesh d\u00e9perlant et hautement respirant &#8211; Construction l\u00e9g\u00e8re et r\u00e9sistante pour les courses exigeantes &#8211; Con\u00e7ues pour une traction, une stabilit\u00e9 et un confort optimaux. Investissez dans les ON Cloudsurfer Trail et d\u00e9couvrez l&rsquo;alliance parfaite de la performance et du confort sur les sentiers. Commandez d\u00e8s maintenant et pr\u00e9parez-vous pour votre prochaine aventure hors des sentiers battus.<\/p>\n","protected":false},"excerpt":{"rendered":"<p>ON Cloudsurfer Trail \u2013 Chaussure de trail Vivez une libert\u00e9 totale et des performances optimales sur les sentiers les plus exigeants avec la ON Cloudsurfer Trail. Cette chaussure de trail innovante a \u00e9t\u00e9 sp\u00e9cialement con\u00e7ue pour les coureurs de trail qui recherchent une adh\u00e9rence, un amorti et un confort exceptionnels sur tous les terrains. Parfaite pour tous les terrainsLa ON Cloudsurfer Trail red\u00e9finit le trail. Mont\u00e9es rocailleuses, chemins forestiers boueux ou descentes caillouteuses, cette chaussure&hellip;<\/p>\n","protected":false},"featured_media":159711,"comment_status":"open","ping_status":"closed","template":"","meta":[],"product_brand":[],"product_cat":[38522,38523],"product_tag":[],"class_list":{"0":"post-255050","1":"product","2":"type-product","3":"status-publish","4":"has-post-thumbnail","6":"product_cat-herrenschuhe","7":"product_cat-chaussures-pour-hommes","8":"product_shipping_class-global_methods","10":"first","11":"instock","12":"taxable","13":"shipping-taxable","14":"purchasable","15":"product-type-simple"},"yoast_head":"<!-- This site is optimized with the Yoast SEO plugin v27.4 - https:\/\/yoast.com\/product\/yoast-seo-wordpress\/ -->\n<title>ON Herren Schuh Cloudsurfer Trail | Jetzt kaufen | Schweizversand.ch<\/title>\n<meta name=\"description\" content=\"ON Herren Schuh Cloudsurfer Trail g\u00fcnstig kaufen bei Schweizversand.ch. Schnelle Lieferung in der Schweiz. Gratisversand ab CHF 50.\" \/>\n<meta name=\"robots\" content=\"index, follow, max-snippet:-1, max-image-preview:large, max-video-preview:-1\" \/>\n<link rel=\"canonical\" href=\"https:\/\/schweizversand.ch\/fr\/produkt\/on-herren-schuh-cloudsurfer-trail-18\/\" \/>\n<meta property=\"og:locale\" content=\"fr_FR\" \/>\n<meta property=\"og:type\" content=\"article\" \/>\n<meta property=\"og:title\" content=\"ON Herren Schuh Cloudsurfer Trail | Jetzt kaufen | Schweizversand.ch\" \/>\n<meta property=\"og:description\" content=\"ON Herren Schuh Cloudsurfer Trail g\u00fcnstig kaufen bei Schweizversand.ch. Schnelle Lieferung in der Schweiz. Gratisversand ab CHF 50.\" \/>\n<meta property=\"og:url\" content=\"https:\/\/schweizversand.ch\/fr\/produkt\/on-herren-schuh-cloudsurfer-trail-18\/\" \/>\n<meta property=\"og:site_name\" content=\"Schweizer Shop f\u00fcr Sport, Spiel und Freizeit\" \/>\n<meta property=\"article:publisher\" content=\"https:\/\/www.facebook.com\/Schweizversand\" \/>\n<meta property=\"article:modified_time\" content=\"2026-04-20T00:03:34+00:00\" \/>\n<meta name=\"twitter:card\" content=\"summary_large_image\" \/>\n<meta name=\"twitter:label1\" content=\"Dur\u00e9e de lecture estim\u00e9e\" \/>\n\t<meta name=\"twitter:data1\" content=\"2 minutes\" \/>\n<script type=\"application\/ld+json\" class=\"yoast-schema-graph\">{\"@context\":\"https:\\\/\\\/schema.org\",\"@graph\":[{\"@type\":\"WebPage\",\"@id\":\"https:\\\/\\\/schweizversand.ch\\\/fr\\\/produkt\\\/on-herren-schuh-cloudsurfer-trail-18\\\/\",\"url\":\"https:\\\/\\\/schweizversand.ch\\\/fr\\\/produkt\\\/on-herren-schuh-cloudsurfer-trail-18\\\/\",\"name\":\"ON Herren Schuh Cloudsurfer Trail | Jetzt kaufen | Schweizversand.ch\",\"isPartOf\":{\"@id\":\"https:\\\/\\\/schweizversand.ch\\\/fr\\\/#website\"},\"primaryImageOfPage\":{\"@id\":\"https:\\\/\\\/schweizversand.ch\\\/fr\\\/produkt\\\/on-herren-schuh-cloudsurfer-trail-18\\\/#primaryimage\"},\"image\":{\"@id\":\"https:\\\/\\\/schweizversand.ch\\\/fr\\\/produkt\\\/on-herren-schuh-cloudsurfer-trail-18\\\/#primaryimage\"},\"thumbnailUrl\":\"https:\\\/\\\/schweizversand.ch\\\/wp-content\\\/uploads\\\/2026\\\/02\\\/5471956458.jpg\",\"datePublished\":\"2026-03-14T23:55:07+00:00\",\"dateModified\":\"2026-04-20T00:03:34+00:00\",\"description\":\"ON Herren Schuh Cloudsurfer Trail g\u00fcnstig kaufen bei Schweizversand.ch. Schnelle Lieferung in der Schweiz. Gratisversand ab CHF 50.\",\"breadcrumb\":{\"@id\":\"https:\\\/\\\/schweizversand.ch\\\/fr\\\/produkt\\\/on-herren-schuh-cloudsurfer-trail-18\\\/#breadcrumb\"},\"inLanguage\":\"fr-FR\",\"potentialAction\":[{\"@type\":\"ReadAction\",\"target\":[\"https:\\\/\\\/schweizversand.ch\\\/fr\\\/produkt\\\/on-herren-schuh-cloudsurfer-trail-18\\\/\"]}]},{\"@type\":\"ImageObject\",\"inLanguage\":\"fr-FR\",\"@id\":\"https:\\\/\\\/schweizversand.ch\\\/fr\\\/produkt\\\/on-herren-schuh-cloudsurfer-trail-18\\\/#primaryimage\",\"url\":\"https:\\\/\\\/schweizversand.ch\\\/wp-content\\\/uploads\\\/2026\\\/02\\\/5471956458.jpg\",\"contentUrl\":\"https:\\\/\\\/schweizversand.ch\\\/wp-content\\\/uploads\\\/2026\\\/02\\\/5471956458.jpg\",\"width\":1024,\"height\":1024},{\"@type\":\"BreadcrumbList\",\"@id\":\"https:\\\/\\\/schweizversand.ch\\\/fr\\\/produkt\\\/on-herren-schuh-cloudsurfer-trail-18\\\/#breadcrumb\",\"itemListElement\":[{\"@type\":\"ListItem\",\"position\":1,\"name\":\"Startseite\",\"item\":\"https:\\\/\\\/schweizversand.ch\\\/fr\\\/home\\\/\"},{\"@type\":\"ListItem\",\"position\":2,\"name\":\"Boutique\",\"item\":\"https:\\\/\\\/schweizversand.ch\\\/fr\\\/boutique\\\/\"},{\"@type\":\"ListItem\",\"position\":3,\"name\":\"Mode\",\"item\":\"https:\\\/\\\/schweizversand.ch\\\/fr\\\/produkt-kategorie\\\/mode-fr\\\/\"},{\"@type\":\"ListItem\",\"position\":4,\"name\":\"Mode masculine\",\"item\":\"https:\\\/\\\/schweizversand.ch\\\/fr\\\/produkt-kategorie\\\/mode\\\/mode-masculine\\\/\"},{\"@type\":\"ListItem\",\"position\":5,\"name\":\"Chaussures pour hommes\",\"item\":\"https:\\\/\\\/schweizversand.ch\\\/fr\\\/produkt-kategorie\\\/mode\\\/mode-masculine\\\/chaussures-pour-hommes\\\/\"},{\"@type\":\"ListItem\",\"position\":6,\"name\":\"Chaussure de trail Cloudsurfer pour homme ON\"}]},{\"@type\":\"WebSite\",\"@id\":\"https:\\\/\\\/schweizversand.ch\\\/fr\\\/#website\",\"url\":\"https:\\\/\\\/schweizversand.ch\\\/fr\\\/\",\"name\":\"Schweizer Shop f\u00fcr Sport, Spiel und Freizeit\",\"description\":\"Gratisversand ab 50.- (netto), ab eigenem schweizer Lager, Lieferung innert 48h\",\"publisher\":{\"@id\":\"https:\\\/\\\/schweizversand.ch\\\/fr\\\/#organization\"},\"alternateName\":\"Schweizversand.ch\",\"potentialAction\":[{\"@type\":\"SearchAction\",\"target\":{\"@type\":\"EntryPoint\",\"urlTemplate\":\"https:\\\/\\\/schweizversand.ch\\\/fr\\\/?s={search_term_string}\"},\"query-input\":{\"@type\":\"PropertyValueSpecification\",\"valueRequired\":true,\"valueName\":\"search_term_string\"}}],\"inLanguage\":\"fr-FR\"},{\"@type\":\"Organization\",\"@id\":\"https:\\\/\\\/schweizversand.ch\\\/fr\\\/#organization\",\"name\":\"Schweizversand.ch\",\"url\":\"https:\\\/\\\/schweizversand.ch\\\/fr\\\/\",\"logo\":{\"@type\":\"ImageObject\",\"inLanguage\":\"fr-FR\",\"@id\":\"https:\\\/\\\/schweizversand.ch\\\/fr\\\/#\\\/schema\\\/logo\\\/image\\\/\",\"url\":\"https:\\\/\\\/schweizversand.ch\\\/wp-content\\\/uploads\\\/2026\\\/03\\\/Logo_Rund_Final-1.png\",\"contentUrl\":\"https:\\\/\\\/schweizversand.ch\\\/wp-content\\\/uploads\\\/2026\\\/03\\\/Logo_Rund_Final-1.png\",\"width\":404,\"height\":404,\"caption\":\"Schweizversand.ch\"},\"image\":{\"@id\":\"https:\\\/\\\/schweizversand.ch\\\/fr\\\/#\\\/schema\\\/logo\\\/image\\\/\"},\"sameAs\":[\"https:\\\/\\\/www.facebook.com\\\/Schweizversand\",\"https:\\\/\\\/www.instagram.com\\\/schweizversand.ch\\\/\"]}]}<\/script>\n<!-- \/ Yoast SEO plugin. -->","yoast_head_json":{"title":"ON Herren Schuh Cloudsurfer Trail | Jetzt kaufen | Schweizversand.ch","description":"ON Herren Schuh Cloudsurfer Trail g\u00fcnstig kaufen bei Schweizversand.ch. Schnelle Lieferung in der Schweiz. Gratisversand ab CHF 50.","robots":{"index":"index","follow":"follow","max-snippet":"max-snippet:-1","max-image-preview":"max-image-preview:large","max-video-preview":"max-video-preview:-1"},"canonical":"https:\/\/schweizversand.ch\/fr\/produkt\/on-herren-schuh-cloudsurfer-trail-18\/","og_locale":"fr_FR","og_type":"article","og_title":"ON Herren Schuh Cloudsurfer Trail | Jetzt kaufen | Schweizversand.ch","og_description":"ON Herren Schuh Cloudsurfer Trail g\u00fcnstig kaufen bei Schweizversand.ch. Schnelle Lieferung in der Schweiz. Gratisversand ab CHF 50.","og_url":"https:\/\/schweizversand.ch\/fr\/produkt\/on-herren-schuh-cloudsurfer-trail-18\/","og_site_name":"Schweizer Shop f\u00fcr Sport, Spiel und Freizeit","article_publisher":"https:\/\/www.facebook.com\/Schweizversand","article_modified_time":"2026-04-20T00:03:34+00:00","twitter_card":"summary_large_image","twitter_misc":{"Dur\u00e9e de lecture estim\u00e9e":"2 minutes"},"schema":{"@context":"https:\/\/schema.org","@graph":[{"@type":"WebPage","@id":"https:\/\/schweizversand.ch\/fr\/produkt\/on-herren-schuh-cloudsurfer-trail-18\/","url":"https:\/\/schweizversand.ch\/fr\/produkt\/on-herren-schuh-cloudsurfer-trail-18\/","name":"ON Herren Schuh Cloudsurfer Trail | Jetzt kaufen | Schweizversand.ch","isPartOf":{"@id":"https:\/\/schweizversand.ch\/fr\/#website"},"primaryImageOfPage":{"@id":"https:\/\/schweizversand.ch\/fr\/produkt\/on-herren-schuh-cloudsurfer-trail-18\/#primaryimage"},"image":{"@id":"https:\/\/schweizversand.ch\/fr\/produkt\/on-herren-schuh-cloudsurfer-trail-18\/#primaryimage"},"thumbnailUrl":"https:\/\/schweizversand.ch\/wp-content\/uploads\/2026\/02\/5471956458.jpg","datePublished":"2026-03-14T23:55:07+00:00","dateModified":"2026-04-20T00:03:34+00:00","description":"ON Herren Schuh Cloudsurfer Trail g\u00fcnstig kaufen bei Schweizversand.ch. Schnelle Lieferung in der Schweiz. Gratisversand ab CHF 50.","breadcrumb":{"@id":"https:\/\/schweizversand.ch\/fr\/produkt\/on-herren-schuh-cloudsurfer-trail-18\/#breadcrumb"},"inLanguage":"fr-FR","potentialAction":[{"@type":"ReadAction","target":["https:\/\/schweizversand.ch\/fr\/produkt\/on-herren-schuh-cloudsurfer-trail-18\/"]}]},{"@type":"ImageObject","inLanguage":"fr-FR","@id":"https:\/\/schweizversand.ch\/fr\/produkt\/on-herren-schuh-cloudsurfer-trail-18\/#primaryimage","url":"https:\/\/schweizversand.ch\/wp-content\/uploads\/2026\/02\/5471956458.jpg","contentUrl":"https:\/\/schweizversand.ch\/wp-content\/uploads\/2026\/02\/5471956458.jpg","width":1024,"height":1024},{"@type":"BreadcrumbList","@id":"https:\/\/schweizversand.ch\/fr\/produkt\/on-herren-schuh-cloudsurfer-trail-18\/#breadcrumb","itemListElement":[{"@type":"ListItem","position":1,"name":"Startseite","item":"https:\/\/schweizversand.ch\/fr\/home\/"},{"@type":"ListItem","position":2,"name":"Boutique","item":"https:\/\/schweizversand.ch\/fr\/boutique\/"},{"@type":"ListItem","position":3,"name":"Mode","item":"https:\/\/schweizversand.ch\/fr\/produkt-kategorie\/mode-fr\/"},{"@type":"ListItem","position":4,"name":"Mode masculine","item":"https:\/\/schweizversand.ch\/fr\/produkt-kategorie\/mode\/mode-masculine\/"},{"@type":"ListItem","position":5,"name":"Chaussures pour hommes","item":"https:\/\/schweizversand.ch\/fr\/produkt-kategorie\/mode\/mode-masculine\/chaussures-pour-hommes\/"},{"@type":"ListItem","position":6,"name":"Chaussure de trail Cloudsurfer pour homme ON"}]},{"@type":"WebSite","@id":"https:\/\/schweizversand.ch\/fr\/#website","url":"https:\/\/schweizversand.ch\/fr\/","name":"Schweizer Shop f\u00fcr Sport, Spiel und Freizeit","description":"Gratisversand ab 50.- (netto), ab eigenem schweizer Lager, Lieferung innert 48h","publisher":{"@id":"https:\/\/schweizversand.ch\/fr\/#organization"},"alternateName":"Schweizversand.ch","potentialAction":[{"@type":"SearchAction","target":{"@type":"EntryPoint","urlTemplate":"https:\/\/schweizversand.ch\/fr\/?s={search_term_string}"},"query-input":{"@type":"PropertyValueSpecification","valueRequired":true,"valueName":"search_term_string"}}],"inLanguage":"fr-FR"},{"@type":"Organization","@id":"https:\/\/schweizversand.ch\/fr\/#organization","name":"Schweizversand.ch","url":"https:\/\/schweizversand.ch\/fr\/","logo":{"@type":"ImageObject","inLanguage":"fr-FR","@id":"https:\/\/schweizversand.ch\/fr\/#\/schema\/logo\/image\/","url":"https:\/\/schweizversand.ch\/wp-content\/uploads\/2026\/03\/Logo_Rund_Final-1.png","contentUrl":"https:\/\/schweizversand.ch\/wp-content\/uploads\/2026\/03\/Logo_Rund_Final-1.png","width":404,"height":404,"caption":"Schweizversand.ch"},"image":{"@id":"https:\/\/schweizversand.ch\/fr\/#\/schema\/logo\/image\/"},"sameAs":["https:\/\/www.facebook.com\/Schweizversand","https:\/\/www.instagram.com\/schweizversand.ch\/"]}]}},"jetpack_sharing_enabled":true,"_links":{"self":[{"href":"https:\/\/schweizversand.ch\/fr\/wp-json\/wp\/v2\/product\/255050","targetHints":{"allow":["GET"]}}],"collection":[{"href":"https:\/\/schweizversand.ch\/fr\/wp-json\/wp\/v2\/product"}],"about":[{"href":"https:\/\/schweizversand.ch\/fr\/wp-json\/wp\/v2\/types\/product"}],"replies":[{"embeddable":true,"href":"https:\/\/schweizversand.ch\/fr\/wp-json\/wp\/v2\/comments?post=255050"}],"wp:featuredmedia":[{"embeddable":true,"href":"https:\/\/schweizversand.ch\/fr\/wp-json\/wp\/v2\/media\/159711"}],"wp:attachment":[{"href":"https:\/\/schweizversand.ch\/fr\/wp-json\/wp\/v2\/media?parent=255050"}],"wp:term":[{"taxonomy":"product_brand","embeddable":true,"href":"https:\/\/schweizversand.ch\/fr\/wp-json\/wp\/v2\/product_brand?post=255050"},{"taxonomy":"product_cat","embeddable":true,"href":"https:\/\/schweizversand.ch\/fr\/wp-json\/wp\/v2\/product_cat?post=255050"},{"taxonomy":"product_tag","embeddable":true,"href":"https:\/\/schweizversand.ch\/fr\/wp-json\/wp\/v2\/product_tag?post=255050"}],"curies":[{"name":"wp","href":"https:\/\/api.w.org\/{rel}","templated":true}]}}