{"id":255051,"date":"2026-03-15T00:55:07","date_gmt":"2026-03-14T23:55:07","guid":{"rendered":"https:\/\/schweizversand.ch\/produkt\/on-herren-schuh-cloudsurfer-trail-19\/"},"modified":"2026-04-20T02:03:34","modified_gmt":"2026-04-20T00:03:34","slug":"on-herren-schuh-cloudsurfer-trail-19","status":"publish","type":"product","link":"https:\/\/schweizversand.ch\/fr\/produkt\/on-herren-schuh-cloudsurfer-trail-19\/","title":{"rendered":"Chaussure de trail Cloudsurfer pour homme ON"},"content":{"rendered":"<p>ON Cloudsurfer Trail \u2013 Vivez la libert\u00e9 sur tous les terrains<\/p>\n<\/p>\n<p>Pour toutes les passionn\u00e9es d&rsquo;aventure\u00a0: la chaussure de trail id\u00e9ale pour les terrains exigeants.<\/p>\n<\/p>\n<p>Red\u00e9couvrez le trail avec la ON Cloudsurfer Trail pour femmes. Chemins rocailleux, mont\u00e9es boueuses ou descentes caillouteuses\u00a0: cette chaussure vous m\u00e8nera \u00e0 destination en toute s\u00e9curit\u00e9, confortablement et avec une adh\u00e9rence maximale. Con\u00e7ue pour les coureuses de trail qui ne font aucun compromis.<\/p>\n<\/p>\n<p>Adh\u00e9rence optimale pour le trail \u2013 une traction maximale sur tous les terrains<\/p>\n<\/p>\n<p>La semelle ext\u00e9rieure Missiongrip\u2122 sp\u00e9cialement d\u00e9velopp\u00e9e, avec son profil agressif, offre une traction multidirectionnelle exceptionnelle, id\u00e9ale pour les sentiers glissants, escarp\u00e9s ou accident\u00e9s. Vous gardez ainsi un contr\u00f4le total m\u00eame dans les conditions les plus difficiles.<\/p>\n<\/p>\n<p>Amorti CloudTec\u00ae souple \u2013 un confort sur toutes les surfaces<\/p>\n<\/p>\n<p>Malgr\u00e9 ses capacit\u00e9s tout-terrain, la Cloudsurfer Trail est dot\u00e9e du c\u00e9l\u00e8bre amorti CloudTec\u00ae, pour des r\u00e9ceptions en douceur et une foul\u00e9e souple et r\u00e9active. La semelle interm\u00e9diaire en super-mousse Helion\u2122 absorbe efficacement les chocs et soulage vos articulations \u00e0 chaque pas.<\/p>\n<\/p>\n<p>Tige d\u00e9perlante et respirante<\/p>\n<\/p>\n<p>La tige d\u00e9perlante prot\u00e8ge efficacement vos pieds de l&rsquo;humidit\u00e9 tout en restant l\u00e9g\u00e8re et respirante \u2013 id\u00e9ale par temps changeant et pour les longues courses en sentier.<\/p>\n<\/p>\n<p>Robuste, durable et l\u00e9g\u00e8re<\/p>\n<\/p>\n<p>La Cloudsurfer Trail a \u00e9t\u00e9 sp\u00e9cialement con\u00e7ue pour les d\u00e9fis du trail : des mat\u00e9riaux r\u00e9sistants, une fabrication pr\u00e9cise et une conception l\u00e9g\u00e8re garantissent des performances fiables.<\/p>\n<\/p>\n<p>Points forts de la ON Cloudsurfer Trail<\/p>\n<\/p>\n<p>\u2022 Chaussures de trail pour femmes \u2013 id\u00e9ales pour les sentiers de montagne, les chemins forestiers et les terrains accident\u00e9s<\/p>\n<\/p>\n<p>\u2022 Semelle ext\u00e9rieure Missiongrip\u2122 avec crampons adh\u00e9rents<\/p>\n<\/p>\n<p>\u2022 Amorti CloudTec\u00ae pour des r\u00e9ceptions en douceur et une propulsion dynamique<\/p>\n<\/p>\n<p>\u2022 Tige en mesh d\u00e9perlant hautement respirant<\/p>\n<\/p>\n<p>\u2022 Construction l\u00e9g\u00e8re et durable pour les courses exigeantes<\/p>\n<\/p>\n<p>\u2022 Con\u00e7ue pour une traction, une stabilit\u00e9 et un confort optimaux \u00e0 chaque foul\u00e9e<\/p>\n","protected":false},"excerpt":{"rendered":"<p>ON Cloudsurfer Trail \u2013 Vivez la libert\u00e9 sur tous les terrains Pour toutes les passionn\u00e9es d&rsquo;aventure\u00a0: la chaussure de trail id\u00e9ale pour les terrains exigeants. Red\u00e9couvrez le trail avec la ON Cloudsurfer Trail pour femmes. Chemins rocailleux, mont\u00e9es boueuses ou descentes caillouteuses\u00a0: cette chaussure vous m\u00e8nera \u00e0 destination en toute s\u00e9curit\u00e9, confortablement et avec une adh\u00e9rence maximale. Con\u00e7ue pour les coureuses de trail qui ne font aucun compromis. Adh\u00e9rence optimale pour le trail \u2013 une&hellip;<\/p>\n","protected":false},"featured_media":159717,"comment_status":"open","ping_status":"closed","template":"","meta":[],"product_brand":[],"product_cat":[38522,38523],"product_tag":[],"class_list":{"0":"post-255051","1":"product","2":"type-product","3":"status-publish","4":"has-post-thumbnail","6":"product_cat-herrenschuhe","7":"product_cat-chaussures-pour-hommes","8":"product_shipping_class-global_methods","10":"first","11":"instock","12":"taxable","13":"shipping-taxable","14":"purchasable","15":"product-type-simple"},"yoast_head":"<!-- This site is optimized with the Yoast SEO plugin v27.4 - https:\/\/yoast.com\/product\/yoast-seo-wordpress\/ -->\n<title>ON Herren Schuh Cloudsurfer Trail | Jetzt kaufen | Schweizversand.ch<\/title>\n<meta name=\"description\" content=\"ON Herren Schuh Cloudsurfer Trail g\u00fcnstig kaufen bei Schweizversand.ch. Schnelle Lieferung in der Schweiz. Gratisversand ab CHF 50.\" \/>\n<meta name=\"robots\" content=\"index, follow, max-snippet:-1, max-image-preview:large, max-video-preview:-1\" \/>\n<link rel=\"canonical\" href=\"https:\/\/schweizversand.ch\/fr\/produkt\/on-herren-schuh-cloudsurfer-trail-19\/\" \/>\n<meta property=\"og:locale\" content=\"fr_FR\" \/>\n<meta property=\"og:type\" content=\"article\" \/>\n<meta property=\"og:title\" content=\"ON Herren Schuh Cloudsurfer Trail | Jetzt kaufen | Schweizversand.ch\" \/>\n<meta property=\"og:description\" content=\"ON Herren Schuh Cloudsurfer Trail g\u00fcnstig kaufen bei Schweizversand.ch. Schnelle Lieferung in der Schweiz. Gratisversand ab CHF 50.\" \/>\n<meta property=\"og:url\" content=\"https:\/\/schweizversand.ch\/fr\/produkt\/on-herren-schuh-cloudsurfer-trail-19\/\" \/>\n<meta property=\"og:site_name\" content=\"Schweizer Shop f\u00fcr Sport, Spiel und Freizeit\" \/>\n<meta property=\"article:publisher\" content=\"https:\/\/www.facebook.com\/Schweizversand\" \/>\n<meta property=\"article:modified_time\" content=\"2026-04-20T00:03:34+00:00\" \/>\n<meta name=\"twitter:card\" content=\"summary_large_image\" \/>\n<meta name=\"twitter:label1\" content=\"Dur\u00e9e de lecture estim\u00e9e\" \/>\n\t<meta name=\"twitter:data1\" content=\"2 minutes\" \/>\n<script type=\"application\/ld+json\" class=\"yoast-schema-graph\">{\"@context\":\"https:\\\/\\\/schema.org\",\"@graph\":[{\"@type\":\"WebPage\",\"@id\":\"https:\\\/\\\/schweizversand.ch\\\/fr\\\/produkt\\\/on-herren-schuh-cloudsurfer-trail-19\\\/\",\"url\":\"https:\\\/\\\/schweizversand.ch\\\/fr\\\/produkt\\\/on-herren-schuh-cloudsurfer-trail-19\\\/\",\"name\":\"ON Herren Schuh Cloudsurfer Trail | Jetzt kaufen | Schweizversand.ch\",\"isPartOf\":{\"@id\":\"https:\\\/\\\/schweizversand.ch\\\/fr\\\/#website\"},\"primaryImageOfPage\":{\"@id\":\"https:\\\/\\\/schweizversand.ch\\\/fr\\\/produkt\\\/on-herren-schuh-cloudsurfer-trail-19\\\/#primaryimage\"},\"image\":{\"@id\":\"https:\\\/\\\/schweizversand.ch\\\/fr\\\/produkt\\\/on-herren-schuh-cloudsurfer-trail-19\\\/#primaryimage\"},\"thumbnailUrl\":\"https:\\\/\\\/schweizversand.ch\\\/wp-content\\\/uploads\\\/2026\\\/02\\\/5471961014.jpg\",\"datePublished\":\"2026-03-14T23:55:07+00:00\",\"dateModified\":\"2026-04-20T00:03:34+00:00\",\"description\":\"ON Herren Schuh Cloudsurfer Trail g\u00fcnstig kaufen bei Schweizversand.ch. Schnelle Lieferung in der Schweiz. Gratisversand ab CHF 50.\",\"breadcrumb\":{\"@id\":\"https:\\\/\\\/schweizversand.ch\\\/fr\\\/produkt\\\/on-herren-schuh-cloudsurfer-trail-19\\\/#breadcrumb\"},\"inLanguage\":\"fr-FR\",\"potentialAction\":[{\"@type\":\"ReadAction\",\"target\":[\"https:\\\/\\\/schweizversand.ch\\\/fr\\\/produkt\\\/on-herren-schuh-cloudsurfer-trail-19\\\/\"]}]},{\"@type\":\"ImageObject\",\"inLanguage\":\"fr-FR\",\"@id\":\"https:\\\/\\\/schweizversand.ch\\\/fr\\\/produkt\\\/on-herren-schuh-cloudsurfer-trail-19\\\/#primaryimage\",\"url\":\"https:\\\/\\\/schweizversand.ch\\\/wp-content\\\/uploads\\\/2026\\\/02\\\/5471961014.jpg\",\"contentUrl\":\"https:\\\/\\\/schweizversand.ch\\\/wp-content\\\/uploads\\\/2026\\\/02\\\/5471961014.jpg\",\"width\":1024,\"height\":1024},{\"@type\":\"BreadcrumbList\",\"@id\":\"https:\\\/\\\/schweizversand.ch\\\/fr\\\/produkt\\\/on-herren-schuh-cloudsurfer-trail-19\\\/#breadcrumb\",\"itemListElement\":[{\"@type\":\"ListItem\",\"position\":1,\"name\":\"Startseite\",\"item\":\"https:\\\/\\\/schweizversand.ch\\\/fr\\\/home\\\/\"},{\"@type\":\"ListItem\",\"position\":2,\"name\":\"Boutique\",\"item\":\"https:\\\/\\\/schweizversand.ch\\\/fr\\\/boutique\\\/\"},{\"@type\":\"ListItem\",\"position\":3,\"name\":\"Mode\",\"item\":\"https:\\\/\\\/schweizversand.ch\\\/fr\\\/produkt-kategorie\\\/mode-fr\\\/\"},{\"@type\":\"ListItem\",\"position\":4,\"name\":\"Mode masculine\",\"item\":\"https:\\\/\\\/schweizversand.ch\\\/fr\\\/produkt-kategorie\\\/mode-fr\\\/mode-masculine\\\/\"},{\"@type\":\"ListItem\",\"position\":5,\"name\":\"Chaussures pour hommes\",\"item\":\"https:\\\/\\\/schweizversand.ch\\\/fr\\\/produkt-kategorie\\\/mode-fr\\\/mode-masculine\\\/herrenschuhe\\\/\"},{\"@type\":\"ListItem\",\"position\":6,\"name\":\"Chaussure de trail Cloudsurfer pour homme ON\"}]},{\"@type\":\"WebSite\",\"@id\":\"https:\\\/\\\/schweizversand.ch\\\/fr\\\/#website\",\"url\":\"https:\\\/\\\/schweizversand.ch\\\/fr\\\/\",\"name\":\"Schweizer Shop f\u00fcr Sport, Spiel und Freizeit\",\"description\":\"Gratisversand ab 50.- (netto), ab eigenem schweizer Lager, Lieferung innert 48h\",\"publisher\":{\"@id\":\"https:\\\/\\\/schweizversand.ch\\\/fr\\\/#organization\"},\"alternateName\":\"Schweizversand.ch\",\"potentialAction\":[{\"@type\":\"SearchAction\",\"target\":{\"@type\":\"EntryPoint\",\"urlTemplate\":\"https:\\\/\\\/schweizversand.ch\\\/fr\\\/?s={search_term_string}\"},\"query-input\":{\"@type\":\"PropertyValueSpecification\",\"valueRequired\":true,\"valueName\":\"search_term_string\"}}],\"inLanguage\":\"fr-FR\"},{\"@type\":\"Organization\",\"@id\":\"https:\\\/\\\/schweizversand.ch\\\/fr\\\/#organization\",\"name\":\"Schweizversand.ch\",\"url\":\"https:\\\/\\\/schweizversand.ch\\\/fr\\\/\",\"logo\":{\"@type\":\"ImageObject\",\"inLanguage\":\"fr-FR\",\"@id\":\"https:\\\/\\\/schweizversand.ch\\\/fr\\\/#\\\/schema\\\/logo\\\/image\\\/\",\"url\":\"https:\\\/\\\/schweizversand.ch\\\/wp-content\\\/uploads\\\/2026\\\/03\\\/Logo_Rund_Final-1.png\",\"contentUrl\":\"https:\\\/\\\/schweizversand.ch\\\/wp-content\\\/uploads\\\/2026\\\/03\\\/Logo_Rund_Final-1.png\",\"width\":404,\"height\":404,\"caption\":\"Schweizversand.ch\"},\"image\":{\"@id\":\"https:\\\/\\\/schweizversand.ch\\\/fr\\\/#\\\/schema\\\/logo\\\/image\\\/\"},\"sameAs\":[\"https:\\\/\\\/www.facebook.com\\\/Schweizversand\",\"https:\\\/\\\/www.instagram.com\\\/schweizversand.ch\\\/\"]}]}<\/script>\n<!-- \/ Yoast SEO plugin. -->","yoast_head_json":{"title":"ON Herren Schuh Cloudsurfer Trail | Jetzt kaufen | Schweizversand.ch","description":"ON Herren Schuh Cloudsurfer Trail g\u00fcnstig kaufen bei Schweizversand.ch. Schnelle Lieferung in der Schweiz. Gratisversand ab CHF 50.","robots":{"index":"index","follow":"follow","max-snippet":"max-snippet:-1","max-image-preview":"max-image-preview:large","max-video-preview":"max-video-preview:-1"},"canonical":"https:\/\/schweizversand.ch\/fr\/produkt\/on-herren-schuh-cloudsurfer-trail-19\/","og_locale":"fr_FR","og_type":"article","og_title":"ON Herren Schuh Cloudsurfer Trail | Jetzt kaufen | Schweizversand.ch","og_description":"ON Herren Schuh Cloudsurfer Trail g\u00fcnstig kaufen bei Schweizversand.ch. Schnelle Lieferung in der Schweiz. Gratisversand ab CHF 50.","og_url":"https:\/\/schweizversand.ch\/fr\/produkt\/on-herren-schuh-cloudsurfer-trail-19\/","og_site_name":"Schweizer Shop f\u00fcr Sport, Spiel und Freizeit","article_publisher":"https:\/\/www.facebook.com\/Schweizversand","article_modified_time":"2026-04-20T00:03:34+00:00","twitter_card":"summary_large_image","twitter_misc":{"Dur\u00e9e de lecture estim\u00e9e":"2 minutes"},"schema":{"@context":"https:\/\/schema.org","@graph":[{"@type":"WebPage","@id":"https:\/\/schweizversand.ch\/fr\/produkt\/on-herren-schuh-cloudsurfer-trail-19\/","url":"https:\/\/schweizversand.ch\/fr\/produkt\/on-herren-schuh-cloudsurfer-trail-19\/","name":"ON Herren Schuh Cloudsurfer Trail | Jetzt kaufen | Schweizversand.ch","isPartOf":{"@id":"https:\/\/schweizversand.ch\/fr\/#website"},"primaryImageOfPage":{"@id":"https:\/\/schweizversand.ch\/fr\/produkt\/on-herren-schuh-cloudsurfer-trail-19\/#primaryimage"},"image":{"@id":"https:\/\/schweizversand.ch\/fr\/produkt\/on-herren-schuh-cloudsurfer-trail-19\/#primaryimage"},"thumbnailUrl":"https:\/\/schweizversand.ch\/wp-content\/uploads\/2026\/02\/5471961014.jpg","datePublished":"2026-03-14T23:55:07+00:00","dateModified":"2026-04-20T00:03:34+00:00","description":"ON Herren Schuh Cloudsurfer Trail g\u00fcnstig kaufen bei Schweizversand.ch. Schnelle Lieferung in der Schweiz. Gratisversand ab CHF 50.","breadcrumb":{"@id":"https:\/\/schweizversand.ch\/fr\/produkt\/on-herren-schuh-cloudsurfer-trail-19\/#breadcrumb"},"inLanguage":"fr-FR","potentialAction":[{"@type":"ReadAction","target":["https:\/\/schweizversand.ch\/fr\/produkt\/on-herren-schuh-cloudsurfer-trail-19\/"]}]},{"@type":"ImageObject","inLanguage":"fr-FR","@id":"https:\/\/schweizversand.ch\/fr\/produkt\/on-herren-schuh-cloudsurfer-trail-19\/#primaryimage","url":"https:\/\/schweizversand.ch\/wp-content\/uploads\/2026\/02\/5471961014.jpg","contentUrl":"https:\/\/schweizversand.ch\/wp-content\/uploads\/2026\/02\/5471961014.jpg","width":1024,"height":1024},{"@type":"BreadcrumbList","@id":"https:\/\/schweizversand.ch\/fr\/produkt\/on-herren-schuh-cloudsurfer-trail-19\/#breadcrumb","itemListElement":[{"@type":"ListItem","position":1,"name":"Startseite","item":"https:\/\/schweizversand.ch\/fr\/home\/"},{"@type":"ListItem","position":2,"name":"Boutique","item":"https:\/\/schweizversand.ch\/fr\/boutique\/"},{"@type":"ListItem","position":3,"name":"Mode","item":"https:\/\/schweizversand.ch\/fr\/produkt-kategorie\/mode-fr\/"},{"@type":"ListItem","position":4,"name":"Mode masculine","item":"https:\/\/schweizversand.ch\/fr\/produkt-kategorie\/mode-fr\/mode-masculine\/"},{"@type":"ListItem","position":5,"name":"Chaussures pour hommes","item":"https:\/\/schweizversand.ch\/fr\/produkt-kategorie\/mode-fr\/mode-masculine\/herrenschuhe\/"},{"@type":"ListItem","position":6,"name":"Chaussure de trail Cloudsurfer pour homme ON"}]},{"@type":"WebSite","@id":"https:\/\/schweizversand.ch\/fr\/#website","url":"https:\/\/schweizversand.ch\/fr\/","name":"Schweizer Shop f\u00fcr Sport, Spiel und Freizeit","description":"Gratisversand ab 50.- (netto), ab eigenem schweizer Lager, Lieferung innert 48h","publisher":{"@id":"https:\/\/schweizversand.ch\/fr\/#organization"},"alternateName":"Schweizversand.ch","potentialAction":[{"@type":"SearchAction","target":{"@type":"EntryPoint","urlTemplate":"https:\/\/schweizversand.ch\/fr\/?s={search_term_string}"},"query-input":{"@type":"PropertyValueSpecification","valueRequired":true,"valueName":"search_term_string"}}],"inLanguage":"fr-FR"},{"@type":"Organization","@id":"https:\/\/schweizversand.ch\/fr\/#organization","name":"Schweizversand.ch","url":"https:\/\/schweizversand.ch\/fr\/","logo":{"@type":"ImageObject","inLanguage":"fr-FR","@id":"https:\/\/schweizversand.ch\/fr\/#\/schema\/logo\/image\/","url":"https:\/\/schweizversand.ch\/wp-content\/uploads\/2026\/03\/Logo_Rund_Final-1.png","contentUrl":"https:\/\/schweizversand.ch\/wp-content\/uploads\/2026\/03\/Logo_Rund_Final-1.png","width":404,"height":404,"caption":"Schweizversand.ch"},"image":{"@id":"https:\/\/schweizversand.ch\/fr\/#\/schema\/logo\/image\/"},"sameAs":["https:\/\/www.facebook.com\/Schweizversand","https:\/\/www.instagram.com\/schweizversand.ch\/"]}]}},"jetpack_sharing_enabled":true,"_links":{"self":[{"href":"https:\/\/schweizversand.ch\/fr\/wp-json\/wp\/v2\/product\/255051","targetHints":{"allow":["GET"]}}],"collection":[{"href":"https:\/\/schweizversand.ch\/fr\/wp-json\/wp\/v2\/product"}],"about":[{"href":"https:\/\/schweizversand.ch\/fr\/wp-json\/wp\/v2\/types\/product"}],"replies":[{"embeddable":true,"href":"https:\/\/schweizversand.ch\/fr\/wp-json\/wp\/v2\/comments?post=255051"}],"wp:featuredmedia":[{"embeddable":true,"href":"https:\/\/schweizversand.ch\/fr\/wp-json\/wp\/v2\/media\/159717"}],"wp:attachment":[{"href":"https:\/\/schweizversand.ch\/fr\/wp-json\/wp\/v2\/media?parent=255051"}],"wp:term":[{"taxonomy":"product_brand","embeddable":true,"href":"https:\/\/schweizversand.ch\/fr\/wp-json\/wp\/v2\/product_brand?post=255051"},{"taxonomy":"product_cat","embeddable":true,"href":"https:\/\/schweizversand.ch\/fr\/wp-json\/wp\/v2\/product_cat?post=255051"},{"taxonomy":"product_tag","embeddable":true,"href":"https:\/\/schweizversand.ch\/fr\/wp-json\/wp\/v2\/product_tag?post=255051"}],"curies":[{"name":"wp","href":"https:\/\/api.w.org\/{rel}","templated":true}]}}