{"id":255079,"date":"2026-03-15T00:55:22","date_gmt":"2026-03-14T23:55:22","guid":{"rendered":"https:\/\/schweizversand.ch\/produkt\/elite-torwarthandschuhe-neo-revolution-ii\/"},"modified":"2026-04-19T02:04:00","modified_gmt":"2026-04-19T00:04:00","slug":"elite-torwarthandschuhe-neo-revolution-ii","status":"publish","type":"product","link":"https:\/\/schweizversand.ch\/fr\/produkt\/elite-torwarthandschuhe-neo-revolution-ii\/","title":{"rendered":"Gants de gardien de but Elite &#8211; Neo Revolution II"},"content":{"rendered":"<h1><strong>Gants de gardien de but professionnels Ultra GTech Pro<\/strong><\/h1>\n<div>Con\u00e7us pour r\u00e9pondre aux exigences les plus \u00e9lev\u00e9es\u00a0: ces gants de gardien de but professionnels vous offrent une combinaison parfaite d&rsquo;adh\u00e9rence exceptionnelle et de durabilit\u00e9 maximale. Qu&rsquo;il fasse sec ou humide, avec ces gants de football, vous dominerez vos cages.<\/p>\n<\/div>\n<div><strong>Adh\u00e9rence et confort in\u00e9gal\u00e9s<\/strong><br \/>Le c\u0153ur de ces gants est l&rsquo;impressionnante paume en latex Ultra GTech Pro de 4\u00a0mm d&rsquo;\u00e9paisseur. Ce latex haut de gamme assure une adh\u00e9rence sup\u00e9rieure et fait de ces gants des gants id\u00e9aux par tous les temps. Le rembourrage dorsal de 4\u00a0mm et la doublure int\u00e9rieure respirante gardent vos mains confortables et s\u00e8ches, emp\u00eachent les glissements et garantissent un contr\u00f4le total tout au long du match. Conception et fabrication\u00a0: la conception sp\u00e9ciale de la paume Flash Cut am\u00e9liore consid\u00e9rablement le contr\u00f4le du ballon. Le dos de la main est compos\u00e9 de caoutchouc durable de 4\u00a0mm en relief 3D sur une base hybride CR en mousse, offrant une stabilit\u00e9 et une protection accrues. Bien qu&rsquo;aucun support s\u00e9par\u00e9 pour les doigts ne soit int\u00e9gr\u00e9, l&rsquo;enveloppe hybride en CR et latex, ajust\u00e9e et confortable, offre un soutien naturel et r\u00e9duit la fatigue des doigts.<\/p>\n<\/div>\n<div><strong>Aper\u00e7u du produit<\/strong><br \/>&#8211; Paume\u00a0: Latex Ultra GTech Pro 4\u00a0mm pour une adh\u00e9rence exceptionnelle<br \/>&#8211; Dos de la main\u00a0: Caoutchouc durable 4\u00a0mm en relief 3D sur CR hybride en mousse<br \/>&#8211; Coupe\u00a0: Coupe Flash pour une adh\u00e9rence optimale<br \/>&#8211; Doublure\u00a0: Tissu respirant pour un confort accru<br \/>&#8211; Fermeture\u00a0: Sangle de poignet enti\u00e8rement \u00e9lastique avec languette en caoutchouc<\/p>\n<\/div>\n<div>Profitez des performances de ces gants de gardien de but adh\u00e9rents, qui excellent m\u00eame par temps l\u00e9g\u00e8rement humide. Procurez-vous les v\u00f4tres d\u00e8s maintenant et constatez la diff\u00e9rence dans chaque situation de jeu.<\/p>\n<\/div>\n<div>\n<\/div>\n","protected":false},"excerpt":{"rendered":"<p>Gants de gardien de but professionnels Ultra GTech Pro Con\u00e7us pour r\u00e9pondre aux exigences les plus \u00e9lev\u00e9es\u00a0: ces gants de gardien de but professionnels vous offrent une combinaison parfaite d&rsquo;adh\u00e9rence exceptionnelle et de durabilit\u00e9 maximale. Qu&rsquo;il fasse sec ou humide, avec ces gants de football, vous dominerez vos cages. Adh\u00e9rence et confort in\u00e9gal\u00e9sLe c\u0153ur de ces gants est l&rsquo;impressionnante paume en latex Ultra GTech Pro de 4\u00a0mm d&rsquo;\u00e9paisseur. Ce latex haut de gamme assure une&hellip;<\/p>\n","protected":false},"featured_media":160330,"comment_status":"open","ping_status":"closed","template":"","meta":[],"product_brand":[],"product_cat":[38527],"product_tag":[],"class_list":{"0":"post-255079","1":"product","2":"type-product","3":"status-publish","4":"has-post-thumbnail","6":"product_cat-fussball-2","7":"product_shipping_class-global_methods","9":"first","10":"instock","11":"taxable","12":"shipping-taxable","13":"purchasable","14":"product-type-simple"},"yoast_head":"<!-- This site is optimized with the Yoast SEO plugin v27.4 - https:\/\/yoast.com\/product\/yoast-seo-wordpress\/ -->\n<title>Elite Torwarthandschuhe - Neo Revolution II | Jetzt kaufen | Schweizversand.ch<\/title>\n<meta name=\"description\" content=\"Elite Torwarthandschuhe - Neo Revolution II g\u00fcnstig kaufen bei Schweizversand.ch. Schnelle Lieferung in der Schweiz. Gratisversand ab CHF 50.\" \/>\n<meta name=\"robots\" content=\"index, follow, max-snippet:-1, max-image-preview:large, max-video-preview:-1\" \/>\n<link rel=\"canonical\" href=\"https:\/\/schweizversand.ch\/fr\/produkt\/elite-torwarthandschuhe-neo-revolution-ii\/\" \/>\n<meta property=\"og:locale\" content=\"fr_FR\" \/>\n<meta property=\"og:type\" content=\"article\" \/>\n<meta property=\"og:title\" content=\"Elite Torwarthandschuhe - Neo Revolution II | Jetzt kaufen | Schweizversand.ch\" \/>\n<meta property=\"og:description\" content=\"Elite Torwarthandschuhe - Neo Revolution II g\u00fcnstig kaufen bei Schweizversand.ch. Schnelle Lieferung in der Schweiz. Gratisversand ab CHF 50.\" \/>\n<meta property=\"og:url\" content=\"https:\/\/schweizversand.ch\/fr\/produkt\/elite-torwarthandschuhe-neo-revolution-ii\/\" \/>\n<meta property=\"og:site_name\" content=\"Schweizer Shop f\u00fcr Sport, Spiel und Freizeit\" \/>\n<meta property=\"article:publisher\" content=\"https:\/\/www.facebook.com\/Schweizversand\" \/>\n<meta property=\"article:modified_time\" content=\"2026-04-19T00:04:00+00:00\" \/>\n<meta property=\"og:image\" content=\"https:\/\/schweizversand.ch\/wp-content\/uploads\/2026\/02\/5471701555.jpg\" \/>\n\t<meta property=\"og:image:width\" content=\"1024\" \/>\n\t<meta property=\"og:image:height\" content=\"1024\" \/>\n\t<meta property=\"og:image:type\" content=\"image\/jpeg\" \/>\n<meta name=\"twitter:card\" content=\"summary_large_image\" \/>\n<meta name=\"twitter:label1\" content=\"Dur\u00e9e de lecture estim\u00e9e\" \/>\n\t<meta name=\"twitter:data1\" content=\"2 minutes\" \/>\n<script type=\"application\/ld+json\" class=\"yoast-schema-graph\">{\"@context\":\"https:\\\/\\\/schema.org\",\"@graph\":[{\"@type\":\"WebPage\",\"@id\":\"https:\\\/\\\/schweizversand.ch\\\/fr\\\/produkt\\\/elite-torwarthandschuhe-neo-revolution-ii\\\/\",\"url\":\"https:\\\/\\\/schweizversand.ch\\\/fr\\\/produkt\\\/elite-torwarthandschuhe-neo-revolution-ii\\\/\",\"name\":\"Elite Torwarthandschuhe - Neo Revolution II | Jetzt kaufen | Schweizversand.ch\",\"isPartOf\":{\"@id\":\"https:\\\/\\\/schweizversand.ch\\\/fr\\\/#website\"},\"primaryImageOfPage\":{\"@id\":\"https:\\\/\\\/schweizversand.ch\\\/fr\\\/produkt\\\/elite-torwarthandschuhe-neo-revolution-ii\\\/#primaryimage\"},\"image\":{\"@id\":\"https:\\\/\\\/schweizversand.ch\\\/fr\\\/produkt\\\/elite-torwarthandschuhe-neo-revolution-ii\\\/#primaryimage\"},\"thumbnailUrl\":\"https:\\\/\\\/schweizversand.ch\\\/wp-content\\\/uploads\\\/2026\\\/02\\\/5471701555.jpg\",\"datePublished\":\"2026-03-14T23:55:22+00:00\",\"dateModified\":\"2026-04-19T00:04:00+00:00\",\"description\":\"Elite Torwarthandschuhe - Neo Revolution II g\u00fcnstig kaufen bei Schweizversand.ch. Schnelle Lieferung in der Schweiz. Gratisversand ab CHF 50.\",\"breadcrumb\":{\"@id\":\"https:\\\/\\\/schweizversand.ch\\\/fr\\\/produkt\\\/elite-torwarthandschuhe-neo-revolution-ii\\\/#breadcrumb\"},\"inLanguage\":\"fr-FR\",\"potentialAction\":[{\"@type\":\"ReadAction\",\"target\":[\"https:\\\/\\\/schweizversand.ch\\\/fr\\\/produkt\\\/elite-torwarthandschuhe-neo-revolution-ii\\\/\"]}]},{\"@type\":\"ImageObject\",\"inLanguage\":\"fr-FR\",\"@id\":\"https:\\\/\\\/schweizversand.ch\\\/fr\\\/produkt\\\/elite-torwarthandschuhe-neo-revolution-ii\\\/#primaryimage\",\"url\":\"https:\\\/\\\/schweizversand.ch\\\/wp-content\\\/uploads\\\/2026\\\/02\\\/5471701555.jpg\",\"contentUrl\":\"https:\\\/\\\/schweizversand.ch\\\/wp-content\\\/uploads\\\/2026\\\/02\\\/5471701555.jpg\",\"width\":1024,\"height\":1024},{\"@type\":\"BreadcrumbList\",\"@id\":\"https:\\\/\\\/schweizversand.ch\\\/fr\\\/produkt\\\/elite-torwarthandschuhe-neo-revolution-ii\\\/#breadcrumb\",\"itemListElement\":[{\"@type\":\"ListItem\",\"position\":1,\"name\":\"Startseite\",\"item\":\"https:\\\/\\\/schweizversand.ch\\\/fr\\\/home\\\/\"},{\"@type\":\"ListItem\",\"position\":2,\"name\":\"Boutique\",\"item\":\"https:\\\/\\\/schweizversand.ch\\\/fr\\\/boutique\\\/\"},{\"@type\":\"ListItem\",\"position\":3,\"name\":\"Sports\",\"item\":\"https:\\\/\\\/schweizversand.ch\\\/fr\\\/produkt-kategorie\\\/sports\\\/\"},{\"@type\":\"ListItem\",\"position\":4,\"name\":\"sports de balle et fl\u00e9chettes\",\"item\":\"https:\\\/\\\/schweizversand.ch\\\/fr\\\/produkt-kategorie\\\/sports\\\/sports-de-balle-et-flechettes\\\/\"},{\"@type\":\"ListItem\",\"position\":5,\"name\":\"football\",\"item\":\"https:\\\/\\\/schweizversand.ch\\\/fr\\\/produkt-kategorie\\\/fussball-2\\\/\"},{\"@type\":\"ListItem\",\"position\":6,\"name\":\"Gants de gardien de but Elite &#8211; Neo Revolution II\"}]},{\"@type\":\"WebSite\",\"@id\":\"https:\\\/\\\/schweizversand.ch\\\/fr\\\/#website\",\"url\":\"https:\\\/\\\/schweizversand.ch\\\/fr\\\/\",\"name\":\"Schweizer Shop f\u00fcr Sport, Spiel und Freizeit\",\"description\":\"Gratisversand ab 50.- (netto), ab eigenem schweizer Lager, Lieferung innert 48h\",\"publisher\":{\"@id\":\"https:\\\/\\\/schweizversand.ch\\\/fr\\\/#organization\"},\"alternateName\":\"Schweizversand.ch\",\"potentialAction\":[{\"@type\":\"SearchAction\",\"target\":{\"@type\":\"EntryPoint\",\"urlTemplate\":\"https:\\\/\\\/schweizversand.ch\\\/fr\\\/?s={search_term_string}\"},\"query-input\":{\"@type\":\"PropertyValueSpecification\",\"valueRequired\":true,\"valueName\":\"search_term_string\"}}],\"inLanguage\":\"fr-FR\"},{\"@type\":\"Organization\",\"@id\":\"https:\\\/\\\/schweizversand.ch\\\/fr\\\/#organization\",\"name\":\"Schweizversand.ch\",\"url\":\"https:\\\/\\\/schweizversand.ch\\\/fr\\\/\",\"logo\":{\"@type\":\"ImageObject\",\"inLanguage\":\"fr-FR\",\"@id\":\"https:\\\/\\\/schweizversand.ch\\\/fr\\\/#\\\/schema\\\/logo\\\/image\\\/\",\"url\":\"https:\\\/\\\/schweizversand.ch\\\/wp-content\\\/uploads\\\/2026\\\/03\\\/Logo_Rund_Final-1.png\",\"contentUrl\":\"https:\\\/\\\/schweizversand.ch\\\/wp-content\\\/uploads\\\/2026\\\/03\\\/Logo_Rund_Final-1.png\",\"width\":404,\"height\":404,\"caption\":\"Schweizversand.ch\"},\"image\":{\"@id\":\"https:\\\/\\\/schweizversand.ch\\\/fr\\\/#\\\/schema\\\/logo\\\/image\\\/\"},\"sameAs\":[\"https:\\\/\\\/www.facebook.com\\\/Schweizversand\",\"https:\\\/\\\/www.instagram.com\\\/schweizversand.ch\\\/\"]}]}<\/script>\n<!-- \/ Yoast SEO plugin. -->","yoast_head_json":{"title":"Elite Torwarthandschuhe - Neo Revolution II | Jetzt kaufen | Schweizversand.ch","description":"Elite Torwarthandschuhe - Neo Revolution II g\u00fcnstig kaufen bei Schweizversand.ch. Schnelle Lieferung in der Schweiz. Gratisversand ab CHF 50.","robots":{"index":"index","follow":"follow","max-snippet":"max-snippet:-1","max-image-preview":"max-image-preview:large","max-video-preview":"max-video-preview:-1"},"canonical":"https:\/\/schweizversand.ch\/fr\/produkt\/elite-torwarthandschuhe-neo-revolution-ii\/","og_locale":"fr_FR","og_type":"article","og_title":"Elite Torwarthandschuhe - Neo Revolution II | Jetzt kaufen | Schweizversand.ch","og_description":"Elite Torwarthandschuhe - Neo Revolution II g\u00fcnstig kaufen bei Schweizversand.ch. Schnelle Lieferung in der Schweiz. Gratisversand ab CHF 50.","og_url":"https:\/\/schweizversand.ch\/fr\/produkt\/elite-torwarthandschuhe-neo-revolution-ii\/","og_site_name":"Schweizer Shop f\u00fcr Sport, Spiel und Freizeit","article_publisher":"https:\/\/www.facebook.com\/Schweizversand","article_modified_time":"2026-04-19T00:04:00+00:00","og_image":[{"width":1024,"height":1024,"url":"https:\/\/schweizversand.ch\/wp-content\/uploads\/2026\/02\/5471701555.jpg","type":"image\/jpeg"}],"twitter_card":"summary_large_image","twitter_misc":{"Dur\u00e9e de lecture estim\u00e9e":"2 minutes"},"schema":{"@context":"https:\/\/schema.org","@graph":[{"@type":"WebPage","@id":"https:\/\/schweizversand.ch\/fr\/produkt\/elite-torwarthandschuhe-neo-revolution-ii\/","url":"https:\/\/schweizversand.ch\/fr\/produkt\/elite-torwarthandschuhe-neo-revolution-ii\/","name":"Elite Torwarthandschuhe - Neo Revolution II | Jetzt kaufen | Schweizversand.ch","isPartOf":{"@id":"https:\/\/schweizversand.ch\/fr\/#website"},"primaryImageOfPage":{"@id":"https:\/\/schweizversand.ch\/fr\/produkt\/elite-torwarthandschuhe-neo-revolution-ii\/#primaryimage"},"image":{"@id":"https:\/\/schweizversand.ch\/fr\/produkt\/elite-torwarthandschuhe-neo-revolution-ii\/#primaryimage"},"thumbnailUrl":"https:\/\/schweizversand.ch\/wp-content\/uploads\/2026\/02\/5471701555.jpg","datePublished":"2026-03-14T23:55:22+00:00","dateModified":"2026-04-19T00:04:00+00:00","description":"Elite Torwarthandschuhe - Neo Revolution II g\u00fcnstig kaufen bei Schweizversand.ch. Schnelle Lieferung in der Schweiz. Gratisversand ab CHF 50.","breadcrumb":{"@id":"https:\/\/schweizversand.ch\/fr\/produkt\/elite-torwarthandschuhe-neo-revolution-ii\/#breadcrumb"},"inLanguage":"fr-FR","potentialAction":[{"@type":"ReadAction","target":["https:\/\/schweizversand.ch\/fr\/produkt\/elite-torwarthandschuhe-neo-revolution-ii\/"]}]},{"@type":"ImageObject","inLanguage":"fr-FR","@id":"https:\/\/schweizversand.ch\/fr\/produkt\/elite-torwarthandschuhe-neo-revolution-ii\/#primaryimage","url":"https:\/\/schweizversand.ch\/wp-content\/uploads\/2026\/02\/5471701555.jpg","contentUrl":"https:\/\/schweizversand.ch\/wp-content\/uploads\/2026\/02\/5471701555.jpg","width":1024,"height":1024},{"@type":"BreadcrumbList","@id":"https:\/\/schweizversand.ch\/fr\/produkt\/elite-torwarthandschuhe-neo-revolution-ii\/#breadcrumb","itemListElement":[{"@type":"ListItem","position":1,"name":"Startseite","item":"https:\/\/schweizversand.ch\/fr\/home\/"},{"@type":"ListItem","position":2,"name":"Boutique","item":"https:\/\/schweizversand.ch\/fr\/boutique\/"},{"@type":"ListItem","position":3,"name":"Sports","item":"https:\/\/schweizversand.ch\/fr\/produkt-kategorie\/sports\/"},{"@type":"ListItem","position":4,"name":"sports de balle et fl\u00e9chettes","item":"https:\/\/schweizversand.ch\/fr\/produkt-kategorie\/sports\/sports-de-balle-et-flechettes\/"},{"@type":"ListItem","position":5,"name":"football","item":"https:\/\/schweizversand.ch\/fr\/produkt-kategorie\/fussball-2\/"},{"@type":"ListItem","position":6,"name":"Gants de gardien de but Elite &#8211; Neo Revolution II"}]},{"@type":"WebSite","@id":"https:\/\/schweizversand.ch\/fr\/#website","url":"https:\/\/schweizversand.ch\/fr\/","name":"Schweizer Shop f\u00fcr Sport, Spiel und Freizeit","description":"Gratisversand ab 50.- (netto), ab eigenem schweizer Lager, Lieferung innert 48h","publisher":{"@id":"https:\/\/schweizversand.ch\/fr\/#organization"},"alternateName":"Schweizversand.ch","potentialAction":[{"@type":"SearchAction","target":{"@type":"EntryPoint","urlTemplate":"https:\/\/schweizversand.ch\/fr\/?s={search_term_string}"},"query-input":{"@type":"PropertyValueSpecification","valueRequired":true,"valueName":"search_term_string"}}],"inLanguage":"fr-FR"},{"@type":"Organization","@id":"https:\/\/schweizversand.ch\/fr\/#organization","name":"Schweizversand.ch","url":"https:\/\/schweizversand.ch\/fr\/","logo":{"@type":"ImageObject","inLanguage":"fr-FR","@id":"https:\/\/schweizversand.ch\/fr\/#\/schema\/logo\/image\/","url":"https:\/\/schweizversand.ch\/wp-content\/uploads\/2026\/03\/Logo_Rund_Final-1.png","contentUrl":"https:\/\/schweizversand.ch\/wp-content\/uploads\/2026\/03\/Logo_Rund_Final-1.png","width":404,"height":404,"caption":"Schweizversand.ch"},"image":{"@id":"https:\/\/schweizversand.ch\/fr\/#\/schema\/logo\/image\/"},"sameAs":["https:\/\/www.facebook.com\/Schweizversand","https:\/\/www.instagram.com\/schweizversand.ch\/"]}]}},"jetpack_sharing_enabled":true,"_links":{"self":[{"href":"https:\/\/schweizversand.ch\/fr\/wp-json\/wp\/v2\/product\/255079","targetHints":{"allow":["GET"]}}],"collection":[{"href":"https:\/\/schweizversand.ch\/fr\/wp-json\/wp\/v2\/product"}],"about":[{"href":"https:\/\/schweizversand.ch\/fr\/wp-json\/wp\/v2\/types\/product"}],"replies":[{"embeddable":true,"href":"https:\/\/schweizversand.ch\/fr\/wp-json\/wp\/v2\/comments?post=255079"}],"wp:featuredmedia":[{"embeddable":true,"href":"https:\/\/schweizversand.ch\/fr\/wp-json\/wp\/v2\/media\/160330"}],"wp:attachment":[{"href":"https:\/\/schweizversand.ch\/fr\/wp-json\/wp\/v2\/media?parent=255079"}],"wp:term":[{"taxonomy":"product_brand","embeddable":true,"href":"https:\/\/schweizversand.ch\/fr\/wp-json\/wp\/v2\/product_brand?post=255079"},{"taxonomy":"product_cat","embeddable":true,"href":"https:\/\/schweizversand.ch\/fr\/wp-json\/wp\/v2\/product_cat?post=255079"},{"taxonomy":"product_tag","embeddable":true,"href":"https:\/\/schweizversand.ch\/fr\/wp-json\/wp\/v2\/product_tag?post=255079"}],"curies":[{"name":"wp","href":"https:\/\/api.w.org\/{rel}","templated":true}]}}