{"id":255081,"date":"2026-03-15T00:55:23","date_gmt":"2026-03-14T23:55:23","guid":{"rendered":"https:\/\/schweizversand.ch\/produkt\/elite-torwarthandschuhe-neo-revolution-ii-3\/"},"modified":"2026-04-19T02:04:00","modified_gmt":"2026-04-19T00:04:00","slug":"elite-torwarthandschuhe-neo-revolution-ii-3","status":"publish","type":"product","link":"https:\/\/schweizversand.ch\/fr\/produkt\/elite-torwarthandschuhe-neo-revolution-ii-3\/","title":{"rendered":"Gants de gardien de but Elite &#8211; Neo Revolution II"},"content":{"rendered":"<p>Gants de gardien de but Elite NEO REVOLUTION II COMBI<\/p>\n<\/p>\n<p>Les gants de gardien de but Elite NEO REVOLUTION II COMBI offrent une adh\u00e9rence et une durabilit\u00e9 exceptionnelles par tous les temps. Voici les principales caract\u00e9ristiques de ce produit haut de gamme\u00a0:<\/p>\n<\/p>\n<p>\u2022 Paume\u00a0: La paume en latex Ultra GTech Pro de 4\u00a0mm d\u2019\u00e9paisseur, renforc\u00e9e par un rembourrage dorsal de 4\u00a0mm, assure une adh\u00e9rence exceptionnelle. La doublure en tissu respirant \u00e9vacue l\u2019humidit\u00e9 pour un confort optimal et une excellente stabilit\u00e9.<\/p>\n<\/p>\n<p>\u2022 Coupe de la paume\u00a0: La conception Flash Cut de la paume garantit un ajustement parfait et un contr\u00f4le optimal du ballon.<\/p>\n<\/p>\n<p>\u2022 Dos de la main\u00a0: Le dos de la main est compos\u00e9 de caoutchouc durable de 4\u00a0mm d\u2019\u00e9paisseur, gaufr\u00e9 en 3D, sur une base hybride CR en mousse, pour une durabilit\u00e9 et une protection accrues.<\/p>\n<\/p>\n<p>\u2022 Maintien des doigts\u00a0: Bien que ces gants ne disposent pas de renforts suppl\u00e9mentaires pour les doigts, l\u2019enveloppement ajust\u00e9 en CR hybride et latex contribue \u00e0 r\u00e9duire les impacts et \u00e0 stabiliser les doigts.<\/p>\n<\/p>\n<p>\u2022 \u2022 Fermeture au poignet\u00a0: Ces gants sont dot\u00e9s d\u2019une sangle de poignet enti\u00e8rement \u00e9lastique avec cordon de serrage pour un maintien s\u00fbr et optimal.<\/p>\n<\/p>\n<p>Ces gants de gardien offrent une adh\u00e9rence et une durabilit\u00e9 exceptionnelles par tous les temps. Ils sont particuli\u00e8rement adapt\u00e9s aux conditions l\u00e9g\u00e8rement humides et id\u00e9aux pour les gardiens exigeants. Avec les gants de gardien NEO REVOLUTION II COMBI d\u2019Elite, vous b\u00e9n\u00e9ficiez d\u2019une adh\u00e9rence fiable et d\u2019un excellent contr\u00f4le du ballon sur le terrain.<\/p>\n","protected":false},"excerpt":{"rendered":"<p>Gants de gardien de but Elite NEO REVOLUTION II COMBI Les gants de gardien de but Elite NEO REVOLUTION II COMBI offrent une adh\u00e9rence et une durabilit\u00e9 exceptionnelles par tous les temps. Voici les principales caract\u00e9ristiques de ce produit haut de gamme\u00a0: \u2022 Paume\u00a0: La paume en latex Ultra GTech Pro de 4\u00a0mm d\u2019\u00e9paisseur, renforc\u00e9e par un rembourrage dorsal de 4\u00a0mm, assure une adh\u00e9rence exceptionnelle. La doublure en tissu respirant \u00e9vacue l\u2019humidit\u00e9 pour un confort&hellip;<\/p>\n","protected":false},"featured_media":160339,"comment_status":"open","ping_status":"closed","template":"","meta":[],"product_brand":[],"product_cat":[38527],"product_tag":[],"class_list":{"0":"post-255081","1":"product","2":"type-product","3":"status-publish","4":"has-post-thumbnail","6":"product_cat-fussball-2","7":"product_shipping_class-global_methods","9":"first","10":"instock","11":"taxable","12":"shipping-taxable","13":"purchasable","14":"product-type-simple"},"yoast_head":"<!-- This site is optimized with the Yoast SEO plugin v27.4 - https:\/\/yoast.com\/product\/yoast-seo-wordpress\/ -->\n<title>Elite Torwarthandschuhe - Neo Revolution II | Jetzt kaufen | Schweizversand.ch<\/title>\n<meta name=\"description\" content=\"Elite Torwarthandschuhe - Neo Revolution II g\u00fcnstig kaufen bei Schweizversand.ch. Schnelle Lieferung in der Schweiz. Gratisversand ab CHF 50.\" \/>\n<meta name=\"robots\" content=\"index, follow, max-snippet:-1, max-image-preview:large, max-video-preview:-1\" \/>\n<link rel=\"canonical\" href=\"https:\/\/schweizversand.ch\/fr\/produkt\/elite-torwarthandschuhe-neo-revolution-ii-3\/\" \/>\n<meta property=\"og:locale\" content=\"fr_FR\" \/>\n<meta property=\"og:type\" content=\"article\" \/>\n<meta property=\"og:title\" content=\"Elite Torwarthandschuhe - Neo Revolution II | Jetzt kaufen | Schweizversand.ch\" \/>\n<meta property=\"og:description\" content=\"Elite Torwarthandschuhe - Neo Revolution II g\u00fcnstig kaufen bei Schweizversand.ch. Schnelle Lieferung in der Schweiz. Gratisversand ab CHF 50.\" \/>\n<meta property=\"og:url\" content=\"https:\/\/schweizversand.ch\/fr\/produkt\/elite-torwarthandschuhe-neo-revolution-ii-3\/\" \/>\n<meta property=\"og:site_name\" content=\"Schweizer Shop f\u00fcr Sport, Spiel und Freizeit\" \/>\n<meta property=\"article:publisher\" content=\"https:\/\/www.facebook.com\/Schweizversand\" \/>\n<meta property=\"article:modified_time\" content=\"2026-04-19T00:04:00+00:00\" \/>\n<meta property=\"og:image\" content=\"https:\/\/schweizversand.ch\/wp-content\/uploads\/2026\/02\/5471694957.jpg\" \/>\n\t<meta property=\"og:image:width\" content=\"1024\" \/>\n\t<meta property=\"og:image:height\" content=\"1024\" \/>\n\t<meta property=\"og:image:type\" content=\"image\/jpeg\" \/>\n<meta name=\"twitter:card\" content=\"summary_large_image\" \/>\n<meta name=\"twitter:label1\" content=\"Dur\u00e9e de lecture estim\u00e9e\" \/>\n\t<meta name=\"twitter:data1\" content=\"1 minute\" \/>\n<script type=\"application\/ld+json\" class=\"yoast-schema-graph\">{\"@context\":\"https:\\\/\\\/schema.org\",\"@graph\":[{\"@type\":\"WebPage\",\"@id\":\"https:\\\/\\\/schweizversand.ch\\\/fr\\\/produkt\\\/elite-torwarthandschuhe-neo-revolution-ii-3\\\/\",\"url\":\"https:\\\/\\\/schweizversand.ch\\\/fr\\\/produkt\\\/elite-torwarthandschuhe-neo-revolution-ii-3\\\/\",\"name\":\"Elite Torwarthandschuhe - Neo Revolution II | Jetzt kaufen | Schweizversand.ch\",\"isPartOf\":{\"@id\":\"https:\\\/\\\/schweizversand.ch\\\/fr\\\/#website\"},\"primaryImageOfPage\":{\"@id\":\"https:\\\/\\\/schweizversand.ch\\\/fr\\\/produkt\\\/elite-torwarthandschuhe-neo-revolution-ii-3\\\/#primaryimage\"},\"image\":{\"@id\":\"https:\\\/\\\/schweizversand.ch\\\/fr\\\/produkt\\\/elite-torwarthandschuhe-neo-revolution-ii-3\\\/#primaryimage\"},\"thumbnailUrl\":\"https:\\\/\\\/schweizversand.ch\\\/wp-content\\\/uploads\\\/2026\\\/02\\\/5471694957.jpg\",\"datePublished\":\"2026-03-14T23:55:23+00:00\",\"dateModified\":\"2026-04-19T00:04:00+00:00\",\"description\":\"Elite Torwarthandschuhe - Neo Revolution II g\u00fcnstig kaufen bei Schweizversand.ch. Schnelle Lieferung in der Schweiz. Gratisversand ab CHF 50.\",\"breadcrumb\":{\"@id\":\"https:\\\/\\\/schweizversand.ch\\\/fr\\\/produkt\\\/elite-torwarthandschuhe-neo-revolution-ii-3\\\/#breadcrumb\"},\"inLanguage\":\"fr-FR\",\"potentialAction\":[{\"@type\":\"ReadAction\",\"target\":[\"https:\\\/\\\/schweizversand.ch\\\/fr\\\/produkt\\\/elite-torwarthandschuhe-neo-revolution-ii-3\\\/\"]}]},{\"@type\":\"ImageObject\",\"inLanguage\":\"fr-FR\",\"@id\":\"https:\\\/\\\/schweizversand.ch\\\/fr\\\/produkt\\\/elite-torwarthandschuhe-neo-revolution-ii-3\\\/#primaryimage\",\"url\":\"https:\\\/\\\/schweizversand.ch\\\/wp-content\\\/uploads\\\/2026\\\/02\\\/5471694957.jpg\",\"contentUrl\":\"https:\\\/\\\/schweizversand.ch\\\/wp-content\\\/uploads\\\/2026\\\/02\\\/5471694957.jpg\",\"width\":1024,\"height\":1024},{\"@type\":\"BreadcrumbList\",\"@id\":\"https:\\\/\\\/schweizversand.ch\\\/fr\\\/produkt\\\/elite-torwarthandschuhe-neo-revolution-ii-3\\\/#breadcrumb\",\"itemListElement\":[{\"@type\":\"ListItem\",\"position\":1,\"name\":\"Startseite\",\"item\":\"https:\\\/\\\/schweizversand.ch\\\/fr\\\/home\\\/\"},{\"@type\":\"ListItem\",\"position\":2,\"name\":\"Boutique\",\"item\":\"https:\\\/\\\/schweizversand.ch\\\/fr\\\/boutique\\\/\"},{\"@type\":\"ListItem\",\"position\":3,\"name\":\"Sports\",\"item\":\"https:\\\/\\\/schweizversand.ch\\\/fr\\\/produkt-kategorie\\\/sports\\\/\"},{\"@type\":\"ListItem\",\"position\":4,\"name\":\"sports de balle et fl\u00e9chettes\",\"item\":\"https:\\\/\\\/schweizversand.ch\\\/fr\\\/produkt-kategorie\\\/sports\\\/sports-de-balle-et-flechettes\\\/\"},{\"@type\":\"ListItem\",\"position\":5,\"name\":\"football\",\"item\":\"https:\\\/\\\/schweizversand.ch\\\/fr\\\/produkt-kategorie\\\/fussball-2\\\/\"},{\"@type\":\"ListItem\",\"position\":6,\"name\":\"Gants de gardien de but Elite &#8211; Neo Revolution II\"}]},{\"@type\":\"WebSite\",\"@id\":\"https:\\\/\\\/schweizversand.ch\\\/fr\\\/#website\",\"url\":\"https:\\\/\\\/schweizversand.ch\\\/fr\\\/\",\"name\":\"Schweizer Shop f\u00fcr Sport, Spiel und Freizeit\",\"description\":\"Gratisversand ab 50.- (netto), ab eigenem schweizer Lager, Lieferung innert 48h\",\"publisher\":{\"@id\":\"https:\\\/\\\/schweizversand.ch\\\/fr\\\/#organization\"},\"alternateName\":\"Schweizversand.ch\",\"potentialAction\":[{\"@type\":\"SearchAction\",\"target\":{\"@type\":\"EntryPoint\",\"urlTemplate\":\"https:\\\/\\\/schweizversand.ch\\\/fr\\\/?s={search_term_string}\"},\"query-input\":{\"@type\":\"PropertyValueSpecification\",\"valueRequired\":true,\"valueName\":\"search_term_string\"}}],\"inLanguage\":\"fr-FR\"},{\"@type\":\"Organization\",\"@id\":\"https:\\\/\\\/schweizversand.ch\\\/fr\\\/#organization\",\"name\":\"Schweizversand.ch\",\"url\":\"https:\\\/\\\/schweizversand.ch\\\/fr\\\/\",\"logo\":{\"@type\":\"ImageObject\",\"inLanguage\":\"fr-FR\",\"@id\":\"https:\\\/\\\/schweizversand.ch\\\/fr\\\/#\\\/schema\\\/logo\\\/image\\\/\",\"url\":\"https:\\\/\\\/schweizversand.ch\\\/wp-content\\\/uploads\\\/2026\\\/03\\\/Logo_Rund_Final-1.png\",\"contentUrl\":\"https:\\\/\\\/schweizversand.ch\\\/wp-content\\\/uploads\\\/2026\\\/03\\\/Logo_Rund_Final-1.png\",\"width\":404,\"height\":404,\"caption\":\"Schweizversand.ch\"},\"image\":{\"@id\":\"https:\\\/\\\/schweizversand.ch\\\/fr\\\/#\\\/schema\\\/logo\\\/image\\\/\"},\"sameAs\":[\"https:\\\/\\\/www.facebook.com\\\/Schweizversand\",\"https:\\\/\\\/www.instagram.com\\\/schweizversand.ch\\\/\"]}]}<\/script>\n<!-- \/ Yoast SEO plugin. -->","yoast_head_json":{"title":"Elite Torwarthandschuhe - Neo Revolution II | Jetzt kaufen | Schweizversand.ch","description":"Elite Torwarthandschuhe - Neo Revolution II g\u00fcnstig kaufen bei Schweizversand.ch. Schnelle Lieferung in der Schweiz. Gratisversand ab CHF 50.","robots":{"index":"index","follow":"follow","max-snippet":"max-snippet:-1","max-image-preview":"max-image-preview:large","max-video-preview":"max-video-preview:-1"},"canonical":"https:\/\/schweizversand.ch\/fr\/produkt\/elite-torwarthandschuhe-neo-revolution-ii-3\/","og_locale":"fr_FR","og_type":"article","og_title":"Elite Torwarthandschuhe - Neo Revolution II | Jetzt kaufen | Schweizversand.ch","og_description":"Elite Torwarthandschuhe - Neo Revolution II g\u00fcnstig kaufen bei Schweizversand.ch. Schnelle Lieferung in der Schweiz. Gratisversand ab CHF 50.","og_url":"https:\/\/schweizversand.ch\/fr\/produkt\/elite-torwarthandschuhe-neo-revolution-ii-3\/","og_site_name":"Schweizer Shop f\u00fcr Sport, Spiel und Freizeit","article_publisher":"https:\/\/www.facebook.com\/Schweizversand","article_modified_time":"2026-04-19T00:04:00+00:00","og_image":[{"width":1024,"height":1024,"url":"https:\/\/schweizversand.ch\/wp-content\/uploads\/2026\/02\/5471694957.jpg","type":"image\/jpeg"}],"twitter_card":"summary_large_image","twitter_misc":{"Dur\u00e9e de lecture estim\u00e9e":"1 minute"},"schema":{"@context":"https:\/\/schema.org","@graph":[{"@type":"WebPage","@id":"https:\/\/schweizversand.ch\/fr\/produkt\/elite-torwarthandschuhe-neo-revolution-ii-3\/","url":"https:\/\/schweizversand.ch\/fr\/produkt\/elite-torwarthandschuhe-neo-revolution-ii-3\/","name":"Elite Torwarthandschuhe - Neo Revolution II | Jetzt kaufen | Schweizversand.ch","isPartOf":{"@id":"https:\/\/schweizversand.ch\/fr\/#website"},"primaryImageOfPage":{"@id":"https:\/\/schweizversand.ch\/fr\/produkt\/elite-torwarthandschuhe-neo-revolution-ii-3\/#primaryimage"},"image":{"@id":"https:\/\/schweizversand.ch\/fr\/produkt\/elite-torwarthandschuhe-neo-revolution-ii-3\/#primaryimage"},"thumbnailUrl":"https:\/\/schweizversand.ch\/wp-content\/uploads\/2026\/02\/5471694957.jpg","datePublished":"2026-03-14T23:55:23+00:00","dateModified":"2026-04-19T00:04:00+00:00","description":"Elite Torwarthandschuhe - Neo Revolution II g\u00fcnstig kaufen bei Schweizversand.ch. Schnelle Lieferung in der Schweiz. Gratisversand ab CHF 50.","breadcrumb":{"@id":"https:\/\/schweizversand.ch\/fr\/produkt\/elite-torwarthandschuhe-neo-revolution-ii-3\/#breadcrumb"},"inLanguage":"fr-FR","potentialAction":[{"@type":"ReadAction","target":["https:\/\/schweizversand.ch\/fr\/produkt\/elite-torwarthandschuhe-neo-revolution-ii-3\/"]}]},{"@type":"ImageObject","inLanguage":"fr-FR","@id":"https:\/\/schweizversand.ch\/fr\/produkt\/elite-torwarthandschuhe-neo-revolution-ii-3\/#primaryimage","url":"https:\/\/schweizversand.ch\/wp-content\/uploads\/2026\/02\/5471694957.jpg","contentUrl":"https:\/\/schweizversand.ch\/wp-content\/uploads\/2026\/02\/5471694957.jpg","width":1024,"height":1024},{"@type":"BreadcrumbList","@id":"https:\/\/schweizversand.ch\/fr\/produkt\/elite-torwarthandschuhe-neo-revolution-ii-3\/#breadcrumb","itemListElement":[{"@type":"ListItem","position":1,"name":"Startseite","item":"https:\/\/schweizversand.ch\/fr\/home\/"},{"@type":"ListItem","position":2,"name":"Boutique","item":"https:\/\/schweizversand.ch\/fr\/boutique\/"},{"@type":"ListItem","position":3,"name":"Sports","item":"https:\/\/schweizversand.ch\/fr\/produkt-kategorie\/sports\/"},{"@type":"ListItem","position":4,"name":"sports de balle et fl\u00e9chettes","item":"https:\/\/schweizversand.ch\/fr\/produkt-kategorie\/sports\/sports-de-balle-et-flechettes\/"},{"@type":"ListItem","position":5,"name":"football","item":"https:\/\/schweizversand.ch\/fr\/produkt-kategorie\/fussball-2\/"},{"@type":"ListItem","position":6,"name":"Gants de gardien de but Elite &#8211; Neo Revolution II"}]},{"@type":"WebSite","@id":"https:\/\/schweizversand.ch\/fr\/#website","url":"https:\/\/schweizversand.ch\/fr\/","name":"Schweizer Shop f\u00fcr Sport, Spiel und Freizeit","description":"Gratisversand ab 50.- (netto), ab eigenem schweizer Lager, Lieferung innert 48h","publisher":{"@id":"https:\/\/schweizversand.ch\/fr\/#organization"},"alternateName":"Schweizversand.ch","potentialAction":[{"@type":"SearchAction","target":{"@type":"EntryPoint","urlTemplate":"https:\/\/schweizversand.ch\/fr\/?s={search_term_string}"},"query-input":{"@type":"PropertyValueSpecification","valueRequired":true,"valueName":"search_term_string"}}],"inLanguage":"fr-FR"},{"@type":"Organization","@id":"https:\/\/schweizversand.ch\/fr\/#organization","name":"Schweizversand.ch","url":"https:\/\/schweizversand.ch\/fr\/","logo":{"@type":"ImageObject","inLanguage":"fr-FR","@id":"https:\/\/schweizversand.ch\/fr\/#\/schema\/logo\/image\/","url":"https:\/\/schweizversand.ch\/wp-content\/uploads\/2026\/03\/Logo_Rund_Final-1.png","contentUrl":"https:\/\/schweizversand.ch\/wp-content\/uploads\/2026\/03\/Logo_Rund_Final-1.png","width":404,"height":404,"caption":"Schweizversand.ch"},"image":{"@id":"https:\/\/schweizversand.ch\/fr\/#\/schema\/logo\/image\/"},"sameAs":["https:\/\/www.facebook.com\/Schweizversand","https:\/\/www.instagram.com\/schweizversand.ch\/"]}]}},"jetpack_sharing_enabled":true,"_links":{"self":[{"href":"https:\/\/schweizversand.ch\/fr\/wp-json\/wp\/v2\/product\/255081","targetHints":{"allow":["GET"]}}],"collection":[{"href":"https:\/\/schweizversand.ch\/fr\/wp-json\/wp\/v2\/product"}],"about":[{"href":"https:\/\/schweizversand.ch\/fr\/wp-json\/wp\/v2\/types\/product"}],"replies":[{"embeddable":true,"href":"https:\/\/schweizversand.ch\/fr\/wp-json\/wp\/v2\/comments?post=255081"}],"wp:featuredmedia":[{"embeddable":true,"href":"https:\/\/schweizversand.ch\/fr\/wp-json\/wp\/v2\/media\/160339"}],"wp:attachment":[{"href":"https:\/\/schweizversand.ch\/fr\/wp-json\/wp\/v2\/media?parent=255081"}],"wp:term":[{"taxonomy":"product_brand","embeddable":true,"href":"https:\/\/schweizversand.ch\/fr\/wp-json\/wp\/v2\/product_brand?post=255081"},{"taxonomy":"product_cat","embeddable":true,"href":"https:\/\/schweizversand.ch\/fr\/wp-json\/wp\/v2\/product_cat?post=255081"},{"taxonomy":"product_tag","embeddable":true,"href":"https:\/\/schweizversand.ch\/fr\/wp-json\/wp\/v2\/product_tag?post=255081"}],"curies":[{"name":"wp","href":"https:\/\/api.w.org\/{rel}","templated":true}]}}