{"id":255085,"date":"2026-03-15T00:55:23","date_gmt":"2026-03-14T23:55:23","guid":{"rendered":"https:\/\/schweizversand.ch\/produkt\/stanley-konstruktionsspielzeug-auto-und-bagger\/"},"modified":"2026-04-30T15:34:08","modified_gmt":"2026-04-30T13:34:08","slug":"stanley-konstruktionsspielzeug-auto-und-bagger","status":"publish","type":"product","link":"https:\/\/schweizversand.ch\/fr\/produkt\/stanley-konstruktionsspielzeug-auto-und-bagger\/","title":{"rendered":"Voiture et pelleteuse de chantier Stanley"},"content":{"rendered":"<p>Coffret d&rsquo;outils Stanley Jr. \u2013 Construis tes propres v\u00e9hicules et r\u00e9v\u00e8le l&rsquo;ing\u00e9nieur qui sommeille en toi\u00a0! Avec le coffret d&rsquo;outils Stanley Jr., les enfants peuvent s&rsquo;immerger dans l&rsquo;univers de la construction en s&rsquo;amusant. Le coffret contient tout le n\u00e9cessaire pour construire ses propres v\u00e9hicules\u00a0: une voiture de course et un bulldozer. Gr\u00e2ce au marteau, au tournevis et aux lunettes de protection inclus, les enfants peuvent se lancer dans de v\u00e9ritables projets de construction, comme les grands\u00a0! Le design authentique et les outils adapt\u00e9s aux enfants encouragent la cr\u00e9ativit\u00e9, la dext\u00e9rit\u00e9 manuelle et la logique. Ce jouet \u00e0 monter soi-m\u00eame est non seulement \u00e9ducatif, mais aussi un excellent projet \u00e0 partager entre parents et enfants. Fabriqu\u00e9 \u00e0 partir de mat\u00e9riaux s\u00fbrs et \u00e9cologiques, le coffret r\u00e9pond aux normes de qualit\u00e9 les plus strictes de la c\u00e9l\u00e8bre marque Stanley Jr., pour un apprentissage ludique et s\u00e9curis\u00e9. Aper\u00e7u des avantages du produit\u00a0: \u2022 Ensemble complet\u00a0: comprend un marteau, un tournevis et des lunettes de s\u00e9curit\u00e9 \u2022 2 v\u00e9hicules \u00e0 construire\u00a0: voiture de course et bulldozer inclus \u2022 Favorise la cr\u00e9ativit\u00e9 et la motricit\u00e9 fine\u00a0: apprentissage ludique par la construction et le vissage \u2022 Projet parent-enfant\u00a0: travailler ensemble et c\u00e9l\u00e9brer les r\u00e9ussites \u2022 S\u00fbr et de haute qualit\u00e9\u00a0: mat\u00e9riaux \u00e9cologiques et adapt\u00e9s aux enfants \u2022 Convient aux enfants de 5\u00a0ans et plus\u00a0: parfait pour les petits constructeurs et les ing\u00e9nieurs en herbe<\/p>\n<\/div>\n<div>Votre enfant a-t-il un futur passionn\u00e9 de bricolage\u00a0? Le coffret d\u2019outils Stanley Jr. d\u00e9veloppe de mani\u00e8re ludique la compr\u00e9hension technique, la patience et la passion de la construction\u00a0: un cadeau id\u00e9al pour les enfants cr\u00e9atifs.<\/p>\n<\/div>\n","protected":false},"excerpt":{"rendered":"<p>Coffret d&rsquo;outils Stanley Jr. \u2013 Construis tes propres v\u00e9hicules et r\u00e9v\u00e8le l&rsquo;ing\u00e9nieur qui sommeille en toi\u00a0! Avec le coffret d&rsquo;outils Stanley Jr., les enfants peuvent s&rsquo;immerger dans l&rsquo;univers de la construction en s&rsquo;amusant. Le coffret contient tout le n\u00e9cessaire pour construire ses propres v\u00e9hicules\u00a0: une voiture de course et un bulldozer. Gr\u00e2ce au marteau, au tournevis et aux lunettes de protection inclus, les enfants peuvent se lancer dans de v\u00e9ritables projets de construction, comme les&hellip;<\/p>\n","protected":false},"featured_media":160351,"comment_status":"open","ping_status":"closed","template":"","meta":[],"product_brand":[],"product_cat":[],"product_tag":[],"class_list":{"0":"post-255085","1":"product","2":"type-product","3":"status-publish","4":"has-post-thumbnail","6":"product_shipping_class-global_methods","8":"first","9":"instock","10":"taxable","11":"shipping-taxable","12":"purchasable","13":"product-type-simple"},"yoast_head":"<!-- This site is optimized with the Yoast SEO plugin v27.5 - https:\/\/yoast.com\/product\/yoast-seo-wordpress\/ -->\n<title>Stanley Konstruktionsspielzeug Auto und Bagger | Jetzt kaufen | Schweizversand.ch<\/title>\n<meta name=\"description\" content=\"Stanley Konstruktionsspielzeug Auto und Bagger g\u00fcnstig kaufen bei Schweizversand.ch. Schnelle Lieferung in der Schweiz. Gratisversand ab CHF 50.\" \/>\n<meta name=\"robots\" content=\"index, follow, max-snippet:-1, max-image-preview:large, max-video-preview:-1\" \/>\n<link rel=\"canonical\" href=\"https:\/\/schweizversand.ch\/fr\/produkt\/stanley-konstruktionsspielzeug-auto-und-bagger\/\" \/>\n<meta property=\"og:locale\" content=\"fr_FR\" \/>\n<meta property=\"og:type\" content=\"article\" \/>\n<meta property=\"og:title\" content=\"Stanley Konstruktionsspielzeug Auto und Bagger | Jetzt kaufen | Schweizversand.ch\" \/>\n<meta property=\"og:description\" content=\"Stanley Konstruktionsspielzeug Auto und Bagger g\u00fcnstig kaufen bei Schweizversand.ch. Schnelle Lieferung in der Schweiz. Gratisversand ab CHF 50.\" \/>\n<meta property=\"og:url\" content=\"https:\/\/schweizversand.ch\/fr\/produkt\/stanley-konstruktionsspielzeug-auto-und-bagger\/\" \/>\n<meta property=\"og:site_name\" content=\"Schweizer Shop f\u00fcr Sport, Spiel und Freizeit\" \/>\n<meta property=\"article:publisher\" content=\"https:\/\/www.facebook.com\/Schweizversand\" \/>\n<meta property=\"article:modified_time\" content=\"2026-04-30T13:34:08+00:00\" \/>\n<meta property=\"og:image\" content=\"https:\/\/schweizversand.ch\/wp-content\/uploads\/2026\/02\/5471753620.jpg\" \/>\n\t<meta property=\"og:image:width\" content=\"1024\" \/>\n\t<meta property=\"og:image:height\" content=\"766\" \/>\n\t<meta property=\"og:image:type\" content=\"image\/jpeg\" \/>\n<meta name=\"twitter:card\" content=\"summary_large_image\" \/>\n<meta name=\"twitter:label1\" content=\"Dur\u00e9e de lecture estim\u00e9e\" \/>\n\t<meta name=\"twitter:data1\" content=\"1 minute\" \/>\n<script type=\"application\/ld+json\" class=\"yoast-schema-graph\">{\"@context\":\"https:\\\/\\\/schema.org\",\"@graph\":[{\"@type\":\"WebPage\",\"@id\":\"https:\\\/\\\/schweizversand.ch\\\/fr\\\/produkt\\\/stanley-konstruktionsspielzeug-auto-und-bagger\\\/\",\"url\":\"https:\\\/\\\/schweizversand.ch\\\/fr\\\/produkt\\\/stanley-konstruktionsspielzeug-auto-und-bagger\\\/\",\"name\":\"Stanley Konstruktionsspielzeug Auto und Bagger | Jetzt kaufen | Schweizversand.ch\",\"isPartOf\":{\"@id\":\"https:\\\/\\\/schweizversand.ch\\\/fr\\\/#website\"},\"primaryImageOfPage\":{\"@id\":\"https:\\\/\\\/schweizversand.ch\\\/fr\\\/produkt\\\/stanley-konstruktionsspielzeug-auto-und-bagger\\\/#primaryimage\"},\"image\":{\"@id\":\"https:\\\/\\\/schweizversand.ch\\\/fr\\\/produkt\\\/stanley-konstruktionsspielzeug-auto-und-bagger\\\/#primaryimage\"},\"thumbnailUrl\":\"https:\\\/\\\/schweizversand.ch\\\/wp-content\\\/uploads\\\/2026\\\/02\\\/5471753620.jpg\",\"datePublished\":\"2026-03-14T23:55:23+00:00\",\"dateModified\":\"2026-04-30T13:34:08+00:00\",\"description\":\"Stanley Konstruktionsspielzeug Auto und Bagger g\u00fcnstig kaufen bei Schweizversand.ch. Schnelle Lieferung in der Schweiz. Gratisversand ab CHF 50.\",\"breadcrumb\":{\"@id\":\"https:\\\/\\\/schweizversand.ch\\\/fr\\\/produkt\\\/stanley-konstruktionsspielzeug-auto-und-bagger\\\/#breadcrumb\"},\"inLanguage\":\"fr-FR\",\"potentialAction\":[{\"@type\":\"ReadAction\",\"target\":[\"https:\\\/\\\/schweizversand.ch\\\/fr\\\/produkt\\\/stanley-konstruktionsspielzeug-auto-und-bagger\\\/\"]}]},{\"@type\":\"ImageObject\",\"inLanguage\":\"fr-FR\",\"@id\":\"https:\\\/\\\/schweizversand.ch\\\/fr\\\/produkt\\\/stanley-konstruktionsspielzeug-auto-und-bagger\\\/#primaryimage\",\"url\":\"https:\\\/\\\/schweizversand.ch\\\/wp-content\\\/uploads\\\/2026\\\/02\\\/5471753620.jpg\",\"contentUrl\":\"https:\\\/\\\/schweizversand.ch\\\/wp-content\\\/uploads\\\/2026\\\/02\\\/5471753620.jpg\",\"width\":1024,\"height\":766},{\"@type\":\"BreadcrumbList\",\"@id\":\"https:\\\/\\\/schweizversand.ch\\\/fr\\\/produkt\\\/stanley-konstruktionsspielzeug-auto-und-bagger\\\/#breadcrumb\",\"itemListElement\":[{\"@type\":\"ListItem\",\"position\":1,\"name\":\"Startseite\",\"item\":\"https:\\\/\\\/schweizversand.ch\\\/fr\\\/home\\\/\"},{\"@type\":\"ListItem\",\"position\":2,\"name\":\"Boutique\",\"item\":\"https:\\\/\\\/schweizversand.ch\\\/fr\\\/boutique\\\/\"},{\"@type\":\"ListItem\",\"position\":3,\"name\":\"Voiture et pelleteuse de chantier Stanley\"}]},{\"@type\":\"WebSite\",\"@id\":\"https:\\\/\\\/schweizversand.ch\\\/fr\\\/#website\",\"url\":\"https:\\\/\\\/schweizversand.ch\\\/fr\\\/\",\"name\":\"Schweizer Shop f\u00fcr Sport, Spiel und Freizeit\",\"description\":\"Gratisversand ab 50.- (netto), ab eigenem schweizer Lager, Lieferung innert 48h\",\"publisher\":{\"@id\":\"https:\\\/\\\/schweizversand.ch\\\/fr\\\/#organization\"},\"alternateName\":\"Schweizversand.ch\",\"potentialAction\":[{\"@type\":\"SearchAction\",\"target\":{\"@type\":\"EntryPoint\",\"urlTemplate\":\"https:\\\/\\\/schweizversand.ch\\\/fr\\\/?s={search_term_string}\"},\"query-input\":{\"@type\":\"PropertyValueSpecification\",\"valueRequired\":true,\"valueName\":\"search_term_string\"}}],\"inLanguage\":\"fr-FR\"},{\"@type\":\"Organization\",\"@id\":\"https:\\\/\\\/schweizversand.ch\\\/fr\\\/#organization\",\"name\":\"Schweizversand.ch\",\"url\":\"https:\\\/\\\/schweizversand.ch\\\/fr\\\/\",\"logo\":{\"@type\":\"ImageObject\",\"inLanguage\":\"fr-FR\",\"@id\":\"https:\\\/\\\/schweizversand.ch\\\/fr\\\/#\\\/schema\\\/logo\\\/image\\\/\",\"url\":\"https:\\\/\\\/schweizversand.ch\\\/wp-content\\\/uploads\\\/2026\\\/03\\\/Logo_Rund_Final-1.png\",\"contentUrl\":\"https:\\\/\\\/schweizversand.ch\\\/wp-content\\\/uploads\\\/2026\\\/03\\\/Logo_Rund_Final-1.png\",\"width\":404,\"height\":404,\"caption\":\"Schweizversand.ch\"},\"image\":{\"@id\":\"https:\\\/\\\/schweizversand.ch\\\/fr\\\/#\\\/schema\\\/logo\\\/image\\\/\"},\"sameAs\":[\"https:\\\/\\\/www.facebook.com\\\/Schweizversand\",\"https:\\\/\\\/www.instagram.com\\\/schweizversand.ch\\\/\"]}]}<\/script>\n<!-- \/ Yoast SEO plugin. -->","yoast_head_json":{"title":"Stanley Konstruktionsspielzeug Auto und Bagger | Jetzt kaufen | Schweizversand.ch","description":"Stanley Konstruktionsspielzeug Auto und Bagger g\u00fcnstig kaufen bei Schweizversand.ch. Schnelle Lieferung in der Schweiz. Gratisversand ab CHF 50.","robots":{"index":"index","follow":"follow","max-snippet":"max-snippet:-1","max-image-preview":"max-image-preview:large","max-video-preview":"max-video-preview:-1"},"canonical":"https:\/\/schweizversand.ch\/fr\/produkt\/stanley-konstruktionsspielzeug-auto-und-bagger\/","og_locale":"fr_FR","og_type":"article","og_title":"Stanley Konstruktionsspielzeug Auto und Bagger | Jetzt kaufen | Schweizversand.ch","og_description":"Stanley Konstruktionsspielzeug Auto und Bagger g\u00fcnstig kaufen bei Schweizversand.ch. Schnelle Lieferung in der Schweiz. Gratisversand ab CHF 50.","og_url":"https:\/\/schweizversand.ch\/fr\/produkt\/stanley-konstruktionsspielzeug-auto-und-bagger\/","og_site_name":"Schweizer Shop f\u00fcr Sport, Spiel und Freizeit","article_publisher":"https:\/\/www.facebook.com\/Schweizversand","article_modified_time":"2026-04-30T13:34:08+00:00","og_image":[{"width":1024,"height":766,"url":"https:\/\/schweizversand.ch\/wp-content\/uploads\/2026\/02\/5471753620.jpg","type":"image\/jpeg"}],"twitter_card":"summary_large_image","twitter_misc":{"Dur\u00e9e de lecture estim\u00e9e":"1 minute"},"schema":{"@context":"https:\/\/schema.org","@graph":[{"@type":"WebPage","@id":"https:\/\/schweizversand.ch\/fr\/produkt\/stanley-konstruktionsspielzeug-auto-und-bagger\/","url":"https:\/\/schweizversand.ch\/fr\/produkt\/stanley-konstruktionsspielzeug-auto-und-bagger\/","name":"Stanley Konstruktionsspielzeug Auto und Bagger | Jetzt kaufen | Schweizversand.ch","isPartOf":{"@id":"https:\/\/schweizversand.ch\/fr\/#website"},"primaryImageOfPage":{"@id":"https:\/\/schweizversand.ch\/fr\/produkt\/stanley-konstruktionsspielzeug-auto-und-bagger\/#primaryimage"},"image":{"@id":"https:\/\/schweizversand.ch\/fr\/produkt\/stanley-konstruktionsspielzeug-auto-und-bagger\/#primaryimage"},"thumbnailUrl":"https:\/\/schweizversand.ch\/wp-content\/uploads\/2026\/02\/5471753620.jpg","datePublished":"2026-03-14T23:55:23+00:00","dateModified":"2026-04-30T13:34:08+00:00","description":"Stanley Konstruktionsspielzeug Auto und Bagger g\u00fcnstig kaufen bei Schweizversand.ch. Schnelle Lieferung in der Schweiz. Gratisversand ab CHF 50.","breadcrumb":{"@id":"https:\/\/schweizversand.ch\/fr\/produkt\/stanley-konstruktionsspielzeug-auto-und-bagger\/#breadcrumb"},"inLanguage":"fr-FR","potentialAction":[{"@type":"ReadAction","target":["https:\/\/schweizversand.ch\/fr\/produkt\/stanley-konstruktionsspielzeug-auto-und-bagger\/"]}]},{"@type":"ImageObject","inLanguage":"fr-FR","@id":"https:\/\/schweizversand.ch\/fr\/produkt\/stanley-konstruktionsspielzeug-auto-und-bagger\/#primaryimage","url":"https:\/\/schweizversand.ch\/wp-content\/uploads\/2026\/02\/5471753620.jpg","contentUrl":"https:\/\/schweizversand.ch\/wp-content\/uploads\/2026\/02\/5471753620.jpg","width":1024,"height":766},{"@type":"BreadcrumbList","@id":"https:\/\/schweizversand.ch\/fr\/produkt\/stanley-konstruktionsspielzeug-auto-und-bagger\/#breadcrumb","itemListElement":[{"@type":"ListItem","position":1,"name":"Startseite","item":"https:\/\/schweizversand.ch\/fr\/home\/"},{"@type":"ListItem","position":2,"name":"Boutique","item":"https:\/\/schweizversand.ch\/fr\/boutique\/"},{"@type":"ListItem","position":3,"name":"Voiture et pelleteuse de chantier Stanley"}]},{"@type":"WebSite","@id":"https:\/\/schweizversand.ch\/fr\/#website","url":"https:\/\/schweizversand.ch\/fr\/","name":"Schweizer Shop f\u00fcr Sport, Spiel und Freizeit","description":"Gratisversand ab 50.- (netto), ab eigenem schweizer Lager, Lieferung innert 48h","publisher":{"@id":"https:\/\/schweizversand.ch\/fr\/#organization"},"alternateName":"Schweizversand.ch","potentialAction":[{"@type":"SearchAction","target":{"@type":"EntryPoint","urlTemplate":"https:\/\/schweizversand.ch\/fr\/?s={search_term_string}"},"query-input":{"@type":"PropertyValueSpecification","valueRequired":true,"valueName":"search_term_string"}}],"inLanguage":"fr-FR"},{"@type":"Organization","@id":"https:\/\/schweizversand.ch\/fr\/#organization","name":"Schweizversand.ch","url":"https:\/\/schweizversand.ch\/fr\/","logo":{"@type":"ImageObject","inLanguage":"fr-FR","@id":"https:\/\/schweizversand.ch\/fr\/#\/schema\/logo\/image\/","url":"https:\/\/schweizversand.ch\/wp-content\/uploads\/2026\/03\/Logo_Rund_Final-1.png","contentUrl":"https:\/\/schweizversand.ch\/wp-content\/uploads\/2026\/03\/Logo_Rund_Final-1.png","width":404,"height":404,"caption":"Schweizversand.ch"},"image":{"@id":"https:\/\/schweizversand.ch\/fr\/#\/schema\/logo\/image\/"},"sameAs":["https:\/\/www.facebook.com\/Schweizversand","https:\/\/www.instagram.com\/schweizversand.ch\/"]}]}},"jetpack_sharing_enabled":true,"_links":{"self":[{"href":"https:\/\/schweizversand.ch\/fr\/wp-json\/wp\/v2\/product\/255085","targetHints":{"allow":["GET"]}}],"collection":[{"href":"https:\/\/schweizversand.ch\/fr\/wp-json\/wp\/v2\/product"}],"about":[{"href":"https:\/\/schweizversand.ch\/fr\/wp-json\/wp\/v2\/types\/product"}],"replies":[{"embeddable":true,"href":"https:\/\/schweizversand.ch\/fr\/wp-json\/wp\/v2\/comments?post=255085"}],"wp:featuredmedia":[{"embeddable":true,"href":"https:\/\/schweizversand.ch\/fr\/wp-json\/wp\/v2\/media\/160351"}],"wp:attachment":[{"href":"https:\/\/schweizversand.ch\/fr\/wp-json\/wp\/v2\/media?parent=255085"}],"wp:term":[{"taxonomy":"product_brand","embeddable":true,"href":"https:\/\/schweizversand.ch\/fr\/wp-json\/wp\/v2\/product_brand?post=255085"},{"taxonomy":"product_cat","embeddable":true,"href":"https:\/\/schweizversand.ch\/fr\/wp-json\/wp\/v2\/product_cat?post=255085"},{"taxonomy":"product_tag","embeddable":true,"href":"https:\/\/schweizversand.ch\/fr\/wp-json\/wp\/v2\/product_tag?post=255085"}],"curies":[{"name":"wp","href":"https:\/\/api.w.org\/{rel}","templated":true}]}}