{"id":255116,"date":"2026-03-15T00:55:36","date_gmt":"2026-03-14T23:55:36","guid":{"rendered":"https:\/\/schweizversand.ch\/produkt\/milliwood-puzzle-holz-xxl-heather-garden-580-teile\/"},"modified":"2026-04-19T15:35:21","modified_gmt":"2026-04-19T13:35:21","slug":"milliwood-puzzle-holz-xxl-heather-garden-580-teile","status":"publish","type":"product","link":"https:\/\/schweizversand.ch\/fr\/produkt\/milliwood-puzzle-holz-xxl-heather-garden-580-teile\/","title":{"rendered":"Puzzle en bois Milliwood XXL \u00ab Jardin de bruy\u00e8re \u00bb 580 pi\u00e8ces"},"content":{"rendered":"<h1><strong>Cabane au coucher du soleil (Puzzle en bois)<\/strong><\/h1>\n<div>Plongez dans l&rsquo;atmosph\u00e8re paisible de ce puzzle en bois unique. Son motif repr\u00e9sente une sc\u00e8ne idyllique qui respire la tranquillit\u00e9 et l&rsquo;harmonie, id\u00e9ale pour des moments de d\u00e9tente. Ce puzzle \u00e0 motif nature est un incontournable pour tous les amateurs de puzzles de paysages.<\/p>\n<\/div>\n<div><strong>Motif et design uniques<\/strong><br \/>Ce puzzle en bois pour adultes capture la magie du coucher du soleil. Vous y d\u00e9couvrirez une charmante cabane nich\u00e9e dans un paysage de collines ondulantes et de bruy\u00e8re en fleurs. Le soleil couchant baigne le ciel de teintes orange et rose intenses, cr\u00e9ant une atmosph\u00e8re de s\u00e9r\u00e9nit\u00e9. Les murs en bois de la cabane se fondent harmonieusement dans le paysage, offrant une image pittoresque de la vie \u00e0 la campagne. Votre avantage\u00a0: bien plus qu&rsquo;un simple puzzle. Assembler ce puzzle \u00ab\u00a0Cabane au coucher du soleil\u00a0\u00bb est bien plus qu&rsquo;un simple divertissement. C&rsquo;est un excellent moyen d&rsquo;am\u00e9liorer sa concentration et de se d\u00e9connecter du stress quotidien. Ce puzzle en bois vous permettra d&rsquo;affiner votre perception gr\u00e2ce \u00e0 une observation attentive des d\u00e9tails, et de d\u00e9velopper votre patience et votre pers\u00e9v\u00e9rance. D\u00e9tente et concentration : profitez de l&rsquo;effet relaxant que procurent le paisible paysage et le plaisir de r\u00e9soudre le puzzle. Ce puzzle en bois est id\u00e9al pour se d\u00e9tendre et stimuler votre imagination en inventant des histoires autour de ce lieu paisible. Commandez d\u00e8s maintenant votre puzzle en bois \u00ab Cabane au coucher du soleil \u00bb et apportez une touche de s\u00e9r\u00e9nit\u00e9 champ\u00eatre \u00e0 votre int\u00e9rieur.<\/p>\n","protected":false},"excerpt":{"rendered":"<p>Cabane au coucher du soleil (Puzzle en bois) Plongez dans l&rsquo;atmosph\u00e8re paisible de ce puzzle en bois unique. Son motif repr\u00e9sente une sc\u00e8ne idyllique qui respire la tranquillit\u00e9 et l&rsquo;harmonie, id\u00e9ale pour des moments de d\u00e9tente. Ce puzzle \u00e0 motif nature est un incontournable pour tous les amateurs de puzzles de paysages. Motif et design uniquesCe puzzle en bois pour adultes capture la magie du coucher du soleil. Vous y d\u00e9couvrirez une charmante cabane nich\u00e9e&hellip;<\/p>\n","protected":false},"featured_media":160576,"comment_status":"open","ping_status":"closed","template":"","meta":[],"product_brand":[],"product_cat":[38734],"product_tag":[],"class_list":{"0":"post-255116","1":"product","2":"type-product","3":"status-publish","4":"has-post-thumbnail","6":"product_cat-puzzle","7":"product_shipping_class-global_methods","9":"first","10":"instock","11":"taxable","12":"shipping-taxable","13":"purchasable","14":"product-type-simple"},"yoast_head":"<!-- This site is optimized with the Yoast SEO plugin v27.4 - https:\/\/yoast.com\/product\/yoast-seo-wordpress\/ -->\n<title>Milliwood Puzzle Holz XXL &quot;Heather Garden&quot; 580 Teile | Jetzt kaufen | Schweizversand.ch<\/title>\n<meta name=\"description\" content=\"Milliwood Puzzle Holz XXL &quot;Heather Garden&quot; 580 Teile g\u00fcnstig kaufen bei Schweizversand.ch. Schnelle Lieferung in der Schweiz. Gratisversand ab CHF 50.\" \/>\n<meta name=\"robots\" content=\"index, follow, max-snippet:-1, max-image-preview:large, max-video-preview:-1\" \/>\n<link rel=\"canonical\" href=\"https:\/\/schweizversand.ch\/fr\/produkt\/milliwood-puzzle-holz-xxl-heather-garden-580-teile\/\" \/>\n<meta property=\"og:locale\" content=\"fr_FR\" \/>\n<meta property=\"og:type\" content=\"article\" \/>\n<meta property=\"og:title\" content=\"Milliwood Puzzle Holz XXL &quot;Heather Garden&quot; 580 Teile | Jetzt kaufen | Schweizversand.ch\" \/>\n<meta property=\"og:description\" content=\"Milliwood Puzzle Holz XXL &quot;Heather Garden&quot; 580 Teile g\u00fcnstig kaufen bei Schweizversand.ch. Schnelle Lieferung in der Schweiz. Gratisversand ab CHF 50.\" \/>\n<meta property=\"og:url\" content=\"https:\/\/schweizversand.ch\/fr\/produkt\/milliwood-puzzle-holz-xxl-heather-garden-580-teile\/\" \/>\n<meta property=\"og:site_name\" content=\"Schweizer Shop f\u00fcr Sport, Spiel und Freizeit\" \/>\n<meta property=\"article:publisher\" content=\"https:\/\/www.facebook.com\/Schweizversand\" \/>\n<meta property=\"article:modified_time\" content=\"2026-04-19T13:35:21+00:00\" \/>\n<meta property=\"og:image\" content=\"https:\/\/schweizversand.ch\/wp-content\/uploads\/2026\/02\/5471825223.png\" \/>\n\t<meta property=\"og:image:width\" content=\"1024\" \/>\n\t<meta property=\"og:image:height\" content=\"833\" \/>\n\t<meta property=\"og:image:type\" content=\"image\/png\" \/>\n<meta name=\"twitter:card\" content=\"summary_large_image\" \/>\n<meta name=\"twitter:label1\" content=\"Dur\u00e9e de lecture estim\u00e9e\" \/>\n\t<meta name=\"twitter:data1\" content=\"1 minute\" \/>\n<script type=\"application\/ld+json\" class=\"yoast-schema-graph\">{\"@context\":\"https:\\\/\\\/schema.org\",\"@graph\":[{\"@type\":\"WebPage\",\"@id\":\"https:\\\/\\\/schweizversand.ch\\\/fr\\\/produkt\\\/milliwood-puzzle-holz-xxl-heather-garden-580-teile\\\/\",\"url\":\"https:\\\/\\\/schweizversand.ch\\\/fr\\\/produkt\\\/milliwood-puzzle-holz-xxl-heather-garden-580-teile\\\/\",\"name\":\"Milliwood Puzzle Holz XXL \\\"Heather Garden\\\" 580 Teile | Jetzt kaufen | Schweizversand.ch\",\"isPartOf\":{\"@id\":\"https:\\\/\\\/schweizversand.ch\\\/fr\\\/#website\"},\"primaryImageOfPage\":{\"@id\":\"https:\\\/\\\/schweizversand.ch\\\/fr\\\/produkt\\\/milliwood-puzzle-holz-xxl-heather-garden-580-teile\\\/#primaryimage\"},\"image\":{\"@id\":\"https:\\\/\\\/schweizversand.ch\\\/fr\\\/produkt\\\/milliwood-puzzle-holz-xxl-heather-garden-580-teile\\\/#primaryimage\"},\"thumbnailUrl\":\"https:\\\/\\\/schweizversand.ch\\\/wp-content\\\/uploads\\\/2026\\\/02\\\/5471825223.png\",\"datePublished\":\"2026-03-14T23:55:36+00:00\",\"dateModified\":\"2026-04-19T13:35:21+00:00\",\"description\":\"Milliwood Puzzle Holz XXL \\\"Heather Garden\\\" 580 Teile g\u00fcnstig kaufen bei Schweizversand.ch. Schnelle Lieferung in der Schweiz. Gratisversand ab CHF 50.\",\"breadcrumb\":{\"@id\":\"https:\\\/\\\/schweizversand.ch\\\/fr\\\/produkt\\\/milliwood-puzzle-holz-xxl-heather-garden-580-teile\\\/#breadcrumb\"},\"inLanguage\":\"fr-FR\",\"potentialAction\":[{\"@type\":\"ReadAction\",\"target\":[\"https:\\\/\\\/schweizversand.ch\\\/fr\\\/produkt\\\/milliwood-puzzle-holz-xxl-heather-garden-580-teile\\\/\"]}]},{\"@type\":\"ImageObject\",\"inLanguage\":\"fr-FR\",\"@id\":\"https:\\\/\\\/schweizversand.ch\\\/fr\\\/produkt\\\/milliwood-puzzle-holz-xxl-heather-garden-580-teile\\\/#primaryimage\",\"url\":\"https:\\\/\\\/schweizversand.ch\\\/wp-content\\\/uploads\\\/2026\\\/02\\\/5471825223.png\",\"contentUrl\":\"https:\\\/\\\/schweizversand.ch\\\/wp-content\\\/uploads\\\/2026\\\/02\\\/5471825223.png\",\"width\":1024,\"height\":833},{\"@type\":\"BreadcrumbList\",\"@id\":\"https:\\\/\\\/schweizversand.ch\\\/fr\\\/produkt\\\/milliwood-puzzle-holz-xxl-heather-garden-580-teile\\\/#breadcrumb\",\"itemListElement\":[{\"@type\":\"ListItem\",\"position\":1,\"name\":\"Startseite\",\"item\":\"https:\\\/\\\/schweizversand.ch\\\/fr\\\/home\\\/\"},{\"@type\":\"ListItem\",\"position\":2,\"name\":\"Boutique\",\"item\":\"https:\\\/\\\/schweizversand.ch\\\/fr\\\/boutique\\\/\"},{\"@type\":\"ListItem\",\"position\":3,\"name\":\"Jouets et jeux\",\"item\":\"https:\\\/\\\/schweizversand.ch\\\/fr\\\/produkt-kategorie\\\/jouets-et-jeux\\\/\"},{\"@type\":\"ListItem\",\"position\":4,\"name\":\"Jeux et puzzles\",\"item\":\"https:\\\/\\\/schweizversand.ch\\\/fr\\\/produkt-kategorie\\\/jouets-et-jeux\\\/jeux-et-puzzles\\\/\"},{\"@type\":\"ListItem\",\"position\":5,\"name\":\"Puzzles\",\"item\":\"https:\\\/\\\/schweizversand.ch\\\/fr\\\/produkt-kategorie\\\/puzzle\\\/\"},{\"@type\":\"ListItem\",\"position\":6,\"name\":\"Puzzle en bois Milliwood XXL \u00ab Jardin de bruy\u00e8re \u00bb 580 pi\u00e8ces\"}]},{\"@type\":\"WebSite\",\"@id\":\"https:\\\/\\\/schweizversand.ch\\\/fr\\\/#website\",\"url\":\"https:\\\/\\\/schweizversand.ch\\\/fr\\\/\",\"name\":\"Schweizer Shop f\u00fcr Sport, Spiel und Freizeit\",\"description\":\"Gratisversand ab 50.- (netto), ab eigenem schweizer Lager, Lieferung innert 48h\",\"publisher\":{\"@id\":\"https:\\\/\\\/schweizversand.ch\\\/fr\\\/#organization\"},\"alternateName\":\"Schweizversand.ch\",\"potentialAction\":[{\"@type\":\"SearchAction\",\"target\":{\"@type\":\"EntryPoint\",\"urlTemplate\":\"https:\\\/\\\/schweizversand.ch\\\/fr\\\/?s={search_term_string}\"},\"query-input\":{\"@type\":\"PropertyValueSpecification\",\"valueRequired\":true,\"valueName\":\"search_term_string\"}}],\"inLanguage\":\"fr-FR\"},{\"@type\":\"Organization\",\"@id\":\"https:\\\/\\\/schweizversand.ch\\\/fr\\\/#organization\",\"name\":\"Schweizversand.ch\",\"url\":\"https:\\\/\\\/schweizversand.ch\\\/fr\\\/\",\"logo\":{\"@type\":\"ImageObject\",\"inLanguage\":\"fr-FR\",\"@id\":\"https:\\\/\\\/schweizversand.ch\\\/fr\\\/#\\\/schema\\\/logo\\\/image\\\/\",\"url\":\"https:\\\/\\\/schweizversand.ch\\\/wp-content\\\/uploads\\\/2026\\\/03\\\/Logo_Rund_Final-1.png\",\"contentUrl\":\"https:\\\/\\\/schweizversand.ch\\\/wp-content\\\/uploads\\\/2026\\\/03\\\/Logo_Rund_Final-1.png\",\"width\":404,\"height\":404,\"caption\":\"Schweizversand.ch\"},\"image\":{\"@id\":\"https:\\\/\\\/schweizversand.ch\\\/fr\\\/#\\\/schema\\\/logo\\\/image\\\/\"},\"sameAs\":[\"https:\\\/\\\/www.facebook.com\\\/Schweizversand\",\"https:\\\/\\\/www.instagram.com\\\/schweizversand.ch\\\/\"]}]}<\/script>\n<!-- \/ Yoast SEO plugin. -->","yoast_head_json":{"title":"Milliwood Puzzle Holz XXL \"Heather Garden\" 580 Teile | Jetzt kaufen | Schweizversand.ch","description":"Milliwood Puzzle Holz XXL \"Heather Garden\" 580 Teile g\u00fcnstig kaufen bei Schweizversand.ch. Schnelle Lieferung in der Schweiz. Gratisversand ab CHF 50.","robots":{"index":"index","follow":"follow","max-snippet":"max-snippet:-1","max-image-preview":"max-image-preview:large","max-video-preview":"max-video-preview:-1"},"canonical":"https:\/\/schweizversand.ch\/fr\/produkt\/milliwood-puzzle-holz-xxl-heather-garden-580-teile\/","og_locale":"fr_FR","og_type":"article","og_title":"Milliwood Puzzle Holz XXL \"Heather Garden\" 580 Teile | Jetzt kaufen | Schweizversand.ch","og_description":"Milliwood Puzzle Holz XXL \"Heather Garden\" 580 Teile g\u00fcnstig kaufen bei Schweizversand.ch. Schnelle Lieferung in der Schweiz. Gratisversand ab CHF 50.","og_url":"https:\/\/schweizversand.ch\/fr\/produkt\/milliwood-puzzle-holz-xxl-heather-garden-580-teile\/","og_site_name":"Schweizer Shop f\u00fcr Sport, Spiel und Freizeit","article_publisher":"https:\/\/www.facebook.com\/Schweizversand","article_modified_time":"2026-04-19T13:35:21+00:00","og_image":[{"url":"https:\/\/schweizversand.ch\/wp-content\/uploads\/2026\/02\/5471825223.png","width":1024,"height":833,"type":"image\/png"}],"twitter_card":"summary_large_image","twitter_misc":{"Dur\u00e9e de lecture estim\u00e9e":"1 minute"},"schema":{"@context":"https:\/\/schema.org","@graph":[{"@type":"WebPage","@id":"https:\/\/schweizversand.ch\/fr\/produkt\/milliwood-puzzle-holz-xxl-heather-garden-580-teile\/","url":"https:\/\/schweizversand.ch\/fr\/produkt\/milliwood-puzzle-holz-xxl-heather-garden-580-teile\/","name":"Milliwood Puzzle Holz XXL \"Heather Garden\" 580 Teile | Jetzt kaufen | Schweizversand.ch","isPartOf":{"@id":"https:\/\/schweizversand.ch\/fr\/#website"},"primaryImageOfPage":{"@id":"https:\/\/schweizversand.ch\/fr\/produkt\/milliwood-puzzle-holz-xxl-heather-garden-580-teile\/#primaryimage"},"image":{"@id":"https:\/\/schweizversand.ch\/fr\/produkt\/milliwood-puzzle-holz-xxl-heather-garden-580-teile\/#primaryimage"},"thumbnailUrl":"https:\/\/schweizversand.ch\/wp-content\/uploads\/2026\/02\/5471825223.png","datePublished":"2026-03-14T23:55:36+00:00","dateModified":"2026-04-19T13:35:21+00:00","description":"Milliwood Puzzle Holz XXL \"Heather Garden\" 580 Teile g\u00fcnstig kaufen bei Schweizversand.ch. Schnelle Lieferung in der Schweiz. Gratisversand ab CHF 50.","breadcrumb":{"@id":"https:\/\/schweizversand.ch\/fr\/produkt\/milliwood-puzzle-holz-xxl-heather-garden-580-teile\/#breadcrumb"},"inLanguage":"fr-FR","potentialAction":[{"@type":"ReadAction","target":["https:\/\/schweizversand.ch\/fr\/produkt\/milliwood-puzzle-holz-xxl-heather-garden-580-teile\/"]}]},{"@type":"ImageObject","inLanguage":"fr-FR","@id":"https:\/\/schweizversand.ch\/fr\/produkt\/milliwood-puzzle-holz-xxl-heather-garden-580-teile\/#primaryimage","url":"https:\/\/schweizversand.ch\/wp-content\/uploads\/2026\/02\/5471825223.png","contentUrl":"https:\/\/schweizversand.ch\/wp-content\/uploads\/2026\/02\/5471825223.png","width":1024,"height":833},{"@type":"BreadcrumbList","@id":"https:\/\/schweizversand.ch\/fr\/produkt\/milliwood-puzzle-holz-xxl-heather-garden-580-teile\/#breadcrumb","itemListElement":[{"@type":"ListItem","position":1,"name":"Startseite","item":"https:\/\/schweizversand.ch\/fr\/home\/"},{"@type":"ListItem","position":2,"name":"Boutique","item":"https:\/\/schweizversand.ch\/fr\/boutique\/"},{"@type":"ListItem","position":3,"name":"Jouets et jeux","item":"https:\/\/schweizversand.ch\/fr\/produkt-kategorie\/jouets-et-jeux\/"},{"@type":"ListItem","position":4,"name":"Jeux et puzzles","item":"https:\/\/schweizversand.ch\/fr\/produkt-kategorie\/jouets-et-jeux\/jeux-et-puzzles\/"},{"@type":"ListItem","position":5,"name":"Puzzles","item":"https:\/\/schweizversand.ch\/fr\/produkt-kategorie\/puzzle\/"},{"@type":"ListItem","position":6,"name":"Puzzle en bois Milliwood XXL \u00ab Jardin de bruy\u00e8re \u00bb 580 pi\u00e8ces"}]},{"@type":"WebSite","@id":"https:\/\/schweizversand.ch\/fr\/#website","url":"https:\/\/schweizversand.ch\/fr\/","name":"Schweizer Shop f\u00fcr Sport, Spiel und Freizeit","description":"Gratisversand ab 50.- (netto), ab eigenem schweizer Lager, Lieferung innert 48h","publisher":{"@id":"https:\/\/schweizversand.ch\/fr\/#organization"},"alternateName":"Schweizversand.ch","potentialAction":[{"@type":"SearchAction","target":{"@type":"EntryPoint","urlTemplate":"https:\/\/schweizversand.ch\/fr\/?s={search_term_string}"},"query-input":{"@type":"PropertyValueSpecification","valueRequired":true,"valueName":"search_term_string"}}],"inLanguage":"fr-FR"},{"@type":"Organization","@id":"https:\/\/schweizversand.ch\/fr\/#organization","name":"Schweizversand.ch","url":"https:\/\/schweizversand.ch\/fr\/","logo":{"@type":"ImageObject","inLanguage":"fr-FR","@id":"https:\/\/schweizversand.ch\/fr\/#\/schema\/logo\/image\/","url":"https:\/\/schweizversand.ch\/wp-content\/uploads\/2026\/03\/Logo_Rund_Final-1.png","contentUrl":"https:\/\/schweizversand.ch\/wp-content\/uploads\/2026\/03\/Logo_Rund_Final-1.png","width":404,"height":404,"caption":"Schweizversand.ch"},"image":{"@id":"https:\/\/schweizversand.ch\/fr\/#\/schema\/logo\/image\/"},"sameAs":["https:\/\/www.facebook.com\/Schweizversand","https:\/\/www.instagram.com\/schweizversand.ch\/"]}]}},"jetpack_sharing_enabled":true,"_links":{"self":[{"href":"https:\/\/schweizversand.ch\/fr\/wp-json\/wp\/v2\/product\/255116","targetHints":{"allow":["GET"]}}],"collection":[{"href":"https:\/\/schweizversand.ch\/fr\/wp-json\/wp\/v2\/product"}],"about":[{"href":"https:\/\/schweizversand.ch\/fr\/wp-json\/wp\/v2\/types\/product"}],"replies":[{"embeddable":true,"href":"https:\/\/schweizversand.ch\/fr\/wp-json\/wp\/v2\/comments?post=255116"}],"wp:featuredmedia":[{"embeddable":true,"href":"https:\/\/schweizversand.ch\/fr\/wp-json\/wp\/v2\/media\/160576"}],"wp:attachment":[{"href":"https:\/\/schweizversand.ch\/fr\/wp-json\/wp\/v2\/media?parent=255116"}],"wp:term":[{"taxonomy":"product_brand","embeddable":true,"href":"https:\/\/schweizversand.ch\/fr\/wp-json\/wp\/v2\/product_brand?post=255116"},{"taxonomy":"product_cat","embeddable":true,"href":"https:\/\/schweizversand.ch\/fr\/wp-json\/wp\/v2\/product_cat?post=255116"},{"taxonomy":"product_tag","embeddable":true,"href":"https:\/\/schweizversand.ch\/fr\/wp-json\/wp\/v2\/product_tag?post=255116"}],"curies":[{"name":"wp","href":"https:\/\/api.w.org\/{rel}","templated":true}]}}