{"id":255123,"date":"2026-03-15T00:55:37","date_gmt":"2026-03-14T23:55:37","guid":{"rendered":"https:\/\/schweizversand.ch\/produkt\/jack-jones-unisex-sneaker-socken-12er-pack\/"},"modified":"2026-04-20T02:03:47","modified_gmt":"2026-04-20T00:03:47","slug":"jack-jones-unisex-sneaker-socken-12er-pack","status":"publish","type":"product","link":"https:\/\/schweizversand.ch\/fr\/produkt\/jack-jones-unisex-sneaker-socken-12er-pack\/","title":{"rendered":"Lot de 12 chaussettes unisexes JACK &#038; JONES pour baskets"},"content":{"rendered":"<p>Les chaussettes JACK &#038; JONES pour hommes et femmes, vendues par lot de 12 (6 noires et 6 blanches), offrent un parfait \u00e9quilibre entre confort et style. Id\u00e9ales au quotidien ou pour le sport, elles garantissent un ajustement parfait et un confort exceptionnel.<\/p>\n<p>Confectionn\u00e9es dans un m\u00e9lange de mati\u00e8res de haute qualit\u00e9 (72 % coton, 26 % polyester et 2 % \u00e9lasthanne), elles sont respirantes, r\u00e9sistantes et offrent un maintien optimal. Le coton doux est agr\u00e9able au toucher, tandis que l&rsquo;\u00e9lasticit\u00e9 assure un ajustement parfait sans serrer. Les coloris classiques noir et blanc sont polyvalents et s&rsquo;accordent avec toutes vos tenues. Ce lot de 12 paires est id\u00e9al pour accompagner vos baskets, vos chaussures de sport ou tout simplement pour un usage quotidien.<\/p>\n<p>Choisissez JACK &#038; JONES\u00a0: le choix id\u00e9al pour celles et ceux qui privil\u00e9gient la qualit\u00e9 et le confort.<\/p>\n<p> Parfaites au quotidien, elles deviendront vite un indispensable de votre collection de chaussettes\u00a0!<\/p>\n","protected":false},"excerpt":{"rendered":"<p>Les chaussettes JACK &#038; JONES pour hommes et femmes, vendues par lot de 12 (6 noires et 6 blanches), offrent un parfait \u00e9quilibre entre confort et style. Id\u00e9ales au quotidien ou pour le sport, elles garantissent un ajustement parfait et un confort exceptionnel. Confectionn\u00e9es dans un m\u00e9lange de mati\u00e8res de haute qualit\u00e9 (72 % coton, 26 % polyester et 2 % \u00e9lasthanne), elles sont respirantes, r\u00e9sistantes et offrent un maintien optimal. Le coton doux est&hellip;<\/p>\n","protected":false},"featured_media":257352,"comment_status":"open","ping_status":"closed","template":"","meta":[],"product_brand":[],"product_cat":[38164,38165],"product_tag":[],"class_list":{"0":"post-255123","1":"product","2":"type-product","3":"status-publish","4":"has-post-thumbnail","6":"product_cat-diverses","7":"product_cat-divers","8":"product_shipping_class-global_methods","10":"first","11":"instock","12":"taxable","13":"shipping-taxable","14":"purchasable","15":"product-type-simple"},"yoast_head":"<!-- This site is optimized with the Yoast SEO plugin v27.4 - https:\/\/yoast.com\/product\/yoast-seo-wordpress\/ -->\n<title>JACK &amp; JONES Unisex Sneaker Socken 12er Pack<\/title>\n<meta name=\"description\" content=\"Die JACK &amp; JONES Sneaker Socken f\u00fcr Herren und Damen im praktischen 12er Pack (6er Set in schwarz &amp; 6er Set in weiss) bieten dir den idealen Mix aus Komfort und\" \/>\n<meta name=\"robots\" content=\"index, follow, max-snippet:-1, max-image-preview:large, max-video-preview:-1\" \/>\n<link rel=\"canonical\" href=\"https:\/\/schweizversand.ch\/fr\/produkt\/jack-jones-unisex-sneaker-socken-12er-pack\/\" \/>\n<meta property=\"og:locale\" content=\"fr_FR\" \/>\n<meta property=\"og:type\" content=\"article\" \/>\n<meta property=\"og:title\" content=\"JACK &amp; JONES Unisex Sneaker Socken 12er Pack\" \/>\n<meta property=\"og:description\" content=\"Die JACK &amp; JONES Sneaker Socken f\u00fcr Herren und Damen im praktischen 12er Pack (6er Set in schwarz &amp; 6er Set in weiss) bieten dir den idealen Mix aus Komfort und\" \/>\n<meta property=\"og:url\" content=\"https:\/\/schweizversand.ch\/fr\/produkt\/jack-jones-unisex-sneaker-socken-12er-pack\/\" \/>\n<meta property=\"og:site_name\" content=\"Schweizer Shop f\u00fcr Sport, Spiel und Freizeit\" \/>\n<meta property=\"article:publisher\" content=\"https:\/\/www.facebook.com\/Schweizversand\" \/>\n<meta property=\"article:modified_time\" content=\"2026-04-20T00:03:47+00:00\" \/>\n<meta property=\"og:image\" content=\"https:\/\/schweizversand.ch\/wp-content\/uploads\/2026\/02\/5471783837.jpg\" \/>\n\t<meta property=\"og:image:width\" content=\"1024\" \/>\n\t<meta property=\"og:image:height\" content=\"709\" \/>\n\t<meta property=\"og:image:type\" content=\"image\/jpeg\" \/>\n<meta name=\"twitter:card\" content=\"summary_large_image\" \/>\n<meta name=\"twitter:label1\" content=\"Dur\u00e9e de lecture estim\u00e9e\" \/>\n\t<meta name=\"twitter:data1\" content=\"1 minute\" \/>\n<script type=\"application\/ld+json\" class=\"yoast-schema-graph\">{\"@context\":\"https:\\\/\\\/schema.org\",\"@graph\":[{\"@type\":\"WebPage\",\"@id\":\"https:\\\/\\\/schweizversand.ch\\\/fr\\\/produkt\\\/jack-jones-unisex-sneaker-socken-12er-pack\\\/\",\"url\":\"https:\\\/\\\/schweizversand.ch\\\/fr\\\/produkt\\\/jack-jones-unisex-sneaker-socken-12er-pack\\\/\",\"name\":\"JACK & JONES Unisex Sneaker Socken 12er Pack\",\"isPartOf\":{\"@id\":\"https:\\\/\\\/schweizversand.ch\\\/fr\\\/#website\"},\"primaryImageOfPage\":{\"@id\":\"https:\\\/\\\/schweizversand.ch\\\/fr\\\/produkt\\\/jack-jones-unisex-sneaker-socken-12er-pack\\\/#primaryimage\"},\"image\":{\"@id\":\"https:\\\/\\\/schweizversand.ch\\\/fr\\\/produkt\\\/jack-jones-unisex-sneaker-socken-12er-pack\\\/#primaryimage\"},\"thumbnailUrl\":\"https:\\\/\\\/schweizversand.ch\\\/wp-content\\\/uploads\\\/2026\\\/02\\\/5471783837.jpg\",\"datePublished\":\"2026-03-14T23:55:37+00:00\",\"dateModified\":\"2026-04-20T00:03:47+00:00\",\"description\":\"Die JACK & JONES Sneaker Socken f\u00fcr Herren und Damen im praktischen 12er Pack (6er Set in schwarz & 6er Set in weiss) bieten dir den idealen Mix aus Komfort und\",\"breadcrumb\":{\"@id\":\"https:\\\/\\\/schweizversand.ch\\\/fr\\\/produkt\\\/jack-jones-unisex-sneaker-socken-12er-pack\\\/#breadcrumb\"},\"inLanguage\":\"fr-FR\",\"potentialAction\":[{\"@type\":\"ReadAction\",\"target\":[\"https:\\\/\\\/schweizversand.ch\\\/fr\\\/produkt\\\/jack-jones-unisex-sneaker-socken-12er-pack\\\/\"]}]},{\"@type\":\"ImageObject\",\"inLanguage\":\"fr-FR\",\"@id\":\"https:\\\/\\\/schweizversand.ch\\\/fr\\\/produkt\\\/jack-jones-unisex-sneaker-socken-12er-pack\\\/#primaryimage\",\"url\":\"https:\\\/\\\/schweizversand.ch\\\/wp-content\\\/uploads\\\/2026\\\/02\\\/5471783837.jpg\",\"contentUrl\":\"https:\\\/\\\/schweizversand.ch\\\/wp-content\\\/uploads\\\/2026\\\/02\\\/5471783837.jpg\",\"width\":1024,\"height\":709},{\"@type\":\"BreadcrumbList\",\"@id\":\"https:\\\/\\\/schweizversand.ch\\\/fr\\\/produkt\\\/jack-jones-unisex-sneaker-socken-12er-pack\\\/#breadcrumb\",\"itemListElement\":[{\"@type\":\"ListItem\",\"position\":1,\"name\":\"Startseite\",\"item\":\"https:\\\/\\\/schweizversand.ch\\\/fr\\\/home\\\/\"},{\"@type\":\"ListItem\",\"position\":2,\"name\":\"Boutique\",\"item\":\"https:\\\/\\\/schweizversand.ch\\\/fr\\\/boutique\\\/\"},{\"@type\":\"ListItem\",\"position\":3,\"name\":\"Mode\",\"item\":\"https:\\\/\\\/schweizversand.ch\\\/fr\\\/produkt-kategorie\\\/mode-fr\\\/\"},{\"@type\":\"ListItem\",\"position\":4,\"name\":\"Mode unisexe\",\"item\":\"https:\\\/\\\/schweizversand.ch\\\/fr\\\/produkt-kategorie\\\/mode-fr\\\/mode-unisexe\\\/\"},{\"@type\":\"ListItem\",\"position\":5,\"name\":\"Divers\",\"item\":\"https:\\\/\\\/schweizversand.ch\\\/fr\\\/produkt-kategorie\\\/mode-fr\\\/mode-unisexe\\\/diverses\\\/\"},{\"@type\":\"ListItem\",\"position\":6,\"name\":\"Lot de 12 chaussettes unisexes JACK &#038; JONES pour baskets\"}]},{\"@type\":\"WebSite\",\"@id\":\"https:\\\/\\\/schweizversand.ch\\\/fr\\\/#website\",\"url\":\"https:\\\/\\\/schweizversand.ch\\\/fr\\\/\",\"name\":\"Schweizer Shop f\u00fcr Sport, Spiel und Freizeit\",\"description\":\"Gratisversand ab 50.- (netto), ab eigenem schweizer Lager, Lieferung innert 48h\",\"publisher\":{\"@id\":\"https:\\\/\\\/schweizversand.ch\\\/fr\\\/#organization\"},\"alternateName\":\"Schweizversand.ch\",\"potentialAction\":[{\"@type\":\"SearchAction\",\"target\":{\"@type\":\"EntryPoint\",\"urlTemplate\":\"https:\\\/\\\/schweizversand.ch\\\/fr\\\/?s={search_term_string}\"},\"query-input\":{\"@type\":\"PropertyValueSpecification\",\"valueRequired\":true,\"valueName\":\"search_term_string\"}}],\"inLanguage\":\"fr-FR\"},{\"@type\":\"Organization\",\"@id\":\"https:\\\/\\\/schweizversand.ch\\\/fr\\\/#organization\",\"name\":\"Schweizversand.ch\",\"url\":\"https:\\\/\\\/schweizversand.ch\\\/fr\\\/\",\"logo\":{\"@type\":\"ImageObject\",\"inLanguage\":\"fr-FR\",\"@id\":\"https:\\\/\\\/schweizversand.ch\\\/fr\\\/#\\\/schema\\\/logo\\\/image\\\/\",\"url\":\"https:\\\/\\\/schweizversand.ch\\\/wp-content\\\/uploads\\\/2026\\\/03\\\/Logo_Rund_Final-1.png\",\"contentUrl\":\"https:\\\/\\\/schweizversand.ch\\\/wp-content\\\/uploads\\\/2026\\\/03\\\/Logo_Rund_Final-1.png\",\"width\":404,\"height\":404,\"caption\":\"Schweizversand.ch\"},\"image\":{\"@id\":\"https:\\\/\\\/schweizversand.ch\\\/fr\\\/#\\\/schema\\\/logo\\\/image\\\/\"},\"sameAs\":[\"https:\\\/\\\/www.facebook.com\\\/Schweizversand\",\"https:\\\/\\\/www.instagram.com\\\/schweizversand.ch\\\/\"]}]}<\/script>\n<!-- \/ Yoast SEO plugin. -->","yoast_head_json":{"title":"JACK & JONES Unisex Sneaker Socken 12er Pack","description":"Die JACK & JONES Sneaker Socken f\u00fcr Herren und Damen im praktischen 12er Pack (6er Set in schwarz & 6er Set in weiss) bieten dir den idealen Mix aus Komfort und","robots":{"index":"index","follow":"follow","max-snippet":"max-snippet:-1","max-image-preview":"max-image-preview:large","max-video-preview":"max-video-preview:-1"},"canonical":"https:\/\/schweizversand.ch\/fr\/produkt\/jack-jones-unisex-sneaker-socken-12er-pack\/","og_locale":"fr_FR","og_type":"article","og_title":"JACK & JONES Unisex Sneaker Socken 12er Pack","og_description":"Die JACK & JONES Sneaker Socken f\u00fcr Herren und Damen im praktischen 12er Pack (6er Set in schwarz & 6er Set in weiss) bieten dir den idealen Mix aus Komfort und","og_url":"https:\/\/schweizversand.ch\/fr\/produkt\/jack-jones-unisex-sneaker-socken-12er-pack\/","og_site_name":"Schweizer Shop f\u00fcr Sport, Spiel und Freizeit","article_publisher":"https:\/\/www.facebook.com\/Schweizversand","article_modified_time":"2026-04-20T00:03:47+00:00","og_image":[{"width":1024,"height":709,"url":"https:\/\/schweizversand.ch\/wp-content\/uploads\/2026\/02\/5471783837.jpg","type":"image\/jpeg"}],"twitter_card":"summary_large_image","twitter_misc":{"Dur\u00e9e de lecture estim\u00e9e":"1 minute"},"schema":{"@context":"https:\/\/schema.org","@graph":[{"@type":"WebPage","@id":"https:\/\/schweizversand.ch\/fr\/produkt\/jack-jones-unisex-sneaker-socken-12er-pack\/","url":"https:\/\/schweizversand.ch\/fr\/produkt\/jack-jones-unisex-sneaker-socken-12er-pack\/","name":"JACK & JONES Unisex Sneaker Socken 12er Pack","isPartOf":{"@id":"https:\/\/schweizversand.ch\/fr\/#website"},"primaryImageOfPage":{"@id":"https:\/\/schweizversand.ch\/fr\/produkt\/jack-jones-unisex-sneaker-socken-12er-pack\/#primaryimage"},"image":{"@id":"https:\/\/schweizversand.ch\/fr\/produkt\/jack-jones-unisex-sneaker-socken-12er-pack\/#primaryimage"},"thumbnailUrl":"https:\/\/schweizversand.ch\/wp-content\/uploads\/2026\/02\/5471783837.jpg","datePublished":"2026-03-14T23:55:37+00:00","dateModified":"2026-04-20T00:03:47+00:00","description":"Die JACK & JONES Sneaker Socken f\u00fcr Herren und Damen im praktischen 12er Pack (6er Set in schwarz & 6er Set in weiss) bieten dir den idealen Mix aus Komfort und","breadcrumb":{"@id":"https:\/\/schweizversand.ch\/fr\/produkt\/jack-jones-unisex-sneaker-socken-12er-pack\/#breadcrumb"},"inLanguage":"fr-FR","potentialAction":[{"@type":"ReadAction","target":["https:\/\/schweizversand.ch\/fr\/produkt\/jack-jones-unisex-sneaker-socken-12er-pack\/"]}]},{"@type":"ImageObject","inLanguage":"fr-FR","@id":"https:\/\/schweizversand.ch\/fr\/produkt\/jack-jones-unisex-sneaker-socken-12er-pack\/#primaryimage","url":"https:\/\/schweizversand.ch\/wp-content\/uploads\/2026\/02\/5471783837.jpg","contentUrl":"https:\/\/schweizversand.ch\/wp-content\/uploads\/2026\/02\/5471783837.jpg","width":1024,"height":709},{"@type":"BreadcrumbList","@id":"https:\/\/schweizversand.ch\/fr\/produkt\/jack-jones-unisex-sneaker-socken-12er-pack\/#breadcrumb","itemListElement":[{"@type":"ListItem","position":1,"name":"Startseite","item":"https:\/\/schweizversand.ch\/fr\/home\/"},{"@type":"ListItem","position":2,"name":"Boutique","item":"https:\/\/schweizversand.ch\/fr\/boutique\/"},{"@type":"ListItem","position":3,"name":"Mode","item":"https:\/\/schweizversand.ch\/fr\/produkt-kategorie\/mode-fr\/"},{"@type":"ListItem","position":4,"name":"Mode unisexe","item":"https:\/\/schweizversand.ch\/fr\/produkt-kategorie\/mode-fr\/mode-unisexe\/"},{"@type":"ListItem","position":5,"name":"Divers","item":"https:\/\/schweizversand.ch\/fr\/produkt-kategorie\/mode-fr\/mode-unisexe\/diverses\/"},{"@type":"ListItem","position":6,"name":"Lot de 12 chaussettes unisexes JACK &#038; JONES pour baskets"}]},{"@type":"WebSite","@id":"https:\/\/schweizversand.ch\/fr\/#website","url":"https:\/\/schweizversand.ch\/fr\/","name":"Schweizer Shop f\u00fcr Sport, Spiel und Freizeit","description":"Gratisversand ab 50.- (netto), ab eigenem schweizer Lager, Lieferung innert 48h","publisher":{"@id":"https:\/\/schweizversand.ch\/fr\/#organization"},"alternateName":"Schweizversand.ch","potentialAction":[{"@type":"SearchAction","target":{"@type":"EntryPoint","urlTemplate":"https:\/\/schweizversand.ch\/fr\/?s={search_term_string}"},"query-input":{"@type":"PropertyValueSpecification","valueRequired":true,"valueName":"search_term_string"}}],"inLanguage":"fr-FR"},{"@type":"Organization","@id":"https:\/\/schweizversand.ch\/fr\/#organization","name":"Schweizversand.ch","url":"https:\/\/schweizversand.ch\/fr\/","logo":{"@type":"ImageObject","inLanguage":"fr-FR","@id":"https:\/\/schweizversand.ch\/fr\/#\/schema\/logo\/image\/","url":"https:\/\/schweizversand.ch\/wp-content\/uploads\/2026\/03\/Logo_Rund_Final-1.png","contentUrl":"https:\/\/schweizversand.ch\/wp-content\/uploads\/2026\/03\/Logo_Rund_Final-1.png","width":404,"height":404,"caption":"Schweizversand.ch"},"image":{"@id":"https:\/\/schweizversand.ch\/fr\/#\/schema\/logo\/image\/"},"sameAs":["https:\/\/www.facebook.com\/Schweizversand","https:\/\/www.instagram.com\/schweizversand.ch\/"]}]}},"jetpack_sharing_enabled":true,"_links":{"self":[{"href":"https:\/\/schweizversand.ch\/fr\/wp-json\/wp\/v2\/product\/255123","targetHints":{"allow":["GET"]}}],"collection":[{"href":"https:\/\/schweizversand.ch\/fr\/wp-json\/wp\/v2\/product"}],"about":[{"href":"https:\/\/schweizversand.ch\/fr\/wp-json\/wp\/v2\/types\/product"}],"replies":[{"embeddable":true,"href":"https:\/\/schweizversand.ch\/fr\/wp-json\/wp\/v2\/comments?post=255123"}],"wp:featuredmedia":[{"embeddable":true,"href":"https:\/\/schweizversand.ch\/fr\/wp-json\/wp\/v2\/media\/257352"}],"wp:attachment":[{"href":"https:\/\/schweizversand.ch\/fr\/wp-json\/wp\/v2\/media?parent=255123"}],"wp:term":[{"taxonomy":"product_brand","embeddable":true,"href":"https:\/\/schweizversand.ch\/fr\/wp-json\/wp\/v2\/product_brand?post=255123"},{"taxonomy":"product_cat","embeddable":true,"href":"https:\/\/schweizversand.ch\/fr\/wp-json\/wp\/v2\/product_cat?post=255123"},{"taxonomy":"product_tag","embeddable":true,"href":"https:\/\/schweizversand.ch\/fr\/wp-json\/wp\/v2\/product_tag?post=255123"}],"curies":[{"name":"wp","href":"https:\/\/api.w.org\/{rel}","templated":true}]}}