{"id":255127,"date":"2026-03-15T00:55:37","date_gmt":"2026-03-14T23:55:37","guid":{"rendered":"https:\/\/schweizversand.ch\/produkt\/lego-dots-ergaenzungsset-emojis\/"},"modified":"2026-04-21T02:03:21","modified_gmt":"2026-04-21T00:03:21","slug":"lego-dots-ergaenzungsset-emojis","status":"publish","type":"product","link":"https:\/\/schweizversand.ch\/fr\/produkt\/lego-dots-ergaenzungsset-emojis\/","title":{"rendered":"Ensemble suppl\u00e9mentaire Lego DOTS Emojis"},"content":{"rendered":"<h1><strong>Ensemble d&rsquo;extension LEGO DOTS Emojis (41946)<\/strong><\/h1>\n<div>Lib\u00e9rez la cr\u00e9ativit\u00e9 de vos enfants avec l&rsquo;ensemble d&rsquo;extension LEGO DOTS Emojis (41946). Ce kit de loisirs cr\u00e9atifs polyvalent est id\u00e9al pour personnaliser et d\u00e9corer bracelets, porte-cl\u00e9s et objets de d\u00e9coration dans le style LEGO unique.<\/p>\n<\/div>\n<div><strong>Cr\u00e9ativit\u00e9 sans limites<\/strong><br \/>Cet ensemble d&rsquo;extension est compatible avec tous les ensembles LEGO DOTS existants et multiplie les possibilit\u00e9s de cr\u00e9ation. Il permet aux enfants d&rsquo;adapter facilement et rapidement leurs cr\u00e9ations \u00e0 leur tenue, leur humeur ou la d\u00e9coration de leur chambre. Ce kit encourage la cr\u00e9ativit\u00e9 et le plaisir de cr\u00e9er.<\/p>\n<\/div>\n<div><strong>Contenu et caract\u00e9ristiques principales<\/strong><br \/>Les accessoires de loisirs cr\u00e9atifs LEGO DOTS incluent une s\u00e9lection passionnante de briques pour cr\u00e9er des designs uniques. Ce set contient 118 briques LEGO DOTS color\u00e9es, dont\u00a0: D\u00e9tails du produit &#8211; 118 pi\u00e8ces color\u00e9es pour compl\u00e9ter le set &#8211; Briques n\u00e9on et transparentes pour des effets sp\u00e9ciaux &#8211; Breloques c\u0153ur et \u00e9clair &#8211; 10 briques sp\u00e9ciales avec 16 emojis LEGO possibles &#8211; Encourage la cr\u00e9ativit\u00e9 et la confiance en soi &#8211; Num\u00e9ro d&rsquo;article\u00a0: LEGO 41946 Avertissement\u00a0: Attention\u00a0! Ne convient pas aux enfants de moins de 36\u00a0mois. Contient de petites pi\u00e8ces pouvant \u00eatre aval\u00e9es. Risque d&rsquo;\u00e9touffement.<\/p>\n<\/div>\n<div>D\u00e9couvrez l&rsquo;univers infini de LEGO DOTS et laissez votre enfant exprimer sa personnalit\u00e9 avec ce set d&rsquo;extension <strong>LEGO DOTS<\/strong>.<\/p>\n<\/div>\n<div>\n<\/div>\n","protected":false},"excerpt":{"rendered":"<p>Ensemble d&rsquo;extension LEGO DOTS Emojis (41946) Lib\u00e9rez la cr\u00e9ativit\u00e9 de vos enfants avec l&rsquo;ensemble d&rsquo;extension LEGO DOTS Emojis (41946). Ce kit de loisirs cr\u00e9atifs polyvalent est id\u00e9al pour personnaliser et d\u00e9corer bracelets, porte-cl\u00e9s et objets de d\u00e9coration dans le style LEGO unique. Cr\u00e9ativit\u00e9 sans limitesCet ensemble d&rsquo;extension est compatible avec tous les ensembles LEGO DOTS existants et multiplie les possibilit\u00e9s de cr\u00e9ation. Il permet aux enfants d&rsquo;adapter facilement et rapidement leurs cr\u00e9ations \u00e0 leur tenue,&hellip;<\/p>\n","protected":false},"featured_media":160617,"comment_status":"open","ping_status":"closed","template":"","meta":[],"product_brand":[],"product_cat":[38946],"product_tag":[],"class_list":{"0":"post-255127","1":"product","2":"type-product","3":"status-publish","4":"has-post-thumbnail","6":"product_cat-lego","7":"product_shipping_class-global_methods","9":"first","10":"instock","11":"taxable","12":"shipping-taxable","13":"purchasable","14":"product-type-simple"},"yoast_head":"<!-- This site is optimized with the Yoast SEO plugin v27.4 - https:\/\/yoast.com\/product\/yoast-seo-wordpress\/ -->\n<title>Lego DOTS Erg\u00e4nzungsset Emojis | Jetzt kaufen | Schweizversand.ch<\/title>\n<meta name=\"description\" content=\"Lego DOTS Erg\u00e4nzungsset Emojis g\u00fcnstig kaufen bei Schweizversand.ch. Schnelle Lieferung in der Schweiz. Gratisversand ab CHF 50.\" \/>\n<meta name=\"robots\" content=\"index, follow, max-snippet:-1, max-image-preview:large, max-video-preview:-1\" \/>\n<link rel=\"canonical\" href=\"https:\/\/schweizversand.ch\/fr\/produkt\/lego-dots-ergaenzungsset-emojis\/\" \/>\n<meta property=\"og:locale\" content=\"fr_FR\" \/>\n<meta property=\"og:type\" content=\"article\" \/>\n<meta property=\"og:title\" content=\"Lego DOTS Erg\u00e4nzungsset Emojis | Jetzt kaufen | Schweizversand.ch\" \/>\n<meta property=\"og:description\" content=\"Lego DOTS Erg\u00e4nzungsset Emojis g\u00fcnstig kaufen bei Schweizversand.ch. Schnelle Lieferung in der Schweiz. Gratisversand ab CHF 50.\" \/>\n<meta property=\"og:url\" content=\"https:\/\/schweizversand.ch\/fr\/produkt\/lego-dots-ergaenzungsset-emojis\/\" \/>\n<meta property=\"og:site_name\" content=\"Schweizer Shop f\u00fcr Sport, Spiel und Freizeit\" \/>\n<meta property=\"article:publisher\" content=\"https:\/\/www.facebook.com\/Schweizversand\" \/>\n<meta property=\"article:modified_time\" content=\"2026-04-21T00:03:21+00:00\" \/>\n<meta property=\"og:image\" content=\"https:\/\/schweizversand.ch\/wp-content\/uploads\/2026\/02\/5473637609.jpg\" \/>\n\t<meta property=\"og:image:width\" content=\"1024\" \/>\n\t<meta property=\"og:image:height\" content=\"1024\" \/>\n\t<meta property=\"og:image:type\" content=\"image\/jpeg\" \/>\n<meta name=\"twitter:card\" content=\"summary_large_image\" \/>\n<meta name=\"twitter:label1\" content=\"Dur\u00e9e de lecture estim\u00e9e\" \/>\n\t<meta name=\"twitter:data1\" content=\"1 minute\" \/>\n<script type=\"application\/ld+json\" class=\"yoast-schema-graph\">{\"@context\":\"https:\\\/\\\/schema.org\",\"@graph\":[{\"@type\":\"WebPage\",\"@id\":\"https:\\\/\\\/schweizversand.ch\\\/fr\\\/produkt\\\/lego-dots-ergaenzungsset-emojis\\\/\",\"url\":\"https:\\\/\\\/schweizversand.ch\\\/fr\\\/produkt\\\/lego-dots-ergaenzungsset-emojis\\\/\",\"name\":\"Lego DOTS Erg\u00e4nzungsset Emojis | Jetzt kaufen | Schweizversand.ch\",\"isPartOf\":{\"@id\":\"https:\\\/\\\/schweizversand.ch\\\/fr\\\/#website\"},\"primaryImageOfPage\":{\"@id\":\"https:\\\/\\\/schweizversand.ch\\\/fr\\\/produkt\\\/lego-dots-ergaenzungsset-emojis\\\/#primaryimage\"},\"image\":{\"@id\":\"https:\\\/\\\/schweizversand.ch\\\/fr\\\/produkt\\\/lego-dots-ergaenzungsset-emojis\\\/#primaryimage\"},\"thumbnailUrl\":\"https:\\\/\\\/schweizversand.ch\\\/wp-content\\\/uploads\\\/2026\\\/02\\\/5473637609.jpg\",\"datePublished\":\"2026-03-14T23:55:37+00:00\",\"dateModified\":\"2026-04-21T00:03:21+00:00\",\"description\":\"Lego DOTS Erg\u00e4nzungsset Emojis g\u00fcnstig kaufen bei Schweizversand.ch. Schnelle Lieferung in der Schweiz. Gratisversand ab CHF 50.\",\"breadcrumb\":{\"@id\":\"https:\\\/\\\/schweizversand.ch\\\/fr\\\/produkt\\\/lego-dots-ergaenzungsset-emojis\\\/#breadcrumb\"},\"inLanguage\":\"fr-FR\",\"potentialAction\":[{\"@type\":\"ReadAction\",\"target\":[\"https:\\\/\\\/schweizversand.ch\\\/fr\\\/produkt\\\/lego-dots-ergaenzungsset-emojis\\\/\"]}]},{\"@type\":\"ImageObject\",\"inLanguage\":\"fr-FR\",\"@id\":\"https:\\\/\\\/schweizversand.ch\\\/fr\\\/produkt\\\/lego-dots-ergaenzungsset-emojis\\\/#primaryimage\",\"url\":\"https:\\\/\\\/schweizversand.ch\\\/wp-content\\\/uploads\\\/2026\\\/02\\\/5473637609.jpg\",\"contentUrl\":\"https:\\\/\\\/schweizversand.ch\\\/wp-content\\\/uploads\\\/2026\\\/02\\\/5473637609.jpg\",\"width\":1024,\"height\":1024},{\"@type\":\"BreadcrumbList\",\"@id\":\"https:\\\/\\\/schweizversand.ch\\\/fr\\\/produkt\\\/lego-dots-ergaenzungsset-emojis\\\/#breadcrumb\",\"itemListElement\":[{\"@type\":\"ListItem\",\"position\":1,\"name\":\"Startseite\",\"item\":\"https:\\\/\\\/schweizversand.ch\\\/fr\\\/home\\\/\"},{\"@type\":\"ListItem\",\"position\":2,\"name\":\"Boutique\",\"item\":\"https:\\\/\\\/schweizversand.ch\\\/fr\\\/boutique\\\/\"},{\"@type\":\"ListItem\",\"position\":3,\"name\":\"Jouets et jeux\",\"item\":\"https:\\\/\\\/schweizversand.ch\\\/fr\\\/produkt-kategorie\\\/jouets-et-jeux\\\/\"},{\"@type\":\"ListItem\",\"position\":4,\"name\":\"Construction et exp\u00e9riences\",\"item\":\"https:\\\/\\\/schweizversand.ch\\\/fr\\\/produkt-kategorie\\\/jouets-et-jeux\\\/construction-et-experiences\\\/\"},{\"@type\":\"ListItem\",\"position\":5,\"name\":\"Lego\",\"item\":\"https:\\\/\\\/schweizversand.ch\\\/fr\\\/produkt-kategorie\\\/lego\\\/\"},{\"@type\":\"ListItem\",\"position\":6,\"name\":\"Ensemble suppl\u00e9mentaire Lego DOTS Emojis\"}]},{\"@type\":\"WebSite\",\"@id\":\"https:\\\/\\\/schweizversand.ch\\\/fr\\\/#website\",\"url\":\"https:\\\/\\\/schweizversand.ch\\\/fr\\\/\",\"name\":\"Schweizer Shop f\u00fcr Sport, Spiel und Freizeit\",\"description\":\"Gratisversand ab 50.- (netto), ab eigenem schweizer Lager, Lieferung innert 48h\",\"publisher\":{\"@id\":\"https:\\\/\\\/schweizversand.ch\\\/fr\\\/#organization\"},\"alternateName\":\"Schweizversand.ch\",\"potentialAction\":[{\"@type\":\"SearchAction\",\"target\":{\"@type\":\"EntryPoint\",\"urlTemplate\":\"https:\\\/\\\/schweizversand.ch\\\/fr\\\/?s={search_term_string}\"},\"query-input\":{\"@type\":\"PropertyValueSpecification\",\"valueRequired\":true,\"valueName\":\"search_term_string\"}}],\"inLanguage\":\"fr-FR\"},{\"@type\":\"Organization\",\"@id\":\"https:\\\/\\\/schweizversand.ch\\\/fr\\\/#organization\",\"name\":\"Schweizversand.ch\",\"url\":\"https:\\\/\\\/schweizversand.ch\\\/fr\\\/\",\"logo\":{\"@type\":\"ImageObject\",\"inLanguage\":\"fr-FR\",\"@id\":\"https:\\\/\\\/schweizversand.ch\\\/fr\\\/#\\\/schema\\\/logo\\\/image\\\/\",\"url\":\"https:\\\/\\\/schweizversand.ch\\\/wp-content\\\/uploads\\\/2026\\\/03\\\/Logo_Rund_Final-1.png\",\"contentUrl\":\"https:\\\/\\\/schweizversand.ch\\\/wp-content\\\/uploads\\\/2026\\\/03\\\/Logo_Rund_Final-1.png\",\"width\":404,\"height\":404,\"caption\":\"Schweizversand.ch\"},\"image\":{\"@id\":\"https:\\\/\\\/schweizversand.ch\\\/fr\\\/#\\\/schema\\\/logo\\\/image\\\/\"},\"sameAs\":[\"https:\\\/\\\/www.facebook.com\\\/Schweizversand\",\"https:\\\/\\\/www.instagram.com\\\/schweizversand.ch\\\/\"]}]}<\/script>\n<!-- \/ Yoast SEO plugin. -->","yoast_head_json":{"title":"Lego DOTS Erg\u00e4nzungsset Emojis | Jetzt kaufen | Schweizversand.ch","description":"Lego DOTS Erg\u00e4nzungsset Emojis g\u00fcnstig kaufen bei Schweizversand.ch. Schnelle Lieferung in der Schweiz. Gratisversand ab CHF 50.","robots":{"index":"index","follow":"follow","max-snippet":"max-snippet:-1","max-image-preview":"max-image-preview:large","max-video-preview":"max-video-preview:-1"},"canonical":"https:\/\/schweizversand.ch\/fr\/produkt\/lego-dots-ergaenzungsset-emojis\/","og_locale":"fr_FR","og_type":"article","og_title":"Lego DOTS Erg\u00e4nzungsset Emojis | Jetzt kaufen | Schweizversand.ch","og_description":"Lego DOTS Erg\u00e4nzungsset Emojis g\u00fcnstig kaufen bei Schweizversand.ch. Schnelle Lieferung in der Schweiz. Gratisversand ab CHF 50.","og_url":"https:\/\/schweizversand.ch\/fr\/produkt\/lego-dots-ergaenzungsset-emojis\/","og_site_name":"Schweizer Shop f\u00fcr Sport, Spiel und Freizeit","article_publisher":"https:\/\/www.facebook.com\/Schweizversand","article_modified_time":"2026-04-21T00:03:21+00:00","og_image":[{"width":1024,"height":1024,"url":"https:\/\/schweizversand.ch\/wp-content\/uploads\/2026\/02\/5473637609.jpg","type":"image\/jpeg"}],"twitter_card":"summary_large_image","twitter_misc":{"Dur\u00e9e de lecture estim\u00e9e":"1 minute"},"schema":{"@context":"https:\/\/schema.org","@graph":[{"@type":"WebPage","@id":"https:\/\/schweizversand.ch\/fr\/produkt\/lego-dots-ergaenzungsset-emojis\/","url":"https:\/\/schweizversand.ch\/fr\/produkt\/lego-dots-ergaenzungsset-emojis\/","name":"Lego DOTS Erg\u00e4nzungsset Emojis | Jetzt kaufen | Schweizversand.ch","isPartOf":{"@id":"https:\/\/schweizversand.ch\/fr\/#website"},"primaryImageOfPage":{"@id":"https:\/\/schweizversand.ch\/fr\/produkt\/lego-dots-ergaenzungsset-emojis\/#primaryimage"},"image":{"@id":"https:\/\/schweizversand.ch\/fr\/produkt\/lego-dots-ergaenzungsset-emojis\/#primaryimage"},"thumbnailUrl":"https:\/\/schweizversand.ch\/wp-content\/uploads\/2026\/02\/5473637609.jpg","datePublished":"2026-03-14T23:55:37+00:00","dateModified":"2026-04-21T00:03:21+00:00","description":"Lego DOTS Erg\u00e4nzungsset Emojis g\u00fcnstig kaufen bei Schweizversand.ch. Schnelle Lieferung in der Schweiz. Gratisversand ab CHF 50.","breadcrumb":{"@id":"https:\/\/schweizversand.ch\/fr\/produkt\/lego-dots-ergaenzungsset-emojis\/#breadcrumb"},"inLanguage":"fr-FR","potentialAction":[{"@type":"ReadAction","target":["https:\/\/schweizversand.ch\/fr\/produkt\/lego-dots-ergaenzungsset-emojis\/"]}]},{"@type":"ImageObject","inLanguage":"fr-FR","@id":"https:\/\/schweizversand.ch\/fr\/produkt\/lego-dots-ergaenzungsset-emojis\/#primaryimage","url":"https:\/\/schweizversand.ch\/wp-content\/uploads\/2026\/02\/5473637609.jpg","contentUrl":"https:\/\/schweizversand.ch\/wp-content\/uploads\/2026\/02\/5473637609.jpg","width":1024,"height":1024},{"@type":"BreadcrumbList","@id":"https:\/\/schweizversand.ch\/fr\/produkt\/lego-dots-ergaenzungsset-emojis\/#breadcrumb","itemListElement":[{"@type":"ListItem","position":1,"name":"Startseite","item":"https:\/\/schweizversand.ch\/fr\/home\/"},{"@type":"ListItem","position":2,"name":"Boutique","item":"https:\/\/schweizversand.ch\/fr\/boutique\/"},{"@type":"ListItem","position":3,"name":"Jouets et jeux","item":"https:\/\/schweizversand.ch\/fr\/produkt-kategorie\/jouets-et-jeux\/"},{"@type":"ListItem","position":4,"name":"Construction et exp\u00e9riences","item":"https:\/\/schweizversand.ch\/fr\/produkt-kategorie\/jouets-et-jeux\/construction-et-experiences\/"},{"@type":"ListItem","position":5,"name":"Lego","item":"https:\/\/schweizversand.ch\/fr\/produkt-kategorie\/lego\/"},{"@type":"ListItem","position":6,"name":"Ensemble suppl\u00e9mentaire Lego DOTS Emojis"}]},{"@type":"WebSite","@id":"https:\/\/schweizversand.ch\/fr\/#website","url":"https:\/\/schweizversand.ch\/fr\/","name":"Schweizer Shop f\u00fcr Sport, Spiel und Freizeit","description":"Gratisversand ab 50.- (netto), ab eigenem schweizer Lager, Lieferung innert 48h","publisher":{"@id":"https:\/\/schweizversand.ch\/fr\/#organization"},"alternateName":"Schweizversand.ch","potentialAction":[{"@type":"SearchAction","target":{"@type":"EntryPoint","urlTemplate":"https:\/\/schweizversand.ch\/fr\/?s={search_term_string}"},"query-input":{"@type":"PropertyValueSpecification","valueRequired":true,"valueName":"search_term_string"}}],"inLanguage":"fr-FR"},{"@type":"Organization","@id":"https:\/\/schweizversand.ch\/fr\/#organization","name":"Schweizversand.ch","url":"https:\/\/schweizversand.ch\/fr\/","logo":{"@type":"ImageObject","inLanguage":"fr-FR","@id":"https:\/\/schweizversand.ch\/fr\/#\/schema\/logo\/image\/","url":"https:\/\/schweizversand.ch\/wp-content\/uploads\/2026\/03\/Logo_Rund_Final-1.png","contentUrl":"https:\/\/schweizversand.ch\/wp-content\/uploads\/2026\/03\/Logo_Rund_Final-1.png","width":404,"height":404,"caption":"Schweizversand.ch"},"image":{"@id":"https:\/\/schweizversand.ch\/fr\/#\/schema\/logo\/image\/"},"sameAs":["https:\/\/www.facebook.com\/Schweizversand","https:\/\/www.instagram.com\/schweizversand.ch\/"]}]}},"jetpack_sharing_enabled":true,"_links":{"self":[{"href":"https:\/\/schweizversand.ch\/fr\/wp-json\/wp\/v2\/product\/255127","targetHints":{"allow":["GET"]}}],"collection":[{"href":"https:\/\/schweizversand.ch\/fr\/wp-json\/wp\/v2\/product"}],"about":[{"href":"https:\/\/schweizversand.ch\/fr\/wp-json\/wp\/v2\/types\/product"}],"replies":[{"embeddable":true,"href":"https:\/\/schweizversand.ch\/fr\/wp-json\/wp\/v2\/comments?post=255127"}],"wp:featuredmedia":[{"embeddable":true,"href":"https:\/\/schweizversand.ch\/fr\/wp-json\/wp\/v2\/media\/160617"}],"wp:attachment":[{"href":"https:\/\/schweizversand.ch\/fr\/wp-json\/wp\/v2\/media?parent=255127"}],"wp:term":[{"taxonomy":"product_brand","embeddable":true,"href":"https:\/\/schweizversand.ch\/fr\/wp-json\/wp\/v2\/product_brand?post=255127"},{"taxonomy":"product_cat","embeddable":true,"href":"https:\/\/schweizversand.ch\/fr\/wp-json\/wp\/v2\/product_cat?post=255127"},{"taxonomy":"product_tag","embeddable":true,"href":"https:\/\/schweizversand.ch\/fr\/wp-json\/wp\/v2\/product_tag?post=255127"}],"curies":[{"name":"wp","href":"https:\/\/api.w.org\/{rel}","templated":true}]}}