{"id":255134,"date":"2026-03-15T00:55:43","date_gmt":"2026-03-14T23:55:43","guid":{"rendered":"https:\/\/schweizversand.ch\/produkt\/nedis-bluetooth-lautsprecher-kabellos\/"},"modified":"2026-04-19T02:04:27","modified_gmt":"2026-04-19T00:04:27","slug":"nedis-bluetooth-lautsprecher-kabellos","status":"publish","type":"product","link":"https:\/\/schweizversand.ch\/fr\/produkt\/nedis-bluetooth-lautsprecher-kabellos\/","title":{"rendered":"Enceinte Bluetooth sans fil Nedis"},"content":{"rendered":"<p>Avec cette enceinte Bluetooth sans fil, emportez votre musique pr\u00e9f\u00e9r\u00e9e partout avec vous, dans toutes les pi\u00e8ces de la maison et lors de vos d\u00e9placements. Sa batterie int\u00e9gr\u00e9e de 300 mAh offre jusqu&rsquo;\u00e0 trois heures d&rsquo;\u00e9coute continue sur une seule charge. Profitez d&rsquo;un son riche gr\u00e2ce \u00e0 sa puissance de 3 W RMS, le tout dans une enceinte incroyablement l\u00e9g\u00e8re de seulement 110 g. Id\u00e9ale pour \u00e9couter de la musique n&rsquo;importe o\u00f9. Caract\u00e9ristiques\u00a0: \u2022 Design compact\u00a0: Avec son poids plume de seulement 110 g, cette enceinte est facile \u00e0 transporter. \u2022 Batterie int\u00e9gr\u00e9e\u00a0: Dot\u00e9e d&rsquo;une batterie lithium-ion de 300 mAh, elle offre jusqu&rsquo;\u00e0 trois heures d&rsquo;\u00e9coute continue sur une seule charge. \u2022 Son riche\u00a0: Malgr\u00e9 sa petite taille, cette enceinte d\u00e9livre un son riche gr\u00e2ce \u00e0 sa puissance de 3 W RMS. \u2022 Sp\u00e9cifications techniques : \u2022 Connectique : 1 prise jack 3,5 mm, 1 port micro-USB, 1 port USB \u2022 Type de batterie : Batterie lithium-ion int\u00e9gr\u00e9e \u2022 Connexion Bluetooth \u2022 Puissance nominale : 5 V 1 A \u2022 Puissance RMS : 3 W \u2022 Version Bluetooth : v4.1 \u2022 Autonomie maximale : 3 heures \u2022 Temps de charge : 1,5 heure \u2022 Imp\u00e9dance : 4 ohms \u2022 Port\u00e9e : 10 m \u2022 Sensibilit\u00e9\u00a0: 85\u00a0dB \u2022 Puissance d&rsquo;\u00e9mission\u00a0: 5,7\u00a0dBm \u2022 Capacit\u00e9 de la batterie\u00a0: 300\u00a0mAh \u2022 Contenu de l&#8217;emballage\u00a0: \u2022 Enceinte Bluetooth \u2022 C\u00e2ble de chargement USB \u2022 C\u00e2ble audio 3,5\u00a0mm \u2022 Manuel d&rsquo;utilisation<\/p>\n","protected":false},"excerpt":{"rendered":"<p>Avec cette enceinte Bluetooth sans fil, emportez votre musique pr\u00e9f\u00e9r\u00e9e partout avec vous, dans toutes les pi\u00e8ces de la maison et lors de vos d\u00e9placements. Sa batterie int\u00e9gr\u00e9e de 300 mAh offre jusqu&rsquo;\u00e0 trois heures d&rsquo;\u00e9coute continue sur une seule charge. Profitez d&rsquo;un son riche gr\u00e2ce \u00e0 sa puissance de 3 W RMS, le tout dans une enceinte incroyablement l\u00e9g\u00e8re de seulement 110 g. Id\u00e9ale pour \u00e9couter de la musique n&rsquo;importe o\u00f9. Caract\u00e9ristiques\u00a0: \u2022 Design&hellip;<\/p>\n","protected":false},"featured_media":160650,"comment_status":"open","ping_status":"closed","template":"","meta":[],"product_brand":[],"product_cat":[38625],"product_tag":[],"class_list":{"0":"post-255134","1":"product","2":"type-product","3":"status-publish","4":"has-post-thumbnail","6":"product_cat-lautsprecher","7":"product_shipping_class-global_methods","9":"first","10":"instock","11":"taxable","12":"shipping-taxable","13":"purchasable","14":"product-type-simple"},"yoast_head":"<!-- This site is optimized with the Yoast SEO plugin v27.4 - https:\/\/yoast.com\/product\/yoast-seo-wordpress\/ -->\n<title>Nedis Bluetooth-Lautsprecher Kabellos | Jetzt kaufen | Schweizversand.ch<\/title>\n<meta name=\"description\" content=\"Nedis Bluetooth-Lautsprecher Kabellos g\u00fcnstig kaufen bei Schweizversand.ch. Schnelle Lieferung in der Schweiz. Gratisversand ab CHF 50.\" \/>\n<meta name=\"robots\" content=\"index, follow, max-snippet:-1, max-image-preview:large, max-video-preview:-1\" \/>\n<link rel=\"canonical\" href=\"https:\/\/schweizversand.ch\/fr\/produkt\/nedis-bluetooth-lautsprecher-kabellos\/\" \/>\n<meta property=\"og:locale\" content=\"fr_FR\" \/>\n<meta property=\"og:type\" content=\"article\" \/>\n<meta property=\"og:title\" content=\"Nedis Bluetooth-Lautsprecher Kabellos | Jetzt kaufen | Schweizversand.ch\" \/>\n<meta property=\"og:description\" content=\"Nedis Bluetooth-Lautsprecher Kabellos g\u00fcnstig kaufen bei Schweizversand.ch. Schnelle Lieferung in der Schweiz. Gratisversand ab CHF 50.\" \/>\n<meta property=\"og:url\" content=\"https:\/\/schweizversand.ch\/fr\/produkt\/nedis-bluetooth-lautsprecher-kabellos\/\" \/>\n<meta property=\"og:site_name\" content=\"Schweizer Shop f\u00fcr Sport, Spiel und Freizeit\" \/>\n<meta property=\"article:publisher\" content=\"https:\/\/www.facebook.com\/Schweizversand\" \/>\n<meta property=\"article:modified_time\" content=\"2026-04-19T00:04:27+00:00\" \/>\n<meta property=\"og:image\" content=\"https:\/\/schweizversand.ch\/wp-content\/uploads\/2026\/02\/5471696363.jpg\" \/>\n\t<meta property=\"og:image:width\" content=\"1024\" \/>\n\t<meta property=\"og:image:height\" content=\"572\" \/>\n\t<meta property=\"og:image:type\" content=\"image\/jpeg\" \/>\n<meta name=\"twitter:card\" content=\"summary_large_image\" \/>\n<meta name=\"twitter:label1\" content=\"Dur\u00e9e de lecture estim\u00e9e\" \/>\n\t<meta name=\"twitter:data1\" content=\"1 minute\" \/>\n<script type=\"application\/ld+json\" class=\"yoast-schema-graph\">{\"@context\":\"https:\\\/\\\/schema.org\",\"@graph\":[{\"@type\":\"WebPage\",\"@id\":\"https:\\\/\\\/schweizversand.ch\\\/fr\\\/produkt\\\/nedis-bluetooth-lautsprecher-kabellos\\\/\",\"url\":\"https:\\\/\\\/schweizversand.ch\\\/fr\\\/produkt\\\/nedis-bluetooth-lautsprecher-kabellos\\\/\",\"name\":\"Nedis Bluetooth-Lautsprecher Kabellos | Jetzt kaufen | Schweizversand.ch\",\"isPartOf\":{\"@id\":\"https:\\\/\\\/schweizversand.ch\\\/fr\\\/#website\"},\"primaryImageOfPage\":{\"@id\":\"https:\\\/\\\/schweizversand.ch\\\/fr\\\/produkt\\\/nedis-bluetooth-lautsprecher-kabellos\\\/#primaryimage\"},\"image\":{\"@id\":\"https:\\\/\\\/schweizversand.ch\\\/fr\\\/produkt\\\/nedis-bluetooth-lautsprecher-kabellos\\\/#primaryimage\"},\"thumbnailUrl\":\"https:\\\/\\\/schweizversand.ch\\\/wp-content\\\/uploads\\\/2026\\\/02\\\/5471696363.jpg\",\"datePublished\":\"2026-03-14T23:55:43+00:00\",\"dateModified\":\"2026-04-19T00:04:27+00:00\",\"description\":\"Nedis Bluetooth-Lautsprecher Kabellos g\u00fcnstig kaufen bei Schweizversand.ch. Schnelle Lieferung in der Schweiz. Gratisversand ab CHF 50.\",\"breadcrumb\":{\"@id\":\"https:\\\/\\\/schweizversand.ch\\\/fr\\\/produkt\\\/nedis-bluetooth-lautsprecher-kabellos\\\/#breadcrumb\"},\"inLanguage\":\"fr-FR\",\"potentialAction\":[{\"@type\":\"ReadAction\",\"target\":[\"https:\\\/\\\/schweizversand.ch\\\/fr\\\/produkt\\\/nedis-bluetooth-lautsprecher-kabellos\\\/\"]}]},{\"@type\":\"ImageObject\",\"inLanguage\":\"fr-FR\",\"@id\":\"https:\\\/\\\/schweizversand.ch\\\/fr\\\/produkt\\\/nedis-bluetooth-lautsprecher-kabellos\\\/#primaryimage\",\"url\":\"https:\\\/\\\/schweizversand.ch\\\/wp-content\\\/uploads\\\/2026\\\/02\\\/5471696363.jpg\",\"contentUrl\":\"https:\\\/\\\/schweizversand.ch\\\/wp-content\\\/uploads\\\/2026\\\/02\\\/5471696363.jpg\",\"width\":1024,\"height\":572},{\"@type\":\"BreadcrumbList\",\"@id\":\"https:\\\/\\\/schweizversand.ch\\\/fr\\\/produkt\\\/nedis-bluetooth-lautsprecher-kabellos\\\/#breadcrumb\",\"itemListElement\":[{\"@type\":\"ListItem\",\"position\":1,\"name\":\"Startseite\",\"item\":\"https:\\\/\\\/schweizversand.ch\\\/fr\\\/home\\\/\"},{\"@type\":\"ListItem\",\"position\":2,\"name\":\"Boutique\",\"item\":\"https:\\\/\\\/schweizversand.ch\\\/fr\\\/boutique\\\/\"},{\"@type\":\"ListItem\",\"position\":3,\"name\":\"\u00c9lectronique\",\"item\":\"https:\\\/\\\/schweizversand.ch\\\/fr\\\/produkt-kategorie\\\/electronique\\\/\"},{\"@type\":\"ListItem\",\"position\":4,\"name\":\"Audio\",\"item\":\"https:\\\/\\\/schweizversand.ch\\\/fr\\\/produkt-kategorie\\\/electronique\\\/audio\\\/\"},{\"@type\":\"ListItem\",\"position\":5,\"name\":\"Haut-parleurs\",\"item\":\"https:\\\/\\\/schweizversand.ch\\\/fr\\\/produkt-kategorie\\\/electronique\\\/audio\\\/lautsprecher\\\/\"},{\"@type\":\"ListItem\",\"position\":6,\"name\":\"Enceinte Bluetooth sans fil Nedis\"}]},{\"@type\":\"WebSite\",\"@id\":\"https:\\\/\\\/schweizversand.ch\\\/fr\\\/#website\",\"url\":\"https:\\\/\\\/schweizversand.ch\\\/fr\\\/\",\"name\":\"Schweizer Shop f\u00fcr Sport, Spiel und Freizeit\",\"description\":\"Gratisversand ab 50.- (netto), ab eigenem schweizer Lager, Lieferung innert 48h\",\"publisher\":{\"@id\":\"https:\\\/\\\/schweizversand.ch\\\/fr\\\/#organization\"},\"alternateName\":\"Schweizversand.ch\",\"potentialAction\":[{\"@type\":\"SearchAction\",\"target\":{\"@type\":\"EntryPoint\",\"urlTemplate\":\"https:\\\/\\\/schweizversand.ch\\\/fr\\\/?s={search_term_string}\"},\"query-input\":{\"@type\":\"PropertyValueSpecification\",\"valueRequired\":true,\"valueName\":\"search_term_string\"}}],\"inLanguage\":\"fr-FR\"},{\"@type\":\"Organization\",\"@id\":\"https:\\\/\\\/schweizversand.ch\\\/fr\\\/#organization\",\"name\":\"Schweizversand.ch\",\"url\":\"https:\\\/\\\/schweizversand.ch\\\/fr\\\/\",\"logo\":{\"@type\":\"ImageObject\",\"inLanguage\":\"fr-FR\",\"@id\":\"https:\\\/\\\/schweizversand.ch\\\/fr\\\/#\\\/schema\\\/logo\\\/image\\\/\",\"url\":\"https:\\\/\\\/schweizversand.ch\\\/wp-content\\\/uploads\\\/2026\\\/03\\\/Logo_Rund_Final-1.png\",\"contentUrl\":\"https:\\\/\\\/schweizversand.ch\\\/wp-content\\\/uploads\\\/2026\\\/03\\\/Logo_Rund_Final-1.png\",\"width\":404,\"height\":404,\"caption\":\"Schweizversand.ch\"},\"image\":{\"@id\":\"https:\\\/\\\/schweizversand.ch\\\/fr\\\/#\\\/schema\\\/logo\\\/image\\\/\"},\"sameAs\":[\"https:\\\/\\\/www.facebook.com\\\/Schweizversand\",\"https:\\\/\\\/www.instagram.com\\\/schweizversand.ch\\\/\"]}]}<\/script>\n<!-- \/ Yoast SEO plugin. -->","yoast_head_json":{"title":"Nedis Bluetooth-Lautsprecher Kabellos | Jetzt kaufen | Schweizversand.ch","description":"Nedis Bluetooth-Lautsprecher Kabellos g\u00fcnstig kaufen bei Schweizversand.ch. Schnelle Lieferung in der Schweiz. Gratisversand ab CHF 50.","robots":{"index":"index","follow":"follow","max-snippet":"max-snippet:-1","max-image-preview":"max-image-preview:large","max-video-preview":"max-video-preview:-1"},"canonical":"https:\/\/schweizversand.ch\/fr\/produkt\/nedis-bluetooth-lautsprecher-kabellos\/","og_locale":"fr_FR","og_type":"article","og_title":"Nedis Bluetooth-Lautsprecher Kabellos | Jetzt kaufen | Schweizversand.ch","og_description":"Nedis Bluetooth-Lautsprecher Kabellos g\u00fcnstig kaufen bei Schweizversand.ch. Schnelle Lieferung in der Schweiz. Gratisversand ab CHF 50.","og_url":"https:\/\/schweizversand.ch\/fr\/produkt\/nedis-bluetooth-lautsprecher-kabellos\/","og_site_name":"Schweizer Shop f\u00fcr Sport, Spiel und Freizeit","article_publisher":"https:\/\/www.facebook.com\/Schweizversand","article_modified_time":"2026-04-19T00:04:27+00:00","og_image":[{"width":1024,"height":572,"url":"https:\/\/schweizversand.ch\/wp-content\/uploads\/2026\/02\/5471696363.jpg","type":"image\/jpeg"}],"twitter_card":"summary_large_image","twitter_misc":{"Dur\u00e9e de lecture estim\u00e9e":"1 minute"},"schema":{"@context":"https:\/\/schema.org","@graph":[{"@type":"WebPage","@id":"https:\/\/schweizversand.ch\/fr\/produkt\/nedis-bluetooth-lautsprecher-kabellos\/","url":"https:\/\/schweizversand.ch\/fr\/produkt\/nedis-bluetooth-lautsprecher-kabellos\/","name":"Nedis Bluetooth-Lautsprecher Kabellos | Jetzt kaufen | Schweizversand.ch","isPartOf":{"@id":"https:\/\/schweizversand.ch\/fr\/#website"},"primaryImageOfPage":{"@id":"https:\/\/schweizversand.ch\/fr\/produkt\/nedis-bluetooth-lautsprecher-kabellos\/#primaryimage"},"image":{"@id":"https:\/\/schweizversand.ch\/fr\/produkt\/nedis-bluetooth-lautsprecher-kabellos\/#primaryimage"},"thumbnailUrl":"https:\/\/schweizversand.ch\/wp-content\/uploads\/2026\/02\/5471696363.jpg","datePublished":"2026-03-14T23:55:43+00:00","dateModified":"2026-04-19T00:04:27+00:00","description":"Nedis Bluetooth-Lautsprecher Kabellos g\u00fcnstig kaufen bei Schweizversand.ch. Schnelle Lieferung in der Schweiz. Gratisversand ab CHF 50.","breadcrumb":{"@id":"https:\/\/schweizversand.ch\/fr\/produkt\/nedis-bluetooth-lautsprecher-kabellos\/#breadcrumb"},"inLanguage":"fr-FR","potentialAction":[{"@type":"ReadAction","target":["https:\/\/schweizversand.ch\/fr\/produkt\/nedis-bluetooth-lautsprecher-kabellos\/"]}]},{"@type":"ImageObject","inLanguage":"fr-FR","@id":"https:\/\/schweizversand.ch\/fr\/produkt\/nedis-bluetooth-lautsprecher-kabellos\/#primaryimage","url":"https:\/\/schweizversand.ch\/wp-content\/uploads\/2026\/02\/5471696363.jpg","contentUrl":"https:\/\/schweizversand.ch\/wp-content\/uploads\/2026\/02\/5471696363.jpg","width":1024,"height":572},{"@type":"BreadcrumbList","@id":"https:\/\/schweizversand.ch\/fr\/produkt\/nedis-bluetooth-lautsprecher-kabellos\/#breadcrumb","itemListElement":[{"@type":"ListItem","position":1,"name":"Startseite","item":"https:\/\/schweizversand.ch\/fr\/home\/"},{"@type":"ListItem","position":2,"name":"Boutique","item":"https:\/\/schweizversand.ch\/fr\/boutique\/"},{"@type":"ListItem","position":3,"name":"\u00c9lectronique","item":"https:\/\/schweizversand.ch\/fr\/produkt-kategorie\/electronique\/"},{"@type":"ListItem","position":4,"name":"Audio","item":"https:\/\/schweizversand.ch\/fr\/produkt-kategorie\/electronique\/audio\/"},{"@type":"ListItem","position":5,"name":"Haut-parleurs","item":"https:\/\/schweizversand.ch\/fr\/produkt-kategorie\/electronique\/audio\/lautsprecher\/"},{"@type":"ListItem","position":6,"name":"Enceinte Bluetooth sans fil Nedis"}]},{"@type":"WebSite","@id":"https:\/\/schweizversand.ch\/fr\/#website","url":"https:\/\/schweizversand.ch\/fr\/","name":"Schweizer Shop f\u00fcr Sport, Spiel und Freizeit","description":"Gratisversand ab 50.- (netto), ab eigenem schweizer Lager, Lieferung innert 48h","publisher":{"@id":"https:\/\/schweizversand.ch\/fr\/#organization"},"alternateName":"Schweizversand.ch","potentialAction":[{"@type":"SearchAction","target":{"@type":"EntryPoint","urlTemplate":"https:\/\/schweizversand.ch\/fr\/?s={search_term_string}"},"query-input":{"@type":"PropertyValueSpecification","valueRequired":true,"valueName":"search_term_string"}}],"inLanguage":"fr-FR"},{"@type":"Organization","@id":"https:\/\/schweizversand.ch\/fr\/#organization","name":"Schweizversand.ch","url":"https:\/\/schweizversand.ch\/fr\/","logo":{"@type":"ImageObject","inLanguage":"fr-FR","@id":"https:\/\/schweizversand.ch\/fr\/#\/schema\/logo\/image\/","url":"https:\/\/schweizversand.ch\/wp-content\/uploads\/2026\/03\/Logo_Rund_Final-1.png","contentUrl":"https:\/\/schweizversand.ch\/wp-content\/uploads\/2026\/03\/Logo_Rund_Final-1.png","width":404,"height":404,"caption":"Schweizversand.ch"},"image":{"@id":"https:\/\/schweizversand.ch\/fr\/#\/schema\/logo\/image\/"},"sameAs":["https:\/\/www.facebook.com\/Schweizversand","https:\/\/www.instagram.com\/schweizversand.ch\/"]}]}},"jetpack_sharing_enabled":true,"_links":{"self":[{"href":"https:\/\/schweizversand.ch\/fr\/wp-json\/wp\/v2\/product\/255134","targetHints":{"allow":["GET"]}}],"collection":[{"href":"https:\/\/schweizversand.ch\/fr\/wp-json\/wp\/v2\/product"}],"about":[{"href":"https:\/\/schweizversand.ch\/fr\/wp-json\/wp\/v2\/types\/product"}],"replies":[{"embeddable":true,"href":"https:\/\/schweizversand.ch\/fr\/wp-json\/wp\/v2\/comments?post=255134"}],"wp:featuredmedia":[{"embeddable":true,"href":"https:\/\/schweizversand.ch\/fr\/wp-json\/wp\/v2\/media\/160650"}],"wp:attachment":[{"href":"https:\/\/schweizversand.ch\/fr\/wp-json\/wp\/v2\/media?parent=255134"}],"wp:term":[{"taxonomy":"product_brand","embeddable":true,"href":"https:\/\/schweizversand.ch\/fr\/wp-json\/wp\/v2\/product_brand?post=255134"},{"taxonomy":"product_cat","embeddable":true,"href":"https:\/\/schweizversand.ch\/fr\/wp-json\/wp\/v2\/product_cat?post=255134"},{"taxonomy":"product_tag","embeddable":true,"href":"https:\/\/schweizversand.ch\/fr\/wp-json\/wp\/v2\/product_tag?post=255134"}],"curies":[{"name":"wp","href":"https:\/\/api.w.org\/{rel}","templated":true}]}}